{"id":29453,"date":"2026-04-23T10:34:20","date_gmt":"2026-04-23T10:34:20","guid":{"rendered":"https:\/\/lubeljoyeria.com\/?post_type=product&#038;p=29453"},"modified":"2026-04-23T10:34:20","modified_gmt":"2026-04-23T10:34:20","slug":"collar-salvatore-botanica-filigranas","status":"publish","type":"product","link":"https:\/\/lubeljoyeria.com\/?product=collar-salvatore-botanica-filigranas","title":{"rendered":"Collar Salvatore, Bot\u00e1nica Filigranas"},"content":{"rendered":"<p>Con esta colecci\u00f3n Salvatore\u00a0juega con la\u00a0<strong>textura Mesh<\/strong>, una malla sutil que refuerza la idea de trama natural y a\u00f1ade un matiz contempor\u00e1neo a las superficies, evocando la arquitectura textil asociada a la propia seda.<\/p>\n<p>Tama\u00f1o:60+3CM<\/p>\n<p>Material: Plata de Primera Ley (925) y ba\u00f1o de oro<\/p>\n","protected":false},"excerpt":{"rendered":"<p>Con esta colecci\u00f3n Salvatore\u00a0juega con la\u00a0<strong>textura Mesh<\/strong>, una malla sutil que refuerza la idea de trama natural y a\u00f1ade un matiz contempor\u00e1neo a las superficies, evocando la arquitectura textil asociada a la propia seda.<\/p>\n<p>Tama\u00f1o:60+3CM<\/p>\n<p>Material: Plata de Primera Ley (925) y ba\u00f1o de oro<\/p>\n","protected":false},"featured_media":29455,"template":"","meta":{"_joinchat":[]},"product_brand":[1439],"product_cat":[1485,1513],"product_tag":[],"class_list":{"0":"post-29453","1":"product","2":"type-product","3":"status-publish","4":"has-post-thumbnail","6":"product_brand-salvatore-plata","7":"product_cat-salvatore-plata","8":"product_cat-collares-salvatore-plata","9":"sales-flash-overlay","10":"woocommerce-text-align-center","11":"woocommerce-image-align-center","12":"do-quantity-buttons","13":"wc-has-gallery","15":"first","16":"instock","17":"taxable","18":"shipping-taxable","19":"purchasable","20":"product-type-simple"},"yoast_head":"<!-- This site is optimized with the Yoast SEO Premium plugin v22.5 (Yoast SEO v26.5) - https:\/\/yoast.com\/wordpress\/plugins\/seo\/ -->\n<title>Collar Salvatore, Bot\u00e1nica Filigranas - Distribuidor Oficial Salvatore<\/title>\n<meta name=\"description\" content=\"Con esta colecci\u00f3n Salvatore\u00a0juega con la\u00a0textura Mesh, evocando la arquitectura textil asociada a la propia seda. Colecci\u00f3n Bot\u00e1nica.\" \/>\n<meta name=\"robots\" content=\"index, follow, max-snippet:-1, max-image-preview:large, max-video-preview:-1\" \/>\n<link rel=\"canonical\" href=\"https:\/\/lubeljoyeria.com\/?product=collar-salvatore-botanica-filigranas\" \/>\n<meta property=\"og:locale\" content=\"es_ES\" \/>\n<meta property=\"og:type\" content=\"article\" \/>\n<meta property=\"og:title\" content=\"Collar Salvatore, Bot\u00e1nica Filigranas\" \/>\n<meta property=\"og:description\" content=\"Con esta colecci\u00f3n Salvatore\u00a0juega con la\u00a0textura Mesh, evocando la arquitectura textil asociada a la propia seda. Colecci\u00f3n Bot\u00e1nica.\" \/>\n<meta property=\"og:url\" content=\"https:\/\/lubeljoyeria.com\/?product=collar-salvatore-botanica-filigranas\" \/>\n<meta property=\"og:site_name\" content=\"Lubel joyeria. Joyeria en Plata . Distribuidor oficial de Swarovski. - Lubel\" \/>\n<meta property=\"og:image\" content=\"https:\/\/lubeljoyeria.com\/wp-content\/uploads\/2026\/04\/239c0014.jpg\" \/>\n\t<meta property=\"og:image:width\" content=\"1536\" \/>\n\t<meta property=\"og:image:height\" content=\"1536\" \/>\n\t<meta property=\"og:image:type\" content=\"image\/jpeg\" \/>\n<meta name=\"twitter:card\" content=\"summary_large_image\" \/>\n<meta name=\"twitter:label1\" content=\"Tiempo de lectura\" \/>\n\t<meta name=\"twitter:data1\" content=\"1 minuto\" \/>\n<script type=\"application\/ld+json\" class=\"yoast-schema-graph\">{\"@context\":\"https:\/\/schema.org\",\"@graph\":[{\"@type\":\"WebPage\",\"@id\":\"https:\/\/lubeljoyeria.com\/?product=collar-salvatore-botanica-filigranas\",\"url\":\"https:\/\/lubeljoyeria.com\/?product=collar-salvatore-botanica-filigranas\",\"name\":\"Collar Salvatore, Bot\u00e1nica Filigranas - Distribuidor Oficial Salvatore\",\"isPartOf\":{\"@id\":\"https:\/\/lubeljoyeria.com\/#website\"},\"primaryImageOfPage\":{\"@id\":\"https:\/\/lubeljoyeria.com\/?product=collar-salvatore-botanica-filigranas#primaryimage\"},\"image\":{\"@id\":\"https:\/\/lubeljoyeria.com\/?product=collar-salvatore-botanica-filigranas#primaryimage\"},\"thumbnailUrl\":\"https:\/\/lubeljoyeria.com\/wp-content\/uploads\/2026\/04\/239c0014.jpg\",\"datePublished\":\"2026-04-23T10:34:20+00:00\",\"description\":\"Con esta colecci\u00f3n Salvatore\u00a0juega con la\u00a0textura Mesh, evocando la arquitectura textil asociada a la propia seda. Colecci\u00f3n Bot\u00e1nica.\",\"breadcrumb\":{\"@id\":\"https:\/\/lubeljoyeria.com\/?product=collar-salvatore-botanica-filigranas#breadcrumb\"},\"inLanguage\":\"es\",\"potentialAction\":[{\"@type\":\"ReadAction\",\"target\":[\"https:\/\/lubeljoyeria.com\/?product=collar-salvatore-botanica-filigranas\"]}]},{\"@type\":\"ImageObject\",\"inLanguage\":\"es\",\"@id\":\"https:\/\/lubeljoyeria.com\/?product=collar-salvatore-botanica-filigranas#primaryimage\",\"url\":\"https:\/\/lubeljoyeria.com\/wp-content\/uploads\/2026\/04\/239c0014.jpg\",\"contentUrl\":\"https:\/\/lubeljoyeria.com\/wp-content\/uploads\/2026\/04\/239c0014.jpg\",\"width\":1536,\"height\":1536,\"caption\":\"Con esta colecci\u00f3n Salvatore\u00a0juega con la\u00a0textura Mesh, una malla sutil que refuerza la idea de trama natural y a\u00f1ade un matiz contempor\u00e1neo a las superficies, evocando la arquitectura textil asociada a la propia seda. Tama\u00f1o:60+3CM Material: Plata de Primera Ley (925) y ba\u00f1o de oro\"},{\"@type\":\"BreadcrumbList\",\"@id\":\"https:\/\/lubeljoyeria.com\/?product=collar-salvatore-botanica-filigranas#breadcrumb\",\"itemListElement\":[{\"@type\":\"ListItem\",\"position\":1,\"name\":\"Home\",\"item\":\"https:\/\/lubeljoyeria.com\/\"},{\"@type\":\"ListItem\",\"position\":2,\"name\":\"Tienda\",\"item\":\"https:\/\/lubeljoyeria.com\/?page_id=6\"},{\"@type\":\"ListItem\",\"position\":3,\"name\":\"Collar Salvatore, Bot\u00e1nica Filigranas\"}]},{\"@type\":\"WebSite\",\"@id\":\"https:\/\/lubeljoyeria.com\/#website\",\"url\":\"https:\/\/lubeljoyeria.com\/\",\"name\":\"Lubel joyeria. Joyeria en Plata . Distribuidor oficial de Swarovski. - Lubel\",\"description\":\"Lubel joyeria. Joyeria en Plata . Distribuidor oficial de Swarovski. - Lubel\",\"publisher\":{\"@id\":\"https:\/\/lubeljoyeria.com\/#organization\"},\"potentialAction\":[{\"@type\":\"SearchAction\",\"target\":{\"@type\":\"EntryPoint\",\"urlTemplate\":\"https:\/\/lubeljoyeria.com\/?s={search_term_string}\"},\"query-input\":{\"@type\":\"PropertyValueSpecification\",\"valueRequired\":true,\"valueName\":\"search_term_string\"}}],\"inLanguage\":\"es\"},{\"@type\":\"Organization\",\"@id\":\"https:\/\/lubeljoyeria.com\/#organization\",\"name\":\"Lubel joyeria. Joyeria en Plata . Distribuidor oficial de Swarovski. - Lubel\",\"url\":\"https:\/\/lubeljoyeria.com\/\",\"logo\":{\"@type\":\"ImageObject\",\"inLanguage\":\"es\",\"@id\":\"https:\/\/lubeljoyeria.com\/#\/schema\/logo\/image\/\",\"url\":\"https:\/\/lubeljoyeria.com\/wp-content\/uploads\/2020\/10\/lubel-joyeria-logo-1543825573-1.png\",\"contentUrl\":\"https:\/\/lubeljoyeria.com\/wp-content\/uploads\/2020\/10\/lubel-joyeria-logo-1543825573-1.png\",\"width\":135,\"height\":31,\"caption\":\"Lubel joyeria. Joyeria en Plata . Distribuidor oficial de Swarovski. - Lubel\"},\"image\":{\"@id\":\"https:\/\/lubeljoyeria.com\/#\/schema\/logo\/image\/\"}}]}<\/script>\n<!-- \/ Yoast SEO Premium plugin. -->","yoast_head_json":{"title":"Collar Salvatore, Bot\u00e1nica Filigranas - Distribuidor Oficial Salvatore","description":"Con esta colecci\u00f3n Salvatore\u00a0juega con la\u00a0textura Mesh, evocando la arquitectura textil asociada a la propia seda. Colecci\u00f3n Bot\u00e1nica.","robots":{"index":"index","follow":"follow","max-snippet":"max-snippet:-1","max-image-preview":"max-image-preview:large","max-video-preview":"max-video-preview:-1"},"canonical":"https:\/\/lubeljoyeria.com\/?product=collar-salvatore-botanica-filigranas","og_locale":"es_ES","og_type":"article","og_title":"Collar Salvatore, Bot\u00e1nica Filigranas","og_description":"Con esta colecci\u00f3n Salvatore\u00a0juega con la\u00a0textura Mesh, evocando la arquitectura textil asociada a la propia seda. Colecci\u00f3n Bot\u00e1nica.","og_url":"https:\/\/lubeljoyeria.com\/?product=collar-salvatore-botanica-filigranas","og_site_name":"Lubel joyeria. Joyeria en Plata . Distribuidor oficial de Swarovski. - Lubel","og_image":[{"width":1536,"height":1536,"url":"https:\/\/lubeljoyeria.com\/wp-content\/uploads\/2026\/04\/239c0014.jpg","type":"image\/jpeg"}],"twitter_card":"summary_large_image","twitter_misc":{"Tiempo de lectura":"1 minuto"},"schema":{"@context":"https:\/\/schema.org","@graph":[{"@type":"WebPage","@id":"https:\/\/lubeljoyeria.com\/?product=collar-salvatore-botanica-filigranas","url":"https:\/\/lubeljoyeria.com\/?product=collar-salvatore-botanica-filigranas","name":"Collar Salvatore, Bot\u00e1nica Filigranas - Distribuidor Oficial Salvatore","isPartOf":{"@id":"https:\/\/lubeljoyeria.com\/#website"},"primaryImageOfPage":{"@id":"https:\/\/lubeljoyeria.com\/?product=collar-salvatore-botanica-filigranas#primaryimage"},"image":{"@id":"https:\/\/lubeljoyeria.com\/?product=collar-salvatore-botanica-filigranas#primaryimage"},"thumbnailUrl":"https:\/\/lubeljoyeria.com\/wp-content\/uploads\/2026\/04\/239c0014.jpg","datePublished":"2026-04-23T10:34:20+00:00","description":"Con esta colecci\u00f3n Salvatore\u00a0juega con la\u00a0textura Mesh, evocando la arquitectura textil asociada a la propia seda. Colecci\u00f3n Bot\u00e1nica.","breadcrumb":{"@id":"https:\/\/lubeljoyeria.com\/?product=collar-salvatore-botanica-filigranas#breadcrumb"},"inLanguage":"es","potentialAction":[{"@type":"ReadAction","target":["https:\/\/lubeljoyeria.com\/?product=collar-salvatore-botanica-filigranas"]}]},{"@type":"ImageObject","inLanguage":"es","@id":"https:\/\/lubeljoyeria.com\/?product=collar-salvatore-botanica-filigranas#primaryimage","url":"https:\/\/lubeljoyeria.com\/wp-content\/uploads\/2026\/04\/239c0014.jpg","contentUrl":"https:\/\/lubeljoyeria.com\/wp-content\/uploads\/2026\/04\/239c0014.jpg","width":1536,"height":1536,"caption":"Con esta colecci\u00f3n Salvatore\u00a0juega con la\u00a0textura Mesh, una malla sutil que refuerza la idea de trama natural y a\u00f1ade un matiz contempor\u00e1neo a las superficies, evocando la arquitectura textil asociada a la propia seda. Tama\u00f1o:60+3CM Material: Plata de Primera Ley (925) y ba\u00f1o de oro"},{"@type":"BreadcrumbList","@id":"https:\/\/lubeljoyeria.com\/?product=collar-salvatore-botanica-filigranas#breadcrumb","itemListElement":[{"@type":"ListItem","position":1,"name":"Home","item":"https:\/\/lubeljoyeria.com\/"},{"@type":"ListItem","position":2,"name":"Tienda","item":"https:\/\/lubeljoyeria.com\/?page_id=6"},{"@type":"ListItem","position":3,"name":"Collar Salvatore, Bot\u00e1nica Filigranas"}]},{"@type":"WebSite","@id":"https:\/\/lubeljoyeria.com\/#website","url":"https:\/\/lubeljoyeria.com\/","name":"Lubel joyeria. Joyeria en Plata . Distribuidor oficial de Swarovski. - Lubel","description":"Lubel joyeria. Joyeria en Plata . Distribuidor oficial de Swarovski. - Lubel","publisher":{"@id":"https:\/\/lubeljoyeria.com\/#organization"},"potentialAction":[{"@type":"SearchAction","target":{"@type":"EntryPoint","urlTemplate":"https:\/\/lubeljoyeria.com\/?s={search_term_string}"},"query-input":{"@type":"PropertyValueSpecification","valueRequired":true,"valueName":"search_term_string"}}],"inLanguage":"es"},{"@type":"Organization","@id":"https:\/\/lubeljoyeria.com\/#organization","name":"Lubel joyeria. Joyeria en Plata . Distribuidor oficial de Swarovski. - Lubel","url":"https:\/\/lubeljoyeria.com\/","logo":{"@type":"ImageObject","inLanguage":"es","@id":"https:\/\/lubeljoyeria.com\/#\/schema\/logo\/image\/","url":"https:\/\/lubeljoyeria.com\/wp-content\/uploads\/2020\/10\/lubel-joyeria-logo-1543825573-1.png","contentUrl":"https:\/\/lubeljoyeria.com\/wp-content\/uploads\/2020\/10\/lubel-joyeria-logo-1543825573-1.png","width":135,"height":31,"caption":"Lubel joyeria. Joyeria en Plata . Distribuidor oficial de Swarovski. - Lubel"},"image":{"@id":"https:\/\/lubeljoyeria.com\/#\/schema\/logo\/image\/"}}]}},"_links":{"self":[{"href":"https:\/\/lubeljoyeria.com\/index.php?rest_route=\/wp\/v2\/product\/29453","targetHints":{"allow":["GET"]}}],"collection":[{"href":"https:\/\/lubeljoyeria.com\/index.php?rest_route=\/wp\/v2\/product"}],"about":[{"href":"https:\/\/lubeljoyeria.com\/index.php?rest_route=\/wp\/v2\/types\/product"}],"wp:featuredmedia":[{"embeddable":true,"href":"https:\/\/lubeljoyeria.com\/index.php?rest_route=\/wp\/v2\/media\/29455"}],"wp:attachment":[{"href":"https:\/\/lubeljoyeria.com\/index.php?rest_route=%2Fwp%2Fv2%2Fmedia&parent=29453"}],"wp:term":[{"taxonomy":"product_brand","embeddable":true,"href":"https:\/\/lubeljoyeria.com\/index.php?rest_route=%2Fwp%2Fv2%2Fproduct_brand&post=29453"},{"taxonomy":"product_cat","embeddable":true,"href":"https:\/\/lubeljoyeria.com\/index.php?rest_route=%2Fwp%2Fv2%2Fproduct_cat&post=29453"},{"taxonomy":"product_tag","embeddable":true,"href":"https:\/\/lubeljoyeria.com\/index.php?rest_route=%2Fwp%2Fv2%2Fproduct_tag&post=29453"}],"curies":[{"name":"wp","href":"https:\/\/api.w.org\/{rel}","templated":true}]}}