{"id":29315,"date":"2026-03-24T10:12:49","date_gmt":"2026-03-24T10:12:49","guid":{"rendered":"https:\/\/lubeljoyeria.com\/?post_type=product&#038;p=29315"},"modified":"2026-03-24T10:12:50","modified_gmt":"2026-03-24T10:12:50","slug":"conjunto-swarovski-ariana-grande-margaritas","status":"publish","type":"product","link":"https:\/\/lubeljoyeria.com\/?product=conjunto-swarovski-ariana-grande-margaritas","title":{"rendered":"Conjunto Swarovski, Ariana Grande Margaritas"},"content":{"rendered":"<p>Este conjunto de accesorios, dise\u00f1ado para un lujo discreto, combina un radiante par de pendientes de bot\u00f3n con un colgante ba\u00f1ado en rodio. Cada pieza representa una delicada flor, elaborada con un cristal central y p\u00e9talos adornados en resplandeciente pav\u00e9, lo que ofrece una combinaci\u00f3n llena de luz para hacer brillar cualquier atuendo.<\/p>\n<p>Tama\u00f1o:<\/p>\n<ul>\n<li>Largo del collar: 38 &#8211; 45 cm<\/li>\n<li>Tama\u00f1o del motivo: 1.1 x 1.1 cm<\/li>\n<li>Pendientes: 1.1 x 1.1 cm<\/li>\n<\/ul>\n<p>Material: Ba\u00f1o de rodio, cristales y perla de cristal<\/p>\n","protected":false},"excerpt":{"rendered":"<p>Este conjunto de accesorios, dise\u00f1ado para un lujo discreto, combina un radiante par de pendientes de bot\u00f3n con un colgante ba\u00f1ado en rodio. Cada pieza representa una delicada flor, elaborada con un cristal central y p\u00e9talos adornados en resplandeciente pav\u00e9, lo que ofrece una combinaci\u00f3n llena de luz para hacer brillar cualquier atuendo.<\/p>\n<p>Tama\u00f1o:<\/p>\n<ul>\n<li>Largo del collar: 38 &#8211; 45 cm<\/li>\n<li>Tama\u00f1o del motivo: 1.1 x 1.1 cm<\/li>\n<li>Pendientes: 1.1 x 1.1 cm<\/li>\n<\/ul>\n<p>Material: Ba\u00f1o de rodio, cristales y perla de cristal<\/p>\n","protected":false},"featured_media":29317,"template":"","meta":{"_joinchat":[]},"product_brand":[1437],"product_cat":[1463,1464,1470,1527],"product_tag":[],"class_list":{"0":"post-29315","1":"product","2":"type-product","3":"status-publish","4":"has-post-thumbnail","6":"product_brand-swarovski","7":"product_cat-inicio","8":"product_cat-principal","9":"product_cat-swarovski","10":"product_cat-conjuntos","11":"sales-flash-overlay","12":"woocommerce-text-align-center","13":"woocommerce-image-align-center","14":"do-quantity-buttons","15":"wc-has-gallery","17":"first","18":"instock","19":"taxable","20":"shipping-taxable","21":"purchasable","22":"product-type-simple"},"yoast_head":"<!-- This site is optimized with the Yoast SEO Premium plugin v22.5 (Yoast SEO v26.5) - https:\/\/yoast.com\/wordpress\/plugins\/seo\/ -->\n<title>Conjunto Swarovski, Ariana Grande Margaritas - Distribuidor Oficial Swarovski<\/title>\n<meta name=\"description\" content=\"Cada pieza representa una delicada flor, elaborada con un cristal central y p\u00e9talos adornados en resplandeciente pav\u00e9. Con perlas de cristal.\" \/>\n<meta name=\"robots\" content=\"index, follow, max-snippet:-1, max-image-preview:large, max-video-preview:-1\" \/>\n<link rel=\"canonical\" href=\"https:\/\/lubeljoyeria.com\/?product=conjunto-swarovski-ariana-grande-margaritas\" \/>\n<meta property=\"og:locale\" content=\"es_ES\" \/>\n<meta property=\"og:type\" content=\"article\" \/>\n<meta property=\"og:title\" content=\"Conjunto Swarovski, Ariana Grande Margaritas\" \/>\n<meta property=\"og:description\" content=\"Cada pieza representa una delicada flor, elaborada con un cristal central y p\u00e9talos adornados en resplandeciente pav\u00e9. Con perlas de cristal.\" \/>\n<meta property=\"og:url\" content=\"https:\/\/lubeljoyeria.com\/?product=conjunto-swarovski-ariana-grande-margaritas\" \/>\n<meta property=\"og:site_name\" content=\"Lubel joyeria. Joyeria en Plata . Distribuidor oficial de Swarovski. - Lubel\" \/>\n<meta property=\"article:modified_time\" content=\"2026-03-24T10:12:50+00:00\" \/>\n<meta property=\"og:image\" content=\"https:\/\/lubeljoyeria.com\/wp-content\/uploads\/2026\/03\/Screenshot_1-5.jpg\" \/>\n\t<meta property=\"og:image:width\" content=\"619\" \/>\n\t<meta property=\"og:image:height\" content=\"604\" \/>\n\t<meta property=\"og:image:type\" content=\"image\/jpeg\" \/>\n<meta name=\"twitter:card\" content=\"summary_large_image\" \/>\n<meta name=\"twitter:label1\" content=\"Tiempo de lectura\" \/>\n\t<meta name=\"twitter:data1\" content=\"1 minuto\" \/>\n<script type=\"application\/ld+json\" class=\"yoast-schema-graph\">{\"@context\":\"https:\/\/schema.org\",\"@graph\":[{\"@type\":\"WebPage\",\"@id\":\"https:\/\/lubeljoyeria.com\/?product=conjunto-swarovski-ariana-grande-margaritas\",\"url\":\"https:\/\/lubeljoyeria.com\/?product=conjunto-swarovski-ariana-grande-margaritas\",\"name\":\"Conjunto Swarovski, Ariana Grande Margaritas - Distribuidor Oficial Swarovski\",\"isPartOf\":{\"@id\":\"https:\/\/lubeljoyeria.com\/#website\"},\"primaryImageOfPage\":{\"@id\":\"https:\/\/lubeljoyeria.com\/?product=conjunto-swarovski-ariana-grande-margaritas#primaryimage\"},\"image\":{\"@id\":\"https:\/\/lubeljoyeria.com\/?product=conjunto-swarovski-ariana-grande-margaritas#primaryimage\"},\"thumbnailUrl\":\"https:\/\/lubeljoyeria.com\/wp-content\/uploads\/2026\/03\/Screenshot_1-5.jpg\",\"datePublished\":\"2026-03-24T10:12:49+00:00\",\"dateModified\":\"2026-03-24T10:12:50+00:00\",\"description\":\"Cada pieza representa una delicada flor, elaborada con un cristal central y p\u00e9talos adornados en resplandeciente pav\u00e9. Con perlas de cristal.\",\"breadcrumb\":{\"@id\":\"https:\/\/lubeljoyeria.com\/?product=conjunto-swarovski-ariana-grande-margaritas#breadcrumb\"},\"inLanguage\":\"es\",\"potentialAction\":[{\"@type\":\"ReadAction\",\"target\":[\"https:\/\/lubeljoyeria.com\/?product=conjunto-swarovski-ariana-grande-margaritas\"]}]},{\"@type\":\"ImageObject\",\"inLanguage\":\"es\",\"@id\":\"https:\/\/lubeljoyeria.com\/?product=conjunto-swarovski-ariana-grande-margaritas#primaryimage\",\"url\":\"https:\/\/lubeljoyeria.com\/wp-content\/uploads\/2026\/03\/Screenshot_1-5.jpg\",\"contentUrl\":\"https:\/\/lubeljoyeria.com\/wp-content\/uploads\/2026\/03\/Screenshot_1-5.jpg\",\"width\":619,\"height\":604,\"caption\":\"Este conjunto de accesorios, dise\u00f1ado para un lujo discreto, combina un radiante par de pendientes de bot\u00f3n con un colgante ba\u00f1ado en rodio. Cada pieza representa una delicada flor, elaborada con un cristal central y p\u00e9talos adornados en resplandeciente pav\u00e9, lo que ofrece una combinaci\u00f3n llena de luz para hacer brillar cualquier atuendo. Tama\u00f1o:\u00a0 Largo del collar: 38 - 45 cm Tama\u00f1o del motivo: 1.1 x 1.1 cm Pendientes: 1.1 x 1.1 cm Material: Ba\u00f1o de rodio, cristales y perla de cristal\"},{\"@type\":\"BreadcrumbList\",\"@id\":\"https:\/\/lubeljoyeria.com\/?product=conjunto-swarovski-ariana-grande-margaritas#breadcrumb\",\"itemListElement\":[{\"@type\":\"ListItem\",\"position\":1,\"name\":\"Home\",\"item\":\"https:\/\/lubeljoyeria.com\/\"},{\"@type\":\"ListItem\",\"position\":2,\"name\":\"Tienda\",\"item\":\"https:\/\/lubeljoyeria.com\/?page_id=6\"},{\"@type\":\"ListItem\",\"position\":3,\"name\":\"Conjunto Swarovski, Ariana Grande Margaritas\"}]},{\"@type\":\"WebSite\",\"@id\":\"https:\/\/lubeljoyeria.com\/#website\",\"url\":\"https:\/\/lubeljoyeria.com\/\",\"name\":\"Lubel joyeria. Joyeria en Plata . Distribuidor oficial de Swarovski. - Lubel\",\"description\":\"Lubel joyeria. Joyeria en Plata . Distribuidor oficial de Swarovski. - Lubel\",\"publisher\":{\"@id\":\"https:\/\/lubeljoyeria.com\/#organization\"},\"potentialAction\":[{\"@type\":\"SearchAction\",\"target\":{\"@type\":\"EntryPoint\",\"urlTemplate\":\"https:\/\/lubeljoyeria.com\/?s={search_term_string}\"},\"query-input\":{\"@type\":\"PropertyValueSpecification\",\"valueRequired\":true,\"valueName\":\"search_term_string\"}}],\"inLanguage\":\"es\"},{\"@type\":\"Organization\",\"@id\":\"https:\/\/lubeljoyeria.com\/#organization\",\"name\":\"Lubel joyeria. Joyeria en Plata . Distribuidor oficial de Swarovski. - Lubel\",\"url\":\"https:\/\/lubeljoyeria.com\/\",\"logo\":{\"@type\":\"ImageObject\",\"inLanguage\":\"es\",\"@id\":\"https:\/\/lubeljoyeria.com\/#\/schema\/logo\/image\/\",\"url\":\"https:\/\/lubeljoyeria.com\/wp-content\/uploads\/2020\/10\/lubel-joyeria-logo-1543825573-1.png\",\"contentUrl\":\"https:\/\/lubeljoyeria.com\/wp-content\/uploads\/2020\/10\/lubel-joyeria-logo-1543825573-1.png\",\"width\":135,\"height\":31,\"caption\":\"Lubel joyeria. Joyeria en Plata . Distribuidor oficial de Swarovski. - Lubel\"},\"image\":{\"@id\":\"https:\/\/lubeljoyeria.com\/#\/schema\/logo\/image\/\"}}]}<\/script>\n<!-- \/ Yoast SEO Premium plugin. -->","yoast_head_json":{"title":"Conjunto Swarovski, Ariana Grande Margaritas - Distribuidor Oficial Swarovski","description":"Cada pieza representa una delicada flor, elaborada con un cristal central y p\u00e9talos adornados en resplandeciente pav\u00e9. Con perlas de cristal.","robots":{"index":"index","follow":"follow","max-snippet":"max-snippet:-1","max-image-preview":"max-image-preview:large","max-video-preview":"max-video-preview:-1"},"canonical":"https:\/\/lubeljoyeria.com\/?product=conjunto-swarovski-ariana-grande-margaritas","og_locale":"es_ES","og_type":"article","og_title":"Conjunto Swarovski, Ariana Grande Margaritas","og_description":"Cada pieza representa una delicada flor, elaborada con un cristal central y p\u00e9talos adornados en resplandeciente pav\u00e9. Con perlas de cristal.","og_url":"https:\/\/lubeljoyeria.com\/?product=conjunto-swarovski-ariana-grande-margaritas","og_site_name":"Lubel joyeria. Joyeria en Plata . Distribuidor oficial de Swarovski. - Lubel","article_modified_time":"2026-03-24T10:12:50+00:00","og_image":[{"width":619,"height":604,"url":"https:\/\/lubeljoyeria.com\/wp-content\/uploads\/2026\/03\/Screenshot_1-5.jpg","type":"image\/jpeg"}],"twitter_card":"summary_large_image","twitter_misc":{"Tiempo de lectura":"1 minuto"},"schema":{"@context":"https:\/\/schema.org","@graph":[{"@type":"WebPage","@id":"https:\/\/lubeljoyeria.com\/?product=conjunto-swarovski-ariana-grande-margaritas","url":"https:\/\/lubeljoyeria.com\/?product=conjunto-swarovski-ariana-grande-margaritas","name":"Conjunto Swarovski, Ariana Grande Margaritas - Distribuidor Oficial Swarovski","isPartOf":{"@id":"https:\/\/lubeljoyeria.com\/#website"},"primaryImageOfPage":{"@id":"https:\/\/lubeljoyeria.com\/?product=conjunto-swarovski-ariana-grande-margaritas#primaryimage"},"image":{"@id":"https:\/\/lubeljoyeria.com\/?product=conjunto-swarovski-ariana-grande-margaritas#primaryimage"},"thumbnailUrl":"https:\/\/lubeljoyeria.com\/wp-content\/uploads\/2026\/03\/Screenshot_1-5.jpg","datePublished":"2026-03-24T10:12:49+00:00","dateModified":"2026-03-24T10:12:50+00:00","description":"Cada pieza representa una delicada flor, elaborada con un cristal central y p\u00e9talos adornados en resplandeciente pav\u00e9. Con perlas de cristal.","breadcrumb":{"@id":"https:\/\/lubeljoyeria.com\/?product=conjunto-swarovski-ariana-grande-margaritas#breadcrumb"},"inLanguage":"es","potentialAction":[{"@type":"ReadAction","target":["https:\/\/lubeljoyeria.com\/?product=conjunto-swarovski-ariana-grande-margaritas"]}]},{"@type":"ImageObject","inLanguage":"es","@id":"https:\/\/lubeljoyeria.com\/?product=conjunto-swarovski-ariana-grande-margaritas#primaryimage","url":"https:\/\/lubeljoyeria.com\/wp-content\/uploads\/2026\/03\/Screenshot_1-5.jpg","contentUrl":"https:\/\/lubeljoyeria.com\/wp-content\/uploads\/2026\/03\/Screenshot_1-5.jpg","width":619,"height":604,"caption":"Este conjunto de accesorios, dise\u00f1ado para un lujo discreto, combina un radiante par de pendientes de bot\u00f3n con un colgante ba\u00f1ado en rodio. Cada pieza representa una delicada flor, elaborada con un cristal central y p\u00e9talos adornados en resplandeciente pav\u00e9, lo que ofrece una combinaci\u00f3n llena de luz para hacer brillar cualquier atuendo. Tama\u00f1o:\u00a0 Largo del collar: 38 - 45 cm Tama\u00f1o del motivo: 1.1 x 1.1 cm Pendientes: 1.1 x 1.1 cm Material: Ba\u00f1o de rodio, cristales y perla de cristal"},{"@type":"BreadcrumbList","@id":"https:\/\/lubeljoyeria.com\/?product=conjunto-swarovski-ariana-grande-margaritas#breadcrumb","itemListElement":[{"@type":"ListItem","position":1,"name":"Home","item":"https:\/\/lubeljoyeria.com\/"},{"@type":"ListItem","position":2,"name":"Tienda","item":"https:\/\/lubeljoyeria.com\/?page_id=6"},{"@type":"ListItem","position":3,"name":"Conjunto Swarovski, Ariana Grande Margaritas"}]},{"@type":"WebSite","@id":"https:\/\/lubeljoyeria.com\/#website","url":"https:\/\/lubeljoyeria.com\/","name":"Lubel joyeria. Joyeria en Plata . Distribuidor oficial de Swarovski. - Lubel","description":"Lubel joyeria. Joyeria en Plata . Distribuidor oficial de Swarovski. - Lubel","publisher":{"@id":"https:\/\/lubeljoyeria.com\/#organization"},"potentialAction":[{"@type":"SearchAction","target":{"@type":"EntryPoint","urlTemplate":"https:\/\/lubeljoyeria.com\/?s={search_term_string}"},"query-input":{"@type":"PropertyValueSpecification","valueRequired":true,"valueName":"search_term_string"}}],"inLanguage":"es"},{"@type":"Organization","@id":"https:\/\/lubeljoyeria.com\/#organization","name":"Lubel joyeria. Joyeria en Plata . Distribuidor oficial de Swarovski. - Lubel","url":"https:\/\/lubeljoyeria.com\/","logo":{"@type":"ImageObject","inLanguage":"es","@id":"https:\/\/lubeljoyeria.com\/#\/schema\/logo\/image\/","url":"https:\/\/lubeljoyeria.com\/wp-content\/uploads\/2020\/10\/lubel-joyeria-logo-1543825573-1.png","contentUrl":"https:\/\/lubeljoyeria.com\/wp-content\/uploads\/2020\/10\/lubel-joyeria-logo-1543825573-1.png","width":135,"height":31,"caption":"Lubel joyeria. Joyeria en Plata . Distribuidor oficial de Swarovski. - Lubel"},"image":{"@id":"https:\/\/lubeljoyeria.com\/#\/schema\/logo\/image\/"}}]}},"_links":{"self":[{"href":"https:\/\/lubeljoyeria.com\/index.php?rest_route=\/wp\/v2\/product\/29315","targetHints":{"allow":["GET"]}}],"collection":[{"href":"https:\/\/lubeljoyeria.com\/index.php?rest_route=\/wp\/v2\/product"}],"about":[{"href":"https:\/\/lubeljoyeria.com\/index.php?rest_route=\/wp\/v2\/types\/product"}],"wp:featuredmedia":[{"embeddable":true,"href":"https:\/\/lubeljoyeria.com\/index.php?rest_route=\/wp\/v2\/media\/29317"}],"wp:attachment":[{"href":"https:\/\/lubeljoyeria.com\/index.php?rest_route=%2Fwp%2Fv2%2Fmedia&parent=29315"}],"wp:term":[{"taxonomy":"product_brand","embeddable":true,"href":"https:\/\/lubeljoyeria.com\/index.php?rest_route=%2Fwp%2Fv2%2Fproduct_brand&post=29315"},{"taxonomy":"product_cat","embeddable":true,"href":"https:\/\/lubeljoyeria.com\/index.php?rest_route=%2Fwp%2Fv2%2Fproduct_cat&post=29315"},{"taxonomy":"product_tag","embeddable":true,"href":"https:\/\/lubeljoyeria.com\/index.php?rest_route=%2Fwp%2Fv2%2Fproduct_tag&post=29315"}],"curies":[{"name":"wp","href":"https:\/\/api.w.org\/{rel}","templated":true}]}}