{"id":29255,"date":"2026-02-27T10:26:50","date_gmt":"2026-02-27T10:26:50","guid":{"rendered":"https:\/\/lubeljoyeria.com\/?post_type=product&#038;p=29255"},"modified":"2026-02-27T10:26:51","modified_gmt":"2026-02-27T10:26:51","slug":"conjunto-swarovski-una-angelic-oro","status":"publish","type":"product","link":"https:\/\/lubeljoyeria.com\/?product=conjunto-swarovski-una-angelic-oro","title":{"rendered":"Conjunto Swarovski, Una Angelic Oro"},"content":{"rendered":"<p>Este conjunto ba\u00f1ado en oro, creado para brillar, armoniza el lujo en todo tu estilo. Cada pieza presenta un contorno completo de cristales en talla redonda, cada uno enmarcado por un halo de pav\u00e9 transparente. Esto incluye los delicados motivos tanto del collar como de la pulsera. Las hebillas plegables ofrecen un cierre impecable, mientras que los alargadores adicionales permiten ajustar los accesorios para que resulten m\u00e1s c\u00f3modo o para aumentar la talla. Luce estas piezas juntas siempre que necesites un look de glamour total.<\/p>\n<p>Tama\u00f1o:<\/p>\n<ul>\n<li>Largo del collar: 38 &#8211; 40 cm<\/li>\n<li>Bracelet length: 16.5 &#8211; 19 cm<\/li>\n<li>Ancho: 0.6 cm<\/li>\n<\/ul>\n<p>Material: Cristales y ba\u00f1o de oro<\/p>\n<p>&nbsp;<\/p>\n","protected":false},"excerpt":{"rendered":"<p>Este conjunto ba\u00f1ado en oro, creado para brillar, armoniza el lujo en todo tu estilo. Cada pieza presenta un contorno completo de cristales en talla redonda, cada uno enmarcado por un halo de pav\u00e9 transparente. Esto incluye los delicados motivos tanto del collar como de la pulsera. Las hebillas plegables ofrecen un cierre impecable, mientras que los alargadores adicionales permiten ajustar los accesorios para que resulten m\u00e1s c\u00f3modo o para aumentar la talla. Luce estas piezas juntas siempre que necesites un look de glamour total.<\/p>\n<p>Tama\u00f1o:<\/p>\n<ul>\n<li>Largo del collar: 38 &#8211; 40 cm<\/li>\n<li>Bracelet length: 16.5 &#8211; 19 cm<\/li>\n<li>Ancho: 0.6 cm<\/li>\n<\/ul>\n<p>Material: Cristales y ba\u00f1o de oro<\/p>\n","protected":false},"featured_media":29257,"template":"","meta":{"_joinchat":[]},"product_brand":[1437],"product_cat":[1463,1464,1470,1527],"product_tag":[],"class_list":{"0":"post-29255","1":"product","2":"type-product","3":"status-publish","4":"has-post-thumbnail","6":"product_brand-swarovski","7":"product_cat-inicio","8":"product_cat-principal","9":"product_cat-swarovski","10":"product_cat-conjuntos","11":"sales-flash-overlay","12":"woocommerce-text-align-center","13":"woocommerce-image-align-center","14":"do-quantity-buttons","15":"wc-has-gallery","17":"first","18":"instock","19":"taxable","20":"shipping-taxable","21":"purchasable","22":"product-type-simple"},"yoast_head":"<!-- This site is optimized with the Yoast SEO Premium plugin v22.5 (Yoast SEO v26.5) - https:\/\/yoast.com\/wordpress\/plugins\/seo\/ -->\n<title>Conjunto Swarovski, Una Angelic Oro - Distribuidor Oficial Swarovski<\/title>\n<meta name=\"description\" content=\"Cada pieza presenta un contorno completo de cristales en talla redonda, cada uno enmarcado por un halo de pav\u00e9 transparente.\" \/>\n<meta name=\"robots\" content=\"index, follow, max-snippet:-1, max-image-preview:large, max-video-preview:-1\" \/>\n<link rel=\"canonical\" href=\"https:\/\/lubeljoyeria.com\/?product=conjunto-swarovski-una-angelic-oro\" \/>\n<meta property=\"og:locale\" content=\"es_ES\" \/>\n<meta property=\"og:type\" content=\"article\" \/>\n<meta property=\"og:title\" content=\"Conjunto Swarovski, Una Angelic Oro\" \/>\n<meta property=\"og:description\" content=\"Cada pieza presenta un contorno completo de cristales en talla redonda, cada uno enmarcado por un halo de pav\u00e9 transparente.\" \/>\n<meta property=\"og:url\" content=\"https:\/\/lubeljoyeria.com\/?product=conjunto-swarovski-una-angelic-oro\" \/>\n<meta property=\"og:site_name\" content=\"Lubel joyeria. Joyeria en Plata . Distribuidor oficial de Swarovski. - Lubel\" \/>\n<meta property=\"article:modified_time\" content=\"2026-02-27T10:26:51+00:00\" \/>\n<meta property=\"og:image\" content=\"https:\/\/lubeljoyeria.com\/wp-content\/uploads\/2026\/02\/Screenshot_8-1.jpg\" \/>\n\t<meta property=\"og:image:width\" content=\"610\" \/>\n\t<meta property=\"og:image:height\" content=\"600\" \/>\n\t<meta property=\"og:image:type\" content=\"image\/jpeg\" \/>\n<meta name=\"twitter:card\" content=\"summary_large_image\" \/>\n<meta name=\"twitter:label1\" content=\"Tiempo de lectura\" \/>\n\t<meta name=\"twitter:data1\" content=\"1 minuto\" \/>\n<script type=\"application\/ld+json\" class=\"yoast-schema-graph\">{\"@context\":\"https:\/\/schema.org\",\"@graph\":[{\"@type\":\"WebPage\",\"@id\":\"https:\/\/lubeljoyeria.com\/?product=conjunto-swarovski-una-angelic-oro\",\"url\":\"https:\/\/lubeljoyeria.com\/?product=conjunto-swarovski-una-angelic-oro\",\"name\":\"Conjunto Swarovski, Una Angelic Oro - Distribuidor Oficial Swarovski\",\"isPartOf\":{\"@id\":\"https:\/\/lubeljoyeria.com\/#website\"},\"primaryImageOfPage\":{\"@id\":\"https:\/\/lubeljoyeria.com\/?product=conjunto-swarovski-una-angelic-oro#primaryimage\"},\"image\":{\"@id\":\"https:\/\/lubeljoyeria.com\/?product=conjunto-swarovski-una-angelic-oro#primaryimage\"},\"thumbnailUrl\":\"https:\/\/lubeljoyeria.com\/wp-content\/uploads\/2026\/02\/Screenshot_8-1.jpg\",\"datePublished\":\"2026-02-27T10:26:50+00:00\",\"dateModified\":\"2026-02-27T10:26:51+00:00\",\"description\":\"Cada pieza presenta un contorno completo de cristales en talla redonda, cada uno enmarcado por un halo de pav\u00e9 transparente.\",\"breadcrumb\":{\"@id\":\"https:\/\/lubeljoyeria.com\/?product=conjunto-swarovski-una-angelic-oro#breadcrumb\"},\"inLanguage\":\"es\",\"potentialAction\":[{\"@type\":\"ReadAction\",\"target\":[\"https:\/\/lubeljoyeria.com\/?product=conjunto-swarovski-una-angelic-oro\"]}]},{\"@type\":\"ImageObject\",\"inLanguage\":\"es\",\"@id\":\"https:\/\/lubeljoyeria.com\/?product=conjunto-swarovski-una-angelic-oro#primaryimage\",\"url\":\"https:\/\/lubeljoyeria.com\/wp-content\/uploads\/2026\/02\/Screenshot_8-1.jpg\",\"contentUrl\":\"https:\/\/lubeljoyeria.com\/wp-content\/uploads\/2026\/02\/Screenshot_8-1.jpg\",\"width\":610,\"height\":600,\"caption\":\"Este conjunto ba\u00f1ado en oro, creado para brillar, armoniza el lujo en todo tu estilo. Cada pieza presenta un contorno completo de cristales en talla redonda, cada uno enmarcado por un halo de pav\u00e9 transparente. Esto incluye los delicados motivos tanto del collar como de la pulsera. Las hebillas plegables ofrecen un cierre impecable, mientras que los alargadores adicionales permiten ajustar los accesorios para que resulten m\u00e1s c\u00f3modo o para aumentar la talla. Luce estas piezas juntas siempre que necesites un look de glamour total. Tama\u00f1o:\u00a0 Largo del collar: 38 - 40 cm Bracelet length: 16.5 - 19 cm Ancho: 0.6 cm Material: Cristales y ba\u00f1o de oro\"},{\"@type\":\"BreadcrumbList\",\"@id\":\"https:\/\/lubeljoyeria.com\/?product=conjunto-swarovski-una-angelic-oro#breadcrumb\",\"itemListElement\":[{\"@type\":\"ListItem\",\"position\":1,\"name\":\"Home\",\"item\":\"https:\/\/lubeljoyeria.com\/\"},{\"@type\":\"ListItem\",\"position\":2,\"name\":\"Tienda\",\"item\":\"https:\/\/lubeljoyeria.com\/?page_id=6\"},{\"@type\":\"ListItem\",\"position\":3,\"name\":\"Conjunto Swarovski, Una Angelic Oro\"}]},{\"@type\":\"WebSite\",\"@id\":\"https:\/\/lubeljoyeria.com\/#website\",\"url\":\"https:\/\/lubeljoyeria.com\/\",\"name\":\"Lubel joyeria. Joyeria en Plata . Distribuidor oficial de Swarovski. - Lubel\",\"description\":\"Lubel joyeria. Joyeria en Plata . Distribuidor oficial de Swarovski. - Lubel\",\"publisher\":{\"@id\":\"https:\/\/lubeljoyeria.com\/#organization\"},\"potentialAction\":[{\"@type\":\"SearchAction\",\"target\":{\"@type\":\"EntryPoint\",\"urlTemplate\":\"https:\/\/lubeljoyeria.com\/?s={search_term_string}\"},\"query-input\":{\"@type\":\"PropertyValueSpecification\",\"valueRequired\":true,\"valueName\":\"search_term_string\"}}],\"inLanguage\":\"es\"},{\"@type\":\"Organization\",\"@id\":\"https:\/\/lubeljoyeria.com\/#organization\",\"name\":\"Lubel joyeria. Joyeria en Plata . Distribuidor oficial de Swarovski. - Lubel\",\"url\":\"https:\/\/lubeljoyeria.com\/\",\"logo\":{\"@type\":\"ImageObject\",\"inLanguage\":\"es\",\"@id\":\"https:\/\/lubeljoyeria.com\/#\/schema\/logo\/image\/\",\"url\":\"https:\/\/lubeljoyeria.com\/wp-content\/uploads\/2020\/10\/lubel-joyeria-logo-1543825573-1.png\",\"contentUrl\":\"https:\/\/lubeljoyeria.com\/wp-content\/uploads\/2020\/10\/lubel-joyeria-logo-1543825573-1.png\",\"width\":135,\"height\":31,\"caption\":\"Lubel joyeria. Joyeria en Plata . Distribuidor oficial de Swarovski. - Lubel\"},\"image\":{\"@id\":\"https:\/\/lubeljoyeria.com\/#\/schema\/logo\/image\/\"}}]}<\/script>\n<!-- \/ Yoast SEO Premium plugin. -->","yoast_head_json":{"title":"Conjunto Swarovski, Una Angelic Oro - Distribuidor Oficial Swarovski","description":"Cada pieza presenta un contorno completo de cristales en talla redonda, cada uno enmarcado por un halo de pav\u00e9 transparente.","robots":{"index":"index","follow":"follow","max-snippet":"max-snippet:-1","max-image-preview":"max-image-preview:large","max-video-preview":"max-video-preview:-1"},"canonical":"https:\/\/lubeljoyeria.com\/?product=conjunto-swarovski-una-angelic-oro","og_locale":"es_ES","og_type":"article","og_title":"Conjunto Swarovski, Una Angelic Oro","og_description":"Cada pieza presenta un contorno completo de cristales en talla redonda, cada uno enmarcado por un halo de pav\u00e9 transparente.","og_url":"https:\/\/lubeljoyeria.com\/?product=conjunto-swarovski-una-angelic-oro","og_site_name":"Lubel joyeria. Joyeria en Plata . Distribuidor oficial de Swarovski. - Lubel","article_modified_time":"2026-02-27T10:26:51+00:00","og_image":[{"width":610,"height":600,"url":"https:\/\/lubeljoyeria.com\/wp-content\/uploads\/2026\/02\/Screenshot_8-1.jpg","type":"image\/jpeg"}],"twitter_card":"summary_large_image","twitter_misc":{"Tiempo de lectura":"1 minuto"},"schema":{"@context":"https:\/\/schema.org","@graph":[{"@type":"WebPage","@id":"https:\/\/lubeljoyeria.com\/?product=conjunto-swarovski-una-angelic-oro","url":"https:\/\/lubeljoyeria.com\/?product=conjunto-swarovski-una-angelic-oro","name":"Conjunto Swarovski, Una Angelic Oro - Distribuidor Oficial Swarovski","isPartOf":{"@id":"https:\/\/lubeljoyeria.com\/#website"},"primaryImageOfPage":{"@id":"https:\/\/lubeljoyeria.com\/?product=conjunto-swarovski-una-angelic-oro#primaryimage"},"image":{"@id":"https:\/\/lubeljoyeria.com\/?product=conjunto-swarovski-una-angelic-oro#primaryimage"},"thumbnailUrl":"https:\/\/lubeljoyeria.com\/wp-content\/uploads\/2026\/02\/Screenshot_8-1.jpg","datePublished":"2026-02-27T10:26:50+00:00","dateModified":"2026-02-27T10:26:51+00:00","description":"Cada pieza presenta un contorno completo de cristales en talla redonda, cada uno enmarcado por un halo de pav\u00e9 transparente.","breadcrumb":{"@id":"https:\/\/lubeljoyeria.com\/?product=conjunto-swarovski-una-angelic-oro#breadcrumb"},"inLanguage":"es","potentialAction":[{"@type":"ReadAction","target":["https:\/\/lubeljoyeria.com\/?product=conjunto-swarovski-una-angelic-oro"]}]},{"@type":"ImageObject","inLanguage":"es","@id":"https:\/\/lubeljoyeria.com\/?product=conjunto-swarovski-una-angelic-oro#primaryimage","url":"https:\/\/lubeljoyeria.com\/wp-content\/uploads\/2026\/02\/Screenshot_8-1.jpg","contentUrl":"https:\/\/lubeljoyeria.com\/wp-content\/uploads\/2026\/02\/Screenshot_8-1.jpg","width":610,"height":600,"caption":"Este conjunto ba\u00f1ado en oro, creado para brillar, armoniza el lujo en todo tu estilo. Cada pieza presenta un contorno completo de cristales en talla redonda, cada uno enmarcado por un halo de pav\u00e9 transparente. Esto incluye los delicados motivos tanto del collar como de la pulsera. Las hebillas plegables ofrecen un cierre impecable, mientras que los alargadores adicionales permiten ajustar los accesorios para que resulten m\u00e1s c\u00f3modo o para aumentar la talla. Luce estas piezas juntas siempre que necesites un look de glamour total. Tama\u00f1o:\u00a0 Largo del collar: 38 - 40 cm Bracelet length: 16.5 - 19 cm Ancho: 0.6 cm Material: Cristales y ba\u00f1o de oro"},{"@type":"BreadcrumbList","@id":"https:\/\/lubeljoyeria.com\/?product=conjunto-swarovski-una-angelic-oro#breadcrumb","itemListElement":[{"@type":"ListItem","position":1,"name":"Home","item":"https:\/\/lubeljoyeria.com\/"},{"@type":"ListItem","position":2,"name":"Tienda","item":"https:\/\/lubeljoyeria.com\/?page_id=6"},{"@type":"ListItem","position":3,"name":"Conjunto Swarovski, Una Angelic Oro"}]},{"@type":"WebSite","@id":"https:\/\/lubeljoyeria.com\/#website","url":"https:\/\/lubeljoyeria.com\/","name":"Lubel joyeria. Joyeria en Plata . Distribuidor oficial de Swarovski. - Lubel","description":"Lubel joyeria. Joyeria en Plata . Distribuidor oficial de Swarovski. - Lubel","publisher":{"@id":"https:\/\/lubeljoyeria.com\/#organization"},"potentialAction":[{"@type":"SearchAction","target":{"@type":"EntryPoint","urlTemplate":"https:\/\/lubeljoyeria.com\/?s={search_term_string}"},"query-input":{"@type":"PropertyValueSpecification","valueRequired":true,"valueName":"search_term_string"}}],"inLanguage":"es"},{"@type":"Organization","@id":"https:\/\/lubeljoyeria.com\/#organization","name":"Lubel joyeria. Joyeria en Plata . Distribuidor oficial de Swarovski. - Lubel","url":"https:\/\/lubeljoyeria.com\/","logo":{"@type":"ImageObject","inLanguage":"es","@id":"https:\/\/lubeljoyeria.com\/#\/schema\/logo\/image\/","url":"https:\/\/lubeljoyeria.com\/wp-content\/uploads\/2020\/10\/lubel-joyeria-logo-1543825573-1.png","contentUrl":"https:\/\/lubeljoyeria.com\/wp-content\/uploads\/2020\/10\/lubel-joyeria-logo-1543825573-1.png","width":135,"height":31,"caption":"Lubel joyeria. Joyeria en Plata . Distribuidor oficial de Swarovski. - Lubel"},"image":{"@id":"https:\/\/lubeljoyeria.com\/#\/schema\/logo\/image\/"}}]}},"_links":{"self":[{"href":"https:\/\/lubeljoyeria.com\/index.php?rest_route=\/wp\/v2\/product\/29255","targetHints":{"allow":["GET"]}}],"collection":[{"href":"https:\/\/lubeljoyeria.com\/index.php?rest_route=\/wp\/v2\/product"}],"about":[{"href":"https:\/\/lubeljoyeria.com\/index.php?rest_route=\/wp\/v2\/types\/product"}],"wp:featuredmedia":[{"embeddable":true,"href":"https:\/\/lubeljoyeria.com\/index.php?rest_route=\/wp\/v2\/media\/29257"}],"wp:attachment":[{"href":"https:\/\/lubeljoyeria.com\/index.php?rest_route=%2Fwp%2Fv2%2Fmedia&parent=29255"}],"wp:term":[{"taxonomy":"product_brand","embeddable":true,"href":"https:\/\/lubeljoyeria.com\/index.php?rest_route=%2Fwp%2Fv2%2Fproduct_brand&post=29255"},{"taxonomy":"product_cat","embeddable":true,"href":"https:\/\/lubeljoyeria.com\/index.php?rest_route=%2Fwp%2Fv2%2Fproduct_cat&post=29255"},{"taxonomy":"product_tag","embeddable":true,"href":"https:\/\/lubeljoyeria.com\/index.php?rest_route=%2Fwp%2Fv2%2Fproduct_tag&post=29255"}],"curies":[{"name":"wp","href":"https:\/\/api.w.org\/{rel}","templated":true}]}}