{"id":29199,"date":"2026-01-30T10:54:10","date_gmt":"2026-01-30T10:54:10","guid":{"rendered":"https:\/\/lubeljoyeria.com\/?post_type=product&#038;p=29199"},"modified":"2026-01-30T10:54:11","modified_gmt":"2026-01-30T10:54:11","slug":"pendientes-swarovski-matrix-perla-cristal","status":"publish","type":"product","link":"https:\/\/lubeljoyeria.com\/?product=pendientes-swarovski-matrix-perla-cristal","title":{"rendered":"Pendientes Swarovski, Matrix Perla Cristal"},"content":{"rendered":"<p>Una forma sencilla de elevar tu elegancia, estos pendientes Matrix ofrecen el lujo de dos grandes Swarovski Crystal Pearls. Incluye estos pendientes de bot\u00f3n como uno de tus accesorios esenciales y comb\u00ednalos con un collar o una pulsera a juego para maximizar el look.<\/p>\n<p>Tama\u00f1o: \u00a01 x 1 cm<\/p>\n<p>Material: Cristales, ba\u00f1o de rodio y perla de cristal<\/p>\n","protected":false},"excerpt":{"rendered":"<p>Una forma sencilla de elevar tu elegancia, estos pendientes Matrix ofrecen el lujo de dos grandes Swarovski Crystal Pearls. Incluye estos pendientes de bot\u00f3n como uno de tus accesorios esenciales y comb\u00ednalos con un collar o una pulsera a juego para maximizar el look.<\/p>\n<p>Tama\u00f1o: \u00a01 x 1 cm<\/p>\n<p>Material: Cristales, ba\u00f1o de rodio y perla de cristal<\/p>\n","protected":false},"featured_media":29202,"template":"","meta":{"_joinchat":[]},"product_brand":[1437],"product_cat":[1463,1464,1470,1512,1477,1494],"product_tag":[],"class_list":{"0":"post-29199","1":"product","2":"type-product","3":"status-publish","4":"has-post-thumbnail","6":"product_brand-swarovski","7":"product_cat-inicio","8":"product_cat-principal","9":"product_cat-swarovski","10":"product_cat-pendientes-swarovski","11":"product_cat-novias","12":"product_cat-pendientes-novias","13":"sales-flash-overlay","14":"woocommerce-text-align-center","15":"woocommerce-image-align-center","16":"do-quantity-buttons","17":"wc-has-gallery","19":"first","20":"instock","21":"taxable","22":"shipping-taxable","23":"purchasable","24":"product-type-simple"},"yoast_head":"<!-- This site is optimized with the Yoast SEO Premium plugin v22.5 (Yoast SEO v26.5) - https:\/\/yoast.com\/wordpress\/plugins\/seo\/ -->\n<title>Pendientes Swarovski, Matrix Perla Cristal - Distribuidor Oficial Swarovski<\/title>\n<meta name=\"description\" content=\"Una forma sencilla de elevar tu elegancia, estos pendientes Matrix ofrecen el lujo de dos grandes Swarovski Crystal Pearls.\" \/>\n<meta name=\"robots\" content=\"index, follow, max-snippet:-1, max-image-preview:large, max-video-preview:-1\" \/>\n<link rel=\"canonical\" href=\"https:\/\/lubeljoyeria.com\/?product=pendientes-swarovski-matrix-perla-cristal\" \/>\n<meta property=\"og:locale\" content=\"es_ES\" \/>\n<meta property=\"og:type\" content=\"article\" \/>\n<meta property=\"og:title\" content=\"Pendientes Swarovski, Matrix Perla Cristal\" \/>\n<meta property=\"og:description\" content=\"Una forma sencilla de elevar tu elegancia, estos pendientes Matrix ofrecen el lujo de dos grandes Swarovski Crystal Pearls.\" \/>\n<meta property=\"og:url\" content=\"https:\/\/lubeljoyeria.com\/?product=pendientes-swarovski-matrix-perla-cristal\" \/>\n<meta property=\"og:site_name\" content=\"Lubel joyeria. Joyeria en Plata . Distribuidor oficial de Swarovski. - Lubel\" \/>\n<meta property=\"article:modified_time\" content=\"2026-01-30T10:54:11+00:00\" \/>\n<meta property=\"og:image\" content=\"https:\/\/lubeljoyeria.com\/wp-content\/uploads\/2026\/01\/Screenshot_3-41.jpg\" \/>\n\t<meta property=\"og:image:width\" content=\"607\" \/>\n\t<meta property=\"og:image:height\" content=\"606\" \/>\n\t<meta property=\"og:image:type\" content=\"image\/jpeg\" \/>\n<meta name=\"twitter:card\" content=\"summary_large_image\" \/>\n<meta name=\"twitter:label1\" content=\"Tiempo de lectura\" \/>\n\t<meta name=\"twitter:data1\" content=\"1 minuto\" \/>\n<script type=\"application\/ld+json\" class=\"yoast-schema-graph\">{\"@context\":\"https:\/\/schema.org\",\"@graph\":[{\"@type\":\"WebPage\",\"@id\":\"https:\/\/lubeljoyeria.com\/?product=pendientes-swarovski-matrix-perla-cristal\",\"url\":\"https:\/\/lubeljoyeria.com\/?product=pendientes-swarovski-matrix-perla-cristal\",\"name\":\"Pendientes Swarovski, Matrix Perla Cristal - Distribuidor Oficial Swarovski\",\"isPartOf\":{\"@id\":\"https:\/\/lubeljoyeria.com\/#website\"},\"primaryImageOfPage\":{\"@id\":\"https:\/\/lubeljoyeria.com\/?product=pendientes-swarovski-matrix-perla-cristal#primaryimage\"},\"image\":{\"@id\":\"https:\/\/lubeljoyeria.com\/?product=pendientes-swarovski-matrix-perla-cristal#primaryimage\"},\"thumbnailUrl\":\"https:\/\/lubeljoyeria.com\/wp-content\/uploads\/2026\/01\/Screenshot_3-41.jpg\",\"datePublished\":\"2026-01-30T10:54:10+00:00\",\"dateModified\":\"2026-01-30T10:54:11+00:00\",\"description\":\"Una forma sencilla de elevar tu elegancia, estos pendientes Matrix ofrecen el lujo de dos grandes Swarovski Crystal Pearls.\",\"breadcrumb\":{\"@id\":\"https:\/\/lubeljoyeria.com\/?product=pendientes-swarovski-matrix-perla-cristal#breadcrumb\"},\"inLanguage\":\"es\",\"potentialAction\":[{\"@type\":\"ReadAction\",\"target\":[\"https:\/\/lubeljoyeria.com\/?product=pendientes-swarovski-matrix-perla-cristal\"]}]},{\"@type\":\"ImageObject\",\"inLanguage\":\"es\",\"@id\":\"https:\/\/lubeljoyeria.com\/?product=pendientes-swarovski-matrix-perla-cristal#primaryimage\",\"url\":\"https:\/\/lubeljoyeria.com\/wp-content\/uploads\/2026\/01\/Screenshot_3-41.jpg\",\"contentUrl\":\"https:\/\/lubeljoyeria.com\/wp-content\/uploads\/2026\/01\/Screenshot_3-41.jpg\",\"width\":607,\"height\":606,\"caption\":\"Una forma sencilla de elevar tu elegancia, estos pendientes Matrix ofrecen el lujo de dos grandes Swarovski Crystal Pearls. Incluye estos pendientes de bot\u00f3n como uno de tus accesorios esenciales y comb\u00ednalos con un collar o una pulsera a juego para maximizar el look. Tama\u00f1o: \u00a01 x 1 cm Material: Cristales, ba\u00f1o de rodio y perla de cristal\"},{\"@type\":\"BreadcrumbList\",\"@id\":\"https:\/\/lubeljoyeria.com\/?product=pendientes-swarovski-matrix-perla-cristal#breadcrumb\",\"itemListElement\":[{\"@type\":\"ListItem\",\"position\":1,\"name\":\"Home\",\"item\":\"https:\/\/lubeljoyeria.com\/\"},{\"@type\":\"ListItem\",\"position\":2,\"name\":\"Tienda\",\"item\":\"https:\/\/lubeljoyeria.com\/?page_id=6\"},{\"@type\":\"ListItem\",\"position\":3,\"name\":\"Pendientes Swarovski, Matrix Perla Cristal\"}]},{\"@type\":\"WebSite\",\"@id\":\"https:\/\/lubeljoyeria.com\/#website\",\"url\":\"https:\/\/lubeljoyeria.com\/\",\"name\":\"Lubel joyeria. Joyeria en Plata . Distribuidor oficial de Swarovski. - Lubel\",\"description\":\"Lubel joyeria. Joyeria en Plata . Distribuidor oficial de Swarovski. - Lubel\",\"publisher\":{\"@id\":\"https:\/\/lubeljoyeria.com\/#organization\"},\"potentialAction\":[{\"@type\":\"SearchAction\",\"target\":{\"@type\":\"EntryPoint\",\"urlTemplate\":\"https:\/\/lubeljoyeria.com\/?s={search_term_string}\"},\"query-input\":{\"@type\":\"PropertyValueSpecification\",\"valueRequired\":true,\"valueName\":\"search_term_string\"}}],\"inLanguage\":\"es\"},{\"@type\":\"Organization\",\"@id\":\"https:\/\/lubeljoyeria.com\/#organization\",\"name\":\"Lubel joyeria. Joyeria en Plata . Distribuidor oficial de Swarovski. - Lubel\",\"url\":\"https:\/\/lubeljoyeria.com\/\",\"logo\":{\"@type\":\"ImageObject\",\"inLanguage\":\"es\",\"@id\":\"https:\/\/lubeljoyeria.com\/#\/schema\/logo\/image\/\",\"url\":\"https:\/\/lubeljoyeria.com\/wp-content\/uploads\/2020\/10\/lubel-joyeria-logo-1543825573-1.png\",\"contentUrl\":\"https:\/\/lubeljoyeria.com\/wp-content\/uploads\/2020\/10\/lubel-joyeria-logo-1543825573-1.png\",\"width\":135,\"height\":31,\"caption\":\"Lubel joyeria. Joyeria en Plata . Distribuidor oficial de Swarovski. - Lubel\"},\"image\":{\"@id\":\"https:\/\/lubeljoyeria.com\/#\/schema\/logo\/image\/\"}}]}<\/script>\n<!-- \/ Yoast SEO Premium plugin. -->","yoast_head_json":{"title":"Pendientes Swarovski, Matrix Perla Cristal - Distribuidor Oficial Swarovski","description":"Una forma sencilla de elevar tu elegancia, estos pendientes Matrix ofrecen el lujo de dos grandes Swarovski Crystal Pearls.","robots":{"index":"index","follow":"follow","max-snippet":"max-snippet:-1","max-image-preview":"max-image-preview:large","max-video-preview":"max-video-preview:-1"},"canonical":"https:\/\/lubeljoyeria.com\/?product=pendientes-swarovski-matrix-perla-cristal","og_locale":"es_ES","og_type":"article","og_title":"Pendientes Swarovski, Matrix Perla Cristal","og_description":"Una forma sencilla de elevar tu elegancia, estos pendientes Matrix ofrecen el lujo de dos grandes Swarovski Crystal Pearls.","og_url":"https:\/\/lubeljoyeria.com\/?product=pendientes-swarovski-matrix-perla-cristal","og_site_name":"Lubel joyeria. Joyeria en Plata . Distribuidor oficial de Swarovski. - Lubel","article_modified_time":"2026-01-30T10:54:11+00:00","og_image":[{"width":607,"height":606,"url":"https:\/\/lubeljoyeria.com\/wp-content\/uploads\/2026\/01\/Screenshot_3-41.jpg","type":"image\/jpeg"}],"twitter_card":"summary_large_image","twitter_misc":{"Tiempo de lectura":"1 minuto"},"schema":{"@context":"https:\/\/schema.org","@graph":[{"@type":"WebPage","@id":"https:\/\/lubeljoyeria.com\/?product=pendientes-swarovski-matrix-perla-cristal","url":"https:\/\/lubeljoyeria.com\/?product=pendientes-swarovski-matrix-perla-cristal","name":"Pendientes Swarovski, Matrix Perla Cristal - Distribuidor Oficial Swarovski","isPartOf":{"@id":"https:\/\/lubeljoyeria.com\/#website"},"primaryImageOfPage":{"@id":"https:\/\/lubeljoyeria.com\/?product=pendientes-swarovski-matrix-perla-cristal#primaryimage"},"image":{"@id":"https:\/\/lubeljoyeria.com\/?product=pendientes-swarovski-matrix-perla-cristal#primaryimage"},"thumbnailUrl":"https:\/\/lubeljoyeria.com\/wp-content\/uploads\/2026\/01\/Screenshot_3-41.jpg","datePublished":"2026-01-30T10:54:10+00:00","dateModified":"2026-01-30T10:54:11+00:00","description":"Una forma sencilla de elevar tu elegancia, estos pendientes Matrix ofrecen el lujo de dos grandes Swarovski Crystal Pearls.","breadcrumb":{"@id":"https:\/\/lubeljoyeria.com\/?product=pendientes-swarovski-matrix-perla-cristal#breadcrumb"},"inLanguage":"es","potentialAction":[{"@type":"ReadAction","target":["https:\/\/lubeljoyeria.com\/?product=pendientes-swarovski-matrix-perla-cristal"]}]},{"@type":"ImageObject","inLanguage":"es","@id":"https:\/\/lubeljoyeria.com\/?product=pendientes-swarovski-matrix-perla-cristal#primaryimage","url":"https:\/\/lubeljoyeria.com\/wp-content\/uploads\/2026\/01\/Screenshot_3-41.jpg","contentUrl":"https:\/\/lubeljoyeria.com\/wp-content\/uploads\/2026\/01\/Screenshot_3-41.jpg","width":607,"height":606,"caption":"Una forma sencilla de elevar tu elegancia, estos pendientes Matrix ofrecen el lujo de dos grandes Swarovski Crystal Pearls. Incluye estos pendientes de bot\u00f3n como uno de tus accesorios esenciales y comb\u00ednalos con un collar o una pulsera a juego para maximizar el look. Tama\u00f1o: \u00a01 x 1 cm Material: Cristales, ba\u00f1o de rodio y perla de cristal"},{"@type":"BreadcrumbList","@id":"https:\/\/lubeljoyeria.com\/?product=pendientes-swarovski-matrix-perla-cristal#breadcrumb","itemListElement":[{"@type":"ListItem","position":1,"name":"Home","item":"https:\/\/lubeljoyeria.com\/"},{"@type":"ListItem","position":2,"name":"Tienda","item":"https:\/\/lubeljoyeria.com\/?page_id=6"},{"@type":"ListItem","position":3,"name":"Pendientes Swarovski, Matrix Perla Cristal"}]},{"@type":"WebSite","@id":"https:\/\/lubeljoyeria.com\/#website","url":"https:\/\/lubeljoyeria.com\/","name":"Lubel joyeria. Joyeria en Plata . Distribuidor oficial de Swarovski. - Lubel","description":"Lubel joyeria. Joyeria en Plata . Distribuidor oficial de Swarovski. - Lubel","publisher":{"@id":"https:\/\/lubeljoyeria.com\/#organization"},"potentialAction":[{"@type":"SearchAction","target":{"@type":"EntryPoint","urlTemplate":"https:\/\/lubeljoyeria.com\/?s={search_term_string}"},"query-input":{"@type":"PropertyValueSpecification","valueRequired":true,"valueName":"search_term_string"}}],"inLanguage":"es"},{"@type":"Organization","@id":"https:\/\/lubeljoyeria.com\/#organization","name":"Lubel joyeria. Joyeria en Plata . Distribuidor oficial de Swarovski. - Lubel","url":"https:\/\/lubeljoyeria.com\/","logo":{"@type":"ImageObject","inLanguage":"es","@id":"https:\/\/lubeljoyeria.com\/#\/schema\/logo\/image\/","url":"https:\/\/lubeljoyeria.com\/wp-content\/uploads\/2020\/10\/lubel-joyeria-logo-1543825573-1.png","contentUrl":"https:\/\/lubeljoyeria.com\/wp-content\/uploads\/2020\/10\/lubel-joyeria-logo-1543825573-1.png","width":135,"height":31,"caption":"Lubel joyeria. Joyeria en Plata . Distribuidor oficial de Swarovski. - Lubel"},"image":{"@id":"https:\/\/lubeljoyeria.com\/#\/schema\/logo\/image\/"}}]}},"_links":{"self":[{"href":"https:\/\/lubeljoyeria.com\/index.php?rest_route=\/wp\/v2\/product\/29199","targetHints":{"allow":["GET"]}}],"collection":[{"href":"https:\/\/lubeljoyeria.com\/index.php?rest_route=\/wp\/v2\/product"}],"about":[{"href":"https:\/\/lubeljoyeria.com\/index.php?rest_route=\/wp\/v2\/types\/product"}],"wp:featuredmedia":[{"embeddable":true,"href":"https:\/\/lubeljoyeria.com\/index.php?rest_route=\/wp\/v2\/media\/29202"}],"wp:attachment":[{"href":"https:\/\/lubeljoyeria.com\/index.php?rest_route=%2Fwp%2Fv2%2Fmedia&parent=29199"}],"wp:term":[{"taxonomy":"product_brand","embeddable":true,"href":"https:\/\/lubeljoyeria.com\/index.php?rest_route=%2Fwp%2Fv2%2Fproduct_brand&post=29199"},{"taxonomy":"product_cat","embeddable":true,"href":"https:\/\/lubeljoyeria.com\/index.php?rest_route=%2Fwp%2Fv2%2Fproduct_cat&post=29199"},{"taxonomy":"product_tag","embeddable":true,"href":"https:\/\/lubeljoyeria.com\/index.php?rest_route=%2Fwp%2Fv2%2Fproduct_tag&post=29199"}],"curies":[{"name":"wp","href":"https:\/\/api.w.org\/{rel}","templated":true}]}}