{"id":29193,"date":"2026-01-30T10:16:00","date_gmt":"2026-01-30T10:16:00","guid":{"rendered":"https:\/\/lubeljoyeria.com\/?post_type=product&#038;p=29193"},"modified":"2026-01-30T10:16:00","modified_gmt":"2026-01-30T10:16:00","slug":"pendientes-herradura-swarovski-symbolica-azul","status":"publish","type":"product","link":"https:\/\/lubeljoyeria.com\/?product=pendientes-herradura-swarovski-symbolica-azul","title":{"rendered":"Pendientes Herradura Swarovski, Symbolica Azul"},"content":{"rendered":"<p>Abraza el esp\u00edritu libre del caballo con estos impresionantes pendientes de Swarovski. Cada herradura ba\u00f1ada en rodio presenta una Dancing Stone azul en el centro que crea un constante juego de luces. Un regalo lleno de color para quienes persiguen el \u00e9xito.<\/p>\n<p>Tama\u00f1o: 1.2 x 1.1 cm<\/p>\n<p>Material: Cristales y ba\u00f1o de rodio<\/p>\n","protected":false},"excerpt":{"rendered":"<p>Abraza el esp\u00edritu libre del caballo con estos impresionantes pendientes de Swarovski. Cada herradura ba\u00f1ada en rodio presenta una Dancing Stone azul en el centro que crea un constante juego de luces. Un regalo lleno de color para quienes persiguen el \u00e9xito.<\/p>\n<p>Tama\u00f1o: 1.2 x 1.1 cm<\/p>\n<p>Material: Cristales y ba\u00f1o de rodio<\/p>\n","protected":false},"featured_media":29195,"template":"","meta":{"_joinchat":[]},"product_brand":[1437],"product_cat":[1463,1464,1470,1512],"product_tag":[],"class_list":{"0":"post-29193","1":"product","2":"type-product","3":"status-publish","4":"has-post-thumbnail","6":"product_brand-swarovski","7":"product_cat-inicio","8":"product_cat-principal","9":"product_cat-swarovski","10":"product_cat-pendientes-swarovski","11":"sales-flash-overlay","12":"woocommerce-text-align-center","13":"woocommerce-image-align-center","14":"do-quantity-buttons","15":"wc-has-gallery","17":"first","18":"instock","19":"taxable","20":"shipping-taxable","21":"purchasable","22":"product-type-simple"},"yoast_head":"<!-- This site is optimized with the Yoast SEO Premium plugin v22.5 (Yoast SEO v26.5) - https:\/\/yoast.com\/wordpress\/plugins\/seo\/ -->\n<title>Pendientes Herradura Swarovski, Symbolica Azul - Distribuidor Oficial Swarovski<\/title>\n<meta name=\"description\" content=\"Estos pendientes con herradura ba\u00f1ados en rodio presentan una Dancing Stone azul en el centro que crea un constante juego de luces.\" \/>\n<meta name=\"robots\" content=\"index, follow, max-snippet:-1, max-image-preview:large, max-video-preview:-1\" \/>\n<link rel=\"canonical\" href=\"https:\/\/lubeljoyeria.com\/?product=pendientes-herradura-swarovski-symbolica-azul\" \/>\n<meta property=\"og:locale\" content=\"es_ES\" \/>\n<meta property=\"og:type\" content=\"article\" \/>\n<meta property=\"og:title\" content=\"Pendientes Herradura Swarovski, Symbolica Azul\" \/>\n<meta property=\"og:description\" content=\"Estos pendientes con herradura ba\u00f1ados en rodio presentan una Dancing Stone azul en el centro que crea un constante juego de luces.\" \/>\n<meta property=\"og:url\" content=\"https:\/\/lubeljoyeria.com\/?product=pendientes-herradura-swarovski-symbolica-azul\" \/>\n<meta property=\"og:site_name\" content=\"Lubel joyeria. Joyeria en Plata . Distribuidor oficial de Swarovski. - Lubel\" \/>\n<meta property=\"og:image\" content=\"https:\/\/lubeljoyeria.com\/wp-content\/uploads\/2026\/01\/Screenshot_1-45.jpg\" \/>\n\t<meta property=\"og:image:width\" content=\"614\" \/>\n\t<meta property=\"og:image:height\" content=\"608\" \/>\n\t<meta property=\"og:image:type\" content=\"image\/jpeg\" \/>\n<meta name=\"twitter:card\" content=\"summary_large_image\" \/>\n<meta name=\"twitter:label1\" content=\"Tiempo de lectura\" \/>\n\t<meta name=\"twitter:data1\" content=\"1 minuto\" \/>\n<script type=\"application\/ld+json\" class=\"yoast-schema-graph\">{\"@context\":\"https:\/\/schema.org\",\"@graph\":[{\"@type\":\"WebPage\",\"@id\":\"https:\/\/lubeljoyeria.com\/?product=pendientes-herradura-swarovski-symbolica-azul\",\"url\":\"https:\/\/lubeljoyeria.com\/?product=pendientes-herradura-swarovski-symbolica-azul\",\"name\":\"Pendientes Herradura Swarovski, Symbolica Azul - Distribuidor Oficial Swarovski\",\"isPartOf\":{\"@id\":\"https:\/\/lubeljoyeria.com\/#website\"},\"primaryImageOfPage\":{\"@id\":\"https:\/\/lubeljoyeria.com\/?product=pendientes-herradura-swarovski-symbolica-azul#primaryimage\"},\"image\":{\"@id\":\"https:\/\/lubeljoyeria.com\/?product=pendientes-herradura-swarovski-symbolica-azul#primaryimage\"},\"thumbnailUrl\":\"https:\/\/lubeljoyeria.com\/wp-content\/uploads\/2026\/01\/Screenshot_1-45.jpg\",\"datePublished\":\"2026-01-30T10:16:00+00:00\",\"description\":\"Estos pendientes con herradura ba\u00f1ados en rodio presentan una Dancing Stone azul en el centro que crea un constante juego de luces.\",\"breadcrumb\":{\"@id\":\"https:\/\/lubeljoyeria.com\/?product=pendientes-herradura-swarovski-symbolica-azul#breadcrumb\"},\"inLanguage\":\"es\",\"potentialAction\":[{\"@type\":\"ReadAction\",\"target\":[\"https:\/\/lubeljoyeria.com\/?product=pendientes-herradura-swarovski-symbolica-azul\"]}]},{\"@type\":\"ImageObject\",\"inLanguage\":\"es\",\"@id\":\"https:\/\/lubeljoyeria.com\/?product=pendientes-herradura-swarovski-symbolica-azul#primaryimage\",\"url\":\"https:\/\/lubeljoyeria.com\/wp-content\/uploads\/2026\/01\/Screenshot_1-45.jpg\",\"contentUrl\":\"https:\/\/lubeljoyeria.com\/wp-content\/uploads\/2026\/01\/Screenshot_1-45.jpg\",\"width\":614,\"height\":608,\"caption\":\"Abraza el esp\u00edritu libre del caballo con estos impresionantes pendientes de Swarovski. Cada herradura ba\u00f1ada en rodio presenta una Dancing Stone azul en el centro que crea un constante juego de luces. Un regalo lleno de color para quienes persiguen el \u00e9xito. Tama\u00f1o: 1.2 x 1.1 cm Material: Cristales y ba\u00f1o de rodio\"},{\"@type\":\"BreadcrumbList\",\"@id\":\"https:\/\/lubeljoyeria.com\/?product=pendientes-herradura-swarovski-symbolica-azul#breadcrumb\",\"itemListElement\":[{\"@type\":\"ListItem\",\"position\":1,\"name\":\"Home\",\"item\":\"https:\/\/lubeljoyeria.com\/\"},{\"@type\":\"ListItem\",\"position\":2,\"name\":\"Tienda\",\"item\":\"https:\/\/lubeljoyeria.com\/?page_id=6\"},{\"@type\":\"ListItem\",\"position\":3,\"name\":\"Pendientes Herradura Swarovski, Symbolica Azul\"}]},{\"@type\":\"WebSite\",\"@id\":\"https:\/\/lubeljoyeria.com\/#website\",\"url\":\"https:\/\/lubeljoyeria.com\/\",\"name\":\"Lubel joyeria. Joyeria en Plata . Distribuidor oficial de Swarovski. - Lubel\",\"description\":\"Lubel joyeria. Joyeria en Plata . Distribuidor oficial de Swarovski. - Lubel\",\"publisher\":{\"@id\":\"https:\/\/lubeljoyeria.com\/#organization\"},\"potentialAction\":[{\"@type\":\"SearchAction\",\"target\":{\"@type\":\"EntryPoint\",\"urlTemplate\":\"https:\/\/lubeljoyeria.com\/?s={search_term_string}\"},\"query-input\":{\"@type\":\"PropertyValueSpecification\",\"valueRequired\":true,\"valueName\":\"search_term_string\"}}],\"inLanguage\":\"es\"},{\"@type\":\"Organization\",\"@id\":\"https:\/\/lubeljoyeria.com\/#organization\",\"name\":\"Lubel joyeria. Joyeria en Plata . Distribuidor oficial de Swarovski. - Lubel\",\"url\":\"https:\/\/lubeljoyeria.com\/\",\"logo\":{\"@type\":\"ImageObject\",\"inLanguage\":\"es\",\"@id\":\"https:\/\/lubeljoyeria.com\/#\/schema\/logo\/image\/\",\"url\":\"https:\/\/lubeljoyeria.com\/wp-content\/uploads\/2020\/10\/lubel-joyeria-logo-1543825573-1.png\",\"contentUrl\":\"https:\/\/lubeljoyeria.com\/wp-content\/uploads\/2020\/10\/lubel-joyeria-logo-1543825573-1.png\",\"width\":135,\"height\":31,\"caption\":\"Lubel joyeria. Joyeria en Plata . Distribuidor oficial de Swarovski. - Lubel\"},\"image\":{\"@id\":\"https:\/\/lubeljoyeria.com\/#\/schema\/logo\/image\/\"}}]}<\/script>\n<!-- \/ Yoast SEO Premium plugin. -->","yoast_head_json":{"title":"Pendientes Herradura Swarovski, Symbolica Azul - Distribuidor Oficial Swarovski","description":"Estos pendientes con herradura ba\u00f1ados en rodio presentan una Dancing Stone azul en el centro que crea un constante juego de luces.","robots":{"index":"index","follow":"follow","max-snippet":"max-snippet:-1","max-image-preview":"max-image-preview:large","max-video-preview":"max-video-preview:-1"},"canonical":"https:\/\/lubeljoyeria.com\/?product=pendientes-herradura-swarovski-symbolica-azul","og_locale":"es_ES","og_type":"article","og_title":"Pendientes Herradura Swarovski, Symbolica Azul","og_description":"Estos pendientes con herradura ba\u00f1ados en rodio presentan una Dancing Stone azul en el centro que crea un constante juego de luces.","og_url":"https:\/\/lubeljoyeria.com\/?product=pendientes-herradura-swarovski-symbolica-azul","og_site_name":"Lubel joyeria. Joyeria en Plata . Distribuidor oficial de Swarovski. - Lubel","og_image":[{"width":614,"height":608,"url":"https:\/\/lubeljoyeria.com\/wp-content\/uploads\/2026\/01\/Screenshot_1-45.jpg","type":"image\/jpeg"}],"twitter_card":"summary_large_image","twitter_misc":{"Tiempo de lectura":"1 minuto"},"schema":{"@context":"https:\/\/schema.org","@graph":[{"@type":"WebPage","@id":"https:\/\/lubeljoyeria.com\/?product=pendientes-herradura-swarovski-symbolica-azul","url":"https:\/\/lubeljoyeria.com\/?product=pendientes-herradura-swarovski-symbolica-azul","name":"Pendientes Herradura Swarovski, Symbolica Azul - Distribuidor Oficial Swarovski","isPartOf":{"@id":"https:\/\/lubeljoyeria.com\/#website"},"primaryImageOfPage":{"@id":"https:\/\/lubeljoyeria.com\/?product=pendientes-herradura-swarovski-symbolica-azul#primaryimage"},"image":{"@id":"https:\/\/lubeljoyeria.com\/?product=pendientes-herradura-swarovski-symbolica-azul#primaryimage"},"thumbnailUrl":"https:\/\/lubeljoyeria.com\/wp-content\/uploads\/2026\/01\/Screenshot_1-45.jpg","datePublished":"2026-01-30T10:16:00+00:00","description":"Estos pendientes con herradura ba\u00f1ados en rodio presentan una Dancing Stone azul en el centro que crea un constante juego de luces.","breadcrumb":{"@id":"https:\/\/lubeljoyeria.com\/?product=pendientes-herradura-swarovski-symbolica-azul#breadcrumb"},"inLanguage":"es","potentialAction":[{"@type":"ReadAction","target":["https:\/\/lubeljoyeria.com\/?product=pendientes-herradura-swarovski-symbolica-azul"]}]},{"@type":"ImageObject","inLanguage":"es","@id":"https:\/\/lubeljoyeria.com\/?product=pendientes-herradura-swarovski-symbolica-azul#primaryimage","url":"https:\/\/lubeljoyeria.com\/wp-content\/uploads\/2026\/01\/Screenshot_1-45.jpg","contentUrl":"https:\/\/lubeljoyeria.com\/wp-content\/uploads\/2026\/01\/Screenshot_1-45.jpg","width":614,"height":608,"caption":"Abraza el esp\u00edritu libre del caballo con estos impresionantes pendientes de Swarovski. Cada herradura ba\u00f1ada en rodio presenta una Dancing Stone azul en el centro que crea un constante juego de luces. Un regalo lleno de color para quienes persiguen el \u00e9xito. Tama\u00f1o: 1.2 x 1.1 cm Material: Cristales y ba\u00f1o de rodio"},{"@type":"BreadcrumbList","@id":"https:\/\/lubeljoyeria.com\/?product=pendientes-herradura-swarovski-symbolica-azul#breadcrumb","itemListElement":[{"@type":"ListItem","position":1,"name":"Home","item":"https:\/\/lubeljoyeria.com\/"},{"@type":"ListItem","position":2,"name":"Tienda","item":"https:\/\/lubeljoyeria.com\/?page_id=6"},{"@type":"ListItem","position":3,"name":"Pendientes Herradura Swarovski, Symbolica Azul"}]},{"@type":"WebSite","@id":"https:\/\/lubeljoyeria.com\/#website","url":"https:\/\/lubeljoyeria.com\/","name":"Lubel joyeria. Joyeria en Plata . Distribuidor oficial de Swarovski. - Lubel","description":"Lubel joyeria. Joyeria en Plata . Distribuidor oficial de Swarovski. - Lubel","publisher":{"@id":"https:\/\/lubeljoyeria.com\/#organization"},"potentialAction":[{"@type":"SearchAction","target":{"@type":"EntryPoint","urlTemplate":"https:\/\/lubeljoyeria.com\/?s={search_term_string}"},"query-input":{"@type":"PropertyValueSpecification","valueRequired":true,"valueName":"search_term_string"}}],"inLanguage":"es"},{"@type":"Organization","@id":"https:\/\/lubeljoyeria.com\/#organization","name":"Lubel joyeria. Joyeria en Plata . Distribuidor oficial de Swarovski. - Lubel","url":"https:\/\/lubeljoyeria.com\/","logo":{"@type":"ImageObject","inLanguage":"es","@id":"https:\/\/lubeljoyeria.com\/#\/schema\/logo\/image\/","url":"https:\/\/lubeljoyeria.com\/wp-content\/uploads\/2020\/10\/lubel-joyeria-logo-1543825573-1.png","contentUrl":"https:\/\/lubeljoyeria.com\/wp-content\/uploads\/2020\/10\/lubel-joyeria-logo-1543825573-1.png","width":135,"height":31,"caption":"Lubel joyeria. Joyeria en Plata . Distribuidor oficial de Swarovski. - Lubel"},"image":{"@id":"https:\/\/lubeljoyeria.com\/#\/schema\/logo\/image\/"}}]}},"_links":{"self":[{"href":"https:\/\/lubeljoyeria.com\/index.php?rest_route=\/wp\/v2\/product\/29193","targetHints":{"allow":["GET"]}}],"collection":[{"href":"https:\/\/lubeljoyeria.com\/index.php?rest_route=\/wp\/v2\/product"}],"about":[{"href":"https:\/\/lubeljoyeria.com\/index.php?rest_route=\/wp\/v2\/types\/product"}],"wp:featuredmedia":[{"embeddable":true,"href":"https:\/\/lubeljoyeria.com\/index.php?rest_route=\/wp\/v2\/media\/29195"}],"wp:attachment":[{"href":"https:\/\/lubeljoyeria.com\/index.php?rest_route=%2Fwp%2Fv2%2Fmedia&parent=29193"}],"wp:term":[{"taxonomy":"product_brand","embeddable":true,"href":"https:\/\/lubeljoyeria.com\/index.php?rest_route=%2Fwp%2Fv2%2Fproduct_brand&post=29193"},{"taxonomy":"product_cat","embeddable":true,"href":"https:\/\/lubeljoyeria.com\/index.php?rest_route=%2Fwp%2Fv2%2Fproduct_cat&post=29193"},{"taxonomy":"product_tag","embeddable":true,"href":"https:\/\/lubeljoyeria.com\/index.php?rest_route=%2Fwp%2Fv2%2Fproduct_tag&post=29193"}],"curies":[{"name":"wp","href":"https:\/\/api.w.org\/{rel}","templated":true}]}}