{"id":29110,"date":"2026-01-28T16:27:40","date_gmt":"2026-01-28T16:27:40","guid":{"rendered":"https:\/\/lubeljoyeria.com\/?post_type=product&#038;p=29110"},"modified":"2026-01-28T16:35:37","modified_gmt":"2026-01-28T16:35:37","slug":"brazalete-swarovski-symbolica-ojo-rosa","status":"publish","type":"product","link":"https:\/\/lubeljoyeria.com\/?product=brazalete-swarovski-symbolica-ojo-rosa","title":{"rendered":"Brazalete Swarovski, Symbolica Ojo Rosa"},"content":{"rendered":"<p>V\u00edstete de positividad con este brazalete Symbolica. Este accesorio ba\u00f1ado en oro rosa presenta una banda de pav\u00e9 con un ojo turco abovedado en el centro, adornado con pav\u00e9 transparente, azul y negro. La banda s\u00f3lida incluye una cadena adaptable para garantizar un ajuste c\u00f3modo y personalizado. Lleva esta pieza para dar la bienvenida a la buena energ\u00eda cada d\u00eda.<\/p>\n<p>Tama\u00f1o:<\/p>\n<ul>\n<li>Largo: 17 cm<\/li>\n<li>Di\u00e1metros interiores: 5.8 x 4 cm<\/li>\n<li>Tama\u00f1o del motivo: 0.7 x 1.1 cm<\/li>\n<li>Distancia de apertura: 4.5 cm<\/li>\n<\/ul>\n<p>Material: Cristales y ba\u00f1o de oro rosa<\/p>\n","protected":false},"excerpt":{"rendered":"<p>V\u00edstete de positividad con este brazalete Symbolica. Este accesorio ba\u00f1ado en oro rosa presenta una banda de pav\u00e9 con un ojo turco abovedado en el centro, adornado con pav\u00e9 transparente, azul y negro. La banda s\u00f3lida incluye una cadena adaptable para garantizar un ajuste c\u00f3modo y personalizado. Lleva esta pieza para dar la bienvenida a la buena energ\u00eda cada d\u00eda.<\/p>\n<p>Tama\u00f1o:<\/p>\n<ul>\n<li>Largo: 17 cm<\/li>\n<li>Di\u00e1metros interiores: 5.8 x 4 cm<\/li>\n<li>Tama\u00f1o del motivo: 0.7 x 1.1 cm<\/li>\n<li>Distancia de apertura: 4.5 cm<\/li>\n<\/ul>\n<p>Material: Cristales y ba\u00f1o de oro rosa<\/p>\n","protected":false},"featured_media":29112,"template":"","meta":{"_joinchat":[]},"product_brand":[1437],"product_cat":[1463,1464,1470,1530],"product_tag":[],"class_list":{"0":"post-29110","1":"product","2":"type-product","3":"status-publish","4":"has-post-thumbnail","6":"product_brand-swarovski","7":"product_cat-inicio","8":"product_cat-principal","9":"product_cat-swarovski","10":"product_cat-pulseras-swarovski","11":"pa_tallapulseraswarovski-m","12":"sales-flash-overlay","13":"woocommerce-text-align-center","14":"woocommerce-image-align-center","15":"do-quantity-buttons","16":"wc-has-gallery","18":"first","19":"instock","20":"taxable","21":"shipping-taxable","22":"purchasable","23":"product-type-variable"},"yoast_head":"<!-- This site is optimized with the Yoast SEO Premium plugin v22.5 (Yoast SEO v26.5) - https:\/\/yoast.com\/wordpress\/plugins\/seo\/ -->\n<title>Brazalete Swarovski, Symbolica Ojo Rosa - Distribuidor Oficial Swarovski<\/title>\n<meta name=\"description\" content=\"Este accesorio ba\u00f1ado en oro rosa presenta una banda de pav\u00e9 con un ojo turco abovedado en el centro, adornado con pav\u00e9 transparente, azul y negro.\" \/>\n<meta name=\"robots\" content=\"index, follow, max-snippet:-1, max-image-preview:large, max-video-preview:-1\" \/>\n<link rel=\"canonical\" href=\"https:\/\/lubeljoyeria.com\/?product=brazalete-swarovski-symbolica-ojo-rosa\" \/>\n<meta property=\"og:locale\" content=\"es_ES\" \/>\n<meta property=\"og:type\" content=\"article\" \/>\n<meta property=\"og:title\" content=\"Brazalete Swarovski, Symbolica Ojo Rosa\" \/>\n<meta property=\"og:description\" content=\"Este accesorio ba\u00f1ado en oro rosa presenta una banda de pav\u00e9 con un ojo turco abovedado en el centro, adornado con pav\u00e9 transparente, azul y negro.\" \/>\n<meta property=\"og:url\" content=\"https:\/\/lubeljoyeria.com\/?product=brazalete-swarovski-symbolica-ojo-rosa\" \/>\n<meta property=\"og:site_name\" content=\"Lubel joyeria. Joyeria en Plata . Distribuidor oficial de Swarovski. - Lubel\" \/>\n<meta property=\"article:modified_time\" content=\"2026-01-28T16:35:37+00:00\" \/>\n<meta property=\"og:image\" content=\"https:\/\/lubeljoyeria.com\/wp-content\/uploads\/2026\/01\/Screenshot_2-34.jpg\" \/>\n\t<meta property=\"og:image:width\" content=\"610\" \/>\n\t<meta property=\"og:image:height\" content=\"607\" \/>\n\t<meta property=\"og:image:type\" content=\"image\/jpeg\" \/>\n<meta name=\"twitter:card\" content=\"summary_large_image\" \/>\n<meta name=\"twitter:label1\" content=\"Tiempo de lectura\" \/>\n\t<meta name=\"twitter:data1\" content=\"1 minuto\" \/>\n<script type=\"application\/ld+json\" class=\"yoast-schema-graph\">{\"@context\":\"https:\/\/schema.org\",\"@graph\":[{\"@type\":\"WebPage\",\"@id\":\"https:\/\/lubeljoyeria.com\/?product=brazalete-swarovski-symbolica-ojo-rosa\",\"url\":\"https:\/\/lubeljoyeria.com\/?product=brazalete-swarovski-symbolica-ojo-rosa\",\"name\":\"Brazalete Swarovski, Symbolica Ojo Rosa - Distribuidor Oficial Swarovski\",\"isPartOf\":{\"@id\":\"https:\/\/lubeljoyeria.com\/#website\"},\"primaryImageOfPage\":{\"@id\":\"https:\/\/lubeljoyeria.com\/?product=brazalete-swarovski-symbolica-ojo-rosa#primaryimage\"},\"image\":{\"@id\":\"https:\/\/lubeljoyeria.com\/?product=brazalete-swarovski-symbolica-ojo-rosa#primaryimage\"},\"thumbnailUrl\":\"https:\/\/lubeljoyeria.com\/wp-content\/uploads\/2026\/01\/Screenshot_2-34.jpg\",\"datePublished\":\"2026-01-28T16:27:40+00:00\",\"dateModified\":\"2026-01-28T16:35:37+00:00\",\"description\":\"Este accesorio ba\u00f1ado en oro rosa presenta una banda de pav\u00e9 con un ojo turco abovedado en el centro, adornado con pav\u00e9 transparente, azul y negro.\",\"breadcrumb\":{\"@id\":\"https:\/\/lubeljoyeria.com\/?product=brazalete-swarovski-symbolica-ojo-rosa#breadcrumb\"},\"inLanguage\":\"es\",\"potentialAction\":[{\"@type\":\"ReadAction\",\"target\":[\"https:\/\/lubeljoyeria.com\/?product=brazalete-swarovski-symbolica-ojo-rosa\"]}]},{\"@type\":\"ImageObject\",\"inLanguage\":\"es\",\"@id\":\"https:\/\/lubeljoyeria.com\/?product=brazalete-swarovski-symbolica-ojo-rosa#primaryimage\",\"url\":\"https:\/\/lubeljoyeria.com\/wp-content\/uploads\/2026\/01\/Screenshot_2-34.jpg\",\"contentUrl\":\"https:\/\/lubeljoyeria.com\/wp-content\/uploads\/2026\/01\/Screenshot_2-34.jpg\",\"width\":610,\"height\":607,\"caption\":\"V\u00edstete de positividad con este brazalete Symbolica. Este accesorio ba\u00f1ado en oro rosa presenta una banda de pav\u00e9 con un ojo turco abovedado en el centro, adornado con pav\u00e9 transparente, azul y negro. La banda s\u00f3lida incluye una cadena adaptable para garantizar un ajuste c\u00f3modo y personalizado. Lleva esta pieza para dar la bienvenida a la buena energ\u00eda cada d\u00eda. Tama\u00f1o:\u00a0 Largo: 17 cm Di\u00e1metros interiores: 5.8 x 4 cm Tama\u00f1o del motivo: 0.7 x 1.1 cm Distancia de apertura: 4.5 cm Material: Cristales y ba\u00f1o de oro rosa\"},{\"@type\":\"BreadcrumbList\",\"@id\":\"https:\/\/lubeljoyeria.com\/?product=brazalete-swarovski-symbolica-ojo-rosa#breadcrumb\",\"itemListElement\":[{\"@type\":\"ListItem\",\"position\":1,\"name\":\"Home\",\"item\":\"https:\/\/lubeljoyeria.com\/\"},{\"@type\":\"ListItem\",\"position\":2,\"name\":\"Tienda\",\"item\":\"https:\/\/lubeljoyeria.com\/?page_id=6\"},{\"@type\":\"ListItem\",\"position\":3,\"name\":\"Brazalete Swarovski, Symbolica Ojo Rosa\"}]},{\"@type\":\"WebSite\",\"@id\":\"https:\/\/lubeljoyeria.com\/#website\",\"url\":\"https:\/\/lubeljoyeria.com\/\",\"name\":\"Lubel joyeria. Joyeria en Plata . Distribuidor oficial de Swarovski. - Lubel\",\"description\":\"Lubel joyeria. Joyeria en Plata . Distribuidor oficial de Swarovski. - Lubel\",\"publisher\":{\"@id\":\"https:\/\/lubeljoyeria.com\/#organization\"},\"potentialAction\":[{\"@type\":\"SearchAction\",\"target\":{\"@type\":\"EntryPoint\",\"urlTemplate\":\"https:\/\/lubeljoyeria.com\/?s={search_term_string}\"},\"query-input\":{\"@type\":\"PropertyValueSpecification\",\"valueRequired\":true,\"valueName\":\"search_term_string\"}}],\"inLanguage\":\"es\"},{\"@type\":\"Organization\",\"@id\":\"https:\/\/lubeljoyeria.com\/#organization\",\"name\":\"Lubel joyeria. Joyeria en Plata . Distribuidor oficial de Swarovski. - Lubel\",\"url\":\"https:\/\/lubeljoyeria.com\/\",\"logo\":{\"@type\":\"ImageObject\",\"inLanguage\":\"es\",\"@id\":\"https:\/\/lubeljoyeria.com\/#\/schema\/logo\/image\/\",\"url\":\"https:\/\/lubeljoyeria.com\/wp-content\/uploads\/2020\/10\/lubel-joyeria-logo-1543825573-1.png\",\"contentUrl\":\"https:\/\/lubeljoyeria.com\/wp-content\/uploads\/2020\/10\/lubel-joyeria-logo-1543825573-1.png\",\"width\":135,\"height\":31,\"caption\":\"Lubel joyeria. Joyeria en Plata . Distribuidor oficial de Swarovski. - Lubel\"},\"image\":{\"@id\":\"https:\/\/lubeljoyeria.com\/#\/schema\/logo\/image\/\"}}]}<\/script>\n<!-- \/ Yoast SEO Premium plugin. -->","yoast_head_json":{"title":"Brazalete Swarovski, Symbolica Ojo Rosa - Distribuidor Oficial Swarovski","description":"Este accesorio ba\u00f1ado en oro rosa presenta una banda de pav\u00e9 con un ojo turco abovedado en el centro, adornado con pav\u00e9 transparente, azul y negro.","robots":{"index":"index","follow":"follow","max-snippet":"max-snippet:-1","max-image-preview":"max-image-preview:large","max-video-preview":"max-video-preview:-1"},"canonical":"https:\/\/lubeljoyeria.com\/?product=brazalete-swarovski-symbolica-ojo-rosa","og_locale":"es_ES","og_type":"article","og_title":"Brazalete Swarovski, Symbolica Ojo Rosa","og_description":"Este accesorio ba\u00f1ado en oro rosa presenta una banda de pav\u00e9 con un ojo turco abovedado en el centro, adornado con pav\u00e9 transparente, azul y negro.","og_url":"https:\/\/lubeljoyeria.com\/?product=brazalete-swarovski-symbolica-ojo-rosa","og_site_name":"Lubel joyeria. Joyeria en Plata . Distribuidor oficial de Swarovski. - Lubel","article_modified_time":"2026-01-28T16:35:37+00:00","og_image":[{"width":610,"height":607,"url":"https:\/\/lubeljoyeria.com\/wp-content\/uploads\/2026\/01\/Screenshot_2-34.jpg","type":"image\/jpeg"}],"twitter_card":"summary_large_image","twitter_misc":{"Tiempo de lectura":"1 minuto"},"schema":{"@context":"https:\/\/schema.org","@graph":[{"@type":"WebPage","@id":"https:\/\/lubeljoyeria.com\/?product=brazalete-swarovski-symbolica-ojo-rosa","url":"https:\/\/lubeljoyeria.com\/?product=brazalete-swarovski-symbolica-ojo-rosa","name":"Brazalete Swarovski, Symbolica Ojo Rosa - Distribuidor Oficial Swarovski","isPartOf":{"@id":"https:\/\/lubeljoyeria.com\/#website"},"primaryImageOfPage":{"@id":"https:\/\/lubeljoyeria.com\/?product=brazalete-swarovski-symbolica-ojo-rosa#primaryimage"},"image":{"@id":"https:\/\/lubeljoyeria.com\/?product=brazalete-swarovski-symbolica-ojo-rosa#primaryimage"},"thumbnailUrl":"https:\/\/lubeljoyeria.com\/wp-content\/uploads\/2026\/01\/Screenshot_2-34.jpg","datePublished":"2026-01-28T16:27:40+00:00","dateModified":"2026-01-28T16:35:37+00:00","description":"Este accesorio ba\u00f1ado en oro rosa presenta una banda de pav\u00e9 con un ojo turco abovedado en el centro, adornado con pav\u00e9 transparente, azul y negro.","breadcrumb":{"@id":"https:\/\/lubeljoyeria.com\/?product=brazalete-swarovski-symbolica-ojo-rosa#breadcrumb"},"inLanguage":"es","potentialAction":[{"@type":"ReadAction","target":["https:\/\/lubeljoyeria.com\/?product=brazalete-swarovski-symbolica-ojo-rosa"]}]},{"@type":"ImageObject","inLanguage":"es","@id":"https:\/\/lubeljoyeria.com\/?product=brazalete-swarovski-symbolica-ojo-rosa#primaryimage","url":"https:\/\/lubeljoyeria.com\/wp-content\/uploads\/2026\/01\/Screenshot_2-34.jpg","contentUrl":"https:\/\/lubeljoyeria.com\/wp-content\/uploads\/2026\/01\/Screenshot_2-34.jpg","width":610,"height":607,"caption":"V\u00edstete de positividad con este brazalete Symbolica. Este accesorio ba\u00f1ado en oro rosa presenta una banda de pav\u00e9 con un ojo turco abovedado en el centro, adornado con pav\u00e9 transparente, azul y negro. La banda s\u00f3lida incluye una cadena adaptable para garantizar un ajuste c\u00f3modo y personalizado. Lleva esta pieza para dar la bienvenida a la buena energ\u00eda cada d\u00eda. Tama\u00f1o:\u00a0 Largo: 17 cm Di\u00e1metros interiores: 5.8 x 4 cm Tama\u00f1o del motivo: 0.7 x 1.1 cm Distancia de apertura: 4.5 cm Material: Cristales y ba\u00f1o de oro rosa"},{"@type":"BreadcrumbList","@id":"https:\/\/lubeljoyeria.com\/?product=brazalete-swarovski-symbolica-ojo-rosa#breadcrumb","itemListElement":[{"@type":"ListItem","position":1,"name":"Home","item":"https:\/\/lubeljoyeria.com\/"},{"@type":"ListItem","position":2,"name":"Tienda","item":"https:\/\/lubeljoyeria.com\/?page_id=6"},{"@type":"ListItem","position":3,"name":"Brazalete Swarovski, Symbolica Ojo Rosa"}]},{"@type":"WebSite","@id":"https:\/\/lubeljoyeria.com\/#website","url":"https:\/\/lubeljoyeria.com\/","name":"Lubel joyeria. Joyeria en Plata . Distribuidor oficial de Swarovski. - Lubel","description":"Lubel joyeria. Joyeria en Plata . Distribuidor oficial de Swarovski. - Lubel","publisher":{"@id":"https:\/\/lubeljoyeria.com\/#organization"},"potentialAction":[{"@type":"SearchAction","target":{"@type":"EntryPoint","urlTemplate":"https:\/\/lubeljoyeria.com\/?s={search_term_string}"},"query-input":{"@type":"PropertyValueSpecification","valueRequired":true,"valueName":"search_term_string"}}],"inLanguage":"es"},{"@type":"Organization","@id":"https:\/\/lubeljoyeria.com\/#organization","name":"Lubel joyeria. Joyeria en Plata . Distribuidor oficial de Swarovski. - Lubel","url":"https:\/\/lubeljoyeria.com\/","logo":{"@type":"ImageObject","inLanguage":"es","@id":"https:\/\/lubeljoyeria.com\/#\/schema\/logo\/image\/","url":"https:\/\/lubeljoyeria.com\/wp-content\/uploads\/2020\/10\/lubel-joyeria-logo-1543825573-1.png","contentUrl":"https:\/\/lubeljoyeria.com\/wp-content\/uploads\/2020\/10\/lubel-joyeria-logo-1543825573-1.png","width":135,"height":31,"caption":"Lubel joyeria. Joyeria en Plata . Distribuidor oficial de Swarovski. - Lubel"},"image":{"@id":"https:\/\/lubeljoyeria.com\/#\/schema\/logo\/image\/"}}]}},"_links":{"self":[{"href":"https:\/\/lubeljoyeria.com\/index.php?rest_route=\/wp\/v2\/product\/29110","targetHints":{"allow":["GET"]}}],"collection":[{"href":"https:\/\/lubeljoyeria.com\/index.php?rest_route=\/wp\/v2\/product"}],"about":[{"href":"https:\/\/lubeljoyeria.com\/index.php?rest_route=\/wp\/v2\/types\/product"}],"wp:featuredmedia":[{"embeddable":true,"href":"https:\/\/lubeljoyeria.com\/index.php?rest_route=\/wp\/v2\/media\/29112"}],"wp:attachment":[{"href":"https:\/\/lubeljoyeria.com\/index.php?rest_route=%2Fwp%2Fv2%2Fmedia&parent=29110"}],"wp:term":[{"taxonomy":"product_brand","embeddable":true,"href":"https:\/\/lubeljoyeria.com\/index.php?rest_route=%2Fwp%2Fv2%2Fproduct_brand&post=29110"},{"taxonomy":"product_cat","embeddable":true,"href":"https:\/\/lubeljoyeria.com\/index.php?rest_route=%2Fwp%2Fv2%2Fproduct_cat&post=29110"},{"taxonomy":"product_tag","embeddable":true,"href":"https:\/\/lubeljoyeria.com\/index.php?rest_route=%2Fwp%2Fv2%2Fproduct_tag&post=29110"}],"curies":[{"name":"wp","href":"https:\/\/api.w.org\/{rel}","templated":true}]}}