{"id":29104,"date":"2026-01-28T12:16:56","date_gmt":"2026-01-28T12:16:56","guid":{"rendered":"https:\/\/lubeljoyeria.com\/?post_type=product&#038;p=29104"},"modified":"2026-01-28T16:28:17","modified_gmt":"2026-01-28T16:28:17","slug":"pendientes-swarovski-symbolica-ojo-rosa","status":"publish","type":"product","link":"https:\/\/lubeljoyeria.com\/?product=pendientes-swarovski-symbolica-ojo-rosa","title":{"rendered":"Pendientes Swarovski, Symbolica Ojo Rosa"},"content":{"rendered":"<p>Conecta con tu lado espiritual con estos pendientes ba\u00f1ados en oro rosa. Suspendidos de los aros de pav\u00e9 cl\u00e1sicos, los motivos del ojo turco abovedado est\u00e1n adornados con pav\u00e9 transparente, azul y negro. Estos pendientes son una reinterpretaci\u00f3n del s\u00edmbolo tradicional del talism\u00e1n, e infundir\u00e1n un toque de glamour m\u00edstico a cualquier atuendo.<\/p>\n<p>Tama\u00f1o: 2 x 1.1 cm<\/p>\n<p>Material: Cristales y ba\u00f1o de oro rosa<\/p>\n","protected":false},"excerpt":{"rendered":"<p>Conecta con tu lado espiritual con estos pendientes ba\u00f1ados en oro rosa. Suspendidos de los aros de pav\u00e9 cl\u00e1sicos, los motivos del ojo turco abovedado est\u00e1n adornados con pav\u00e9 transparente, azul y negro. Estos pendientes son una reinterpretaci\u00f3n del s\u00edmbolo tradicional del talism\u00e1n, e infundir\u00e1n un toque de glamour m\u00edstico a cualquier atuendo.<\/p>\n<p>Tama\u00f1o: 2 x 1.1 cm<\/p>\n<p>Material: Cristales y ba\u00f1o de oro rosa<\/p>\n","protected":false},"featured_media":29107,"template":"","meta":{"_joinchat":[]},"product_brand":[1437],"product_cat":[1463,1464,1470,1512],"product_tag":[],"class_list":{"0":"post-29104","1":"product","2":"type-product","3":"status-publish","4":"has-post-thumbnail","6":"product_brand-swarovski","7":"product_cat-inicio","8":"product_cat-principal","9":"product_cat-swarovski","10":"product_cat-pendientes-swarovski","11":"sales-flash-overlay","12":"woocommerce-text-align-center","13":"woocommerce-image-align-center","14":"do-quantity-buttons","15":"wc-has-gallery","17":"first","18":"instock","19":"taxable","20":"shipping-taxable","21":"purchasable","22":"product-type-simple"},"yoast_head":"<!-- This site is optimized with the Yoast SEO Premium plugin v22.5 (Yoast SEO v26.5) - https:\/\/yoast.com\/wordpress\/plugins\/seo\/ -->\n<title>Pendientes Swarovski, Symbolica Ojo Rosa - Distribuidor Oficial Swarovski<\/title>\n<meta name=\"description\" content=\"Suspendidos de los aros de pav\u00e9 cl\u00e1sicos, los motivos del ojo turco abovedado est\u00e1n adornados con pav\u00e9 transparente, azul y negro.\" \/>\n<meta name=\"robots\" content=\"index, follow, max-snippet:-1, max-image-preview:large, max-video-preview:-1\" \/>\n<link rel=\"canonical\" href=\"https:\/\/lubeljoyeria.com\/?product=pendientes-swarovski-symbolica-ojo-rosa\" \/>\n<meta property=\"og:locale\" content=\"es_ES\" \/>\n<meta property=\"og:type\" content=\"article\" \/>\n<meta property=\"og:title\" content=\"Pendientes Swarovski, Symbolica Ojo Rosa\" \/>\n<meta property=\"og:description\" content=\"Suspendidos de los aros de pav\u00e9 cl\u00e1sicos, los motivos del ojo turco abovedado est\u00e1n adornados con pav\u00e9 transparente, azul y negro.\" \/>\n<meta property=\"og:url\" content=\"https:\/\/lubeljoyeria.com\/?product=pendientes-swarovski-symbolica-ojo-rosa\" \/>\n<meta property=\"og:site_name\" content=\"Lubel joyeria. Joyeria en Plata . Distribuidor oficial de Swarovski. - Lubel\" \/>\n<meta property=\"article:modified_time\" content=\"2026-01-28T16:28:17+00:00\" \/>\n<meta property=\"og:image\" content=\"https:\/\/lubeljoyeria.com\/wp-content\/uploads\/2026\/01\/Screenshot_2-33.jpg\" \/>\n\t<meta property=\"og:image:width\" content=\"607\" \/>\n\t<meta property=\"og:image:height\" content=\"605\" \/>\n\t<meta property=\"og:image:type\" content=\"image\/jpeg\" \/>\n<meta name=\"twitter:card\" content=\"summary_large_image\" \/>\n<meta name=\"twitter:label1\" content=\"Tiempo de lectura\" \/>\n\t<meta name=\"twitter:data1\" content=\"1 minuto\" \/>\n<script type=\"application\/ld+json\" class=\"yoast-schema-graph\">{\"@context\":\"https:\/\/schema.org\",\"@graph\":[{\"@type\":\"WebPage\",\"@id\":\"https:\/\/lubeljoyeria.com\/?product=pendientes-swarovski-symbolica-ojo-rosa\",\"url\":\"https:\/\/lubeljoyeria.com\/?product=pendientes-swarovski-symbolica-ojo-rosa\",\"name\":\"Pendientes Swarovski, Symbolica Ojo Rosa - Distribuidor Oficial Swarovski\",\"isPartOf\":{\"@id\":\"https:\/\/lubeljoyeria.com\/#website\"},\"primaryImageOfPage\":{\"@id\":\"https:\/\/lubeljoyeria.com\/?product=pendientes-swarovski-symbolica-ojo-rosa#primaryimage\"},\"image\":{\"@id\":\"https:\/\/lubeljoyeria.com\/?product=pendientes-swarovski-symbolica-ojo-rosa#primaryimage\"},\"thumbnailUrl\":\"https:\/\/lubeljoyeria.com\/wp-content\/uploads\/2026\/01\/Screenshot_2-33.jpg\",\"datePublished\":\"2026-01-28T12:16:56+00:00\",\"dateModified\":\"2026-01-28T16:28:17+00:00\",\"description\":\"Suspendidos de los aros de pav\u00e9 cl\u00e1sicos, los motivos del ojo turco abovedado est\u00e1n adornados con pav\u00e9 transparente, azul y negro.\",\"breadcrumb\":{\"@id\":\"https:\/\/lubeljoyeria.com\/?product=pendientes-swarovski-symbolica-ojo-rosa#breadcrumb\"},\"inLanguage\":\"es\",\"potentialAction\":[{\"@type\":\"ReadAction\",\"target\":[\"https:\/\/lubeljoyeria.com\/?product=pendientes-swarovski-symbolica-ojo-rosa\"]}]},{\"@type\":\"ImageObject\",\"inLanguage\":\"es\",\"@id\":\"https:\/\/lubeljoyeria.com\/?product=pendientes-swarovski-symbolica-ojo-rosa#primaryimage\",\"url\":\"https:\/\/lubeljoyeria.com\/wp-content\/uploads\/2026\/01\/Screenshot_2-33.jpg\",\"contentUrl\":\"https:\/\/lubeljoyeria.com\/wp-content\/uploads\/2026\/01\/Screenshot_2-33.jpg\",\"width\":607,\"height\":605,\"caption\":\"Conecta con tu lado espiritual con estos pendientes ba\u00f1ados en oro rosa. Suspendidos de los aros de pav\u00e9 cl\u00e1sicos, los motivos del ojo turco abovedado est\u00e1n adornados con pav\u00e9 transparente, azul y negro. Estos pendientes son una reinterpretaci\u00f3n del s\u00edmbolo tradicional del talism\u00e1n, e infundir\u00e1n un toque de glamour m\u00edstico a cualquier atuendo. Tama\u00f1o: 2 x 1.1 cm Material: Cristales y ba\u00f1o de oro rosa\"},{\"@type\":\"BreadcrumbList\",\"@id\":\"https:\/\/lubeljoyeria.com\/?product=pendientes-swarovski-symbolica-ojo-rosa#breadcrumb\",\"itemListElement\":[{\"@type\":\"ListItem\",\"position\":1,\"name\":\"Home\",\"item\":\"https:\/\/lubeljoyeria.com\/\"},{\"@type\":\"ListItem\",\"position\":2,\"name\":\"Tienda\",\"item\":\"https:\/\/lubeljoyeria.com\/?page_id=6\"},{\"@type\":\"ListItem\",\"position\":3,\"name\":\"Pendientes Swarovski, Symbolica Ojo Rosa\"}]},{\"@type\":\"WebSite\",\"@id\":\"https:\/\/lubeljoyeria.com\/#website\",\"url\":\"https:\/\/lubeljoyeria.com\/\",\"name\":\"Lubel joyeria. Joyeria en Plata . Distribuidor oficial de Swarovski. - Lubel\",\"description\":\"Lubel joyeria. Joyeria en Plata . Distribuidor oficial de Swarovski. - Lubel\",\"publisher\":{\"@id\":\"https:\/\/lubeljoyeria.com\/#organization\"},\"potentialAction\":[{\"@type\":\"SearchAction\",\"target\":{\"@type\":\"EntryPoint\",\"urlTemplate\":\"https:\/\/lubeljoyeria.com\/?s={search_term_string}\"},\"query-input\":{\"@type\":\"PropertyValueSpecification\",\"valueRequired\":true,\"valueName\":\"search_term_string\"}}],\"inLanguage\":\"es\"},{\"@type\":\"Organization\",\"@id\":\"https:\/\/lubeljoyeria.com\/#organization\",\"name\":\"Lubel joyeria. Joyeria en Plata . Distribuidor oficial de Swarovski. - Lubel\",\"url\":\"https:\/\/lubeljoyeria.com\/\",\"logo\":{\"@type\":\"ImageObject\",\"inLanguage\":\"es\",\"@id\":\"https:\/\/lubeljoyeria.com\/#\/schema\/logo\/image\/\",\"url\":\"https:\/\/lubeljoyeria.com\/wp-content\/uploads\/2020\/10\/lubel-joyeria-logo-1543825573-1.png\",\"contentUrl\":\"https:\/\/lubeljoyeria.com\/wp-content\/uploads\/2020\/10\/lubel-joyeria-logo-1543825573-1.png\",\"width\":135,\"height\":31,\"caption\":\"Lubel joyeria. Joyeria en Plata . Distribuidor oficial de Swarovski. - Lubel\"},\"image\":{\"@id\":\"https:\/\/lubeljoyeria.com\/#\/schema\/logo\/image\/\"}}]}<\/script>\n<!-- \/ Yoast SEO Premium plugin. -->","yoast_head_json":{"title":"Pendientes Swarovski, Symbolica Ojo Rosa - Distribuidor Oficial Swarovski","description":"Suspendidos de los aros de pav\u00e9 cl\u00e1sicos, los motivos del ojo turco abovedado est\u00e1n adornados con pav\u00e9 transparente, azul y negro.","robots":{"index":"index","follow":"follow","max-snippet":"max-snippet:-1","max-image-preview":"max-image-preview:large","max-video-preview":"max-video-preview:-1"},"canonical":"https:\/\/lubeljoyeria.com\/?product=pendientes-swarovski-symbolica-ojo-rosa","og_locale":"es_ES","og_type":"article","og_title":"Pendientes Swarovski, Symbolica Ojo Rosa","og_description":"Suspendidos de los aros de pav\u00e9 cl\u00e1sicos, los motivos del ojo turco abovedado est\u00e1n adornados con pav\u00e9 transparente, azul y negro.","og_url":"https:\/\/lubeljoyeria.com\/?product=pendientes-swarovski-symbolica-ojo-rosa","og_site_name":"Lubel joyeria. Joyeria en Plata . Distribuidor oficial de Swarovski. - Lubel","article_modified_time":"2026-01-28T16:28:17+00:00","og_image":[{"width":607,"height":605,"url":"https:\/\/lubeljoyeria.com\/wp-content\/uploads\/2026\/01\/Screenshot_2-33.jpg","type":"image\/jpeg"}],"twitter_card":"summary_large_image","twitter_misc":{"Tiempo de lectura":"1 minuto"},"schema":{"@context":"https:\/\/schema.org","@graph":[{"@type":"WebPage","@id":"https:\/\/lubeljoyeria.com\/?product=pendientes-swarovski-symbolica-ojo-rosa","url":"https:\/\/lubeljoyeria.com\/?product=pendientes-swarovski-symbolica-ojo-rosa","name":"Pendientes Swarovski, Symbolica Ojo Rosa - Distribuidor Oficial Swarovski","isPartOf":{"@id":"https:\/\/lubeljoyeria.com\/#website"},"primaryImageOfPage":{"@id":"https:\/\/lubeljoyeria.com\/?product=pendientes-swarovski-symbolica-ojo-rosa#primaryimage"},"image":{"@id":"https:\/\/lubeljoyeria.com\/?product=pendientes-swarovski-symbolica-ojo-rosa#primaryimage"},"thumbnailUrl":"https:\/\/lubeljoyeria.com\/wp-content\/uploads\/2026\/01\/Screenshot_2-33.jpg","datePublished":"2026-01-28T12:16:56+00:00","dateModified":"2026-01-28T16:28:17+00:00","description":"Suspendidos de los aros de pav\u00e9 cl\u00e1sicos, los motivos del ojo turco abovedado est\u00e1n adornados con pav\u00e9 transparente, azul y negro.","breadcrumb":{"@id":"https:\/\/lubeljoyeria.com\/?product=pendientes-swarovski-symbolica-ojo-rosa#breadcrumb"},"inLanguage":"es","potentialAction":[{"@type":"ReadAction","target":["https:\/\/lubeljoyeria.com\/?product=pendientes-swarovski-symbolica-ojo-rosa"]}]},{"@type":"ImageObject","inLanguage":"es","@id":"https:\/\/lubeljoyeria.com\/?product=pendientes-swarovski-symbolica-ojo-rosa#primaryimage","url":"https:\/\/lubeljoyeria.com\/wp-content\/uploads\/2026\/01\/Screenshot_2-33.jpg","contentUrl":"https:\/\/lubeljoyeria.com\/wp-content\/uploads\/2026\/01\/Screenshot_2-33.jpg","width":607,"height":605,"caption":"Conecta con tu lado espiritual con estos pendientes ba\u00f1ados en oro rosa. Suspendidos de los aros de pav\u00e9 cl\u00e1sicos, los motivos del ojo turco abovedado est\u00e1n adornados con pav\u00e9 transparente, azul y negro. Estos pendientes son una reinterpretaci\u00f3n del s\u00edmbolo tradicional del talism\u00e1n, e infundir\u00e1n un toque de glamour m\u00edstico a cualquier atuendo. Tama\u00f1o: 2 x 1.1 cm Material: Cristales y ba\u00f1o de oro rosa"},{"@type":"BreadcrumbList","@id":"https:\/\/lubeljoyeria.com\/?product=pendientes-swarovski-symbolica-ojo-rosa#breadcrumb","itemListElement":[{"@type":"ListItem","position":1,"name":"Home","item":"https:\/\/lubeljoyeria.com\/"},{"@type":"ListItem","position":2,"name":"Tienda","item":"https:\/\/lubeljoyeria.com\/?page_id=6"},{"@type":"ListItem","position":3,"name":"Pendientes Swarovski, Symbolica Ojo Rosa"}]},{"@type":"WebSite","@id":"https:\/\/lubeljoyeria.com\/#website","url":"https:\/\/lubeljoyeria.com\/","name":"Lubel joyeria. Joyeria en Plata . Distribuidor oficial de Swarovski. - Lubel","description":"Lubel joyeria. Joyeria en Plata . Distribuidor oficial de Swarovski. - Lubel","publisher":{"@id":"https:\/\/lubeljoyeria.com\/#organization"},"potentialAction":[{"@type":"SearchAction","target":{"@type":"EntryPoint","urlTemplate":"https:\/\/lubeljoyeria.com\/?s={search_term_string}"},"query-input":{"@type":"PropertyValueSpecification","valueRequired":true,"valueName":"search_term_string"}}],"inLanguage":"es"},{"@type":"Organization","@id":"https:\/\/lubeljoyeria.com\/#organization","name":"Lubel joyeria. Joyeria en Plata . Distribuidor oficial de Swarovski. - Lubel","url":"https:\/\/lubeljoyeria.com\/","logo":{"@type":"ImageObject","inLanguage":"es","@id":"https:\/\/lubeljoyeria.com\/#\/schema\/logo\/image\/","url":"https:\/\/lubeljoyeria.com\/wp-content\/uploads\/2020\/10\/lubel-joyeria-logo-1543825573-1.png","contentUrl":"https:\/\/lubeljoyeria.com\/wp-content\/uploads\/2020\/10\/lubel-joyeria-logo-1543825573-1.png","width":135,"height":31,"caption":"Lubel joyeria. Joyeria en Plata . Distribuidor oficial de Swarovski. - Lubel"},"image":{"@id":"https:\/\/lubeljoyeria.com\/#\/schema\/logo\/image\/"}}]}},"_links":{"self":[{"href":"https:\/\/lubeljoyeria.com\/index.php?rest_route=\/wp\/v2\/product\/29104","targetHints":{"allow":["GET"]}}],"collection":[{"href":"https:\/\/lubeljoyeria.com\/index.php?rest_route=\/wp\/v2\/product"}],"about":[{"href":"https:\/\/lubeljoyeria.com\/index.php?rest_route=\/wp\/v2\/types\/product"}],"wp:featuredmedia":[{"embeddable":true,"href":"https:\/\/lubeljoyeria.com\/index.php?rest_route=\/wp\/v2\/media\/29107"}],"wp:attachment":[{"href":"https:\/\/lubeljoyeria.com\/index.php?rest_route=%2Fwp%2Fv2%2Fmedia&parent=29104"}],"wp:term":[{"taxonomy":"product_brand","embeddable":true,"href":"https:\/\/lubeljoyeria.com\/index.php?rest_route=%2Fwp%2Fv2%2Fproduct_brand&post=29104"},{"taxonomy":"product_cat","embeddable":true,"href":"https:\/\/lubeljoyeria.com\/index.php?rest_route=%2Fwp%2Fv2%2Fproduct_cat&post=29104"},{"taxonomy":"product_tag","embeddable":true,"href":"https:\/\/lubeljoyeria.com\/index.php?rest_route=%2Fwp%2Fv2%2Fproduct_tag&post=29104"}],"curies":[{"name":"wp","href":"https:\/\/api.w.org\/{rel}","templated":true}]}}