{"id":29035,"date":"2026-01-26T19:05:48","date_gmt":"2026-01-26T19:05:48","guid":{"rendered":"https:\/\/lubeljoyeria.com\/?post_type=product&#038;p=29035"},"modified":"2026-01-27T10:07:08","modified_gmt":"2026-01-27T10:07:08","slug":"pulsera-multicolor-swarovski-gema","status":"publish","type":"product","link":"https:\/\/lubeljoyeria.com\/?product=pulsera-multicolor-swarovski-gema","title":{"rendered":"Pulsera Multicolor Swarovski, Gema"},"content":{"rendered":"<p>Cada detalle de esta pulsera Gema iluminada por el sol revela una nueva sorpresa. Su vibrante formaci\u00f3n incluye varios cristales, mientras que las diferentes formas expresan su propio car\u00e1cter individual. Un accesorio perfecto cuando se requiere un color din\u00e1mico.<\/p>\n<p>Tama\u00f1o:<\/p>\n<ul>\n<li>Largo (m\u00ednimo &#8211; m\u00e1ximo): 15.5 &#8211; 20 cm<\/li>\n<li>Tama\u00f1o del motivo: 1.6 x 1.2 cm<\/li>\n<\/ul>\n<p>Material: Ba\u00f1o de oro y cristales<\/p>\n","protected":false},"excerpt":{"rendered":"<p>Cada detalle de esta pulsera Gema iluminada por el sol revela una nueva sorpresa. Su vibrante formaci\u00f3n incluye varios cristales, mientras que las diferentes formas expresan su propio car\u00e1cter individual. Un accesorio perfecto cuando se requiere un color din\u00e1mico.<\/p>\n<p>Tama\u00f1o:<\/p>\n<ul>\n<li>Largo (m\u00ednimo &#8211; m\u00e1ximo): 15.5 &#8211; 20 cm<\/li>\n<li>Tama\u00f1o del motivo: 1.6 x 1.2 cm<\/li>\n<\/ul>\n<p>Material: Ba\u00f1o de oro y cristales<\/p>\n","protected":false},"featured_media":29038,"template":"","meta":{"_joinchat":[]},"product_brand":[1437],"product_cat":[1463,1464,1470,1530],"product_tag":[],"class_list":{"0":"post-29035","1":"product","2":"type-product","3":"status-publish","4":"has-post-thumbnail","6":"product_brand-swarovski","7":"product_cat-inicio","8":"product_cat-principal","9":"product_cat-swarovski","10":"product_cat-pulseras-swarovski","11":"sales-flash-overlay","12":"woocommerce-text-align-center","13":"woocommerce-image-align-center","14":"do-quantity-buttons","15":"wc-has-gallery","17":"first","18":"instock","19":"taxable","20":"shipping-taxable","21":"purchasable","22":"product-type-simple"},"yoast_head":"<!-- This site is optimized with the Yoast SEO Premium plugin v22.5 (Yoast SEO v26.5) - https:\/\/yoast.com\/wordpress\/plugins\/seo\/ -->\n<title>Pulsera Multicolor Swarovski, Gema - Distribuidor Oficial Swarovski<\/title>\n<meta name=\"description\" content=\"Esta pulsera incluye varios cristales de colores, mientras que las diferentes formas expresan su propio car\u00e1cter individual.\" \/>\n<meta name=\"robots\" content=\"index, follow, max-snippet:-1, max-image-preview:large, max-video-preview:-1\" \/>\n<link rel=\"canonical\" href=\"https:\/\/lubeljoyeria.com\/?product=pulsera-multicolor-swarovski-gema\" \/>\n<meta property=\"og:locale\" content=\"es_ES\" \/>\n<meta property=\"og:type\" content=\"article\" \/>\n<meta property=\"og:title\" content=\"Pulsera Multicolor Swarovski, Gema\" \/>\n<meta property=\"og:description\" content=\"Esta pulsera incluye varios cristales de colores, mientras que las diferentes formas expresan su propio car\u00e1cter individual.\" \/>\n<meta property=\"og:url\" content=\"https:\/\/lubeljoyeria.com\/?product=pulsera-multicolor-swarovski-gema\" \/>\n<meta property=\"og:site_name\" content=\"Lubel joyeria. Joyeria en Plata . Distribuidor oficial de Swarovski. - Lubel\" \/>\n<meta property=\"article:modified_time\" content=\"2026-01-27T10:07:08+00:00\" \/>\n<meta property=\"og:image\" content=\"https:\/\/lubeljoyeria.com\/wp-content\/uploads\/2026\/01\/Screenshot_1-25.jpg\" \/>\n\t<meta property=\"og:image:width\" content=\"610\" \/>\n\t<meta property=\"og:image:height\" content=\"605\" \/>\n\t<meta property=\"og:image:type\" content=\"image\/jpeg\" \/>\n<meta name=\"twitter:card\" content=\"summary_large_image\" \/>\n<meta name=\"twitter:label1\" content=\"Tiempo de lectura\" \/>\n\t<meta name=\"twitter:data1\" content=\"1 minuto\" \/>\n<script type=\"application\/ld+json\" class=\"yoast-schema-graph\">{\"@context\":\"https:\/\/schema.org\",\"@graph\":[{\"@type\":\"WebPage\",\"@id\":\"https:\/\/lubeljoyeria.com\/?product=pulsera-multicolor-swarovski-gema\",\"url\":\"https:\/\/lubeljoyeria.com\/?product=pulsera-multicolor-swarovski-gema\",\"name\":\"Pulsera Multicolor Swarovski, Gema - Distribuidor Oficial Swarovski\",\"isPartOf\":{\"@id\":\"https:\/\/lubeljoyeria.com\/#website\"},\"primaryImageOfPage\":{\"@id\":\"https:\/\/lubeljoyeria.com\/?product=pulsera-multicolor-swarovski-gema#primaryimage\"},\"image\":{\"@id\":\"https:\/\/lubeljoyeria.com\/?product=pulsera-multicolor-swarovski-gema#primaryimage\"},\"thumbnailUrl\":\"https:\/\/lubeljoyeria.com\/wp-content\/uploads\/2026\/01\/Screenshot_1-25.jpg\",\"datePublished\":\"2026-01-26T19:05:48+00:00\",\"dateModified\":\"2026-01-27T10:07:08+00:00\",\"description\":\"Esta pulsera incluye varios cristales de colores, mientras que las diferentes formas expresan su propio car\u00e1cter individual.\",\"breadcrumb\":{\"@id\":\"https:\/\/lubeljoyeria.com\/?product=pulsera-multicolor-swarovski-gema#breadcrumb\"},\"inLanguage\":\"es\",\"potentialAction\":[{\"@type\":\"ReadAction\",\"target\":[\"https:\/\/lubeljoyeria.com\/?product=pulsera-multicolor-swarovski-gema\"]}]},{\"@type\":\"ImageObject\",\"inLanguage\":\"es\",\"@id\":\"https:\/\/lubeljoyeria.com\/?product=pulsera-multicolor-swarovski-gema#primaryimage\",\"url\":\"https:\/\/lubeljoyeria.com\/wp-content\/uploads\/2026\/01\/Screenshot_1-25.jpg\",\"contentUrl\":\"https:\/\/lubeljoyeria.com\/wp-content\/uploads\/2026\/01\/Screenshot_1-25.jpg\",\"width\":610,\"height\":605,\"caption\":\"Cada detalle de esta pulsera Gema iluminada por el sol revela una nueva sorpresa. Su vibrante formaci\u00f3n incluye varios cristales, mientras que las diferentes formas expresan su propio car\u00e1cter individual. Un accesorio perfecto cuando se requiere un color din\u00e1mico. Tama\u00f1o:\u00a0 Largo (m\u00ednimo - m\u00e1ximo): 15.5 - 20 cm Tama\u00f1o del motivo: 1.6 x 1.2 cm Material: Ba\u00f1o de oro y cristales\"},{\"@type\":\"BreadcrumbList\",\"@id\":\"https:\/\/lubeljoyeria.com\/?product=pulsera-multicolor-swarovski-gema#breadcrumb\",\"itemListElement\":[{\"@type\":\"ListItem\",\"position\":1,\"name\":\"Home\",\"item\":\"https:\/\/lubeljoyeria.com\/\"},{\"@type\":\"ListItem\",\"position\":2,\"name\":\"Tienda\",\"item\":\"https:\/\/lubeljoyeria.com\/?page_id=6\"},{\"@type\":\"ListItem\",\"position\":3,\"name\":\"Pulsera Multicolor Swarovski, Gema\"}]},{\"@type\":\"WebSite\",\"@id\":\"https:\/\/lubeljoyeria.com\/#website\",\"url\":\"https:\/\/lubeljoyeria.com\/\",\"name\":\"Lubel joyeria. Joyeria en Plata . Distribuidor oficial de Swarovski. - Lubel\",\"description\":\"Lubel joyeria. Joyeria en Plata . Distribuidor oficial de Swarovski. - Lubel\",\"publisher\":{\"@id\":\"https:\/\/lubeljoyeria.com\/#organization\"},\"potentialAction\":[{\"@type\":\"SearchAction\",\"target\":{\"@type\":\"EntryPoint\",\"urlTemplate\":\"https:\/\/lubeljoyeria.com\/?s={search_term_string}\"},\"query-input\":{\"@type\":\"PropertyValueSpecification\",\"valueRequired\":true,\"valueName\":\"search_term_string\"}}],\"inLanguage\":\"es\"},{\"@type\":\"Organization\",\"@id\":\"https:\/\/lubeljoyeria.com\/#organization\",\"name\":\"Lubel joyeria. Joyeria en Plata . Distribuidor oficial de Swarovski. - Lubel\",\"url\":\"https:\/\/lubeljoyeria.com\/\",\"logo\":{\"@type\":\"ImageObject\",\"inLanguage\":\"es\",\"@id\":\"https:\/\/lubeljoyeria.com\/#\/schema\/logo\/image\/\",\"url\":\"https:\/\/lubeljoyeria.com\/wp-content\/uploads\/2020\/10\/lubel-joyeria-logo-1543825573-1.png\",\"contentUrl\":\"https:\/\/lubeljoyeria.com\/wp-content\/uploads\/2020\/10\/lubel-joyeria-logo-1543825573-1.png\",\"width\":135,\"height\":31,\"caption\":\"Lubel joyeria. Joyeria en Plata . Distribuidor oficial de Swarovski. - Lubel\"},\"image\":{\"@id\":\"https:\/\/lubeljoyeria.com\/#\/schema\/logo\/image\/\"}}]}<\/script>\n<!-- \/ Yoast SEO Premium plugin. -->","yoast_head_json":{"title":"Pulsera Multicolor Swarovski, Gema - Distribuidor Oficial Swarovski","description":"Esta pulsera incluye varios cristales de colores, mientras que las diferentes formas expresan su propio car\u00e1cter individual.","robots":{"index":"index","follow":"follow","max-snippet":"max-snippet:-1","max-image-preview":"max-image-preview:large","max-video-preview":"max-video-preview:-1"},"canonical":"https:\/\/lubeljoyeria.com\/?product=pulsera-multicolor-swarovski-gema","og_locale":"es_ES","og_type":"article","og_title":"Pulsera Multicolor Swarovski, Gema","og_description":"Esta pulsera incluye varios cristales de colores, mientras que las diferentes formas expresan su propio car\u00e1cter individual.","og_url":"https:\/\/lubeljoyeria.com\/?product=pulsera-multicolor-swarovski-gema","og_site_name":"Lubel joyeria. Joyeria en Plata . Distribuidor oficial de Swarovski. - Lubel","article_modified_time":"2026-01-27T10:07:08+00:00","og_image":[{"width":610,"height":605,"url":"https:\/\/lubeljoyeria.com\/wp-content\/uploads\/2026\/01\/Screenshot_1-25.jpg","type":"image\/jpeg"}],"twitter_card":"summary_large_image","twitter_misc":{"Tiempo de lectura":"1 minuto"},"schema":{"@context":"https:\/\/schema.org","@graph":[{"@type":"WebPage","@id":"https:\/\/lubeljoyeria.com\/?product=pulsera-multicolor-swarovski-gema","url":"https:\/\/lubeljoyeria.com\/?product=pulsera-multicolor-swarovski-gema","name":"Pulsera Multicolor Swarovski, Gema - Distribuidor Oficial Swarovski","isPartOf":{"@id":"https:\/\/lubeljoyeria.com\/#website"},"primaryImageOfPage":{"@id":"https:\/\/lubeljoyeria.com\/?product=pulsera-multicolor-swarovski-gema#primaryimage"},"image":{"@id":"https:\/\/lubeljoyeria.com\/?product=pulsera-multicolor-swarovski-gema#primaryimage"},"thumbnailUrl":"https:\/\/lubeljoyeria.com\/wp-content\/uploads\/2026\/01\/Screenshot_1-25.jpg","datePublished":"2026-01-26T19:05:48+00:00","dateModified":"2026-01-27T10:07:08+00:00","description":"Esta pulsera incluye varios cristales de colores, mientras que las diferentes formas expresan su propio car\u00e1cter individual.","breadcrumb":{"@id":"https:\/\/lubeljoyeria.com\/?product=pulsera-multicolor-swarovski-gema#breadcrumb"},"inLanguage":"es","potentialAction":[{"@type":"ReadAction","target":["https:\/\/lubeljoyeria.com\/?product=pulsera-multicolor-swarovski-gema"]}]},{"@type":"ImageObject","inLanguage":"es","@id":"https:\/\/lubeljoyeria.com\/?product=pulsera-multicolor-swarovski-gema#primaryimage","url":"https:\/\/lubeljoyeria.com\/wp-content\/uploads\/2026\/01\/Screenshot_1-25.jpg","contentUrl":"https:\/\/lubeljoyeria.com\/wp-content\/uploads\/2026\/01\/Screenshot_1-25.jpg","width":610,"height":605,"caption":"Cada detalle de esta pulsera Gema iluminada por el sol revela una nueva sorpresa. Su vibrante formaci\u00f3n incluye varios cristales, mientras que las diferentes formas expresan su propio car\u00e1cter individual. Un accesorio perfecto cuando se requiere un color din\u00e1mico. Tama\u00f1o:\u00a0 Largo (m\u00ednimo - m\u00e1ximo): 15.5 - 20 cm Tama\u00f1o del motivo: 1.6 x 1.2 cm Material: Ba\u00f1o de oro y cristales"},{"@type":"BreadcrumbList","@id":"https:\/\/lubeljoyeria.com\/?product=pulsera-multicolor-swarovski-gema#breadcrumb","itemListElement":[{"@type":"ListItem","position":1,"name":"Home","item":"https:\/\/lubeljoyeria.com\/"},{"@type":"ListItem","position":2,"name":"Tienda","item":"https:\/\/lubeljoyeria.com\/?page_id=6"},{"@type":"ListItem","position":3,"name":"Pulsera Multicolor Swarovski, Gema"}]},{"@type":"WebSite","@id":"https:\/\/lubeljoyeria.com\/#website","url":"https:\/\/lubeljoyeria.com\/","name":"Lubel joyeria. Joyeria en Plata . Distribuidor oficial de Swarovski. - Lubel","description":"Lubel joyeria. Joyeria en Plata . Distribuidor oficial de Swarovski. - Lubel","publisher":{"@id":"https:\/\/lubeljoyeria.com\/#organization"},"potentialAction":[{"@type":"SearchAction","target":{"@type":"EntryPoint","urlTemplate":"https:\/\/lubeljoyeria.com\/?s={search_term_string}"},"query-input":{"@type":"PropertyValueSpecification","valueRequired":true,"valueName":"search_term_string"}}],"inLanguage":"es"},{"@type":"Organization","@id":"https:\/\/lubeljoyeria.com\/#organization","name":"Lubel joyeria. Joyeria en Plata . Distribuidor oficial de Swarovski. - Lubel","url":"https:\/\/lubeljoyeria.com\/","logo":{"@type":"ImageObject","inLanguage":"es","@id":"https:\/\/lubeljoyeria.com\/#\/schema\/logo\/image\/","url":"https:\/\/lubeljoyeria.com\/wp-content\/uploads\/2020\/10\/lubel-joyeria-logo-1543825573-1.png","contentUrl":"https:\/\/lubeljoyeria.com\/wp-content\/uploads\/2020\/10\/lubel-joyeria-logo-1543825573-1.png","width":135,"height":31,"caption":"Lubel joyeria. Joyeria en Plata . Distribuidor oficial de Swarovski. - Lubel"},"image":{"@id":"https:\/\/lubeljoyeria.com\/#\/schema\/logo\/image\/"}}]}},"_links":{"self":[{"href":"https:\/\/lubeljoyeria.com\/index.php?rest_route=\/wp\/v2\/product\/29035","targetHints":{"allow":["GET"]}}],"collection":[{"href":"https:\/\/lubeljoyeria.com\/index.php?rest_route=\/wp\/v2\/product"}],"about":[{"href":"https:\/\/lubeljoyeria.com\/index.php?rest_route=\/wp\/v2\/types\/product"}],"wp:featuredmedia":[{"embeddable":true,"href":"https:\/\/lubeljoyeria.com\/index.php?rest_route=\/wp\/v2\/media\/29038"}],"wp:attachment":[{"href":"https:\/\/lubeljoyeria.com\/index.php?rest_route=%2Fwp%2Fv2%2Fmedia&parent=29035"}],"wp:term":[{"taxonomy":"product_brand","embeddable":true,"href":"https:\/\/lubeljoyeria.com\/index.php?rest_route=%2Fwp%2Fv2%2Fproduct_brand&post=29035"},{"taxonomy":"product_cat","embeddable":true,"href":"https:\/\/lubeljoyeria.com\/index.php?rest_route=%2Fwp%2Fv2%2Fproduct_cat&post=29035"},{"taxonomy":"product_tag","embeddable":true,"href":"https:\/\/lubeljoyeria.com\/index.php?rest_route=%2Fwp%2Fv2%2Fproduct_tag&post=29035"}],"curies":[{"name":"wp","href":"https:\/\/api.w.org\/{rel}","templated":true}]}}