{"id":29029,"date":"2026-01-26T18:29:36","date_gmt":"2026-01-26T18:29:36","guid":{"rendered":"https:\/\/lubeljoyeria.com\/?post_type=product&#038;p=29029"},"modified":"2026-01-26T18:29:36","modified_gmt":"2026-01-26T18:29:36","slug":"boligrafo-corazon-swarovski-crystalline","status":"publish","type":"product","link":"https:\/\/lubeljoyeria.com\/?product=boligrafo-corazon-swarovski-crystalline","title":{"rendered":"Bol\u00edgrafo Coraz\u00f3n Swarovski, Crystalline"},"content":{"rendered":"<p>Este bol\u00edgrafo fino es un accesorio atemporal que ofrece una creatividad sin l\u00edmites. Su dise\u00f1o estilizado est\u00e1 relleno de alrededor de 400 cristales transparentes, visibles a trav\u00e9s de la larga ventana transparente. Junto al tambor lacado en rosa, el bol\u00edgrafo incluye un ba\u00f1o en oro rosa, as\u00ed como un charm con un coraz\u00f3n de amor rosa, s\u00edmbolo de afecto, intenci\u00f3n y un toque personal detr\u00e1s de cada palabra escrita. Un regalo perfecto para ti o para alguien a quien adores. En las tiendas Swarovski se pueden comprar recambios de tinta negra y azul.<\/p>\n<p>Tama\u00f1o: 14.5 x 0.9 cm<\/p>\n<p>Material: Ba\u00f1o de oro rosa, lacado rosa y cristales<\/p>\n","protected":false},"excerpt":{"rendered":"<p>Este bol\u00edgrafo fino es un accesorio atemporal que ofrece una creatividad sin l\u00edmites. Su dise\u00f1o estilizado est\u00e1 relleno de alrededor de 400 cristales transparentes, visibles a trav\u00e9s de la larga ventana transparente. Junto al tambor lacado en rosa, el bol\u00edgrafo incluye un ba\u00f1o en oro rosa, as\u00ed como un charm con un coraz\u00f3n de amor rosa, s\u00edmbolo de afecto, intenci\u00f3n y un toque personal detr\u00e1s de cada palabra escrita. Un regalo perfecto para ti o para alguien a quien adores. En las tiendas Swarovski se pueden comprar recambios de tinta negra y azul.<\/p>\n<p>Tama\u00f1o: 14.5 x 0.9 cm<\/p>\n<p>Material: Ba\u00f1o de oro rosa, lacado rosa y cristales<\/p>\n","protected":false},"featured_media":29031,"template":"","meta":{"_joinchat":[]},"product_brand":[1437],"product_cat":[1463,1464,1470,1532],"product_tag":[],"class_list":{"0":"post-29029","1":"product","2":"type-product","3":"status-publish","4":"has-post-thumbnail","6":"product_brand-swarovski","7":"product_cat-inicio","8":"product_cat-principal","9":"product_cat-swarovski","10":"product_cat-accesorios","11":"sales-flash-overlay","12":"woocommerce-text-align-center","13":"woocommerce-image-align-center","14":"do-quantity-buttons","15":"wc-has-gallery","17":"first","18":"instock","19":"taxable","20":"shipping-taxable","21":"purchasable","22":"product-type-simple"},"yoast_head":"<!-- This site is optimized with the Yoast SEO Premium plugin v22.5 (Yoast SEO v26.5) - https:\/\/yoast.com\/wordpress\/plugins\/seo\/ -->\n<title>Bol\u00edgrafo Coraz\u00f3n Swarovski, Crystalline - Distribuidor Oficial Swarovski<\/title>\n<meta name=\"description\" content=\"Este bol\u00edgrafo est\u00e1 relleno de alrededor de 400 cristales transparentes. Junto al tambor lacado en rosa cuelga un charm de coraz\u00f3n.\" \/>\n<meta name=\"robots\" content=\"index, follow, max-snippet:-1, max-image-preview:large, max-video-preview:-1\" \/>\n<link rel=\"canonical\" href=\"https:\/\/lubeljoyeria.com\/?product=boligrafo-corazon-swarovski-crystalline\" \/>\n<meta property=\"og:locale\" content=\"es_ES\" \/>\n<meta property=\"og:type\" content=\"article\" \/>\n<meta property=\"og:title\" content=\"Bol\u00edgrafo Coraz\u00f3n Swarovski, Crystalline\" \/>\n<meta property=\"og:description\" content=\"Este bol\u00edgrafo est\u00e1 relleno de alrededor de 400 cristales transparentes. Junto al tambor lacado en rosa cuelga un charm de coraz\u00f3n.\" \/>\n<meta property=\"og:url\" content=\"https:\/\/lubeljoyeria.com\/?product=boligrafo-corazon-swarovski-crystalline\" \/>\n<meta property=\"og:site_name\" content=\"Lubel joyeria. Joyeria en Plata . Distribuidor oficial de Swarovski. - Lubel\" \/>\n<meta property=\"og:image\" content=\"https:\/\/lubeljoyeria.com\/wp-content\/uploads\/2026\/01\/Screenshot_4-17.jpg\" \/>\n\t<meta property=\"og:image:width\" content=\"607\" \/>\n\t<meta property=\"og:image:height\" content=\"605\" \/>\n\t<meta property=\"og:image:type\" content=\"image\/jpeg\" \/>\n<meta name=\"twitter:card\" content=\"summary_large_image\" \/>\n<meta name=\"twitter:label1\" content=\"Tiempo de lectura\" \/>\n\t<meta name=\"twitter:data1\" content=\"1 minuto\" \/>\n<script type=\"application\/ld+json\" class=\"yoast-schema-graph\">{\"@context\":\"https:\/\/schema.org\",\"@graph\":[{\"@type\":\"WebPage\",\"@id\":\"https:\/\/lubeljoyeria.com\/?product=boligrafo-corazon-swarovski-crystalline\",\"url\":\"https:\/\/lubeljoyeria.com\/?product=boligrafo-corazon-swarovski-crystalline\",\"name\":\"Bol\u00edgrafo Coraz\u00f3n Swarovski, Crystalline - Distribuidor Oficial Swarovski\",\"isPartOf\":{\"@id\":\"https:\/\/lubeljoyeria.com\/#website\"},\"primaryImageOfPage\":{\"@id\":\"https:\/\/lubeljoyeria.com\/?product=boligrafo-corazon-swarovski-crystalline#primaryimage\"},\"image\":{\"@id\":\"https:\/\/lubeljoyeria.com\/?product=boligrafo-corazon-swarovski-crystalline#primaryimage\"},\"thumbnailUrl\":\"https:\/\/lubeljoyeria.com\/wp-content\/uploads\/2026\/01\/Screenshot_4-17.jpg\",\"datePublished\":\"2026-01-26T18:29:36+00:00\",\"description\":\"Este bol\u00edgrafo est\u00e1 relleno de alrededor de 400 cristales transparentes. Junto al tambor lacado en rosa cuelga un charm de coraz\u00f3n.\",\"breadcrumb\":{\"@id\":\"https:\/\/lubeljoyeria.com\/?product=boligrafo-corazon-swarovski-crystalline#breadcrumb\"},\"inLanguage\":\"es\",\"potentialAction\":[{\"@type\":\"ReadAction\",\"target\":[\"https:\/\/lubeljoyeria.com\/?product=boligrafo-corazon-swarovski-crystalline\"]}]},{\"@type\":\"ImageObject\",\"inLanguage\":\"es\",\"@id\":\"https:\/\/lubeljoyeria.com\/?product=boligrafo-corazon-swarovski-crystalline#primaryimage\",\"url\":\"https:\/\/lubeljoyeria.com\/wp-content\/uploads\/2026\/01\/Screenshot_4-17.jpg\",\"contentUrl\":\"https:\/\/lubeljoyeria.com\/wp-content\/uploads\/2026\/01\/Screenshot_4-17.jpg\",\"width\":607,\"height\":605,\"caption\":\"Este bol\u00edgrafo fino es un accesorio atemporal que ofrece una creatividad sin l\u00edmites. Su dise\u00f1o estilizado est\u00e1 relleno de alrededor de 400 cristales transparentes, visibles a trav\u00e9s de la larga ventana transparente. Junto al tambor lacado en rosa, el bol\u00edgrafo incluye un ba\u00f1o en oro rosa, as\u00ed como un charm con un coraz\u00f3n de amor rosa, s\u00edmbolo de afecto, intenci\u00f3n y un toque personal detr\u00e1s de cada palabra escrita. Un regalo perfecto para ti o para alguien a quien adores. En las tiendas Swarovski se pueden comprar recambios de tinta negra y azul. Tama\u00f1o: 14.5 x 0.9 cm Material: Ba\u00f1o de oro rosa, lacado rosa y cristales\"},{\"@type\":\"BreadcrumbList\",\"@id\":\"https:\/\/lubeljoyeria.com\/?product=boligrafo-corazon-swarovski-crystalline#breadcrumb\",\"itemListElement\":[{\"@type\":\"ListItem\",\"position\":1,\"name\":\"Home\",\"item\":\"https:\/\/lubeljoyeria.com\/\"},{\"@type\":\"ListItem\",\"position\":2,\"name\":\"Tienda\",\"item\":\"https:\/\/lubeljoyeria.com\/?page_id=6\"},{\"@type\":\"ListItem\",\"position\":3,\"name\":\"Bol\u00edgrafo Coraz\u00f3n Swarovski, Crystalline\"}]},{\"@type\":\"WebSite\",\"@id\":\"https:\/\/lubeljoyeria.com\/#website\",\"url\":\"https:\/\/lubeljoyeria.com\/\",\"name\":\"Lubel joyeria. Joyeria en Plata . Distribuidor oficial de Swarovski. - Lubel\",\"description\":\"Lubel joyeria. Joyeria en Plata . Distribuidor oficial de Swarovski. - Lubel\",\"publisher\":{\"@id\":\"https:\/\/lubeljoyeria.com\/#organization\"},\"potentialAction\":[{\"@type\":\"SearchAction\",\"target\":{\"@type\":\"EntryPoint\",\"urlTemplate\":\"https:\/\/lubeljoyeria.com\/?s={search_term_string}\"},\"query-input\":{\"@type\":\"PropertyValueSpecification\",\"valueRequired\":true,\"valueName\":\"search_term_string\"}}],\"inLanguage\":\"es\"},{\"@type\":\"Organization\",\"@id\":\"https:\/\/lubeljoyeria.com\/#organization\",\"name\":\"Lubel joyeria. Joyeria en Plata . Distribuidor oficial de Swarovski. - Lubel\",\"url\":\"https:\/\/lubeljoyeria.com\/\",\"logo\":{\"@type\":\"ImageObject\",\"inLanguage\":\"es\",\"@id\":\"https:\/\/lubeljoyeria.com\/#\/schema\/logo\/image\/\",\"url\":\"https:\/\/lubeljoyeria.com\/wp-content\/uploads\/2020\/10\/lubel-joyeria-logo-1543825573-1.png\",\"contentUrl\":\"https:\/\/lubeljoyeria.com\/wp-content\/uploads\/2020\/10\/lubel-joyeria-logo-1543825573-1.png\",\"width\":135,\"height\":31,\"caption\":\"Lubel joyeria. Joyeria en Plata . Distribuidor oficial de Swarovski. - Lubel\"},\"image\":{\"@id\":\"https:\/\/lubeljoyeria.com\/#\/schema\/logo\/image\/\"}}]}<\/script>\n<!-- \/ Yoast SEO Premium plugin. -->","yoast_head_json":{"title":"Bol\u00edgrafo Coraz\u00f3n Swarovski, Crystalline - Distribuidor Oficial Swarovski","description":"Este bol\u00edgrafo est\u00e1 relleno de alrededor de 400 cristales transparentes. Junto al tambor lacado en rosa cuelga un charm de coraz\u00f3n.","robots":{"index":"index","follow":"follow","max-snippet":"max-snippet:-1","max-image-preview":"max-image-preview:large","max-video-preview":"max-video-preview:-1"},"canonical":"https:\/\/lubeljoyeria.com\/?product=boligrafo-corazon-swarovski-crystalline","og_locale":"es_ES","og_type":"article","og_title":"Bol\u00edgrafo Coraz\u00f3n Swarovski, Crystalline","og_description":"Este bol\u00edgrafo est\u00e1 relleno de alrededor de 400 cristales transparentes. Junto al tambor lacado en rosa cuelga un charm de coraz\u00f3n.","og_url":"https:\/\/lubeljoyeria.com\/?product=boligrafo-corazon-swarovski-crystalline","og_site_name":"Lubel joyeria. Joyeria en Plata . Distribuidor oficial de Swarovski. - Lubel","og_image":[{"width":607,"height":605,"url":"https:\/\/lubeljoyeria.com\/wp-content\/uploads\/2026\/01\/Screenshot_4-17.jpg","type":"image\/jpeg"}],"twitter_card":"summary_large_image","twitter_misc":{"Tiempo de lectura":"1 minuto"},"schema":{"@context":"https:\/\/schema.org","@graph":[{"@type":"WebPage","@id":"https:\/\/lubeljoyeria.com\/?product=boligrafo-corazon-swarovski-crystalline","url":"https:\/\/lubeljoyeria.com\/?product=boligrafo-corazon-swarovski-crystalline","name":"Bol\u00edgrafo Coraz\u00f3n Swarovski, Crystalline - Distribuidor Oficial Swarovski","isPartOf":{"@id":"https:\/\/lubeljoyeria.com\/#website"},"primaryImageOfPage":{"@id":"https:\/\/lubeljoyeria.com\/?product=boligrafo-corazon-swarovski-crystalline#primaryimage"},"image":{"@id":"https:\/\/lubeljoyeria.com\/?product=boligrafo-corazon-swarovski-crystalline#primaryimage"},"thumbnailUrl":"https:\/\/lubeljoyeria.com\/wp-content\/uploads\/2026\/01\/Screenshot_4-17.jpg","datePublished":"2026-01-26T18:29:36+00:00","description":"Este bol\u00edgrafo est\u00e1 relleno de alrededor de 400 cristales transparentes. Junto al tambor lacado en rosa cuelga un charm de coraz\u00f3n.","breadcrumb":{"@id":"https:\/\/lubeljoyeria.com\/?product=boligrafo-corazon-swarovski-crystalline#breadcrumb"},"inLanguage":"es","potentialAction":[{"@type":"ReadAction","target":["https:\/\/lubeljoyeria.com\/?product=boligrafo-corazon-swarovski-crystalline"]}]},{"@type":"ImageObject","inLanguage":"es","@id":"https:\/\/lubeljoyeria.com\/?product=boligrafo-corazon-swarovski-crystalline#primaryimage","url":"https:\/\/lubeljoyeria.com\/wp-content\/uploads\/2026\/01\/Screenshot_4-17.jpg","contentUrl":"https:\/\/lubeljoyeria.com\/wp-content\/uploads\/2026\/01\/Screenshot_4-17.jpg","width":607,"height":605,"caption":"Este bol\u00edgrafo fino es un accesorio atemporal que ofrece una creatividad sin l\u00edmites. Su dise\u00f1o estilizado est\u00e1 relleno de alrededor de 400 cristales transparentes, visibles a trav\u00e9s de la larga ventana transparente. Junto al tambor lacado en rosa, el bol\u00edgrafo incluye un ba\u00f1o en oro rosa, as\u00ed como un charm con un coraz\u00f3n de amor rosa, s\u00edmbolo de afecto, intenci\u00f3n y un toque personal detr\u00e1s de cada palabra escrita. Un regalo perfecto para ti o para alguien a quien adores. En las tiendas Swarovski se pueden comprar recambios de tinta negra y azul. Tama\u00f1o: 14.5 x 0.9 cm Material: Ba\u00f1o de oro rosa, lacado rosa y cristales"},{"@type":"BreadcrumbList","@id":"https:\/\/lubeljoyeria.com\/?product=boligrafo-corazon-swarovski-crystalline#breadcrumb","itemListElement":[{"@type":"ListItem","position":1,"name":"Home","item":"https:\/\/lubeljoyeria.com\/"},{"@type":"ListItem","position":2,"name":"Tienda","item":"https:\/\/lubeljoyeria.com\/?page_id=6"},{"@type":"ListItem","position":3,"name":"Bol\u00edgrafo Coraz\u00f3n Swarovski, Crystalline"}]},{"@type":"WebSite","@id":"https:\/\/lubeljoyeria.com\/#website","url":"https:\/\/lubeljoyeria.com\/","name":"Lubel joyeria. Joyeria en Plata . Distribuidor oficial de Swarovski. - Lubel","description":"Lubel joyeria. Joyeria en Plata . Distribuidor oficial de Swarovski. - Lubel","publisher":{"@id":"https:\/\/lubeljoyeria.com\/#organization"},"potentialAction":[{"@type":"SearchAction","target":{"@type":"EntryPoint","urlTemplate":"https:\/\/lubeljoyeria.com\/?s={search_term_string}"},"query-input":{"@type":"PropertyValueSpecification","valueRequired":true,"valueName":"search_term_string"}}],"inLanguage":"es"},{"@type":"Organization","@id":"https:\/\/lubeljoyeria.com\/#organization","name":"Lubel joyeria. Joyeria en Plata . Distribuidor oficial de Swarovski. - Lubel","url":"https:\/\/lubeljoyeria.com\/","logo":{"@type":"ImageObject","inLanguage":"es","@id":"https:\/\/lubeljoyeria.com\/#\/schema\/logo\/image\/","url":"https:\/\/lubeljoyeria.com\/wp-content\/uploads\/2020\/10\/lubel-joyeria-logo-1543825573-1.png","contentUrl":"https:\/\/lubeljoyeria.com\/wp-content\/uploads\/2020\/10\/lubel-joyeria-logo-1543825573-1.png","width":135,"height":31,"caption":"Lubel joyeria. Joyeria en Plata . Distribuidor oficial de Swarovski. - Lubel"},"image":{"@id":"https:\/\/lubeljoyeria.com\/#\/schema\/logo\/image\/"}}]}},"_links":{"self":[{"href":"https:\/\/lubeljoyeria.com\/index.php?rest_route=\/wp\/v2\/product\/29029","targetHints":{"allow":["GET"]}}],"collection":[{"href":"https:\/\/lubeljoyeria.com\/index.php?rest_route=\/wp\/v2\/product"}],"about":[{"href":"https:\/\/lubeljoyeria.com\/index.php?rest_route=\/wp\/v2\/types\/product"}],"wp:featuredmedia":[{"embeddable":true,"href":"https:\/\/lubeljoyeria.com\/index.php?rest_route=\/wp\/v2\/media\/29031"}],"wp:attachment":[{"href":"https:\/\/lubeljoyeria.com\/index.php?rest_route=%2Fwp%2Fv2%2Fmedia&parent=29029"}],"wp:term":[{"taxonomy":"product_brand","embeddable":true,"href":"https:\/\/lubeljoyeria.com\/index.php?rest_route=%2Fwp%2Fv2%2Fproduct_brand&post=29029"},{"taxonomy":"product_cat","embeddable":true,"href":"https:\/\/lubeljoyeria.com\/index.php?rest_route=%2Fwp%2Fv2%2Fproduct_cat&post=29029"},{"taxonomy":"product_tag","embeddable":true,"href":"https:\/\/lubeljoyeria.com\/index.php?rest_route=%2Fwp%2Fv2%2Fproduct_tag&post=29029"}],"curies":[{"name":"wp","href":"https:\/\/api.w.org\/{rel}","templated":true}]}}