{"id":29006,"date":"2026-01-26T17:11:21","date_gmt":"2026-01-26T17:11:21","guid":{"rendered":"https:\/\/lubeljoyeria.com\/?post_type=product&#038;p=29006"},"modified":"2026-01-26T17:11:21","modified_gmt":"2026-01-26T17:11:21","slug":"pulsera-herradura-swarovski-symbolica-rodio","status":"publish","type":"product","link":"https:\/\/lubeljoyeria.com\/?product=pulsera-herradura-swarovski-symbolica-rodio","title":{"rendered":"Pulsera Herradura Swarovski, Symbolica Rodio"},"content":{"rendered":"<p>Este brazalete ba\u00f1ado en rodio, s\u00edmbolo de la ambici\u00f3n y el impulso, presenta una herradura en el centro, mientras que su banda articulada incluye una cadena ajustable para garantizar un ajuste c\u00f3modo y personalizado. Lleva este brazalete como tu propio amuleto de la suerte o reg\u00e1lalo a alguien para inspirar un \u00e9xito r\u00e1pido.<\/p>\n<p>Tama\u00f1o:<\/p>\n<ul>\n<li>Largo: 15.5 cm<\/li>\n<li>Di\u00e1metros interiores: 5.5 x 4.3 cm<\/li>\n<li>Tama\u00f1o del motivo: 1.2 x 1.3 cm<\/li>\n<li>Distancia de apertura: 4 cm<\/li>\n<\/ul>\n<p>Material: Ba\u00f1o de rodio y cristales<\/p>\n","protected":false},"excerpt":{"rendered":"<p>Este brazalete ba\u00f1ado en rodio, s\u00edmbolo de la ambici\u00f3n y el impulso, presenta una herradura en el centro, mientras que su banda articulada incluye una cadena ajustable para garantizar un ajuste c\u00f3modo y personalizado. Lleva este brazalete como tu propio amuleto de la suerte o reg\u00e1lalo a alguien para inspirar un \u00e9xito r\u00e1pido.<\/p>\n<p>Tama\u00f1o:<\/p>\n<ul>\n<li>Largo: 15.5 cm<\/li>\n<li>Di\u00e1metros interiores: 5.5 x 4.3 cm<\/li>\n<li>Tama\u00f1o del motivo: 1.2 x 1.3 cm<\/li>\n<li>Distancia de apertura: 4 cm<\/li>\n<\/ul>\n<p>Material: Ba\u00f1o de rodio y cristales<\/p>\n","protected":false},"featured_media":29008,"template":"","meta":{"_joinchat":[]},"product_brand":[1437],"product_cat":[1463,1464,1470,1530],"product_tag":[],"class_list":{"0":"post-29006","1":"product","2":"type-product","3":"status-publish","4":"has-post-thumbnail","6":"product_brand-swarovski","7":"product_cat-inicio","8":"product_cat-principal","9":"product_cat-swarovski","10":"product_cat-pulseras-swarovski","11":"sales-flash-overlay","12":"woocommerce-text-align-center","13":"woocommerce-image-align-center","14":"do-quantity-buttons","15":"wc-has-gallery","17":"first","18":"instock","19":"taxable","20":"shipping-taxable","21":"purchasable","22":"product-type-simple"},"yoast_head":"<!-- This site is optimized with the Yoast SEO Premium plugin v22.5 (Yoast SEO v26.5) - https:\/\/yoast.com\/wordpress\/plugins\/seo\/ -->\n<title>Pulsera Herradura Swarovski, Symbolica Rodio - Distribuidor Oficial Swarovski<\/title>\n<meta name=\"description\" content=\"Este brazalete ba\u00f1ado en rodio, presenta una herradura en el centro, mientras que su banda articulada incluye una cadena ajustable.\" \/>\n<meta name=\"robots\" content=\"index, follow, max-snippet:-1, max-image-preview:large, max-video-preview:-1\" \/>\n<link rel=\"canonical\" href=\"https:\/\/lubeljoyeria.com\/?product=pulsera-herradura-swarovski-symbolica-rodio\" \/>\n<meta property=\"og:locale\" content=\"es_ES\" \/>\n<meta property=\"og:type\" content=\"article\" \/>\n<meta property=\"og:title\" content=\"Pulsera Herradura Swarovski, Symbolica Rodio\" \/>\n<meta property=\"og:description\" content=\"Este brazalete ba\u00f1ado en rodio, presenta una herradura en el centro, mientras que su banda articulada incluye una cadena ajustable.\" \/>\n<meta property=\"og:url\" content=\"https:\/\/lubeljoyeria.com\/?product=pulsera-herradura-swarovski-symbolica-rodio\" \/>\n<meta property=\"og:site_name\" content=\"Lubel joyeria. Joyeria en Plata . Distribuidor oficial de Swarovski. - Lubel\" \/>\n<meta property=\"og:image\" content=\"https:\/\/lubeljoyeria.com\/wp-content\/uploads\/2026\/01\/Screenshot_1-21.jpg\" \/>\n\t<meta property=\"og:image:width\" content=\"608\" \/>\n\t<meta property=\"og:image:height\" content=\"610\" \/>\n\t<meta property=\"og:image:type\" content=\"image\/jpeg\" \/>\n<meta name=\"twitter:card\" content=\"summary_large_image\" \/>\n<meta name=\"twitter:label1\" content=\"Tiempo de lectura\" \/>\n\t<meta name=\"twitter:data1\" content=\"1 minuto\" \/>\n<script type=\"application\/ld+json\" class=\"yoast-schema-graph\">{\"@context\":\"https:\/\/schema.org\",\"@graph\":[{\"@type\":\"WebPage\",\"@id\":\"https:\/\/lubeljoyeria.com\/?product=pulsera-herradura-swarovski-symbolica-rodio\",\"url\":\"https:\/\/lubeljoyeria.com\/?product=pulsera-herradura-swarovski-symbolica-rodio\",\"name\":\"Pulsera Herradura Swarovski, Symbolica Rodio - Distribuidor Oficial Swarovski\",\"isPartOf\":{\"@id\":\"https:\/\/lubeljoyeria.com\/#website\"},\"primaryImageOfPage\":{\"@id\":\"https:\/\/lubeljoyeria.com\/?product=pulsera-herradura-swarovski-symbolica-rodio#primaryimage\"},\"image\":{\"@id\":\"https:\/\/lubeljoyeria.com\/?product=pulsera-herradura-swarovski-symbolica-rodio#primaryimage\"},\"thumbnailUrl\":\"https:\/\/lubeljoyeria.com\/wp-content\/uploads\/2026\/01\/Screenshot_1-21.jpg\",\"datePublished\":\"2026-01-26T17:11:21+00:00\",\"description\":\"Este brazalete ba\u00f1ado en rodio, presenta una herradura en el centro, mientras que su banda articulada incluye una cadena ajustable.\",\"breadcrumb\":{\"@id\":\"https:\/\/lubeljoyeria.com\/?product=pulsera-herradura-swarovski-symbolica-rodio#breadcrumb\"},\"inLanguage\":\"es\",\"potentialAction\":[{\"@type\":\"ReadAction\",\"target\":[\"https:\/\/lubeljoyeria.com\/?product=pulsera-herradura-swarovski-symbolica-rodio\"]}]},{\"@type\":\"ImageObject\",\"inLanguage\":\"es\",\"@id\":\"https:\/\/lubeljoyeria.com\/?product=pulsera-herradura-swarovski-symbolica-rodio#primaryimage\",\"url\":\"https:\/\/lubeljoyeria.com\/wp-content\/uploads\/2026\/01\/Screenshot_1-21.jpg\",\"contentUrl\":\"https:\/\/lubeljoyeria.com\/wp-content\/uploads\/2026\/01\/Screenshot_1-21.jpg\",\"width\":608,\"height\":610,\"caption\":\"Este brazalete ba\u00f1ado en rodio, s\u00edmbolo de la ambici\u00f3n y el impulso, presenta una herradura en el centro, mientras que su banda articulada incluye una cadena ajustable para garantizar un ajuste c\u00f3modo y personalizado. Lleva este brazalete como tu propio amuleto de la suerte o reg\u00e1lalo a alguien para inspirar un \u00e9xito r\u00e1pido. Tama\u00f1o:\u00a0 Largo: 15.5 cm Di\u00e1metros interiores: 5.5 x 4.3 cm Tama\u00f1o del motivo: 1.2 x 1.3 cm Distancia de apertura: 4 cm Material: Ba\u00f1o de rodio y cristales\"},{\"@type\":\"BreadcrumbList\",\"@id\":\"https:\/\/lubeljoyeria.com\/?product=pulsera-herradura-swarovski-symbolica-rodio#breadcrumb\",\"itemListElement\":[{\"@type\":\"ListItem\",\"position\":1,\"name\":\"Home\",\"item\":\"https:\/\/lubeljoyeria.com\/\"},{\"@type\":\"ListItem\",\"position\":2,\"name\":\"Tienda\",\"item\":\"https:\/\/lubeljoyeria.com\/?page_id=6\"},{\"@type\":\"ListItem\",\"position\":3,\"name\":\"Pulsera Herradura Swarovski, Symbolica Rodio\"}]},{\"@type\":\"WebSite\",\"@id\":\"https:\/\/lubeljoyeria.com\/#website\",\"url\":\"https:\/\/lubeljoyeria.com\/\",\"name\":\"Lubel joyeria. Joyeria en Plata . Distribuidor oficial de Swarovski. - Lubel\",\"description\":\"Lubel joyeria. Joyeria en Plata . Distribuidor oficial de Swarovski. - Lubel\",\"publisher\":{\"@id\":\"https:\/\/lubeljoyeria.com\/#organization\"},\"potentialAction\":[{\"@type\":\"SearchAction\",\"target\":{\"@type\":\"EntryPoint\",\"urlTemplate\":\"https:\/\/lubeljoyeria.com\/?s={search_term_string}\"},\"query-input\":{\"@type\":\"PropertyValueSpecification\",\"valueRequired\":true,\"valueName\":\"search_term_string\"}}],\"inLanguage\":\"es\"},{\"@type\":\"Organization\",\"@id\":\"https:\/\/lubeljoyeria.com\/#organization\",\"name\":\"Lubel joyeria. Joyeria en Plata . Distribuidor oficial de Swarovski. - Lubel\",\"url\":\"https:\/\/lubeljoyeria.com\/\",\"logo\":{\"@type\":\"ImageObject\",\"inLanguage\":\"es\",\"@id\":\"https:\/\/lubeljoyeria.com\/#\/schema\/logo\/image\/\",\"url\":\"https:\/\/lubeljoyeria.com\/wp-content\/uploads\/2020\/10\/lubel-joyeria-logo-1543825573-1.png\",\"contentUrl\":\"https:\/\/lubeljoyeria.com\/wp-content\/uploads\/2020\/10\/lubel-joyeria-logo-1543825573-1.png\",\"width\":135,\"height\":31,\"caption\":\"Lubel joyeria. Joyeria en Plata . Distribuidor oficial de Swarovski. - Lubel\"},\"image\":{\"@id\":\"https:\/\/lubeljoyeria.com\/#\/schema\/logo\/image\/\"}}]}<\/script>\n<!-- \/ Yoast SEO Premium plugin. -->","yoast_head_json":{"title":"Pulsera Herradura Swarovski, Symbolica Rodio - Distribuidor Oficial Swarovski","description":"Este brazalete ba\u00f1ado en rodio, presenta una herradura en el centro, mientras que su banda articulada incluye una cadena ajustable.","robots":{"index":"index","follow":"follow","max-snippet":"max-snippet:-1","max-image-preview":"max-image-preview:large","max-video-preview":"max-video-preview:-1"},"canonical":"https:\/\/lubeljoyeria.com\/?product=pulsera-herradura-swarovski-symbolica-rodio","og_locale":"es_ES","og_type":"article","og_title":"Pulsera Herradura Swarovski, Symbolica Rodio","og_description":"Este brazalete ba\u00f1ado en rodio, presenta una herradura en el centro, mientras que su banda articulada incluye una cadena ajustable.","og_url":"https:\/\/lubeljoyeria.com\/?product=pulsera-herradura-swarovski-symbolica-rodio","og_site_name":"Lubel joyeria. Joyeria en Plata . Distribuidor oficial de Swarovski. - Lubel","og_image":[{"width":608,"height":610,"url":"https:\/\/lubeljoyeria.com\/wp-content\/uploads\/2026\/01\/Screenshot_1-21.jpg","type":"image\/jpeg"}],"twitter_card":"summary_large_image","twitter_misc":{"Tiempo de lectura":"1 minuto"},"schema":{"@context":"https:\/\/schema.org","@graph":[{"@type":"WebPage","@id":"https:\/\/lubeljoyeria.com\/?product=pulsera-herradura-swarovski-symbolica-rodio","url":"https:\/\/lubeljoyeria.com\/?product=pulsera-herradura-swarovski-symbolica-rodio","name":"Pulsera Herradura Swarovski, Symbolica Rodio - Distribuidor Oficial Swarovski","isPartOf":{"@id":"https:\/\/lubeljoyeria.com\/#website"},"primaryImageOfPage":{"@id":"https:\/\/lubeljoyeria.com\/?product=pulsera-herradura-swarovski-symbolica-rodio#primaryimage"},"image":{"@id":"https:\/\/lubeljoyeria.com\/?product=pulsera-herradura-swarovski-symbolica-rodio#primaryimage"},"thumbnailUrl":"https:\/\/lubeljoyeria.com\/wp-content\/uploads\/2026\/01\/Screenshot_1-21.jpg","datePublished":"2026-01-26T17:11:21+00:00","description":"Este brazalete ba\u00f1ado en rodio, presenta una herradura en el centro, mientras que su banda articulada incluye una cadena ajustable.","breadcrumb":{"@id":"https:\/\/lubeljoyeria.com\/?product=pulsera-herradura-swarovski-symbolica-rodio#breadcrumb"},"inLanguage":"es","potentialAction":[{"@type":"ReadAction","target":["https:\/\/lubeljoyeria.com\/?product=pulsera-herradura-swarovski-symbolica-rodio"]}]},{"@type":"ImageObject","inLanguage":"es","@id":"https:\/\/lubeljoyeria.com\/?product=pulsera-herradura-swarovski-symbolica-rodio#primaryimage","url":"https:\/\/lubeljoyeria.com\/wp-content\/uploads\/2026\/01\/Screenshot_1-21.jpg","contentUrl":"https:\/\/lubeljoyeria.com\/wp-content\/uploads\/2026\/01\/Screenshot_1-21.jpg","width":608,"height":610,"caption":"Este brazalete ba\u00f1ado en rodio, s\u00edmbolo de la ambici\u00f3n y el impulso, presenta una herradura en el centro, mientras que su banda articulada incluye una cadena ajustable para garantizar un ajuste c\u00f3modo y personalizado. Lleva este brazalete como tu propio amuleto de la suerte o reg\u00e1lalo a alguien para inspirar un \u00e9xito r\u00e1pido. Tama\u00f1o:\u00a0 Largo: 15.5 cm Di\u00e1metros interiores: 5.5 x 4.3 cm Tama\u00f1o del motivo: 1.2 x 1.3 cm Distancia de apertura: 4 cm Material: Ba\u00f1o de rodio y cristales"},{"@type":"BreadcrumbList","@id":"https:\/\/lubeljoyeria.com\/?product=pulsera-herradura-swarovski-symbolica-rodio#breadcrumb","itemListElement":[{"@type":"ListItem","position":1,"name":"Home","item":"https:\/\/lubeljoyeria.com\/"},{"@type":"ListItem","position":2,"name":"Tienda","item":"https:\/\/lubeljoyeria.com\/?page_id=6"},{"@type":"ListItem","position":3,"name":"Pulsera Herradura Swarovski, Symbolica Rodio"}]},{"@type":"WebSite","@id":"https:\/\/lubeljoyeria.com\/#website","url":"https:\/\/lubeljoyeria.com\/","name":"Lubel joyeria. Joyeria en Plata . Distribuidor oficial de Swarovski. - Lubel","description":"Lubel joyeria. Joyeria en Plata . Distribuidor oficial de Swarovski. - Lubel","publisher":{"@id":"https:\/\/lubeljoyeria.com\/#organization"},"potentialAction":[{"@type":"SearchAction","target":{"@type":"EntryPoint","urlTemplate":"https:\/\/lubeljoyeria.com\/?s={search_term_string}"},"query-input":{"@type":"PropertyValueSpecification","valueRequired":true,"valueName":"search_term_string"}}],"inLanguage":"es"},{"@type":"Organization","@id":"https:\/\/lubeljoyeria.com\/#organization","name":"Lubel joyeria. Joyeria en Plata . Distribuidor oficial de Swarovski. - Lubel","url":"https:\/\/lubeljoyeria.com\/","logo":{"@type":"ImageObject","inLanguage":"es","@id":"https:\/\/lubeljoyeria.com\/#\/schema\/logo\/image\/","url":"https:\/\/lubeljoyeria.com\/wp-content\/uploads\/2020\/10\/lubel-joyeria-logo-1543825573-1.png","contentUrl":"https:\/\/lubeljoyeria.com\/wp-content\/uploads\/2020\/10\/lubel-joyeria-logo-1543825573-1.png","width":135,"height":31,"caption":"Lubel joyeria. Joyeria en Plata . Distribuidor oficial de Swarovski. - Lubel"},"image":{"@id":"https:\/\/lubeljoyeria.com\/#\/schema\/logo\/image\/"}}]}},"_links":{"self":[{"href":"https:\/\/lubeljoyeria.com\/index.php?rest_route=\/wp\/v2\/product\/29006","targetHints":{"allow":["GET"]}}],"collection":[{"href":"https:\/\/lubeljoyeria.com\/index.php?rest_route=\/wp\/v2\/product"}],"about":[{"href":"https:\/\/lubeljoyeria.com\/index.php?rest_route=\/wp\/v2\/types\/product"}],"wp:featuredmedia":[{"embeddable":true,"href":"https:\/\/lubeljoyeria.com\/index.php?rest_route=\/wp\/v2\/media\/29008"}],"wp:attachment":[{"href":"https:\/\/lubeljoyeria.com\/index.php?rest_route=%2Fwp%2Fv2%2Fmedia&parent=29006"}],"wp:term":[{"taxonomy":"product_brand","embeddable":true,"href":"https:\/\/lubeljoyeria.com\/index.php?rest_route=%2Fwp%2Fv2%2Fproduct_brand&post=29006"},{"taxonomy":"product_cat","embeddable":true,"href":"https:\/\/lubeljoyeria.com\/index.php?rest_route=%2Fwp%2Fv2%2Fproduct_cat&post=29006"},{"taxonomy":"product_tag","embeddable":true,"href":"https:\/\/lubeljoyeria.com\/index.php?rest_route=%2Fwp%2Fv2%2Fproduct_tag&post=29006"}],"curies":[{"name":"wp","href":"https:\/\/api.w.org\/{rel}","templated":true}]}}