{"id":28914,"date":"2026-01-23T10:08:57","date_gmt":"2026-01-23T10:08:57","guid":{"rendered":"https:\/\/lubeljoyeria.com\/?post_type=product&#038;p=28914"},"modified":"2026-02-18T16:39:24","modified_gmt":"2026-02-18T16:39:24","slug":"collar-swarovski-hyperbola-blanco-oro","status":"publish","type":"product","link":"https:\/\/lubeljoyeria.com\/?product=collar-swarovski-hyperbola-blanco-oro","title":{"rendered":"Collar Swarovski, Hyperbola Blanco Oro"},"content":{"rendered":"<p>Este colgante Hyperbola, elaborado con una silueta en espiral, combina el brillo cl\u00e1sico del ba\u00f1o en oro con el dominio de la luz de Swarovski. El hipn\u00f3tico dise\u00f1o se acent\u00faa con cristales\u00a0 de distintos tama\u00f1os, mientras que el elegante trabajo del metal aporta sofisticaci\u00f3n para todo el d\u00eda. Ll\u00e9valo con unos pendientes o un anillo a juego para maximizar el efecto.<\/p>\n<p>Tama\u00f1o:<\/p>\n<ul>\n<li>Largo (m\u00ednimo &#8211; m\u00e1ximo): 50 &#8211; 57 cm<\/li>\n<li>Tama\u00f1o del motivo: 2.7 x 0 cm<\/li>\n<\/ul>\n<p>Material: Cristales y ba\u00f1o de oro<\/p>\n","protected":false},"excerpt":{"rendered":"<p>Este colgante Hyperbola, elaborado con una silueta en espiral, combina el brillo cl\u00e1sico del ba\u00f1o en oro con el dominio de la luz de Swarovski. El hipn\u00f3tico dise\u00f1o se acent\u00faa con cristales\u00a0 de distintos tama\u00f1os, mientras que el elegante trabajo del metal aporta sofisticaci\u00f3n para todo el d\u00eda. Ll\u00e9valo con unos pendientes o un anillo a juego para maximizar el efecto.<\/p>\n<p>Tama\u00f1o:<\/p>\n<ul>\n<li>Largo (m\u00ednimo &#8211; m\u00e1ximo): 50 &#8211; 57 cm<\/li>\n<li>Tama\u00f1o del motivo: 2.7 x 0 cm<\/li>\n<\/ul>\n<p>Material: Cristales y ba\u00f1o de oro<\/p>\n","protected":false},"featured_media":28916,"template":"","meta":{"_joinchat":[]},"product_brand":[1437],"product_cat":[1463,1464,1470,1525],"product_tag":[],"class_list":{"0":"post-28914","1":"product","2":"type-product","3":"status-publish","4":"has-post-thumbnail","6":"product_brand-swarovski","7":"product_cat-inicio","8":"product_cat-principal","9":"product_cat-swarovski","10":"product_cat-collares-swarovski","11":"sales-flash-overlay","12":"woocommerce-text-align-center","13":"woocommerce-image-align-center","14":"do-quantity-buttons","15":"wc-has-gallery","17":"first","18":"outofstock","19":"taxable","20":"shipping-taxable","21":"purchasable","22":"product-type-simple"},"yoast_head":"<!-- This site is optimized with the Yoast SEO Premium plugin v22.5 (Yoast SEO v26.5) - https:\/\/yoast.com\/wordpress\/plugins\/seo\/ -->\n<title>Collar Swarovski, Hyperbola Blanco Oro - Distribuidor Oficial Swarovski<\/title>\n<meta name=\"description\" content=\"Este colgante Hyperbola, elaborado con una silueta en espiral, combina el brillo cl\u00e1sico del ba\u00f1o en oro con el dominio de la luz de Swarovski.\" \/>\n<meta name=\"robots\" content=\"index, follow, max-snippet:-1, max-image-preview:large, max-video-preview:-1\" \/>\n<link rel=\"canonical\" href=\"https:\/\/lubeljoyeria.com\/?product=collar-swarovski-hyperbola-blanco-oro\" \/>\n<meta property=\"og:locale\" content=\"es_ES\" \/>\n<meta property=\"og:type\" content=\"article\" \/>\n<meta property=\"og:title\" content=\"Collar Swarovski, Hyperbola Blanco Oro\" \/>\n<meta property=\"og:description\" content=\"Este colgante Hyperbola, elaborado con una silueta en espiral, combina el brillo cl\u00e1sico del ba\u00f1o en oro con el dominio de la luz de Swarovski.\" \/>\n<meta property=\"og:url\" content=\"https:\/\/lubeljoyeria.com\/?product=collar-swarovski-hyperbola-blanco-oro\" \/>\n<meta property=\"og:site_name\" content=\"Lubel joyeria. Joyeria en Plata . Distribuidor oficial de Swarovski. - Lubel\" \/>\n<meta property=\"article:modified_time\" content=\"2026-02-18T16:39:24+00:00\" \/>\n<meta property=\"og:image\" content=\"https:\/\/lubeljoyeria.com\/wp-content\/uploads\/2026\/01\/Screenshot_1-8.jpg\" \/>\n\t<meta property=\"og:image:width\" content=\"611\" \/>\n\t<meta property=\"og:image:height\" content=\"610\" \/>\n\t<meta property=\"og:image:type\" content=\"image\/jpeg\" \/>\n<meta name=\"twitter:card\" content=\"summary_large_image\" \/>\n<meta name=\"twitter:label1\" content=\"Tiempo de lectura\" \/>\n\t<meta name=\"twitter:data1\" content=\"1 minuto\" \/>\n<script type=\"application\/ld+json\" class=\"yoast-schema-graph\">{\"@context\":\"https:\/\/schema.org\",\"@graph\":[{\"@type\":\"WebPage\",\"@id\":\"https:\/\/lubeljoyeria.com\/?product=collar-swarovski-hyperbola-blanco-oro\",\"url\":\"https:\/\/lubeljoyeria.com\/?product=collar-swarovski-hyperbola-blanco-oro\",\"name\":\"Collar Swarovski, Hyperbola Blanco Oro - Distribuidor Oficial Swarovski\",\"isPartOf\":{\"@id\":\"https:\/\/lubeljoyeria.com\/#website\"},\"primaryImageOfPage\":{\"@id\":\"https:\/\/lubeljoyeria.com\/?product=collar-swarovski-hyperbola-blanco-oro#primaryimage\"},\"image\":{\"@id\":\"https:\/\/lubeljoyeria.com\/?product=collar-swarovski-hyperbola-blanco-oro#primaryimage\"},\"thumbnailUrl\":\"https:\/\/lubeljoyeria.com\/wp-content\/uploads\/2026\/01\/Screenshot_1-8.jpg\",\"datePublished\":\"2026-01-23T10:08:57+00:00\",\"dateModified\":\"2026-02-18T16:39:24+00:00\",\"description\":\"Este colgante Hyperbola, elaborado con una silueta en espiral, combina el brillo cl\u00e1sico del ba\u00f1o en oro con el dominio de la luz de Swarovski.\",\"breadcrumb\":{\"@id\":\"https:\/\/lubeljoyeria.com\/?product=collar-swarovski-hyperbola-blanco-oro#breadcrumb\"},\"inLanguage\":\"es\",\"potentialAction\":[{\"@type\":\"ReadAction\",\"target\":[\"https:\/\/lubeljoyeria.com\/?product=collar-swarovski-hyperbola-blanco-oro\"]}]},{\"@type\":\"ImageObject\",\"inLanguage\":\"es\",\"@id\":\"https:\/\/lubeljoyeria.com\/?product=collar-swarovski-hyperbola-blanco-oro#primaryimage\",\"url\":\"https:\/\/lubeljoyeria.com\/wp-content\/uploads\/2026\/01\/Screenshot_1-8.jpg\",\"contentUrl\":\"https:\/\/lubeljoyeria.com\/wp-content\/uploads\/2026\/01\/Screenshot_1-8.jpg\",\"width\":611,\"height\":610,\"caption\":\"Este colgante Hyperbola, elaborado con una silueta en espiral, combina el brillo cl\u00e1sico del ba\u00f1o en oro con el dominio de la luz de Swarovski. El hipn\u00f3tico dise\u00f1o se acent\u00faa con cristales\u00a0 de distintos tama\u00f1os, mientras que el elegante trabajo del metal aporta sofisticaci\u00f3n para todo el d\u00eda. Ll\u00e9valo con unos pendientes o un anillo a juego para maximizar el efecto. Tama\u00f1o:\u00a0 Largo (m\u00ednimo - m\u00e1ximo): 50 - 57 cm Tama\u00f1o del motivo: 2.7 x 0 cm Material: Cristales y ba\u00f1o de oro\"},{\"@type\":\"BreadcrumbList\",\"@id\":\"https:\/\/lubeljoyeria.com\/?product=collar-swarovski-hyperbola-blanco-oro#breadcrumb\",\"itemListElement\":[{\"@type\":\"ListItem\",\"position\":1,\"name\":\"Home\",\"item\":\"https:\/\/lubeljoyeria.com\/\"},{\"@type\":\"ListItem\",\"position\":2,\"name\":\"Tienda\",\"item\":\"https:\/\/lubeljoyeria.com\/?page_id=6\"},{\"@type\":\"ListItem\",\"position\":3,\"name\":\"Collar Swarovski, Hyperbola Blanco Oro\"}]},{\"@type\":\"WebSite\",\"@id\":\"https:\/\/lubeljoyeria.com\/#website\",\"url\":\"https:\/\/lubeljoyeria.com\/\",\"name\":\"Lubel joyeria. Joyeria en Plata . Distribuidor oficial de Swarovski. - Lubel\",\"description\":\"Lubel joyeria. Joyeria en Plata . Distribuidor oficial de Swarovski. - Lubel\",\"publisher\":{\"@id\":\"https:\/\/lubeljoyeria.com\/#organization\"},\"potentialAction\":[{\"@type\":\"SearchAction\",\"target\":{\"@type\":\"EntryPoint\",\"urlTemplate\":\"https:\/\/lubeljoyeria.com\/?s={search_term_string}\"},\"query-input\":{\"@type\":\"PropertyValueSpecification\",\"valueRequired\":true,\"valueName\":\"search_term_string\"}}],\"inLanguage\":\"es\"},{\"@type\":\"Organization\",\"@id\":\"https:\/\/lubeljoyeria.com\/#organization\",\"name\":\"Lubel joyeria. Joyeria en Plata . Distribuidor oficial de Swarovski. - Lubel\",\"url\":\"https:\/\/lubeljoyeria.com\/\",\"logo\":{\"@type\":\"ImageObject\",\"inLanguage\":\"es\",\"@id\":\"https:\/\/lubeljoyeria.com\/#\/schema\/logo\/image\/\",\"url\":\"https:\/\/lubeljoyeria.com\/wp-content\/uploads\/2020\/10\/lubel-joyeria-logo-1543825573-1.png\",\"contentUrl\":\"https:\/\/lubeljoyeria.com\/wp-content\/uploads\/2020\/10\/lubel-joyeria-logo-1543825573-1.png\",\"width\":135,\"height\":31,\"caption\":\"Lubel joyeria. Joyeria en Plata . Distribuidor oficial de Swarovski. - Lubel\"},\"image\":{\"@id\":\"https:\/\/lubeljoyeria.com\/#\/schema\/logo\/image\/\"}}]}<\/script>\n<!-- \/ Yoast SEO Premium plugin. -->","yoast_head_json":{"title":"Collar Swarovski, Hyperbola Blanco Oro - Distribuidor Oficial Swarovski","description":"Este colgante Hyperbola, elaborado con una silueta en espiral, combina el brillo cl\u00e1sico del ba\u00f1o en oro con el dominio de la luz de Swarovski.","robots":{"index":"index","follow":"follow","max-snippet":"max-snippet:-1","max-image-preview":"max-image-preview:large","max-video-preview":"max-video-preview:-1"},"canonical":"https:\/\/lubeljoyeria.com\/?product=collar-swarovski-hyperbola-blanco-oro","og_locale":"es_ES","og_type":"article","og_title":"Collar Swarovski, Hyperbola Blanco Oro","og_description":"Este colgante Hyperbola, elaborado con una silueta en espiral, combina el brillo cl\u00e1sico del ba\u00f1o en oro con el dominio de la luz de Swarovski.","og_url":"https:\/\/lubeljoyeria.com\/?product=collar-swarovski-hyperbola-blanco-oro","og_site_name":"Lubel joyeria. Joyeria en Plata . Distribuidor oficial de Swarovski. - Lubel","article_modified_time":"2026-02-18T16:39:24+00:00","og_image":[{"width":611,"height":610,"url":"https:\/\/lubeljoyeria.com\/wp-content\/uploads\/2026\/01\/Screenshot_1-8.jpg","type":"image\/jpeg"}],"twitter_card":"summary_large_image","twitter_misc":{"Tiempo de lectura":"1 minuto"},"schema":{"@context":"https:\/\/schema.org","@graph":[{"@type":"WebPage","@id":"https:\/\/lubeljoyeria.com\/?product=collar-swarovski-hyperbola-blanco-oro","url":"https:\/\/lubeljoyeria.com\/?product=collar-swarovski-hyperbola-blanco-oro","name":"Collar Swarovski, Hyperbola Blanco Oro - Distribuidor Oficial Swarovski","isPartOf":{"@id":"https:\/\/lubeljoyeria.com\/#website"},"primaryImageOfPage":{"@id":"https:\/\/lubeljoyeria.com\/?product=collar-swarovski-hyperbola-blanco-oro#primaryimage"},"image":{"@id":"https:\/\/lubeljoyeria.com\/?product=collar-swarovski-hyperbola-blanco-oro#primaryimage"},"thumbnailUrl":"https:\/\/lubeljoyeria.com\/wp-content\/uploads\/2026\/01\/Screenshot_1-8.jpg","datePublished":"2026-01-23T10:08:57+00:00","dateModified":"2026-02-18T16:39:24+00:00","description":"Este colgante Hyperbola, elaborado con una silueta en espiral, combina el brillo cl\u00e1sico del ba\u00f1o en oro con el dominio de la luz de Swarovski.","breadcrumb":{"@id":"https:\/\/lubeljoyeria.com\/?product=collar-swarovski-hyperbola-blanco-oro#breadcrumb"},"inLanguage":"es","potentialAction":[{"@type":"ReadAction","target":["https:\/\/lubeljoyeria.com\/?product=collar-swarovski-hyperbola-blanco-oro"]}]},{"@type":"ImageObject","inLanguage":"es","@id":"https:\/\/lubeljoyeria.com\/?product=collar-swarovski-hyperbola-blanco-oro#primaryimage","url":"https:\/\/lubeljoyeria.com\/wp-content\/uploads\/2026\/01\/Screenshot_1-8.jpg","contentUrl":"https:\/\/lubeljoyeria.com\/wp-content\/uploads\/2026\/01\/Screenshot_1-8.jpg","width":611,"height":610,"caption":"Este colgante Hyperbola, elaborado con una silueta en espiral, combina el brillo cl\u00e1sico del ba\u00f1o en oro con el dominio de la luz de Swarovski. El hipn\u00f3tico dise\u00f1o se acent\u00faa con cristales\u00a0 de distintos tama\u00f1os, mientras que el elegante trabajo del metal aporta sofisticaci\u00f3n para todo el d\u00eda. Ll\u00e9valo con unos pendientes o un anillo a juego para maximizar el efecto. Tama\u00f1o:\u00a0 Largo (m\u00ednimo - m\u00e1ximo): 50 - 57 cm Tama\u00f1o del motivo: 2.7 x 0 cm Material: Cristales y ba\u00f1o de oro"},{"@type":"BreadcrumbList","@id":"https:\/\/lubeljoyeria.com\/?product=collar-swarovski-hyperbola-blanco-oro#breadcrumb","itemListElement":[{"@type":"ListItem","position":1,"name":"Home","item":"https:\/\/lubeljoyeria.com\/"},{"@type":"ListItem","position":2,"name":"Tienda","item":"https:\/\/lubeljoyeria.com\/?page_id=6"},{"@type":"ListItem","position":3,"name":"Collar Swarovski, Hyperbola Blanco Oro"}]},{"@type":"WebSite","@id":"https:\/\/lubeljoyeria.com\/#website","url":"https:\/\/lubeljoyeria.com\/","name":"Lubel joyeria. Joyeria en Plata . Distribuidor oficial de Swarovski. - Lubel","description":"Lubel joyeria. Joyeria en Plata . Distribuidor oficial de Swarovski. - Lubel","publisher":{"@id":"https:\/\/lubeljoyeria.com\/#organization"},"potentialAction":[{"@type":"SearchAction","target":{"@type":"EntryPoint","urlTemplate":"https:\/\/lubeljoyeria.com\/?s={search_term_string}"},"query-input":{"@type":"PropertyValueSpecification","valueRequired":true,"valueName":"search_term_string"}}],"inLanguage":"es"},{"@type":"Organization","@id":"https:\/\/lubeljoyeria.com\/#organization","name":"Lubel joyeria. Joyeria en Plata . Distribuidor oficial de Swarovski. - Lubel","url":"https:\/\/lubeljoyeria.com\/","logo":{"@type":"ImageObject","inLanguage":"es","@id":"https:\/\/lubeljoyeria.com\/#\/schema\/logo\/image\/","url":"https:\/\/lubeljoyeria.com\/wp-content\/uploads\/2020\/10\/lubel-joyeria-logo-1543825573-1.png","contentUrl":"https:\/\/lubeljoyeria.com\/wp-content\/uploads\/2020\/10\/lubel-joyeria-logo-1543825573-1.png","width":135,"height":31,"caption":"Lubel joyeria. Joyeria en Plata . Distribuidor oficial de Swarovski. - Lubel"},"image":{"@id":"https:\/\/lubeljoyeria.com\/#\/schema\/logo\/image\/"}}]}},"_links":{"self":[{"href":"https:\/\/lubeljoyeria.com\/index.php?rest_route=\/wp\/v2\/product\/28914","targetHints":{"allow":["GET"]}}],"collection":[{"href":"https:\/\/lubeljoyeria.com\/index.php?rest_route=\/wp\/v2\/product"}],"about":[{"href":"https:\/\/lubeljoyeria.com\/index.php?rest_route=\/wp\/v2\/types\/product"}],"wp:featuredmedia":[{"embeddable":true,"href":"https:\/\/lubeljoyeria.com\/index.php?rest_route=\/wp\/v2\/media\/28916"}],"wp:attachment":[{"href":"https:\/\/lubeljoyeria.com\/index.php?rest_route=%2Fwp%2Fv2%2Fmedia&parent=28914"}],"wp:term":[{"taxonomy":"product_brand","embeddable":true,"href":"https:\/\/lubeljoyeria.com\/index.php?rest_route=%2Fwp%2Fv2%2Fproduct_brand&post=28914"},{"taxonomy":"product_cat","embeddable":true,"href":"https:\/\/lubeljoyeria.com\/index.php?rest_route=%2Fwp%2Fv2%2Fproduct_cat&post=28914"},{"taxonomy":"product_tag","embeddable":true,"href":"https:\/\/lubeljoyeria.com\/index.php?rest_route=%2Fwp%2Fv2%2Fproduct_tag&post=28914"}],"curies":[{"name":"wp","href":"https:\/\/api.w.org\/{rel}","templated":true}]}}