{"id":28844,"date":"2026-01-20T17:55:29","date_gmt":"2026-01-20T17:55:29","guid":{"rendered":"https:\/\/lubeljoyeria.com\/?post_type=product&#038;p=28844"},"modified":"2026-01-20T17:55:29","modified_gmt":"2026-01-20T17:55:29","slug":"anillo-salvatore-altai","status":"publish","type":"product","link":"https:\/\/lubeljoyeria.com\/?product=anillo-salvatore-altai","title":{"rendered":"Anillo Salvatore, Altai"},"content":{"rendered":"<p>La colecci\u00f3n de Salvatore Altai est\u00e1 inspirada en la majestuosidad de las monta\u00f1as del mismo nombre, donde el invierno es un lenguaje y la nieve cubre las llanuras como un velo sagrado. Comb\u00ednalo con otras piezas de la misma colecci\u00f3n!<\/p>\n<p>Material: Plata de Primera Ley (925), ba\u00f1o de rodio y circonitas<\/p>\n","protected":false},"excerpt":{"rendered":"<p>La colecci\u00f3n de Salvatore Altai est\u00e1 inspirada en la majestuosidad de las monta\u00f1as del mismo nombre, donde el invierno es un lenguaje y la nieve cubre las llanuras como un velo sagrado. Comb\u00ednalo con otras piezas de la misma colecci\u00f3n!<\/p>\n<p>Material: Plata de Primera Ley (925), ba\u00f1o de rodio y circonitas<\/p>\n","protected":false},"featured_media":28848,"template":"","meta":{"_joinchat":[]},"product_brand":[1439],"product_cat":[1463,1464,1485,1520],"product_tag":[],"class_list":{"0":"post-28844","1":"product","2":"type-product","3":"status-publish","4":"has-post-thumbnail","6":"product_brand-salvatore-plata","7":"product_cat-inicio","8":"product_cat-principal","9":"product_cat-salvatore-plata","10":"product_cat-anillos-salvatore-plata","11":"pa_tallaanillomedidortatum-1543","12":"pa_tallaanillomedidortatum-1547","13":"sales-flash-overlay","14":"woocommerce-text-align-center","15":"woocommerce-image-align-center","16":"do-quantity-buttons","17":"wc-has-gallery","19":"first","20":"instock","21":"taxable","22":"shipping-taxable","23":"purchasable","24":"product-type-variable"},"yoast_head":"<!-- This site is optimized with the Yoast SEO Premium plugin v22.5 (Yoast SEO v26.5) - https:\/\/yoast.com\/wordpress\/plugins\/seo\/ -->\n<title>Anillo Salvatore, Altai - Distribuidor Oficial Salvatore<\/title>\n<meta name=\"description\" content=\"La colecci\u00f3n de Salvatore Altai est\u00e1 inspirada en la majestuosidad de las monta\u00f1as del mismo nombre, donde el invierno es un lenguaje.\" \/>\n<meta name=\"robots\" content=\"index, follow, max-snippet:-1, max-image-preview:large, max-video-preview:-1\" \/>\n<link rel=\"canonical\" href=\"https:\/\/lubeljoyeria.com\/?product=anillo-salvatore-altai\" \/>\n<meta property=\"og:locale\" content=\"es_ES\" \/>\n<meta property=\"og:type\" content=\"article\" \/>\n<meta property=\"og:title\" content=\"Anillo Salvatore, Altai\" \/>\n<meta property=\"og:description\" content=\"La colecci\u00f3n de Salvatore Altai est\u00e1 inspirada en la majestuosidad de las monta\u00f1as del mismo nombre, donde el invierno es un lenguaje.\" \/>\n<meta property=\"og:url\" content=\"https:\/\/lubeljoyeria.com\/?product=anillo-salvatore-altai\" \/>\n<meta property=\"og:site_name\" content=\"Lubel joyeria. Joyeria en Plata . Distribuidor oficial de Swarovski. - Lubel\" \/>\n<meta property=\"og:image\" content=\"https:\/\/lubeljoyeria.com\/wp-content\/uploads\/2026\/01\/Screenshot_2-1.jpg\" \/>\n\t<meta property=\"og:image:width\" content=\"610\" \/>\n\t<meta property=\"og:image:height\" content=\"607\" \/>\n\t<meta property=\"og:image:type\" content=\"image\/jpeg\" \/>\n<meta name=\"twitter:card\" content=\"summary_large_image\" \/>\n<meta name=\"twitter:label1\" content=\"Tiempo de lectura\" \/>\n\t<meta name=\"twitter:data1\" content=\"1 minuto\" \/>\n<script type=\"application\/ld+json\" class=\"yoast-schema-graph\">{\"@context\":\"https:\/\/schema.org\",\"@graph\":[{\"@type\":\"WebPage\",\"@id\":\"https:\/\/lubeljoyeria.com\/?product=anillo-salvatore-altai\",\"url\":\"https:\/\/lubeljoyeria.com\/?product=anillo-salvatore-altai\",\"name\":\"Anillo Salvatore, Altai - Distribuidor Oficial Salvatore\",\"isPartOf\":{\"@id\":\"https:\/\/lubeljoyeria.com\/#website\"},\"primaryImageOfPage\":{\"@id\":\"https:\/\/lubeljoyeria.com\/?product=anillo-salvatore-altai#primaryimage\"},\"image\":{\"@id\":\"https:\/\/lubeljoyeria.com\/?product=anillo-salvatore-altai#primaryimage\"},\"thumbnailUrl\":\"https:\/\/lubeljoyeria.com\/wp-content\/uploads\/2026\/01\/Screenshot_2-1.jpg\",\"datePublished\":\"2026-01-20T17:55:29+00:00\",\"description\":\"La colecci\u00f3n de Salvatore Altai est\u00e1 inspirada en la majestuosidad de las monta\u00f1as del mismo nombre, donde el invierno es un lenguaje.\",\"breadcrumb\":{\"@id\":\"https:\/\/lubeljoyeria.com\/?product=anillo-salvatore-altai#breadcrumb\"},\"inLanguage\":\"es\",\"potentialAction\":[{\"@type\":\"ReadAction\",\"target\":[\"https:\/\/lubeljoyeria.com\/?product=anillo-salvatore-altai\"]}]},{\"@type\":\"ImageObject\",\"inLanguage\":\"es\",\"@id\":\"https:\/\/lubeljoyeria.com\/?product=anillo-salvatore-altai#primaryimage\",\"url\":\"https:\/\/lubeljoyeria.com\/wp-content\/uploads\/2026\/01\/Screenshot_2-1.jpg\",\"contentUrl\":\"https:\/\/lubeljoyeria.com\/wp-content\/uploads\/2026\/01\/Screenshot_2-1.jpg\",\"width\":610,\"height\":607,\"caption\":\"La colecci\u00f3n de Salvatore Altai est\u00e1 inspirada en la majestuosidad de las monta\u00f1as del mismo nombre, donde el invierno es un lenguaje y la nieve cubre las llanuras como un velo sagrado. Comb\u00ednalo con otras piezas de la misma colecci\u00f3n! Material: Plata de Primera Ley (925), ba\u00f1o de rodio y circonitas\"},{\"@type\":\"BreadcrumbList\",\"@id\":\"https:\/\/lubeljoyeria.com\/?product=anillo-salvatore-altai#breadcrumb\",\"itemListElement\":[{\"@type\":\"ListItem\",\"position\":1,\"name\":\"Home\",\"item\":\"https:\/\/lubeljoyeria.com\/\"},{\"@type\":\"ListItem\",\"position\":2,\"name\":\"Tienda\",\"item\":\"https:\/\/lubeljoyeria.com\/?page_id=6\"},{\"@type\":\"ListItem\",\"position\":3,\"name\":\"Anillo Salvatore, Altai\"}]},{\"@type\":\"WebSite\",\"@id\":\"https:\/\/lubeljoyeria.com\/#website\",\"url\":\"https:\/\/lubeljoyeria.com\/\",\"name\":\"Lubel joyeria. Joyeria en Plata . Distribuidor oficial de Swarovski. - Lubel\",\"description\":\"Lubel joyeria. Joyeria en Plata . Distribuidor oficial de Swarovski. - Lubel\",\"publisher\":{\"@id\":\"https:\/\/lubeljoyeria.com\/#organization\"},\"potentialAction\":[{\"@type\":\"SearchAction\",\"target\":{\"@type\":\"EntryPoint\",\"urlTemplate\":\"https:\/\/lubeljoyeria.com\/?s={search_term_string}\"},\"query-input\":{\"@type\":\"PropertyValueSpecification\",\"valueRequired\":true,\"valueName\":\"search_term_string\"}}],\"inLanguage\":\"es\"},{\"@type\":\"Organization\",\"@id\":\"https:\/\/lubeljoyeria.com\/#organization\",\"name\":\"Lubel joyeria. Joyeria en Plata . Distribuidor oficial de Swarovski. - Lubel\",\"url\":\"https:\/\/lubeljoyeria.com\/\",\"logo\":{\"@type\":\"ImageObject\",\"inLanguage\":\"es\",\"@id\":\"https:\/\/lubeljoyeria.com\/#\/schema\/logo\/image\/\",\"url\":\"https:\/\/lubeljoyeria.com\/wp-content\/uploads\/2020\/10\/lubel-joyeria-logo-1543825573-1.png\",\"contentUrl\":\"https:\/\/lubeljoyeria.com\/wp-content\/uploads\/2020\/10\/lubel-joyeria-logo-1543825573-1.png\",\"width\":135,\"height\":31,\"caption\":\"Lubel joyeria. Joyeria en Plata . Distribuidor oficial de Swarovski. - Lubel\"},\"image\":{\"@id\":\"https:\/\/lubeljoyeria.com\/#\/schema\/logo\/image\/\"}}]}<\/script>\n<!-- \/ Yoast SEO Premium plugin. -->","yoast_head_json":{"title":"Anillo Salvatore, Altai - Distribuidor Oficial Salvatore","description":"La colecci\u00f3n de Salvatore Altai est\u00e1 inspirada en la majestuosidad de las monta\u00f1as del mismo nombre, donde el invierno es un lenguaje.","robots":{"index":"index","follow":"follow","max-snippet":"max-snippet:-1","max-image-preview":"max-image-preview:large","max-video-preview":"max-video-preview:-1"},"canonical":"https:\/\/lubeljoyeria.com\/?product=anillo-salvatore-altai","og_locale":"es_ES","og_type":"article","og_title":"Anillo Salvatore, Altai","og_description":"La colecci\u00f3n de Salvatore Altai est\u00e1 inspirada en la majestuosidad de las monta\u00f1as del mismo nombre, donde el invierno es un lenguaje.","og_url":"https:\/\/lubeljoyeria.com\/?product=anillo-salvatore-altai","og_site_name":"Lubel joyeria. Joyeria en Plata . Distribuidor oficial de Swarovski. - Lubel","og_image":[{"width":610,"height":607,"url":"https:\/\/lubeljoyeria.com\/wp-content\/uploads\/2026\/01\/Screenshot_2-1.jpg","type":"image\/jpeg"}],"twitter_card":"summary_large_image","twitter_misc":{"Tiempo de lectura":"1 minuto"},"schema":{"@context":"https:\/\/schema.org","@graph":[{"@type":"WebPage","@id":"https:\/\/lubeljoyeria.com\/?product=anillo-salvatore-altai","url":"https:\/\/lubeljoyeria.com\/?product=anillo-salvatore-altai","name":"Anillo Salvatore, Altai - Distribuidor Oficial Salvatore","isPartOf":{"@id":"https:\/\/lubeljoyeria.com\/#website"},"primaryImageOfPage":{"@id":"https:\/\/lubeljoyeria.com\/?product=anillo-salvatore-altai#primaryimage"},"image":{"@id":"https:\/\/lubeljoyeria.com\/?product=anillo-salvatore-altai#primaryimage"},"thumbnailUrl":"https:\/\/lubeljoyeria.com\/wp-content\/uploads\/2026\/01\/Screenshot_2-1.jpg","datePublished":"2026-01-20T17:55:29+00:00","description":"La colecci\u00f3n de Salvatore Altai est\u00e1 inspirada en la majestuosidad de las monta\u00f1as del mismo nombre, donde el invierno es un lenguaje.","breadcrumb":{"@id":"https:\/\/lubeljoyeria.com\/?product=anillo-salvatore-altai#breadcrumb"},"inLanguage":"es","potentialAction":[{"@type":"ReadAction","target":["https:\/\/lubeljoyeria.com\/?product=anillo-salvatore-altai"]}]},{"@type":"ImageObject","inLanguage":"es","@id":"https:\/\/lubeljoyeria.com\/?product=anillo-salvatore-altai#primaryimage","url":"https:\/\/lubeljoyeria.com\/wp-content\/uploads\/2026\/01\/Screenshot_2-1.jpg","contentUrl":"https:\/\/lubeljoyeria.com\/wp-content\/uploads\/2026\/01\/Screenshot_2-1.jpg","width":610,"height":607,"caption":"La colecci\u00f3n de Salvatore Altai est\u00e1 inspirada en la majestuosidad de las monta\u00f1as del mismo nombre, donde el invierno es un lenguaje y la nieve cubre las llanuras como un velo sagrado. Comb\u00ednalo con otras piezas de la misma colecci\u00f3n! Material: Plata de Primera Ley (925), ba\u00f1o de rodio y circonitas"},{"@type":"BreadcrumbList","@id":"https:\/\/lubeljoyeria.com\/?product=anillo-salvatore-altai#breadcrumb","itemListElement":[{"@type":"ListItem","position":1,"name":"Home","item":"https:\/\/lubeljoyeria.com\/"},{"@type":"ListItem","position":2,"name":"Tienda","item":"https:\/\/lubeljoyeria.com\/?page_id=6"},{"@type":"ListItem","position":3,"name":"Anillo Salvatore, Altai"}]},{"@type":"WebSite","@id":"https:\/\/lubeljoyeria.com\/#website","url":"https:\/\/lubeljoyeria.com\/","name":"Lubel joyeria. Joyeria en Plata . Distribuidor oficial de Swarovski. - Lubel","description":"Lubel joyeria. Joyeria en Plata . Distribuidor oficial de Swarovski. - Lubel","publisher":{"@id":"https:\/\/lubeljoyeria.com\/#organization"},"potentialAction":[{"@type":"SearchAction","target":{"@type":"EntryPoint","urlTemplate":"https:\/\/lubeljoyeria.com\/?s={search_term_string}"},"query-input":{"@type":"PropertyValueSpecification","valueRequired":true,"valueName":"search_term_string"}}],"inLanguage":"es"},{"@type":"Organization","@id":"https:\/\/lubeljoyeria.com\/#organization","name":"Lubel joyeria. Joyeria en Plata . Distribuidor oficial de Swarovski. - Lubel","url":"https:\/\/lubeljoyeria.com\/","logo":{"@type":"ImageObject","inLanguage":"es","@id":"https:\/\/lubeljoyeria.com\/#\/schema\/logo\/image\/","url":"https:\/\/lubeljoyeria.com\/wp-content\/uploads\/2020\/10\/lubel-joyeria-logo-1543825573-1.png","contentUrl":"https:\/\/lubeljoyeria.com\/wp-content\/uploads\/2020\/10\/lubel-joyeria-logo-1543825573-1.png","width":135,"height":31,"caption":"Lubel joyeria. Joyeria en Plata . Distribuidor oficial de Swarovski. - Lubel"},"image":{"@id":"https:\/\/lubeljoyeria.com\/#\/schema\/logo\/image\/"}}]}},"_links":{"self":[{"href":"https:\/\/lubeljoyeria.com\/index.php?rest_route=\/wp\/v2\/product\/28844","targetHints":{"allow":["GET"]}}],"collection":[{"href":"https:\/\/lubeljoyeria.com\/index.php?rest_route=\/wp\/v2\/product"}],"about":[{"href":"https:\/\/lubeljoyeria.com\/index.php?rest_route=\/wp\/v2\/types\/product"}],"wp:featuredmedia":[{"embeddable":true,"href":"https:\/\/lubeljoyeria.com\/index.php?rest_route=\/wp\/v2\/media\/28848"}],"wp:attachment":[{"href":"https:\/\/lubeljoyeria.com\/index.php?rest_route=%2Fwp%2Fv2%2Fmedia&parent=28844"}],"wp:term":[{"taxonomy":"product_brand","embeddable":true,"href":"https:\/\/lubeljoyeria.com\/index.php?rest_route=%2Fwp%2Fv2%2Fproduct_brand&post=28844"},{"taxonomy":"product_cat","embeddable":true,"href":"https:\/\/lubeljoyeria.com\/index.php?rest_route=%2Fwp%2Fv2%2Fproduct_cat&post=28844"},{"taxonomy":"product_tag","embeddable":true,"href":"https:\/\/lubeljoyeria.com\/index.php?rest_route=%2Fwp%2Fv2%2Fproduct_tag&post=28844"}],"curies":[{"name":"wp","href":"https:\/\/api.w.org\/{rel}","templated":true}]}}