{"id":28646,"date":"2025-12-03T11:41:56","date_gmt":"2025-12-03T11:41:56","guid":{"rendered":"https:\/\/lubeljoyeria.com\/?post_type=product&#038;p=28646"},"modified":"2026-03-18T10:08:17","modified_gmt":"2026-03-18T10:08:17","slug":"pendientes-aro-hilado-salvatore-electra","status":"publish","type":"product","link":"https:\/\/lubeljoyeria.com\/?product=pendientes-aro-hilado-salvatore-electra","title":{"rendered":"Pendientes Aro Hilado Salvatore, Electra"},"content":{"rendered":"<p>Si est\u00e1s cansada del aro convencional, estos son tus aros perfectos con este maravilloso acabado hilado. De la colecci\u00f3n Electra de Salvatore. Comb\u00ednalos con anillos y pulseras de la misma colecci\u00f3n y dale un toque diferente a tus looks!<\/p>\n<p>Tama\u00f1o: 4 X 4<\/p>\n<p>Material: Plata de Primera Ley (925) y ba\u00f1o de oro<\/p>\n<p>Ref. Salvatore: 112A0396<\/p>\n","protected":false},"excerpt":{"rendered":"<p>Si est\u00e1s cansada del aro convencional, estos son tus aros perfectos con este maravilloso acabado hilado. De la colecci\u00f3n Electra de Salvatore. Comb\u00ednalos con anillos y pulseras de la misma colecci\u00f3n y dale un toque diferente a tus looks!<\/p>\n<p>Tama\u00f1o: 4 X 4<\/p>\n<p>Material: Plata de Primera Ley (925) y ba\u00f1o de oro<\/p>\n<p>Ref. Salvatore: 112A0396<\/p>\n","protected":false},"featured_media":28648,"template":"","meta":{"_joinchat":[]},"product_brand":[1439],"product_cat":[1463,1464,1485,1490],"product_tag":[],"class_list":{"0":"post-28646","1":"product","2":"type-product","3":"status-publish","4":"has-post-thumbnail","6":"product_brand-salvatore-plata","7":"product_cat-inicio","8":"product_cat-principal","9":"product_cat-salvatore-plata","10":"product_cat-pendientes-salvatore-plata","11":"sales-flash-overlay","12":"woocommerce-text-align-center","13":"woocommerce-image-align-center","14":"do-quantity-buttons","15":"wc-has-gallery","17":"first","18":"outofstock","19":"taxable","20":"shipping-taxable","21":"purchasable","22":"product-type-simple"},"yoast_head":"<!-- This site is optimized with the Yoast SEO Premium plugin v22.5 (Yoast SEO v26.5) - https:\/\/yoast.com\/wordpress\/plugins\/seo\/ -->\n<title>Pendientes Aro Hilado Salvatore, Electra - Distribuidor Oficial Salvatore<\/title>\n<meta name=\"description\" content=\"Pendientes de aro con acabado hilado de la colecci\u00f3n Electra de Salvatore. Fabricados en Plata de Primera Ley (925) y ba\u00f1o de oro. Ref. Salvatore: 112A0396\" \/>\n<meta name=\"robots\" content=\"index, follow, max-snippet:-1, max-image-preview:large, max-video-preview:-1\" \/>\n<link rel=\"canonical\" href=\"https:\/\/lubeljoyeria.com\/?product=pendientes-aro-hilado-salvatore-electra\" \/>\n<meta property=\"og:locale\" content=\"es_ES\" \/>\n<meta property=\"og:type\" content=\"article\" \/>\n<meta property=\"og:title\" content=\"Pendientes Aro Hilado Salvatore, Electra\" \/>\n<meta property=\"og:description\" content=\"Pendientes de aro con acabado hilado de la colecci\u00f3n Electra de Salvatore. Fabricados en Plata de Primera Ley (925) y ba\u00f1o de oro. Ref. Salvatore: 112A0396\" \/>\n<meta property=\"og:url\" content=\"https:\/\/lubeljoyeria.com\/?product=pendientes-aro-hilado-salvatore-electra\" \/>\n<meta property=\"og:site_name\" content=\"Lubel joyeria. Joyeria en Plata . Distribuidor oficial de Swarovski. - Lubel\" \/>\n<meta property=\"article:modified_time\" content=\"2026-03-18T10:08:17+00:00\" \/>\n<meta property=\"og:image\" content=\"https:\/\/lubeljoyeria.com\/wp-content\/uploads\/2025\/12\/Screenshot_3.jpg\" \/>\n\t<meta property=\"og:image:width\" content=\"611\" \/>\n\t<meta property=\"og:image:height\" content=\"608\" \/>\n\t<meta property=\"og:image:type\" content=\"image\/jpeg\" \/>\n<meta name=\"twitter:card\" content=\"summary_large_image\" \/>\n<meta name=\"twitter:label1\" content=\"Tiempo de lectura\" \/>\n\t<meta name=\"twitter:data1\" content=\"1 minuto\" \/>\n<script type=\"application\/ld+json\" class=\"yoast-schema-graph\">{\"@context\":\"https:\/\/schema.org\",\"@graph\":[{\"@type\":\"WebPage\",\"@id\":\"https:\/\/lubeljoyeria.com\/?product=pendientes-aro-hilado-salvatore-electra\",\"url\":\"https:\/\/lubeljoyeria.com\/?product=pendientes-aro-hilado-salvatore-electra\",\"name\":\"Pendientes Aro Hilado Salvatore, Electra - Distribuidor Oficial Salvatore\",\"isPartOf\":{\"@id\":\"https:\/\/lubeljoyeria.com\/#website\"},\"primaryImageOfPage\":{\"@id\":\"https:\/\/lubeljoyeria.com\/?product=pendientes-aro-hilado-salvatore-electra#primaryimage\"},\"image\":{\"@id\":\"https:\/\/lubeljoyeria.com\/?product=pendientes-aro-hilado-salvatore-electra#primaryimage\"},\"thumbnailUrl\":\"https:\/\/lubeljoyeria.com\/wp-content\/uploads\/2025\/12\/Screenshot_3.jpg\",\"datePublished\":\"2025-12-03T11:41:56+00:00\",\"dateModified\":\"2026-03-18T10:08:17+00:00\",\"description\":\"Pendientes de aro con acabado hilado de la colecci\u00f3n Electra de Salvatore. Fabricados en Plata de Primera Ley (925) y ba\u00f1o de oro. Ref. Salvatore: 112A0396\",\"breadcrumb\":{\"@id\":\"https:\/\/lubeljoyeria.com\/?product=pendientes-aro-hilado-salvatore-electra#breadcrumb\"},\"inLanguage\":\"es\",\"potentialAction\":[{\"@type\":\"ReadAction\",\"target\":[\"https:\/\/lubeljoyeria.com\/?product=pendientes-aro-hilado-salvatore-electra\"]}]},{\"@type\":\"ImageObject\",\"inLanguage\":\"es\",\"@id\":\"https:\/\/lubeljoyeria.com\/?product=pendientes-aro-hilado-salvatore-electra#primaryimage\",\"url\":\"https:\/\/lubeljoyeria.com\/wp-content\/uploads\/2025\/12\/Screenshot_3.jpg\",\"contentUrl\":\"https:\/\/lubeljoyeria.com\/wp-content\/uploads\/2025\/12\/Screenshot_3.jpg\",\"width\":611,\"height\":608,\"caption\":\"Si est\u00e1s cansada del aro convencional, estos son tus aros perfectos con este maravilloso acabado hilado. De la colecci\u00f3n Electra de Salvatore. Comb\u00ednalos con anillos y pulseras de la misma colecci\u00f3n y dale un toque diferente a tus looks! Tama\u00f1o: 4 X 4 Material: Plata de Primera Ley (925) y ba\u00f1o de oro Ref. Salvatore: 112A0396\"},{\"@type\":\"BreadcrumbList\",\"@id\":\"https:\/\/lubeljoyeria.com\/?product=pendientes-aro-hilado-salvatore-electra#breadcrumb\",\"itemListElement\":[{\"@type\":\"ListItem\",\"position\":1,\"name\":\"Home\",\"item\":\"https:\/\/lubeljoyeria.com\/\"},{\"@type\":\"ListItem\",\"position\":2,\"name\":\"Tienda\",\"item\":\"https:\/\/lubeljoyeria.com\/?page_id=6\"},{\"@type\":\"ListItem\",\"position\":3,\"name\":\"Pendientes Aro Hilado Salvatore, Electra\"}]},{\"@type\":\"WebSite\",\"@id\":\"https:\/\/lubeljoyeria.com\/#website\",\"url\":\"https:\/\/lubeljoyeria.com\/\",\"name\":\"Lubel joyeria. Joyeria en Plata . Distribuidor oficial de Swarovski. - Lubel\",\"description\":\"Lubel joyeria. Joyeria en Plata . Distribuidor oficial de Swarovski. - Lubel\",\"publisher\":{\"@id\":\"https:\/\/lubeljoyeria.com\/#organization\"},\"potentialAction\":[{\"@type\":\"SearchAction\",\"target\":{\"@type\":\"EntryPoint\",\"urlTemplate\":\"https:\/\/lubeljoyeria.com\/?s={search_term_string}\"},\"query-input\":{\"@type\":\"PropertyValueSpecification\",\"valueRequired\":true,\"valueName\":\"search_term_string\"}}],\"inLanguage\":\"es\"},{\"@type\":\"Organization\",\"@id\":\"https:\/\/lubeljoyeria.com\/#organization\",\"name\":\"Lubel joyeria. Joyeria en Plata . Distribuidor oficial de Swarovski. - Lubel\",\"url\":\"https:\/\/lubeljoyeria.com\/\",\"logo\":{\"@type\":\"ImageObject\",\"inLanguage\":\"es\",\"@id\":\"https:\/\/lubeljoyeria.com\/#\/schema\/logo\/image\/\",\"url\":\"https:\/\/lubeljoyeria.com\/wp-content\/uploads\/2020\/10\/lubel-joyeria-logo-1543825573-1.png\",\"contentUrl\":\"https:\/\/lubeljoyeria.com\/wp-content\/uploads\/2020\/10\/lubel-joyeria-logo-1543825573-1.png\",\"width\":135,\"height\":31,\"caption\":\"Lubel joyeria. Joyeria en Plata . Distribuidor oficial de Swarovski. - Lubel\"},\"image\":{\"@id\":\"https:\/\/lubeljoyeria.com\/#\/schema\/logo\/image\/\"}}]}<\/script>\n<!-- \/ Yoast SEO Premium plugin. -->","yoast_head_json":{"title":"Pendientes Aro Hilado Salvatore, Electra - Distribuidor Oficial Salvatore","description":"Pendientes de aro con acabado hilado de la colecci\u00f3n Electra de Salvatore. Fabricados en Plata de Primera Ley (925) y ba\u00f1o de oro. Ref. Salvatore: 112A0396","robots":{"index":"index","follow":"follow","max-snippet":"max-snippet:-1","max-image-preview":"max-image-preview:large","max-video-preview":"max-video-preview:-1"},"canonical":"https:\/\/lubeljoyeria.com\/?product=pendientes-aro-hilado-salvatore-electra","og_locale":"es_ES","og_type":"article","og_title":"Pendientes Aro Hilado Salvatore, Electra","og_description":"Pendientes de aro con acabado hilado de la colecci\u00f3n Electra de Salvatore. Fabricados en Plata de Primera Ley (925) y ba\u00f1o de oro. Ref. Salvatore: 112A0396","og_url":"https:\/\/lubeljoyeria.com\/?product=pendientes-aro-hilado-salvatore-electra","og_site_name":"Lubel joyeria. Joyeria en Plata . Distribuidor oficial de Swarovski. - Lubel","article_modified_time":"2026-03-18T10:08:17+00:00","og_image":[{"width":611,"height":608,"url":"https:\/\/lubeljoyeria.com\/wp-content\/uploads\/2025\/12\/Screenshot_3.jpg","type":"image\/jpeg"}],"twitter_card":"summary_large_image","twitter_misc":{"Tiempo de lectura":"1 minuto"},"schema":{"@context":"https:\/\/schema.org","@graph":[{"@type":"WebPage","@id":"https:\/\/lubeljoyeria.com\/?product=pendientes-aro-hilado-salvatore-electra","url":"https:\/\/lubeljoyeria.com\/?product=pendientes-aro-hilado-salvatore-electra","name":"Pendientes Aro Hilado Salvatore, Electra - Distribuidor Oficial Salvatore","isPartOf":{"@id":"https:\/\/lubeljoyeria.com\/#website"},"primaryImageOfPage":{"@id":"https:\/\/lubeljoyeria.com\/?product=pendientes-aro-hilado-salvatore-electra#primaryimage"},"image":{"@id":"https:\/\/lubeljoyeria.com\/?product=pendientes-aro-hilado-salvatore-electra#primaryimage"},"thumbnailUrl":"https:\/\/lubeljoyeria.com\/wp-content\/uploads\/2025\/12\/Screenshot_3.jpg","datePublished":"2025-12-03T11:41:56+00:00","dateModified":"2026-03-18T10:08:17+00:00","description":"Pendientes de aro con acabado hilado de la colecci\u00f3n Electra de Salvatore. Fabricados en Plata de Primera Ley (925) y ba\u00f1o de oro. Ref. Salvatore: 112A0396","breadcrumb":{"@id":"https:\/\/lubeljoyeria.com\/?product=pendientes-aro-hilado-salvatore-electra#breadcrumb"},"inLanguage":"es","potentialAction":[{"@type":"ReadAction","target":["https:\/\/lubeljoyeria.com\/?product=pendientes-aro-hilado-salvatore-electra"]}]},{"@type":"ImageObject","inLanguage":"es","@id":"https:\/\/lubeljoyeria.com\/?product=pendientes-aro-hilado-salvatore-electra#primaryimage","url":"https:\/\/lubeljoyeria.com\/wp-content\/uploads\/2025\/12\/Screenshot_3.jpg","contentUrl":"https:\/\/lubeljoyeria.com\/wp-content\/uploads\/2025\/12\/Screenshot_3.jpg","width":611,"height":608,"caption":"Si est\u00e1s cansada del aro convencional, estos son tus aros perfectos con este maravilloso acabado hilado. De la colecci\u00f3n Electra de Salvatore. Comb\u00ednalos con anillos y pulseras de la misma colecci\u00f3n y dale un toque diferente a tus looks! Tama\u00f1o: 4 X 4 Material: Plata de Primera Ley (925) y ba\u00f1o de oro Ref. Salvatore: 112A0396"},{"@type":"BreadcrumbList","@id":"https:\/\/lubeljoyeria.com\/?product=pendientes-aro-hilado-salvatore-electra#breadcrumb","itemListElement":[{"@type":"ListItem","position":1,"name":"Home","item":"https:\/\/lubeljoyeria.com\/"},{"@type":"ListItem","position":2,"name":"Tienda","item":"https:\/\/lubeljoyeria.com\/?page_id=6"},{"@type":"ListItem","position":3,"name":"Pendientes Aro Hilado Salvatore, Electra"}]},{"@type":"WebSite","@id":"https:\/\/lubeljoyeria.com\/#website","url":"https:\/\/lubeljoyeria.com\/","name":"Lubel joyeria. Joyeria en Plata . Distribuidor oficial de Swarovski. - Lubel","description":"Lubel joyeria. Joyeria en Plata . Distribuidor oficial de Swarovski. - Lubel","publisher":{"@id":"https:\/\/lubeljoyeria.com\/#organization"},"potentialAction":[{"@type":"SearchAction","target":{"@type":"EntryPoint","urlTemplate":"https:\/\/lubeljoyeria.com\/?s={search_term_string}"},"query-input":{"@type":"PropertyValueSpecification","valueRequired":true,"valueName":"search_term_string"}}],"inLanguage":"es"},{"@type":"Organization","@id":"https:\/\/lubeljoyeria.com\/#organization","name":"Lubel joyeria. Joyeria en Plata . Distribuidor oficial de Swarovski. - Lubel","url":"https:\/\/lubeljoyeria.com\/","logo":{"@type":"ImageObject","inLanguage":"es","@id":"https:\/\/lubeljoyeria.com\/#\/schema\/logo\/image\/","url":"https:\/\/lubeljoyeria.com\/wp-content\/uploads\/2020\/10\/lubel-joyeria-logo-1543825573-1.png","contentUrl":"https:\/\/lubeljoyeria.com\/wp-content\/uploads\/2020\/10\/lubel-joyeria-logo-1543825573-1.png","width":135,"height":31,"caption":"Lubel joyeria. Joyeria en Plata . Distribuidor oficial de Swarovski. - Lubel"},"image":{"@id":"https:\/\/lubeljoyeria.com\/#\/schema\/logo\/image\/"}}]}},"_links":{"self":[{"href":"https:\/\/lubeljoyeria.com\/index.php?rest_route=\/wp\/v2\/product\/28646","targetHints":{"allow":["GET"]}}],"collection":[{"href":"https:\/\/lubeljoyeria.com\/index.php?rest_route=\/wp\/v2\/product"}],"about":[{"href":"https:\/\/lubeljoyeria.com\/index.php?rest_route=\/wp\/v2\/types\/product"}],"wp:featuredmedia":[{"embeddable":true,"href":"https:\/\/lubeljoyeria.com\/index.php?rest_route=\/wp\/v2\/media\/28648"}],"wp:attachment":[{"href":"https:\/\/lubeljoyeria.com\/index.php?rest_route=%2Fwp%2Fv2%2Fmedia&parent=28646"}],"wp:term":[{"taxonomy":"product_brand","embeddable":true,"href":"https:\/\/lubeljoyeria.com\/index.php?rest_route=%2Fwp%2Fv2%2Fproduct_brand&post=28646"},{"taxonomy":"product_cat","embeddable":true,"href":"https:\/\/lubeljoyeria.com\/index.php?rest_route=%2Fwp%2Fv2%2Fproduct_cat&post=28646"},{"taxonomy":"product_tag","embeddable":true,"href":"https:\/\/lubeljoyeria.com\/index.php?rest_route=%2Fwp%2Fv2%2Fproduct_tag&post=28646"}],"curies":[{"name":"wp","href":"https:\/\/api.w.org\/{rel}","templated":true}]}}