{"id":28631,"date":"2025-12-03T11:04:11","date_gmt":"2025-12-03T11:04:11","guid":{"rendered":"https:\/\/lubeljoyeria.com\/?post_type=product&#038;p=28631"},"modified":"2026-01-21T09:47:34","modified_gmt":"2026-01-21T09:47:34","slug":"anillo-calado-salvatore-electra","status":"publish","type":"product","link":"https:\/\/lubeljoyeria.com\/?product=anillo-calado-salvatore-electra","title":{"rendered":"Anillo Calado Salvatore, Electra"},"content":{"rendered":"<p>Descubre estos anillos de la colecci\u00f3n Electra de Salvatore, donde cada dise\u00f1o evoca las celos\u00edas ornamentales de los palacios persas. Un dise\u00f1o calado que sale de lo habitual. Comb\u00ednalo con otras piezas de la misma colecci\u00f3n!!!<\/p>\n<p>Material: Plata de Primera Ley (925) y ba\u00f1o de oro<\/p>\n<p>Ref. Salvatore: 151S0078<\/p>\n","protected":false},"excerpt":{"rendered":"<p>Descubre estos anillos de la colecci\u00f3n Electra de Salvatore, donde cada dise\u00f1o evoca las celos\u00edas ornamentales de los palacios persas. Un dise\u00f1o calado que sale de lo habitual. Comb\u00ednalo con otras piezas de la misma colecci\u00f3n!!!<\/p>\n<p>Material: Plata de Primera Ley (925) y ba\u00f1o de oro<\/p>\n<p>Ref. Salvatore: 151S0078<\/p>\n","protected":false},"featured_media":28636,"template":"","meta":{"_joinchat":[]},"product_brand":[1439],"product_cat":[1463,1464,1485,1520],"product_tag":[],"class_list":{"0":"post-28631","1":"product","2":"type-product","3":"status-publish","4":"has-post-thumbnail","6":"product_brand-salvatore-plata","7":"product_cat-inicio","8":"product_cat-principal","9":"product_cat-salvatore-plata","10":"product_cat-anillos-salvatore-plata","11":"pa_tallaanillomedidortatum-1541","12":"pa_tallaanillomedidortatum-1543","13":"pa_tallaanillomedidortatum-1547","14":"sales-flash-overlay","15":"woocommerce-text-align-center","16":"woocommerce-image-align-center","17":"do-quantity-buttons","18":"wc-has-gallery","20":"first","21":"instock","22":"taxable","23":"shipping-taxable","24":"purchasable","25":"product-type-variable"},"yoast_head":"<!-- This site is optimized with the Yoast SEO Premium plugin v22.5 (Yoast SEO v26.5) - https:\/\/yoast.com\/wordpress\/plugins\/seo\/ -->\n<title>Anillo Calado Salvatore, Electra - Distribuidor Oficial Salvatore<\/title>\n<meta name=\"description\" content=\"Anillo de la colecci\u00f3n Electra de Salvatore, donde cada dise\u00f1o evoca las celos\u00edas ornamentales de los palacios persas. Ref. Salvatore: 151S0078\" \/>\n<meta name=\"robots\" content=\"index, follow, max-snippet:-1, max-image-preview:large, max-video-preview:-1\" \/>\n<link rel=\"canonical\" href=\"https:\/\/lubeljoyeria.com\/?product=anillo-calado-salvatore-electra\" \/>\n<meta property=\"og:locale\" content=\"es_ES\" \/>\n<meta property=\"og:type\" content=\"article\" \/>\n<meta property=\"og:title\" content=\"Anillo Calado Salvatore, Electra\" \/>\n<meta property=\"og:description\" content=\"Anillo de la colecci\u00f3n Electra de Salvatore, donde cada dise\u00f1o evoca las celos\u00edas ornamentales de los palacios persas. Ref. Salvatore: 151S0078\" \/>\n<meta property=\"og:url\" content=\"https:\/\/lubeljoyeria.com\/?product=anillo-calado-salvatore-electra\" \/>\n<meta property=\"og:site_name\" content=\"Lubel joyeria. Joyeria en Plata . Distribuidor oficial de Swarovski. - Lubel\" \/>\n<meta property=\"article:modified_time\" content=\"2026-01-21T09:47:34+00:00\" \/>\n<meta property=\"og:image\" content=\"https:\/\/lubeljoyeria.com\/wp-content\/uploads\/2025\/12\/Screenshot_1.jpg\" \/>\n\t<meta property=\"og:image:width\" content=\"611\" \/>\n\t<meta property=\"og:image:height\" content=\"602\" \/>\n\t<meta property=\"og:image:type\" content=\"image\/jpeg\" \/>\n<meta name=\"twitter:card\" content=\"summary_large_image\" \/>\n<meta name=\"twitter:label1\" content=\"Tiempo de lectura\" \/>\n\t<meta name=\"twitter:data1\" content=\"1 minuto\" \/>\n<script type=\"application\/ld+json\" class=\"yoast-schema-graph\">{\"@context\":\"https:\/\/schema.org\",\"@graph\":[{\"@type\":\"WebPage\",\"@id\":\"https:\/\/lubeljoyeria.com\/?product=anillo-calado-salvatore-electra\",\"url\":\"https:\/\/lubeljoyeria.com\/?product=anillo-calado-salvatore-electra\",\"name\":\"Anillo Calado Salvatore, Electra - Distribuidor Oficial Salvatore\",\"isPartOf\":{\"@id\":\"https:\/\/lubeljoyeria.com\/#website\"},\"primaryImageOfPage\":{\"@id\":\"https:\/\/lubeljoyeria.com\/?product=anillo-calado-salvatore-electra#primaryimage\"},\"image\":{\"@id\":\"https:\/\/lubeljoyeria.com\/?product=anillo-calado-salvatore-electra#primaryimage\"},\"thumbnailUrl\":\"https:\/\/lubeljoyeria.com\/wp-content\/uploads\/2025\/12\/Screenshot_1.jpg\",\"datePublished\":\"2025-12-03T11:04:11+00:00\",\"dateModified\":\"2026-01-21T09:47:34+00:00\",\"description\":\"Anillo de la colecci\u00f3n Electra de Salvatore, donde cada dise\u00f1o evoca las celos\u00edas ornamentales de los palacios persas. Ref. Salvatore: 151S0078\",\"breadcrumb\":{\"@id\":\"https:\/\/lubeljoyeria.com\/?product=anillo-calado-salvatore-electra#breadcrumb\"},\"inLanguage\":\"es\",\"potentialAction\":[{\"@type\":\"ReadAction\",\"target\":[\"https:\/\/lubeljoyeria.com\/?product=anillo-calado-salvatore-electra\"]}]},{\"@type\":\"ImageObject\",\"inLanguage\":\"es\",\"@id\":\"https:\/\/lubeljoyeria.com\/?product=anillo-calado-salvatore-electra#primaryimage\",\"url\":\"https:\/\/lubeljoyeria.com\/wp-content\/uploads\/2025\/12\/Screenshot_1.jpg\",\"contentUrl\":\"https:\/\/lubeljoyeria.com\/wp-content\/uploads\/2025\/12\/Screenshot_1.jpg\",\"width\":611,\"height\":602,\"caption\":\"Descubre estos anillos de la colecci\u00f3n Electra de Salvatore, donde cada dise\u00f1o evoca las celos\u00edas ornamentales de los palacios persas. Un dise\u00f1o calado que sale de lo habitual. Comb\u00ednalo con otras piezas de la misma colecci\u00f3n!!! Material: Plata de Primera Ley (925) y ba\u00f1o de oro Ref. Salvatore: 151S0078\"},{\"@type\":\"BreadcrumbList\",\"@id\":\"https:\/\/lubeljoyeria.com\/?product=anillo-calado-salvatore-electra#breadcrumb\",\"itemListElement\":[{\"@type\":\"ListItem\",\"position\":1,\"name\":\"Home\",\"item\":\"https:\/\/lubeljoyeria.com\/\"},{\"@type\":\"ListItem\",\"position\":2,\"name\":\"Tienda\",\"item\":\"https:\/\/lubeljoyeria.com\/?page_id=6\"},{\"@type\":\"ListItem\",\"position\":3,\"name\":\"Anillo Calado Salvatore, Electra\"}]},{\"@type\":\"WebSite\",\"@id\":\"https:\/\/lubeljoyeria.com\/#website\",\"url\":\"https:\/\/lubeljoyeria.com\/\",\"name\":\"Lubel joyeria. Joyeria en Plata . Distribuidor oficial de Swarovski. - Lubel\",\"description\":\"Lubel joyeria. Joyeria en Plata . Distribuidor oficial de Swarovski. - Lubel\",\"publisher\":{\"@id\":\"https:\/\/lubeljoyeria.com\/#organization\"},\"potentialAction\":[{\"@type\":\"SearchAction\",\"target\":{\"@type\":\"EntryPoint\",\"urlTemplate\":\"https:\/\/lubeljoyeria.com\/?s={search_term_string}\"},\"query-input\":{\"@type\":\"PropertyValueSpecification\",\"valueRequired\":true,\"valueName\":\"search_term_string\"}}],\"inLanguage\":\"es\"},{\"@type\":\"Organization\",\"@id\":\"https:\/\/lubeljoyeria.com\/#organization\",\"name\":\"Lubel joyeria. Joyeria en Plata . Distribuidor oficial de Swarovski. - Lubel\",\"url\":\"https:\/\/lubeljoyeria.com\/\",\"logo\":{\"@type\":\"ImageObject\",\"inLanguage\":\"es\",\"@id\":\"https:\/\/lubeljoyeria.com\/#\/schema\/logo\/image\/\",\"url\":\"https:\/\/lubeljoyeria.com\/wp-content\/uploads\/2020\/10\/lubel-joyeria-logo-1543825573-1.png\",\"contentUrl\":\"https:\/\/lubeljoyeria.com\/wp-content\/uploads\/2020\/10\/lubel-joyeria-logo-1543825573-1.png\",\"width\":135,\"height\":31,\"caption\":\"Lubel joyeria. Joyeria en Plata . Distribuidor oficial de Swarovski. - Lubel\"},\"image\":{\"@id\":\"https:\/\/lubeljoyeria.com\/#\/schema\/logo\/image\/\"}}]}<\/script>\n<!-- \/ Yoast SEO Premium plugin. -->","yoast_head_json":{"title":"Anillo Calado Salvatore, Electra - Distribuidor Oficial Salvatore","description":"Anillo de la colecci\u00f3n Electra de Salvatore, donde cada dise\u00f1o evoca las celos\u00edas ornamentales de los palacios persas. Ref. Salvatore: 151S0078","robots":{"index":"index","follow":"follow","max-snippet":"max-snippet:-1","max-image-preview":"max-image-preview:large","max-video-preview":"max-video-preview:-1"},"canonical":"https:\/\/lubeljoyeria.com\/?product=anillo-calado-salvatore-electra","og_locale":"es_ES","og_type":"article","og_title":"Anillo Calado Salvatore, Electra","og_description":"Anillo de la colecci\u00f3n Electra de Salvatore, donde cada dise\u00f1o evoca las celos\u00edas ornamentales de los palacios persas. Ref. Salvatore: 151S0078","og_url":"https:\/\/lubeljoyeria.com\/?product=anillo-calado-salvatore-electra","og_site_name":"Lubel joyeria. Joyeria en Plata . Distribuidor oficial de Swarovski. - Lubel","article_modified_time":"2026-01-21T09:47:34+00:00","og_image":[{"width":611,"height":602,"url":"https:\/\/lubeljoyeria.com\/wp-content\/uploads\/2025\/12\/Screenshot_1.jpg","type":"image\/jpeg"}],"twitter_card":"summary_large_image","twitter_misc":{"Tiempo de lectura":"1 minuto"},"schema":{"@context":"https:\/\/schema.org","@graph":[{"@type":"WebPage","@id":"https:\/\/lubeljoyeria.com\/?product=anillo-calado-salvatore-electra","url":"https:\/\/lubeljoyeria.com\/?product=anillo-calado-salvatore-electra","name":"Anillo Calado Salvatore, Electra - Distribuidor Oficial Salvatore","isPartOf":{"@id":"https:\/\/lubeljoyeria.com\/#website"},"primaryImageOfPage":{"@id":"https:\/\/lubeljoyeria.com\/?product=anillo-calado-salvatore-electra#primaryimage"},"image":{"@id":"https:\/\/lubeljoyeria.com\/?product=anillo-calado-salvatore-electra#primaryimage"},"thumbnailUrl":"https:\/\/lubeljoyeria.com\/wp-content\/uploads\/2025\/12\/Screenshot_1.jpg","datePublished":"2025-12-03T11:04:11+00:00","dateModified":"2026-01-21T09:47:34+00:00","description":"Anillo de la colecci\u00f3n Electra de Salvatore, donde cada dise\u00f1o evoca las celos\u00edas ornamentales de los palacios persas. Ref. Salvatore: 151S0078","breadcrumb":{"@id":"https:\/\/lubeljoyeria.com\/?product=anillo-calado-salvatore-electra#breadcrumb"},"inLanguage":"es","potentialAction":[{"@type":"ReadAction","target":["https:\/\/lubeljoyeria.com\/?product=anillo-calado-salvatore-electra"]}]},{"@type":"ImageObject","inLanguage":"es","@id":"https:\/\/lubeljoyeria.com\/?product=anillo-calado-salvatore-electra#primaryimage","url":"https:\/\/lubeljoyeria.com\/wp-content\/uploads\/2025\/12\/Screenshot_1.jpg","contentUrl":"https:\/\/lubeljoyeria.com\/wp-content\/uploads\/2025\/12\/Screenshot_1.jpg","width":611,"height":602,"caption":"Descubre estos anillos de la colecci\u00f3n Electra de Salvatore, donde cada dise\u00f1o evoca las celos\u00edas ornamentales de los palacios persas. Un dise\u00f1o calado que sale de lo habitual. Comb\u00ednalo con otras piezas de la misma colecci\u00f3n!!! Material: Plata de Primera Ley (925) y ba\u00f1o de oro Ref. Salvatore: 151S0078"},{"@type":"BreadcrumbList","@id":"https:\/\/lubeljoyeria.com\/?product=anillo-calado-salvatore-electra#breadcrumb","itemListElement":[{"@type":"ListItem","position":1,"name":"Home","item":"https:\/\/lubeljoyeria.com\/"},{"@type":"ListItem","position":2,"name":"Tienda","item":"https:\/\/lubeljoyeria.com\/?page_id=6"},{"@type":"ListItem","position":3,"name":"Anillo Calado Salvatore, Electra"}]},{"@type":"WebSite","@id":"https:\/\/lubeljoyeria.com\/#website","url":"https:\/\/lubeljoyeria.com\/","name":"Lubel joyeria. Joyeria en Plata . Distribuidor oficial de Swarovski. - Lubel","description":"Lubel joyeria. Joyeria en Plata . Distribuidor oficial de Swarovski. - Lubel","publisher":{"@id":"https:\/\/lubeljoyeria.com\/#organization"},"potentialAction":[{"@type":"SearchAction","target":{"@type":"EntryPoint","urlTemplate":"https:\/\/lubeljoyeria.com\/?s={search_term_string}"},"query-input":{"@type":"PropertyValueSpecification","valueRequired":true,"valueName":"search_term_string"}}],"inLanguage":"es"},{"@type":"Organization","@id":"https:\/\/lubeljoyeria.com\/#organization","name":"Lubel joyeria. Joyeria en Plata . Distribuidor oficial de Swarovski. - Lubel","url":"https:\/\/lubeljoyeria.com\/","logo":{"@type":"ImageObject","inLanguage":"es","@id":"https:\/\/lubeljoyeria.com\/#\/schema\/logo\/image\/","url":"https:\/\/lubeljoyeria.com\/wp-content\/uploads\/2020\/10\/lubel-joyeria-logo-1543825573-1.png","contentUrl":"https:\/\/lubeljoyeria.com\/wp-content\/uploads\/2020\/10\/lubel-joyeria-logo-1543825573-1.png","width":135,"height":31,"caption":"Lubel joyeria. Joyeria en Plata . Distribuidor oficial de Swarovski. - Lubel"},"image":{"@id":"https:\/\/lubeljoyeria.com\/#\/schema\/logo\/image\/"}}]}},"_links":{"self":[{"href":"https:\/\/lubeljoyeria.com\/index.php?rest_route=\/wp\/v2\/product\/28631","targetHints":{"allow":["GET"]}}],"collection":[{"href":"https:\/\/lubeljoyeria.com\/index.php?rest_route=\/wp\/v2\/product"}],"about":[{"href":"https:\/\/lubeljoyeria.com\/index.php?rest_route=\/wp\/v2\/types\/product"}],"wp:featuredmedia":[{"embeddable":true,"href":"https:\/\/lubeljoyeria.com\/index.php?rest_route=\/wp\/v2\/media\/28636"}],"wp:attachment":[{"href":"https:\/\/lubeljoyeria.com\/index.php?rest_route=%2Fwp%2Fv2%2Fmedia&parent=28631"}],"wp:term":[{"taxonomy":"product_brand","embeddable":true,"href":"https:\/\/lubeljoyeria.com\/index.php?rest_route=%2Fwp%2Fv2%2Fproduct_brand&post=28631"},{"taxonomy":"product_cat","embeddable":true,"href":"https:\/\/lubeljoyeria.com\/index.php?rest_route=%2Fwp%2Fv2%2Fproduct_cat&post=28631"},{"taxonomy":"product_tag","embeddable":true,"href":"https:\/\/lubeljoyeria.com\/index.php?rest_route=%2Fwp%2Fv2%2Fproduct_tag&post=28631"}],"curies":[{"name":"wp","href":"https:\/\/api.w.org\/{rel}","templated":true}]}}