{"id":28609,"date":"2025-11-26T10:30:22","date_gmt":"2025-11-26T10:30:22","guid":{"rendered":"https:\/\/lubeljoyeria.com\/?post_type=product&#038;p=28609"},"modified":"2025-11-26T10:30:23","modified_gmt":"2025-11-26T10:30:23","slug":"pendientes-ovalo-salvatore-life-in-gold-madre-perla","status":"publish","type":"product","link":"https:\/\/lubeljoyeria.com\/?product=pendientes-ovalo-salvatore-life-in-gold-madre-perla","title":{"rendered":"Pendientes Ovalo Salvatore, Life In Gold, Madre Perla"},"content":{"rendered":"<p>De la colecci\u00f3n Life In Gold de Salvatore llegan estos originales pendientes ovalados\u00a0 con Madre Perla en el centro. Fabricados en Plata de Primera Ley (925), con ba\u00f1o de oro y un acabado mate. Comb\u00ednalos con los anillos y las pulseras de la misma colecci\u00f3n!!!<\/p>\n<p>Tama\u00f1o: 2.70 X 1<\/p>\n<p>Material: Plata de Primera Ley, ba\u00f1o de oro y madre perla<\/p>\n<p>Ref. Salvatore: 190A0024<\/p>\n","protected":false},"excerpt":{"rendered":"<p>De la colecci\u00f3n Life In Gold de Salvatore llegan estos originales pendientes ovalados\u00a0 con Madre Perla en el centro. Fabricados en Plata de Primera Ley (925), con ba\u00f1o de oro y un acabado mate. Comb\u00ednalos con los anillos y las pulseras de la misma colecci\u00f3n!!!<\/p>\n<p>Tama\u00f1o: 2.70 X 1<\/p>\n<p>Material: Plata de Primera Ley, ba\u00f1o de oro y madre perla<\/p>\n<p>Ref. Salvatore: 190A0024<\/p>\n","protected":false},"featured_media":28611,"template":"","meta":{"_joinchat":[]},"product_brand":[1439],"product_cat":[1463,1464,1485,1490],"product_tag":[],"class_list":{"0":"post-28609","1":"product","2":"type-product","3":"status-publish","4":"has-post-thumbnail","6":"product_brand-salvatore-plata","7":"product_cat-inicio","8":"product_cat-principal","9":"product_cat-salvatore-plata","10":"product_cat-pendientes-salvatore-plata","11":"sales-flash-overlay","12":"woocommerce-text-align-center","13":"woocommerce-image-align-center","14":"do-quantity-buttons","15":"wc-has-gallery","17":"first","18":"instock","19":"taxable","20":"shipping-taxable","21":"purchasable","22":"product-type-simple"},"yoast_head":"<!-- This site is optimized with the Yoast SEO Premium plugin v22.5 (Yoast SEO v26.5) - https:\/\/yoast.com\/wordpress\/plugins\/seo\/ -->\n<title>Pendientes Ovalo Salvatore, Life In Gold, Madre Perla - Distribuidor Oficial Salvatore<\/title>\n<meta name=\"description\" content=\"Pendientes ovalados\u00a0con Madre Perla en el centro. Fabricados en Plata de Primera Ley (925), con ba\u00f1o de oro y un acabado mate. Ref. Salvatore: 190A0024\" \/>\n<meta name=\"robots\" content=\"index, follow, max-snippet:-1, max-image-preview:large, max-video-preview:-1\" \/>\n<link rel=\"canonical\" href=\"https:\/\/lubeljoyeria.com\/?product=pendientes-ovalo-salvatore-life-in-gold-madre-perla\" \/>\n<meta property=\"og:locale\" content=\"es_ES\" \/>\n<meta property=\"og:type\" content=\"article\" \/>\n<meta property=\"og:title\" content=\"Pendientes Ovalo Salvatore, Life In Gold, Madre Perla\" \/>\n<meta property=\"og:description\" content=\"Pendientes ovalados\u00a0con Madre Perla en el centro. Fabricados en Plata de Primera Ley (925), con ba\u00f1o de oro y un acabado mate. Ref. Salvatore: 190A0024\" \/>\n<meta property=\"og:url\" content=\"https:\/\/lubeljoyeria.com\/?product=pendientes-ovalo-salvatore-life-in-gold-madre-perla\" \/>\n<meta property=\"og:site_name\" content=\"Lubel joyeria. Joyeria en Plata . Distribuidor oficial de Swarovski. - Lubel\" \/>\n<meta property=\"article:modified_time\" content=\"2025-11-26T10:30:23+00:00\" \/>\n<meta property=\"og:image\" content=\"https:\/\/lubeljoyeria.com\/wp-content\/uploads\/2025\/11\/Screenshot_4-4.jpg\" \/>\n\t<meta property=\"og:image:width\" content=\"608\" \/>\n\t<meta property=\"og:image:height\" content=\"605\" \/>\n\t<meta property=\"og:image:type\" content=\"image\/jpeg\" \/>\n<meta name=\"twitter:card\" content=\"summary_large_image\" \/>\n<meta name=\"twitter:label1\" content=\"Tiempo de lectura\" \/>\n\t<meta name=\"twitter:data1\" content=\"1 minuto\" \/>\n<script type=\"application\/ld+json\" class=\"yoast-schema-graph\">{\"@context\":\"https:\/\/schema.org\",\"@graph\":[{\"@type\":\"WebPage\",\"@id\":\"https:\/\/lubeljoyeria.com\/?product=pendientes-ovalo-salvatore-life-in-gold-madre-perla\",\"url\":\"https:\/\/lubeljoyeria.com\/?product=pendientes-ovalo-salvatore-life-in-gold-madre-perla\",\"name\":\"Pendientes Ovalo Salvatore, Life In Gold, Madre Perla - Distribuidor Oficial Salvatore\",\"isPartOf\":{\"@id\":\"https:\/\/lubeljoyeria.com\/#website\"},\"primaryImageOfPage\":{\"@id\":\"https:\/\/lubeljoyeria.com\/?product=pendientes-ovalo-salvatore-life-in-gold-madre-perla#primaryimage\"},\"image\":{\"@id\":\"https:\/\/lubeljoyeria.com\/?product=pendientes-ovalo-salvatore-life-in-gold-madre-perla#primaryimage\"},\"thumbnailUrl\":\"https:\/\/lubeljoyeria.com\/wp-content\/uploads\/2025\/11\/Screenshot_4-4.jpg\",\"datePublished\":\"2025-11-26T10:30:22+00:00\",\"dateModified\":\"2025-11-26T10:30:23+00:00\",\"description\":\"Pendientes ovalados\u00a0con Madre Perla en el centro. Fabricados en Plata de Primera Ley (925), con ba\u00f1o de oro y un acabado mate. Ref. Salvatore: 190A0024\",\"breadcrumb\":{\"@id\":\"https:\/\/lubeljoyeria.com\/?product=pendientes-ovalo-salvatore-life-in-gold-madre-perla#breadcrumb\"},\"inLanguage\":\"es\",\"potentialAction\":[{\"@type\":\"ReadAction\",\"target\":[\"https:\/\/lubeljoyeria.com\/?product=pendientes-ovalo-salvatore-life-in-gold-madre-perla\"]}]},{\"@type\":\"ImageObject\",\"inLanguage\":\"es\",\"@id\":\"https:\/\/lubeljoyeria.com\/?product=pendientes-ovalo-salvatore-life-in-gold-madre-perla#primaryimage\",\"url\":\"https:\/\/lubeljoyeria.com\/wp-content\/uploads\/2025\/11\/Screenshot_4-4.jpg\",\"contentUrl\":\"https:\/\/lubeljoyeria.com\/wp-content\/uploads\/2025\/11\/Screenshot_4-4.jpg\",\"width\":608,\"height\":605,\"caption\":\"De la colecci\u00f3n Life In Gold de Salvatore llegan estos originales pendientes ovalados\u00a0 con Madre Perla en el centro. Fabricados en Plata de Primera Ley (925), con ba\u00f1o de oro y un acabado mate. Comb\u00ednalos con los anillos y las pulseras de la misma colecci\u00f3n!!! Tama\u00f1o: 2.70 X 1 Material: Plata de Primera Ley, ba\u00f1o de oro y madre perla Ref. Salvatore: 190A0024\"},{\"@type\":\"BreadcrumbList\",\"@id\":\"https:\/\/lubeljoyeria.com\/?product=pendientes-ovalo-salvatore-life-in-gold-madre-perla#breadcrumb\",\"itemListElement\":[{\"@type\":\"ListItem\",\"position\":1,\"name\":\"Home\",\"item\":\"https:\/\/lubeljoyeria.com\/\"},{\"@type\":\"ListItem\",\"position\":2,\"name\":\"Tienda\",\"item\":\"https:\/\/lubeljoyeria.com\/?page_id=6\"},{\"@type\":\"ListItem\",\"position\":3,\"name\":\"Pendientes Ovalo Salvatore, Life In Gold, Madre Perla\"}]},{\"@type\":\"WebSite\",\"@id\":\"https:\/\/lubeljoyeria.com\/#website\",\"url\":\"https:\/\/lubeljoyeria.com\/\",\"name\":\"Lubel joyeria. Joyeria en Plata . Distribuidor oficial de Swarovski. - Lubel\",\"description\":\"Lubel joyeria. Joyeria en Plata . Distribuidor oficial de Swarovski. - Lubel\",\"publisher\":{\"@id\":\"https:\/\/lubeljoyeria.com\/#organization\"},\"potentialAction\":[{\"@type\":\"SearchAction\",\"target\":{\"@type\":\"EntryPoint\",\"urlTemplate\":\"https:\/\/lubeljoyeria.com\/?s={search_term_string}\"},\"query-input\":{\"@type\":\"PropertyValueSpecification\",\"valueRequired\":true,\"valueName\":\"search_term_string\"}}],\"inLanguage\":\"es\"},{\"@type\":\"Organization\",\"@id\":\"https:\/\/lubeljoyeria.com\/#organization\",\"name\":\"Lubel joyeria. Joyeria en Plata . Distribuidor oficial de Swarovski. - Lubel\",\"url\":\"https:\/\/lubeljoyeria.com\/\",\"logo\":{\"@type\":\"ImageObject\",\"inLanguage\":\"es\",\"@id\":\"https:\/\/lubeljoyeria.com\/#\/schema\/logo\/image\/\",\"url\":\"https:\/\/lubeljoyeria.com\/wp-content\/uploads\/2020\/10\/lubel-joyeria-logo-1543825573-1.png\",\"contentUrl\":\"https:\/\/lubeljoyeria.com\/wp-content\/uploads\/2020\/10\/lubel-joyeria-logo-1543825573-1.png\",\"width\":135,\"height\":31,\"caption\":\"Lubel joyeria. Joyeria en Plata . Distribuidor oficial de Swarovski. - Lubel\"},\"image\":{\"@id\":\"https:\/\/lubeljoyeria.com\/#\/schema\/logo\/image\/\"}}]}<\/script>\n<!-- \/ Yoast SEO Premium plugin. -->","yoast_head_json":{"title":"Pendientes Ovalo Salvatore, Life In Gold, Madre Perla - Distribuidor Oficial Salvatore","description":"Pendientes ovalados\u00a0con Madre Perla en el centro. Fabricados en Plata de Primera Ley (925), con ba\u00f1o de oro y un acabado mate. Ref. Salvatore: 190A0024","robots":{"index":"index","follow":"follow","max-snippet":"max-snippet:-1","max-image-preview":"max-image-preview:large","max-video-preview":"max-video-preview:-1"},"canonical":"https:\/\/lubeljoyeria.com\/?product=pendientes-ovalo-salvatore-life-in-gold-madre-perla","og_locale":"es_ES","og_type":"article","og_title":"Pendientes Ovalo Salvatore, Life In Gold, Madre Perla","og_description":"Pendientes ovalados\u00a0con Madre Perla en el centro. Fabricados en Plata de Primera Ley (925), con ba\u00f1o de oro y un acabado mate. Ref. Salvatore: 190A0024","og_url":"https:\/\/lubeljoyeria.com\/?product=pendientes-ovalo-salvatore-life-in-gold-madre-perla","og_site_name":"Lubel joyeria. Joyeria en Plata . Distribuidor oficial de Swarovski. - Lubel","article_modified_time":"2025-11-26T10:30:23+00:00","og_image":[{"width":608,"height":605,"url":"https:\/\/lubeljoyeria.com\/wp-content\/uploads\/2025\/11\/Screenshot_4-4.jpg","type":"image\/jpeg"}],"twitter_card":"summary_large_image","twitter_misc":{"Tiempo de lectura":"1 minuto"},"schema":{"@context":"https:\/\/schema.org","@graph":[{"@type":"WebPage","@id":"https:\/\/lubeljoyeria.com\/?product=pendientes-ovalo-salvatore-life-in-gold-madre-perla","url":"https:\/\/lubeljoyeria.com\/?product=pendientes-ovalo-salvatore-life-in-gold-madre-perla","name":"Pendientes Ovalo Salvatore, Life In Gold, Madre Perla - Distribuidor Oficial Salvatore","isPartOf":{"@id":"https:\/\/lubeljoyeria.com\/#website"},"primaryImageOfPage":{"@id":"https:\/\/lubeljoyeria.com\/?product=pendientes-ovalo-salvatore-life-in-gold-madre-perla#primaryimage"},"image":{"@id":"https:\/\/lubeljoyeria.com\/?product=pendientes-ovalo-salvatore-life-in-gold-madre-perla#primaryimage"},"thumbnailUrl":"https:\/\/lubeljoyeria.com\/wp-content\/uploads\/2025\/11\/Screenshot_4-4.jpg","datePublished":"2025-11-26T10:30:22+00:00","dateModified":"2025-11-26T10:30:23+00:00","description":"Pendientes ovalados\u00a0con Madre Perla en el centro. Fabricados en Plata de Primera Ley (925), con ba\u00f1o de oro y un acabado mate. Ref. Salvatore: 190A0024","breadcrumb":{"@id":"https:\/\/lubeljoyeria.com\/?product=pendientes-ovalo-salvatore-life-in-gold-madre-perla#breadcrumb"},"inLanguage":"es","potentialAction":[{"@type":"ReadAction","target":["https:\/\/lubeljoyeria.com\/?product=pendientes-ovalo-salvatore-life-in-gold-madre-perla"]}]},{"@type":"ImageObject","inLanguage":"es","@id":"https:\/\/lubeljoyeria.com\/?product=pendientes-ovalo-salvatore-life-in-gold-madre-perla#primaryimage","url":"https:\/\/lubeljoyeria.com\/wp-content\/uploads\/2025\/11\/Screenshot_4-4.jpg","contentUrl":"https:\/\/lubeljoyeria.com\/wp-content\/uploads\/2025\/11\/Screenshot_4-4.jpg","width":608,"height":605,"caption":"De la colecci\u00f3n Life In Gold de Salvatore llegan estos originales pendientes ovalados\u00a0 con Madre Perla en el centro. Fabricados en Plata de Primera Ley (925), con ba\u00f1o de oro y un acabado mate. Comb\u00ednalos con los anillos y las pulseras de la misma colecci\u00f3n!!! Tama\u00f1o: 2.70 X 1 Material: Plata de Primera Ley, ba\u00f1o de oro y madre perla Ref. Salvatore: 190A0024"},{"@type":"BreadcrumbList","@id":"https:\/\/lubeljoyeria.com\/?product=pendientes-ovalo-salvatore-life-in-gold-madre-perla#breadcrumb","itemListElement":[{"@type":"ListItem","position":1,"name":"Home","item":"https:\/\/lubeljoyeria.com\/"},{"@type":"ListItem","position":2,"name":"Tienda","item":"https:\/\/lubeljoyeria.com\/?page_id=6"},{"@type":"ListItem","position":3,"name":"Pendientes Ovalo Salvatore, Life In Gold, Madre Perla"}]},{"@type":"WebSite","@id":"https:\/\/lubeljoyeria.com\/#website","url":"https:\/\/lubeljoyeria.com\/","name":"Lubel joyeria. Joyeria en Plata . Distribuidor oficial de Swarovski. - Lubel","description":"Lubel joyeria. Joyeria en Plata . Distribuidor oficial de Swarovski. - Lubel","publisher":{"@id":"https:\/\/lubeljoyeria.com\/#organization"},"potentialAction":[{"@type":"SearchAction","target":{"@type":"EntryPoint","urlTemplate":"https:\/\/lubeljoyeria.com\/?s={search_term_string}"},"query-input":{"@type":"PropertyValueSpecification","valueRequired":true,"valueName":"search_term_string"}}],"inLanguage":"es"},{"@type":"Organization","@id":"https:\/\/lubeljoyeria.com\/#organization","name":"Lubel joyeria. Joyeria en Plata . Distribuidor oficial de Swarovski. - Lubel","url":"https:\/\/lubeljoyeria.com\/","logo":{"@type":"ImageObject","inLanguage":"es","@id":"https:\/\/lubeljoyeria.com\/#\/schema\/logo\/image\/","url":"https:\/\/lubeljoyeria.com\/wp-content\/uploads\/2020\/10\/lubel-joyeria-logo-1543825573-1.png","contentUrl":"https:\/\/lubeljoyeria.com\/wp-content\/uploads\/2020\/10\/lubel-joyeria-logo-1543825573-1.png","width":135,"height":31,"caption":"Lubel joyeria. Joyeria en Plata . Distribuidor oficial de Swarovski. - Lubel"},"image":{"@id":"https:\/\/lubeljoyeria.com\/#\/schema\/logo\/image\/"}}]}},"_links":{"self":[{"href":"https:\/\/lubeljoyeria.com\/index.php?rest_route=\/wp\/v2\/product\/28609","targetHints":{"allow":["GET"]}}],"collection":[{"href":"https:\/\/lubeljoyeria.com\/index.php?rest_route=\/wp\/v2\/product"}],"about":[{"href":"https:\/\/lubeljoyeria.com\/index.php?rest_route=\/wp\/v2\/types\/product"}],"wp:featuredmedia":[{"embeddable":true,"href":"https:\/\/lubeljoyeria.com\/index.php?rest_route=\/wp\/v2\/media\/28611"}],"wp:attachment":[{"href":"https:\/\/lubeljoyeria.com\/index.php?rest_route=%2Fwp%2Fv2%2Fmedia&parent=28609"}],"wp:term":[{"taxonomy":"product_brand","embeddable":true,"href":"https:\/\/lubeljoyeria.com\/index.php?rest_route=%2Fwp%2Fv2%2Fproduct_brand&post=28609"},{"taxonomy":"product_cat","embeddable":true,"href":"https:\/\/lubeljoyeria.com\/index.php?rest_route=%2Fwp%2Fv2%2Fproduct_cat&post=28609"},{"taxonomy":"product_tag","embeddable":true,"href":"https:\/\/lubeljoyeria.com\/index.php?rest_route=%2Fwp%2Fv2%2Fproduct_tag&post=28609"}],"curies":[{"name":"wp","href":"https:\/\/api.w.org\/{rel}","templated":true}]}}