{"id":28595,"date":"2025-11-25T19:05:41","date_gmt":"2025-11-25T19:05:41","guid":{"rendered":"https:\/\/lubeljoyeria.com\/?post_type=product&#038;p=28595"},"modified":"2025-11-26T10:31:57","modified_gmt":"2025-11-26T10:31:57","slug":"anillo-ovalado-salvatore-life-in-gold-madre-perla","status":"publish","type":"product","link":"https:\/\/lubeljoyeria.com\/?product=anillo-ovalado-salvatore-life-in-gold-madre-perla","title":{"rendered":"Anillo Ovalado Salvatore, Life In Gold, Madre Perla"},"content":{"rendered":"<p>De la colecci\u00f3n Life In Gold de Salvatore llega este original anillo ovalado con Madre Perla en el centro. Fabricado en Plata de Primera Ley (925), con ba\u00f1o de oro y un acabado mate. Comb\u00ednalo con otros anillos de la misma colecci\u00f3n!!!<\/p>\n<p>Material: Plata de Primera Ley, ba\u00f1o de oro y madre perla<\/p>\n<p>Ref, Salvatore: 190S0015<\/p>\n","protected":false},"excerpt":{"rendered":"<p>De la colecci\u00f3n Life In Gold de Salvatore llega este original anillo ovalado con Madre Perla en el centro. Fabricado en Plata de Primera Ley (925), con ba\u00f1o de oro y un acabado mate. Comb\u00ednalo con otros anillos de la misma colecci\u00f3n!!!<\/p>\n<p>Material: Plata de Primera Ley, ba\u00f1o de oro y madre perla<\/p>\n<p>Ref, Salvatore: 190S0015<\/p>\n","protected":false},"featured_media":28600,"template":"","meta":{"_joinchat":[]},"product_brand":[1439],"product_cat":[1463,1464,1485,1520],"product_tag":[],"class_list":{"0":"post-28595","1":"product","2":"type-product","3":"status-publish","4":"has-post-thumbnail","6":"product_brand-salvatore-plata","7":"product_cat-inicio","8":"product_cat-principal","9":"product_cat-salvatore-plata","10":"product_cat-anillos-salvatore-plata","11":"pa_tallaanillomedidortatum-1541","12":"pa_tallaanillomedidortatum-1543","13":"pa_tallaanillomedidortatum-1547","14":"sales-flash-overlay","15":"woocommerce-text-align-center","16":"woocommerce-image-align-center","17":"do-quantity-buttons","18":"wc-has-gallery","20":"first","21":"instock","22":"taxable","23":"shipping-taxable","24":"purchasable","25":"product-type-variable"},"yoast_head":"<!-- This site is optimized with the Yoast SEO Premium plugin v22.5 (Yoast SEO v26.5) - https:\/\/yoast.com\/wordpress\/plugins\/seo\/ -->\n<title>Anillo Ovalado Salvatore, Life In Gold, Madre Perla - Distribuidor Oficial Salvatore<\/title>\n<meta name=\"description\" content=\"De la colecci\u00f3n Life In Gold de Salvatore llega este original anillo ovalado con Madre Selva en el centro. Ref, Salvatore: 190S0015\" \/>\n<meta name=\"robots\" content=\"index, follow, max-snippet:-1, max-image-preview:large, max-video-preview:-1\" \/>\n<link rel=\"canonical\" href=\"https:\/\/lubeljoyeria.com\/?product=anillo-ovalado-salvatore-life-in-gold-madre-perla\" \/>\n<meta property=\"og:locale\" content=\"es_ES\" \/>\n<meta property=\"og:type\" content=\"article\" \/>\n<meta property=\"og:title\" content=\"Anillo Ovalado Salvatore, Life In Gold, Madre Perla\" \/>\n<meta property=\"og:description\" content=\"De la colecci\u00f3n Life In Gold de Salvatore llega este original anillo ovalado con Madre Selva en el centro. Ref, Salvatore: 190S0015\" \/>\n<meta property=\"og:url\" content=\"https:\/\/lubeljoyeria.com\/?product=anillo-ovalado-salvatore-life-in-gold-madre-perla\" \/>\n<meta property=\"og:site_name\" content=\"Lubel joyeria. Joyeria en Plata . Distribuidor oficial de Swarovski. - Lubel\" \/>\n<meta property=\"article:modified_time\" content=\"2025-11-26T10:31:57+00:00\" \/>\n<meta property=\"og:image\" content=\"https:\/\/lubeljoyeria.com\/wp-content\/uploads\/2025\/11\/Screenshot_2-6.jpg\" \/>\n\t<meta property=\"og:image:width\" content=\"610\" \/>\n\t<meta property=\"og:image:height\" content=\"603\" \/>\n\t<meta property=\"og:image:type\" content=\"image\/jpeg\" \/>\n<meta name=\"twitter:card\" content=\"summary_large_image\" \/>\n<meta name=\"twitter:label1\" content=\"Tiempo de lectura\" \/>\n\t<meta name=\"twitter:data1\" content=\"1 minuto\" \/>\n<script type=\"application\/ld+json\" class=\"yoast-schema-graph\">{\"@context\":\"https:\/\/schema.org\",\"@graph\":[{\"@type\":\"WebPage\",\"@id\":\"https:\/\/lubeljoyeria.com\/?product=anillo-ovalado-salvatore-life-in-gold-madre-perla\",\"url\":\"https:\/\/lubeljoyeria.com\/?product=anillo-ovalado-salvatore-life-in-gold-madre-perla\",\"name\":\"Anillo Ovalado Salvatore, Life In Gold, Madre Perla - Distribuidor Oficial Salvatore\",\"isPartOf\":{\"@id\":\"https:\/\/lubeljoyeria.com\/#website\"},\"primaryImageOfPage\":{\"@id\":\"https:\/\/lubeljoyeria.com\/?product=anillo-ovalado-salvatore-life-in-gold-madre-perla#primaryimage\"},\"image\":{\"@id\":\"https:\/\/lubeljoyeria.com\/?product=anillo-ovalado-salvatore-life-in-gold-madre-perla#primaryimage\"},\"thumbnailUrl\":\"https:\/\/lubeljoyeria.com\/wp-content\/uploads\/2025\/11\/Screenshot_2-6.jpg\",\"datePublished\":\"2025-11-25T19:05:41+00:00\",\"dateModified\":\"2025-11-26T10:31:57+00:00\",\"description\":\"De la colecci\u00f3n Life In Gold de Salvatore llega este original anillo ovalado con Madre Selva en el centro. Ref, Salvatore: 190S0015\",\"breadcrumb\":{\"@id\":\"https:\/\/lubeljoyeria.com\/?product=anillo-ovalado-salvatore-life-in-gold-madre-perla#breadcrumb\"},\"inLanguage\":\"es\",\"potentialAction\":[{\"@type\":\"ReadAction\",\"target\":[\"https:\/\/lubeljoyeria.com\/?product=anillo-ovalado-salvatore-life-in-gold-madre-perla\"]}]},{\"@type\":\"ImageObject\",\"inLanguage\":\"es\",\"@id\":\"https:\/\/lubeljoyeria.com\/?product=anillo-ovalado-salvatore-life-in-gold-madre-perla#primaryimage\",\"url\":\"https:\/\/lubeljoyeria.com\/wp-content\/uploads\/2025\/11\/Screenshot_2-6.jpg\",\"contentUrl\":\"https:\/\/lubeljoyeria.com\/wp-content\/uploads\/2025\/11\/Screenshot_2-6.jpg\",\"width\":610,\"height\":603,\"caption\":\"De la colecci\u00f3n Life In Gold de Salvatore llega este original anillo ovalado con Madre Perla en el centro. Fabricado en Plata de Primera Ley (925), con ba\u00f1o de oro y un acabado mate. Comb\u00ednalo con otros anillos de la misma colecci\u00f3n!!! Material: Plata de Primera Ley, ba\u00f1o de oro y madre perla Ref, Salvatore: 190S0015\"},{\"@type\":\"BreadcrumbList\",\"@id\":\"https:\/\/lubeljoyeria.com\/?product=anillo-ovalado-salvatore-life-in-gold-madre-perla#breadcrumb\",\"itemListElement\":[{\"@type\":\"ListItem\",\"position\":1,\"name\":\"Home\",\"item\":\"https:\/\/lubeljoyeria.com\/\"},{\"@type\":\"ListItem\",\"position\":2,\"name\":\"Tienda\",\"item\":\"https:\/\/lubeljoyeria.com\/?page_id=6\"},{\"@type\":\"ListItem\",\"position\":3,\"name\":\"Anillo Ovalado Salvatore, Life In Gold, Madre Perla\"}]},{\"@type\":\"WebSite\",\"@id\":\"https:\/\/lubeljoyeria.com\/#website\",\"url\":\"https:\/\/lubeljoyeria.com\/\",\"name\":\"Lubel joyeria. Joyeria en Plata . Distribuidor oficial de Swarovski. - Lubel\",\"description\":\"Lubel joyeria. Joyeria en Plata . Distribuidor oficial de Swarovski. - Lubel\",\"publisher\":{\"@id\":\"https:\/\/lubeljoyeria.com\/#organization\"},\"potentialAction\":[{\"@type\":\"SearchAction\",\"target\":{\"@type\":\"EntryPoint\",\"urlTemplate\":\"https:\/\/lubeljoyeria.com\/?s={search_term_string}\"},\"query-input\":{\"@type\":\"PropertyValueSpecification\",\"valueRequired\":true,\"valueName\":\"search_term_string\"}}],\"inLanguage\":\"es\"},{\"@type\":\"Organization\",\"@id\":\"https:\/\/lubeljoyeria.com\/#organization\",\"name\":\"Lubel joyeria. Joyeria en Plata . Distribuidor oficial de Swarovski. - Lubel\",\"url\":\"https:\/\/lubeljoyeria.com\/\",\"logo\":{\"@type\":\"ImageObject\",\"inLanguage\":\"es\",\"@id\":\"https:\/\/lubeljoyeria.com\/#\/schema\/logo\/image\/\",\"url\":\"https:\/\/lubeljoyeria.com\/wp-content\/uploads\/2020\/10\/lubel-joyeria-logo-1543825573-1.png\",\"contentUrl\":\"https:\/\/lubeljoyeria.com\/wp-content\/uploads\/2020\/10\/lubel-joyeria-logo-1543825573-1.png\",\"width\":135,\"height\":31,\"caption\":\"Lubel joyeria. Joyeria en Plata . Distribuidor oficial de Swarovski. - Lubel\"},\"image\":{\"@id\":\"https:\/\/lubeljoyeria.com\/#\/schema\/logo\/image\/\"}}]}<\/script>\n<!-- \/ Yoast SEO Premium plugin. -->","yoast_head_json":{"title":"Anillo Ovalado Salvatore, Life In Gold, Madre Perla - Distribuidor Oficial Salvatore","description":"De la colecci\u00f3n Life In Gold de Salvatore llega este original anillo ovalado con Madre Selva en el centro. Ref, Salvatore: 190S0015","robots":{"index":"index","follow":"follow","max-snippet":"max-snippet:-1","max-image-preview":"max-image-preview:large","max-video-preview":"max-video-preview:-1"},"canonical":"https:\/\/lubeljoyeria.com\/?product=anillo-ovalado-salvatore-life-in-gold-madre-perla","og_locale":"es_ES","og_type":"article","og_title":"Anillo Ovalado Salvatore, Life In Gold, Madre Perla","og_description":"De la colecci\u00f3n Life In Gold de Salvatore llega este original anillo ovalado con Madre Selva en el centro. Ref, Salvatore: 190S0015","og_url":"https:\/\/lubeljoyeria.com\/?product=anillo-ovalado-salvatore-life-in-gold-madre-perla","og_site_name":"Lubel joyeria. Joyeria en Plata . Distribuidor oficial de Swarovski. - Lubel","article_modified_time":"2025-11-26T10:31:57+00:00","og_image":[{"width":610,"height":603,"url":"https:\/\/lubeljoyeria.com\/wp-content\/uploads\/2025\/11\/Screenshot_2-6.jpg","type":"image\/jpeg"}],"twitter_card":"summary_large_image","twitter_misc":{"Tiempo de lectura":"1 minuto"},"schema":{"@context":"https:\/\/schema.org","@graph":[{"@type":"WebPage","@id":"https:\/\/lubeljoyeria.com\/?product=anillo-ovalado-salvatore-life-in-gold-madre-perla","url":"https:\/\/lubeljoyeria.com\/?product=anillo-ovalado-salvatore-life-in-gold-madre-perla","name":"Anillo Ovalado Salvatore, Life In Gold, Madre Perla - Distribuidor Oficial Salvatore","isPartOf":{"@id":"https:\/\/lubeljoyeria.com\/#website"},"primaryImageOfPage":{"@id":"https:\/\/lubeljoyeria.com\/?product=anillo-ovalado-salvatore-life-in-gold-madre-perla#primaryimage"},"image":{"@id":"https:\/\/lubeljoyeria.com\/?product=anillo-ovalado-salvatore-life-in-gold-madre-perla#primaryimage"},"thumbnailUrl":"https:\/\/lubeljoyeria.com\/wp-content\/uploads\/2025\/11\/Screenshot_2-6.jpg","datePublished":"2025-11-25T19:05:41+00:00","dateModified":"2025-11-26T10:31:57+00:00","description":"De la colecci\u00f3n Life In Gold de Salvatore llega este original anillo ovalado con Madre Selva en el centro. Ref, Salvatore: 190S0015","breadcrumb":{"@id":"https:\/\/lubeljoyeria.com\/?product=anillo-ovalado-salvatore-life-in-gold-madre-perla#breadcrumb"},"inLanguage":"es","potentialAction":[{"@type":"ReadAction","target":["https:\/\/lubeljoyeria.com\/?product=anillo-ovalado-salvatore-life-in-gold-madre-perla"]}]},{"@type":"ImageObject","inLanguage":"es","@id":"https:\/\/lubeljoyeria.com\/?product=anillo-ovalado-salvatore-life-in-gold-madre-perla#primaryimage","url":"https:\/\/lubeljoyeria.com\/wp-content\/uploads\/2025\/11\/Screenshot_2-6.jpg","contentUrl":"https:\/\/lubeljoyeria.com\/wp-content\/uploads\/2025\/11\/Screenshot_2-6.jpg","width":610,"height":603,"caption":"De la colecci\u00f3n Life In Gold de Salvatore llega este original anillo ovalado con Madre Perla en el centro. Fabricado en Plata de Primera Ley (925), con ba\u00f1o de oro y un acabado mate. Comb\u00ednalo con otros anillos de la misma colecci\u00f3n!!! Material: Plata de Primera Ley, ba\u00f1o de oro y madre perla Ref, Salvatore: 190S0015"},{"@type":"BreadcrumbList","@id":"https:\/\/lubeljoyeria.com\/?product=anillo-ovalado-salvatore-life-in-gold-madre-perla#breadcrumb","itemListElement":[{"@type":"ListItem","position":1,"name":"Home","item":"https:\/\/lubeljoyeria.com\/"},{"@type":"ListItem","position":2,"name":"Tienda","item":"https:\/\/lubeljoyeria.com\/?page_id=6"},{"@type":"ListItem","position":3,"name":"Anillo Ovalado Salvatore, Life In Gold, Madre Perla"}]},{"@type":"WebSite","@id":"https:\/\/lubeljoyeria.com\/#website","url":"https:\/\/lubeljoyeria.com\/","name":"Lubel joyeria. Joyeria en Plata . Distribuidor oficial de Swarovski. - Lubel","description":"Lubel joyeria. Joyeria en Plata . Distribuidor oficial de Swarovski. - Lubel","publisher":{"@id":"https:\/\/lubeljoyeria.com\/#organization"},"potentialAction":[{"@type":"SearchAction","target":{"@type":"EntryPoint","urlTemplate":"https:\/\/lubeljoyeria.com\/?s={search_term_string}"},"query-input":{"@type":"PropertyValueSpecification","valueRequired":true,"valueName":"search_term_string"}}],"inLanguage":"es"},{"@type":"Organization","@id":"https:\/\/lubeljoyeria.com\/#organization","name":"Lubel joyeria. Joyeria en Plata . Distribuidor oficial de Swarovski. - Lubel","url":"https:\/\/lubeljoyeria.com\/","logo":{"@type":"ImageObject","inLanguage":"es","@id":"https:\/\/lubeljoyeria.com\/#\/schema\/logo\/image\/","url":"https:\/\/lubeljoyeria.com\/wp-content\/uploads\/2020\/10\/lubel-joyeria-logo-1543825573-1.png","contentUrl":"https:\/\/lubeljoyeria.com\/wp-content\/uploads\/2020\/10\/lubel-joyeria-logo-1543825573-1.png","width":135,"height":31,"caption":"Lubel joyeria. Joyeria en Plata . Distribuidor oficial de Swarovski. - Lubel"},"image":{"@id":"https:\/\/lubeljoyeria.com\/#\/schema\/logo\/image\/"}}]}},"_links":{"self":[{"href":"https:\/\/lubeljoyeria.com\/index.php?rest_route=\/wp\/v2\/product\/28595","targetHints":{"allow":["GET"]}}],"collection":[{"href":"https:\/\/lubeljoyeria.com\/index.php?rest_route=\/wp\/v2\/product"}],"about":[{"href":"https:\/\/lubeljoyeria.com\/index.php?rest_route=\/wp\/v2\/types\/product"}],"wp:featuredmedia":[{"embeddable":true,"href":"https:\/\/lubeljoyeria.com\/index.php?rest_route=\/wp\/v2\/media\/28600"}],"wp:attachment":[{"href":"https:\/\/lubeljoyeria.com\/index.php?rest_route=%2Fwp%2Fv2%2Fmedia&parent=28595"}],"wp:term":[{"taxonomy":"product_brand","embeddable":true,"href":"https:\/\/lubeljoyeria.com\/index.php?rest_route=%2Fwp%2Fv2%2Fproduct_brand&post=28595"},{"taxonomy":"product_cat","embeddable":true,"href":"https:\/\/lubeljoyeria.com\/index.php?rest_route=%2Fwp%2Fv2%2Fproduct_cat&post=28595"},{"taxonomy":"product_tag","embeddable":true,"href":"https:\/\/lubeljoyeria.com\/index.php?rest_route=%2Fwp%2Fv2%2Fproduct_tag&post=28595"}],"curies":[{"name":"wp","href":"https:\/\/api.w.org\/{rel}","templated":true}]}}