{"id":28522,"date":"2025-11-20T17:43:24","date_gmt":"2025-11-20T17:43:24","guid":{"rendered":"https:\/\/lubeljoyeria.com\/?post_type=product&#038;p=28522"},"modified":"2025-11-20T17:43:26","modified_gmt":"2025-11-20T17:43:26","slug":"anillo-2-perlas-salvatore-helenica","status":"publish","type":"product","link":"https:\/\/lubeljoyeria.com\/?product=anillo-2-perlas-salvatore-helenica","title":{"rendered":"Anillo 2 Perlas Salvatore, Hel\u00e9nica"},"content":{"rendered":"<p>\u00bf Est\u00e1s buscando un anillo de perlas original? Pues este es el tuyo, una maravillosa pieza fabricada en Plata de Primera Ley (925), ba\u00f1o de oro y acompa\u00f1ada de dos impresionantes perlas cultivadas, una de estilo barroco y otra redonda. Llamar\u00e1s la atenci\u00f3n con este anillo en cualquier lugar! \ud83d\ude09<\/p>\n<p>Material: Plata de Primera Ley, ba\u00f1o de oro y perlas cultivadas.<\/p>\n<p>Ref. Salvatore: 275S0004<\/p>\n","protected":false},"excerpt":{"rendered":"<p>\u00bf Est\u00e1s buscando un anillo de perlas original? Pues este es el tuyo, una maravillosa pieza fabricada en Plata de Primera Ley (925), ba\u00f1o de oro y acompa\u00f1ada de dos impresionantes perlas cultivadas, una de estilo barroco y otra redonda. Llamar\u00e1s la atenci\u00f3n con este anillo en cualquier lugar! \ud83d\ude09<\/p>\n<p>Material: Plata de Primera Ley, ba\u00f1o de oro y perlas cultivadas.<\/p>\n<p>Ref. Salvatore: 275S0004<\/p>\n","protected":false},"featured_media":28525,"template":"","meta":{"_joinchat":[]},"product_brand":[1439],"product_cat":[1463,1464,1485,1520],"product_tag":[],"class_list":{"0":"post-28522","1":"product","2":"type-product","3":"status-publish","4":"has-post-thumbnail","6":"product_brand-salvatore-plata","7":"product_cat-inicio","8":"product_cat-principal","9":"product_cat-salvatore-plata","10":"product_cat-anillos-salvatore-plata","11":"pa_tallaanillomedidortatum-1547","12":"sales-flash-overlay","13":"woocommerce-text-align-center","14":"woocommerce-image-align-center","15":"do-quantity-buttons","16":"wc-has-gallery","18":"first","19":"instock","20":"taxable","21":"shipping-taxable","22":"purchasable","23":"product-type-variable"},"yoast_head":"<!-- This site is optimized with the Yoast SEO Premium plugin v22.5 (Yoast SEO v26.5) - https:\/\/yoast.com\/wordpress\/plugins\/seo\/ -->\n<title>Anillo 2 Perlas Salvatore, Hel\u00e9nica - Distribuidor Oficial Salvatore<\/title>\n<meta name=\"description\" content=\"Una maravillosa pieza fabricada en Plata de Primera Ley (925), ba\u00f1o de oro y acompa\u00f1ada de dos impresionantes perlas cultivadas .Ref. Salvatore: 275S0004\" \/>\n<meta name=\"robots\" content=\"index, follow, max-snippet:-1, max-image-preview:large, max-video-preview:-1\" \/>\n<link rel=\"canonical\" href=\"https:\/\/lubeljoyeria.com\/?product=anillo-2-perlas-salvatore-helenica\" \/>\n<meta property=\"og:locale\" content=\"es_ES\" \/>\n<meta property=\"og:type\" content=\"article\" \/>\n<meta property=\"og:title\" content=\"Anillo 2 Perlas Salvatore, Hel\u00e9nica\" \/>\n<meta property=\"og:description\" content=\"Una maravillosa pieza fabricada en Plata de Primera Ley (925), ba\u00f1o de oro y acompa\u00f1ada de dos impresionantes perlas cultivadas .Ref. Salvatore: 275S0004\" \/>\n<meta property=\"og:url\" content=\"https:\/\/lubeljoyeria.com\/?product=anillo-2-perlas-salvatore-helenica\" \/>\n<meta property=\"og:site_name\" content=\"Lubel joyeria. Joyeria en Plata . Distribuidor oficial de Swarovski. - Lubel\" \/>\n<meta property=\"article:modified_time\" content=\"2025-11-20T17:43:26+00:00\" \/>\n<meta property=\"og:image\" content=\"https:\/\/lubeljoyeria.com\/wp-content\/uploads\/2025\/11\/275s0004.jpg\" \/>\n\t<meta property=\"og:image:width\" content=\"1536\" \/>\n\t<meta property=\"og:image:height\" content=\"1536\" \/>\n\t<meta property=\"og:image:type\" content=\"image\/jpeg\" \/>\n<meta name=\"twitter:card\" content=\"summary_large_image\" \/>\n<meta name=\"twitter:label1\" content=\"Tiempo de lectura\" \/>\n\t<meta name=\"twitter:data1\" content=\"1 minuto\" \/>\n<script type=\"application\/ld+json\" class=\"yoast-schema-graph\">{\"@context\":\"https:\/\/schema.org\",\"@graph\":[{\"@type\":\"WebPage\",\"@id\":\"https:\/\/lubeljoyeria.com\/?product=anillo-2-perlas-salvatore-helenica\",\"url\":\"https:\/\/lubeljoyeria.com\/?product=anillo-2-perlas-salvatore-helenica\",\"name\":\"Anillo 2 Perlas Salvatore, Hel\u00e9nica - Distribuidor Oficial Salvatore\",\"isPartOf\":{\"@id\":\"https:\/\/lubeljoyeria.com\/#website\"},\"primaryImageOfPage\":{\"@id\":\"https:\/\/lubeljoyeria.com\/?product=anillo-2-perlas-salvatore-helenica#primaryimage\"},\"image\":{\"@id\":\"https:\/\/lubeljoyeria.com\/?product=anillo-2-perlas-salvatore-helenica#primaryimage\"},\"thumbnailUrl\":\"https:\/\/lubeljoyeria.com\/wp-content\/uploads\/2025\/11\/275s0004.jpg\",\"datePublished\":\"2025-11-20T17:43:24+00:00\",\"dateModified\":\"2025-11-20T17:43:26+00:00\",\"description\":\"Una maravillosa pieza fabricada en Plata de Primera Ley (925), ba\u00f1o de oro y acompa\u00f1ada de dos impresionantes perlas cultivadas .Ref. Salvatore: 275S0004\",\"breadcrumb\":{\"@id\":\"https:\/\/lubeljoyeria.com\/?product=anillo-2-perlas-salvatore-helenica#breadcrumb\"},\"inLanguage\":\"es\",\"potentialAction\":[{\"@type\":\"ReadAction\",\"target\":[\"https:\/\/lubeljoyeria.com\/?product=anillo-2-perlas-salvatore-helenica\"]}]},{\"@type\":\"ImageObject\",\"inLanguage\":\"es\",\"@id\":\"https:\/\/lubeljoyeria.com\/?product=anillo-2-perlas-salvatore-helenica#primaryimage\",\"url\":\"https:\/\/lubeljoyeria.com\/wp-content\/uploads\/2025\/11\/275s0004.jpg\",\"contentUrl\":\"https:\/\/lubeljoyeria.com\/wp-content\/uploads\/2025\/11\/275s0004.jpg\",\"width\":1536,\"height\":1536,\"caption\":\"\u00bf Est\u00e1s buscando un anillo de perlas original? Pues este es el tuyo, una maravillosa pieza fabricada en Plata de Primera Ley (925), ba\u00f1o de oro y acompa\u00f1ada de dos impresionantes perlas cultivadas, una de estilo barroco y otra redonda. Llamar\u00e1s la atenci\u00f3n con este anillo en cualquier lugar! \ud83d\ude09 Material: Plata de Primera Ley, ba\u00f1o de oro y perlas cultivadas. Ref. Salvatore: 275S0004\"},{\"@type\":\"BreadcrumbList\",\"@id\":\"https:\/\/lubeljoyeria.com\/?product=anillo-2-perlas-salvatore-helenica#breadcrumb\",\"itemListElement\":[{\"@type\":\"ListItem\",\"position\":1,\"name\":\"Home\",\"item\":\"https:\/\/lubeljoyeria.com\/\"},{\"@type\":\"ListItem\",\"position\":2,\"name\":\"Tienda\",\"item\":\"https:\/\/lubeljoyeria.com\/?page_id=6\"},{\"@type\":\"ListItem\",\"position\":3,\"name\":\"Anillo 2 Perlas Salvatore, Hel\u00e9nica\"}]},{\"@type\":\"WebSite\",\"@id\":\"https:\/\/lubeljoyeria.com\/#website\",\"url\":\"https:\/\/lubeljoyeria.com\/\",\"name\":\"Lubel joyeria. Joyeria en Plata . Distribuidor oficial de Swarovski. - Lubel\",\"description\":\"Lubel joyeria. Joyeria en Plata . Distribuidor oficial de Swarovski. - Lubel\",\"publisher\":{\"@id\":\"https:\/\/lubeljoyeria.com\/#organization\"},\"potentialAction\":[{\"@type\":\"SearchAction\",\"target\":{\"@type\":\"EntryPoint\",\"urlTemplate\":\"https:\/\/lubeljoyeria.com\/?s={search_term_string}\"},\"query-input\":{\"@type\":\"PropertyValueSpecification\",\"valueRequired\":true,\"valueName\":\"search_term_string\"}}],\"inLanguage\":\"es\"},{\"@type\":\"Organization\",\"@id\":\"https:\/\/lubeljoyeria.com\/#organization\",\"name\":\"Lubel joyeria. Joyeria en Plata . Distribuidor oficial de Swarovski. - Lubel\",\"url\":\"https:\/\/lubeljoyeria.com\/\",\"logo\":{\"@type\":\"ImageObject\",\"inLanguage\":\"es\",\"@id\":\"https:\/\/lubeljoyeria.com\/#\/schema\/logo\/image\/\",\"url\":\"https:\/\/lubeljoyeria.com\/wp-content\/uploads\/2020\/10\/lubel-joyeria-logo-1543825573-1.png\",\"contentUrl\":\"https:\/\/lubeljoyeria.com\/wp-content\/uploads\/2020\/10\/lubel-joyeria-logo-1543825573-1.png\",\"width\":135,\"height\":31,\"caption\":\"Lubel joyeria. Joyeria en Plata . Distribuidor oficial de Swarovski. - Lubel\"},\"image\":{\"@id\":\"https:\/\/lubeljoyeria.com\/#\/schema\/logo\/image\/\"}}]}<\/script>\n<!-- \/ Yoast SEO Premium plugin. -->","yoast_head_json":{"title":"Anillo 2 Perlas Salvatore, Hel\u00e9nica - Distribuidor Oficial Salvatore","description":"Una maravillosa pieza fabricada en Plata de Primera Ley (925), ba\u00f1o de oro y acompa\u00f1ada de dos impresionantes perlas cultivadas .Ref. Salvatore: 275S0004","robots":{"index":"index","follow":"follow","max-snippet":"max-snippet:-1","max-image-preview":"max-image-preview:large","max-video-preview":"max-video-preview:-1"},"canonical":"https:\/\/lubeljoyeria.com\/?product=anillo-2-perlas-salvatore-helenica","og_locale":"es_ES","og_type":"article","og_title":"Anillo 2 Perlas Salvatore, Hel\u00e9nica","og_description":"Una maravillosa pieza fabricada en Plata de Primera Ley (925), ba\u00f1o de oro y acompa\u00f1ada de dos impresionantes perlas cultivadas .Ref. Salvatore: 275S0004","og_url":"https:\/\/lubeljoyeria.com\/?product=anillo-2-perlas-salvatore-helenica","og_site_name":"Lubel joyeria. Joyeria en Plata . Distribuidor oficial de Swarovski. - Lubel","article_modified_time":"2025-11-20T17:43:26+00:00","og_image":[{"width":1536,"height":1536,"url":"https:\/\/lubeljoyeria.com\/wp-content\/uploads\/2025\/11\/275s0004.jpg","type":"image\/jpeg"}],"twitter_card":"summary_large_image","twitter_misc":{"Tiempo de lectura":"1 minuto"},"schema":{"@context":"https:\/\/schema.org","@graph":[{"@type":"WebPage","@id":"https:\/\/lubeljoyeria.com\/?product=anillo-2-perlas-salvatore-helenica","url":"https:\/\/lubeljoyeria.com\/?product=anillo-2-perlas-salvatore-helenica","name":"Anillo 2 Perlas Salvatore, Hel\u00e9nica - Distribuidor Oficial Salvatore","isPartOf":{"@id":"https:\/\/lubeljoyeria.com\/#website"},"primaryImageOfPage":{"@id":"https:\/\/lubeljoyeria.com\/?product=anillo-2-perlas-salvatore-helenica#primaryimage"},"image":{"@id":"https:\/\/lubeljoyeria.com\/?product=anillo-2-perlas-salvatore-helenica#primaryimage"},"thumbnailUrl":"https:\/\/lubeljoyeria.com\/wp-content\/uploads\/2025\/11\/275s0004.jpg","datePublished":"2025-11-20T17:43:24+00:00","dateModified":"2025-11-20T17:43:26+00:00","description":"Una maravillosa pieza fabricada en Plata de Primera Ley (925), ba\u00f1o de oro y acompa\u00f1ada de dos impresionantes perlas cultivadas .Ref. Salvatore: 275S0004","breadcrumb":{"@id":"https:\/\/lubeljoyeria.com\/?product=anillo-2-perlas-salvatore-helenica#breadcrumb"},"inLanguage":"es","potentialAction":[{"@type":"ReadAction","target":["https:\/\/lubeljoyeria.com\/?product=anillo-2-perlas-salvatore-helenica"]}]},{"@type":"ImageObject","inLanguage":"es","@id":"https:\/\/lubeljoyeria.com\/?product=anillo-2-perlas-salvatore-helenica#primaryimage","url":"https:\/\/lubeljoyeria.com\/wp-content\/uploads\/2025\/11\/275s0004.jpg","contentUrl":"https:\/\/lubeljoyeria.com\/wp-content\/uploads\/2025\/11\/275s0004.jpg","width":1536,"height":1536,"caption":"\u00bf Est\u00e1s buscando un anillo de perlas original? Pues este es el tuyo, una maravillosa pieza fabricada en Plata de Primera Ley (925), ba\u00f1o de oro y acompa\u00f1ada de dos impresionantes perlas cultivadas, una de estilo barroco y otra redonda. Llamar\u00e1s la atenci\u00f3n con este anillo en cualquier lugar! \ud83d\ude09 Material: Plata de Primera Ley, ba\u00f1o de oro y perlas cultivadas. Ref. Salvatore: 275S0004"},{"@type":"BreadcrumbList","@id":"https:\/\/lubeljoyeria.com\/?product=anillo-2-perlas-salvatore-helenica#breadcrumb","itemListElement":[{"@type":"ListItem","position":1,"name":"Home","item":"https:\/\/lubeljoyeria.com\/"},{"@type":"ListItem","position":2,"name":"Tienda","item":"https:\/\/lubeljoyeria.com\/?page_id=6"},{"@type":"ListItem","position":3,"name":"Anillo 2 Perlas Salvatore, Hel\u00e9nica"}]},{"@type":"WebSite","@id":"https:\/\/lubeljoyeria.com\/#website","url":"https:\/\/lubeljoyeria.com\/","name":"Lubel joyeria. Joyeria en Plata . Distribuidor oficial de Swarovski. - Lubel","description":"Lubel joyeria. Joyeria en Plata . Distribuidor oficial de Swarovski. - Lubel","publisher":{"@id":"https:\/\/lubeljoyeria.com\/#organization"},"potentialAction":[{"@type":"SearchAction","target":{"@type":"EntryPoint","urlTemplate":"https:\/\/lubeljoyeria.com\/?s={search_term_string}"},"query-input":{"@type":"PropertyValueSpecification","valueRequired":true,"valueName":"search_term_string"}}],"inLanguage":"es"},{"@type":"Organization","@id":"https:\/\/lubeljoyeria.com\/#organization","name":"Lubel joyeria. Joyeria en Plata . Distribuidor oficial de Swarovski. - Lubel","url":"https:\/\/lubeljoyeria.com\/","logo":{"@type":"ImageObject","inLanguage":"es","@id":"https:\/\/lubeljoyeria.com\/#\/schema\/logo\/image\/","url":"https:\/\/lubeljoyeria.com\/wp-content\/uploads\/2020\/10\/lubel-joyeria-logo-1543825573-1.png","contentUrl":"https:\/\/lubeljoyeria.com\/wp-content\/uploads\/2020\/10\/lubel-joyeria-logo-1543825573-1.png","width":135,"height":31,"caption":"Lubel joyeria. Joyeria en Plata . Distribuidor oficial de Swarovski. - Lubel"},"image":{"@id":"https:\/\/lubeljoyeria.com\/#\/schema\/logo\/image\/"}}]}},"_links":{"self":[{"href":"https:\/\/lubeljoyeria.com\/index.php?rest_route=\/wp\/v2\/product\/28522","targetHints":{"allow":["GET"]}}],"collection":[{"href":"https:\/\/lubeljoyeria.com\/index.php?rest_route=\/wp\/v2\/product"}],"about":[{"href":"https:\/\/lubeljoyeria.com\/index.php?rest_route=\/wp\/v2\/types\/product"}],"wp:featuredmedia":[{"embeddable":true,"href":"https:\/\/lubeljoyeria.com\/index.php?rest_route=\/wp\/v2\/media\/28525"}],"wp:attachment":[{"href":"https:\/\/lubeljoyeria.com\/index.php?rest_route=%2Fwp%2Fv2%2Fmedia&parent=28522"}],"wp:term":[{"taxonomy":"product_brand","embeddable":true,"href":"https:\/\/lubeljoyeria.com\/index.php?rest_route=%2Fwp%2Fv2%2Fproduct_brand&post=28522"},{"taxonomy":"product_cat","embeddable":true,"href":"https:\/\/lubeljoyeria.com\/index.php?rest_route=%2Fwp%2Fv2%2Fproduct_cat&post=28522"},{"taxonomy":"product_tag","embeddable":true,"href":"https:\/\/lubeljoyeria.com\/index.php?rest_route=%2Fwp%2Fv2%2Fproduct_tag&post=28522"}],"curies":[{"name":"wp","href":"https:\/\/api.w.org\/{rel}","templated":true}]}}