{"id":28459,"date":"2025-11-05T10:57:16","date_gmt":"2025-11-05T10:57:16","guid":{"rendered":"https:\/\/lubeljoyeria.com\/?post_type=product&#038;p=28459"},"modified":"2026-01-02T10:46:45","modified_gmt":"2026-01-02T10:46:45","slug":"conjunto-swarovski-una-angelic","status":"publish","type":"product","link":"https:\/\/lubeljoyeria.com\/?product=conjunto-swarovski-una-angelic","title":{"rendered":"Conjunto Swarovski, Una Angelic"},"content":{"rendered":"<p>Este hermoso conjunto de collar, pulsera y pendientes, es ideal para regalar o para convertirlo en la nueva pieza de cabecera de cualquier colecci\u00f3n personal. Su dise\u00f1o atemporal es ideal como regalo, adem\u00e1s de un hermoso accesorio para un look nupcial.<\/p>\n<p>Tama\u00f1o:<\/p>\n<ul>\n<li>Largo del collar: 38 cm.<\/li>\n<li>Largo de la pulsera: 16.5 cm.<\/li>\n<li>Largo de los pendientes: 1 cm.<\/li>\n<\/ul>\n<p>Material: Cristales y ba\u00f1o de rodio<\/p>\n","protected":false},"excerpt":{"rendered":"<p>Este hermoso conjunto de collar, pulsera y pendientes, es ideal para regalar o para convertirlo en la nueva pieza de cabecera de cualquier colecci\u00f3n personal. Su dise\u00f1o atemporal es ideal como regalo, adem\u00e1s de un hermoso accesorio para un look nupcial.<\/p>\n<p>Tama\u00f1o:<\/p>\n<ul>\n<li>Largo del collar: 38 cm.<\/li>\n<li>Largo de la pulsera: 16.5 cm.<\/li>\n<li>Largo de los pendientes: 1 cm.<\/li>\n<\/ul>\n<p>Material: Cristales y ba\u00f1o de rodio<\/p>\n","protected":false},"featured_media":28461,"template":"","meta":{"_joinchat":[]},"product_brand":[1437],"product_cat":[1463,1464,1470,1527,1477,1494,1508,1522],"product_tag":[],"class_list":{"0":"post-28459","1":"product","2":"type-product","3":"status-publish","4":"has-post-thumbnail","6":"product_brand-swarovski","7":"product_cat-inicio","8":"product_cat-principal","9":"product_cat-swarovski","10":"product_cat-conjuntos","11":"product_cat-novias","12":"product_cat-pendientes-novias","13":"product_cat-colgante","14":"product_cat-pulseras-novias","15":"sales-flash-overlay","16":"woocommerce-text-align-center","17":"woocommerce-image-align-center","18":"do-quantity-buttons","19":"wc-has-gallery","21":"first","22":"instock","23":"taxable","24":"shipping-taxable","25":"purchasable","26":"product-type-simple"},"yoast_head":"<!-- This site is optimized with the Yoast SEO Premium plugin v22.5 (Yoast SEO v26.5) - https:\/\/yoast.com\/wordpress\/plugins\/seo\/ -->\n<title>Conjunto Swarovski, Una Angelic - Distribuidor Oficial Swarovski<\/title>\n<meta name=\"description\" content=\"Este hermoso conjunto de collar, pulsera y pendientes es ideal para regalar o para convertirlo en la nueva pieza de cualquier colecci\u00f3n personal.\" \/>\n<meta name=\"robots\" content=\"index, follow, max-snippet:-1, max-image-preview:large, max-video-preview:-1\" \/>\n<link rel=\"canonical\" href=\"https:\/\/lubeljoyeria.com\/?product=conjunto-swarovski-una-angelic\" \/>\n<meta property=\"og:locale\" content=\"es_ES\" \/>\n<meta property=\"og:type\" content=\"article\" \/>\n<meta property=\"og:title\" content=\"Conjunto Swarovski, Una Angelic\" \/>\n<meta property=\"og:description\" content=\"Este hermoso conjunto de collar, pulsera y pendientes es ideal para regalar o para convertirlo en la nueva pieza de cualquier colecci\u00f3n personal.\" \/>\n<meta property=\"og:url\" content=\"https:\/\/lubeljoyeria.com\/?product=conjunto-swarovski-una-angelic\" \/>\n<meta property=\"og:site_name\" content=\"Lubel joyeria. Joyeria en Plata . Distribuidor oficial de Swarovski. - Lubel\" \/>\n<meta property=\"article:modified_time\" content=\"2026-01-02T10:46:45+00:00\" \/>\n<meta property=\"og:image\" content=\"https:\/\/lubeljoyeria.com\/wp-content\/uploads\/2025\/11\/Screenshot_1.jpg\" \/>\n\t<meta property=\"og:image:width\" content=\"567\" \/>\n\t<meta property=\"og:image:height\" content=\"567\" \/>\n\t<meta property=\"og:image:type\" content=\"image\/jpeg\" \/>\n<meta name=\"twitter:card\" content=\"summary_large_image\" \/>\n<meta name=\"twitter:label1\" content=\"Tiempo de lectura\" \/>\n\t<meta name=\"twitter:data1\" content=\"1 minuto\" \/>\n<script type=\"application\/ld+json\" class=\"yoast-schema-graph\">{\"@context\":\"https:\/\/schema.org\",\"@graph\":[{\"@type\":\"WebPage\",\"@id\":\"https:\/\/lubeljoyeria.com\/?product=conjunto-swarovski-una-angelic\",\"url\":\"https:\/\/lubeljoyeria.com\/?product=conjunto-swarovski-una-angelic\",\"name\":\"Conjunto Swarovski, Una Angelic - Distribuidor Oficial Swarovski\",\"isPartOf\":{\"@id\":\"https:\/\/lubeljoyeria.com\/#website\"},\"primaryImageOfPage\":{\"@id\":\"https:\/\/lubeljoyeria.com\/?product=conjunto-swarovski-una-angelic#primaryimage\"},\"image\":{\"@id\":\"https:\/\/lubeljoyeria.com\/?product=conjunto-swarovski-una-angelic#primaryimage\"},\"thumbnailUrl\":\"https:\/\/lubeljoyeria.com\/wp-content\/uploads\/2025\/11\/Screenshot_1.jpg\",\"datePublished\":\"2025-11-05T10:57:16+00:00\",\"dateModified\":\"2026-01-02T10:46:45+00:00\",\"description\":\"Este hermoso conjunto de collar, pulsera y pendientes es ideal para regalar o para convertirlo en la nueva pieza de cualquier colecci\u00f3n personal.\",\"breadcrumb\":{\"@id\":\"https:\/\/lubeljoyeria.com\/?product=conjunto-swarovski-una-angelic#breadcrumb\"},\"inLanguage\":\"es\",\"potentialAction\":[{\"@type\":\"ReadAction\",\"target\":[\"https:\/\/lubeljoyeria.com\/?product=conjunto-swarovski-una-angelic\"]}]},{\"@type\":\"ImageObject\",\"inLanguage\":\"es\",\"@id\":\"https:\/\/lubeljoyeria.com\/?product=conjunto-swarovski-una-angelic#primaryimage\",\"url\":\"https:\/\/lubeljoyeria.com\/wp-content\/uploads\/2025\/11\/Screenshot_1.jpg\",\"contentUrl\":\"https:\/\/lubeljoyeria.com\/wp-content\/uploads\/2025\/11\/Screenshot_1.jpg\",\"width\":567,\"height\":567,\"caption\":\"Este hermoso conjunto de collar, pulsera y pendientes, es ideal para regalar o para convertirlo en la nueva pieza de cabecera de cualquier colecci\u00f3n personal. Su dise\u00f1o atemporal es ideal como regalo, adem\u00e1s de un hermoso accesorio para un look nupcial. Tama\u00f1o: Largo del collar: 38 cm. Largo de la pulsera: 16.5 cm. Largo de los pendientes: 1 cm. Material: Cristales y ba\u00f1o de rodio\"},{\"@type\":\"BreadcrumbList\",\"@id\":\"https:\/\/lubeljoyeria.com\/?product=conjunto-swarovski-una-angelic#breadcrumb\",\"itemListElement\":[{\"@type\":\"ListItem\",\"position\":1,\"name\":\"Home\",\"item\":\"https:\/\/lubeljoyeria.com\/\"},{\"@type\":\"ListItem\",\"position\":2,\"name\":\"Tienda\",\"item\":\"https:\/\/lubeljoyeria.com\/?page_id=6\"},{\"@type\":\"ListItem\",\"position\":3,\"name\":\"Conjunto Swarovski, Una Angelic\"}]},{\"@type\":\"WebSite\",\"@id\":\"https:\/\/lubeljoyeria.com\/#website\",\"url\":\"https:\/\/lubeljoyeria.com\/\",\"name\":\"Lubel joyeria. Joyeria en Plata . Distribuidor oficial de Swarovski. - Lubel\",\"description\":\"Lubel joyeria. Joyeria en Plata . Distribuidor oficial de Swarovski. - Lubel\",\"publisher\":{\"@id\":\"https:\/\/lubeljoyeria.com\/#organization\"},\"potentialAction\":[{\"@type\":\"SearchAction\",\"target\":{\"@type\":\"EntryPoint\",\"urlTemplate\":\"https:\/\/lubeljoyeria.com\/?s={search_term_string}\"},\"query-input\":{\"@type\":\"PropertyValueSpecification\",\"valueRequired\":true,\"valueName\":\"search_term_string\"}}],\"inLanguage\":\"es\"},{\"@type\":\"Organization\",\"@id\":\"https:\/\/lubeljoyeria.com\/#organization\",\"name\":\"Lubel joyeria. Joyeria en Plata . Distribuidor oficial de Swarovski. - Lubel\",\"url\":\"https:\/\/lubeljoyeria.com\/\",\"logo\":{\"@type\":\"ImageObject\",\"inLanguage\":\"es\",\"@id\":\"https:\/\/lubeljoyeria.com\/#\/schema\/logo\/image\/\",\"url\":\"https:\/\/lubeljoyeria.com\/wp-content\/uploads\/2020\/10\/lubel-joyeria-logo-1543825573-1.png\",\"contentUrl\":\"https:\/\/lubeljoyeria.com\/wp-content\/uploads\/2020\/10\/lubel-joyeria-logo-1543825573-1.png\",\"width\":135,\"height\":31,\"caption\":\"Lubel joyeria. Joyeria en Plata . Distribuidor oficial de Swarovski. - Lubel\"},\"image\":{\"@id\":\"https:\/\/lubeljoyeria.com\/#\/schema\/logo\/image\/\"}}]}<\/script>\n<!-- \/ Yoast SEO Premium plugin. -->","yoast_head_json":{"title":"Conjunto Swarovski, Una Angelic - Distribuidor Oficial Swarovski","description":"Este hermoso conjunto de collar, pulsera y pendientes es ideal para regalar o para convertirlo en la nueva pieza de cualquier colecci\u00f3n personal.","robots":{"index":"index","follow":"follow","max-snippet":"max-snippet:-1","max-image-preview":"max-image-preview:large","max-video-preview":"max-video-preview:-1"},"canonical":"https:\/\/lubeljoyeria.com\/?product=conjunto-swarovski-una-angelic","og_locale":"es_ES","og_type":"article","og_title":"Conjunto Swarovski, Una Angelic","og_description":"Este hermoso conjunto de collar, pulsera y pendientes es ideal para regalar o para convertirlo en la nueva pieza de cualquier colecci\u00f3n personal.","og_url":"https:\/\/lubeljoyeria.com\/?product=conjunto-swarovski-una-angelic","og_site_name":"Lubel joyeria. Joyeria en Plata . Distribuidor oficial de Swarovski. - Lubel","article_modified_time":"2026-01-02T10:46:45+00:00","og_image":[{"width":567,"height":567,"url":"https:\/\/lubeljoyeria.com\/wp-content\/uploads\/2025\/11\/Screenshot_1.jpg","type":"image\/jpeg"}],"twitter_card":"summary_large_image","twitter_misc":{"Tiempo de lectura":"1 minuto"},"schema":{"@context":"https:\/\/schema.org","@graph":[{"@type":"WebPage","@id":"https:\/\/lubeljoyeria.com\/?product=conjunto-swarovski-una-angelic","url":"https:\/\/lubeljoyeria.com\/?product=conjunto-swarovski-una-angelic","name":"Conjunto Swarovski, Una Angelic - Distribuidor Oficial Swarovski","isPartOf":{"@id":"https:\/\/lubeljoyeria.com\/#website"},"primaryImageOfPage":{"@id":"https:\/\/lubeljoyeria.com\/?product=conjunto-swarovski-una-angelic#primaryimage"},"image":{"@id":"https:\/\/lubeljoyeria.com\/?product=conjunto-swarovski-una-angelic#primaryimage"},"thumbnailUrl":"https:\/\/lubeljoyeria.com\/wp-content\/uploads\/2025\/11\/Screenshot_1.jpg","datePublished":"2025-11-05T10:57:16+00:00","dateModified":"2026-01-02T10:46:45+00:00","description":"Este hermoso conjunto de collar, pulsera y pendientes es ideal para regalar o para convertirlo en la nueva pieza de cualquier colecci\u00f3n personal.","breadcrumb":{"@id":"https:\/\/lubeljoyeria.com\/?product=conjunto-swarovski-una-angelic#breadcrumb"},"inLanguage":"es","potentialAction":[{"@type":"ReadAction","target":["https:\/\/lubeljoyeria.com\/?product=conjunto-swarovski-una-angelic"]}]},{"@type":"ImageObject","inLanguage":"es","@id":"https:\/\/lubeljoyeria.com\/?product=conjunto-swarovski-una-angelic#primaryimage","url":"https:\/\/lubeljoyeria.com\/wp-content\/uploads\/2025\/11\/Screenshot_1.jpg","contentUrl":"https:\/\/lubeljoyeria.com\/wp-content\/uploads\/2025\/11\/Screenshot_1.jpg","width":567,"height":567,"caption":"Este hermoso conjunto de collar, pulsera y pendientes, es ideal para regalar o para convertirlo en la nueva pieza de cabecera de cualquier colecci\u00f3n personal. Su dise\u00f1o atemporal es ideal como regalo, adem\u00e1s de un hermoso accesorio para un look nupcial. Tama\u00f1o: Largo del collar: 38 cm. Largo de la pulsera: 16.5 cm. Largo de los pendientes: 1 cm. Material: Cristales y ba\u00f1o de rodio"},{"@type":"BreadcrumbList","@id":"https:\/\/lubeljoyeria.com\/?product=conjunto-swarovski-una-angelic#breadcrumb","itemListElement":[{"@type":"ListItem","position":1,"name":"Home","item":"https:\/\/lubeljoyeria.com\/"},{"@type":"ListItem","position":2,"name":"Tienda","item":"https:\/\/lubeljoyeria.com\/?page_id=6"},{"@type":"ListItem","position":3,"name":"Conjunto Swarovski, Una Angelic"}]},{"@type":"WebSite","@id":"https:\/\/lubeljoyeria.com\/#website","url":"https:\/\/lubeljoyeria.com\/","name":"Lubel joyeria. Joyeria en Plata . Distribuidor oficial de Swarovski. - Lubel","description":"Lubel joyeria. Joyeria en Plata . Distribuidor oficial de Swarovski. - Lubel","publisher":{"@id":"https:\/\/lubeljoyeria.com\/#organization"},"potentialAction":[{"@type":"SearchAction","target":{"@type":"EntryPoint","urlTemplate":"https:\/\/lubeljoyeria.com\/?s={search_term_string}"},"query-input":{"@type":"PropertyValueSpecification","valueRequired":true,"valueName":"search_term_string"}}],"inLanguage":"es"},{"@type":"Organization","@id":"https:\/\/lubeljoyeria.com\/#organization","name":"Lubel joyeria. Joyeria en Plata . Distribuidor oficial de Swarovski. - Lubel","url":"https:\/\/lubeljoyeria.com\/","logo":{"@type":"ImageObject","inLanguage":"es","@id":"https:\/\/lubeljoyeria.com\/#\/schema\/logo\/image\/","url":"https:\/\/lubeljoyeria.com\/wp-content\/uploads\/2020\/10\/lubel-joyeria-logo-1543825573-1.png","contentUrl":"https:\/\/lubeljoyeria.com\/wp-content\/uploads\/2020\/10\/lubel-joyeria-logo-1543825573-1.png","width":135,"height":31,"caption":"Lubel joyeria. Joyeria en Plata . Distribuidor oficial de Swarovski. - Lubel"},"image":{"@id":"https:\/\/lubeljoyeria.com\/#\/schema\/logo\/image\/"}}]}},"_links":{"self":[{"href":"https:\/\/lubeljoyeria.com\/index.php?rest_route=\/wp\/v2\/product\/28459","targetHints":{"allow":["GET"]}}],"collection":[{"href":"https:\/\/lubeljoyeria.com\/index.php?rest_route=\/wp\/v2\/product"}],"about":[{"href":"https:\/\/lubeljoyeria.com\/index.php?rest_route=\/wp\/v2\/types\/product"}],"wp:featuredmedia":[{"embeddable":true,"href":"https:\/\/lubeljoyeria.com\/index.php?rest_route=\/wp\/v2\/media\/28461"}],"wp:attachment":[{"href":"https:\/\/lubeljoyeria.com\/index.php?rest_route=%2Fwp%2Fv2%2Fmedia&parent=28459"}],"wp:term":[{"taxonomy":"product_brand","embeddable":true,"href":"https:\/\/lubeljoyeria.com\/index.php?rest_route=%2Fwp%2Fv2%2Fproduct_brand&post=28459"},{"taxonomy":"product_cat","embeddable":true,"href":"https:\/\/lubeljoyeria.com\/index.php?rest_route=%2Fwp%2Fv2%2Fproduct_cat&post=28459"},{"taxonomy":"product_tag","embeddable":true,"href":"https:\/\/lubeljoyeria.com\/index.php?rest_route=%2Fwp%2Fv2%2Fproduct_tag&post=28459"}],"curies":[{"name":"wp","href":"https:\/\/api.w.org\/{rel}","templated":true}]}}