{"id":28363,"date":"2025-09-22T10:53:56","date_gmt":"2025-09-22T10:53:56","guid":{"rendered":"https:\/\/lubeljoyeria.com\/?post_type=product&#038;p=28363"},"modified":"2025-12-09T17:42:54","modified_gmt":"2025-12-09T17:42:54","slug":"colgante-swarovski-una-angelic","status":"publish","type":"product","link":"https:\/\/lubeljoyeria.com\/?product=colgante-swarovski-una-angelic","title":{"rendered":"Colgante Swarovski, Una Angelic"},"content":{"rendered":"<p>Este elegante colgante, que ofrece varios estilos en uno, tambi\u00e9n se puede llevar como gargantilla. La cadena ba\u00f1ada en rodio presenta un mecanismo deslizante para un ajuste f\u00e1cilmente adaptable y est\u00e1 adornada con peque\u00f1as bolas met\u00e1licas y un resplandeciente motivo de doble cara. Simplemente dale la vuelta al accesorio para mostrar una presentaci\u00f3n diferente de cristales en talla redonda. Comb\u00ednala con otras piezas Una Angelic para un look de m\u00e1ximo resplandor.<\/p>\n<p>Tama\u00f1o:<\/p>\n<ul id=\"product-details-classifications-ellipsis\" class=\"swa-product-details__drawer__specs swa-text-sans--small\">\n<li>Largo (m\u00ednimo &#8211; m\u00e1ximo): 38 &#8211; 48 cm<\/li>\n<li>Tama\u00f1o del motivo: 0.9 x 1.1 cm<\/li>\n<\/ul>\n<p>Material: Cristales y Ba\u00f1o de Rodio<\/p>\n","protected":false},"excerpt":{"rendered":"<p>Este elegante colgante, que ofrece varios estilos en uno, tambi\u00e9n se puede llevar como gargantilla. La cadena ba\u00f1ada en rodio presenta un mecanismo deslizante para un ajuste f\u00e1cilmente adaptable y est\u00e1 adornada con peque\u00f1as bolas met\u00e1licas y un resplandeciente motivo de doble cara. Simplemente dale la vuelta al accesorio para mostrar una presentaci\u00f3n diferente de cristales en talla redonda. Comb\u00ednala con otras piezas Una Angelic para un look de m\u00e1ximo resplandor.<\/p>\n<p>Tama\u00f1o:<\/p>\n<ul id=\"product-details-classifications-ellipsis\" class=\"swa-product-details__drawer__specs swa-text-sans--small\">\n<li>Largo (m\u00ednimo &#8211; m\u00e1ximo): 38 &#8211; 48 cm<\/li>\n<li>Tama\u00f1o del motivo: 0.9 x 1.1 cm<\/li>\n<\/ul>\n<p>Material: Cristales y Ba\u00f1o de Rodio<\/p>\n","protected":false},"featured_media":28365,"template":"","meta":{"_joinchat":[]},"product_brand":[1437],"product_cat":[1463,1464,1470,1519,1477,1508],"product_tag":[],"class_list":{"0":"post-28363","1":"product","2":"type-product","3":"status-publish","4":"has-post-thumbnail","6":"product_brand-swarovski","7":"product_cat-inicio","8":"product_cat-principal","9":"product_cat-swarovski","10":"product_cat-colgantes-swarovski","11":"product_cat-novias","12":"product_cat-colgante","13":"sales-flash-overlay","14":"woocommerce-text-align-center","15":"woocommerce-image-align-center","16":"do-quantity-buttons","17":"wc-has-gallery","19":"first","20":"outofstock","21":"taxable","22":"shipping-taxable","23":"purchasable","24":"product-type-simple"},"yoast_head":"<!-- This site is optimized with the Yoast SEO Premium plugin v22.5 (Yoast SEO v26.5) - https:\/\/yoast.com\/wordpress\/plugins\/seo\/ -->\n<title>Colgante Swarovski, Una Angelic - Distribuidor Oficial Swarovski<\/title>\n<meta name=\"description\" content=\"Este elegante colgante, que ofrece varios estilos en uno, tambi\u00e9n se puede llevar como gargantilla. La cadena ba\u00f1ada en rodio.\" \/>\n<meta name=\"robots\" content=\"index, follow, max-snippet:-1, max-image-preview:large, max-video-preview:-1\" \/>\n<link rel=\"canonical\" href=\"https:\/\/lubeljoyeria.com\/?product=colgante-swarovski-una-angelic\" \/>\n<meta property=\"og:locale\" content=\"es_ES\" \/>\n<meta property=\"og:type\" content=\"article\" \/>\n<meta property=\"og:title\" content=\"Colgante Swarovski, Una Angelic\" \/>\n<meta property=\"og:description\" content=\"Este elegante colgante, que ofrece varios estilos en uno, tambi\u00e9n se puede llevar como gargantilla. La cadena ba\u00f1ada en rodio.\" \/>\n<meta property=\"og:url\" content=\"https:\/\/lubeljoyeria.com\/?product=colgante-swarovski-una-angelic\" \/>\n<meta property=\"og:site_name\" content=\"Lubel joyeria. Joyeria en Plata . Distribuidor oficial de Swarovski. - Lubel\" \/>\n<meta property=\"article:modified_time\" content=\"2025-12-09T17:42:54+00:00\" \/>\n<meta property=\"og:image\" content=\"https:\/\/lubeljoyeria.com\/wp-content\/uploads\/2025\/09\/Screenshot_1-3.jpg\" \/>\n\t<meta property=\"og:image:width\" content=\"566\" \/>\n\t<meta property=\"og:image:height\" content=\"565\" \/>\n\t<meta property=\"og:image:type\" content=\"image\/jpeg\" \/>\n<meta name=\"twitter:card\" content=\"summary_large_image\" \/>\n<meta name=\"twitter:label1\" content=\"Tiempo de lectura\" \/>\n\t<meta name=\"twitter:data1\" content=\"1 minuto\" \/>\n<script type=\"application\/ld+json\" class=\"yoast-schema-graph\">{\"@context\":\"https:\/\/schema.org\",\"@graph\":[{\"@type\":\"WebPage\",\"@id\":\"https:\/\/lubeljoyeria.com\/?product=colgante-swarovski-una-angelic\",\"url\":\"https:\/\/lubeljoyeria.com\/?product=colgante-swarovski-una-angelic\",\"name\":\"Colgante Swarovski, Una Angelic - Distribuidor Oficial Swarovski\",\"isPartOf\":{\"@id\":\"https:\/\/lubeljoyeria.com\/#website\"},\"primaryImageOfPage\":{\"@id\":\"https:\/\/lubeljoyeria.com\/?product=colgante-swarovski-una-angelic#primaryimage\"},\"image\":{\"@id\":\"https:\/\/lubeljoyeria.com\/?product=colgante-swarovski-una-angelic#primaryimage\"},\"thumbnailUrl\":\"https:\/\/lubeljoyeria.com\/wp-content\/uploads\/2025\/09\/Screenshot_1-3.jpg\",\"datePublished\":\"2025-09-22T10:53:56+00:00\",\"dateModified\":\"2025-12-09T17:42:54+00:00\",\"description\":\"Este elegante colgante, que ofrece varios estilos en uno, tambi\u00e9n se puede llevar como gargantilla. La cadena ba\u00f1ada en rodio.\",\"breadcrumb\":{\"@id\":\"https:\/\/lubeljoyeria.com\/?product=colgante-swarovski-una-angelic#breadcrumb\"},\"inLanguage\":\"es\",\"potentialAction\":[{\"@type\":\"ReadAction\",\"target\":[\"https:\/\/lubeljoyeria.com\/?product=colgante-swarovski-una-angelic\"]}]},{\"@type\":\"ImageObject\",\"inLanguage\":\"es\",\"@id\":\"https:\/\/lubeljoyeria.com\/?product=colgante-swarovski-una-angelic#primaryimage\",\"url\":\"https:\/\/lubeljoyeria.com\/wp-content\/uploads\/2025\/09\/Screenshot_1-3.jpg\",\"contentUrl\":\"https:\/\/lubeljoyeria.com\/wp-content\/uploads\/2025\/09\/Screenshot_1-3.jpg\",\"width\":566,\"height\":565,\"caption\":\"Este elegante colgante, que ofrece varios estilos en uno, tambi\u00e9n se puede llevar como gargantilla. La cadena ba\u00f1ada en rodio presenta un mecanismo deslizante para un ajuste f\u00e1cilmente adaptable y est\u00e1 adornada con peque\u00f1as bolas met\u00e1licas y un resplandeciente motivo de doble cara. Simplemente dale la vuelta al accesorio para mostrar una presentaci\u00f3n diferente de cristales en talla redonda. Comb\u00ednala con otras piezas Una Angelic para un look de m\u00e1ximo resplandor. Tama\u00f1o: Largo (m\u00ednimo - m\u00e1ximo): 38 - 48 cm Tama\u00f1o del motivo: 0.9 x 1.1 cm Material: Cristales y Ba\u00f1o de Rodio\"},{\"@type\":\"BreadcrumbList\",\"@id\":\"https:\/\/lubeljoyeria.com\/?product=colgante-swarovski-una-angelic#breadcrumb\",\"itemListElement\":[{\"@type\":\"ListItem\",\"position\":1,\"name\":\"Home\",\"item\":\"https:\/\/lubeljoyeria.com\/\"},{\"@type\":\"ListItem\",\"position\":2,\"name\":\"Tienda\",\"item\":\"https:\/\/lubeljoyeria.com\/?page_id=6\"},{\"@type\":\"ListItem\",\"position\":3,\"name\":\"Colgante Swarovski, Una Angelic\"}]},{\"@type\":\"WebSite\",\"@id\":\"https:\/\/lubeljoyeria.com\/#website\",\"url\":\"https:\/\/lubeljoyeria.com\/\",\"name\":\"Lubel joyeria. Joyeria en Plata . Distribuidor oficial de Swarovski. - Lubel\",\"description\":\"Lubel joyeria. Joyeria en Plata . Distribuidor oficial de Swarovski. - Lubel\",\"publisher\":{\"@id\":\"https:\/\/lubeljoyeria.com\/#organization\"},\"potentialAction\":[{\"@type\":\"SearchAction\",\"target\":{\"@type\":\"EntryPoint\",\"urlTemplate\":\"https:\/\/lubeljoyeria.com\/?s={search_term_string}\"},\"query-input\":{\"@type\":\"PropertyValueSpecification\",\"valueRequired\":true,\"valueName\":\"search_term_string\"}}],\"inLanguage\":\"es\"},{\"@type\":\"Organization\",\"@id\":\"https:\/\/lubeljoyeria.com\/#organization\",\"name\":\"Lubel joyeria. Joyeria en Plata . Distribuidor oficial de Swarovski. - Lubel\",\"url\":\"https:\/\/lubeljoyeria.com\/\",\"logo\":{\"@type\":\"ImageObject\",\"inLanguage\":\"es\",\"@id\":\"https:\/\/lubeljoyeria.com\/#\/schema\/logo\/image\/\",\"url\":\"https:\/\/lubeljoyeria.com\/wp-content\/uploads\/2020\/10\/lubel-joyeria-logo-1543825573-1.png\",\"contentUrl\":\"https:\/\/lubeljoyeria.com\/wp-content\/uploads\/2020\/10\/lubel-joyeria-logo-1543825573-1.png\",\"width\":135,\"height\":31,\"caption\":\"Lubel joyeria. Joyeria en Plata . Distribuidor oficial de Swarovski. - Lubel\"},\"image\":{\"@id\":\"https:\/\/lubeljoyeria.com\/#\/schema\/logo\/image\/\"}}]}<\/script>\n<!-- \/ Yoast SEO Premium plugin. -->","yoast_head_json":{"title":"Colgante Swarovski, Una Angelic - Distribuidor Oficial Swarovski","description":"Este elegante colgante, que ofrece varios estilos en uno, tambi\u00e9n se puede llevar como gargantilla. La cadena ba\u00f1ada en rodio.","robots":{"index":"index","follow":"follow","max-snippet":"max-snippet:-1","max-image-preview":"max-image-preview:large","max-video-preview":"max-video-preview:-1"},"canonical":"https:\/\/lubeljoyeria.com\/?product=colgante-swarovski-una-angelic","og_locale":"es_ES","og_type":"article","og_title":"Colgante Swarovski, Una Angelic","og_description":"Este elegante colgante, que ofrece varios estilos en uno, tambi\u00e9n se puede llevar como gargantilla. La cadena ba\u00f1ada en rodio.","og_url":"https:\/\/lubeljoyeria.com\/?product=colgante-swarovski-una-angelic","og_site_name":"Lubel joyeria. Joyeria en Plata . Distribuidor oficial de Swarovski. - Lubel","article_modified_time":"2025-12-09T17:42:54+00:00","og_image":[{"width":566,"height":565,"url":"https:\/\/lubeljoyeria.com\/wp-content\/uploads\/2025\/09\/Screenshot_1-3.jpg","type":"image\/jpeg"}],"twitter_card":"summary_large_image","twitter_misc":{"Tiempo de lectura":"1 minuto"},"schema":{"@context":"https:\/\/schema.org","@graph":[{"@type":"WebPage","@id":"https:\/\/lubeljoyeria.com\/?product=colgante-swarovski-una-angelic","url":"https:\/\/lubeljoyeria.com\/?product=colgante-swarovski-una-angelic","name":"Colgante Swarovski, Una Angelic - Distribuidor Oficial Swarovski","isPartOf":{"@id":"https:\/\/lubeljoyeria.com\/#website"},"primaryImageOfPage":{"@id":"https:\/\/lubeljoyeria.com\/?product=colgante-swarovski-una-angelic#primaryimage"},"image":{"@id":"https:\/\/lubeljoyeria.com\/?product=colgante-swarovski-una-angelic#primaryimage"},"thumbnailUrl":"https:\/\/lubeljoyeria.com\/wp-content\/uploads\/2025\/09\/Screenshot_1-3.jpg","datePublished":"2025-09-22T10:53:56+00:00","dateModified":"2025-12-09T17:42:54+00:00","description":"Este elegante colgante, que ofrece varios estilos en uno, tambi\u00e9n se puede llevar como gargantilla. La cadena ba\u00f1ada en rodio.","breadcrumb":{"@id":"https:\/\/lubeljoyeria.com\/?product=colgante-swarovski-una-angelic#breadcrumb"},"inLanguage":"es","potentialAction":[{"@type":"ReadAction","target":["https:\/\/lubeljoyeria.com\/?product=colgante-swarovski-una-angelic"]}]},{"@type":"ImageObject","inLanguage":"es","@id":"https:\/\/lubeljoyeria.com\/?product=colgante-swarovski-una-angelic#primaryimage","url":"https:\/\/lubeljoyeria.com\/wp-content\/uploads\/2025\/09\/Screenshot_1-3.jpg","contentUrl":"https:\/\/lubeljoyeria.com\/wp-content\/uploads\/2025\/09\/Screenshot_1-3.jpg","width":566,"height":565,"caption":"Este elegante colgante, que ofrece varios estilos en uno, tambi\u00e9n se puede llevar como gargantilla. La cadena ba\u00f1ada en rodio presenta un mecanismo deslizante para un ajuste f\u00e1cilmente adaptable y est\u00e1 adornada con peque\u00f1as bolas met\u00e1licas y un resplandeciente motivo de doble cara. Simplemente dale la vuelta al accesorio para mostrar una presentaci\u00f3n diferente de cristales en talla redonda. Comb\u00ednala con otras piezas Una Angelic para un look de m\u00e1ximo resplandor. Tama\u00f1o: Largo (m\u00ednimo - m\u00e1ximo): 38 - 48 cm Tama\u00f1o del motivo: 0.9 x 1.1 cm Material: Cristales y Ba\u00f1o de Rodio"},{"@type":"BreadcrumbList","@id":"https:\/\/lubeljoyeria.com\/?product=colgante-swarovski-una-angelic#breadcrumb","itemListElement":[{"@type":"ListItem","position":1,"name":"Home","item":"https:\/\/lubeljoyeria.com\/"},{"@type":"ListItem","position":2,"name":"Tienda","item":"https:\/\/lubeljoyeria.com\/?page_id=6"},{"@type":"ListItem","position":3,"name":"Colgante Swarovski, Una Angelic"}]},{"@type":"WebSite","@id":"https:\/\/lubeljoyeria.com\/#website","url":"https:\/\/lubeljoyeria.com\/","name":"Lubel joyeria. Joyeria en Plata . Distribuidor oficial de Swarovski. - Lubel","description":"Lubel joyeria. Joyeria en Plata . Distribuidor oficial de Swarovski. - Lubel","publisher":{"@id":"https:\/\/lubeljoyeria.com\/#organization"},"potentialAction":[{"@type":"SearchAction","target":{"@type":"EntryPoint","urlTemplate":"https:\/\/lubeljoyeria.com\/?s={search_term_string}"},"query-input":{"@type":"PropertyValueSpecification","valueRequired":true,"valueName":"search_term_string"}}],"inLanguage":"es"},{"@type":"Organization","@id":"https:\/\/lubeljoyeria.com\/#organization","name":"Lubel joyeria. Joyeria en Plata . Distribuidor oficial de Swarovski. - Lubel","url":"https:\/\/lubeljoyeria.com\/","logo":{"@type":"ImageObject","inLanguage":"es","@id":"https:\/\/lubeljoyeria.com\/#\/schema\/logo\/image\/","url":"https:\/\/lubeljoyeria.com\/wp-content\/uploads\/2020\/10\/lubel-joyeria-logo-1543825573-1.png","contentUrl":"https:\/\/lubeljoyeria.com\/wp-content\/uploads\/2020\/10\/lubel-joyeria-logo-1543825573-1.png","width":135,"height":31,"caption":"Lubel joyeria. Joyeria en Plata . Distribuidor oficial de Swarovski. - Lubel"},"image":{"@id":"https:\/\/lubeljoyeria.com\/#\/schema\/logo\/image\/"}}]}},"_links":{"self":[{"href":"https:\/\/lubeljoyeria.com\/index.php?rest_route=\/wp\/v2\/product\/28363","targetHints":{"allow":["GET"]}}],"collection":[{"href":"https:\/\/lubeljoyeria.com\/index.php?rest_route=\/wp\/v2\/product"}],"about":[{"href":"https:\/\/lubeljoyeria.com\/index.php?rest_route=\/wp\/v2\/types\/product"}],"wp:featuredmedia":[{"embeddable":true,"href":"https:\/\/lubeljoyeria.com\/index.php?rest_route=\/wp\/v2\/media\/28365"}],"wp:attachment":[{"href":"https:\/\/lubeljoyeria.com\/index.php?rest_route=%2Fwp%2Fv2%2Fmedia&parent=28363"}],"wp:term":[{"taxonomy":"product_brand","embeddable":true,"href":"https:\/\/lubeljoyeria.com\/index.php?rest_route=%2Fwp%2Fv2%2Fproduct_brand&post=28363"},{"taxonomy":"product_cat","embeddable":true,"href":"https:\/\/lubeljoyeria.com\/index.php?rest_route=%2Fwp%2Fv2%2Fproduct_cat&post=28363"},{"taxonomy":"product_tag","embeddable":true,"href":"https:\/\/lubeljoyeria.com\/index.php?rest_route=%2Fwp%2Fv2%2Fproduct_tag&post=28363"}],"curies":[{"name":"wp","href":"https:\/\/api.w.org\/{rel}","templated":true}]}}