{"id":28268,"date":"2025-08-18T18:35:57","date_gmt":"2025-08-18T18:35:57","guid":{"rendered":"https:\/\/lubeljoyeria.com\/?post_type=product&#038;p=28268"},"modified":"2025-09-01T17:50:59","modified_gmt":"2025-09-01T17:50:59","slug":"pendientes-swarovski-constella-blancos-oro","status":"publish","type":"product","link":"https:\/\/lubeljoyeria.com\/?product=pendientes-swarovski-constella-blancos-oro","title":{"rendered":"Pendientes Swarovski, Constella, Blancos Oro"},"content":{"rendered":"<p>Ilumina cada d\u00eda con la intensidad brillante de estos pendientes ba\u00f1ados en oro. Cada aro alargado est\u00e1 adornado con un brillante pav\u00e9 y una circonita engastada en garra que cuelga delicadamente por debajo. Una maravillosa alternativa al cl\u00e1sico estilo de aro, inspirada en la elegancia estelar de la familia Constella.<\/p>\n<p>Tama\u00f1o: 3.6 x 0.7 cm<\/p>\n<p>Material: Cristales, Ba\u00f1o de Oro y Circonitas<\/p>\n","protected":false},"excerpt":{"rendered":"<p>Ilumina cada d\u00eda con la intensidad brillante de estos pendientes ba\u00f1ados en oro. Cada aro alargado est\u00e1 adornado con un brillante pav\u00e9 y una circonita engastada en garra que cuelga delicadamente por debajo. Una maravillosa alternativa al cl\u00e1sico estilo de aro, inspirada en la elegancia estelar de la familia Constella.<\/p>\n<p>Tama\u00f1o: 3.6 x 0.7 cm<\/p>\n<p>Material: Cristales, Ba\u00f1o de Oro y Circonitas<\/p>\n","protected":false},"featured_media":28270,"template":"","meta":{"_joinchat":[]},"product_brand":[1437],"product_cat":[1463,1464,1470,1512],"product_tag":[],"class_list":{"0":"post-28268","1":"product","2":"type-product","3":"status-publish","4":"has-post-thumbnail","6":"product_brand-swarovski","7":"product_cat-inicio","8":"product_cat-principal","9":"product_cat-swarovski","10":"product_cat-pendientes-swarovski","11":"sales-flash-overlay","12":"woocommerce-text-align-center","13":"woocommerce-image-align-center","14":"do-quantity-buttons","15":"wc-has-gallery","17":"first","18":"outofstock","19":"taxable","20":"shipping-taxable","21":"purchasable","22":"product-type-simple"},"yoast_head":"<!-- This site is optimized with the Yoast SEO Premium plugin v22.5 (Yoast SEO v26.5) - https:\/\/yoast.com\/wordpress\/plugins\/seo\/ -->\n<title>Pendientes Swarovski, Constella, Blancos Oro - Distribuidor Oficial Swarovski<\/title>\n<meta name=\"description\" content=\"Cada aro alargado est\u00e1 adornado con un brillante pav\u00e9 y una circonita engastada en garra que cuelga delicadamente por debajo.\" \/>\n<meta name=\"robots\" content=\"index, follow, max-snippet:-1, max-image-preview:large, max-video-preview:-1\" \/>\n<link rel=\"canonical\" href=\"https:\/\/lubeljoyeria.com\/producto\/pendientes-swarovski-constella-blancos-oro\" \/>\n<meta property=\"og:locale\" content=\"es_ES\" \/>\n<meta property=\"og:type\" content=\"article\" \/>\n<meta property=\"og:title\" content=\"Pendientes Swarovski, Constella, Blancos Oro\" \/>\n<meta property=\"og:description\" content=\"Cada aro alargado est\u00e1 adornado con un brillante pav\u00e9 y una circonita engastada en garra que cuelga delicadamente por debajo.\" \/>\n<meta property=\"og:url\" content=\"https:\/\/lubeljoyeria.com\/producto\/pendientes-swarovski-constella-blancos-oro\" \/>\n<meta property=\"og:site_name\" content=\"Lubel joyeria. Joyeria en Plata . Distribuidor oficial de Swarovski. - Lubel\" \/>\n<meta property=\"article:modified_time\" content=\"2025-09-01T17:50:59+00:00\" \/>\n<meta property=\"og:image\" content=\"https:\/\/lubeljoyeria.com\/wp-content\/uploads\/2025\/08\/Screenshot_15-3.jpg\" \/>\n\t<meta property=\"og:image:width\" content=\"568\" \/>\n\t<meta property=\"og:image:height\" content=\"571\" \/>\n\t<meta property=\"og:image:type\" content=\"image\/jpeg\" \/>\n<meta name=\"twitter:card\" content=\"summary_large_image\" \/>\n<meta name=\"twitter:label1\" content=\"Tiempo de lectura\" \/>\n\t<meta name=\"twitter:data1\" content=\"1 minuto\" \/>\n<script type=\"application\/ld+json\" class=\"yoast-schema-graph\">{\"@context\":\"https:\/\/schema.org\",\"@graph\":[{\"@type\":\"WebPage\",\"@id\":\"https:\/\/lubeljoyeria.com\/producto\/pendientes-swarovski-constella-blancos-oro\",\"url\":\"https:\/\/lubeljoyeria.com\/producto\/pendientes-swarovski-constella-blancos-oro\",\"name\":\"Pendientes Swarovski, Constella, Blancos Oro - Distribuidor Oficial Swarovski\",\"isPartOf\":{\"@id\":\"https:\/\/lubeljoyeria.com\/#website\"},\"primaryImageOfPage\":{\"@id\":\"https:\/\/lubeljoyeria.com\/producto\/pendientes-swarovski-constella-blancos-oro#primaryimage\"},\"image\":{\"@id\":\"https:\/\/lubeljoyeria.com\/producto\/pendientes-swarovski-constella-blancos-oro#primaryimage\"},\"thumbnailUrl\":\"https:\/\/lubeljoyeria.com\/wp-content\/uploads\/2025\/08\/Screenshot_15-3.jpg\",\"datePublished\":\"2025-08-18T18:35:57+00:00\",\"dateModified\":\"2025-09-01T17:50:59+00:00\",\"description\":\"Cada aro alargado est\u00e1 adornado con un brillante pav\u00e9 y una circonita engastada en garra que cuelga delicadamente por debajo.\",\"breadcrumb\":{\"@id\":\"https:\/\/lubeljoyeria.com\/producto\/pendientes-swarovski-constella-blancos-oro#breadcrumb\"},\"inLanguage\":\"es\",\"potentialAction\":[{\"@type\":\"ReadAction\",\"target\":[\"https:\/\/lubeljoyeria.com\/producto\/pendientes-swarovski-constella-blancos-oro\"]}]},{\"@type\":\"ImageObject\",\"inLanguage\":\"es\",\"@id\":\"https:\/\/lubeljoyeria.com\/producto\/pendientes-swarovski-constella-blancos-oro#primaryimage\",\"url\":\"https:\/\/lubeljoyeria.com\/wp-content\/uploads\/2025\/08\/Screenshot_15-3.jpg\",\"contentUrl\":\"https:\/\/lubeljoyeria.com\/wp-content\/uploads\/2025\/08\/Screenshot_15-3.jpg\",\"width\":568,\"height\":571,\"caption\":\"Ilumina cada d\u00eda con la intensidad brillante de estos pendientes ba\u00f1ados en oro. Cada aro alargado est\u00e1 adornado con un brillante pav\u00e9 y una circonita engastada en garra que cuelga delicadamente por debajo. Una maravillosa alternativa al cl\u00e1sico estilo de aro, inspirada en la elegancia estelar de la familia Constella. Tama\u00f1o: 3.6 x 0.7 cm Material: Cristales, Ba\u00f1o de Oro y Circonitas\"},{\"@type\":\"BreadcrumbList\",\"@id\":\"https:\/\/lubeljoyeria.com\/producto\/pendientes-swarovski-constella-blancos-oro#breadcrumb\",\"itemListElement\":[{\"@type\":\"ListItem\",\"position\":1,\"name\":\"Home\",\"item\":\"https:\/\/lubeljoyeria.com\/\"},{\"@type\":\"ListItem\",\"position\":2,\"name\":\"Tienda\",\"item\":\"https:\/\/lubeljoyeria.com\/?page_id=6\"},{\"@type\":\"ListItem\",\"position\":3,\"name\":\"Pendientes Swarovski, Constella, Blancos Oro\"}]},{\"@type\":\"WebSite\",\"@id\":\"https:\/\/lubeljoyeria.com\/#website\",\"url\":\"https:\/\/lubeljoyeria.com\/\",\"name\":\"Lubel joyeria. Joyeria en Plata . Distribuidor oficial de Swarovski. - Lubel\",\"description\":\"Lubel joyeria. Joyeria en Plata . Distribuidor oficial de Swarovski. - Lubel\",\"publisher\":{\"@id\":\"https:\/\/lubeljoyeria.com\/#organization\"},\"potentialAction\":[{\"@type\":\"SearchAction\",\"target\":{\"@type\":\"EntryPoint\",\"urlTemplate\":\"https:\/\/lubeljoyeria.com\/?s={search_term_string}\"},\"query-input\":{\"@type\":\"PropertyValueSpecification\",\"valueRequired\":true,\"valueName\":\"search_term_string\"}}],\"inLanguage\":\"es\"},{\"@type\":\"Organization\",\"@id\":\"https:\/\/lubeljoyeria.com\/#organization\",\"name\":\"Lubel joyeria. Joyeria en Plata . Distribuidor oficial de Swarovski. - Lubel\",\"url\":\"https:\/\/lubeljoyeria.com\/\",\"logo\":{\"@type\":\"ImageObject\",\"inLanguage\":\"es\",\"@id\":\"https:\/\/lubeljoyeria.com\/#\/schema\/logo\/image\/\",\"url\":\"https:\/\/lubeljoyeria.com\/wp-content\/uploads\/2020\/10\/lubel-joyeria-logo-1543825573-1.png\",\"contentUrl\":\"https:\/\/lubeljoyeria.com\/wp-content\/uploads\/2020\/10\/lubel-joyeria-logo-1543825573-1.png\",\"width\":135,\"height\":31,\"caption\":\"Lubel joyeria. Joyeria en Plata . Distribuidor oficial de Swarovski. - Lubel\"},\"image\":{\"@id\":\"https:\/\/lubeljoyeria.com\/#\/schema\/logo\/image\/\"}}]}<\/script>\n<!-- \/ Yoast SEO Premium plugin. -->","yoast_head_json":{"title":"Pendientes Swarovski, Constella, Blancos Oro - Distribuidor Oficial Swarovski","description":"Cada aro alargado est\u00e1 adornado con un brillante pav\u00e9 y una circonita engastada en garra que cuelga delicadamente por debajo.","robots":{"index":"index","follow":"follow","max-snippet":"max-snippet:-1","max-image-preview":"max-image-preview:large","max-video-preview":"max-video-preview:-1"},"canonical":"https:\/\/lubeljoyeria.com\/producto\/pendientes-swarovski-constella-blancos-oro","og_locale":"es_ES","og_type":"article","og_title":"Pendientes Swarovski, Constella, Blancos Oro","og_description":"Cada aro alargado est\u00e1 adornado con un brillante pav\u00e9 y una circonita engastada en garra que cuelga delicadamente por debajo.","og_url":"https:\/\/lubeljoyeria.com\/producto\/pendientes-swarovski-constella-blancos-oro","og_site_name":"Lubel joyeria. Joyeria en Plata . Distribuidor oficial de Swarovski. - Lubel","article_modified_time":"2025-09-01T17:50:59+00:00","og_image":[{"width":568,"height":571,"url":"https:\/\/lubeljoyeria.com\/wp-content\/uploads\/2025\/08\/Screenshot_15-3.jpg","type":"image\/jpeg"}],"twitter_card":"summary_large_image","twitter_misc":{"Tiempo de lectura":"1 minuto"},"schema":{"@context":"https:\/\/schema.org","@graph":[{"@type":"WebPage","@id":"https:\/\/lubeljoyeria.com\/producto\/pendientes-swarovski-constella-blancos-oro","url":"https:\/\/lubeljoyeria.com\/producto\/pendientes-swarovski-constella-blancos-oro","name":"Pendientes Swarovski, Constella, Blancos Oro - Distribuidor Oficial Swarovski","isPartOf":{"@id":"https:\/\/lubeljoyeria.com\/#website"},"primaryImageOfPage":{"@id":"https:\/\/lubeljoyeria.com\/producto\/pendientes-swarovski-constella-blancos-oro#primaryimage"},"image":{"@id":"https:\/\/lubeljoyeria.com\/producto\/pendientes-swarovski-constella-blancos-oro#primaryimage"},"thumbnailUrl":"https:\/\/lubeljoyeria.com\/wp-content\/uploads\/2025\/08\/Screenshot_15-3.jpg","datePublished":"2025-08-18T18:35:57+00:00","dateModified":"2025-09-01T17:50:59+00:00","description":"Cada aro alargado est\u00e1 adornado con un brillante pav\u00e9 y una circonita engastada en garra que cuelga delicadamente por debajo.","breadcrumb":{"@id":"https:\/\/lubeljoyeria.com\/producto\/pendientes-swarovski-constella-blancos-oro#breadcrumb"},"inLanguage":"es","potentialAction":[{"@type":"ReadAction","target":["https:\/\/lubeljoyeria.com\/producto\/pendientes-swarovski-constella-blancos-oro"]}]},{"@type":"ImageObject","inLanguage":"es","@id":"https:\/\/lubeljoyeria.com\/producto\/pendientes-swarovski-constella-blancos-oro#primaryimage","url":"https:\/\/lubeljoyeria.com\/wp-content\/uploads\/2025\/08\/Screenshot_15-3.jpg","contentUrl":"https:\/\/lubeljoyeria.com\/wp-content\/uploads\/2025\/08\/Screenshot_15-3.jpg","width":568,"height":571,"caption":"Ilumina cada d\u00eda con la intensidad brillante de estos pendientes ba\u00f1ados en oro. Cada aro alargado est\u00e1 adornado con un brillante pav\u00e9 y una circonita engastada en garra que cuelga delicadamente por debajo. Una maravillosa alternativa al cl\u00e1sico estilo de aro, inspirada en la elegancia estelar de la familia Constella. Tama\u00f1o: 3.6 x 0.7 cm Material: Cristales, Ba\u00f1o de Oro y Circonitas"},{"@type":"BreadcrumbList","@id":"https:\/\/lubeljoyeria.com\/producto\/pendientes-swarovski-constella-blancos-oro#breadcrumb","itemListElement":[{"@type":"ListItem","position":1,"name":"Home","item":"https:\/\/lubeljoyeria.com\/"},{"@type":"ListItem","position":2,"name":"Tienda","item":"https:\/\/lubeljoyeria.com\/?page_id=6"},{"@type":"ListItem","position":3,"name":"Pendientes Swarovski, Constella, Blancos Oro"}]},{"@type":"WebSite","@id":"https:\/\/lubeljoyeria.com\/#website","url":"https:\/\/lubeljoyeria.com\/","name":"Lubel joyeria. Joyeria en Plata . Distribuidor oficial de Swarovski. - Lubel","description":"Lubel joyeria. Joyeria en Plata . Distribuidor oficial de Swarovski. - Lubel","publisher":{"@id":"https:\/\/lubeljoyeria.com\/#organization"},"potentialAction":[{"@type":"SearchAction","target":{"@type":"EntryPoint","urlTemplate":"https:\/\/lubeljoyeria.com\/?s={search_term_string}"},"query-input":{"@type":"PropertyValueSpecification","valueRequired":true,"valueName":"search_term_string"}}],"inLanguage":"es"},{"@type":"Organization","@id":"https:\/\/lubeljoyeria.com\/#organization","name":"Lubel joyeria. Joyeria en Plata . Distribuidor oficial de Swarovski. - Lubel","url":"https:\/\/lubeljoyeria.com\/","logo":{"@type":"ImageObject","inLanguage":"es","@id":"https:\/\/lubeljoyeria.com\/#\/schema\/logo\/image\/","url":"https:\/\/lubeljoyeria.com\/wp-content\/uploads\/2020\/10\/lubel-joyeria-logo-1543825573-1.png","contentUrl":"https:\/\/lubeljoyeria.com\/wp-content\/uploads\/2020\/10\/lubel-joyeria-logo-1543825573-1.png","width":135,"height":31,"caption":"Lubel joyeria. Joyeria en Plata . Distribuidor oficial de Swarovski. - Lubel"},"image":{"@id":"https:\/\/lubeljoyeria.com\/#\/schema\/logo\/image\/"}}]}},"_links":{"self":[{"href":"https:\/\/lubeljoyeria.com\/index.php?rest_route=\/wp\/v2\/product\/28268","targetHints":{"allow":["GET"]}}],"collection":[{"href":"https:\/\/lubeljoyeria.com\/index.php?rest_route=\/wp\/v2\/product"}],"about":[{"href":"https:\/\/lubeljoyeria.com\/index.php?rest_route=\/wp\/v2\/types\/product"}],"wp:featuredmedia":[{"embeddable":true,"href":"https:\/\/lubeljoyeria.com\/index.php?rest_route=\/wp\/v2\/media\/28270"}],"wp:attachment":[{"href":"https:\/\/lubeljoyeria.com\/index.php?rest_route=%2Fwp%2Fv2%2Fmedia&parent=28268"}],"wp:term":[{"taxonomy":"product_brand","embeddable":true,"href":"https:\/\/lubeljoyeria.com\/index.php?rest_route=%2Fwp%2Fv2%2Fproduct_brand&post=28268"},{"taxonomy":"product_cat","embeddable":true,"href":"https:\/\/lubeljoyeria.com\/index.php?rest_route=%2Fwp%2Fv2%2Fproduct_cat&post=28268"},{"taxonomy":"product_tag","embeddable":true,"href":"https:\/\/lubeljoyeria.com\/index.php?rest_route=%2Fwp%2Fv2%2Fproduct_tag&post=28268"}],"curies":[{"name":"wp","href":"https:\/\/api.w.org\/{rel}","templated":true}]}}