{"id":28245,"date":"2025-08-14T09:42:20","date_gmt":"2025-08-14T09:42:20","guid":{"rendered":"https:\/\/lubeljoyeria.com\/?post_type=product&#038;p=28245"},"modified":"2025-12-24T17:36:16","modified_gmt":"2025-12-24T17:36:16","slug":"boligrafo-swarovski-rollerball-crystalline-blanco-oro-rosa","status":"publish","type":"product","link":"https:\/\/lubeljoyeria.com\/?product=boligrafo-swarovski-rollerball-crystalline-blanco-oro-rosa","title":{"rendered":"Bol\u00edgrafo Swarovski, Rollerball Crystalline, Blanco Oro Rosa"},"content":{"rendered":"<p>Mucho m\u00e1s que un simple instrumento de escritura, este bol\u00edgrafo Crystalline est\u00e1 relleno con aproximadamente 400 cristales transparentes mediante la singular t\u00e9cnica Crystalline. Un clip ba\u00f1ado en oro rosa realza el reluciente barril y el capuch\u00f3n en blanco. Este bol\u00edgrafo de l\u00edneas finas es un regalo considerado. En las tiendas Swarovski se pueden comprar recambios de tinta negra y azul.<\/p>\n<p>Tama\u00f1o: 14.5 x 1.1 cm<\/p>\n<p>Material: Cristales, Lacado blanco y Ba\u00f1o de Oro Rosa<\/p>\n","protected":false},"excerpt":{"rendered":"<p>Mucho m\u00e1s que un simple instrumento de escritura, este bol\u00edgrafo Crystalline est\u00e1 relleno con aproximadamente 400 cristales transparentes mediante la singular t\u00e9cnica Crystalline. Un clip ba\u00f1ado en oro rosa realza el reluciente barril y el capuch\u00f3n en blanco. Este bol\u00edgrafo de l\u00edneas finas es un regalo considerado. En las tiendas Swarovski se pueden comprar recambios de tinta negra y azul.<\/p>\n<p>Tama\u00f1o: 14.5 x 1.1 cm<\/p>\n<p>Material: Cristales, Lacado blanco y Ba\u00f1o de Oro Rosa<\/p>\n","protected":false},"featured_media":28248,"template":"","meta":{"_joinchat":[]},"product_brand":[1437],"product_cat":[1463,1464,1470,1532],"product_tag":[],"class_list":{"0":"post-28245","1":"product","2":"type-product","3":"status-publish","4":"has-post-thumbnail","6":"product_brand-swarovski","7":"product_cat-inicio","8":"product_cat-principal","9":"product_cat-swarovski","10":"product_cat-accesorios","11":"sales-flash-overlay","12":"woocommerce-text-align-center","13":"woocommerce-image-align-center","14":"do-quantity-buttons","15":"wc-has-gallery","17":"first","18":"outofstock","19":"taxable","20":"shipping-taxable","21":"purchasable","22":"product-type-simple"},"yoast_head":"<!-- This site is optimized with the Yoast SEO Premium plugin v22.5 (Yoast SEO v26.5) - https:\/\/yoast.com\/wordpress\/plugins\/seo\/ -->\n<title>Bol\u00edgrafo Swarovski, Rollerball Crystalline, Blanco Oro Rosa - Distribuidor Oficial Swarovski<\/title>\n<meta name=\"description\" content=\"Este bol\u00edgrafo Crystalline est\u00e1 relleno con aproximadamente 400 cristales transparentes mediante la singular t\u00e9cnica Crystalline.\" \/>\n<meta name=\"robots\" content=\"index, follow, max-snippet:-1, max-image-preview:large, max-video-preview:-1\" \/>\n<link rel=\"canonical\" href=\"https:\/\/lubeljoyeria.com\/?product=boligrafo-swarovski-rollerball-crystalline-blanco-oro-rosa\" \/>\n<meta property=\"og:locale\" content=\"es_ES\" \/>\n<meta property=\"og:type\" content=\"article\" \/>\n<meta property=\"og:title\" content=\"Bol\u00edgrafo Swarovski, Rollerball Crystalline, Blanco Oro Rosa\" \/>\n<meta property=\"og:description\" content=\"Este bol\u00edgrafo Crystalline est\u00e1 relleno con aproximadamente 400 cristales transparentes mediante la singular t\u00e9cnica Crystalline.\" \/>\n<meta property=\"og:url\" content=\"https:\/\/lubeljoyeria.com\/?product=boligrafo-swarovski-rollerball-crystalline-blanco-oro-rosa\" \/>\n<meta property=\"og:site_name\" content=\"Lubel joyeria. Joyeria en Plata . Distribuidor oficial de Swarovski. - Lubel\" \/>\n<meta property=\"article:modified_time\" content=\"2025-12-24T17:36:16+00:00\" \/>\n<meta property=\"og:image\" content=\"https:\/\/lubeljoyeria.com\/wp-content\/uploads\/2025\/08\/Screenshot_4-8.jpg\" \/>\n\t<meta property=\"og:image:width\" content=\"569\" \/>\n\t<meta property=\"og:image:height\" content=\"568\" \/>\n\t<meta property=\"og:image:type\" content=\"image\/jpeg\" \/>\n<meta name=\"twitter:card\" content=\"summary_large_image\" \/>\n<meta name=\"twitter:label1\" content=\"Tiempo de lectura\" \/>\n\t<meta name=\"twitter:data1\" content=\"1 minuto\" \/>\n<script type=\"application\/ld+json\" class=\"yoast-schema-graph\">{\"@context\":\"https:\/\/schema.org\",\"@graph\":[{\"@type\":\"WebPage\",\"@id\":\"https:\/\/lubeljoyeria.com\/?product=boligrafo-swarovski-rollerball-crystalline-blanco-oro-rosa\",\"url\":\"https:\/\/lubeljoyeria.com\/?product=boligrafo-swarovski-rollerball-crystalline-blanco-oro-rosa\",\"name\":\"Bol\u00edgrafo Swarovski, Rollerball Crystalline, Blanco Oro Rosa - Distribuidor Oficial Swarovski\",\"isPartOf\":{\"@id\":\"https:\/\/lubeljoyeria.com\/#website\"},\"primaryImageOfPage\":{\"@id\":\"https:\/\/lubeljoyeria.com\/?product=boligrafo-swarovski-rollerball-crystalline-blanco-oro-rosa#primaryimage\"},\"image\":{\"@id\":\"https:\/\/lubeljoyeria.com\/?product=boligrafo-swarovski-rollerball-crystalline-blanco-oro-rosa#primaryimage\"},\"thumbnailUrl\":\"https:\/\/lubeljoyeria.com\/wp-content\/uploads\/2025\/08\/Screenshot_4-8.jpg\",\"datePublished\":\"2025-08-14T09:42:20+00:00\",\"dateModified\":\"2025-12-24T17:36:16+00:00\",\"description\":\"Este bol\u00edgrafo Crystalline est\u00e1 relleno con aproximadamente 400 cristales transparentes mediante la singular t\u00e9cnica Crystalline.\",\"breadcrumb\":{\"@id\":\"https:\/\/lubeljoyeria.com\/?product=boligrafo-swarovski-rollerball-crystalline-blanco-oro-rosa#breadcrumb\"},\"inLanguage\":\"es\",\"potentialAction\":[{\"@type\":\"ReadAction\",\"target\":[\"https:\/\/lubeljoyeria.com\/?product=boligrafo-swarovski-rollerball-crystalline-blanco-oro-rosa\"]}]},{\"@type\":\"ImageObject\",\"inLanguage\":\"es\",\"@id\":\"https:\/\/lubeljoyeria.com\/?product=boligrafo-swarovski-rollerball-crystalline-blanco-oro-rosa#primaryimage\",\"url\":\"https:\/\/lubeljoyeria.com\/wp-content\/uploads\/2025\/08\/Screenshot_4-8.jpg\",\"contentUrl\":\"https:\/\/lubeljoyeria.com\/wp-content\/uploads\/2025\/08\/Screenshot_4-8.jpg\",\"width\":569,\"height\":568,\"caption\":\"Mucho m\u00e1s que un simple instrumento de escritura, este bol\u00edgrafo Crystalline est\u00e1 relleno con aproximadamente 400 cristales transparentes mediante la singular t\u00e9cnica Crystalline. Un clip ba\u00f1ado en oro rosa realza el reluciente barril y el capuch\u00f3n en blanco. Este bol\u00edgrafo de l\u00edneas finas es un regalo considerado. En las tiendas Swarovski se pueden comprar recambios de tinta negra y azul. Tama\u00f1o: 14.5 x 1.1 cm Material: Cristales, Lacado blanco y Ba\u00f1o de Oro Rosa\"},{\"@type\":\"BreadcrumbList\",\"@id\":\"https:\/\/lubeljoyeria.com\/?product=boligrafo-swarovski-rollerball-crystalline-blanco-oro-rosa#breadcrumb\",\"itemListElement\":[{\"@type\":\"ListItem\",\"position\":1,\"name\":\"Home\",\"item\":\"https:\/\/lubeljoyeria.com\/\"},{\"@type\":\"ListItem\",\"position\":2,\"name\":\"Tienda\",\"item\":\"https:\/\/lubeljoyeria.com\/?page_id=6\"},{\"@type\":\"ListItem\",\"position\":3,\"name\":\"Bol\u00edgrafo Swarovski, Rollerball Crystalline, Blanco Oro Rosa\"}]},{\"@type\":\"WebSite\",\"@id\":\"https:\/\/lubeljoyeria.com\/#website\",\"url\":\"https:\/\/lubeljoyeria.com\/\",\"name\":\"Lubel joyeria. Joyeria en Plata . Distribuidor oficial de Swarovski. - Lubel\",\"description\":\"Lubel joyeria. Joyeria en Plata . Distribuidor oficial de Swarovski. - Lubel\",\"publisher\":{\"@id\":\"https:\/\/lubeljoyeria.com\/#organization\"},\"potentialAction\":[{\"@type\":\"SearchAction\",\"target\":{\"@type\":\"EntryPoint\",\"urlTemplate\":\"https:\/\/lubeljoyeria.com\/?s={search_term_string}\"},\"query-input\":{\"@type\":\"PropertyValueSpecification\",\"valueRequired\":true,\"valueName\":\"search_term_string\"}}],\"inLanguage\":\"es\"},{\"@type\":\"Organization\",\"@id\":\"https:\/\/lubeljoyeria.com\/#organization\",\"name\":\"Lubel joyeria. Joyeria en Plata . Distribuidor oficial de Swarovski. - Lubel\",\"url\":\"https:\/\/lubeljoyeria.com\/\",\"logo\":{\"@type\":\"ImageObject\",\"inLanguage\":\"es\",\"@id\":\"https:\/\/lubeljoyeria.com\/#\/schema\/logo\/image\/\",\"url\":\"https:\/\/lubeljoyeria.com\/wp-content\/uploads\/2020\/10\/lubel-joyeria-logo-1543825573-1.png\",\"contentUrl\":\"https:\/\/lubeljoyeria.com\/wp-content\/uploads\/2020\/10\/lubel-joyeria-logo-1543825573-1.png\",\"width\":135,\"height\":31,\"caption\":\"Lubel joyeria. Joyeria en Plata . Distribuidor oficial de Swarovski. - Lubel\"},\"image\":{\"@id\":\"https:\/\/lubeljoyeria.com\/#\/schema\/logo\/image\/\"}}]}<\/script>\n<!-- \/ Yoast SEO Premium plugin. -->","yoast_head_json":{"title":"Bol\u00edgrafo Swarovski, Rollerball Crystalline, Blanco Oro Rosa - Distribuidor Oficial Swarovski","description":"Este bol\u00edgrafo Crystalline est\u00e1 relleno con aproximadamente 400 cristales transparentes mediante la singular t\u00e9cnica Crystalline.","robots":{"index":"index","follow":"follow","max-snippet":"max-snippet:-1","max-image-preview":"max-image-preview:large","max-video-preview":"max-video-preview:-1"},"canonical":"https:\/\/lubeljoyeria.com\/?product=boligrafo-swarovski-rollerball-crystalline-blanco-oro-rosa","og_locale":"es_ES","og_type":"article","og_title":"Bol\u00edgrafo Swarovski, Rollerball Crystalline, Blanco Oro Rosa","og_description":"Este bol\u00edgrafo Crystalline est\u00e1 relleno con aproximadamente 400 cristales transparentes mediante la singular t\u00e9cnica Crystalline.","og_url":"https:\/\/lubeljoyeria.com\/?product=boligrafo-swarovski-rollerball-crystalline-blanco-oro-rosa","og_site_name":"Lubel joyeria. Joyeria en Plata . Distribuidor oficial de Swarovski. - Lubel","article_modified_time":"2025-12-24T17:36:16+00:00","og_image":[{"width":569,"height":568,"url":"https:\/\/lubeljoyeria.com\/wp-content\/uploads\/2025\/08\/Screenshot_4-8.jpg","type":"image\/jpeg"}],"twitter_card":"summary_large_image","twitter_misc":{"Tiempo de lectura":"1 minuto"},"schema":{"@context":"https:\/\/schema.org","@graph":[{"@type":"WebPage","@id":"https:\/\/lubeljoyeria.com\/?product=boligrafo-swarovski-rollerball-crystalline-blanco-oro-rosa","url":"https:\/\/lubeljoyeria.com\/?product=boligrafo-swarovski-rollerball-crystalline-blanco-oro-rosa","name":"Bol\u00edgrafo Swarovski, Rollerball Crystalline, Blanco Oro Rosa - Distribuidor Oficial Swarovski","isPartOf":{"@id":"https:\/\/lubeljoyeria.com\/#website"},"primaryImageOfPage":{"@id":"https:\/\/lubeljoyeria.com\/?product=boligrafo-swarovski-rollerball-crystalline-blanco-oro-rosa#primaryimage"},"image":{"@id":"https:\/\/lubeljoyeria.com\/?product=boligrafo-swarovski-rollerball-crystalline-blanco-oro-rosa#primaryimage"},"thumbnailUrl":"https:\/\/lubeljoyeria.com\/wp-content\/uploads\/2025\/08\/Screenshot_4-8.jpg","datePublished":"2025-08-14T09:42:20+00:00","dateModified":"2025-12-24T17:36:16+00:00","description":"Este bol\u00edgrafo Crystalline est\u00e1 relleno con aproximadamente 400 cristales transparentes mediante la singular t\u00e9cnica Crystalline.","breadcrumb":{"@id":"https:\/\/lubeljoyeria.com\/?product=boligrafo-swarovski-rollerball-crystalline-blanco-oro-rosa#breadcrumb"},"inLanguage":"es","potentialAction":[{"@type":"ReadAction","target":["https:\/\/lubeljoyeria.com\/?product=boligrafo-swarovski-rollerball-crystalline-blanco-oro-rosa"]}]},{"@type":"ImageObject","inLanguage":"es","@id":"https:\/\/lubeljoyeria.com\/?product=boligrafo-swarovski-rollerball-crystalline-blanco-oro-rosa#primaryimage","url":"https:\/\/lubeljoyeria.com\/wp-content\/uploads\/2025\/08\/Screenshot_4-8.jpg","contentUrl":"https:\/\/lubeljoyeria.com\/wp-content\/uploads\/2025\/08\/Screenshot_4-8.jpg","width":569,"height":568,"caption":"Mucho m\u00e1s que un simple instrumento de escritura, este bol\u00edgrafo Crystalline est\u00e1 relleno con aproximadamente 400 cristales transparentes mediante la singular t\u00e9cnica Crystalline. Un clip ba\u00f1ado en oro rosa realza el reluciente barril y el capuch\u00f3n en blanco. Este bol\u00edgrafo de l\u00edneas finas es un regalo considerado. En las tiendas Swarovski se pueden comprar recambios de tinta negra y azul. Tama\u00f1o: 14.5 x 1.1 cm Material: Cristales, Lacado blanco y Ba\u00f1o de Oro Rosa"},{"@type":"BreadcrumbList","@id":"https:\/\/lubeljoyeria.com\/?product=boligrafo-swarovski-rollerball-crystalline-blanco-oro-rosa#breadcrumb","itemListElement":[{"@type":"ListItem","position":1,"name":"Home","item":"https:\/\/lubeljoyeria.com\/"},{"@type":"ListItem","position":2,"name":"Tienda","item":"https:\/\/lubeljoyeria.com\/?page_id=6"},{"@type":"ListItem","position":3,"name":"Bol\u00edgrafo Swarovski, Rollerball Crystalline, Blanco Oro Rosa"}]},{"@type":"WebSite","@id":"https:\/\/lubeljoyeria.com\/#website","url":"https:\/\/lubeljoyeria.com\/","name":"Lubel joyeria. Joyeria en Plata . Distribuidor oficial de Swarovski. - Lubel","description":"Lubel joyeria. Joyeria en Plata . Distribuidor oficial de Swarovski. - Lubel","publisher":{"@id":"https:\/\/lubeljoyeria.com\/#organization"},"potentialAction":[{"@type":"SearchAction","target":{"@type":"EntryPoint","urlTemplate":"https:\/\/lubeljoyeria.com\/?s={search_term_string}"},"query-input":{"@type":"PropertyValueSpecification","valueRequired":true,"valueName":"search_term_string"}}],"inLanguage":"es"},{"@type":"Organization","@id":"https:\/\/lubeljoyeria.com\/#organization","name":"Lubel joyeria. Joyeria en Plata . Distribuidor oficial de Swarovski. - Lubel","url":"https:\/\/lubeljoyeria.com\/","logo":{"@type":"ImageObject","inLanguage":"es","@id":"https:\/\/lubeljoyeria.com\/#\/schema\/logo\/image\/","url":"https:\/\/lubeljoyeria.com\/wp-content\/uploads\/2020\/10\/lubel-joyeria-logo-1543825573-1.png","contentUrl":"https:\/\/lubeljoyeria.com\/wp-content\/uploads\/2020\/10\/lubel-joyeria-logo-1543825573-1.png","width":135,"height":31,"caption":"Lubel joyeria. Joyeria en Plata . Distribuidor oficial de Swarovski. - Lubel"},"image":{"@id":"https:\/\/lubeljoyeria.com\/#\/schema\/logo\/image\/"}}]}},"_links":{"self":[{"href":"https:\/\/lubeljoyeria.com\/index.php?rest_route=\/wp\/v2\/product\/28245","targetHints":{"allow":["GET"]}}],"collection":[{"href":"https:\/\/lubeljoyeria.com\/index.php?rest_route=\/wp\/v2\/product"}],"about":[{"href":"https:\/\/lubeljoyeria.com\/index.php?rest_route=\/wp\/v2\/types\/product"}],"wp:featuredmedia":[{"embeddable":true,"href":"https:\/\/lubeljoyeria.com\/index.php?rest_route=\/wp\/v2\/media\/28248"}],"wp:attachment":[{"href":"https:\/\/lubeljoyeria.com\/index.php?rest_route=%2Fwp%2Fv2%2Fmedia&parent=28245"}],"wp:term":[{"taxonomy":"product_brand","embeddable":true,"href":"https:\/\/lubeljoyeria.com\/index.php?rest_route=%2Fwp%2Fv2%2Fproduct_brand&post=28245"},{"taxonomy":"product_cat","embeddable":true,"href":"https:\/\/lubeljoyeria.com\/index.php?rest_route=%2Fwp%2Fv2%2Fproduct_cat&post=28245"},{"taxonomy":"product_tag","embeddable":true,"href":"https:\/\/lubeljoyeria.com\/index.php?rest_route=%2Fwp%2Fv2%2Fproduct_tag&post=28245"}],"curies":[{"name":"wp","href":"https:\/\/api.w.org\/{rel}","templated":true}]}}