{"id":28080,"date":"2025-08-05T10:51:10","date_gmt":"2025-08-05T10:51:10","guid":{"rendered":"https:\/\/lubeljoyeria.com\/?post_type=product&#038;p=28080"},"modified":"2025-09-04T16:22:58","modified_gmt":"2025-09-04T16:22:58","slug":"boligrafo-swarovski-crystalline","status":"publish","type":"product","link":"https:\/\/lubeljoyeria.com\/?product=boligrafo-swarovski-crystalline","title":{"rendered":"Bol\u00edgrafo Swarovski, Crystalline"},"content":{"rendered":"<p>B<\/p>\n","protected":false},"excerpt":{"rendered":"<p>El bol\u00edgrafo Crystalline se inspira en el estilo lujoso. Este distintivo instrumento de escritura presenta un tambor redondo con un acabado ba\u00f1ado en\u00a0 oro rosa, as\u00ed como detalles cromados que incluyen un pr\u00e1ctico clip con el nombre Swarovski grabado. En el centro, este llamativo dise\u00f1o est\u00e1 iluminado con aproximadamente 480 resplandecientes cristales de Swarovski, cada uno de ellos meticulosamente incorporado mediante la emblem\u00e1tica t\u00e9cnica Crystalline. Un complemento destacado para tu escritorio o un regalo distintivo para un ser querido al que le guste escribir. En las tiendas Swarovski se pueden comprar recambios de tinta negra y azul.<\/p>\n<p>Tama\u00f1o:\u00a0 14.4 x 1.1 cm.<\/p>\n<p>Material: Cristales y ba\u00f1o de oro rosa.<\/p>\n","protected":false},"featured_media":28082,"template":"","meta":{"_joinchat":[]},"product_brand":[1437],"product_cat":[1463,1464,1470,1532],"product_tag":[],"class_list":{"0":"post-28080","1":"product","2":"type-product","3":"status-publish","4":"has-post-thumbnail","6":"product_brand-swarovski","7":"product_cat-inicio","8":"product_cat-principal","9":"product_cat-swarovski","10":"product_cat-accesorios","11":"sales-flash-overlay","12":"woocommerce-text-align-center","13":"woocommerce-image-align-center","14":"do-quantity-buttons","15":"wc-has-gallery","17":"first","18":"instock","19":"taxable","20":"shipping-taxable","21":"purchasable","22":"product-type-simple"},"yoast_head":"<!-- This site is optimized with the Yoast SEO Premium plugin v22.5 (Yoast SEO v26.5) - https:\/\/yoast.com\/wordpress\/plugins\/seo\/ -->\n<title>Bol\u00edgrafo Swarovski, Crystalline - Distribuidor Oficial Swarovski<\/title>\n<meta name=\"description\" content=\"Este bol\u00edgrafo presenta un tambor redondo con un acabado ba\u00f1ado en\u00a0 oro rosa, as\u00ed como detalles cromados que incluyen un clip con el nombre Swarovski.\" \/>\n<meta name=\"robots\" content=\"index, follow, max-snippet:-1, max-image-preview:large, max-video-preview:-1\" \/>\n<link rel=\"canonical\" href=\"https:\/\/lubeljoyeria.com\/producto\/boligrafo-swarovski-crystalline\" \/>\n<meta property=\"og:locale\" content=\"es_ES\" \/>\n<meta property=\"og:type\" content=\"article\" \/>\n<meta property=\"og:title\" content=\"Bol\u00edgrafo Swarovski, Crystalline\" \/>\n<meta property=\"og:description\" content=\"Este bol\u00edgrafo presenta un tambor redondo con un acabado ba\u00f1ado en\u00a0 oro rosa, as\u00ed como detalles cromados que incluyen un clip con el nombre Swarovski.\" \/>\n<meta property=\"og:url\" content=\"https:\/\/lubeljoyeria.com\/producto\/boligrafo-swarovski-crystalline\" \/>\n<meta property=\"og:site_name\" content=\"Lubel joyeria. Joyeria en Plata . Distribuidor oficial de Swarovski. - Lubel\" \/>\n<meta property=\"article:modified_time\" content=\"2025-09-04T16:22:58+00:00\" \/>\n<meta property=\"og:image\" content=\"https:\/\/lubeljoyeria.com\/wp-content\/uploads\/2025\/08\/Screenshot_8.jpg\" \/>\n\t<meta property=\"og:image:width\" content=\"569\" \/>\n\t<meta property=\"og:image:height\" content=\"568\" \/>\n\t<meta property=\"og:image:type\" content=\"image\/jpeg\" \/>\n<meta name=\"twitter:card\" content=\"summary_large_image\" \/>\n<meta name=\"twitter:label1\" content=\"Tiempo de lectura\" \/>\n\t<meta name=\"twitter:data1\" content=\"1 minuto\" \/>\n<script type=\"application\/ld+json\" class=\"yoast-schema-graph\">{\"@context\":\"https:\/\/schema.org\",\"@graph\":[{\"@type\":\"WebPage\",\"@id\":\"https:\/\/lubeljoyeria.com\/producto\/boligrafo-swarovski-crystalline\",\"url\":\"https:\/\/lubeljoyeria.com\/producto\/boligrafo-swarovski-crystalline\",\"name\":\"Bol\u00edgrafo Swarovski, Crystalline - Distribuidor Oficial Swarovski\",\"isPartOf\":{\"@id\":\"https:\/\/lubeljoyeria.com\/#website\"},\"primaryImageOfPage\":{\"@id\":\"https:\/\/lubeljoyeria.com\/producto\/boligrafo-swarovski-crystalline#primaryimage\"},\"image\":{\"@id\":\"https:\/\/lubeljoyeria.com\/producto\/boligrafo-swarovski-crystalline#primaryimage\"},\"thumbnailUrl\":\"https:\/\/lubeljoyeria.com\/wp-content\/uploads\/2025\/08\/Screenshot_8.jpg\",\"datePublished\":\"2025-08-05T10:51:10+00:00\",\"dateModified\":\"2025-09-04T16:22:58+00:00\",\"description\":\"Este bol\u00edgrafo presenta un tambor redondo con un acabado ba\u00f1ado en\u00a0 oro rosa, as\u00ed como detalles cromados que incluyen un clip con el nombre Swarovski.\",\"breadcrumb\":{\"@id\":\"https:\/\/lubeljoyeria.com\/producto\/boligrafo-swarovski-crystalline#breadcrumb\"},\"inLanguage\":\"es\",\"potentialAction\":[{\"@type\":\"ReadAction\",\"target\":[\"https:\/\/lubeljoyeria.com\/producto\/boligrafo-swarovski-crystalline\"]}]},{\"@type\":\"ImageObject\",\"inLanguage\":\"es\",\"@id\":\"https:\/\/lubeljoyeria.com\/producto\/boligrafo-swarovski-crystalline#primaryimage\",\"url\":\"https:\/\/lubeljoyeria.com\/wp-content\/uploads\/2025\/08\/Screenshot_8.jpg\",\"contentUrl\":\"https:\/\/lubeljoyeria.com\/wp-content\/uploads\/2025\/08\/Screenshot_8.jpg\",\"width\":569,\"height\":568,\"caption\":\"El bol\u00edgrafo Crystalline se inspira en el estilo lujoso. Este distintivo instrumento de escritura presenta un tambor redondo con un acabado ba\u00f1ado en\u00a0 oro rosa, as\u00ed como detalles cromados que incluyen un pr\u00e1ctico clip con el nombre Swarovski grabado. En el centro, este llamativo dise\u00f1o est\u00e1 iluminado con aproximadamente 480 resplandecientes cristales de Swarovski, cada uno de ellos meticulosamente incorporado mediante la emblem\u00e1tica t\u00e9cnica Crystalline. Un complemento destacado para tu escritorio o un regalo distintivo para un ser querido al que le guste escribir. En las tiendas Swarovski se pueden comprar recambios de tinta negra y azul. Tama\u00f1o:\u00a0 14.4 x 1.1 cm. Material: Cristales y ba\u00f1o de oro rosa.\"},{\"@type\":\"BreadcrumbList\",\"@id\":\"https:\/\/lubeljoyeria.com\/producto\/boligrafo-swarovski-crystalline#breadcrumb\",\"itemListElement\":[{\"@type\":\"ListItem\",\"position\":1,\"name\":\"Home\",\"item\":\"https:\/\/lubeljoyeria.com\/\"},{\"@type\":\"ListItem\",\"position\":2,\"name\":\"Tienda\",\"item\":\"https:\/\/lubeljoyeria.com\/?page_id=6\"},{\"@type\":\"ListItem\",\"position\":3,\"name\":\"Bol\u00edgrafo Swarovski, Crystalline\"}]},{\"@type\":\"WebSite\",\"@id\":\"https:\/\/lubeljoyeria.com\/#website\",\"url\":\"https:\/\/lubeljoyeria.com\/\",\"name\":\"Lubel joyeria. Joyeria en Plata . Distribuidor oficial de Swarovski. - Lubel\",\"description\":\"Lubel joyeria. Joyeria en Plata . Distribuidor oficial de Swarovski. - Lubel\",\"publisher\":{\"@id\":\"https:\/\/lubeljoyeria.com\/#organization\"},\"potentialAction\":[{\"@type\":\"SearchAction\",\"target\":{\"@type\":\"EntryPoint\",\"urlTemplate\":\"https:\/\/lubeljoyeria.com\/?s={search_term_string}\"},\"query-input\":{\"@type\":\"PropertyValueSpecification\",\"valueRequired\":true,\"valueName\":\"search_term_string\"}}],\"inLanguage\":\"es\"},{\"@type\":\"Organization\",\"@id\":\"https:\/\/lubeljoyeria.com\/#organization\",\"name\":\"Lubel joyeria. Joyeria en Plata . Distribuidor oficial de Swarovski. - Lubel\",\"url\":\"https:\/\/lubeljoyeria.com\/\",\"logo\":{\"@type\":\"ImageObject\",\"inLanguage\":\"es\",\"@id\":\"https:\/\/lubeljoyeria.com\/#\/schema\/logo\/image\/\",\"url\":\"https:\/\/lubeljoyeria.com\/wp-content\/uploads\/2020\/10\/lubel-joyeria-logo-1543825573-1.png\",\"contentUrl\":\"https:\/\/lubeljoyeria.com\/wp-content\/uploads\/2020\/10\/lubel-joyeria-logo-1543825573-1.png\",\"width\":135,\"height\":31,\"caption\":\"Lubel joyeria. Joyeria en Plata . Distribuidor oficial de Swarovski. - Lubel\"},\"image\":{\"@id\":\"https:\/\/lubeljoyeria.com\/#\/schema\/logo\/image\/\"}}]}<\/script>\n<!-- \/ Yoast SEO Premium plugin. -->","yoast_head_json":{"title":"Bol\u00edgrafo Swarovski, Crystalline - Distribuidor Oficial Swarovski","description":"Este bol\u00edgrafo presenta un tambor redondo con un acabado ba\u00f1ado en\u00a0 oro rosa, as\u00ed como detalles cromados que incluyen un clip con el nombre Swarovski.","robots":{"index":"index","follow":"follow","max-snippet":"max-snippet:-1","max-image-preview":"max-image-preview:large","max-video-preview":"max-video-preview:-1"},"canonical":"https:\/\/lubeljoyeria.com\/producto\/boligrafo-swarovski-crystalline","og_locale":"es_ES","og_type":"article","og_title":"Bol\u00edgrafo Swarovski, Crystalline","og_description":"Este bol\u00edgrafo presenta un tambor redondo con un acabado ba\u00f1ado en\u00a0 oro rosa, as\u00ed como detalles cromados que incluyen un clip con el nombre Swarovski.","og_url":"https:\/\/lubeljoyeria.com\/producto\/boligrafo-swarovski-crystalline","og_site_name":"Lubel joyeria. Joyeria en Plata . Distribuidor oficial de Swarovski. - Lubel","article_modified_time":"2025-09-04T16:22:58+00:00","og_image":[{"width":569,"height":568,"url":"https:\/\/lubeljoyeria.com\/wp-content\/uploads\/2025\/08\/Screenshot_8.jpg","type":"image\/jpeg"}],"twitter_card":"summary_large_image","twitter_misc":{"Tiempo de lectura":"1 minuto"},"schema":{"@context":"https:\/\/schema.org","@graph":[{"@type":"WebPage","@id":"https:\/\/lubeljoyeria.com\/producto\/boligrafo-swarovski-crystalline","url":"https:\/\/lubeljoyeria.com\/producto\/boligrafo-swarovski-crystalline","name":"Bol\u00edgrafo Swarovski, Crystalline - Distribuidor Oficial Swarovski","isPartOf":{"@id":"https:\/\/lubeljoyeria.com\/#website"},"primaryImageOfPage":{"@id":"https:\/\/lubeljoyeria.com\/producto\/boligrafo-swarovski-crystalline#primaryimage"},"image":{"@id":"https:\/\/lubeljoyeria.com\/producto\/boligrafo-swarovski-crystalline#primaryimage"},"thumbnailUrl":"https:\/\/lubeljoyeria.com\/wp-content\/uploads\/2025\/08\/Screenshot_8.jpg","datePublished":"2025-08-05T10:51:10+00:00","dateModified":"2025-09-04T16:22:58+00:00","description":"Este bol\u00edgrafo presenta un tambor redondo con un acabado ba\u00f1ado en\u00a0 oro rosa, as\u00ed como detalles cromados que incluyen un clip con el nombre Swarovski.","breadcrumb":{"@id":"https:\/\/lubeljoyeria.com\/producto\/boligrafo-swarovski-crystalline#breadcrumb"},"inLanguage":"es","potentialAction":[{"@type":"ReadAction","target":["https:\/\/lubeljoyeria.com\/producto\/boligrafo-swarovski-crystalline"]}]},{"@type":"ImageObject","inLanguage":"es","@id":"https:\/\/lubeljoyeria.com\/producto\/boligrafo-swarovski-crystalline#primaryimage","url":"https:\/\/lubeljoyeria.com\/wp-content\/uploads\/2025\/08\/Screenshot_8.jpg","contentUrl":"https:\/\/lubeljoyeria.com\/wp-content\/uploads\/2025\/08\/Screenshot_8.jpg","width":569,"height":568,"caption":"El bol\u00edgrafo Crystalline se inspira en el estilo lujoso. Este distintivo instrumento de escritura presenta un tambor redondo con un acabado ba\u00f1ado en\u00a0 oro rosa, as\u00ed como detalles cromados que incluyen un pr\u00e1ctico clip con el nombre Swarovski grabado. En el centro, este llamativo dise\u00f1o est\u00e1 iluminado con aproximadamente 480 resplandecientes cristales de Swarovski, cada uno de ellos meticulosamente incorporado mediante la emblem\u00e1tica t\u00e9cnica Crystalline. Un complemento destacado para tu escritorio o un regalo distintivo para un ser querido al que le guste escribir. En las tiendas Swarovski se pueden comprar recambios de tinta negra y azul. Tama\u00f1o:\u00a0 14.4 x 1.1 cm. Material: Cristales y ba\u00f1o de oro rosa."},{"@type":"BreadcrumbList","@id":"https:\/\/lubeljoyeria.com\/producto\/boligrafo-swarovski-crystalline#breadcrumb","itemListElement":[{"@type":"ListItem","position":1,"name":"Home","item":"https:\/\/lubeljoyeria.com\/"},{"@type":"ListItem","position":2,"name":"Tienda","item":"https:\/\/lubeljoyeria.com\/?page_id=6"},{"@type":"ListItem","position":3,"name":"Bol\u00edgrafo Swarovski, Crystalline"}]},{"@type":"WebSite","@id":"https:\/\/lubeljoyeria.com\/#website","url":"https:\/\/lubeljoyeria.com\/","name":"Lubel joyeria. Joyeria en Plata . Distribuidor oficial de Swarovski. - Lubel","description":"Lubel joyeria. Joyeria en Plata . Distribuidor oficial de Swarovski. - Lubel","publisher":{"@id":"https:\/\/lubeljoyeria.com\/#organization"},"potentialAction":[{"@type":"SearchAction","target":{"@type":"EntryPoint","urlTemplate":"https:\/\/lubeljoyeria.com\/?s={search_term_string}"},"query-input":{"@type":"PropertyValueSpecification","valueRequired":true,"valueName":"search_term_string"}}],"inLanguage":"es"},{"@type":"Organization","@id":"https:\/\/lubeljoyeria.com\/#organization","name":"Lubel joyeria. Joyeria en Plata . Distribuidor oficial de Swarovski. - Lubel","url":"https:\/\/lubeljoyeria.com\/","logo":{"@type":"ImageObject","inLanguage":"es","@id":"https:\/\/lubeljoyeria.com\/#\/schema\/logo\/image\/","url":"https:\/\/lubeljoyeria.com\/wp-content\/uploads\/2020\/10\/lubel-joyeria-logo-1543825573-1.png","contentUrl":"https:\/\/lubeljoyeria.com\/wp-content\/uploads\/2020\/10\/lubel-joyeria-logo-1543825573-1.png","width":135,"height":31,"caption":"Lubel joyeria. Joyeria en Plata . Distribuidor oficial de Swarovski. - Lubel"},"image":{"@id":"https:\/\/lubeljoyeria.com\/#\/schema\/logo\/image\/"}}]}},"_links":{"self":[{"href":"https:\/\/lubeljoyeria.com\/index.php?rest_route=\/wp\/v2\/product\/28080","targetHints":{"allow":["GET"]}}],"collection":[{"href":"https:\/\/lubeljoyeria.com\/index.php?rest_route=\/wp\/v2\/product"}],"about":[{"href":"https:\/\/lubeljoyeria.com\/index.php?rest_route=\/wp\/v2\/types\/product"}],"wp:featuredmedia":[{"embeddable":true,"href":"https:\/\/lubeljoyeria.com\/index.php?rest_route=\/wp\/v2\/media\/28082"}],"wp:attachment":[{"href":"https:\/\/lubeljoyeria.com\/index.php?rest_route=%2Fwp%2Fv2%2Fmedia&parent=28080"}],"wp:term":[{"taxonomy":"product_brand","embeddable":true,"href":"https:\/\/lubeljoyeria.com\/index.php?rest_route=%2Fwp%2Fv2%2Fproduct_brand&post=28080"},{"taxonomy":"product_cat","embeddable":true,"href":"https:\/\/lubeljoyeria.com\/index.php?rest_route=%2Fwp%2Fv2%2Fproduct_cat&post=28080"},{"taxonomy":"product_tag","embeddable":true,"href":"https:\/\/lubeljoyeria.com\/index.php?rest_route=%2Fwp%2Fv2%2Fproduct_tag&post=28080"}],"curies":[{"name":"wp","href":"https:\/\/api.w.org\/{rel}","templated":true}]}}