{"id":28027,"date":"2025-07-14T17:13:19","date_gmt":"2025-07-14T17:13:19","guid":{"rendered":"https:\/\/lubeljoyeria.com\/?post_type=product&#038;p=28027"},"modified":"2025-07-14T17:45:21","modified_gmt":"2025-07-14T17:45:21","slug":"pulsera-manchega-volumen-macrame-bano-de-oro","status":"publish","type":"product","link":"https:\/\/lubeljoyeria.com\/?product=pulsera-manchega-volumen-macrame-bano-de-oro","title":{"rendered":"Pulsera Manchega Volumen Macram\u00e9, Ba\u00f1o de Oro"},"content":{"rendered":"<p>\u00a1Uno de nuestros <em>best-seller\u00a0<\/em>de la Feria de Albacete vuelve en dise\u00f1o 3D!<\/p>\n<p>Esta pulsera de macram\u00e9 en azul marino con nuestra ic\u00f3nica manchega, s\u00edmbolo de la ciudad de Albacete, est\u00e1 fabricada en Plata de Primera Ley, con un ba\u00f1o de oro de 18k.<\/p>\n<p>Adem\u00e1s, cuenta con un dise\u00f1o nuevo, con volumen y movimiento; \u00a1perfecto para lucirlo todos los d\u00edas de Feria!<\/p>\n<p>\u00a1Viva la Feria de Albacete!<\/p>\n<ul>\n<li>Tama\u00f1o del motivo: 20mm.<\/li>\n<li>Cierre corredizo ajustable.<\/li>\n<li>Color del cord\u00f3n: azul marino.<\/li>\n<\/ul>\n","protected":false},"excerpt":{"rendered":"<p>\u00a1Uno de nuestros\u00a0<em>best-seller\u00a0<\/em>de la Feria de Albacete vuelve en dise\u00f1o 3D!<\/p>\n<p>Esta pulsera de macram\u00e9 en azul marino con nuestra ic\u00f3nica manchega, s\u00edmbolo de la ciudad de Albacete, est\u00e1 fabricada en Plata de Primera Ley, con un ba\u00f1o de oro de 18k.<\/p>\n<p>Adem\u00e1s cuenta con un dise\u00f1o nuevo, con volumen y movimiento; \u00a1perfecto para lucirlo todos los d\u00edas de Feria!<\/p>\n<p>\u00a1Viva la Feria de Albacete!<\/p>\n<ul>\n<li>Tama\u00f1o del motivo: 20mm.<\/li>\n<li>Cierre corredizo ajustable.<\/li>\n<li>Color del cord\u00f3n: azul marino.<\/li>\n<\/ul>\n","protected":false},"featured_media":28031,"template":"","meta":{"_joinchat":[]},"product_brand":[1438],"product_cat":[1463,1464,1480,1496,1471],"product_tag":[],"class_list":{"0":"post-28027","1":"product","2":"type-product","3":"status-publish","4":"has-post-thumbnail","6":"product_brand-joyeria-en-plata","7":"product_cat-inicio","8":"product_cat-principal","9":"product_cat-feria-de-albacete","10":"product_cat-manchega","11":"product_cat-manchegas","12":"sales-flash-overlay","13":"woocommerce-text-align-center","14":"woocommerce-image-align-center","15":"do-quantity-buttons","17":"first","18":"instock","19":"taxable","20":"shipping-taxable","21":"purchasable","22":"product-type-simple"},"yoast_head":"<!-- This site is optimized with the Yoast SEO Premium plugin v22.5 (Yoast SEO v26.5) - https:\/\/yoast.com\/wordpress\/plugins\/seo\/ -->\n<title>Pulsera Manchega Volumen Macram\u00e9, Ba\u00f1o de Oro -<\/title>\n<meta name=\"description\" content=\"\u00a1Uno de nuestros\u00a0best-seller\u00a0de la Feria de Albacete vuelve en dise\u00f1o 3D\u00a1Viva la Feria de Albacete!Tama\u00f1o del motivo: 20mm.Cierre corredizo ajustable.\" \/>\n<meta name=\"robots\" content=\"index, follow, max-snippet:-1, max-image-preview:large, max-video-preview:-1\" \/>\n<link rel=\"canonical\" href=\"https:\/\/lubeljoyeria.com\/producto\/pulsera-manchega-volumen-macrame-bano-de-oro\" \/>\n<meta property=\"og:locale\" content=\"es_ES\" \/>\n<meta property=\"og:type\" content=\"article\" \/>\n<meta property=\"og:title\" content=\"Pulsera Manchega Volumen Macram\u00e9, Ba\u00f1o de Oro\" \/>\n<meta property=\"og:description\" content=\"\u00a1Uno de nuestros\u00a0best-seller\u00a0de la Feria de Albacete vuelve en dise\u00f1o 3D\u00a1Viva la Feria de Albacete!Tama\u00f1o del motivo: 20mm.Cierre corredizo ajustable.\" \/>\n<meta property=\"og:url\" content=\"https:\/\/lubeljoyeria.com\/producto\/pulsera-manchega-volumen-macrame-bano-de-oro\" \/>\n<meta property=\"og:site_name\" content=\"Lubel joyeria. Joyeria en Plata . Distribuidor oficial de Swarovski. - Lubel\" \/>\n<meta property=\"article:modified_time\" content=\"2025-07-14T17:45:21+00:00\" \/>\n<meta property=\"og:image\" content=\"https:\/\/lubeljoyeria.com\/wp-content\/uploads\/2025\/07\/P1011445-scaled.jpg\" \/>\n\t<meta property=\"og:image:width\" content=\"2560\" \/>\n\t<meta property=\"og:image:height\" content=\"1920\" \/>\n\t<meta property=\"og:image:type\" content=\"image\/jpeg\" \/>\n<meta name=\"twitter:card\" content=\"summary_large_image\" \/>\n<meta name=\"twitter:label1\" content=\"Tiempo de lectura\" \/>\n\t<meta name=\"twitter:data1\" content=\"1 minuto\" \/>\n<script type=\"application\/ld+json\" class=\"yoast-schema-graph\">{\"@context\":\"https:\/\/schema.org\",\"@graph\":[{\"@type\":\"WebPage\",\"@id\":\"https:\/\/lubeljoyeria.com\/producto\/pulsera-manchega-volumen-macrame-bano-de-oro\",\"url\":\"https:\/\/lubeljoyeria.com\/producto\/pulsera-manchega-volumen-macrame-bano-de-oro\",\"name\":\"Pulsera Manchega Volumen Macram\u00e9, Ba\u00f1o de Oro -\",\"isPartOf\":{\"@id\":\"https:\/\/lubeljoyeria.com\/#website\"},\"primaryImageOfPage\":{\"@id\":\"https:\/\/lubeljoyeria.com\/producto\/pulsera-manchega-volumen-macrame-bano-de-oro#primaryimage\"},\"image\":{\"@id\":\"https:\/\/lubeljoyeria.com\/producto\/pulsera-manchega-volumen-macrame-bano-de-oro#primaryimage\"},\"thumbnailUrl\":\"https:\/\/lubeljoyeria.com\/wp-content\/uploads\/2025\/07\/P1011445-scaled.jpg\",\"datePublished\":\"2025-07-14T17:13:19+00:00\",\"dateModified\":\"2025-07-14T17:45:21+00:00\",\"description\":\"\u00a1Uno de nuestros\u00a0best-seller\u00a0de la Feria de Albacete vuelve en dise\u00f1o 3D\u00a1Viva la Feria de Albacete!Tama\u00f1o del motivo: 20mm.Cierre corredizo ajustable.\",\"breadcrumb\":{\"@id\":\"https:\/\/lubeljoyeria.com\/producto\/pulsera-manchega-volumen-macrame-bano-de-oro#breadcrumb\"},\"inLanguage\":\"es\",\"potentialAction\":[{\"@type\":\"ReadAction\",\"target\":[\"https:\/\/lubeljoyeria.com\/producto\/pulsera-manchega-volumen-macrame-bano-de-oro\"]}]},{\"@type\":\"ImageObject\",\"inLanguage\":\"es\",\"@id\":\"https:\/\/lubeljoyeria.com\/producto\/pulsera-manchega-volumen-macrame-bano-de-oro#primaryimage\",\"url\":\"https:\/\/lubeljoyeria.com\/wp-content\/uploads\/2025\/07\/P1011445-scaled.jpg\",\"contentUrl\":\"https:\/\/lubeljoyeria.com\/wp-content\/uploads\/2025\/07\/P1011445-scaled.jpg\",\"width\":2560,\"height\":1920,\"caption\":\"OLYMPUS DIGITAL CAMERA\"},{\"@type\":\"BreadcrumbList\",\"@id\":\"https:\/\/lubeljoyeria.com\/producto\/pulsera-manchega-volumen-macrame-bano-de-oro#breadcrumb\",\"itemListElement\":[{\"@type\":\"ListItem\",\"position\":1,\"name\":\"Home\",\"item\":\"https:\/\/lubeljoyeria.com\/\"},{\"@type\":\"ListItem\",\"position\":2,\"name\":\"Tienda\",\"item\":\"https:\/\/lubeljoyeria.com\/?page_id=6\"},{\"@type\":\"ListItem\",\"position\":3,\"name\":\"Pulsera Manchega Volumen Macram\u00e9, Ba\u00f1o de Oro\"}]},{\"@type\":\"WebSite\",\"@id\":\"https:\/\/lubeljoyeria.com\/#website\",\"url\":\"https:\/\/lubeljoyeria.com\/\",\"name\":\"Lubel joyeria. Joyeria en Plata . Distribuidor oficial de Swarovski. - Lubel\",\"description\":\"Lubel joyeria. Joyeria en Plata . Distribuidor oficial de Swarovski. - Lubel\",\"publisher\":{\"@id\":\"https:\/\/lubeljoyeria.com\/#organization\"},\"potentialAction\":[{\"@type\":\"SearchAction\",\"target\":{\"@type\":\"EntryPoint\",\"urlTemplate\":\"https:\/\/lubeljoyeria.com\/?s={search_term_string}\"},\"query-input\":{\"@type\":\"PropertyValueSpecification\",\"valueRequired\":true,\"valueName\":\"search_term_string\"}}],\"inLanguage\":\"es\"},{\"@type\":\"Organization\",\"@id\":\"https:\/\/lubeljoyeria.com\/#organization\",\"name\":\"Lubel joyeria. Joyeria en Plata . Distribuidor oficial de Swarovski. - Lubel\",\"url\":\"https:\/\/lubeljoyeria.com\/\",\"logo\":{\"@type\":\"ImageObject\",\"inLanguage\":\"es\",\"@id\":\"https:\/\/lubeljoyeria.com\/#\/schema\/logo\/image\/\",\"url\":\"https:\/\/lubeljoyeria.com\/wp-content\/uploads\/2020\/10\/lubel-joyeria-logo-1543825573-1.png\",\"contentUrl\":\"https:\/\/lubeljoyeria.com\/wp-content\/uploads\/2020\/10\/lubel-joyeria-logo-1543825573-1.png\",\"width\":135,\"height\":31,\"caption\":\"Lubel joyeria. Joyeria en Plata . Distribuidor oficial de Swarovski. - Lubel\"},\"image\":{\"@id\":\"https:\/\/lubeljoyeria.com\/#\/schema\/logo\/image\/\"}}]}<\/script>\n<!-- \/ Yoast SEO Premium plugin. -->","yoast_head_json":{"title":"Pulsera Manchega Volumen Macram\u00e9, Ba\u00f1o de Oro -","description":"\u00a1Uno de nuestros\u00a0best-seller\u00a0de la Feria de Albacete vuelve en dise\u00f1o 3D\u00a1Viva la Feria de Albacete!Tama\u00f1o del motivo: 20mm.Cierre corredizo ajustable.","robots":{"index":"index","follow":"follow","max-snippet":"max-snippet:-1","max-image-preview":"max-image-preview:large","max-video-preview":"max-video-preview:-1"},"canonical":"https:\/\/lubeljoyeria.com\/producto\/pulsera-manchega-volumen-macrame-bano-de-oro","og_locale":"es_ES","og_type":"article","og_title":"Pulsera Manchega Volumen Macram\u00e9, Ba\u00f1o de Oro","og_description":"\u00a1Uno de nuestros\u00a0best-seller\u00a0de la Feria de Albacete vuelve en dise\u00f1o 3D\u00a1Viva la Feria de Albacete!Tama\u00f1o del motivo: 20mm.Cierre corredizo ajustable.","og_url":"https:\/\/lubeljoyeria.com\/producto\/pulsera-manchega-volumen-macrame-bano-de-oro","og_site_name":"Lubel joyeria. Joyeria en Plata . Distribuidor oficial de Swarovski. - Lubel","article_modified_time":"2025-07-14T17:45:21+00:00","og_image":[{"width":2560,"height":1920,"url":"https:\/\/lubeljoyeria.com\/wp-content\/uploads\/2025\/07\/P1011445-scaled.jpg","type":"image\/jpeg"}],"twitter_card":"summary_large_image","twitter_misc":{"Tiempo de lectura":"1 minuto"},"schema":{"@context":"https:\/\/schema.org","@graph":[{"@type":"WebPage","@id":"https:\/\/lubeljoyeria.com\/producto\/pulsera-manchega-volumen-macrame-bano-de-oro","url":"https:\/\/lubeljoyeria.com\/producto\/pulsera-manchega-volumen-macrame-bano-de-oro","name":"Pulsera Manchega Volumen Macram\u00e9, Ba\u00f1o de Oro -","isPartOf":{"@id":"https:\/\/lubeljoyeria.com\/#website"},"primaryImageOfPage":{"@id":"https:\/\/lubeljoyeria.com\/producto\/pulsera-manchega-volumen-macrame-bano-de-oro#primaryimage"},"image":{"@id":"https:\/\/lubeljoyeria.com\/producto\/pulsera-manchega-volumen-macrame-bano-de-oro#primaryimage"},"thumbnailUrl":"https:\/\/lubeljoyeria.com\/wp-content\/uploads\/2025\/07\/P1011445-scaled.jpg","datePublished":"2025-07-14T17:13:19+00:00","dateModified":"2025-07-14T17:45:21+00:00","description":"\u00a1Uno de nuestros\u00a0best-seller\u00a0de la Feria de Albacete vuelve en dise\u00f1o 3D\u00a1Viva la Feria de Albacete!Tama\u00f1o del motivo: 20mm.Cierre corredizo ajustable.","breadcrumb":{"@id":"https:\/\/lubeljoyeria.com\/producto\/pulsera-manchega-volumen-macrame-bano-de-oro#breadcrumb"},"inLanguage":"es","potentialAction":[{"@type":"ReadAction","target":["https:\/\/lubeljoyeria.com\/producto\/pulsera-manchega-volumen-macrame-bano-de-oro"]}]},{"@type":"ImageObject","inLanguage":"es","@id":"https:\/\/lubeljoyeria.com\/producto\/pulsera-manchega-volumen-macrame-bano-de-oro#primaryimage","url":"https:\/\/lubeljoyeria.com\/wp-content\/uploads\/2025\/07\/P1011445-scaled.jpg","contentUrl":"https:\/\/lubeljoyeria.com\/wp-content\/uploads\/2025\/07\/P1011445-scaled.jpg","width":2560,"height":1920,"caption":"OLYMPUS DIGITAL CAMERA"},{"@type":"BreadcrumbList","@id":"https:\/\/lubeljoyeria.com\/producto\/pulsera-manchega-volumen-macrame-bano-de-oro#breadcrumb","itemListElement":[{"@type":"ListItem","position":1,"name":"Home","item":"https:\/\/lubeljoyeria.com\/"},{"@type":"ListItem","position":2,"name":"Tienda","item":"https:\/\/lubeljoyeria.com\/?page_id=6"},{"@type":"ListItem","position":3,"name":"Pulsera Manchega Volumen Macram\u00e9, Ba\u00f1o de Oro"}]},{"@type":"WebSite","@id":"https:\/\/lubeljoyeria.com\/#website","url":"https:\/\/lubeljoyeria.com\/","name":"Lubel joyeria. Joyeria en Plata . Distribuidor oficial de Swarovski. - Lubel","description":"Lubel joyeria. Joyeria en Plata . Distribuidor oficial de Swarovski. - Lubel","publisher":{"@id":"https:\/\/lubeljoyeria.com\/#organization"},"potentialAction":[{"@type":"SearchAction","target":{"@type":"EntryPoint","urlTemplate":"https:\/\/lubeljoyeria.com\/?s={search_term_string}"},"query-input":{"@type":"PropertyValueSpecification","valueRequired":true,"valueName":"search_term_string"}}],"inLanguage":"es"},{"@type":"Organization","@id":"https:\/\/lubeljoyeria.com\/#organization","name":"Lubel joyeria. Joyeria en Plata . Distribuidor oficial de Swarovski. - Lubel","url":"https:\/\/lubeljoyeria.com\/","logo":{"@type":"ImageObject","inLanguage":"es","@id":"https:\/\/lubeljoyeria.com\/#\/schema\/logo\/image\/","url":"https:\/\/lubeljoyeria.com\/wp-content\/uploads\/2020\/10\/lubel-joyeria-logo-1543825573-1.png","contentUrl":"https:\/\/lubeljoyeria.com\/wp-content\/uploads\/2020\/10\/lubel-joyeria-logo-1543825573-1.png","width":135,"height":31,"caption":"Lubel joyeria. Joyeria en Plata . Distribuidor oficial de Swarovski. - Lubel"},"image":{"@id":"https:\/\/lubeljoyeria.com\/#\/schema\/logo\/image\/"}}]}},"_links":{"self":[{"href":"https:\/\/lubeljoyeria.com\/index.php?rest_route=\/wp\/v2\/product\/28027","targetHints":{"allow":["GET"]}}],"collection":[{"href":"https:\/\/lubeljoyeria.com\/index.php?rest_route=\/wp\/v2\/product"}],"about":[{"href":"https:\/\/lubeljoyeria.com\/index.php?rest_route=\/wp\/v2\/types\/product"}],"wp:featuredmedia":[{"embeddable":true,"href":"https:\/\/lubeljoyeria.com\/index.php?rest_route=\/wp\/v2\/media\/28031"}],"wp:attachment":[{"href":"https:\/\/lubeljoyeria.com\/index.php?rest_route=%2Fwp%2Fv2%2Fmedia&parent=28027"}],"wp:term":[{"taxonomy":"product_brand","embeddable":true,"href":"https:\/\/lubeljoyeria.com\/index.php?rest_route=%2Fwp%2Fv2%2Fproduct_brand&post=28027"},{"taxonomy":"product_cat","embeddable":true,"href":"https:\/\/lubeljoyeria.com\/index.php?rest_route=%2Fwp%2Fv2%2Fproduct_cat&post=28027"},{"taxonomy":"product_tag","embeddable":true,"href":"https:\/\/lubeljoyeria.com\/index.php?rest_route=%2Fwp%2Fv2%2Fproduct_tag&post=28027"}],"curies":[{"name":"wp","href":"https:\/\/api.w.org\/{rel}","templated":true}]}}