{"id":27634,"date":"2025-03-11T11:39:51","date_gmt":"2025-03-11T11:39:51","guid":{"rendered":"https:\/\/lubeljoyeria.com\/?post_type=product&#038;p=27634"},"modified":"2025-03-11T11:39:52","modified_gmt":"2025-03-11T11:39:52","slug":"pulsera-marina-garcia-chakra-marron","status":"publish","type":"product","link":"https:\/\/lubeljoyeria.com\/?product=pulsera-marina-garcia-chakra-marron","title":{"rendered":"Pulsera Marina Garc\u00eda, Chakra Marr\u00f3n"},"content":{"rendered":"<p>Descubre la delicadeza y el estilo \u00fanico de la pulsera Chakra en plata de Marina Garcia Joyas. Esta impresionante pieza est\u00e1 confeccionada con plata de primera ley (925). La pulsera est\u00e1 adornada con circonita blanca, cuarzo rutilado y cuarzo fum\u00e9. Esta joya es perfecta para agregar un toque de elegancia y equilibrio a cualquier conjunto.<\/p>\n<p>Tama\u00f1o: medida de mu\u00f1eca: 18 cm.<\/p>\n<p>Material: Plata de primera ley, circonitas blancas, cuarzo rutilado y cuarzo fum\u00e9.<\/p>\n<p>Ref. Marina Garc\u00eda: 90034UB-5G.<\/p>\n","protected":false},"excerpt":{"rendered":"<p>Descubre la delicadeza y el estilo \u00fanico de la pulsera Chakra en plata de Marina Garcia Joyas. Esta impresionante pieza est\u00e1 confeccionada con plata de primera ley (925). La pulsera est\u00e1 adornada con circonita blanca, cuarzo rutilado y cuarzo fum\u00e9. Esta joya es perfecta para agregar un toque de elegancia y equilibrio a cualquier conjunto.<\/p>\n<p>Tama\u00f1o: medida de mu\u00f1eca: 18 cm.<\/p>\n<p>Material: Plata de primera ley, circonitas blancas, cuarzo rutilado y cuarzo fum\u00e9.<\/p>\n<p>Ref. Marina Garc\u00eda: 90034UB-5G.<\/p>\n","protected":false},"featured_media":27636,"template":"","meta":{"_joinchat":[]},"product_brand":[1641],"product_cat":[1638,1639],"product_tag":[],"class_list":{"0":"post-27634","1":"product","2":"type-product","3":"status-publish","4":"has-post-thumbnail","6":"product_brand-marina-garcia","7":"product_cat-marina-garcia","8":"product_cat-pulseras-marina-garcia","9":"sales-flash-overlay","10":"woocommerce-text-align-center","11":"woocommerce-image-align-center","12":"do-quantity-buttons","13":"wc-has-gallery","15":"first","16":"instock","17":"taxable","18":"shipping-taxable","19":"purchasable","20":"product-type-simple"},"yoast_head":"<!-- This site is optimized with the Yoast SEO Premium plugin v22.5 (Yoast SEO v26.5) - https:\/\/yoast.com\/wordpress\/plugins\/seo\/ -->\n<title>Pulsera Marina Garc\u00eda, Chakra Marr\u00f3n - Distribuidor Oficial Marina Garc\u00eda<\/title>\n<meta name=\"description\" content=\"La pulsera est\u00e1 adornada con circonita blanca, cuarzo rutilado y cuarzo fum\u00e9. Fabricada en plata de primera ley. Ref. Marina Garc\u00eda: 90034UB-5G.\" \/>\n<meta name=\"robots\" content=\"index, follow, max-snippet:-1, max-image-preview:large, max-video-preview:-1\" \/>\n<link rel=\"canonical\" href=\"https:\/\/lubeljoyeria.com\/producto\/pulsera-marina-garcia-chakra-marron\" \/>\n<meta property=\"og:locale\" content=\"es_ES\" \/>\n<meta property=\"og:type\" content=\"article\" \/>\n<meta property=\"og:title\" content=\"Pulsera Marina Garc\u00eda, Chakra Marr\u00f3n\" \/>\n<meta property=\"og:description\" content=\"La pulsera est\u00e1 adornada con circonita blanca, cuarzo rutilado y cuarzo fum\u00e9. Fabricada en plata de primera ley. Ref. Marina Garc\u00eda: 90034UB-5G.\" \/>\n<meta property=\"og:url\" content=\"https:\/\/lubeljoyeria.com\/producto\/pulsera-marina-garcia-chakra-marron\" \/>\n<meta property=\"og:site_name\" content=\"Lubel joyeria. Joyeria en Plata . Distribuidor oficial de Swarovski. - Lubel\" \/>\n<meta property=\"article:modified_time\" content=\"2025-03-11T11:39:52+00:00\" \/>\n<meta property=\"og:image\" content=\"https:\/\/lubeljoyeria.com\/wp-content\/uploads\/2025\/03\/Screenshot_7.jpg\" \/>\n\t<meta property=\"og:image:width\" content=\"756\" \/>\n\t<meta property=\"og:image:height\" content=\"569\" \/>\n\t<meta property=\"og:image:type\" content=\"image\/jpeg\" \/>\n<meta name=\"twitter:card\" content=\"summary_large_image\" \/>\n<meta name=\"twitter:label1\" content=\"Tiempo de lectura\" \/>\n\t<meta name=\"twitter:data1\" content=\"1 minuto\" \/>\n<script type=\"application\/ld+json\" class=\"yoast-schema-graph\">{\"@context\":\"https:\/\/schema.org\",\"@graph\":[{\"@type\":\"WebPage\",\"@id\":\"https:\/\/lubeljoyeria.com\/producto\/pulsera-marina-garcia-chakra-marron\",\"url\":\"https:\/\/lubeljoyeria.com\/producto\/pulsera-marina-garcia-chakra-marron\",\"name\":\"Pulsera Marina Garc\u00eda, Chakra Marr\u00f3n - Distribuidor Oficial Marina Garc\u00eda\",\"isPartOf\":{\"@id\":\"https:\/\/lubeljoyeria.com\/#website\"},\"primaryImageOfPage\":{\"@id\":\"https:\/\/lubeljoyeria.com\/producto\/pulsera-marina-garcia-chakra-marron#primaryimage\"},\"image\":{\"@id\":\"https:\/\/lubeljoyeria.com\/producto\/pulsera-marina-garcia-chakra-marron#primaryimage\"},\"thumbnailUrl\":\"https:\/\/lubeljoyeria.com\/wp-content\/uploads\/2025\/03\/Screenshot_7.jpg\",\"datePublished\":\"2025-03-11T11:39:51+00:00\",\"dateModified\":\"2025-03-11T11:39:52+00:00\",\"description\":\"La pulsera est\u00e1 adornada con circonita blanca, cuarzo rutilado y cuarzo fum\u00e9. Fabricada en plata de primera ley. Ref. Marina Garc\u00eda: 90034UB-5G.\",\"breadcrumb\":{\"@id\":\"https:\/\/lubeljoyeria.com\/producto\/pulsera-marina-garcia-chakra-marron#breadcrumb\"},\"inLanguage\":\"es\",\"potentialAction\":[{\"@type\":\"ReadAction\",\"target\":[\"https:\/\/lubeljoyeria.com\/producto\/pulsera-marina-garcia-chakra-marron\"]}]},{\"@type\":\"ImageObject\",\"inLanguage\":\"es\",\"@id\":\"https:\/\/lubeljoyeria.com\/producto\/pulsera-marina-garcia-chakra-marron#primaryimage\",\"url\":\"https:\/\/lubeljoyeria.com\/wp-content\/uploads\/2025\/03\/Screenshot_7.jpg\",\"contentUrl\":\"https:\/\/lubeljoyeria.com\/wp-content\/uploads\/2025\/03\/Screenshot_7.jpg\",\"width\":756,\"height\":569,\"caption\":\"Descubre la delicadeza y el estilo \u00fanico de la pulsera Chakra en plata de Marina Garcia Joyas. Esta impresionante pieza est\u00e1 confeccionada con plata de primera ley (925). La pulsera est\u00e1 adornada con circonita blanca, cuarzo rutilado y cuarzo fum\u00e9. Esta joya es perfecta para agregar un toque de elegancia y equilibrio a cualquier conjunto. Tama\u00f1o: medida de mu\u00f1eca: 18 cm. Material: Plata de primera ley, circonitas blancas, cuarzo rutilado y cuarzo fum\u00e9. Ref. Marina Garc\u00eda: 90034UB-5G.\"},{\"@type\":\"BreadcrumbList\",\"@id\":\"https:\/\/lubeljoyeria.com\/producto\/pulsera-marina-garcia-chakra-marron#breadcrumb\",\"itemListElement\":[{\"@type\":\"ListItem\",\"position\":1,\"name\":\"Home\",\"item\":\"https:\/\/lubeljoyeria.com\/\"},{\"@type\":\"ListItem\",\"position\":2,\"name\":\"Tienda\",\"item\":\"https:\/\/lubeljoyeria.com\/?page_id=6\"},{\"@type\":\"ListItem\",\"position\":3,\"name\":\"Pulsera Marina Garc\u00eda, Chakra Marr\u00f3n\"}]},{\"@type\":\"WebSite\",\"@id\":\"https:\/\/lubeljoyeria.com\/#website\",\"url\":\"https:\/\/lubeljoyeria.com\/\",\"name\":\"Lubel joyeria. Joyeria en Plata . Distribuidor oficial de Swarovski. - Lubel\",\"description\":\"Lubel joyeria. Joyeria en Plata . Distribuidor oficial de Swarovski. - Lubel\",\"publisher\":{\"@id\":\"https:\/\/lubeljoyeria.com\/#organization\"},\"potentialAction\":[{\"@type\":\"SearchAction\",\"target\":{\"@type\":\"EntryPoint\",\"urlTemplate\":\"https:\/\/lubeljoyeria.com\/?s={search_term_string}\"},\"query-input\":{\"@type\":\"PropertyValueSpecification\",\"valueRequired\":true,\"valueName\":\"search_term_string\"}}],\"inLanguage\":\"es\"},{\"@type\":\"Organization\",\"@id\":\"https:\/\/lubeljoyeria.com\/#organization\",\"name\":\"Lubel joyeria. Joyeria en Plata . Distribuidor oficial de Swarovski. - Lubel\",\"url\":\"https:\/\/lubeljoyeria.com\/\",\"logo\":{\"@type\":\"ImageObject\",\"inLanguage\":\"es\",\"@id\":\"https:\/\/lubeljoyeria.com\/#\/schema\/logo\/image\/\",\"url\":\"https:\/\/lubeljoyeria.com\/wp-content\/uploads\/2020\/10\/lubel-joyeria-logo-1543825573-1.png\",\"contentUrl\":\"https:\/\/lubeljoyeria.com\/wp-content\/uploads\/2020\/10\/lubel-joyeria-logo-1543825573-1.png\",\"width\":135,\"height\":31,\"caption\":\"Lubel joyeria. Joyeria en Plata . Distribuidor oficial de Swarovski. - Lubel\"},\"image\":{\"@id\":\"https:\/\/lubeljoyeria.com\/#\/schema\/logo\/image\/\"}}]}<\/script>\n<!-- \/ Yoast SEO Premium plugin. -->","yoast_head_json":{"title":"Pulsera Marina Garc\u00eda, Chakra Marr\u00f3n - Distribuidor Oficial Marina Garc\u00eda","description":"La pulsera est\u00e1 adornada con circonita blanca, cuarzo rutilado y cuarzo fum\u00e9. Fabricada en plata de primera ley. Ref. Marina Garc\u00eda: 90034UB-5G.","robots":{"index":"index","follow":"follow","max-snippet":"max-snippet:-1","max-image-preview":"max-image-preview:large","max-video-preview":"max-video-preview:-1"},"canonical":"https:\/\/lubeljoyeria.com\/producto\/pulsera-marina-garcia-chakra-marron","og_locale":"es_ES","og_type":"article","og_title":"Pulsera Marina Garc\u00eda, Chakra Marr\u00f3n","og_description":"La pulsera est\u00e1 adornada con circonita blanca, cuarzo rutilado y cuarzo fum\u00e9. Fabricada en plata de primera ley. Ref. Marina Garc\u00eda: 90034UB-5G.","og_url":"https:\/\/lubeljoyeria.com\/producto\/pulsera-marina-garcia-chakra-marron","og_site_name":"Lubel joyeria. Joyeria en Plata . Distribuidor oficial de Swarovski. - Lubel","article_modified_time":"2025-03-11T11:39:52+00:00","og_image":[{"width":756,"height":569,"url":"https:\/\/lubeljoyeria.com\/wp-content\/uploads\/2025\/03\/Screenshot_7.jpg","type":"image\/jpeg"}],"twitter_card":"summary_large_image","twitter_misc":{"Tiempo de lectura":"1 minuto"},"schema":{"@context":"https:\/\/schema.org","@graph":[{"@type":"WebPage","@id":"https:\/\/lubeljoyeria.com\/producto\/pulsera-marina-garcia-chakra-marron","url":"https:\/\/lubeljoyeria.com\/producto\/pulsera-marina-garcia-chakra-marron","name":"Pulsera Marina Garc\u00eda, Chakra Marr\u00f3n - Distribuidor Oficial Marina Garc\u00eda","isPartOf":{"@id":"https:\/\/lubeljoyeria.com\/#website"},"primaryImageOfPage":{"@id":"https:\/\/lubeljoyeria.com\/producto\/pulsera-marina-garcia-chakra-marron#primaryimage"},"image":{"@id":"https:\/\/lubeljoyeria.com\/producto\/pulsera-marina-garcia-chakra-marron#primaryimage"},"thumbnailUrl":"https:\/\/lubeljoyeria.com\/wp-content\/uploads\/2025\/03\/Screenshot_7.jpg","datePublished":"2025-03-11T11:39:51+00:00","dateModified":"2025-03-11T11:39:52+00:00","description":"La pulsera est\u00e1 adornada con circonita blanca, cuarzo rutilado y cuarzo fum\u00e9. Fabricada en plata de primera ley. Ref. Marina Garc\u00eda: 90034UB-5G.","breadcrumb":{"@id":"https:\/\/lubeljoyeria.com\/producto\/pulsera-marina-garcia-chakra-marron#breadcrumb"},"inLanguage":"es","potentialAction":[{"@type":"ReadAction","target":["https:\/\/lubeljoyeria.com\/producto\/pulsera-marina-garcia-chakra-marron"]}]},{"@type":"ImageObject","inLanguage":"es","@id":"https:\/\/lubeljoyeria.com\/producto\/pulsera-marina-garcia-chakra-marron#primaryimage","url":"https:\/\/lubeljoyeria.com\/wp-content\/uploads\/2025\/03\/Screenshot_7.jpg","contentUrl":"https:\/\/lubeljoyeria.com\/wp-content\/uploads\/2025\/03\/Screenshot_7.jpg","width":756,"height":569,"caption":"Descubre la delicadeza y el estilo \u00fanico de la pulsera Chakra en plata de Marina Garcia Joyas. Esta impresionante pieza est\u00e1 confeccionada con plata de primera ley (925). La pulsera est\u00e1 adornada con circonita blanca, cuarzo rutilado y cuarzo fum\u00e9. Esta joya es perfecta para agregar un toque de elegancia y equilibrio a cualquier conjunto. Tama\u00f1o: medida de mu\u00f1eca: 18 cm. Material: Plata de primera ley, circonitas blancas, cuarzo rutilado y cuarzo fum\u00e9. Ref. Marina Garc\u00eda: 90034UB-5G."},{"@type":"BreadcrumbList","@id":"https:\/\/lubeljoyeria.com\/producto\/pulsera-marina-garcia-chakra-marron#breadcrumb","itemListElement":[{"@type":"ListItem","position":1,"name":"Home","item":"https:\/\/lubeljoyeria.com\/"},{"@type":"ListItem","position":2,"name":"Tienda","item":"https:\/\/lubeljoyeria.com\/?page_id=6"},{"@type":"ListItem","position":3,"name":"Pulsera Marina Garc\u00eda, Chakra Marr\u00f3n"}]},{"@type":"WebSite","@id":"https:\/\/lubeljoyeria.com\/#website","url":"https:\/\/lubeljoyeria.com\/","name":"Lubel joyeria. Joyeria en Plata . Distribuidor oficial de Swarovski. - Lubel","description":"Lubel joyeria. Joyeria en Plata . Distribuidor oficial de Swarovski. - Lubel","publisher":{"@id":"https:\/\/lubeljoyeria.com\/#organization"},"potentialAction":[{"@type":"SearchAction","target":{"@type":"EntryPoint","urlTemplate":"https:\/\/lubeljoyeria.com\/?s={search_term_string}"},"query-input":{"@type":"PropertyValueSpecification","valueRequired":true,"valueName":"search_term_string"}}],"inLanguage":"es"},{"@type":"Organization","@id":"https:\/\/lubeljoyeria.com\/#organization","name":"Lubel joyeria. Joyeria en Plata . Distribuidor oficial de Swarovski. - Lubel","url":"https:\/\/lubeljoyeria.com\/","logo":{"@type":"ImageObject","inLanguage":"es","@id":"https:\/\/lubeljoyeria.com\/#\/schema\/logo\/image\/","url":"https:\/\/lubeljoyeria.com\/wp-content\/uploads\/2020\/10\/lubel-joyeria-logo-1543825573-1.png","contentUrl":"https:\/\/lubeljoyeria.com\/wp-content\/uploads\/2020\/10\/lubel-joyeria-logo-1543825573-1.png","width":135,"height":31,"caption":"Lubel joyeria. Joyeria en Plata . Distribuidor oficial de Swarovski. - Lubel"},"image":{"@id":"https:\/\/lubeljoyeria.com\/#\/schema\/logo\/image\/"}}]}},"_links":{"self":[{"href":"https:\/\/lubeljoyeria.com\/index.php?rest_route=\/wp\/v2\/product\/27634","targetHints":{"allow":["GET"]}}],"collection":[{"href":"https:\/\/lubeljoyeria.com\/index.php?rest_route=\/wp\/v2\/product"}],"about":[{"href":"https:\/\/lubeljoyeria.com\/index.php?rest_route=\/wp\/v2\/types\/product"}],"wp:featuredmedia":[{"embeddable":true,"href":"https:\/\/lubeljoyeria.com\/index.php?rest_route=\/wp\/v2\/media\/27636"}],"wp:attachment":[{"href":"https:\/\/lubeljoyeria.com\/index.php?rest_route=%2Fwp%2Fv2%2Fmedia&parent=27634"}],"wp:term":[{"taxonomy":"product_brand","embeddable":true,"href":"https:\/\/lubeljoyeria.com\/index.php?rest_route=%2Fwp%2Fv2%2Fproduct_brand&post=27634"},{"taxonomy":"product_cat","embeddable":true,"href":"https:\/\/lubeljoyeria.com\/index.php?rest_route=%2Fwp%2Fv2%2Fproduct_cat&post=27634"},{"taxonomy":"product_tag","embeddable":true,"href":"https:\/\/lubeljoyeria.com\/index.php?rest_route=%2Fwp%2Fv2%2Fproduct_tag&post=27634"}],"curies":[{"name":"wp","href":"https:\/\/api.w.org\/{rel}","templated":true}]}}