{"id":27393,"date":"2025-01-31T18:58:49","date_gmt":"2025-01-31T18:58:49","guid":{"rendered":"https:\/\/lubeljoyeria.com\/?post_type=product&#038;p=27393"},"modified":"2025-02-22T11:23:44","modified_gmt":"2025-02-22T11:23:44","slug":"pendientes-de-aro-swarovski-ariana-grande","status":"publish","type":"product","link":"https:\/\/lubeljoyeria.com\/?product=pendientes-de-aro-swarovski-ariana-grande","title":{"rendered":"Pendientes de aro Swarovski, Ariana Grande"},"content":{"rendered":"<p>Dale un toque moderno al cl\u00e1sico estilo de aro. Cada uno de estos brillantes pendientes con ba\u00f1o de rodio lleva circonitas en talla baguette engastadas por todo el contorno. Una \u00fanica perla en la base de cada aro eleva el look a un nuevo nivel de lujo. Combina estos pendientes con otros accesorios a juego para crear tus propias combinaciones expresivas.<\/p>\n<p>Tama\u00f1o: 2.6 x 1.2 cm.<\/p>\n<p>Material: Ba\u00f1o de rodio, circonitas, perla de cristal y cristales.<\/p>\n","protected":false},"excerpt":{"rendered":"<p>Dale un toque moderno al cl\u00e1sico estilo de aro. Cada uno de estos brillantes pendientes con ba\u00f1o de rodio lleva circonitas en talla baguette engastadas por todo el contorno. Una \u00fanica perla en la base de cada aro eleva el look a un nuevo nivel de lujo. Combina estos pendientes con otros accesorios a juego para crear tus propias combinaciones expresivas.<\/p>\n<p>Tama\u00f1o: 2.6 x 1.2 cm.<\/p>\n<p>Material: Ba\u00f1o de rodio, circonitas, perla de cristal y cristales.<\/p>\n","protected":false},"featured_media":27395,"template":"","meta":{"_joinchat":[]},"product_brand":[1437],"product_cat":[1470,1512],"product_tag":[],"class_list":{"0":"post-27393","1":"product","2":"type-product","3":"status-publish","4":"has-post-thumbnail","6":"product_brand-swarovski","7":"product_cat-swarovski","8":"product_cat-pendientes-swarovski","9":"sales-flash-overlay","10":"woocommerce-text-align-center","11":"woocommerce-image-align-center","12":"do-quantity-buttons","13":"wc-has-gallery","15":"first","16":"outofstock","17":"taxable","18":"shipping-taxable","19":"purchasable","20":"product-type-simple"},"yoast_head":"<!-- This site is optimized with the Yoast SEO Premium plugin v22.5 (Yoast SEO v26.5) - https:\/\/yoast.com\/wordpress\/plugins\/seo\/ -->\n<title>Pendientes de aro Swarovski, Ariana Grande - Distribuidor Oficial Swarovski<\/title>\n<meta name=\"description\" content=\"Cada uno de estos brillantes pendientes con ba\u00f1o de rodio lleva circonitas en talla baguette engastadas por todo el contorno y una perla de cristal.\" \/>\n<meta name=\"robots\" content=\"index, follow, max-snippet:-1, max-image-preview:large, max-video-preview:-1\" \/>\n<link rel=\"canonical\" href=\"https:\/\/lubeljoyeria.com\/producto\/pendientes-de-aro-swarovski-ariana-grande\" \/>\n<meta property=\"og:locale\" content=\"es_ES\" \/>\n<meta property=\"og:type\" content=\"article\" \/>\n<meta property=\"og:title\" content=\"Pendientes de aro Swarovski, Ariana Grande\" \/>\n<meta property=\"og:description\" content=\"Cada uno de estos brillantes pendientes con ba\u00f1o de rodio lleva circonitas en talla baguette engastadas por todo el contorno y una perla de cristal.\" \/>\n<meta property=\"og:url\" content=\"https:\/\/lubeljoyeria.com\/producto\/pendientes-de-aro-swarovski-ariana-grande\" \/>\n<meta property=\"og:site_name\" content=\"Lubel joyeria. Joyeria en Plata . Distribuidor oficial de Swarovski. - Lubel\" \/>\n<meta property=\"article:modified_time\" content=\"2025-02-22T11:23:44+00:00\" \/>\n<meta property=\"og:image\" content=\"https:\/\/lubeljoyeria.com\/wp-content\/uploads\/2025\/01\/Screenshot_21-1.png\" \/>\n\t<meta property=\"og:image:width\" content=\"565\" \/>\n\t<meta property=\"og:image:height\" content=\"568\" \/>\n\t<meta property=\"og:image:type\" content=\"image\/png\" \/>\n<meta name=\"twitter:card\" content=\"summary_large_image\" \/>\n<meta name=\"twitter:label1\" content=\"Tiempo de lectura\" \/>\n\t<meta name=\"twitter:data1\" content=\"1 minuto\" \/>\n<script type=\"application\/ld+json\" class=\"yoast-schema-graph\">{\"@context\":\"https:\/\/schema.org\",\"@graph\":[{\"@type\":\"WebPage\",\"@id\":\"https:\/\/lubeljoyeria.com\/producto\/pendientes-de-aro-swarovski-ariana-grande\",\"url\":\"https:\/\/lubeljoyeria.com\/producto\/pendientes-de-aro-swarovski-ariana-grande\",\"name\":\"Pendientes de aro Swarovski, Ariana Grande - Distribuidor Oficial Swarovski\",\"isPartOf\":{\"@id\":\"https:\/\/lubeljoyeria.com\/#website\"},\"primaryImageOfPage\":{\"@id\":\"https:\/\/lubeljoyeria.com\/producto\/pendientes-de-aro-swarovski-ariana-grande#primaryimage\"},\"image\":{\"@id\":\"https:\/\/lubeljoyeria.com\/producto\/pendientes-de-aro-swarovski-ariana-grande#primaryimage\"},\"thumbnailUrl\":\"https:\/\/lubeljoyeria.com\/wp-content\/uploads\/2025\/01\/Screenshot_21-1.png\",\"datePublished\":\"2025-01-31T18:58:49+00:00\",\"dateModified\":\"2025-02-22T11:23:44+00:00\",\"description\":\"Cada uno de estos brillantes pendientes con ba\u00f1o de rodio lleva circonitas en talla baguette engastadas por todo el contorno y una perla de cristal.\",\"breadcrumb\":{\"@id\":\"https:\/\/lubeljoyeria.com\/producto\/pendientes-de-aro-swarovski-ariana-grande#breadcrumb\"},\"inLanguage\":\"es\",\"potentialAction\":[{\"@type\":\"ReadAction\",\"target\":[\"https:\/\/lubeljoyeria.com\/producto\/pendientes-de-aro-swarovski-ariana-grande\"]}]},{\"@type\":\"ImageObject\",\"inLanguage\":\"es\",\"@id\":\"https:\/\/lubeljoyeria.com\/producto\/pendientes-de-aro-swarovski-ariana-grande#primaryimage\",\"url\":\"https:\/\/lubeljoyeria.com\/wp-content\/uploads\/2025\/01\/Screenshot_21-1.png\",\"contentUrl\":\"https:\/\/lubeljoyeria.com\/wp-content\/uploads\/2025\/01\/Screenshot_21-1.png\",\"width\":565,\"height\":568,\"caption\":\"Dale un toque moderno al cl\u00e1sico estilo de aro. Cada uno de estos brillantes pendientes con ba\u00f1o de rodio lleva circonitas en talla baguette engastadas por todo el contorno. Una \u00fanica perla en la base de cada aro eleva el look a un nuevo nivel de lujo. Combina estos pendientes con otros accesorios a juego para crear tus propias combinaciones expresivas. Tama\u00f1o: 2.6 x 1.2 cm. Material: Ba\u00f1o de rodio, circonitas, perla de cristal y cristales.\"},{\"@type\":\"BreadcrumbList\",\"@id\":\"https:\/\/lubeljoyeria.com\/producto\/pendientes-de-aro-swarovski-ariana-grande#breadcrumb\",\"itemListElement\":[{\"@type\":\"ListItem\",\"position\":1,\"name\":\"Home\",\"item\":\"https:\/\/lubeljoyeria.com\/\"},{\"@type\":\"ListItem\",\"position\":2,\"name\":\"Tienda\",\"item\":\"https:\/\/lubeljoyeria.com\/?page_id=6\"},{\"@type\":\"ListItem\",\"position\":3,\"name\":\"Pendientes de aro Swarovski, Ariana Grande\"}]},{\"@type\":\"WebSite\",\"@id\":\"https:\/\/lubeljoyeria.com\/#website\",\"url\":\"https:\/\/lubeljoyeria.com\/\",\"name\":\"Lubel joyeria. Joyeria en Plata . Distribuidor oficial de Swarovski. - Lubel\",\"description\":\"Lubel joyeria. Joyeria en Plata . Distribuidor oficial de Swarovski. - Lubel\",\"publisher\":{\"@id\":\"https:\/\/lubeljoyeria.com\/#organization\"},\"potentialAction\":[{\"@type\":\"SearchAction\",\"target\":{\"@type\":\"EntryPoint\",\"urlTemplate\":\"https:\/\/lubeljoyeria.com\/?s={search_term_string}\"},\"query-input\":{\"@type\":\"PropertyValueSpecification\",\"valueRequired\":true,\"valueName\":\"search_term_string\"}}],\"inLanguage\":\"es\"},{\"@type\":\"Organization\",\"@id\":\"https:\/\/lubeljoyeria.com\/#organization\",\"name\":\"Lubel joyeria. Joyeria en Plata . Distribuidor oficial de Swarovski. - Lubel\",\"url\":\"https:\/\/lubeljoyeria.com\/\",\"logo\":{\"@type\":\"ImageObject\",\"inLanguage\":\"es\",\"@id\":\"https:\/\/lubeljoyeria.com\/#\/schema\/logo\/image\/\",\"url\":\"https:\/\/lubeljoyeria.com\/wp-content\/uploads\/2020\/10\/lubel-joyeria-logo-1543825573-1.png\",\"contentUrl\":\"https:\/\/lubeljoyeria.com\/wp-content\/uploads\/2020\/10\/lubel-joyeria-logo-1543825573-1.png\",\"width\":135,\"height\":31,\"caption\":\"Lubel joyeria. Joyeria en Plata . Distribuidor oficial de Swarovski. - Lubel\"},\"image\":{\"@id\":\"https:\/\/lubeljoyeria.com\/#\/schema\/logo\/image\/\"}}]}<\/script>\n<!-- \/ Yoast SEO Premium plugin. -->","yoast_head_json":{"title":"Pendientes de aro Swarovski, Ariana Grande - Distribuidor Oficial Swarovski","description":"Cada uno de estos brillantes pendientes con ba\u00f1o de rodio lleva circonitas en talla baguette engastadas por todo el contorno y una perla de cristal.","robots":{"index":"index","follow":"follow","max-snippet":"max-snippet:-1","max-image-preview":"max-image-preview:large","max-video-preview":"max-video-preview:-1"},"canonical":"https:\/\/lubeljoyeria.com\/producto\/pendientes-de-aro-swarovski-ariana-grande","og_locale":"es_ES","og_type":"article","og_title":"Pendientes de aro Swarovski, Ariana Grande","og_description":"Cada uno de estos brillantes pendientes con ba\u00f1o de rodio lleva circonitas en talla baguette engastadas por todo el contorno y una perla de cristal.","og_url":"https:\/\/lubeljoyeria.com\/producto\/pendientes-de-aro-swarovski-ariana-grande","og_site_name":"Lubel joyeria. Joyeria en Plata . Distribuidor oficial de Swarovski. - Lubel","article_modified_time":"2025-02-22T11:23:44+00:00","og_image":[{"width":565,"height":568,"url":"https:\/\/lubeljoyeria.com\/wp-content\/uploads\/2025\/01\/Screenshot_21-1.png","type":"image\/png"}],"twitter_card":"summary_large_image","twitter_misc":{"Tiempo de lectura":"1 minuto"},"schema":{"@context":"https:\/\/schema.org","@graph":[{"@type":"WebPage","@id":"https:\/\/lubeljoyeria.com\/producto\/pendientes-de-aro-swarovski-ariana-grande","url":"https:\/\/lubeljoyeria.com\/producto\/pendientes-de-aro-swarovski-ariana-grande","name":"Pendientes de aro Swarovski, Ariana Grande - Distribuidor Oficial Swarovski","isPartOf":{"@id":"https:\/\/lubeljoyeria.com\/#website"},"primaryImageOfPage":{"@id":"https:\/\/lubeljoyeria.com\/producto\/pendientes-de-aro-swarovski-ariana-grande#primaryimage"},"image":{"@id":"https:\/\/lubeljoyeria.com\/producto\/pendientes-de-aro-swarovski-ariana-grande#primaryimage"},"thumbnailUrl":"https:\/\/lubeljoyeria.com\/wp-content\/uploads\/2025\/01\/Screenshot_21-1.png","datePublished":"2025-01-31T18:58:49+00:00","dateModified":"2025-02-22T11:23:44+00:00","description":"Cada uno de estos brillantes pendientes con ba\u00f1o de rodio lleva circonitas en talla baguette engastadas por todo el contorno y una perla de cristal.","breadcrumb":{"@id":"https:\/\/lubeljoyeria.com\/producto\/pendientes-de-aro-swarovski-ariana-grande#breadcrumb"},"inLanguage":"es","potentialAction":[{"@type":"ReadAction","target":["https:\/\/lubeljoyeria.com\/producto\/pendientes-de-aro-swarovski-ariana-grande"]}]},{"@type":"ImageObject","inLanguage":"es","@id":"https:\/\/lubeljoyeria.com\/producto\/pendientes-de-aro-swarovski-ariana-grande#primaryimage","url":"https:\/\/lubeljoyeria.com\/wp-content\/uploads\/2025\/01\/Screenshot_21-1.png","contentUrl":"https:\/\/lubeljoyeria.com\/wp-content\/uploads\/2025\/01\/Screenshot_21-1.png","width":565,"height":568,"caption":"Dale un toque moderno al cl\u00e1sico estilo de aro. Cada uno de estos brillantes pendientes con ba\u00f1o de rodio lleva circonitas en talla baguette engastadas por todo el contorno. Una \u00fanica perla en la base de cada aro eleva el look a un nuevo nivel de lujo. Combina estos pendientes con otros accesorios a juego para crear tus propias combinaciones expresivas. Tama\u00f1o: 2.6 x 1.2 cm. Material: Ba\u00f1o de rodio, circonitas, perla de cristal y cristales."},{"@type":"BreadcrumbList","@id":"https:\/\/lubeljoyeria.com\/producto\/pendientes-de-aro-swarovski-ariana-grande#breadcrumb","itemListElement":[{"@type":"ListItem","position":1,"name":"Home","item":"https:\/\/lubeljoyeria.com\/"},{"@type":"ListItem","position":2,"name":"Tienda","item":"https:\/\/lubeljoyeria.com\/?page_id=6"},{"@type":"ListItem","position":3,"name":"Pendientes de aro Swarovski, Ariana Grande"}]},{"@type":"WebSite","@id":"https:\/\/lubeljoyeria.com\/#website","url":"https:\/\/lubeljoyeria.com\/","name":"Lubel joyeria. Joyeria en Plata . Distribuidor oficial de Swarovski. - Lubel","description":"Lubel joyeria. Joyeria en Plata . Distribuidor oficial de Swarovski. - Lubel","publisher":{"@id":"https:\/\/lubeljoyeria.com\/#organization"},"potentialAction":[{"@type":"SearchAction","target":{"@type":"EntryPoint","urlTemplate":"https:\/\/lubeljoyeria.com\/?s={search_term_string}"},"query-input":{"@type":"PropertyValueSpecification","valueRequired":true,"valueName":"search_term_string"}}],"inLanguage":"es"},{"@type":"Organization","@id":"https:\/\/lubeljoyeria.com\/#organization","name":"Lubel joyeria. Joyeria en Plata . Distribuidor oficial de Swarovski. - Lubel","url":"https:\/\/lubeljoyeria.com\/","logo":{"@type":"ImageObject","inLanguage":"es","@id":"https:\/\/lubeljoyeria.com\/#\/schema\/logo\/image\/","url":"https:\/\/lubeljoyeria.com\/wp-content\/uploads\/2020\/10\/lubel-joyeria-logo-1543825573-1.png","contentUrl":"https:\/\/lubeljoyeria.com\/wp-content\/uploads\/2020\/10\/lubel-joyeria-logo-1543825573-1.png","width":135,"height":31,"caption":"Lubel joyeria. Joyeria en Plata . Distribuidor oficial de Swarovski. - Lubel"},"image":{"@id":"https:\/\/lubeljoyeria.com\/#\/schema\/logo\/image\/"}}]}},"_links":{"self":[{"href":"https:\/\/lubeljoyeria.com\/index.php?rest_route=\/wp\/v2\/product\/27393","targetHints":{"allow":["GET"]}}],"collection":[{"href":"https:\/\/lubeljoyeria.com\/index.php?rest_route=\/wp\/v2\/product"}],"about":[{"href":"https:\/\/lubeljoyeria.com\/index.php?rest_route=\/wp\/v2\/types\/product"}],"wp:featuredmedia":[{"embeddable":true,"href":"https:\/\/lubeljoyeria.com\/index.php?rest_route=\/wp\/v2\/media\/27395"}],"wp:attachment":[{"href":"https:\/\/lubeljoyeria.com\/index.php?rest_route=%2Fwp%2Fv2%2Fmedia&parent=27393"}],"wp:term":[{"taxonomy":"product_brand","embeddable":true,"href":"https:\/\/lubeljoyeria.com\/index.php?rest_route=%2Fwp%2Fv2%2Fproduct_brand&post=27393"},{"taxonomy":"product_cat","embeddable":true,"href":"https:\/\/lubeljoyeria.com\/index.php?rest_route=%2Fwp%2Fv2%2Fproduct_cat&post=27393"},{"taxonomy":"product_tag","embeddable":true,"href":"https:\/\/lubeljoyeria.com\/index.php?rest_route=%2Fwp%2Fv2%2Fproduct_tag&post=27393"}],"curies":[{"name":"wp","href":"https:\/\/api.w.org\/{rel}","templated":true}]}}