{"id":27352,"date":"2025-01-24T17:08:32","date_gmt":"2025-01-24T17:08:32","guid":{"rendered":"https:\/\/lubeljoyeria.com\/?post_type=product&#038;p=27352"},"modified":"2026-02-12T10:31:30","modified_gmt":"2026-02-12T10:31:30","slug":"anillo-swarovski-chroma","status":"publish","type":"product","link":"https:\/\/lubeljoyeria.com\/?product=anillo-swarovski-chroma","title":{"rendered":"Anillo Swarovski, Chroma"},"content":{"rendered":"<p>Cambia los colores para que se adapten a tu estado de \u00e1nimo con este vers\u00e1til anillo de la colecci\u00f3n Chroma de Swarovski. Este anillo con ba\u00f1o de oro presenta un cristal de Swarovski verde en el centro, que se puede girar f\u00e1cilmente para obtener otro cristal rosa del otro lado. Tambi\u00e9n hay cristales Swarovski m\u00e1s peque\u00f1os en azul alrededor del dise\u00f1o. Juega con este alegre anillo de c\u00f3ctel y enfr\u00e9ntate cada d\u00eda con el color que m\u00e1s te guste. \u00a1Comb\u00ednalo con su colgante y pendientes a juego!<\/p>\n<ul>\n<li>Material: ba\u00f1o de oro y cristales Swarovski.<\/li>\n<\/ul>\n","protected":false},"excerpt":{"rendered":"<p>Cambia los colores para que se adapten a tu estado de \u00e1nimo con este vers\u00e1til anillo de la colecci\u00f3n Chroma de Swarovski. Este anillo con ba\u00f1o de oro presenta un cristal de Swarovski verde en el centro, que se puede girar f\u00e1cilmente para obtener otro cristal rosa del otro lado. Tambi\u00e9n hay cristales Swarovski m\u00e1s peque\u00f1os en azul alrededor del dise\u00f1o. Juega con este alegre anillo de c\u00f3ctel y enfr\u00e9ntate cada d\u00eda con el color que m\u00e1s te guste. \u00a1Comb\u00ednalo con su colgante y pendientes a juego!<\/p>\n<ul>\n<li>Material: ba\u00f1o de oro y cristales Swarovski.<\/li>\n<\/ul>\n","protected":false},"featured_media":27359,"template":"","meta":{"_joinchat":[]},"product_brand":[1437],"product_cat":[1463,1464,1470,1529],"product_tag":[],"class_list":{"0":"post-27352","1":"product","2":"type-product","3":"status-publish","4":"has-post-thumbnail","6":"product_brand-swarovski","7":"product_cat-inicio","8":"product_cat-principal","9":"product_cat-swarovski","10":"product_cat-anillos-swarovski","11":"pa_tallaanilloswarovski-1552","12":"pa_tallaanilloswarovski-1553","13":"pa_tallaanilloswarovski-1554","14":"sales-flash-overlay","15":"woocommerce-text-align-center","16":"woocommerce-image-align-center","17":"do-quantity-buttons","18":"wc-has-gallery","20":"first","21":"instock","22":"taxable","23":"shipping-taxable","24":"purchasable","25":"product-type-variable"},"yoast_head":"<!-- This site is optimized with the Yoast SEO Premium plugin v22.5 (Yoast SEO v26.5) - https:\/\/yoast.com\/wordpress\/plugins\/seo\/ -->\n<title>Anillo Swarovski, Chroma - Distribuidor Oficial Swarovski<\/title>\n<meta name=\"description\" content=\"Cambia los colores para que se adapten a tu estado de \u00e1nimo con este vers\u00e1til anillo de la colecci\u00f3n Chroma de Swarovski. Material: ba\u00f1o de oro.\" \/>\n<meta name=\"robots\" content=\"index, follow, max-snippet:-1, max-image-preview:large, max-video-preview:-1\" \/>\n<link rel=\"canonical\" href=\"https:\/\/lubeljoyeria.com\/?product=anillo-swarovski-chroma\" \/>\n<meta property=\"og:locale\" content=\"es_ES\" \/>\n<meta property=\"og:type\" content=\"article\" \/>\n<meta property=\"og:title\" content=\"Anillo Swarovski, Chroma\" \/>\n<meta property=\"og:description\" content=\"Cambia los colores para que se adapten a tu estado de \u00e1nimo con este vers\u00e1til anillo de la colecci\u00f3n Chroma de Swarovski. Material: ba\u00f1o de oro.\" \/>\n<meta property=\"og:url\" content=\"https:\/\/lubeljoyeria.com\/?product=anillo-swarovski-chroma\" \/>\n<meta property=\"og:site_name\" content=\"Lubel joyeria. Joyeria en Plata . Distribuidor oficial de Swarovski. - Lubel\" \/>\n<meta property=\"article:modified_time\" content=\"2026-02-12T10:31:30+00:00\" \/>\n<meta property=\"og:image\" content=\"https:\/\/lubeljoyeria.com\/wp-content\/uploads\/2025\/01\/Screenshot_9-1.png\" \/>\n\t<meta property=\"og:image:width\" content=\"552\" \/>\n\t<meta property=\"og:image:height\" content=\"540\" \/>\n\t<meta property=\"og:image:type\" content=\"image\/png\" \/>\n<meta name=\"twitter:card\" content=\"summary_large_image\" \/>\n<meta name=\"twitter:label1\" content=\"Tiempo de lectura\" \/>\n\t<meta name=\"twitter:data1\" content=\"1 minuto\" \/>\n<script type=\"application\/ld+json\" class=\"yoast-schema-graph\">{\"@context\":\"https:\/\/schema.org\",\"@graph\":[{\"@type\":\"WebPage\",\"@id\":\"https:\/\/lubeljoyeria.com\/?product=anillo-swarovski-chroma\",\"url\":\"https:\/\/lubeljoyeria.com\/?product=anillo-swarovski-chroma\",\"name\":\"Anillo Swarovski, Chroma - Distribuidor Oficial Swarovski\",\"isPartOf\":{\"@id\":\"https:\/\/lubeljoyeria.com\/#website\"},\"primaryImageOfPage\":{\"@id\":\"https:\/\/lubeljoyeria.com\/?product=anillo-swarovski-chroma#primaryimage\"},\"image\":{\"@id\":\"https:\/\/lubeljoyeria.com\/?product=anillo-swarovski-chroma#primaryimage\"},\"thumbnailUrl\":\"https:\/\/lubeljoyeria.com\/wp-content\/uploads\/2025\/01\/Screenshot_9-1.png\",\"datePublished\":\"2025-01-24T17:08:32+00:00\",\"dateModified\":\"2026-02-12T10:31:30+00:00\",\"description\":\"Cambia los colores para que se adapten a tu estado de \u00e1nimo con este vers\u00e1til anillo de la colecci\u00f3n Chroma de Swarovski. Material: ba\u00f1o de oro.\",\"breadcrumb\":{\"@id\":\"https:\/\/lubeljoyeria.com\/?product=anillo-swarovski-chroma#breadcrumb\"},\"inLanguage\":\"es\",\"potentialAction\":[{\"@type\":\"ReadAction\",\"target\":[\"https:\/\/lubeljoyeria.com\/?product=anillo-swarovski-chroma\"]}]},{\"@type\":\"ImageObject\",\"inLanguage\":\"es\",\"@id\":\"https:\/\/lubeljoyeria.com\/?product=anillo-swarovski-chroma#primaryimage\",\"url\":\"https:\/\/lubeljoyeria.com\/wp-content\/uploads\/2025\/01\/Screenshot_9-1.png\",\"contentUrl\":\"https:\/\/lubeljoyeria.com\/wp-content\/uploads\/2025\/01\/Screenshot_9-1.png\",\"width\":552,\"height\":540,\"caption\":\"Cambia los colores para que se adapten a tu estado de \u00e1nimo con este vers\u00e1til anillo de la colecci\u00f3n Chroma de Swarovski. Este anillo con ba\u00f1o de oro presenta un cristal de Swarovski verde en el centro, que se puede girar f\u00e1cilmente para obtener otro cristal rosa del otro lado. Tambi\u00e9n hay cristales Swarovski m\u00e1s peque\u00f1os en azul alrededor del dise\u00f1o. Juega con este alegre anillo de c\u00f3ctel y enfr\u00e9ntate cada d\u00eda con el color que m\u00e1s te guste. \u00a1Comb\u00ednalo con su colgante y pendientes a juego! Material: ba\u00f1o de oro y cristales Swarovski.\"},{\"@type\":\"BreadcrumbList\",\"@id\":\"https:\/\/lubeljoyeria.com\/?product=anillo-swarovski-chroma#breadcrumb\",\"itemListElement\":[{\"@type\":\"ListItem\",\"position\":1,\"name\":\"Home\",\"item\":\"https:\/\/lubeljoyeria.com\/\"},{\"@type\":\"ListItem\",\"position\":2,\"name\":\"Tienda\",\"item\":\"https:\/\/lubeljoyeria.com\/?page_id=6\"},{\"@type\":\"ListItem\",\"position\":3,\"name\":\"Anillo Swarovski, Chroma\"}]},{\"@type\":\"WebSite\",\"@id\":\"https:\/\/lubeljoyeria.com\/#website\",\"url\":\"https:\/\/lubeljoyeria.com\/\",\"name\":\"Lubel joyeria. Joyeria en Plata . Distribuidor oficial de Swarovski. - Lubel\",\"description\":\"Lubel joyeria. Joyeria en Plata . Distribuidor oficial de Swarovski. - Lubel\",\"publisher\":{\"@id\":\"https:\/\/lubeljoyeria.com\/#organization\"},\"potentialAction\":[{\"@type\":\"SearchAction\",\"target\":{\"@type\":\"EntryPoint\",\"urlTemplate\":\"https:\/\/lubeljoyeria.com\/?s={search_term_string}\"},\"query-input\":{\"@type\":\"PropertyValueSpecification\",\"valueRequired\":true,\"valueName\":\"search_term_string\"}}],\"inLanguage\":\"es\"},{\"@type\":\"Organization\",\"@id\":\"https:\/\/lubeljoyeria.com\/#organization\",\"name\":\"Lubel joyeria. Joyeria en Plata . Distribuidor oficial de Swarovski. - Lubel\",\"url\":\"https:\/\/lubeljoyeria.com\/\",\"logo\":{\"@type\":\"ImageObject\",\"inLanguage\":\"es\",\"@id\":\"https:\/\/lubeljoyeria.com\/#\/schema\/logo\/image\/\",\"url\":\"https:\/\/lubeljoyeria.com\/wp-content\/uploads\/2020\/10\/lubel-joyeria-logo-1543825573-1.png\",\"contentUrl\":\"https:\/\/lubeljoyeria.com\/wp-content\/uploads\/2020\/10\/lubel-joyeria-logo-1543825573-1.png\",\"width\":135,\"height\":31,\"caption\":\"Lubel joyeria. Joyeria en Plata . Distribuidor oficial de Swarovski. - Lubel\"},\"image\":{\"@id\":\"https:\/\/lubeljoyeria.com\/#\/schema\/logo\/image\/\"}}]}<\/script>\n<!-- \/ Yoast SEO Premium plugin. -->","yoast_head_json":{"title":"Anillo Swarovski, Chroma - Distribuidor Oficial Swarovski","description":"Cambia los colores para que se adapten a tu estado de \u00e1nimo con este vers\u00e1til anillo de la colecci\u00f3n Chroma de Swarovski. Material: ba\u00f1o de oro.","robots":{"index":"index","follow":"follow","max-snippet":"max-snippet:-1","max-image-preview":"max-image-preview:large","max-video-preview":"max-video-preview:-1"},"canonical":"https:\/\/lubeljoyeria.com\/?product=anillo-swarovski-chroma","og_locale":"es_ES","og_type":"article","og_title":"Anillo Swarovski, Chroma","og_description":"Cambia los colores para que se adapten a tu estado de \u00e1nimo con este vers\u00e1til anillo de la colecci\u00f3n Chroma de Swarovski. Material: ba\u00f1o de oro.","og_url":"https:\/\/lubeljoyeria.com\/?product=anillo-swarovski-chroma","og_site_name":"Lubel joyeria. Joyeria en Plata . Distribuidor oficial de Swarovski. - Lubel","article_modified_time":"2026-02-12T10:31:30+00:00","og_image":[{"width":552,"height":540,"url":"https:\/\/lubeljoyeria.com\/wp-content\/uploads\/2025\/01\/Screenshot_9-1.png","type":"image\/png"}],"twitter_card":"summary_large_image","twitter_misc":{"Tiempo de lectura":"1 minuto"},"schema":{"@context":"https:\/\/schema.org","@graph":[{"@type":"WebPage","@id":"https:\/\/lubeljoyeria.com\/?product=anillo-swarovski-chroma","url":"https:\/\/lubeljoyeria.com\/?product=anillo-swarovski-chroma","name":"Anillo Swarovski, Chroma - Distribuidor Oficial Swarovski","isPartOf":{"@id":"https:\/\/lubeljoyeria.com\/#website"},"primaryImageOfPage":{"@id":"https:\/\/lubeljoyeria.com\/?product=anillo-swarovski-chroma#primaryimage"},"image":{"@id":"https:\/\/lubeljoyeria.com\/?product=anillo-swarovski-chroma#primaryimage"},"thumbnailUrl":"https:\/\/lubeljoyeria.com\/wp-content\/uploads\/2025\/01\/Screenshot_9-1.png","datePublished":"2025-01-24T17:08:32+00:00","dateModified":"2026-02-12T10:31:30+00:00","description":"Cambia los colores para que se adapten a tu estado de \u00e1nimo con este vers\u00e1til anillo de la colecci\u00f3n Chroma de Swarovski. Material: ba\u00f1o de oro.","breadcrumb":{"@id":"https:\/\/lubeljoyeria.com\/?product=anillo-swarovski-chroma#breadcrumb"},"inLanguage":"es","potentialAction":[{"@type":"ReadAction","target":["https:\/\/lubeljoyeria.com\/?product=anillo-swarovski-chroma"]}]},{"@type":"ImageObject","inLanguage":"es","@id":"https:\/\/lubeljoyeria.com\/?product=anillo-swarovski-chroma#primaryimage","url":"https:\/\/lubeljoyeria.com\/wp-content\/uploads\/2025\/01\/Screenshot_9-1.png","contentUrl":"https:\/\/lubeljoyeria.com\/wp-content\/uploads\/2025\/01\/Screenshot_9-1.png","width":552,"height":540,"caption":"Cambia los colores para que se adapten a tu estado de \u00e1nimo con este vers\u00e1til anillo de la colecci\u00f3n Chroma de Swarovski. Este anillo con ba\u00f1o de oro presenta un cristal de Swarovski verde en el centro, que se puede girar f\u00e1cilmente para obtener otro cristal rosa del otro lado. Tambi\u00e9n hay cristales Swarovski m\u00e1s peque\u00f1os en azul alrededor del dise\u00f1o. Juega con este alegre anillo de c\u00f3ctel y enfr\u00e9ntate cada d\u00eda con el color que m\u00e1s te guste. \u00a1Comb\u00ednalo con su colgante y pendientes a juego! Material: ba\u00f1o de oro y cristales Swarovski."},{"@type":"BreadcrumbList","@id":"https:\/\/lubeljoyeria.com\/?product=anillo-swarovski-chroma#breadcrumb","itemListElement":[{"@type":"ListItem","position":1,"name":"Home","item":"https:\/\/lubeljoyeria.com\/"},{"@type":"ListItem","position":2,"name":"Tienda","item":"https:\/\/lubeljoyeria.com\/?page_id=6"},{"@type":"ListItem","position":3,"name":"Anillo Swarovski, Chroma"}]},{"@type":"WebSite","@id":"https:\/\/lubeljoyeria.com\/#website","url":"https:\/\/lubeljoyeria.com\/","name":"Lubel joyeria. Joyeria en Plata . Distribuidor oficial de Swarovski. - Lubel","description":"Lubel joyeria. Joyeria en Plata . Distribuidor oficial de Swarovski. - Lubel","publisher":{"@id":"https:\/\/lubeljoyeria.com\/#organization"},"potentialAction":[{"@type":"SearchAction","target":{"@type":"EntryPoint","urlTemplate":"https:\/\/lubeljoyeria.com\/?s={search_term_string}"},"query-input":{"@type":"PropertyValueSpecification","valueRequired":true,"valueName":"search_term_string"}}],"inLanguage":"es"},{"@type":"Organization","@id":"https:\/\/lubeljoyeria.com\/#organization","name":"Lubel joyeria. Joyeria en Plata . Distribuidor oficial de Swarovski. - Lubel","url":"https:\/\/lubeljoyeria.com\/","logo":{"@type":"ImageObject","inLanguage":"es","@id":"https:\/\/lubeljoyeria.com\/#\/schema\/logo\/image\/","url":"https:\/\/lubeljoyeria.com\/wp-content\/uploads\/2020\/10\/lubel-joyeria-logo-1543825573-1.png","contentUrl":"https:\/\/lubeljoyeria.com\/wp-content\/uploads\/2020\/10\/lubel-joyeria-logo-1543825573-1.png","width":135,"height":31,"caption":"Lubel joyeria. Joyeria en Plata . Distribuidor oficial de Swarovski. - Lubel"},"image":{"@id":"https:\/\/lubeljoyeria.com\/#\/schema\/logo\/image\/"}}]}},"_links":{"self":[{"href":"https:\/\/lubeljoyeria.com\/index.php?rest_route=\/wp\/v2\/product\/27352","targetHints":{"allow":["GET"]}}],"collection":[{"href":"https:\/\/lubeljoyeria.com\/index.php?rest_route=\/wp\/v2\/product"}],"about":[{"href":"https:\/\/lubeljoyeria.com\/index.php?rest_route=\/wp\/v2\/types\/product"}],"wp:featuredmedia":[{"embeddable":true,"href":"https:\/\/lubeljoyeria.com\/index.php?rest_route=\/wp\/v2\/media\/27359"}],"wp:attachment":[{"href":"https:\/\/lubeljoyeria.com\/index.php?rest_route=%2Fwp%2Fv2%2Fmedia&parent=27352"}],"wp:term":[{"taxonomy":"product_brand","embeddable":true,"href":"https:\/\/lubeljoyeria.com\/index.php?rest_route=%2Fwp%2Fv2%2Fproduct_brand&post=27352"},{"taxonomy":"product_cat","embeddable":true,"href":"https:\/\/lubeljoyeria.com\/index.php?rest_route=%2Fwp%2Fv2%2Fproduct_cat&post=27352"},{"taxonomy":"product_tag","embeddable":true,"href":"https:\/\/lubeljoyeria.com\/index.php?rest_route=%2Fwp%2Fv2%2Fproduct_tag&post=27352"}],"curies":[{"name":"wp","href":"https:\/\/api.w.org\/{rel}","templated":true}]}}