{"id":27005,"date":"2024-11-20T17:45:46","date_gmt":"2024-11-20T17:45:46","guid":{"rendered":"https:\/\/lubeljoyeria.com\/?post_type=product&#038;p=27005"},"modified":"2026-03-12T12:16:30","modified_gmt":"2026-03-12T12:16:30","slug":"pulsera-riviere-color-salvatore","status":"publish","type":"product","link":"https:\/\/lubeljoyeria.com\/?product=pulsera-riviere-color-salvatore","title":{"rendered":"Pulsera Riviere Color, Salvatore"},"content":{"rendered":"<p>A\u00f1ade color a tus <em>outfits<\/em> con estas pulseras Riviere de Salvatore Plata. Aut\u00e9nticas joyas elaboradas en plata de 1\u00aa ley 925 con ba\u00f1o de rodio y circonitas de diversos colores. Cuentan adem\u00e1s con cadena para ajustarlas perfectamente en la mu\u00f1eca \u00a1Ver\u00e1s que bonitas quedan!<\/p>\n<ul>\n<li>Material: Plata de 1\u00aa ley 925<\/li>\n<li>Referencia Salvatore: 258P0009\/258P0010<\/li>\n<\/ul>\n","protected":false},"excerpt":{"rendered":"<p>A\u00f1ade color a tus <em>outfits<\/em> con estas pulseras Riviere de Salvatore Plata. Aut\u00e9nticas joyas elaboradas en plata de 1\u00aa ley 925 con ba\u00f1o de rodio y circonitas de diversos colores. Cuentan adem\u00e1s con cadena para ajustarlas perfectamente en la mu\u00f1eca \u00a1Ver\u00e1s que bonitas quedan!<\/p>\n<ul>\n<li>Material: Plata de 1\u00aa ley 925<\/li>\n<li>Referencia Salvatore: 258P0009\/258P0010<\/li>\n<\/ul>\n","protected":false},"featured_media":26999,"template":"","meta":{"_joinchat":[]},"product_brand":[1439],"product_cat":[1463,1485,1526],"product_tag":[],"class_list":{"0":"post-27005","1":"product","2":"type-product","3":"status-publish","4":"has-post-thumbnail","6":"product_brand-salvatore-plata","7":"product_cat-inicio","8":"product_cat-salvatore-plata","9":"product_cat-pulseras-salvatore-plata","10":"pa_color-amarillo","11":"pa_color-turquesa","12":"pa_color-agua-marina","13":"pa_color-blanco","14":"pa_color-lavanda","15":"pa_color-negro","16":"pa_color-fucsia","17":"pa_color-verde","18":"pa_color-azul","19":"sales-flash-overlay","20":"woocommerce-text-align-center","21":"woocommerce-image-align-center","22":"do-quantity-buttons","23":"wc-has-gallery","25":"first","26":"instock","27":"taxable","28":"shipping-taxable","29":"purchasable","30":"product-type-variable"},"yoast_head":"<!-- This site is optimized with the Yoast SEO Premium plugin v22.5 (Yoast SEO v26.5) - https:\/\/yoast.com\/wordpress\/plugins\/seo\/ -->\n<title>Pulsera Riviere Color, Salvatore - Distribuidor Oficial Salvatore Plata<\/title>\n<meta name=\"description\" content=\"A\u00f1ade color a tus outfits con estas pulseras Riviere de Salvatore Plata.Material: Plata de 1\u00aa ley 925Referencia Salvatore: 258P0009\/258P0010\" \/>\n<meta name=\"robots\" content=\"index, follow, max-snippet:-1, max-image-preview:large, max-video-preview:-1\" \/>\n<link rel=\"canonical\" href=\"https:\/\/lubeljoyeria.com\/?product=pulsera-riviere-color-salvatore\" \/>\n<meta property=\"og:locale\" content=\"es_ES\" \/>\n<meta property=\"og:type\" content=\"article\" \/>\n<meta property=\"og:title\" content=\"Pulsera Riviere Color, Salvatore\" \/>\n<meta property=\"og:description\" content=\"A\u00f1ade color a tus outfits con estas pulseras Riviere de Salvatore Plata.Material: Plata de 1\u00aa ley 925Referencia Salvatore: 258P0009\/258P0010\" \/>\n<meta property=\"og:url\" content=\"https:\/\/lubeljoyeria.com\/?product=pulsera-riviere-color-salvatore\" \/>\n<meta property=\"og:site_name\" content=\"Lubel joyeria. Joyeria en Plata . Distribuidor oficial de Swarovski. - Lubel\" \/>\n<meta property=\"article:modified_time\" content=\"2026-03-12T12:16:30+00:00\" \/>\n<meta property=\"og:image\" content=\"https:\/\/lubeljoyeria.com\/wp-content\/uploads\/2024\/11\/258p0010.jpg\" \/>\n\t<meta property=\"og:image:width\" content=\"768\" \/>\n\t<meta property=\"og:image:height\" content=\"768\" \/>\n\t<meta property=\"og:image:type\" content=\"image\/jpeg\" \/>\n<meta name=\"twitter:card\" content=\"summary_large_image\" \/>\n<meta name=\"twitter:label1\" content=\"Tiempo de lectura\" \/>\n\t<meta name=\"twitter:data1\" content=\"1 minuto\" \/>\n<script type=\"application\/ld+json\" class=\"yoast-schema-graph\">{\"@context\":\"https:\/\/schema.org\",\"@graph\":[{\"@type\":\"WebPage\",\"@id\":\"https:\/\/lubeljoyeria.com\/?product=pulsera-riviere-color-salvatore\",\"url\":\"https:\/\/lubeljoyeria.com\/?product=pulsera-riviere-color-salvatore\",\"name\":\"Pulsera Riviere Color, Salvatore - Distribuidor Oficial Salvatore Plata\",\"isPartOf\":{\"@id\":\"https:\/\/lubeljoyeria.com\/#website\"},\"primaryImageOfPage\":{\"@id\":\"https:\/\/lubeljoyeria.com\/?product=pulsera-riviere-color-salvatore#primaryimage\"},\"image\":{\"@id\":\"https:\/\/lubeljoyeria.com\/?product=pulsera-riviere-color-salvatore#primaryimage\"},\"thumbnailUrl\":\"https:\/\/lubeljoyeria.com\/wp-content\/uploads\/2024\/11\/258p0010.jpg\",\"datePublished\":\"2024-11-20T17:45:46+00:00\",\"dateModified\":\"2026-03-12T12:16:30+00:00\",\"description\":\"A\u00f1ade color a tus outfits con estas pulseras Riviere de Salvatore Plata.Material: Plata de 1\u00aa ley 925Referencia Salvatore: 258P0009\/258P0010\",\"breadcrumb\":{\"@id\":\"https:\/\/lubeljoyeria.com\/?product=pulsera-riviere-color-salvatore#breadcrumb\"},\"inLanguage\":\"es\",\"potentialAction\":[{\"@type\":\"ReadAction\",\"target\":[\"https:\/\/lubeljoyeria.com\/?product=pulsera-riviere-color-salvatore\"]}]},{\"@type\":\"ImageObject\",\"inLanguage\":\"es\",\"@id\":\"https:\/\/lubeljoyeria.com\/?product=pulsera-riviere-color-salvatore#primaryimage\",\"url\":\"https:\/\/lubeljoyeria.com\/wp-content\/uploads\/2024\/11\/258p0010.jpg\",\"contentUrl\":\"https:\/\/lubeljoyeria.com\/wp-content\/uploads\/2024\/11\/258p0010.jpg\",\"width\":768,\"height\":768,\"caption\":\"A\u00f1ade color a tus outfits con estas pulseras Riviere de Salvatore Plata. Aut\u00e9nticas joyas elaboradas en plata de 1\u00aa ley 925 con ba\u00f1o de rodio y circonitas de diversos colores. Cuentan adem\u00e1s con cadena para ajustarlas perfectamente en la mu\u00f1eca \u00a1Ver\u00e1s que bonitas quedan! Material: Plata de 1\u00aa ley 925 Referencia Salvatore: 258P0009\/258P0010\"},{\"@type\":\"BreadcrumbList\",\"@id\":\"https:\/\/lubeljoyeria.com\/?product=pulsera-riviere-color-salvatore#breadcrumb\",\"itemListElement\":[{\"@type\":\"ListItem\",\"position\":1,\"name\":\"Home\",\"item\":\"https:\/\/lubeljoyeria.com\/\"},{\"@type\":\"ListItem\",\"position\":2,\"name\":\"Tienda\",\"item\":\"https:\/\/lubeljoyeria.com\/?page_id=6\"},{\"@type\":\"ListItem\",\"position\":3,\"name\":\"Pulsera Riviere Color, Salvatore\"}]},{\"@type\":\"WebSite\",\"@id\":\"https:\/\/lubeljoyeria.com\/#website\",\"url\":\"https:\/\/lubeljoyeria.com\/\",\"name\":\"Lubel joyeria. Joyeria en Plata . Distribuidor oficial de Swarovski. - Lubel\",\"description\":\"Lubel joyeria. Joyeria en Plata . Distribuidor oficial de Swarovski. - Lubel\",\"publisher\":{\"@id\":\"https:\/\/lubeljoyeria.com\/#organization\"},\"potentialAction\":[{\"@type\":\"SearchAction\",\"target\":{\"@type\":\"EntryPoint\",\"urlTemplate\":\"https:\/\/lubeljoyeria.com\/?s={search_term_string}\"},\"query-input\":{\"@type\":\"PropertyValueSpecification\",\"valueRequired\":true,\"valueName\":\"search_term_string\"}}],\"inLanguage\":\"es\"},{\"@type\":\"Organization\",\"@id\":\"https:\/\/lubeljoyeria.com\/#organization\",\"name\":\"Lubel joyeria. Joyeria en Plata . Distribuidor oficial de Swarovski. - Lubel\",\"url\":\"https:\/\/lubeljoyeria.com\/\",\"logo\":{\"@type\":\"ImageObject\",\"inLanguage\":\"es\",\"@id\":\"https:\/\/lubeljoyeria.com\/#\/schema\/logo\/image\/\",\"url\":\"https:\/\/lubeljoyeria.com\/wp-content\/uploads\/2020\/10\/lubel-joyeria-logo-1543825573-1.png\",\"contentUrl\":\"https:\/\/lubeljoyeria.com\/wp-content\/uploads\/2020\/10\/lubel-joyeria-logo-1543825573-1.png\",\"width\":135,\"height\":31,\"caption\":\"Lubel joyeria. Joyeria en Plata . Distribuidor oficial de Swarovski. - Lubel\"},\"image\":{\"@id\":\"https:\/\/lubeljoyeria.com\/#\/schema\/logo\/image\/\"}}]}<\/script>\n<!-- \/ Yoast SEO Premium plugin. -->","yoast_head_json":{"title":"Pulsera Riviere Color, Salvatore - Distribuidor Oficial Salvatore Plata","description":"A\u00f1ade color a tus outfits con estas pulseras Riviere de Salvatore Plata.Material: Plata de 1\u00aa ley 925Referencia Salvatore: 258P0009\/258P0010","robots":{"index":"index","follow":"follow","max-snippet":"max-snippet:-1","max-image-preview":"max-image-preview:large","max-video-preview":"max-video-preview:-1"},"canonical":"https:\/\/lubeljoyeria.com\/?product=pulsera-riviere-color-salvatore","og_locale":"es_ES","og_type":"article","og_title":"Pulsera Riviere Color, Salvatore","og_description":"A\u00f1ade color a tus outfits con estas pulseras Riviere de Salvatore Plata.Material: Plata de 1\u00aa ley 925Referencia Salvatore: 258P0009\/258P0010","og_url":"https:\/\/lubeljoyeria.com\/?product=pulsera-riviere-color-salvatore","og_site_name":"Lubel joyeria. Joyeria en Plata . Distribuidor oficial de Swarovski. - Lubel","article_modified_time":"2026-03-12T12:16:30+00:00","og_image":[{"width":768,"height":768,"url":"https:\/\/lubeljoyeria.com\/wp-content\/uploads\/2024\/11\/258p0010.jpg","type":"image\/jpeg"}],"twitter_card":"summary_large_image","twitter_misc":{"Tiempo de lectura":"1 minuto"},"schema":{"@context":"https:\/\/schema.org","@graph":[{"@type":"WebPage","@id":"https:\/\/lubeljoyeria.com\/?product=pulsera-riviere-color-salvatore","url":"https:\/\/lubeljoyeria.com\/?product=pulsera-riviere-color-salvatore","name":"Pulsera Riviere Color, Salvatore - Distribuidor Oficial Salvatore Plata","isPartOf":{"@id":"https:\/\/lubeljoyeria.com\/#website"},"primaryImageOfPage":{"@id":"https:\/\/lubeljoyeria.com\/?product=pulsera-riviere-color-salvatore#primaryimage"},"image":{"@id":"https:\/\/lubeljoyeria.com\/?product=pulsera-riviere-color-salvatore#primaryimage"},"thumbnailUrl":"https:\/\/lubeljoyeria.com\/wp-content\/uploads\/2024\/11\/258p0010.jpg","datePublished":"2024-11-20T17:45:46+00:00","dateModified":"2026-03-12T12:16:30+00:00","description":"A\u00f1ade color a tus outfits con estas pulseras Riviere de Salvatore Plata.Material: Plata de 1\u00aa ley 925Referencia Salvatore: 258P0009\/258P0010","breadcrumb":{"@id":"https:\/\/lubeljoyeria.com\/?product=pulsera-riviere-color-salvatore#breadcrumb"},"inLanguage":"es","potentialAction":[{"@type":"ReadAction","target":["https:\/\/lubeljoyeria.com\/?product=pulsera-riviere-color-salvatore"]}]},{"@type":"ImageObject","inLanguage":"es","@id":"https:\/\/lubeljoyeria.com\/?product=pulsera-riviere-color-salvatore#primaryimage","url":"https:\/\/lubeljoyeria.com\/wp-content\/uploads\/2024\/11\/258p0010.jpg","contentUrl":"https:\/\/lubeljoyeria.com\/wp-content\/uploads\/2024\/11\/258p0010.jpg","width":768,"height":768,"caption":"A\u00f1ade color a tus outfits con estas pulseras Riviere de Salvatore Plata. Aut\u00e9nticas joyas elaboradas en plata de 1\u00aa ley 925 con ba\u00f1o de rodio y circonitas de diversos colores. Cuentan adem\u00e1s con cadena para ajustarlas perfectamente en la mu\u00f1eca \u00a1Ver\u00e1s que bonitas quedan! Material: Plata de 1\u00aa ley 925 Referencia Salvatore: 258P0009\/258P0010"},{"@type":"BreadcrumbList","@id":"https:\/\/lubeljoyeria.com\/?product=pulsera-riviere-color-salvatore#breadcrumb","itemListElement":[{"@type":"ListItem","position":1,"name":"Home","item":"https:\/\/lubeljoyeria.com\/"},{"@type":"ListItem","position":2,"name":"Tienda","item":"https:\/\/lubeljoyeria.com\/?page_id=6"},{"@type":"ListItem","position":3,"name":"Pulsera Riviere Color, Salvatore"}]},{"@type":"WebSite","@id":"https:\/\/lubeljoyeria.com\/#website","url":"https:\/\/lubeljoyeria.com\/","name":"Lubel joyeria. Joyeria en Plata . Distribuidor oficial de Swarovski. - Lubel","description":"Lubel joyeria. Joyeria en Plata . Distribuidor oficial de Swarovski. - Lubel","publisher":{"@id":"https:\/\/lubeljoyeria.com\/#organization"},"potentialAction":[{"@type":"SearchAction","target":{"@type":"EntryPoint","urlTemplate":"https:\/\/lubeljoyeria.com\/?s={search_term_string}"},"query-input":{"@type":"PropertyValueSpecification","valueRequired":true,"valueName":"search_term_string"}}],"inLanguage":"es"},{"@type":"Organization","@id":"https:\/\/lubeljoyeria.com\/#organization","name":"Lubel joyeria. Joyeria en Plata . Distribuidor oficial de Swarovski. - Lubel","url":"https:\/\/lubeljoyeria.com\/","logo":{"@type":"ImageObject","inLanguage":"es","@id":"https:\/\/lubeljoyeria.com\/#\/schema\/logo\/image\/","url":"https:\/\/lubeljoyeria.com\/wp-content\/uploads\/2020\/10\/lubel-joyeria-logo-1543825573-1.png","contentUrl":"https:\/\/lubeljoyeria.com\/wp-content\/uploads\/2020\/10\/lubel-joyeria-logo-1543825573-1.png","width":135,"height":31,"caption":"Lubel joyeria. Joyeria en Plata . Distribuidor oficial de Swarovski. - Lubel"},"image":{"@id":"https:\/\/lubeljoyeria.com\/#\/schema\/logo\/image\/"}}]}},"_links":{"self":[{"href":"https:\/\/lubeljoyeria.com\/index.php?rest_route=\/wp\/v2\/product\/27005","targetHints":{"allow":["GET"]}}],"collection":[{"href":"https:\/\/lubeljoyeria.com\/index.php?rest_route=\/wp\/v2\/product"}],"about":[{"href":"https:\/\/lubeljoyeria.com\/index.php?rest_route=\/wp\/v2\/types\/product"}],"wp:featuredmedia":[{"embeddable":true,"href":"https:\/\/lubeljoyeria.com\/index.php?rest_route=\/wp\/v2\/media\/26999"}],"wp:attachment":[{"href":"https:\/\/lubeljoyeria.com\/index.php?rest_route=%2Fwp%2Fv2%2Fmedia&parent=27005"}],"wp:term":[{"taxonomy":"product_brand","embeddable":true,"href":"https:\/\/lubeljoyeria.com\/index.php?rest_route=%2Fwp%2Fv2%2Fproduct_brand&post=27005"},{"taxonomy":"product_cat","embeddable":true,"href":"https:\/\/lubeljoyeria.com\/index.php?rest_route=%2Fwp%2Fv2%2Fproduct_cat&post=27005"},{"taxonomy":"product_tag","embeddable":true,"href":"https:\/\/lubeljoyeria.com\/index.php?rest_route=%2Fwp%2Fv2%2Fproduct_tag&post=27005"}],"curies":[{"name":"wp","href":"https:\/\/api.w.org\/{rel}","templated":true}]}}