{"id":26930,"date":"2024-11-08T12:21:52","date_gmt":"2024-11-08T12:21:52","guid":{"rendered":"https:\/\/lubeljoyeria.com\/?post_type=product&#038;p=26930"},"modified":"2024-11-08T12:21:53","modified_gmt":"2024-11-08T12:21:53","slug":"colgante-swarovski-stilla-attract","status":"publish","type":"product","link":"https:\/\/lubeljoyeria.com\/?product=colgante-swarovski-stilla-attract","title":{"rendered":"Colgante Swarovski, Stilla Attract"},"content":{"rendered":"<p>La elegancia atemporal de la emblem\u00e1tica familia Stilla brilla en este precioso colgante. El dise\u00f1o ba\u00f1ado en oro rosa presenta una circonita en talla cuadrada en un refinado engaste de garra doble, mientras que la cadena alargada est\u00e1 acabada con un cierre de mosquet\u00f3n. Esta polifac\u00e9tica pieza es un regalo hipnotizante para alguien especial.<\/p>\n<p>Tama\u00f1o:<\/p>\n<ul id=\"product-details-classifications-ellipsis\" class=\"swa-product-details__drawer__specs swa-text-sans--small\">\n<li>Largo (m\u00ednimo &#8211; m\u00e1ximo): 38 &#8211; 45 cm<\/li>\n<li>Tama\u00f1o del motivo: 0.8 x 0.9 cm<\/li>\n<\/ul>\n<p>Material: Ba\u00f1o de oro rosa y circonitas.<\/p>\n","protected":false},"excerpt":{"rendered":"<p>La elegancia atemporal de la emblem\u00e1tica familia Stilla brilla en este precioso colgante. El dise\u00f1o ba\u00f1ado en oro rosa presenta una circonita en talla cuadrada en un refinado engaste de garra doble, mientras que la cadena alargada est\u00e1 acabada con un cierre de mosquet\u00f3n. Esta polifac\u00e9tica pieza es un regalo hipnotizante para alguien especial.<\/p>\n<p>Tama\u00f1o:<\/p>\n<ul id=\"product-details-classifications-ellipsis\" class=\"swa-product-details__drawer__specs swa-text-sans--small\">\n<li>Largo (m\u00ednimo &#8211; m\u00e1ximo): 38 &#8211; 45 cm<\/li>\n<li>Tama\u00f1o del motivo: 0.8 x 0.9 cm<\/li>\n<\/ul>\n<p>Material: Ba\u00f1o de oro rosa y circonitas.<\/p>\n","protected":false},"featured_media":26932,"template":"","meta":{"_joinchat":[]},"product_brand":[1437],"product_cat":[1463,1464,1470,1519,1477,1508],"product_tag":[],"class_list":{"0":"post-26930","1":"product","2":"type-product","3":"status-publish","4":"has-post-thumbnail","6":"product_brand-swarovski","7":"product_cat-inicio","8":"product_cat-principal","9":"product_cat-swarovski","10":"product_cat-colgantes-swarovski","11":"product_cat-novias","12":"product_cat-colgante","13":"sales-flash-overlay","14":"woocommerce-text-align-center","15":"woocommerce-image-align-center","16":"do-quantity-buttons","17":"wc-has-gallery","19":"first","20":"instock","21":"taxable","22":"shipping-taxable","23":"purchasable","24":"product-type-simple"},"yoast_head":"<!-- This site is optimized with the Yoast SEO Premium plugin v22.5 (Yoast SEO v26.5) - https:\/\/yoast.com\/wordpress\/plugins\/seo\/ -->\n<title>Colgante Swarovski, Stilla Attract - Distribuidor oficial Swarovski<\/title>\n<meta name=\"description\" content=\"Este colgante de la familia Stilla Attract est\u00e1 ba\u00f1ado en oro rosa y presenta una circonita en talla cuadrada en un refinado engaste de garra doble.\" \/>\n<meta name=\"robots\" content=\"index, follow, max-snippet:-1, max-image-preview:large, max-video-preview:-1\" \/>\n<link rel=\"canonical\" href=\"https:\/\/lubeljoyeria.com\/producto\/colgante-swarovski-stilla-attract\" \/>\n<meta property=\"og:locale\" content=\"es_ES\" \/>\n<meta property=\"og:type\" content=\"article\" \/>\n<meta property=\"og:title\" content=\"Colgante Swarovski, Stilla Attract\" \/>\n<meta property=\"og:description\" content=\"Este colgante de la familia Stilla Attract est\u00e1 ba\u00f1ado en oro rosa y presenta una circonita en talla cuadrada en un refinado engaste de garra doble.\" \/>\n<meta property=\"og:url\" content=\"https:\/\/lubeljoyeria.com\/producto\/colgante-swarovski-stilla-attract\" \/>\n<meta property=\"og:site_name\" content=\"Lubel joyeria. Joyeria en Plata . Distribuidor oficial de Swarovski. - Lubel\" \/>\n<meta property=\"article:modified_time\" content=\"2024-11-08T12:21:53+00:00\" \/>\n<meta property=\"og:image\" content=\"https:\/\/lubeljoyeria.com\/wp-content\/uploads\/2024\/11\/Screenshot_1-6.png\" \/>\n\t<meta property=\"og:image:width\" content=\"564\" \/>\n\t<meta property=\"og:image:height\" content=\"573\" \/>\n\t<meta property=\"og:image:type\" content=\"image\/png\" \/>\n<meta name=\"twitter:card\" content=\"summary_large_image\" \/>\n<meta name=\"twitter:label1\" content=\"Tiempo de lectura\" \/>\n\t<meta name=\"twitter:data1\" content=\"1 minuto\" \/>\n<script type=\"application\/ld+json\" class=\"yoast-schema-graph\">{\"@context\":\"https:\/\/schema.org\",\"@graph\":[{\"@type\":\"WebPage\",\"@id\":\"https:\/\/lubeljoyeria.com\/producto\/colgante-swarovski-stilla-attract\",\"url\":\"https:\/\/lubeljoyeria.com\/producto\/colgante-swarovski-stilla-attract\",\"name\":\"Colgante Swarovski, Stilla Attract - Distribuidor oficial Swarovski\",\"isPartOf\":{\"@id\":\"https:\/\/lubeljoyeria.com\/#website\"},\"primaryImageOfPage\":{\"@id\":\"https:\/\/lubeljoyeria.com\/producto\/colgante-swarovski-stilla-attract#primaryimage\"},\"image\":{\"@id\":\"https:\/\/lubeljoyeria.com\/producto\/colgante-swarovski-stilla-attract#primaryimage\"},\"thumbnailUrl\":\"https:\/\/lubeljoyeria.com\/wp-content\/uploads\/2024\/11\/Screenshot_1-6.png\",\"datePublished\":\"2024-11-08T12:21:52+00:00\",\"dateModified\":\"2024-11-08T12:21:53+00:00\",\"description\":\"Este colgante de la familia Stilla Attract est\u00e1 ba\u00f1ado en oro rosa y presenta una circonita en talla cuadrada en un refinado engaste de garra doble.\",\"breadcrumb\":{\"@id\":\"https:\/\/lubeljoyeria.com\/producto\/colgante-swarovski-stilla-attract#breadcrumb\"},\"inLanguage\":\"es\",\"potentialAction\":[{\"@type\":\"ReadAction\",\"target\":[\"https:\/\/lubeljoyeria.com\/producto\/colgante-swarovski-stilla-attract\"]}]},{\"@type\":\"ImageObject\",\"inLanguage\":\"es\",\"@id\":\"https:\/\/lubeljoyeria.com\/producto\/colgante-swarovski-stilla-attract#primaryimage\",\"url\":\"https:\/\/lubeljoyeria.com\/wp-content\/uploads\/2024\/11\/Screenshot_1-6.png\",\"contentUrl\":\"https:\/\/lubeljoyeria.com\/wp-content\/uploads\/2024\/11\/Screenshot_1-6.png\",\"width\":564,\"height\":573,\"caption\":\"La elegancia atemporal de la emblem\u00e1tica familia Stilla brilla en este precioso colgante. El dise\u00f1o ba\u00f1ado en oro rosa presenta una circonita en talla cuadrada en un refinado engaste de garra doble, mientras que la cadena alargada est\u00e1 acabada con un cierre de mosquet\u00f3n. Esta polifac\u00e9tica pieza es un regalo hipnotizante para alguien especial. Tama\u00f1o: Largo (m\u00ednimo - m\u00e1ximo): 38 - 45 cm Tama\u00f1o del motivo: 0.8 x 0.9 cm Material: Ba\u00f1o de oro rosa y circonitas.\"},{\"@type\":\"BreadcrumbList\",\"@id\":\"https:\/\/lubeljoyeria.com\/producto\/colgante-swarovski-stilla-attract#breadcrumb\",\"itemListElement\":[{\"@type\":\"ListItem\",\"position\":1,\"name\":\"Home\",\"item\":\"https:\/\/lubeljoyeria.com\/\"},{\"@type\":\"ListItem\",\"position\":2,\"name\":\"Tienda\",\"item\":\"https:\/\/lubeljoyeria.com\/?page_id=6\"},{\"@type\":\"ListItem\",\"position\":3,\"name\":\"Colgante Swarovski, Stilla Attract\"}]},{\"@type\":\"WebSite\",\"@id\":\"https:\/\/lubeljoyeria.com\/#website\",\"url\":\"https:\/\/lubeljoyeria.com\/\",\"name\":\"Lubel joyeria. Joyeria en Plata . Distribuidor oficial de Swarovski. - Lubel\",\"description\":\"Lubel joyeria. Joyeria en Plata . Distribuidor oficial de Swarovski. - Lubel\",\"publisher\":{\"@id\":\"https:\/\/lubeljoyeria.com\/#organization\"},\"potentialAction\":[{\"@type\":\"SearchAction\",\"target\":{\"@type\":\"EntryPoint\",\"urlTemplate\":\"https:\/\/lubeljoyeria.com\/?s={search_term_string}\"},\"query-input\":{\"@type\":\"PropertyValueSpecification\",\"valueRequired\":true,\"valueName\":\"search_term_string\"}}],\"inLanguage\":\"es\"},{\"@type\":\"Organization\",\"@id\":\"https:\/\/lubeljoyeria.com\/#organization\",\"name\":\"Lubel joyeria. Joyeria en Plata . Distribuidor oficial de Swarovski. - Lubel\",\"url\":\"https:\/\/lubeljoyeria.com\/\",\"logo\":{\"@type\":\"ImageObject\",\"inLanguage\":\"es\",\"@id\":\"https:\/\/lubeljoyeria.com\/#\/schema\/logo\/image\/\",\"url\":\"https:\/\/lubeljoyeria.com\/wp-content\/uploads\/2020\/10\/lubel-joyeria-logo-1543825573-1.png\",\"contentUrl\":\"https:\/\/lubeljoyeria.com\/wp-content\/uploads\/2020\/10\/lubel-joyeria-logo-1543825573-1.png\",\"width\":135,\"height\":31,\"caption\":\"Lubel joyeria. Joyeria en Plata . Distribuidor oficial de Swarovski. - Lubel\"},\"image\":{\"@id\":\"https:\/\/lubeljoyeria.com\/#\/schema\/logo\/image\/\"}}]}<\/script>\n<!-- \/ Yoast SEO Premium plugin. -->","yoast_head_json":{"title":"Colgante Swarovski, Stilla Attract - Distribuidor oficial Swarovski","description":"Este colgante de la familia Stilla Attract est\u00e1 ba\u00f1ado en oro rosa y presenta una circonita en talla cuadrada en un refinado engaste de garra doble.","robots":{"index":"index","follow":"follow","max-snippet":"max-snippet:-1","max-image-preview":"max-image-preview:large","max-video-preview":"max-video-preview:-1"},"canonical":"https:\/\/lubeljoyeria.com\/producto\/colgante-swarovski-stilla-attract","og_locale":"es_ES","og_type":"article","og_title":"Colgante Swarovski, Stilla Attract","og_description":"Este colgante de la familia Stilla Attract est\u00e1 ba\u00f1ado en oro rosa y presenta una circonita en talla cuadrada en un refinado engaste de garra doble.","og_url":"https:\/\/lubeljoyeria.com\/producto\/colgante-swarovski-stilla-attract","og_site_name":"Lubel joyeria. Joyeria en Plata . Distribuidor oficial de Swarovski. - Lubel","article_modified_time":"2024-11-08T12:21:53+00:00","og_image":[{"width":564,"height":573,"url":"https:\/\/lubeljoyeria.com\/wp-content\/uploads\/2024\/11\/Screenshot_1-6.png","type":"image\/png"}],"twitter_card":"summary_large_image","twitter_misc":{"Tiempo de lectura":"1 minuto"},"schema":{"@context":"https:\/\/schema.org","@graph":[{"@type":"WebPage","@id":"https:\/\/lubeljoyeria.com\/producto\/colgante-swarovski-stilla-attract","url":"https:\/\/lubeljoyeria.com\/producto\/colgante-swarovski-stilla-attract","name":"Colgante Swarovski, Stilla Attract - Distribuidor oficial Swarovski","isPartOf":{"@id":"https:\/\/lubeljoyeria.com\/#website"},"primaryImageOfPage":{"@id":"https:\/\/lubeljoyeria.com\/producto\/colgante-swarovski-stilla-attract#primaryimage"},"image":{"@id":"https:\/\/lubeljoyeria.com\/producto\/colgante-swarovski-stilla-attract#primaryimage"},"thumbnailUrl":"https:\/\/lubeljoyeria.com\/wp-content\/uploads\/2024\/11\/Screenshot_1-6.png","datePublished":"2024-11-08T12:21:52+00:00","dateModified":"2024-11-08T12:21:53+00:00","description":"Este colgante de la familia Stilla Attract est\u00e1 ba\u00f1ado en oro rosa y presenta una circonita en talla cuadrada en un refinado engaste de garra doble.","breadcrumb":{"@id":"https:\/\/lubeljoyeria.com\/producto\/colgante-swarovski-stilla-attract#breadcrumb"},"inLanguage":"es","potentialAction":[{"@type":"ReadAction","target":["https:\/\/lubeljoyeria.com\/producto\/colgante-swarovski-stilla-attract"]}]},{"@type":"ImageObject","inLanguage":"es","@id":"https:\/\/lubeljoyeria.com\/producto\/colgante-swarovski-stilla-attract#primaryimage","url":"https:\/\/lubeljoyeria.com\/wp-content\/uploads\/2024\/11\/Screenshot_1-6.png","contentUrl":"https:\/\/lubeljoyeria.com\/wp-content\/uploads\/2024\/11\/Screenshot_1-6.png","width":564,"height":573,"caption":"La elegancia atemporal de la emblem\u00e1tica familia Stilla brilla en este precioso colgante. El dise\u00f1o ba\u00f1ado en oro rosa presenta una circonita en talla cuadrada en un refinado engaste de garra doble, mientras que la cadena alargada est\u00e1 acabada con un cierre de mosquet\u00f3n. Esta polifac\u00e9tica pieza es un regalo hipnotizante para alguien especial. Tama\u00f1o: Largo (m\u00ednimo - m\u00e1ximo): 38 - 45 cm Tama\u00f1o del motivo: 0.8 x 0.9 cm Material: Ba\u00f1o de oro rosa y circonitas."},{"@type":"BreadcrumbList","@id":"https:\/\/lubeljoyeria.com\/producto\/colgante-swarovski-stilla-attract#breadcrumb","itemListElement":[{"@type":"ListItem","position":1,"name":"Home","item":"https:\/\/lubeljoyeria.com\/"},{"@type":"ListItem","position":2,"name":"Tienda","item":"https:\/\/lubeljoyeria.com\/?page_id=6"},{"@type":"ListItem","position":3,"name":"Colgante Swarovski, Stilla Attract"}]},{"@type":"WebSite","@id":"https:\/\/lubeljoyeria.com\/#website","url":"https:\/\/lubeljoyeria.com\/","name":"Lubel joyeria. Joyeria en Plata . Distribuidor oficial de Swarovski. - Lubel","description":"Lubel joyeria. Joyeria en Plata . Distribuidor oficial de Swarovski. - Lubel","publisher":{"@id":"https:\/\/lubeljoyeria.com\/#organization"},"potentialAction":[{"@type":"SearchAction","target":{"@type":"EntryPoint","urlTemplate":"https:\/\/lubeljoyeria.com\/?s={search_term_string}"},"query-input":{"@type":"PropertyValueSpecification","valueRequired":true,"valueName":"search_term_string"}}],"inLanguage":"es"},{"@type":"Organization","@id":"https:\/\/lubeljoyeria.com\/#organization","name":"Lubel joyeria. Joyeria en Plata . Distribuidor oficial de Swarovski. - Lubel","url":"https:\/\/lubeljoyeria.com\/","logo":{"@type":"ImageObject","inLanguage":"es","@id":"https:\/\/lubeljoyeria.com\/#\/schema\/logo\/image\/","url":"https:\/\/lubeljoyeria.com\/wp-content\/uploads\/2020\/10\/lubel-joyeria-logo-1543825573-1.png","contentUrl":"https:\/\/lubeljoyeria.com\/wp-content\/uploads\/2020\/10\/lubel-joyeria-logo-1543825573-1.png","width":135,"height":31,"caption":"Lubel joyeria. Joyeria en Plata . Distribuidor oficial de Swarovski. - Lubel"},"image":{"@id":"https:\/\/lubeljoyeria.com\/#\/schema\/logo\/image\/"}}]}},"_links":{"self":[{"href":"https:\/\/lubeljoyeria.com\/index.php?rest_route=\/wp\/v2\/product\/26930","targetHints":{"allow":["GET"]}}],"collection":[{"href":"https:\/\/lubeljoyeria.com\/index.php?rest_route=\/wp\/v2\/product"}],"about":[{"href":"https:\/\/lubeljoyeria.com\/index.php?rest_route=\/wp\/v2\/types\/product"}],"wp:featuredmedia":[{"embeddable":true,"href":"https:\/\/lubeljoyeria.com\/index.php?rest_route=\/wp\/v2\/media\/26932"}],"wp:attachment":[{"href":"https:\/\/lubeljoyeria.com\/index.php?rest_route=%2Fwp%2Fv2%2Fmedia&parent=26930"}],"wp:term":[{"taxonomy":"product_brand","embeddable":true,"href":"https:\/\/lubeljoyeria.com\/index.php?rest_route=%2Fwp%2Fv2%2Fproduct_brand&post=26930"},{"taxonomy":"product_cat","embeddable":true,"href":"https:\/\/lubeljoyeria.com\/index.php?rest_route=%2Fwp%2Fv2%2Fproduct_cat&post=26930"},{"taxonomy":"product_tag","embeddable":true,"href":"https:\/\/lubeljoyeria.com\/index.php?rest_route=%2Fwp%2Fv2%2Fproduct_tag&post=26930"}],"curies":[{"name":"wp","href":"https:\/\/api.w.org\/{rel}","templated":true}]}}