{"id":26782,"date":"2024-10-21T10:19:16","date_gmt":"2024-10-21T10:19:16","guid":{"rendered":"https:\/\/lubeljoyeria.com\/?post_type=product&#038;p=26782"},"modified":"2024-10-21T10:19:19","modified_gmt":"2024-10-21T10:19:19","slug":"boligrafo-swarovski-crystalline-lustre","status":"publish","type":"product","link":"https:\/\/lubeljoyeria.com\/?product=boligrafo-swarovski-crystalline-lustre","title":{"rendered":"Bol\u00edgrafo Swarovski, Crystalline Lustre"},"content":{"rendered":"<p>El lujoso bol\u00edgrafo Crystalline Lustre est\u00e1 inspirado en la vivacidad de los colores. Este distintivo instrumento de escritura presenta un tambor redondo en azul y verde, as\u00ed como detalles con ba\u00f1o de oro entre los que se incluye un \u00fatil clip grabado con el nombre de Swarovski. El centro de este llamativo dise\u00f1o est\u00e1 iluminado con aproximadamente 480 brillantes cristales, a\u00f1adidos meticulosamente mediante la emblem\u00e1tica t\u00e9cnica Crystalline. Un complemento destacado para tu escritorio o un regalo distintivo para un ser querido al que le guste escribir. En las tiendas Swarovski se pueden comprar recambios de tinta negra y azul.<\/p>\n<p>Tama\u00f1o: \u00a014.4 x 1.1 cm<\/p>\n<p>Material: Cristales, ba\u00f1o de oro, lacado verde y lacado azul.<\/p>\n","protected":false},"excerpt":{"rendered":"<p>El lujoso bol\u00edgrafo Crystalline Lustre est\u00e1 inspirado en la vivacidad de los colores. Este distintivo instrumento de escritura presenta un tambor redondo en azul y verde, as\u00ed como detalles con ba\u00f1o de oro entre los que se incluye un \u00fatil clip grabado con el nombre de Swarovski. El centro de este llamativo dise\u00f1o est\u00e1 iluminado con aproximadamente 480 brillantes cristales, a\u00f1adidos meticulosamente mediante la emblem\u00e1tica t\u00e9cnica Crystalline. Un complemento destacado para tu escritorio o un regalo distintivo para un ser querido al que le guste escribir. En las tiendas Swarovski se pueden comprar recambios de tinta negra y azul.<\/p>\n<p>Tama\u00f1o: \u00a014.4 x 1.1 cm<\/p>\n<p>Material: Cristales, ba\u00f1o de oro, lacado verde y lacado azul.<\/p>\n","protected":false},"featured_media":26784,"template":"","meta":{"_joinchat":[]},"product_brand":[1437],"product_cat":[1463,1464,1470,1532],"product_tag":[],"class_list":{"0":"post-26782","1":"product","2":"type-product","3":"status-publish","4":"has-post-thumbnail","6":"product_brand-swarovski","7":"product_cat-inicio","8":"product_cat-principal","9":"product_cat-swarovski","10":"product_cat-accesorios","11":"sales-flash-overlay","12":"woocommerce-text-align-center","13":"woocommerce-image-align-center","14":"do-quantity-buttons","15":"wc-has-gallery","17":"first","18":"instock","19":"taxable","20":"shipping-taxable","21":"purchasable","22":"product-type-simple"},"yoast_head":"<!-- This site is optimized with the Yoast SEO Premium plugin v22.5 (Yoast SEO v26.5) - https:\/\/yoast.com\/wordpress\/plugins\/seo\/ -->\n<title>Bol\u00edgrafo Swarovski, Crystalline Lustre - Distribuidor oficial Swarovski<\/title>\n<meta name=\"description\" content=\"Bol\u00edgrafo con tambor redondo en azul y verde y detalles con ba\u00f1o de oro entre los que se incluye un \u00fatil clip grabado con el nombre de Swarovski.\" \/>\n<meta name=\"robots\" content=\"index, follow, max-snippet:-1, max-image-preview:large, max-video-preview:-1\" \/>\n<link rel=\"canonical\" href=\"https:\/\/lubeljoyeria.com\/producto\/boligrafo-swarovski-crystalline-lustre\" \/>\n<meta property=\"og:locale\" content=\"es_ES\" \/>\n<meta property=\"og:type\" content=\"article\" \/>\n<meta property=\"og:title\" content=\"Bol\u00edgrafo Swarovski, Crystalline Lustre\" \/>\n<meta property=\"og:description\" content=\"Bol\u00edgrafo con tambor redondo en azul y verde y detalles con ba\u00f1o de oro entre los que se incluye un \u00fatil clip grabado con el nombre de Swarovski.\" \/>\n<meta property=\"og:url\" content=\"https:\/\/lubeljoyeria.com\/producto\/boligrafo-swarovski-crystalline-lustre\" \/>\n<meta property=\"og:site_name\" content=\"Lubel joyeria. Joyeria en Plata . Distribuidor oficial de Swarovski. - Lubel\" \/>\n<meta property=\"article:modified_time\" content=\"2024-10-21T10:19:19+00:00\" \/>\n<meta property=\"og:image\" content=\"https:\/\/lubeljoyeria.com\/wp-content\/uploads\/2024\/10\/Screenshot_7.png\" \/>\n\t<meta property=\"og:image:width\" content=\"564\" \/>\n\t<meta property=\"og:image:height\" content=\"566\" \/>\n\t<meta property=\"og:image:type\" content=\"image\/png\" \/>\n<meta name=\"twitter:card\" content=\"summary_large_image\" \/>\n<meta name=\"twitter:label1\" content=\"Tiempo de lectura\" \/>\n\t<meta name=\"twitter:data1\" content=\"1 minuto\" \/>\n<script type=\"application\/ld+json\" class=\"yoast-schema-graph\">{\"@context\":\"https:\/\/schema.org\",\"@graph\":[{\"@type\":\"WebPage\",\"@id\":\"https:\/\/lubeljoyeria.com\/producto\/boligrafo-swarovski-crystalline-lustre\",\"url\":\"https:\/\/lubeljoyeria.com\/producto\/boligrafo-swarovski-crystalline-lustre\",\"name\":\"Bol\u00edgrafo Swarovski, Crystalline Lustre - Distribuidor oficial Swarovski\",\"isPartOf\":{\"@id\":\"https:\/\/lubeljoyeria.com\/#website\"},\"primaryImageOfPage\":{\"@id\":\"https:\/\/lubeljoyeria.com\/producto\/boligrafo-swarovski-crystalline-lustre#primaryimage\"},\"image\":{\"@id\":\"https:\/\/lubeljoyeria.com\/producto\/boligrafo-swarovski-crystalline-lustre#primaryimage\"},\"thumbnailUrl\":\"https:\/\/lubeljoyeria.com\/wp-content\/uploads\/2024\/10\/Screenshot_7.png\",\"datePublished\":\"2024-10-21T10:19:16+00:00\",\"dateModified\":\"2024-10-21T10:19:19+00:00\",\"description\":\"Bol\u00edgrafo con tambor redondo en azul y verde y detalles con ba\u00f1o de oro entre los que se incluye un \u00fatil clip grabado con el nombre de Swarovski.\",\"breadcrumb\":{\"@id\":\"https:\/\/lubeljoyeria.com\/producto\/boligrafo-swarovski-crystalline-lustre#breadcrumb\"},\"inLanguage\":\"es\",\"potentialAction\":[{\"@type\":\"ReadAction\",\"target\":[\"https:\/\/lubeljoyeria.com\/producto\/boligrafo-swarovski-crystalline-lustre\"]}]},{\"@type\":\"ImageObject\",\"inLanguage\":\"es\",\"@id\":\"https:\/\/lubeljoyeria.com\/producto\/boligrafo-swarovski-crystalline-lustre#primaryimage\",\"url\":\"https:\/\/lubeljoyeria.com\/wp-content\/uploads\/2024\/10\/Screenshot_7.png\",\"contentUrl\":\"https:\/\/lubeljoyeria.com\/wp-content\/uploads\/2024\/10\/Screenshot_7.png\",\"width\":564,\"height\":566,\"caption\":\"El lujoso bol\u00edgrafo Crystalline Lustre est\u00e1 inspirado en la vivacidad de los colores. Este distintivo instrumento de escritura presenta un tambor redondo en azul y verde, as\u00ed como detalles con ba\u00f1o de oro entre los que se incluye un \u00fatil clip grabado con el nombre de Swarovski. El centro de este llamativo dise\u00f1o est\u00e1 iluminado con aproximadamente 480 brillantes cristales, a\u00f1adidos meticulosamente mediante la emblem\u00e1tica t\u00e9cnica Crystalline. Un complemento destacado para tu escritorio o un regalo distintivo para un ser querido al que le guste escribir. En las tiendas Swarovski se pueden comprar recambios de tinta negra y azul. Tama\u00f1o: \u00a014.4 x 1.1 cm Material: Cristales, ba\u00f1o de oro, lacado verde y lacado azul.\"},{\"@type\":\"BreadcrumbList\",\"@id\":\"https:\/\/lubeljoyeria.com\/producto\/boligrafo-swarovski-crystalline-lustre#breadcrumb\",\"itemListElement\":[{\"@type\":\"ListItem\",\"position\":1,\"name\":\"Home\",\"item\":\"https:\/\/lubeljoyeria.com\/\"},{\"@type\":\"ListItem\",\"position\":2,\"name\":\"Tienda\",\"item\":\"https:\/\/lubeljoyeria.com\/?page_id=6\"},{\"@type\":\"ListItem\",\"position\":3,\"name\":\"Bol\u00edgrafo Swarovski, Crystalline Lustre\"}]},{\"@type\":\"WebSite\",\"@id\":\"https:\/\/lubeljoyeria.com\/#website\",\"url\":\"https:\/\/lubeljoyeria.com\/\",\"name\":\"Lubel joyeria. Joyeria en Plata . Distribuidor oficial de Swarovski. - Lubel\",\"description\":\"Lubel joyeria. Joyeria en Plata . Distribuidor oficial de Swarovski. - Lubel\",\"publisher\":{\"@id\":\"https:\/\/lubeljoyeria.com\/#organization\"},\"potentialAction\":[{\"@type\":\"SearchAction\",\"target\":{\"@type\":\"EntryPoint\",\"urlTemplate\":\"https:\/\/lubeljoyeria.com\/?s={search_term_string}\"},\"query-input\":{\"@type\":\"PropertyValueSpecification\",\"valueRequired\":true,\"valueName\":\"search_term_string\"}}],\"inLanguage\":\"es\"},{\"@type\":\"Organization\",\"@id\":\"https:\/\/lubeljoyeria.com\/#organization\",\"name\":\"Lubel joyeria. Joyeria en Plata . Distribuidor oficial de Swarovski. - Lubel\",\"url\":\"https:\/\/lubeljoyeria.com\/\",\"logo\":{\"@type\":\"ImageObject\",\"inLanguage\":\"es\",\"@id\":\"https:\/\/lubeljoyeria.com\/#\/schema\/logo\/image\/\",\"url\":\"https:\/\/lubeljoyeria.com\/wp-content\/uploads\/2020\/10\/lubel-joyeria-logo-1543825573-1.png\",\"contentUrl\":\"https:\/\/lubeljoyeria.com\/wp-content\/uploads\/2020\/10\/lubel-joyeria-logo-1543825573-1.png\",\"width\":135,\"height\":31,\"caption\":\"Lubel joyeria. Joyeria en Plata . Distribuidor oficial de Swarovski. - Lubel\"},\"image\":{\"@id\":\"https:\/\/lubeljoyeria.com\/#\/schema\/logo\/image\/\"}}]}<\/script>\n<!-- \/ Yoast SEO Premium plugin. -->","yoast_head_json":{"title":"Bol\u00edgrafo Swarovski, Crystalline Lustre - Distribuidor oficial Swarovski","description":"Bol\u00edgrafo con tambor redondo en azul y verde y detalles con ba\u00f1o de oro entre los que se incluye un \u00fatil clip grabado con el nombre de Swarovski.","robots":{"index":"index","follow":"follow","max-snippet":"max-snippet:-1","max-image-preview":"max-image-preview:large","max-video-preview":"max-video-preview:-1"},"canonical":"https:\/\/lubeljoyeria.com\/producto\/boligrafo-swarovski-crystalline-lustre","og_locale":"es_ES","og_type":"article","og_title":"Bol\u00edgrafo Swarovski, Crystalline Lustre","og_description":"Bol\u00edgrafo con tambor redondo en azul y verde y detalles con ba\u00f1o de oro entre los que se incluye un \u00fatil clip grabado con el nombre de Swarovski.","og_url":"https:\/\/lubeljoyeria.com\/producto\/boligrafo-swarovski-crystalline-lustre","og_site_name":"Lubel joyeria. Joyeria en Plata . Distribuidor oficial de Swarovski. - Lubel","article_modified_time":"2024-10-21T10:19:19+00:00","og_image":[{"width":564,"height":566,"url":"https:\/\/lubeljoyeria.com\/wp-content\/uploads\/2024\/10\/Screenshot_7.png","type":"image\/png"}],"twitter_card":"summary_large_image","twitter_misc":{"Tiempo de lectura":"1 minuto"},"schema":{"@context":"https:\/\/schema.org","@graph":[{"@type":"WebPage","@id":"https:\/\/lubeljoyeria.com\/producto\/boligrafo-swarovski-crystalline-lustre","url":"https:\/\/lubeljoyeria.com\/producto\/boligrafo-swarovski-crystalline-lustre","name":"Bol\u00edgrafo Swarovski, Crystalline Lustre - Distribuidor oficial Swarovski","isPartOf":{"@id":"https:\/\/lubeljoyeria.com\/#website"},"primaryImageOfPage":{"@id":"https:\/\/lubeljoyeria.com\/producto\/boligrafo-swarovski-crystalline-lustre#primaryimage"},"image":{"@id":"https:\/\/lubeljoyeria.com\/producto\/boligrafo-swarovski-crystalline-lustre#primaryimage"},"thumbnailUrl":"https:\/\/lubeljoyeria.com\/wp-content\/uploads\/2024\/10\/Screenshot_7.png","datePublished":"2024-10-21T10:19:16+00:00","dateModified":"2024-10-21T10:19:19+00:00","description":"Bol\u00edgrafo con tambor redondo en azul y verde y detalles con ba\u00f1o de oro entre los que se incluye un \u00fatil clip grabado con el nombre de Swarovski.","breadcrumb":{"@id":"https:\/\/lubeljoyeria.com\/producto\/boligrafo-swarovski-crystalline-lustre#breadcrumb"},"inLanguage":"es","potentialAction":[{"@type":"ReadAction","target":["https:\/\/lubeljoyeria.com\/producto\/boligrafo-swarovski-crystalline-lustre"]}]},{"@type":"ImageObject","inLanguage":"es","@id":"https:\/\/lubeljoyeria.com\/producto\/boligrafo-swarovski-crystalline-lustre#primaryimage","url":"https:\/\/lubeljoyeria.com\/wp-content\/uploads\/2024\/10\/Screenshot_7.png","contentUrl":"https:\/\/lubeljoyeria.com\/wp-content\/uploads\/2024\/10\/Screenshot_7.png","width":564,"height":566,"caption":"El lujoso bol\u00edgrafo Crystalline Lustre est\u00e1 inspirado en la vivacidad de los colores. Este distintivo instrumento de escritura presenta un tambor redondo en azul y verde, as\u00ed como detalles con ba\u00f1o de oro entre los que se incluye un \u00fatil clip grabado con el nombre de Swarovski. El centro de este llamativo dise\u00f1o est\u00e1 iluminado con aproximadamente 480 brillantes cristales, a\u00f1adidos meticulosamente mediante la emblem\u00e1tica t\u00e9cnica Crystalline. Un complemento destacado para tu escritorio o un regalo distintivo para un ser querido al que le guste escribir. En las tiendas Swarovski se pueden comprar recambios de tinta negra y azul. Tama\u00f1o: \u00a014.4 x 1.1 cm Material: Cristales, ba\u00f1o de oro, lacado verde y lacado azul."},{"@type":"BreadcrumbList","@id":"https:\/\/lubeljoyeria.com\/producto\/boligrafo-swarovski-crystalline-lustre#breadcrumb","itemListElement":[{"@type":"ListItem","position":1,"name":"Home","item":"https:\/\/lubeljoyeria.com\/"},{"@type":"ListItem","position":2,"name":"Tienda","item":"https:\/\/lubeljoyeria.com\/?page_id=6"},{"@type":"ListItem","position":3,"name":"Bol\u00edgrafo Swarovski, Crystalline Lustre"}]},{"@type":"WebSite","@id":"https:\/\/lubeljoyeria.com\/#website","url":"https:\/\/lubeljoyeria.com\/","name":"Lubel joyeria. Joyeria en Plata . Distribuidor oficial de Swarovski. - Lubel","description":"Lubel joyeria. Joyeria en Plata . Distribuidor oficial de Swarovski. - Lubel","publisher":{"@id":"https:\/\/lubeljoyeria.com\/#organization"},"potentialAction":[{"@type":"SearchAction","target":{"@type":"EntryPoint","urlTemplate":"https:\/\/lubeljoyeria.com\/?s={search_term_string}"},"query-input":{"@type":"PropertyValueSpecification","valueRequired":true,"valueName":"search_term_string"}}],"inLanguage":"es"},{"@type":"Organization","@id":"https:\/\/lubeljoyeria.com\/#organization","name":"Lubel joyeria. Joyeria en Plata . Distribuidor oficial de Swarovski. - Lubel","url":"https:\/\/lubeljoyeria.com\/","logo":{"@type":"ImageObject","inLanguage":"es","@id":"https:\/\/lubeljoyeria.com\/#\/schema\/logo\/image\/","url":"https:\/\/lubeljoyeria.com\/wp-content\/uploads\/2020\/10\/lubel-joyeria-logo-1543825573-1.png","contentUrl":"https:\/\/lubeljoyeria.com\/wp-content\/uploads\/2020\/10\/lubel-joyeria-logo-1543825573-1.png","width":135,"height":31,"caption":"Lubel joyeria. Joyeria en Plata . Distribuidor oficial de Swarovski. - Lubel"},"image":{"@id":"https:\/\/lubeljoyeria.com\/#\/schema\/logo\/image\/"}}]}},"_links":{"self":[{"href":"https:\/\/lubeljoyeria.com\/index.php?rest_route=\/wp\/v2\/product\/26782","targetHints":{"allow":["GET"]}}],"collection":[{"href":"https:\/\/lubeljoyeria.com\/index.php?rest_route=\/wp\/v2\/product"}],"about":[{"href":"https:\/\/lubeljoyeria.com\/index.php?rest_route=\/wp\/v2\/types\/product"}],"wp:featuredmedia":[{"embeddable":true,"href":"https:\/\/lubeljoyeria.com\/index.php?rest_route=\/wp\/v2\/media\/26784"}],"wp:attachment":[{"href":"https:\/\/lubeljoyeria.com\/index.php?rest_route=%2Fwp%2Fv2%2Fmedia&parent=26782"}],"wp:term":[{"taxonomy":"product_brand","embeddable":true,"href":"https:\/\/lubeljoyeria.com\/index.php?rest_route=%2Fwp%2Fv2%2Fproduct_brand&post=26782"},{"taxonomy":"product_cat","embeddable":true,"href":"https:\/\/lubeljoyeria.com\/index.php?rest_route=%2Fwp%2Fv2%2Fproduct_cat&post=26782"},{"taxonomy":"product_tag","embeddable":true,"href":"https:\/\/lubeljoyeria.com\/index.php?rest_route=%2Fwp%2Fv2%2Fproduct_tag&post=26782"}],"curies":[{"name":"wp","href":"https:\/\/api.w.org\/{rel}","templated":true}]}}