{"id":26768,"date":"2024-10-18T10:52:39","date_gmt":"2024-10-18T10:52:39","guid":{"rendered":"https:\/\/lubeljoyeria.com\/?post_type=product&#038;p=26768"},"modified":"2025-02-06T10:06:38","modified_gmt":"2025-02-06T10:06:38","slug":"pulsera-swarovski-una-angelic-tennis","status":"publish","type":"product","link":"https:\/\/lubeljoyeria.com\/?product=pulsera-swarovski-una-angelic-tennis","title":{"rendered":"Pulsera Swarovski, Tennis Una Angelic"},"content":{"rendered":"<p>Sofisticaci\u00f3n pura y atemporal. Esta pulsera Tennis ba\u00f1ada en rodio cuenta con una fila de cristales redondos transparentes, cada uno enmarcado con el brillo del pav\u00e9 de cristal transparente. Combina a la perfecci\u00f3n con otras piezas de la familia Una Angelic.<\/p>\n<p>Tama\u00f1o: Largo 17 cm.<\/p>\n<p>Material: Cristales y ba\u00f1o de rodio.<\/p>\n<p>&nbsp;<\/p>\n","protected":false},"excerpt":{"rendered":"<p>Sofisticaci\u00f3n pura y atemporal. Esta pulsera Tennis ba\u00f1ada en rodio cuenta con una fila de cristales redondos transparentes, cada uno enmarcado con el brillo del pav\u00e9 de cristal transparente. Combina a la perfecci\u00f3n con otras piezas de la familia Una Angelic.<\/p>\n<p>Tama\u00f1o: Largo 17 cm.<\/p>\n<p>Material: Cristales y ba\u00f1o de rodio.<\/p>\n","protected":false},"featured_media":26771,"template":"","meta":{"_joinchat":[]},"product_brand":[1437],"product_cat":[1463,1464,1470,1530,1477,1522],"product_tag":[],"class_list":{"0":"post-26768","1":"product","2":"type-product","3":"status-publish","4":"has-post-thumbnail","6":"product_brand-swarovski","7":"product_cat-inicio","8":"product_cat-principal","9":"product_cat-swarovski","10":"product_cat-pulseras-swarovski","11":"product_cat-novias","12":"product_cat-pulseras-novias","13":"pa_tallapulseraswarovski-m","14":"sales-flash-overlay","15":"woocommerce-text-align-center","16":"woocommerce-image-align-center","17":"do-quantity-buttons","18":"wc-has-gallery","20":"first","21":"instock","22":"taxable","23":"shipping-taxable","24":"purchasable","25":"product-type-variable"},"yoast_head":"<!-- This site is optimized with the Yoast SEO Premium plugin v22.5 (Yoast SEO v26.5) - https:\/\/yoast.com\/wordpress\/plugins\/seo\/ -->\n<title>Pulsera Swarovski, Tennis Una Angelic - Distribuidor oficial Swarovski<\/title>\n<meta name=\"description\" content=\"Esta pulsera ba\u00f1ada en rodio cuenta con una fila de cristales redondos transparentes, cada uno enmarcado con el brillo del pav\u00e9 de cristal transparente.\" \/>\n<meta name=\"robots\" content=\"index, follow, max-snippet:-1, max-image-preview:large, max-video-preview:-1\" \/>\n<link rel=\"canonical\" href=\"https:\/\/lubeljoyeria.com\/producto\/pulsera-swarovski-una-angelic-tennis\" \/>\n<meta property=\"og:locale\" content=\"es_ES\" \/>\n<meta property=\"og:type\" content=\"article\" \/>\n<meta property=\"og:title\" content=\"Pulsera Swarovski, Tennis Una Angelic\" \/>\n<meta property=\"og:description\" content=\"Esta pulsera ba\u00f1ada en rodio cuenta con una fila de cristales redondos transparentes, cada uno enmarcado con el brillo del pav\u00e9 de cristal transparente.\" \/>\n<meta property=\"og:url\" content=\"https:\/\/lubeljoyeria.com\/producto\/pulsera-swarovski-una-angelic-tennis\" \/>\n<meta property=\"og:site_name\" content=\"Lubel joyeria. Joyeria en Plata . Distribuidor oficial de Swarovski. - Lubel\" \/>\n<meta property=\"article:modified_time\" content=\"2025-02-06T10:06:38+00:00\" \/>\n<meta property=\"og:image\" content=\"https:\/\/lubeljoyeria.com\/wp-content\/uploads\/2024\/10\/Screenshot_1.png\" \/>\n\t<meta property=\"og:image:width\" content=\"501\" \/>\n\t<meta property=\"og:image:height\" content=\"499\" \/>\n\t<meta property=\"og:image:type\" content=\"image\/png\" \/>\n<meta name=\"twitter:card\" content=\"summary_large_image\" \/>\n<meta name=\"twitter:label1\" content=\"Tiempo de lectura\" \/>\n\t<meta name=\"twitter:data1\" content=\"1 minuto\" \/>\n<script type=\"application\/ld+json\" class=\"yoast-schema-graph\">{\"@context\":\"https:\/\/schema.org\",\"@graph\":[{\"@type\":\"WebPage\",\"@id\":\"https:\/\/lubeljoyeria.com\/producto\/pulsera-swarovski-una-angelic-tennis\",\"url\":\"https:\/\/lubeljoyeria.com\/producto\/pulsera-swarovski-una-angelic-tennis\",\"name\":\"Pulsera Swarovski, Tennis Una Angelic - Distribuidor oficial Swarovski\",\"isPartOf\":{\"@id\":\"https:\/\/lubeljoyeria.com\/#website\"},\"primaryImageOfPage\":{\"@id\":\"https:\/\/lubeljoyeria.com\/producto\/pulsera-swarovski-una-angelic-tennis#primaryimage\"},\"image\":{\"@id\":\"https:\/\/lubeljoyeria.com\/producto\/pulsera-swarovski-una-angelic-tennis#primaryimage\"},\"thumbnailUrl\":\"https:\/\/lubeljoyeria.com\/wp-content\/uploads\/2024\/10\/Screenshot_1.png\",\"datePublished\":\"2024-10-18T10:52:39+00:00\",\"dateModified\":\"2025-02-06T10:06:38+00:00\",\"description\":\"Esta pulsera ba\u00f1ada en rodio cuenta con una fila de cristales redondos transparentes, cada uno enmarcado con el brillo del pav\u00e9 de cristal transparente.\",\"breadcrumb\":{\"@id\":\"https:\/\/lubeljoyeria.com\/producto\/pulsera-swarovski-una-angelic-tennis#breadcrumb\"},\"inLanguage\":\"es\",\"potentialAction\":[{\"@type\":\"ReadAction\",\"target\":[\"https:\/\/lubeljoyeria.com\/producto\/pulsera-swarovski-una-angelic-tennis\"]}]},{\"@type\":\"ImageObject\",\"inLanguage\":\"es\",\"@id\":\"https:\/\/lubeljoyeria.com\/producto\/pulsera-swarovski-una-angelic-tennis#primaryimage\",\"url\":\"https:\/\/lubeljoyeria.com\/wp-content\/uploads\/2024\/10\/Screenshot_1.png\",\"contentUrl\":\"https:\/\/lubeljoyeria.com\/wp-content\/uploads\/2024\/10\/Screenshot_1.png\",\"width\":501,\"height\":499,\"caption\":\"Sofisticaci\u00f3n pura y atemporal. Esta pulsera Tennis ba\u00f1ada en rodio cuenta con una fila de cristales redondos transparentes, cada uno enmarcado con el brillo del pav\u00e9 de cristal transparente. Combina a la perfecci\u00f3n con otras piezas de la familia Una Angelic. Tama\u00f1o: Largo 17 cm. Material: Cristales y ba\u00f1o de rodio.\"},{\"@type\":\"BreadcrumbList\",\"@id\":\"https:\/\/lubeljoyeria.com\/producto\/pulsera-swarovski-una-angelic-tennis#breadcrumb\",\"itemListElement\":[{\"@type\":\"ListItem\",\"position\":1,\"name\":\"Home\",\"item\":\"https:\/\/lubeljoyeria.com\/\"},{\"@type\":\"ListItem\",\"position\":2,\"name\":\"Tienda\",\"item\":\"https:\/\/lubeljoyeria.com\/?page_id=6\"},{\"@type\":\"ListItem\",\"position\":3,\"name\":\"Pulsera Swarovski, Tennis Una Angelic\"}]},{\"@type\":\"WebSite\",\"@id\":\"https:\/\/lubeljoyeria.com\/#website\",\"url\":\"https:\/\/lubeljoyeria.com\/\",\"name\":\"Lubel joyeria. Joyeria en Plata . Distribuidor oficial de Swarovski. - Lubel\",\"description\":\"Lubel joyeria. Joyeria en Plata . Distribuidor oficial de Swarovski. - Lubel\",\"publisher\":{\"@id\":\"https:\/\/lubeljoyeria.com\/#organization\"},\"potentialAction\":[{\"@type\":\"SearchAction\",\"target\":{\"@type\":\"EntryPoint\",\"urlTemplate\":\"https:\/\/lubeljoyeria.com\/?s={search_term_string}\"},\"query-input\":{\"@type\":\"PropertyValueSpecification\",\"valueRequired\":true,\"valueName\":\"search_term_string\"}}],\"inLanguage\":\"es\"},{\"@type\":\"Organization\",\"@id\":\"https:\/\/lubeljoyeria.com\/#organization\",\"name\":\"Lubel joyeria. Joyeria en Plata . Distribuidor oficial de Swarovski. - Lubel\",\"url\":\"https:\/\/lubeljoyeria.com\/\",\"logo\":{\"@type\":\"ImageObject\",\"inLanguage\":\"es\",\"@id\":\"https:\/\/lubeljoyeria.com\/#\/schema\/logo\/image\/\",\"url\":\"https:\/\/lubeljoyeria.com\/wp-content\/uploads\/2020\/10\/lubel-joyeria-logo-1543825573-1.png\",\"contentUrl\":\"https:\/\/lubeljoyeria.com\/wp-content\/uploads\/2020\/10\/lubel-joyeria-logo-1543825573-1.png\",\"width\":135,\"height\":31,\"caption\":\"Lubel joyeria. Joyeria en Plata . Distribuidor oficial de Swarovski. - Lubel\"},\"image\":{\"@id\":\"https:\/\/lubeljoyeria.com\/#\/schema\/logo\/image\/\"}}]}<\/script>\n<!-- \/ Yoast SEO Premium plugin. -->","yoast_head_json":{"title":"Pulsera Swarovski, Tennis Una Angelic - Distribuidor oficial Swarovski","description":"Esta pulsera ba\u00f1ada en rodio cuenta con una fila de cristales redondos transparentes, cada uno enmarcado con el brillo del pav\u00e9 de cristal transparente.","robots":{"index":"index","follow":"follow","max-snippet":"max-snippet:-1","max-image-preview":"max-image-preview:large","max-video-preview":"max-video-preview:-1"},"canonical":"https:\/\/lubeljoyeria.com\/producto\/pulsera-swarovski-una-angelic-tennis","og_locale":"es_ES","og_type":"article","og_title":"Pulsera Swarovski, Tennis Una Angelic","og_description":"Esta pulsera ba\u00f1ada en rodio cuenta con una fila de cristales redondos transparentes, cada uno enmarcado con el brillo del pav\u00e9 de cristal transparente.","og_url":"https:\/\/lubeljoyeria.com\/producto\/pulsera-swarovski-una-angelic-tennis","og_site_name":"Lubel joyeria. Joyeria en Plata . Distribuidor oficial de Swarovski. - Lubel","article_modified_time":"2025-02-06T10:06:38+00:00","og_image":[{"width":501,"height":499,"url":"https:\/\/lubeljoyeria.com\/wp-content\/uploads\/2024\/10\/Screenshot_1.png","type":"image\/png"}],"twitter_card":"summary_large_image","twitter_misc":{"Tiempo de lectura":"1 minuto"},"schema":{"@context":"https:\/\/schema.org","@graph":[{"@type":"WebPage","@id":"https:\/\/lubeljoyeria.com\/producto\/pulsera-swarovski-una-angelic-tennis","url":"https:\/\/lubeljoyeria.com\/producto\/pulsera-swarovski-una-angelic-tennis","name":"Pulsera Swarovski, Tennis Una Angelic - Distribuidor oficial Swarovski","isPartOf":{"@id":"https:\/\/lubeljoyeria.com\/#website"},"primaryImageOfPage":{"@id":"https:\/\/lubeljoyeria.com\/producto\/pulsera-swarovski-una-angelic-tennis#primaryimage"},"image":{"@id":"https:\/\/lubeljoyeria.com\/producto\/pulsera-swarovski-una-angelic-tennis#primaryimage"},"thumbnailUrl":"https:\/\/lubeljoyeria.com\/wp-content\/uploads\/2024\/10\/Screenshot_1.png","datePublished":"2024-10-18T10:52:39+00:00","dateModified":"2025-02-06T10:06:38+00:00","description":"Esta pulsera ba\u00f1ada en rodio cuenta con una fila de cristales redondos transparentes, cada uno enmarcado con el brillo del pav\u00e9 de cristal transparente.","breadcrumb":{"@id":"https:\/\/lubeljoyeria.com\/producto\/pulsera-swarovski-una-angelic-tennis#breadcrumb"},"inLanguage":"es","potentialAction":[{"@type":"ReadAction","target":["https:\/\/lubeljoyeria.com\/producto\/pulsera-swarovski-una-angelic-tennis"]}]},{"@type":"ImageObject","inLanguage":"es","@id":"https:\/\/lubeljoyeria.com\/producto\/pulsera-swarovski-una-angelic-tennis#primaryimage","url":"https:\/\/lubeljoyeria.com\/wp-content\/uploads\/2024\/10\/Screenshot_1.png","contentUrl":"https:\/\/lubeljoyeria.com\/wp-content\/uploads\/2024\/10\/Screenshot_1.png","width":501,"height":499,"caption":"Sofisticaci\u00f3n pura y atemporal. Esta pulsera Tennis ba\u00f1ada en rodio cuenta con una fila de cristales redondos transparentes, cada uno enmarcado con el brillo del pav\u00e9 de cristal transparente. Combina a la perfecci\u00f3n con otras piezas de la familia Una Angelic. Tama\u00f1o: Largo 17 cm. Material: Cristales y ba\u00f1o de rodio."},{"@type":"BreadcrumbList","@id":"https:\/\/lubeljoyeria.com\/producto\/pulsera-swarovski-una-angelic-tennis#breadcrumb","itemListElement":[{"@type":"ListItem","position":1,"name":"Home","item":"https:\/\/lubeljoyeria.com\/"},{"@type":"ListItem","position":2,"name":"Tienda","item":"https:\/\/lubeljoyeria.com\/?page_id=6"},{"@type":"ListItem","position":3,"name":"Pulsera Swarovski, Tennis Una Angelic"}]},{"@type":"WebSite","@id":"https:\/\/lubeljoyeria.com\/#website","url":"https:\/\/lubeljoyeria.com\/","name":"Lubel joyeria. Joyeria en Plata . Distribuidor oficial de Swarovski. - Lubel","description":"Lubel joyeria. Joyeria en Plata . Distribuidor oficial de Swarovski. - Lubel","publisher":{"@id":"https:\/\/lubeljoyeria.com\/#organization"},"potentialAction":[{"@type":"SearchAction","target":{"@type":"EntryPoint","urlTemplate":"https:\/\/lubeljoyeria.com\/?s={search_term_string}"},"query-input":{"@type":"PropertyValueSpecification","valueRequired":true,"valueName":"search_term_string"}}],"inLanguage":"es"},{"@type":"Organization","@id":"https:\/\/lubeljoyeria.com\/#organization","name":"Lubel joyeria. Joyeria en Plata . Distribuidor oficial de Swarovski. - Lubel","url":"https:\/\/lubeljoyeria.com\/","logo":{"@type":"ImageObject","inLanguage":"es","@id":"https:\/\/lubeljoyeria.com\/#\/schema\/logo\/image\/","url":"https:\/\/lubeljoyeria.com\/wp-content\/uploads\/2020\/10\/lubel-joyeria-logo-1543825573-1.png","contentUrl":"https:\/\/lubeljoyeria.com\/wp-content\/uploads\/2020\/10\/lubel-joyeria-logo-1543825573-1.png","width":135,"height":31,"caption":"Lubel joyeria. Joyeria en Plata . Distribuidor oficial de Swarovski. - Lubel"},"image":{"@id":"https:\/\/lubeljoyeria.com\/#\/schema\/logo\/image\/"}}]}},"_links":{"self":[{"href":"https:\/\/lubeljoyeria.com\/index.php?rest_route=\/wp\/v2\/product\/26768","targetHints":{"allow":["GET"]}}],"collection":[{"href":"https:\/\/lubeljoyeria.com\/index.php?rest_route=\/wp\/v2\/product"}],"about":[{"href":"https:\/\/lubeljoyeria.com\/index.php?rest_route=\/wp\/v2\/types\/product"}],"wp:featuredmedia":[{"embeddable":true,"href":"https:\/\/lubeljoyeria.com\/index.php?rest_route=\/wp\/v2\/media\/26771"}],"wp:attachment":[{"href":"https:\/\/lubeljoyeria.com\/index.php?rest_route=%2Fwp%2Fv2%2Fmedia&parent=26768"}],"wp:term":[{"taxonomy":"product_brand","embeddable":true,"href":"https:\/\/lubeljoyeria.com\/index.php?rest_route=%2Fwp%2Fv2%2Fproduct_brand&post=26768"},{"taxonomy":"product_cat","embeddable":true,"href":"https:\/\/lubeljoyeria.com\/index.php?rest_route=%2Fwp%2Fv2%2Fproduct_cat&post=26768"},{"taxonomy":"product_tag","embeddable":true,"href":"https:\/\/lubeljoyeria.com\/index.php?rest_route=%2Fwp%2Fv2%2Fproduct_tag&post=26768"}],"curies":[{"name":"wp","href":"https:\/\/api.w.org\/{rel}","templated":true}]}}