{"id":26605,"date":"2024-08-12T18:23:48","date_gmt":"2024-08-12T18:23:48","guid":{"rendered":"https:\/\/lubeljoyeria.com\/?post_type=product&#038;p=26605"},"modified":"2025-02-10T17:22:26","modified_gmt":"2025-02-10T17:22:26","slug":"pulsera-swarovski-matrix-crystal-pearl","status":"publish","type":"product","link":"https:\/\/lubeljoyeria.com\/?product=pulsera-swarovski-matrix-crystal-pearl","title":{"rendered":"Pulsera Swarovski, Matrix Crystal Pearl"},"content":{"rendered":"<p>Esta refinada pulsera Matrix es sencillamente impresionante. La delicada cadena ba\u00f1ada en rodio alterna Swarovski Crystal Pearls blancas con circonitas en engaste de garra, que forman una brillante combinaci\u00f3n de color y luz sutiles. Comb\u00ednalo con unos pendientes Matrix a juego para amplificar tu brillo a diario.<\/p>\n<p>Tama\u00f1o:<\/p>\n<ul id=\"product-details-classifications-ellipsis\" class=\"swa-product-details__drawer__specs swa-text-sans--small\">\n<li>Largo (m\u00ednimo &#8211; m\u00e1ximo): 11 &#8211; 24 cm<\/li>\n<li>Ancho: 0.3 cm<\/li>\n<\/ul>\n<p>Material: Cristales, ba\u00f1o de rodio, perla de cristal y circonitas.<\/p>\n","protected":false},"excerpt":{"rendered":"<p>Esta refinada pulsera Matrix es sencillamente impresionante. La delicada cadena ba\u00f1ada en rodio alterna Swarovski Crystal Pearls blancas con circonitas en engaste de garra, que forman una brillante combinaci\u00f3n de color y luz sutiles. Comb\u00ednalo con unos pendientes Matrix a juego para amplificar tu brillo a diario.<\/p>\n<p>Tama\u00f1o:<\/p>\n<ul id=\"product-details-classifications-ellipsis\" class=\"swa-product-details__drawer__specs swa-text-sans--small\">\n<li>Largo (m\u00ednimo &#8211; m\u00e1ximo): 11 &#8211; 24 cm<\/li>\n<li>Ancho: 0.3 cm<\/li>\n<\/ul>\n<p>Material: Cristales, ba\u00f1o de rodio, perla de cristal y circonitas.<\/p>\n","protected":false},"featured_media":26608,"template":"","meta":{"_joinchat":[]},"product_brand":[1437],"product_cat":[1463,1464,1470,1530],"product_tag":[],"class_list":{"0":"post-26605","1":"product","2":"type-product","3":"status-publish","4":"has-post-thumbnail","6":"product_brand-swarovski","7":"product_cat-inicio","8":"product_cat-principal","9":"product_cat-swarovski","10":"product_cat-pulseras-swarovski","11":"pa_tallapulseraswarovski-m","12":"sales-flash-overlay","13":"woocommerce-text-align-center","14":"woocommerce-image-align-center","15":"do-quantity-buttons","16":"wc-has-gallery","18":"first","19":"instock","20":"taxable","21":"shipping-taxable","22":"purchasable","23":"product-type-variable"},"yoast_head":"<!-- This site is optimized with the Yoast SEO Premium plugin v22.5 (Yoast SEO v26.5) - https:\/\/yoast.com\/wordpress\/plugins\/seo\/ -->\n<title>Pulsera Swarovski, Matrix Crystal Pearl - Distribuidor oficial Swarovski<\/title>\n<meta name=\"description\" content=\"La delicada cadena ba\u00f1ada en rodio alterna Swarovski Crystal Pearls blancas con circonitas en engaste de garra. Comb\u00ednala con otra pieza Crystal Pearl.\" \/>\n<meta name=\"robots\" content=\"index, follow, max-snippet:-1, max-image-preview:large, max-video-preview:-1\" \/>\n<link rel=\"canonical\" href=\"https:\/\/lubeljoyeria.com\/producto\/pulsera-swarovski-matrix-crystal-pearl\" \/>\n<meta property=\"og:locale\" content=\"es_ES\" \/>\n<meta property=\"og:type\" content=\"article\" \/>\n<meta property=\"og:title\" content=\"Pulsera Swarovski, Matrix Crystal Pearl\" \/>\n<meta property=\"og:description\" content=\"La delicada cadena ba\u00f1ada en rodio alterna Swarovski Crystal Pearls blancas con circonitas en engaste de garra. Comb\u00ednala con otra pieza Crystal Pearl.\" \/>\n<meta property=\"og:url\" content=\"https:\/\/lubeljoyeria.com\/producto\/pulsera-swarovski-matrix-crystal-pearl\" \/>\n<meta property=\"og:site_name\" content=\"Lubel joyeria. Joyeria en Plata . Distribuidor oficial de Swarovski. - Lubel\" \/>\n<meta property=\"article:modified_time\" content=\"2025-02-10T17:22:26+00:00\" \/>\n<meta property=\"og:image\" content=\"https:\/\/lubeljoyeria.com\/wp-content\/uploads\/2024\/08\/Screenshot_2-27.png\" \/>\n\t<meta property=\"og:image:width\" content=\"501\" \/>\n\t<meta property=\"og:image:height\" content=\"492\" \/>\n\t<meta property=\"og:image:type\" content=\"image\/png\" \/>\n<meta name=\"twitter:card\" content=\"summary_large_image\" \/>\n<meta name=\"twitter:label1\" content=\"Tiempo de lectura\" \/>\n\t<meta name=\"twitter:data1\" content=\"1 minuto\" \/>\n<script type=\"application\/ld+json\" class=\"yoast-schema-graph\">{\"@context\":\"https:\/\/schema.org\",\"@graph\":[{\"@type\":\"WebPage\",\"@id\":\"https:\/\/lubeljoyeria.com\/producto\/pulsera-swarovski-matrix-crystal-pearl\",\"url\":\"https:\/\/lubeljoyeria.com\/producto\/pulsera-swarovski-matrix-crystal-pearl\",\"name\":\"Pulsera Swarovski, Matrix Crystal Pearl - Distribuidor oficial Swarovski\",\"isPartOf\":{\"@id\":\"https:\/\/lubeljoyeria.com\/#website\"},\"primaryImageOfPage\":{\"@id\":\"https:\/\/lubeljoyeria.com\/producto\/pulsera-swarovski-matrix-crystal-pearl#primaryimage\"},\"image\":{\"@id\":\"https:\/\/lubeljoyeria.com\/producto\/pulsera-swarovski-matrix-crystal-pearl#primaryimage\"},\"thumbnailUrl\":\"https:\/\/lubeljoyeria.com\/wp-content\/uploads\/2024\/08\/Screenshot_2-27.png\",\"datePublished\":\"2024-08-12T18:23:48+00:00\",\"dateModified\":\"2025-02-10T17:22:26+00:00\",\"description\":\"La delicada cadena ba\u00f1ada en rodio alterna Swarovski Crystal Pearls blancas con circonitas en engaste de garra. Comb\u00ednala con otra pieza Crystal Pearl.\",\"breadcrumb\":{\"@id\":\"https:\/\/lubeljoyeria.com\/producto\/pulsera-swarovski-matrix-crystal-pearl#breadcrumb\"},\"inLanguage\":\"es\",\"potentialAction\":[{\"@type\":\"ReadAction\",\"target\":[\"https:\/\/lubeljoyeria.com\/producto\/pulsera-swarovski-matrix-crystal-pearl\"]}]},{\"@type\":\"ImageObject\",\"inLanguage\":\"es\",\"@id\":\"https:\/\/lubeljoyeria.com\/producto\/pulsera-swarovski-matrix-crystal-pearl#primaryimage\",\"url\":\"https:\/\/lubeljoyeria.com\/wp-content\/uploads\/2024\/08\/Screenshot_2-27.png\",\"contentUrl\":\"https:\/\/lubeljoyeria.com\/wp-content\/uploads\/2024\/08\/Screenshot_2-27.png\",\"width\":501,\"height\":492,\"caption\":\"Esta refinada pulsera Matrix es sencillamente impresionante. La delicada cadena ba\u00f1ada en rodio alterna Swarovski Crystal Pearls blancas con circonitas en engaste de garra, que forman una brillante combinaci\u00f3n de color y luz sutiles. Comb\u00ednalo con unos pendientes Matrix a juego para amplificar tu brillo a diario. Tama\u00f1o: Largo (m\u00ednimo - m\u00e1ximo): 11 - 24 cm Ancho: 0.3 cm Material: Cristales, ba\u00f1o de rodio, perla de cristal y circonitas.\"},{\"@type\":\"BreadcrumbList\",\"@id\":\"https:\/\/lubeljoyeria.com\/producto\/pulsera-swarovski-matrix-crystal-pearl#breadcrumb\",\"itemListElement\":[{\"@type\":\"ListItem\",\"position\":1,\"name\":\"Home\",\"item\":\"https:\/\/lubeljoyeria.com\/\"},{\"@type\":\"ListItem\",\"position\":2,\"name\":\"Tienda\",\"item\":\"https:\/\/lubeljoyeria.com\/?page_id=6\"},{\"@type\":\"ListItem\",\"position\":3,\"name\":\"Pulsera Swarovski, Matrix Crystal Pearl\"}]},{\"@type\":\"WebSite\",\"@id\":\"https:\/\/lubeljoyeria.com\/#website\",\"url\":\"https:\/\/lubeljoyeria.com\/\",\"name\":\"Lubel joyeria. Joyeria en Plata . Distribuidor oficial de Swarovski. - Lubel\",\"description\":\"Lubel joyeria. Joyeria en Plata . Distribuidor oficial de Swarovski. - Lubel\",\"publisher\":{\"@id\":\"https:\/\/lubeljoyeria.com\/#organization\"},\"potentialAction\":[{\"@type\":\"SearchAction\",\"target\":{\"@type\":\"EntryPoint\",\"urlTemplate\":\"https:\/\/lubeljoyeria.com\/?s={search_term_string}\"},\"query-input\":{\"@type\":\"PropertyValueSpecification\",\"valueRequired\":true,\"valueName\":\"search_term_string\"}}],\"inLanguage\":\"es\"},{\"@type\":\"Organization\",\"@id\":\"https:\/\/lubeljoyeria.com\/#organization\",\"name\":\"Lubel joyeria. Joyeria en Plata . Distribuidor oficial de Swarovski. - Lubel\",\"url\":\"https:\/\/lubeljoyeria.com\/\",\"logo\":{\"@type\":\"ImageObject\",\"inLanguage\":\"es\",\"@id\":\"https:\/\/lubeljoyeria.com\/#\/schema\/logo\/image\/\",\"url\":\"https:\/\/lubeljoyeria.com\/wp-content\/uploads\/2020\/10\/lubel-joyeria-logo-1543825573-1.png\",\"contentUrl\":\"https:\/\/lubeljoyeria.com\/wp-content\/uploads\/2020\/10\/lubel-joyeria-logo-1543825573-1.png\",\"width\":135,\"height\":31,\"caption\":\"Lubel joyeria. Joyeria en Plata . Distribuidor oficial de Swarovski. - Lubel\"},\"image\":{\"@id\":\"https:\/\/lubeljoyeria.com\/#\/schema\/logo\/image\/\"}}]}<\/script>\n<!-- \/ Yoast SEO Premium plugin. -->","yoast_head_json":{"title":"Pulsera Swarovski, Matrix Crystal Pearl - Distribuidor oficial Swarovski","description":"La delicada cadena ba\u00f1ada en rodio alterna Swarovski Crystal Pearls blancas con circonitas en engaste de garra. Comb\u00ednala con otra pieza Crystal Pearl.","robots":{"index":"index","follow":"follow","max-snippet":"max-snippet:-1","max-image-preview":"max-image-preview:large","max-video-preview":"max-video-preview:-1"},"canonical":"https:\/\/lubeljoyeria.com\/producto\/pulsera-swarovski-matrix-crystal-pearl","og_locale":"es_ES","og_type":"article","og_title":"Pulsera Swarovski, Matrix Crystal Pearl","og_description":"La delicada cadena ba\u00f1ada en rodio alterna Swarovski Crystal Pearls blancas con circonitas en engaste de garra. Comb\u00ednala con otra pieza Crystal Pearl.","og_url":"https:\/\/lubeljoyeria.com\/producto\/pulsera-swarovski-matrix-crystal-pearl","og_site_name":"Lubel joyeria. Joyeria en Plata . Distribuidor oficial de Swarovski. - Lubel","article_modified_time":"2025-02-10T17:22:26+00:00","og_image":[{"width":501,"height":492,"url":"https:\/\/lubeljoyeria.com\/wp-content\/uploads\/2024\/08\/Screenshot_2-27.png","type":"image\/png"}],"twitter_card":"summary_large_image","twitter_misc":{"Tiempo de lectura":"1 minuto"},"schema":{"@context":"https:\/\/schema.org","@graph":[{"@type":"WebPage","@id":"https:\/\/lubeljoyeria.com\/producto\/pulsera-swarovski-matrix-crystal-pearl","url":"https:\/\/lubeljoyeria.com\/producto\/pulsera-swarovski-matrix-crystal-pearl","name":"Pulsera Swarovski, Matrix Crystal Pearl - Distribuidor oficial Swarovski","isPartOf":{"@id":"https:\/\/lubeljoyeria.com\/#website"},"primaryImageOfPage":{"@id":"https:\/\/lubeljoyeria.com\/producto\/pulsera-swarovski-matrix-crystal-pearl#primaryimage"},"image":{"@id":"https:\/\/lubeljoyeria.com\/producto\/pulsera-swarovski-matrix-crystal-pearl#primaryimage"},"thumbnailUrl":"https:\/\/lubeljoyeria.com\/wp-content\/uploads\/2024\/08\/Screenshot_2-27.png","datePublished":"2024-08-12T18:23:48+00:00","dateModified":"2025-02-10T17:22:26+00:00","description":"La delicada cadena ba\u00f1ada en rodio alterna Swarovski Crystal Pearls blancas con circonitas en engaste de garra. Comb\u00ednala con otra pieza Crystal Pearl.","breadcrumb":{"@id":"https:\/\/lubeljoyeria.com\/producto\/pulsera-swarovski-matrix-crystal-pearl#breadcrumb"},"inLanguage":"es","potentialAction":[{"@type":"ReadAction","target":["https:\/\/lubeljoyeria.com\/producto\/pulsera-swarovski-matrix-crystal-pearl"]}]},{"@type":"ImageObject","inLanguage":"es","@id":"https:\/\/lubeljoyeria.com\/producto\/pulsera-swarovski-matrix-crystal-pearl#primaryimage","url":"https:\/\/lubeljoyeria.com\/wp-content\/uploads\/2024\/08\/Screenshot_2-27.png","contentUrl":"https:\/\/lubeljoyeria.com\/wp-content\/uploads\/2024\/08\/Screenshot_2-27.png","width":501,"height":492,"caption":"Esta refinada pulsera Matrix es sencillamente impresionante. La delicada cadena ba\u00f1ada en rodio alterna Swarovski Crystal Pearls blancas con circonitas en engaste de garra, que forman una brillante combinaci\u00f3n de color y luz sutiles. Comb\u00ednalo con unos pendientes Matrix a juego para amplificar tu brillo a diario. Tama\u00f1o: Largo (m\u00ednimo - m\u00e1ximo): 11 - 24 cm Ancho: 0.3 cm Material: Cristales, ba\u00f1o de rodio, perla de cristal y circonitas."},{"@type":"BreadcrumbList","@id":"https:\/\/lubeljoyeria.com\/producto\/pulsera-swarovski-matrix-crystal-pearl#breadcrumb","itemListElement":[{"@type":"ListItem","position":1,"name":"Home","item":"https:\/\/lubeljoyeria.com\/"},{"@type":"ListItem","position":2,"name":"Tienda","item":"https:\/\/lubeljoyeria.com\/?page_id=6"},{"@type":"ListItem","position":3,"name":"Pulsera Swarovski, Matrix Crystal Pearl"}]},{"@type":"WebSite","@id":"https:\/\/lubeljoyeria.com\/#website","url":"https:\/\/lubeljoyeria.com\/","name":"Lubel joyeria. Joyeria en Plata . Distribuidor oficial de Swarovski. - Lubel","description":"Lubel joyeria. Joyeria en Plata . Distribuidor oficial de Swarovski. - Lubel","publisher":{"@id":"https:\/\/lubeljoyeria.com\/#organization"},"potentialAction":[{"@type":"SearchAction","target":{"@type":"EntryPoint","urlTemplate":"https:\/\/lubeljoyeria.com\/?s={search_term_string}"},"query-input":{"@type":"PropertyValueSpecification","valueRequired":true,"valueName":"search_term_string"}}],"inLanguage":"es"},{"@type":"Organization","@id":"https:\/\/lubeljoyeria.com\/#organization","name":"Lubel joyeria. Joyeria en Plata . Distribuidor oficial de Swarovski. - Lubel","url":"https:\/\/lubeljoyeria.com\/","logo":{"@type":"ImageObject","inLanguage":"es","@id":"https:\/\/lubeljoyeria.com\/#\/schema\/logo\/image\/","url":"https:\/\/lubeljoyeria.com\/wp-content\/uploads\/2020\/10\/lubel-joyeria-logo-1543825573-1.png","contentUrl":"https:\/\/lubeljoyeria.com\/wp-content\/uploads\/2020\/10\/lubel-joyeria-logo-1543825573-1.png","width":135,"height":31,"caption":"Lubel joyeria. Joyeria en Plata . Distribuidor oficial de Swarovski. - Lubel"},"image":{"@id":"https:\/\/lubeljoyeria.com\/#\/schema\/logo\/image\/"}}]}},"_links":{"self":[{"href":"https:\/\/lubeljoyeria.com\/index.php?rest_route=\/wp\/v2\/product\/26605","targetHints":{"allow":["GET"]}}],"collection":[{"href":"https:\/\/lubeljoyeria.com\/index.php?rest_route=\/wp\/v2\/product"}],"about":[{"href":"https:\/\/lubeljoyeria.com\/index.php?rest_route=\/wp\/v2\/types\/product"}],"wp:featuredmedia":[{"embeddable":true,"href":"https:\/\/lubeljoyeria.com\/index.php?rest_route=\/wp\/v2\/media\/26608"}],"wp:attachment":[{"href":"https:\/\/lubeljoyeria.com\/index.php?rest_route=%2Fwp%2Fv2%2Fmedia&parent=26605"}],"wp:term":[{"taxonomy":"product_brand","embeddable":true,"href":"https:\/\/lubeljoyeria.com\/index.php?rest_route=%2Fwp%2Fv2%2Fproduct_brand&post=26605"},{"taxonomy":"product_cat","embeddable":true,"href":"https:\/\/lubeljoyeria.com\/index.php?rest_route=%2Fwp%2Fv2%2Fproduct_cat&post=26605"},{"taxonomy":"product_tag","embeddable":true,"href":"https:\/\/lubeljoyeria.com\/index.php?rest_route=%2Fwp%2Fv2%2Fproduct_tag&post=26605"}],"curies":[{"name":"wp","href":"https:\/\/api.w.org\/{rel}","templated":true}]}}