{"id":26584,"date":"2024-08-10T11:43:56","date_gmt":"2024-08-10T11:43:56","guid":{"rendered":"https:\/\/lubeljoyeria.com\/?post_type=product&#038;p=26584"},"modified":"2026-02-20T16:08:01","modified_gmt":"2026-02-20T16:08:01","slug":"colgante-swarovski-matrix","status":"publish","type":"product","link":"https:\/\/lubeljoyeria.com\/?product=colgante-swarovski-matrix","title":{"rendered":"Colgante Swarovski, Matrix"},"content":{"rendered":"<p>Con su silueta cl\u00e1sica y sus detalles contempor\u00e1neos, este elegante colgante Matrix ser\u00e1 el centro de atenci\u00f3n. Esta pieza ba\u00f1ada en rodio est\u00e1 suspendida de una delicada cadena y presenta un anillo de circonitas transparentes en distintos tama\u00f1os, desde peque\u00f1as hasta grandes, y est\u00e1 acabada con una Swarovski Crystal Pearl blanca en el centro. L\u00facelo solo o combinado con los pendientes a juego para aumentar el dramatismo.<\/p>\n<p>Tama\u00f1o:<\/p>\n<ul id=\"product-details-classifications-ellipsis\" class=\"swa-product-details__drawer__specs swa-text-sans--small\">\n<li>Largo (m\u00ednimo &#8211; m\u00e1ximo): 38 &#8211; 45 cm<\/li>\n<li>Tama\u00f1o del motivo: 1.7 x 1.6 cm.<\/li>\n<\/ul>\n<p>Material: Cristales, ba\u00f1o de rodio, perla de cristal y circonitas.<\/p>\n","protected":false},"excerpt":{"rendered":"<p>Con su silueta cl\u00e1sica y sus detalles contempor\u00e1neos, este elegante colgante Matrix ser\u00e1 el centro de atenci\u00f3n. Esta pieza ba\u00f1ada en rodio est\u00e1 suspendida de una delicada cadena y presenta un anillo de circonitas transparentes en distintos tama\u00f1os, desde peque\u00f1as hasta grandes, y est\u00e1 acabada con una Swarovski Crystal Pearl blanca en el centro. L\u00facelo solo o combinado con los pendientes a juego para aumentar el dramatismo.<\/p>\n<p>Tama\u00f1o:<\/p>\n<ul id=\"product-details-classifications-ellipsis\" class=\"swa-product-details__drawer__specs swa-text-sans--small\">\n<li>Largo (m\u00ednimo &#8211; m\u00e1ximo): 38 &#8211; 45 cm<\/li>\n<li>Tama\u00f1o del motivo: 1.7 x 1.6 cm.<\/li>\n<\/ul>\n<p>Material: Cristales, ba\u00f1o de rodio, perla de cristal y circonitas.<\/p>\n","protected":false},"featured_media":26586,"template":"","meta":{"_joinchat":[]},"product_brand":[1437],"product_cat":[1463,1464,1470,1519],"product_tag":[],"class_list":{"0":"post-26584","1":"product","2":"type-product","3":"status-publish","4":"has-post-thumbnail","6":"product_brand-swarovski","7":"product_cat-inicio","8":"product_cat-principal","9":"product_cat-swarovski","10":"product_cat-colgantes-swarovski","11":"sales-flash-overlay","12":"woocommerce-text-align-center","13":"woocommerce-image-align-center","14":"do-quantity-buttons","15":"wc-has-gallery","17":"first","18":"instock","19":"taxable","20":"shipping-taxable","21":"purchasable","22":"product-type-simple"},"yoast_head":"<!-- This site is optimized with the Yoast SEO Premium plugin v22.5 (Yoast SEO v26.5) - https:\/\/yoast.com\/wordpress\/plugins\/seo\/ -->\n<title>Colgante Swarovski, Matrix - Distribuidor oficial Swarovski<\/title>\n<meta name=\"description\" content=\"Esta pieza ba\u00f1ada en rodio est\u00e1 suspendida de una delicada cadena y presenta un anillo de circonitas transparentes y una perla de cristal en el centro.\" \/>\n<meta name=\"robots\" content=\"index, follow, max-snippet:-1, max-image-preview:large, max-video-preview:-1\" \/>\n<link rel=\"canonical\" href=\"https:\/\/lubeljoyeria.com\/?product=colgante-swarovski-matrix\" \/>\n<meta property=\"og:locale\" content=\"es_ES\" \/>\n<meta property=\"og:type\" content=\"article\" \/>\n<meta property=\"og:title\" content=\"Colgante Swarovski, Matrix\" \/>\n<meta property=\"og:description\" content=\"Esta pieza ba\u00f1ada en rodio est\u00e1 suspendida de una delicada cadena y presenta un anillo de circonitas transparentes y una perla de cristal en el centro.\" \/>\n<meta property=\"og:url\" content=\"https:\/\/lubeljoyeria.com\/?product=colgante-swarovski-matrix\" \/>\n<meta property=\"og:site_name\" content=\"Lubel joyeria. Joyeria en Plata . Distribuidor oficial de Swarovski. - Lubel\" \/>\n<meta property=\"article:modified_time\" content=\"2026-02-20T16:08:01+00:00\" \/>\n<meta property=\"og:image\" content=\"https:\/\/lubeljoyeria.com\/wp-content\/uploads\/2024\/08\/Screenshot_1-26.png\" \/>\n\t<meta property=\"og:image:width\" content=\"504\" \/>\n\t<meta property=\"og:image:height\" content=\"496\" \/>\n\t<meta property=\"og:image:type\" content=\"image\/png\" \/>\n<meta name=\"twitter:card\" content=\"summary_large_image\" \/>\n<meta name=\"twitter:label1\" content=\"Tiempo de lectura\" \/>\n\t<meta name=\"twitter:data1\" content=\"1 minuto\" \/>\n<script type=\"application\/ld+json\" class=\"yoast-schema-graph\">{\"@context\":\"https:\/\/schema.org\",\"@graph\":[{\"@type\":\"WebPage\",\"@id\":\"https:\/\/lubeljoyeria.com\/?product=colgante-swarovski-matrix\",\"url\":\"https:\/\/lubeljoyeria.com\/?product=colgante-swarovski-matrix\",\"name\":\"Colgante Swarovski, Matrix - Distribuidor oficial Swarovski\",\"isPartOf\":{\"@id\":\"https:\/\/lubeljoyeria.com\/#website\"},\"primaryImageOfPage\":{\"@id\":\"https:\/\/lubeljoyeria.com\/?product=colgante-swarovski-matrix#primaryimage\"},\"image\":{\"@id\":\"https:\/\/lubeljoyeria.com\/?product=colgante-swarovski-matrix#primaryimage\"},\"thumbnailUrl\":\"https:\/\/lubeljoyeria.com\/wp-content\/uploads\/2024\/08\/Screenshot_1-26.png\",\"datePublished\":\"2024-08-10T11:43:56+00:00\",\"dateModified\":\"2026-02-20T16:08:01+00:00\",\"description\":\"Esta pieza ba\u00f1ada en rodio est\u00e1 suspendida de una delicada cadena y presenta un anillo de circonitas transparentes y una perla de cristal en el centro.\",\"breadcrumb\":{\"@id\":\"https:\/\/lubeljoyeria.com\/?product=colgante-swarovski-matrix#breadcrumb\"},\"inLanguage\":\"es\",\"potentialAction\":[{\"@type\":\"ReadAction\",\"target\":[\"https:\/\/lubeljoyeria.com\/?product=colgante-swarovski-matrix\"]}]},{\"@type\":\"ImageObject\",\"inLanguage\":\"es\",\"@id\":\"https:\/\/lubeljoyeria.com\/?product=colgante-swarovski-matrix#primaryimage\",\"url\":\"https:\/\/lubeljoyeria.com\/wp-content\/uploads\/2024\/08\/Screenshot_1-26.png\",\"contentUrl\":\"https:\/\/lubeljoyeria.com\/wp-content\/uploads\/2024\/08\/Screenshot_1-26.png\",\"width\":504,\"height\":496,\"caption\":\"Con su silueta cl\u00e1sica y sus detalles contempor\u00e1neos, este elegante colgante Matrix ser\u00e1 el centro de atenci\u00f3n. Esta pieza ba\u00f1ada en rodio est\u00e1 suspendida de una delicada cadena y presenta un anillo de circonitas transparentes en distintos tama\u00f1os, desde peque\u00f1as hasta grandes, y est\u00e1 acabada con una Swarovski Crystal Pearl blanca en el centro. L\u00facelo solo o combinado con los pendientes a juego para aumentar el dramatismo. Tama\u00f1o: Largo (m\u00ednimo - m\u00e1ximo): 38 - 45 cm Tama\u00f1o del motivo: 1.7 x 1.6 cm. Material: Cristales, ba\u00f1o de rodio, perla de cristal y circonitas.\"},{\"@type\":\"BreadcrumbList\",\"@id\":\"https:\/\/lubeljoyeria.com\/?product=colgante-swarovski-matrix#breadcrumb\",\"itemListElement\":[{\"@type\":\"ListItem\",\"position\":1,\"name\":\"Home\",\"item\":\"https:\/\/lubeljoyeria.com\/\"},{\"@type\":\"ListItem\",\"position\":2,\"name\":\"Tienda\",\"item\":\"https:\/\/lubeljoyeria.com\/?page_id=6\"},{\"@type\":\"ListItem\",\"position\":3,\"name\":\"Colgante Swarovski, Matrix\"}]},{\"@type\":\"WebSite\",\"@id\":\"https:\/\/lubeljoyeria.com\/#website\",\"url\":\"https:\/\/lubeljoyeria.com\/\",\"name\":\"Lubel joyeria. Joyeria en Plata . Distribuidor oficial de Swarovski. - Lubel\",\"description\":\"Lubel joyeria. Joyeria en Plata . Distribuidor oficial de Swarovski. - Lubel\",\"publisher\":{\"@id\":\"https:\/\/lubeljoyeria.com\/#organization\"},\"potentialAction\":[{\"@type\":\"SearchAction\",\"target\":{\"@type\":\"EntryPoint\",\"urlTemplate\":\"https:\/\/lubeljoyeria.com\/?s={search_term_string}\"},\"query-input\":{\"@type\":\"PropertyValueSpecification\",\"valueRequired\":true,\"valueName\":\"search_term_string\"}}],\"inLanguage\":\"es\"},{\"@type\":\"Organization\",\"@id\":\"https:\/\/lubeljoyeria.com\/#organization\",\"name\":\"Lubel joyeria. Joyeria en Plata . Distribuidor oficial de Swarovski. - Lubel\",\"url\":\"https:\/\/lubeljoyeria.com\/\",\"logo\":{\"@type\":\"ImageObject\",\"inLanguage\":\"es\",\"@id\":\"https:\/\/lubeljoyeria.com\/#\/schema\/logo\/image\/\",\"url\":\"https:\/\/lubeljoyeria.com\/wp-content\/uploads\/2020\/10\/lubel-joyeria-logo-1543825573-1.png\",\"contentUrl\":\"https:\/\/lubeljoyeria.com\/wp-content\/uploads\/2020\/10\/lubel-joyeria-logo-1543825573-1.png\",\"width\":135,\"height\":31,\"caption\":\"Lubel joyeria. Joyeria en Plata . Distribuidor oficial de Swarovski. - Lubel\"},\"image\":{\"@id\":\"https:\/\/lubeljoyeria.com\/#\/schema\/logo\/image\/\"}}]}<\/script>\n<!-- \/ Yoast SEO Premium plugin. -->","yoast_head_json":{"title":"Colgante Swarovski, Matrix - Distribuidor oficial Swarovski","description":"Esta pieza ba\u00f1ada en rodio est\u00e1 suspendida de una delicada cadena y presenta un anillo de circonitas transparentes y una perla de cristal en el centro.","robots":{"index":"index","follow":"follow","max-snippet":"max-snippet:-1","max-image-preview":"max-image-preview:large","max-video-preview":"max-video-preview:-1"},"canonical":"https:\/\/lubeljoyeria.com\/?product=colgante-swarovski-matrix","og_locale":"es_ES","og_type":"article","og_title":"Colgante Swarovski, Matrix","og_description":"Esta pieza ba\u00f1ada en rodio est\u00e1 suspendida de una delicada cadena y presenta un anillo de circonitas transparentes y una perla de cristal en el centro.","og_url":"https:\/\/lubeljoyeria.com\/?product=colgante-swarovski-matrix","og_site_name":"Lubel joyeria. Joyeria en Plata . Distribuidor oficial de Swarovski. - Lubel","article_modified_time":"2026-02-20T16:08:01+00:00","og_image":[{"width":504,"height":496,"url":"https:\/\/lubeljoyeria.com\/wp-content\/uploads\/2024\/08\/Screenshot_1-26.png","type":"image\/png"}],"twitter_card":"summary_large_image","twitter_misc":{"Tiempo de lectura":"1 minuto"},"schema":{"@context":"https:\/\/schema.org","@graph":[{"@type":"WebPage","@id":"https:\/\/lubeljoyeria.com\/?product=colgante-swarovski-matrix","url":"https:\/\/lubeljoyeria.com\/?product=colgante-swarovski-matrix","name":"Colgante Swarovski, Matrix - Distribuidor oficial Swarovski","isPartOf":{"@id":"https:\/\/lubeljoyeria.com\/#website"},"primaryImageOfPage":{"@id":"https:\/\/lubeljoyeria.com\/?product=colgante-swarovski-matrix#primaryimage"},"image":{"@id":"https:\/\/lubeljoyeria.com\/?product=colgante-swarovski-matrix#primaryimage"},"thumbnailUrl":"https:\/\/lubeljoyeria.com\/wp-content\/uploads\/2024\/08\/Screenshot_1-26.png","datePublished":"2024-08-10T11:43:56+00:00","dateModified":"2026-02-20T16:08:01+00:00","description":"Esta pieza ba\u00f1ada en rodio est\u00e1 suspendida de una delicada cadena y presenta un anillo de circonitas transparentes y una perla de cristal en el centro.","breadcrumb":{"@id":"https:\/\/lubeljoyeria.com\/?product=colgante-swarovski-matrix#breadcrumb"},"inLanguage":"es","potentialAction":[{"@type":"ReadAction","target":["https:\/\/lubeljoyeria.com\/?product=colgante-swarovski-matrix"]}]},{"@type":"ImageObject","inLanguage":"es","@id":"https:\/\/lubeljoyeria.com\/?product=colgante-swarovski-matrix#primaryimage","url":"https:\/\/lubeljoyeria.com\/wp-content\/uploads\/2024\/08\/Screenshot_1-26.png","contentUrl":"https:\/\/lubeljoyeria.com\/wp-content\/uploads\/2024\/08\/Screenshot_1-26.png","width":504,"height":496,"caption":"Con su silueta cl\u00e1sica y sus detalles contempor\u00e1neos, este elegante colgante Matrix ser\u00e1 el centro de atenci\u00f3n. Esta pieza ba\u00f1ada en rodio est\u00e1 suspendida de una delicada cadena y presenta un anillo de circonitas transparentes en distintos tama\u00f1os, desde peque\u00f1as hasta grandes, y est\u00e1 acabada con una Swarovski Crystal Pearl blanca en el centro. L\u00facelo solo o combinado con los pendientes a juego para aumentar el dramatismo. Tama\u00f1o: Largo (m\u00ednimo - m\u00e1ximo): 38 - 45 cm Tama\u00f1o del motivo: 1.7 x 1.6 cm. Material: Cristales, ba\u00f1o de rodio, perla de cristal y circonitas."},{"@type":"BreadcrumbList","@id":"https:\/\/lubeljoyeria.com\/?product=colgante-swarovski-matrix#breadcrumb","itemListElement":[{"@type":"ListItem","position":1,"name":"Home","item":"https:\/\/lubeljoyeria.com\/"},{"@type":"ListItem","position":2,"name":"Tienda","item":"https:\/\/lubeljoyeria.com\/?page_id=6"},{"@type":"ListItem","position":3,"name":"Colgante Swarovski, Matrix"}]},{"@type":"WebSite","@id":"https:\/\/lubeljoyeria.com\/#website","url":"https:\/\/lubeljoyeria.com\/","name":"Lubel joyeria. Joyeria en Plata . Distribuidor oficial de Swarovski. - Lubel","description":"Lubel joyeria. Joyeria en Plata . Distribuidor oficial de Swarovski. - Lubel","publisher":{"@id":"https:\/\/lubeljoyeria.com\/#organization"},"potentialAction":[{"@type":"SearchAction","target":{"@type":"EntryPoint","urlTemplate":"https:\/\/lubeljoyeria.com\/?s={search_term_string}"},"query-input":{"@type":"PropertyValueSpecification","valueRequired":true,"valueName":"search_term_string"}}],"inLanguage":"es"},{"@type":"Organization","@id":"https:\/\/lubeljoyeria.com\/#organization","name":"Lubel joyeria. Joyeria en Plata . Distribuidor oficial de Swarovski. - Lubel","url":"https:\/\/lubeljoyeria.com\/","logo":{"@type":"ImageObject","inLanguage":"es","@id":"https:\/\/lubeljoyeria.com\/#\/schema\/logo\/image\/","url":"https:\/\/lubeljoyeria.com\/wp-content\/uploads\/2020\/10\/lubel-joyeria-logo-1543825573-1.png","contentUrl":"https:\/\/lubeljoyeria.com\/wp-content\/uploads\/2020\/10\/lubel-joyeria-logo-1543825573-1.png","width":135,"height":31,"caption":"Lubel joyeria. Joyeria en Plata . Distribuidor oficial de Swarovski. - Lubel"},"image":{"@id":"https:\/\/lubeljoyeria.com\/#\/schema\/logo\/image\/"}}]}},"_links":{"self":[{"href":"https:\/\/lubeljoyeria.com\/index.php?rest_route=\/wp\/v2\/product\/26584","targetHints":{"allow":["GET"]}}],"collection":[{"href":"https:\/\/lubeljoyeria.com\/index.php?rest_route=\/wp\/v2\/product"}],"about":[{"href":"https:\/\/lubeljoyeria.com\/index.php?rest_route=\/wp\/v2\/types\/product"}],"wp:featuredmedia":[{"embeddable":true,"href":"https:\/\/lubeljoyeria.com\/index.php?rest_route=\/wp\/v2\/media\/26586"}],"wp:attachment":[{"href":"https:\/\/lubeljoyeria.com\/index.php?rest_route=%2Fwp%2Fv2%2Fmedia&parent=26584"}],"wp:term":[{"taxonomy":"product_brand","embeddable":true,"href":"https:\/\/lubeljoyeria.com\/index.php?rest_route=%2Fwp%2Fv2%2Fproduct_brand&post=26584"},{"taxonomy":"product_cat","embeddable":true,"href":"https:\/\/lubeljoyeria.com\/index.php?rest_route=%2Fwp%2Fv2%2Fproduct_cat&post=26584"},{"taxonomy":"product_tag","embeddable":true,"href":"https:\/\/lubeljoyeria.com\/index.php?rest_route=%2Fwp%2Fv2%2Fproduct_tag&post=26584"}],"curies":[{"name":"wp","href":"https:\/\/api.w.org\/{rel}","templated":true}]}}