{"id":26347,"date":"2024-07-17T09:34:24","date_gmt":"2024-07-17T09:34:24","guid":{"rendered":"https:\/\/lubeljoyeria.com\/?post_type=product&#038;p=26347"},"modified":"2026-01-03T19:23:54","modified_gmt":"2026-01-03T19:23:54","slug":"anillo-swarovski-dextera-2","status":"publish","type":"product","link":"https:\/\/lubeljoyeria.com\/?product=anillo-swarovski-dextera-2","title":{"rendered":"Anillo Swarovski, Dextera"},"content":{"rendered":"<p>La belleza y el refinamiento t\u00e9cnico de este anillo Dextera brillan en cada detalle. Su dise\u00f1o tubular est\u00e1 ba\u00f1ado en rodio, con una mitad engastada con deslumbrantes cristales transparentes en pav\u00e9. L\u00facelo apilado con un anillo en tono oro en contraste para crear un look que desaf\u00ede lo convencional.<\/p>\n<p>Material: Ba\u00f1o de rodio y cristales.<\/p>\n","protected":false},"excerpt":{"rendered":"<p>La belleza y el refinamiento t\u00e9cnico de este anillo Dextera brillan en cada detalle. Su dise\u00f1o tubular est\u00e1 ba\u00f1ado en rodio, con una mitad engastada con deslumbrantes cristales transparentes en pav\u00e9. L\u00facelo apilado con un anillo en tono oro en contraste para crear un look que desaf\u00ede lo convencional.<\/p>\n<p>Material: Ba\u00f1o de rodio y cristales.<\/p>\n","protected":false},"featured_media":26350,"template":"","meta":{"_joinchat":[]},"product_brand":[1437],"product_cat":[1463,1464,1470,1529],"product_tag":[],"class_list":{"0":"post-26347","1":"product","2":"type-product","3":"status-publish","4":"has-post-thumbnail","6":"product_brand-swarovski","7":"product_cat-inicio","8":"product_cat-principal","9":"product_cat-swarovski","10":"product_cat-anillos-swarovski","11":"pa_tallaanilloswarovski-1551","12":"pa_tallaanilloswarovski-1552","13":"pa_tallaanilloswarovski-1553","14":"pa_tallaanilloswarovski-1554","15":"pa_tallaanilloswarovski-1555","16":"sales-flash-overlay","17":"woocommerce-text-align-center","18":"woocommerce-image-align-center","19":"do-quantity-buttons","20":"wc-has-gallery","22":"first","23":"instock","24":"taxable","25":"shipping-taxable","26":"purchasable","27":"product-type-variable"},"yoast_head":"<!-- This site is optimized with the Yoast SEO Premium plugin v22.5 (Yoast SEO v26.5) - https:\/\/yoast.com\/wordpress\/plugins\/seo\/ -->\n<title>Anillo Swarovski, Dextera - Distribuidor oficial Swarovski<\/title>\n<meta name=\"description\" content=\"Su dise\u00f1o tubular est\u00e1 ba\u00f1ado en rodio, con una mitad engastada con deslumbrantes cristales transparentes en pav\u00e9. Combinalo con otro anillo dorado.\" \/>\n<meta name=\"robots\" content=\"index, follow, max-snippet:-1, max-image-preview:large, max-video-preview:-1\" \/>\n<link rel=\"canonical\" href=\"https:\/\/lubeljoyeria.com\/?product=anillo-swarovski-dextera-2\" \/>\n<meta property=\"og:locale\" content=\"es_ES\" \/>\n<meta property=\"og:type\" content=\"article\" \/>\n<meta property=\"og:title\" content=\"Anillo Swarovski, Dextera\" \/>\n<meta property=\"og:description\" content=\"Su dise\u00f1o tubular est\u00e1 ba\u00f1ado en rodio, con una mitad engastada con deslumbrantes cristales transparentes en pav\u00e9. Combinalo con otro anillo dorado.\" \/>\n<meta property=\"og:url\" content=\"https:\/\/lubeljoyeria.com\/?product=anillo-swarovski-dextera-2\" \/>\n<meta property=\"og:site_name\" content=\"Lubel joyeria. Joyeria en Plata . Distribuidor oficial de Swarovski. - Lubel\" \/>\n<meta property=\"article:modified_time\" content=\"2026-01-03T19:23:54+00:00\" \/>\n<meta property=\"og:image\" content=\"https:\/\/lubeljoyeria.com\/wp-content\/uploads\/2024\/07\/Screenshot_1-3.png\" \/>\n\t<meta property=\"og:image:width\" content=\"566\" \/>\n\t<meta property=\"og:image:height\" content=\"563\" \/>\n\t<meta property=\"og:image:type\" content=\"image\/png\" \/>\n<meta name=\"twitter:card\" content=\"summary_large_image\" \/>\n<meta name=\"twitter:label1\" content=\"Tiempo de lectura\" \/>\n\t<meta name=\"twitter:data1\" content=\"1 minuto\" \/>\n<script type=\"application\/ld+json\" class=\"yoast-schema-graph\">{\"@context\":\"https:\/\/schema.org\",\"@graph\":[{\"@type\":\"WebPage\",\"@id\":\"https:\/\/lubeljoyeria.com\/?product=anillo-swarovski-dextera-2\",\"url\":\"https:\/\/lubeljoyeria.com\/?product=anillo-swarovski-dextera-2\",\"name\":\"Anillo Swarovski, Dextera - Distribuidor oficial Swarovski\",\"isPartOf\":{\"@id\":\"https:\/\/lubeljoyeria.com\/#website\"},\"primaryImageOfPage\":{\"@id\":\"https:\/\/lubeljoyeria.com\/?product=anillo-swarovski-dextera-2#primaryimage\"},\"image\":{\"@id\":\"https:\/\/lubeljoyeria.com\/?product=anillo-swarovski-dextera-2#primaryimage\"},\"thumbnailUrl\":\"https:\/\/lubeljoyeria.com\/wp-content\/uploads\/2024\/07\/Screenshot_1-3.png\",\"datePublished\":\"2024-07-17T09:34:24+00:00\",\"dateModified\":\"2026-01-03T19:23:54+00:00\",\"description\":\"Su dise\u00f1o tubular est\u00e1 ba\u00f1ado en rodio, con una mitad engastada con deslumbrantes cristales transparentes en pav\u00e9. Combinalo con otro anillo dorado.\",\"breadcrumb\":{\"@id\":\"https:\/\/lubeljoyeria.com\/?product=anillo-swarovski-dextera-2#breadcrumb\"},\"inLanguage\":\"es\",\"potentialAction\":[{\"@type\":\"ReadAction\",\"target\":[\"https:\/\/lubeljoyeria.com\/?product=anillo-swarovski-dextera-2\"]}]},{\"@type\":\"ImageObject\",\"inLanguage\":\"es\",\"@id\":\"https:\/\/lubeljoyeria.com\/?product=anillo-swarovski-dextera-2#primaryimage\",\"url\":\"https:\/\/lubeljoyeria.com\/wp-content\/uploads\/2024\/07\/Screenshot_1-3.png\",\"contentUrl\":\"https:\/\/lubeljoyeria.com\/wp-content\/uploads\/2024\/07\/Screenshot_1-3.png\",\"width\":566,\"height\":563,\"caption\":\"La belleza y el refinamiento t\u00e9cnico de este anillo Dextera brillan en cada detalle. Su dise\u00f1o tubular est\u00e1 ba\u00f1ado en rodio, con una mitad engastada con deslumbrantes cristales transparentes en pav\u00e9. L\u00facelo apilado con un anillo en tono oro en contraste para crear un look que desaf\u00ede lo convencional. Material: Ba\u00f1o de rodio y cristales.\"},{\"@type\":\"BreadcrumbList\",\"@id\":\"https:\/\/lubeljoyeria.com\/?product=anillo-swarovski-dextera-2#breadcrumb\",\"itemListElement\":[{\"@type\":\"ListItem\",\"position\":1,\"name\":\"Home\",\"item\":\"https:\/\/lubeljoyeria.com\/\"},{\"@type\":\"ListItem\",\"position\":2,\"name\":\"Tienda\",\"item\":\"https:\/\/lubeljoyeria.com\/?page_id=6\"},{\"@type\":\"ListItem\",\"position\":3,\"name\":\"Anillo Swarovski, Dextera\"}]},{\"@type\":\"WebSite\",\"@id\":\"https:\/\/lubeljoyeria.com\/#website\",\"url\":\"https:\/\/lubeljoyeria.com\/\",\"name\":\"Lubel joyeria. Joyeria en Plata . Distribuidor oficial de Swarovski. - Lubel\",\"description\":\"Lubel joyeria. Joyeria en Plata . Distribuidor oficial de Swarovski. - Lubel\",\"publisher\":{\"@id\":\"https:\/\/lubeljoyeria.com\/#organization\"},\"potentialAction\":[{\"@type\":\"SearchAction\",\"target\":{\"@type\":\"EntryPoint\",\"urlTemplate\":\"https:\/\/lubeljoyeria.com\/?s={search_term_string}\"},\"query-input\":{\"@type\":\"PropertyValueSpecification\",\"valueRequired\":true,\"valueName\":\"search_term_string\"}}],\"inLanguage\":\"es\"},{\"@type\":\"Organization\",\"@id\":\"https:\/\/lubeljoyeria.com\/#organization\",\"name\":\"Lubel joyeria. Joyeria en Plata . Distribuidor oficial de Swarovski. - Lubel\",\"url\":\"https:\/\/lubeljoyeria.com\/\",\"logo\":{\"@type\":\"ImageObject\",\"inLanguage\":\"es\",\"@id\":\"https:\/\/lubeljoyeria.com\/#\/schema\/logo\/image\/\",\"url\":\"https:\/\/lubeljoyeria.com\/wp-content\/uploads\/2020\/10\/lubel-joyeria-logo-1543825573-1.png\",\"contentUrl\":\"https:\/\/lubeljoyeria.com\/wp-content\/uploads\/2020\/10\/lubel-joyeria-logo-1543825573-1.png\",\"width\":135,\"height\":31,\"caption\":\"Lubel joyeria. Joyeria en Plata . Distribuidor oficial de Swarovski. - Lubel\"},\"image\":{\"@id\":\"https:\/\/lubeljoyeria.com\/#\/schema\/logo\/image\/\"}}]}<\/script>\n<!-- \/ Yoast SEO Premium plugin. -->","yoast_head_json":{"title":"Anillo Swarovski, Dextera - Distribuidor oficial Swarovski","description":"Su dise\u00f1o tubular est\u00e1 ba\u00f1ado en rodio, con una mitad engastada con deslumbrantes cristales transparentes en pav\u00e9. Combinalo con otro anillo dorado.","robots":{"index":"index","follow":"follow","max-snippet":"max-snippet:-1","max-image-preview":"max-image-preview:large","max-video-preview":"max-video-preview:-1"},"canonical":"https:\/\/lubeljoyeria.com\/?product=anillo-swarovski-dextera-2","og_locale":"es_ES","og_type":"article","og_title":"Anillo Swarovski, Dextera","og_description":"Su dise\u00f1o tubular est\u00e1 ba\u00f1ado en rodio, con una mitad engastada con deslumbrantes cristales transparentes en pav\u00e9. Combinalo con otro anillo dorado.","og_url":"https:\/\/lubeljoyeria.com\/?product=anillo-swarovski-dextera-2","og_site_name":"Lubel joyeria. Joyeria en Plata . Distribuidor oficial de Swarovski. - Lubel","article_modified_time":"2026-01-03T19:23:54+00:00","og_image":[{"width":566,"height":563,"url":"https:\/\/lubeljoyeria.com\/wp-content\/uploads\/2024\/07\/Screenshot_1-3.png","type":"image\/png"}],"twitter_card":"summary_large_image","twitter_misc":{"Tiempo de lectura":"1 minuto"},"schema":{"@context":"https:\/\/schema.org","@graph":[{"@type":"WebPage","@id":"https:\/\/lubeljoyeria.com\/?product=anillo-swarovski-dextera-2","url":"https:\/\/lubeljoyeria.com\/?product=anillo-swarovski-dextera-2","name":"Anillo Swarovski, Dextera - Distribuidor oficial Swarovski","isPartOf":{"@id":"https:\/\/lubeljoyeria.com\/#website"},"primaryImageOfPage":{"@id":"https:\/\/lubeljoyeria.com\/?product=anillo-swarovski-dextera-2#primaryimage"},"image":{"@id":"https:\/\/lubeljoyeria.com\/?product=anillo-swarovski-dextera-2#primaryimage"},"thumbnailUrl":"https:\/\/lubeljoyeria.com\/wp-content\/uploads\/2024\/07\/Screenshot_1-3.png","datePublished":"2024-07-17T09:34:24+00:00","dateModified":"2026-01-03T19:23:54+00:00","description":"Su dise\u00f1o tubular est\u00e1 ba\u00f1ado en rodio, con una mitad engastada con deslumbrantes cristales transparentes en pav\u00e9. Combinalo con otro anillo dorado.","breadcrumb":{"@id":"https:\/\/lubeljoyeria.com\/?product=anillo-swarovski-dextera-2#breadcrumb"},"inLanguage":"es","potentialAction":[{"@type":"ReadAction","target":["https:\/\/lubeljoyeria.com\/?product=anillo-swarovski-dextera-2"]}]},{"@type":"ImageObject","inLanguage":"es","@id":"https:\/\/lubeljoyeria.com\/?product=anillo-swarovski-dextera-2#primaryimage","url":"https:\/\/lubeljoyeria.com\/wp-content\/uploads\/2024\/07\/Screenshot_1-3.png","contentUrl":"https:\/\/lubeljoyeria.com\/wp-content\/uploads\/2024\/07\/Screenshot_1-3.png","width":566,"height":563,"caption":"La belleza y el refinamiento t\u00e9cnico de este anillo Dextera brillan en cada detalle. Su dise\u00f1o tubular est\u00e1 ba\u00f1ado en rodio, con una mitad engastada con deslumbrantes cristales transparentes en pav\u00e9. L\u00facelo apilado con un anillo en tono oro en contraste para crear un look que desaf\u00ede lo convencional. Material: Ba\u00f1o de rodio y cristales."},{"@type":"BreadcrumbList","@id":"https:\/\/lubeljoyeria.com\/?product=anillo-swarovski-dextera-2#breadcrumb","itemListElement":[{"@type":"ListItem","position":1,"name":"Home","item":"https:\/\/lubeljoyeria.com\/"},{"@type":"ListItem","position":2,"name":"Tienda","item":"https:\/\/lubeljoyeria.com\/?page_id=6"},{"@type":"ListItem","position":3,"name":"Anillo Swarovski, Dextera"}]},{"@type":"WebSite","@id":"https:\/\/lubeljoyeria.com\/#website","url":"https:\/\/lubeljoyeria.com\/","name":"Lubel joyeria. Joyeria en Plata . Distribuidor oficial de Swarovski. - Lubel","description":"Lubel joyeria. Joyeria en Plata . Distribuidor oficial de Swarovski. - Lubel","publisher":{"@id":"https:\/\/lubeljoyeria.com\/#organization"},"potentialAction":[{"@type":"SearchAction","target":{"@type":"EntryPoint","urlTemplate":"https:\/\/lubeljoyeria.com\/?s={search_term_string}"},"query-input":{"@type":"PropertyValueSpecification","valueRequired":true,"valueName":"search_term_string"}}],"inLanguage":"es"},{"@type":"Organization","@id":"https:\/\/lubeljoyeria.com\/#organization","name":"Lubel joyeria. Joyeria en Plata . Distribuidor oficial de Swarovski. - Lubel","url":"https:\/\/lubeljoyeria.com\/","logo":{"@type":"ImageObject","inLanguage":"es","@id":"https:\/\/lubeljoyeria.com\/#\/schema\/logo\/image\/","url":"https:\/\/lubeljoyeria.com\/wp-content\/uploads\/2020\/10\/lubel-joyeria-logo-1543825573-1.png","contentUrl":"https:\/\/lubeljoyeria.com\/wp-content\/uploads\/2020\/10\/lubel-joyeria-logo-1543825573-1.png","width":135,"height":31,"caption":"Lubel joyeria. Joyeria en Plata . Distribuidor oficial de Swarovski. - Lubel"},"image":{"@id":"https:\/\/lubeljoyeria.com\/#\/schema\/logo\/image\/"}}]}},"_links":{"self":[{"href":"https:\/\/lubeljoyeria.com\/index.php?rest_route=\/wp\/v2\/product\/26347","targetHints":{"allow":["GET"]}}],"collection":[{"href":"https:\/\/lubeljoyeria.com\/index.php?rest_route=\/wp\/v2\/product"}],"about":[{"href":"https:\/\/lubeljoyeria.com\/index.php?rest_route=\/wp\/v2\/types\/product"}],"wp:featuredmedia":[{"embeddable":true,"href":"https:\/\/lubeljoyeria.com\/index.php?rest_route=\/wp\/v2\/media\/26350"}],"wp:attachment":[{"href":"https:\/\/lubeljoyeria.com\/index.php?rest_route=%2Fwp%2Fv2%2Fmedia&parent=26347"}],"wp:term":[{"taxonomy":"product_brand","embeddable":true,"href":"https:\/\/lubeljoyeria.com\/index.php?rest_route=%2Fwp%2Fv2%2Fproduct_brand&post=26347"},{"taxonomy":"product_cat","embeddable":true,"href":"https:\/\/lubeljoyeria.com\/index.php?rest_route=%2Fwp%2Fv2%2Fproduct_cat&post=26347"},{"taxonomy":"product_tag","embeddable":true,"href":"https:\/\/lubeljoyeria.com\/index.php?rest_route=%2Fwp%2Fv2%2Fproduct_tag&post=26347"}],"curies":[{"name":"wp","href":"https:\/\/api.w.org\/{rel}","templated":true}]}}