{"id":26329,"date":"2024-07-16T16:06:55","date_gmt":"2024-07-16T16:06:55","guid":{"rendered":"https:\/\/lubeljoyeria.com\/?post_type=product&#038;p=26329"},"modified":"2024-07-16T16:06:56","modified_gmt":"2024-07-16T16:06:56","slug":"collar-swarovski-una","status":"publish","type":"product","link":"https:\/\/lubeljoyeria.com\/?product=collar-swarovski-una","title":{"rendered":"Collar Swarovski, Una"},"content":{"rendered":"<p>Haz que cada d\u00eda brille m\u00e1s con este luminoso collar Una. M\u00e1s largo que el collar Una Angelic est\u00e1ndar, este dise\u00f1o ba\u00f1ado en rutenio presenta eslabones individuales, cada uno engastado con un brillante cristal central y un halo de cristales m\u00e1s peque\u00f1os en talla redonda. Un estilo espectacular que puede combinarse con piezas a juego de la misma familia<\/p>\n<p>Tama\u00f1o:<\/p>\n<ul id=\"product-details-classifications-ellipsis\" class=\"swa-product-details__drawer__specs swa-text-sans--small\">\n<li>Largo (m\u00ednimo &#8211; m\u00e1ximo): 50 &#8211; 53 cm<\/li>\n<li>Ancho: 0.8 cm<\/li>\n<\/ul>\n<p>Material: Cristales y ba\u00f1o de rutenio.<\/p>\n","protected":false},"excerpt":{"rendered":"<p>Haz que cada d\u00eda brille m\u00e1s con este luminoso collar Una. M\u00e1s largo que el collar Una Angelic est\u00e1ndar, este dise\u00f1o ba\u00f1ado en rutenio presenta eslabones individuales, cada uno engastado con un brillante cristal central y un halo de cristales m\u00e1s peque\u00f1os en talla redonda. Un estilo espectacular que puede combinarse con piezas a juego de la misma familia<\/p>\n<p>Tama\u00f1o:<\/p>\n<ul id=\"product-details-classifications-ellipsis\" class=\"swa-product-details__drawer__specs swa-text-sans--small\">\n<li>Largo (m\u00ednimo &#8211; m\u00e1ximo): 50 &#8211; 53 cm<\/li>\n<li>Ancho: 0.8 cm<\/li>\n<\/ul>\n<p>Material: Cristales y ba\u00f1o de rutenio.<\/p>\n","protected":false},"featured_media":26331,"template":"","meta":{"_joinchat":[]},"product_brand":[1437],"product_cat":[1463,1464,1470,1525],"product_tag":[],"class_list":{"0":"post-26329","1":"product","2":"type-product","3":"status-publish","4":"has-post-thumbnail","6":"product_brand-swarovski","7":"product_cat-inicio","8":"product_cat-principal","9":"product_cat-swarovski","10":"product_cat-collares-swarovski","11":"sales-flash-overlay","12":"woocommerce-text-align-center","13":"woocommerce-image-align-center","14":"do-quantity-buttons","15":"wc-has-gallery","17":"first","18":"instock","19":"taxable","20":"shipping-taxable","21":"purchasable","22":"product-type-simple"},"yoast_head":"<!-- This site is optimized with the Yoast SEO Premium plugin v22.5 (Yoast SEO v26.5) - https:\/\/yoast.com\/wordpress\/plugins\/seo\/ -->\n<title>Collar Swarovski, Una - Distribuidor oficial Swarovski<\/title>\n<meta name=\"description\" content=\"Dise\u00f1o ba\u00f1ado en rutenio con eslabones individuales engastados con un brillante cristal central y un halo de cristales m\u00e1s peque\u00f1os en talla redonda.\" \/>\n<meta name=\"robots\" content=\"index, follow, max-snippet:-1, max-image-preview:large, max-video-preview:-1\" \/>\n<link rel=\"canonical\" href=\"https:\/\/lubeljoyeria.com\/producto\/collar-swarovski-una\" \/>\n<meta property=\"og:locale\" content=\"es_ES\" \/>\n<meta property=\"og:type\" content=\"article\" \/>\n<meta property=\"og:title\" content=\"Collar Swarovski, Una\" \/>\n<meta property=\"og:description\" content=\"Dise\u00f1o ba\u00f1ado en rutenio con eslabones individuales engastados con un brillante cristal central y un halo de cristales m\u00e1s peque\u00f1os en talla redonda.\" \/>\n<meta property=\"og:url\" content=\"https:\/\/lubeljoyeria.com\/producto\/collar-swarovski-una\" \/>\n<meta property=\"og:site_name\" content=\"Lubel joyeria. Joyeria en Plata . Distribuidor oficial de Swarovski. - Lubel\" \/>\n<meta property=\"article:modified_time\" content=\"2024-07-16T16:06:56+00:00\" \/>\n<meta property=\"og:image\" content=\"https:\/\/lubeljoyeria.com\/wp-content\/uploads\/2024\/07\/Screenshot_1-1.png\" \/>\n\t<meta property=\"og:image:width\" content=\"569\" \/>\n\t<meta property=\"og:image:height\" content=\"563\" \/>\n\t<meta property=\"og:image:type\" content=\"image\/png\" \/>\n<meta name=\"twitter:card\" content=\"summary_large_image\" \/>\n<meta name=\"twitter:label1\" content=\"Tiempo de lectura\" \/>\n\t<meta name=\"twitter:data1\" content=\"1 minuto\" \/>\n<script type=\"application\/ld+json\" class=\"yoast-schema-graph\">{\"@context\":\"https:\/\/schema.org\",\"@graph\":[{\"@type\":\"WebPage\",\"@id\":\"https:\/\/lubeljoyeria.com\/producto\/collar-swarovski-una\",\"url\":\"https:\/\/lubeljoyeria.com\/producto\/collar-swarovski-una\",\"name\":\"Collar Swarovski, Una - Distribuidor oficial Swarovski\",\"isPartOf\":{\"@id\":\"https:\/\/lubeljoyeria.com\/#website\"},\"primaryImageOfPage\":{\"@id\":\"https:\/\/lubeljoyeria.com\/producto\/collar-swarovski-una#primaryimage\"},\"image\":{\"@id\":\"https:\/\/lubeljoyeria.com\/producto\/collar-swarovski-una#primaryimage\"},\"thumbnailUrl\":\"https:\/\/lubeljoyeria.com\/wp-content\/uploads\/2024\/07\/Screenshot_1-1.png\",\"datePublished\":\"2024-07-16T16:06:55+00:00\",\"dateModified\":\"2024-07-16T16:06:56+00:00\",\"description\":\"Dise\u00f1o ba\u00f1ado en rutenio con eslabones individuales engastados con un brillante cristal central y un halo de cristales m\u00e1s peque\u00f1os en talla redonda.\",\"breadcrumb\":{\"@id\":\"https:\/\/lubeljoyeria.com\/producto\/collar-swarovski-una#breadcrumb\"},\"inLanguage\":\"es\",\"potentialAction\":[{\"@type\":\"ReadAction\",\"target\":[\"https:\/\/lubeljoyeria.com\/producto\/collar-swarovski-una\"]}]},{\"@type\":\"ImageObject\",\"inLanguage\":\"es\",\"@id\":\"https:\/\/lubeljoyeria.com\/producto\/collar-swarovski-una#primaryimage\",\"url\":\"https:\/\/lubeljoyeria.com\/wp-content\/uploads\/2024\/07\/Screenshot_1-1.png\",\"contentUrl\":\"https:\/\/lubeljoyeria.com\/wp-content\/uploads\/2024\/07\/Screenshot_1-1.png\",\"width\":569,\"height\":563,\"caption\":\"Haz que cada d\u00eda brille m\u00e1s con este luminoso collar Una. M\u00e1s largo que el collar Una Angelic est\u00e1ndar, este dise\u00f1o ba\u00f1ado en rutenio presenta eslabones individuales, cada uno engastado con un brillante cristal central y un halo de cristales m\u00e1s peque\u00f1os en talla redonda. Un estilo espectacular que puede combinarse con piezas a juego de la misma familia Tama\u00f1o: Largo (m\u00ednimo - m\u00e1ximo): 50 - 53 cm Ancho: 0.8 cm Material: Cristales y ba\u00f1o de rutenio.\"},{\"@type\":\"BreadcrumbList\",\"@id\":\"https:\/\/lubeljoyeria.com\/producto\/collar-swarovski-una#breadcrumb\",\"itemListElement\":[{\"@type\":\"ListItem\",\"position\":1,\"name\":\"Home\",\"item\":\"https:\/\/lubeljoyeria.com\/\"},{\"@type\":\"ListItem\",\"position\":2,\"name\":\"Tienda\",\"item\":\"https:\/\/lubeljoyeria.com\/?page_id=6\"},{\"@type\":\"ListItem\",\"position\":3,\"name\":\"Collar Swarovski, Una\"}]},{\"@type\":\"WebSite\",\"@id\":\"https:\/\/lubeljoyeria.com\/#website\",\"url\":\"https:\/\/lubeljoyeria.com\/\",\"name\":\"Lubel joyeria. Joyeria en Plata . Distribuidor oficial de Swarovski. - Lubel\",\"description\":\"Lubel joyeria. Joyeria en Plata . Distribuidor oficial de Swarovski. - Lubel\",\"publisher\":{\"@id\":\"https:\/\/lubeljoyeria.com\/#organization\"},\"potentialAction\":[{\"@type\":\"SearchAction\",\"target\":{\"@type\":\"EntryPoint\",\"urlTemplate\":\"https:\/\/lubeljoyeria.com\/?s={search_term_string}\"},\"query-input\":{\"@type\":\"PropertyValueSpecification\",\"valueRequired\":true,\"valueName\":\"search_term_string\"}}],\"inLanguage\":\"es\"},{\"@type\":\"Organization\",\"@id\":\"https:\/\/lubeljoyeria.com\/#organization\",\"name\":\"Lubel joyeria. Joyeria en Plata . Distribuidor oficial de Swarovski. - Lubel\",\"url\":\"https:\/\/lubeljoyeria.com\/\",\"logo\":{\"@type\":\"ImageObject\",\"inLanguage\":\"es\",\"@id\":\"https:\/\/lubeljoyeria.com\/#\/schema\/logo\/image\/\",\"url\":\"https:\/\/lubeljoyeria.com\/wp-content\/uploads\/2020\/10\/lubel-joyeria-logo-1543825573-1.png\",\"contentUrl\":\"https:\/\/lubeljoyeria.com\/wp-content\/uploads\/2020\/10\/lubel-joyeria-logo-1543825573-1.png\",\"width\":135,\"height\":31,\"caption\":\"Lubel joyeria. Joyeria en Plata . Distribuidor oficial de Swarovski. - Lubel\"},\"image\":{\"@id\":\"https:\/\/lubeljoyeria.com\/#\/schema\/logo\/image\/\"}}]}<\/script>\n<!-- \/ Yoast SEO Premium plugin. -->","yoast_head_json":{"title":"Collar Swarovski, Una - Distribuidor oficial Swarovski","description":"Dise\u00f1o ba\u00f1ado en rutenio con eslabones individuales engastados con un brillante cristal central y un halo de cristales m\u00e1s peque\u00f1os en talla redonda.","robots":{"index":"index","follow":"follow","max-snippet":"max-snippet:-1","max-image-preview":"max-image-preview:large","max-video-preview":"max-video-preview:-1"},"canonical":"https:\/\/lubeljoyeria.com\/producto\/collar-swarovski-una","og_locale":"es_ES","og_type":"article","og_title":"Collar Swarovski, Una","og_description":"Dise\u00f1o ba\u00f1ado en rutenio con eslabones individuales engastados con un brillante cristal central y un halo de cristales m\u00e1s peque\u00f1os en talla redonda.","og_url":"https:\/\/lubeljoyeria.com\/producto\/collar-swarovski-una","og_site_name":"Lubel joyeria. Joyeria en Plata . Distribuidor oficial de Swarovski. - Lubel","article_modified_time":"2024-07-16T16:06:56+00:00","og_image":[{"width":569,"height":563,"url":"https:\/\/lubeljoyeria.com\/wp-content\/uploads\/2024\/07\/Screenshot_1-1.png","type":"image\/png"}],"twitter_card":"summary_large_image","twitter_misc":{"Tiempo de lectura":"1 minuto"},"schema":{"@context":"https:\/\/schema.org","@graph":[{"@type":"WebPage","@id":"https:\/\/lubeljoyeria.com\/producto\/collar-swarovski-una","url":"https:\/\/lubeljoyeria.com\/producto\/collar-swarovski-una","name":"Collar Swarovski, Una - Distribuidor oficial Swarovski","isPartOf":{"@id":"https:\/\/lubeljoyeria.com\/#website"},"primaryImageOfPage":{"@id":"https:\/\/lubeljoyeria.com\/producto\/collar-swarovski-una#primaryimage"},"image":{"@id":"https:\/\/lubeljoyeria.com\/producto\/collar-swarovski-una#primaryimage"},"thumbnailUrl":"https:\/\/lubeljoyeria.com\/wp-content\/uploads\/2024\/07\/Screenshot_1-1.png","datePublished":"2024-07-16T16:06:55+00:00","dateModified":"2024-07-16T16:06:56+00:00","description":"Dise\u00f1o ba\u00f1ado en rutenio con eslabones individuales engastados con un brillante cristal central y un halo de cristales m\u00e1s peque\u00f1os en talla redonda.","breadcrumb":{"@id":"https:\/\/lubeljoyeria.com\/producto\/collar-swarovski-una#breadcrumb"},"inLanguage":"es","potentialAction":[{"@type":"ReadAction","target":["https:\/\/lubeljoyeria.com\/producto\/collar-swarovski-una"]}]},{"@type":"ImageObject","inLanguage":"es","@id":"https:\/\/lubeljoyeria.com\/producto\/collar-swarovski-una#primaryimage","url":"https:\/\/lubeljoyeria.com\/wp-content\/uploads\/2024\/07\/Screenshot_1-1.png","contentUrl":"https:\/\/lubeljoyeria.com\/wp-content\/uploads\/2024\/07\/Screenshot_1-1.png","width":569,"height":563,"caption":"Haz que cada d\u00eda brille m\u00e1s con este luminoso collar Una. M\u00e1s largo que el collar Una Angelic est\u00e1ndar, este dise\u00f1o ba\u00f1ado en rutenio presenta eslabones individuales, cada uno engastado con un brillante cristal central y un halo de cristales m\u00e1s peque\u00f1os en talla redonda. Un estilo espectacular que puede combinarse con piezas a juego de la misma familia Tama\u00f1o: Largo (m\u00ednimo - m\u00e1ximo): 50 - 53 cm Ancho: 0.8 cm Material: Cristales y ba\u00f1o de rutenio."},{"@type":"BreadcrumbList","@id":"https:\/\/lubeljoyeria.com\/producto\/collar-swarovski-una#breadcrumb","itemListElement":[{"@type":"ListItem","position":1,"name":"Home","item":"https:\/\/lubeljoyeria.com\/"},{"@type":"ListItem","position":2,"name":"Tienda","item":"https:\/\/lubeljoyeria.com\/?page_id=6"},{"@type":"ListItem","position":3,"name":"Collar Swarovski, Una"}]},{"@type":"WebSite","@id":"https:\/\/lubeljoyeria.com\/#website","url":"https:\/\/lubeljoyeria.com\/","name":"Lubel joyeria. Joyeria en Plata . Distribuidor oficial de Swarovski. - Lubel","description":"Lubel joyeria. Joyeria en Plata . Distribuidor oficial de Swarovski. - Lubel","publisher":{"@id":"https:\/\/lubeljoyeria.com\/#organization"},"potentialAction":[{"@type":"SearchAction","target":{"@type":"EntryPoint","urlTemplate":"https:\/\/lubeljoyeria.com\/?s={search_term_string}"},"query-input":{"@type":"PropertyValueSpecification","valueRequired":true,"valueName":"search_term_string"}}],"inLanguage":"es"},{"@type":"Organization","@id":"https:\/\/lubeljoyeria.com\/#organization","name":"Lubel joyeria. Joyeria en Plata . Distribuidor oficial de Swarovski. - Lubel","url":"https:\/\/lubeljoyeria.com\/","logo":{"@type":"ImageObject","inLanguage":"es","@id":"https:\/\/lubeljoyeria.com\/#\/schema\/logo\/image\/","url":"https:\/\/lubeljoyeria.com\/wp-content\/uploads\/2020\/10\/lubel-joyeria-logo-1543825573-1.png","contentUrl":"https:\/\/lubeljoyeria.com\/wp-content\/uploads\/2020\/10\/lubel-joyeria-logo-1543825573-1.png","width":135,"height":31,"caption":"Lubel joyeria. Joyeria en Plata . Distribuidor oficial de Swarovski. - Lubel"},"image":{"@id":"https:\/\/lubeljoyeria.com\/#\/schema\/logo\/image\/"}}]}},"_links":{"self":[{"href":"https:\/\/lubeljoyeria.com\/index.php?rest_route=\/wp\/v2\/product\/26329","targetHints":{"allow":["GET"]}}],"collection":[{"href":"https:\/\/lubeljoyeria.com\/index.php?rest_route=\/wp\/v2\/product"}],"about":[{"href":"https:\/\/lubeljoyeria.com\/index.php?rest_route=\/wp\/v2\/types\/product"}],"wp:featuredmedia":[{"embeddable":true,"href":"https:\/\/lubeljoyeria.com\/index.php?rest_route=\/wp\/v2\/media\/26331"}],"wp:attachment":[{"href":"https:\/\/lubeljoyeria.com\/index.php?rest_route=%2Fwp%2Fv2%2Fmedia&parent=26329"}],"wp:term":[{"taxonomy":"product_brand","embeddable":true,"href":"https:\/\/lubeljoyeria.com\/index.php?rest_route=%2Fwp%2Fv2%2Fproduct_brand&post=26329"},{"taxonomy":"product_cat","embeddable":true,"href":"https:\/\/lubeljoyeria.com\/index.php?rest_route=%2Fwp%2Fv2%2Fproduct_cat&post=26329"},{"taxonomy":"product_tag","embeddable":true,"href":"https:\/\/lubeljoyeria.com\/index.php?rest_route=%2Fwp%2Fv2%2Fproduct_tag&post=26329"}],"curies":[{"name":"wp","href":"https:\/\/api.w.org\/{rel}","templated":true}]}}