{"id":26324,"date":"2024-07-12T10:36:31","date_gmt":"2024-07-12T10:36:31","guid":{"rendered":"https:\/\/lubeljoyeria.com\/?post_type=product&#038;p=26324"},"modified":"2024-11-26T18:47:30","modified_gmt":"2024-11-26T18:47:30","slug":"colgante-eslabones-salvatore","status":"publish","type":"product","link":"https:\/\/lubeljoyeria.com\/?product=colgante-eslabones-salvatore","title":{"rendered":"Collar Salvatore, Hel\u00e9nica"},"content":{"rendered":"<p>Este precioso collar de eslabones de Salvatore Plata que es todo un &#8220;<em>best seller<\/em>&#8221; de la marca. Comb\u00ednalo con sus pendientes a juego y ser\u00e1s el centro de todas las miradas. Un collar elegante y moderno a la vez, que ser\u00e1 un acierto seguro en todos tus <em>looks<\/em>.<\/p>\n<p>Fabricado en plata de 1\u00aa ley 925 con un ba\u00f1o de oro de 18k.<\/p>\n<ul>\n<li>Tama\u00f1o: 40+5.<\/li>\n<li>Ref. Salvatore: 164C0109.<\/li>\n<\/ul>\n","protected":false},"excerpt":{"rendered":"<p>Este precioso collar de eslabones de Salvatore Plata que es todo un &#8220;<em>best seller<\/em>&#8221; de la marca. Comb\u00ednalo con sus pendientes a juego y ser\u00e1s el centro de todas las miradas. Un collar elegante y moderno a la vez, que ser\u00e1 un acierto seguro en todos tus <em>looks<\/em>.<\/p>\n<p>Fabricado en plata de 1\u00aa ley 925 con un ba\u00f1o de oro de 18k.<\/p>\n<ul>\n<li>Tama\u00f1o: 40+5.<\/li>\n<li>Ref. Salvatore: 164C0109.<\/li>\n<\/ul>\n","protected":false},"featured_media":26326,"template":"","meta":{"_joinchat":[]},"product_brand":[1439],"product_cat":[1463,1464,1485,1513],"product_tag":[],"class_list":{"0":"post-26324","1":"product","2":"type-product","3":"status-publish","4":"has-post-thumbnail","6":"product_brand-salvatore-plata","7":"product_cat-inicio","8":"product_cat-principal","9":"product_cat-salvatore-plata","10":"product_cat-collares-salvatore-plata","11":"sales-flash-overlay","12":"woocommerce-text-align-center","13":"woocommerce-image-align-center","14":"do-quantity-buttons","15":"wc-has-gallery","17":"first","18":"instock","19":"taxable","20":"shipping-taxable","21":"purchasable","22":"product-type-simple"},"yoast_head":"<!-- This site is optimized with the Yoast SEO Premium plugin v22.5 (Yoast SEO v26.5) - https:\/\/yoast.com\/wordpress\/plugins\/seo\/ -->\n<title>Collar Salvatore, Hel\u00e9nica - Distribuidor Oficial Salvatore Plata<\/title>\n<meta name=\"description\" content=\"Un collar elegante y moderno. Fabricado en plata de 1\u00aa ley 925 con un ba\u00f1o de oro de 18k.Tama\u00f1o: 40+5Ref. Salvatore: 164C0109\" \/>\n<meta name=\"robots\" content=\"index, follow, max-snippet:-1, max-image-preview:large, max-video-preview:-1\" \/>\n<link rel=\"canonical\" href=\"https:\/\/lubeljoyeria.com\/producto\/colgante-eslabones-salvatore\" \/>\n<meta property=\"og:locale\" content=\"es_ES\" \/>\n<meta property=\"og:type\" content=\"article\" \/>\n<meta property=\"og:title\" content=\"Collar Salvatore, Hel\u00e9nica\" \/>\n<meta property=\"og:description\" content=\"Un collar elegante y moderno. Fabricado en plata de 1\u00aa ley 925 con un ba\u00f1o de oro de 18k.Tama\u00f1o: 40+5Ref. Salvatore: 164C0109\" \/>\n<meta property=\"og:url\" content=\"https:\/\/lubeljoyeria.com\/producto\/colgante-eslabones-salvatore\" \/>\n<meta property=\"og:site_name\" content=\"Lubel joyeria. Joyeria en Plata . Distribuidor oficial de Swarovski. - Lubel\" \/>\n<meta property=\"article:modified_time\" content=\"2024-11-26T18:47:30+00:00\" \/>\n<meta property=\"og:image\" content=\"https:\/\/lubeljoyeria.com\/wp-content\/uploads\/2024\/07\/164c0109.jpg\" \/>\n\t<meta property=\"og:image:width\" content=\"768\" \/>\n\t<meta property=\"og:image:height\" content=\"768\" \/>\n\t<meta property=\"og:image:type\" content=\"image\/jpeg\" \/>\n<meta name=\"twitter:card\" content=\"summary_large_image\" \/>\n<meta name=\"twitter:label1\" content=\"Tiempo de lectura\" \/>\n\t<meta name=\"twitter:data1\" content=\"1 minuto\" \/>\n<script type=\"application\/ld+json\" class=\"yoast-schema-graph\">{\"@context\":\"https:\/\/schema.org\",\"@graph\":[{\"@type\":\"WebPage\",\"@id\":\"https:\/\/lubeljoyeria.com\/producto\/colgante-eslabones-salvatore\",\"url\":\"https:\/\/lubeljoyeria.com\/producto\/colgante-eslabones-salvatore\",\"name\":\"Collar Salvatore, Hel\u00e9nica - Distribuidor Oficial Salvatore Plata\",\"isPartOf\":{\"@id\":\"https:\/\/lubeljoyeria.com\/#website\"},\"primaryImageOfPage\":{\"@id\":\"https:\/\/lubeljoyeria.com\/producto\/colgante-eslabones-salvatore#primaryimage\"},\"image\":{\"@id\":\"https:\/\/lubeljoyeria.com\/producto\/colgante-eslabones-salvatore#primaryimage\"},\"thumbnailUrl\":\"https:\/\/lubeljoyeria.com\/wp-content\/uploads\/2024\/07\/164c0109.jpg\",\"datePublished\":\"2024-07-12T10:36:31+00:00\",\"dateModified\":\"2024-11-26T18:47:30+00:00\",\"description\":\"Un collar elegante y moderno. Fabricado en plata de 1\u00aa ley 925 con un ba\u00f1o de oro de 18k.Tama\u00f1o: 40+5Ref. Salvatore: 164C0109\",\"breadcrumb\":{\"@id\":\"https:\/\/lubeljoyeria.com\/producto\/colgante-eslabones-salvatore#breadcrumb\"},\"inLanguage\":\"es\",\"potentialAction\":[{\"@type\":\"ReadAction\",\"target\":[\"https:\/\/lubeljoyeria.com\/producto\/colgante-eslabones-salvatore\"]}]},{\"@type\":\"ImageObject\",\"inLanguage\":\"es\",\"@id\":\"https:\/\/lubeljoyeria.com\/producto\/colgante-eslabones-salvatore#primaryimage\",\"url\":\"https:\/\/lubeljoyeria.com\/wp-content\/uploads\/2024\/07\/164c0109.jpg\",\"contentUrl\":\"https:\/\/lubeljoyeria.com\/wp-content\/uploads\/2024\/07\/164c0109.jpg\",\"width\":768,\"height\":768,\"caption\":\"Este precioso collar de eslabones de Salvatore Plata que es todo un \\\"best seller\\\" de la marca. Comb\u00ednalo con tus joyas doradas y ser\u00e1s el centro de todas las miradas. Un collar elegante y moderno a la vez, que ser\u00e1 un acierto seguro en todos tus looks. Fabricado en plata de 1\u00aa ley 925 con un ba\u00f1o de oro de 18k. Tama\u00f1o: 40+5 Ref. Salvatore: 164C0109\"},{\"@type\":\"BreadcrumbList\",\"@id\":\"https:\/\/lubeljoyeria.com\/producto\/colgante-eslabones-salvatore#breadcrumb\",\"itemListElement\":[{\"@type\":\"ListItem\",\"position\":1,\"name\":\"Home\",\"item\":\"https:\/\/lubeljoyeria.com\/\"},{\"@type\":\"ListItem\",\"position\":2,\"name\":\"Tienda\",\"item\":\"https:\/\/lubeljoyeria.com\/?page_id=6\"},{\"@type\":\"ListItem\",\"position\":3,\"name\":\"Collar Salvatore, Hel\u00e9nica\"}]},{\"@type\":\"WebSite\",\"@id\":\"https:\/\/lubeljoyeria.com\/#website\",\"url\":\"https:\/\/lubeljoyeria.com\/\",\"name\":\"Lubel joyeria. Joyeria en Plata . Distribuidor oficial de Swarovski. - Lubel\",\"description\":\"Lubel joyeria. Joyeria en Plata . Distribuidor oficial de Swarovski. - Lubel\",\"publisher\":{\"@id\":\"https:\/\/lubeljoyeria.com\/#organization\"},\"potentialAction\":[{\"@type\":\"SearchAction\",\"target\":{\"@type\":\"EntryPoint\",\"urlTemplate\":\"https:\/\/lubeljoyeria.com\/?s={search_term_string}\"},\"query-input\":{\"@type\":\"PropertyValueSpecification\",\"valueRequired\":true,\"valueName\":\"search_term_string\"}}],\"inLanguage\":\"es\"},{\"@type\":\"Organization\",\"@id\":\"https:\/\/lubeljoyeria.com\/#organization\",\"name\":\"Lubel joyeria. Joyeria en Plata . Distribuidor oficial de Swarovski. - Lubel\",\"url\":\"https:\/\/lubeljoyeria.com\/\",\"logo\":{\"@type\":\"ImageObject\",\"inLanguage\":\"es\",\"@id\":\"https:\/\/lubeljoyeria.com\/#\/schema\/logo\/image\/\",\"url\":\"https:\/\/lubeljoyeria.com\/wp-content\/uploads\/2020\/10\/lubel-joyeria-logo-1543825573-1.png\",\"contentUrl\":\"https:\/\/lubeljoyeria.com\/wp-content\/uploads\/2020\/10\/lubel-joyeria-logo-1543825573-1.png\",\"width\":135,\"height\":31,\"caption\":\"Lubel joyeria. Joyeria en Plata . Distribuidor oficial de Swarovski. - Lubel\"},\"image\":{\"@id\":\"https:\/\/lubeljoyeria.com\/#\/schema\/logo\/image\/\"}}]}<\/script>\n<!-- \/ Yoast SEO Premium plugin. -->","yoast_head_json":{"title":"Collar Salvatore, Hel\u00e9nica - Distribuidor Oficial Salvatore Plata","description":"Un collar elegante y moderno. Fabricado en plata de 1\u00aa ley 925 con un ba\u00f1o de oro de 18k.Tama\u00f1o: 40+5Ref. Salvatore: 164C0109","robots":{"index":"index","follow":"follow","max-snippet":"max-snippet:-1","max-image-preview":"max-image-preview:large","max-video-preview":"max-video-preview:-1"},"canonical":"https:\/\/lubeljoyeria.com\/producto\/colgante-eslabones-salvatore","og_locale":"es_ES","og_type":"article","og_title":"Collar Salvatore, Hel\u00e9nica","og_description":"Un collar elegante y moderno. Fabricado en plata de 1\u00aa ley 925 con un ba\u00f1o de oro de 18k.Tama\u00f1o: 40+5Ref. Salvatore: 164C0109","og_url":"https:\/\/lubeljoyeria.com\/producto\/colgante-eslabones-salvatore","og_site_name":"Lubel joyeria. Joyeria en Plata . Distribuidor oficial de Swarovski. - Lubel","article_modified_time":"2024-11-26T18:47:30+00:00","og_image":[{"width":768,"height":768,"url":"https:\/\/lubeljoyeria.com\/wp-content\/uploads\/2024\/07\/164c0109.jpg","type":"image\/jpeg"}],"twitter_card":"summary_large_image","twitter_misc":{"Tiempo de lectura":"1 minuto"},"schema":{"@context":"https:\/\/schema.org","@graph":[{"@type":"WebPage","@id":"https:\/\/lubeljoyeria.com\/producto\/colgante-eslabones-salvatore","url":"https:\/\/lubeljoyeria.com\/producto\/colgante-eslabones-salvatore","name":"Collar Salvatore, Hel\u00e9nica - Distribuidor Oficial Salvatore Plata","isPartOf":{"@id":"https:\/\/lubeljoyeria.com\/#website"},"primaryImageOfPage":{"@id":"https:\/\/lubeljoyeria.com\/producto\/colgante-eslabones-salvatore#primaryimage"},"image":{"@id":"https:\/\/lubeljoyeria.com\/producto\/colgante-eslabones-salvatore#primaryimage"},"thumbnailUrl":"https:\/\/lubeljoyeria.com\/wp-content\/uploads\/2024\/07\/164c0109.jpg","datePublished":"2024-07-12T10:36:31+00:00","dateModified":"2024-11-26T18:47:30+00:00","description":"Un collar elegante y moderno. Fabricado en plata de 1\u00aa ley 925 con un ba\u00f1o de oro de 18k.Tama\u00f1o: 40+5Ref. Salvatore: 164C0109","breadcrumb":{"@id":"https:\/\/lubeljoyeria.com\/producto\/colgante-eslabones-salvatore#breadcrumb"},"inLanguage":"es","potentialAction":[{"@type":"ReadAction","target":["https:\/\/lubeljoyeria.com\/producto\/colgante-eslabones-salvatore"]}]},{"@type":"ImageObject","inLanguage":"es","@id":"https:\/\/lubeljoyeria.com\/producto\/colgante-eslabones-salvatore#primaryimage","url":"https:\/\/lubeljoyeria.com\/wp-content\/uploads\/2024\/07\/164c0109.jpg","contentUrl":"https:\/\/lubeljoyeria.com\/wp-content\/uploads\/2024\/07\/164c0109.jpg","width":768,"height":768,"caption":"Este precioso collar de eslabones de Salvatore Plata que es todo un \"best seller\" de la marca. Comb\u00ednalo con tus joyas doradas y ser\u00e1s el centro de todas las miradas. Un collar elegante y moderno a la vez, que ser\u00e1 un acierto seguro en todos tus looks. Fabricado en plata de 1\u00aa ley 925 con un ba\u00f1o de oro de 18k. Tama\u00f1o: 40+5 Ref. Salvatore: 164C0109"},{"@type":"BreadcrumbList","@id":"https:\/\/lubeljoyeria.com\/producto\/colgante-eslabones-salvatore#breadcrumb","itemListElement":[{"@type":"ListItem","position":1,"name":"Home","item":"https:\/\/lubeljoyeria.com\/"},{"@type":"ListItem","position":2,"name":"Tienda","item":"https:\/\/lubeljoyeria.com\/?page_id=6"},{"@type":"ListItem","position":3,"name":"Collar Salvatore, Hel\u00e9nica"}]},{"@type":"WebSite","@id":"https:\/\/lubeljoyeria.com\/#website","url":"https:\/\/lubeljoyeria.com\/","name":"Lubel joyeria. Joyeria en Plata . Distribuidor oficial de Swarovski. - Lubel","description":"Lubel joyeria. Joyeria en Plata . Distribuidor oficial de Swarovski. - Lubel","publisher":{"@id":"https:\/\/lubeljoyeria.com\/#organization"},"potentialAction":[{"@type":"SearchAction","target":{"@type":"EntryPoint","urlTemplate":"https:\/\/lubeljoyeria.com\/?s={search_term_string}"},"query-input":{"@type":"PropertyValueSpecification","valueRequired":true,"valueName":"search_term_string"}}],"inLanguage":"es"},{"@type":"Organization","@id":"https:\/\/lubeljoyeria.com\/#organization","name":"Lubel joyeria. Joyeria en Plata . Distribuidor oficial de Swarovski. - Lubel","url":"https:\/\/lubeljoyeria.com\/","logo":{"@type":"ImageObject","inLanguage":"es","@id":"https:\/\/lubeljoyeria.com\/#\/schema\/logo\/image\/","url":"https:\/\/lubeljoyeria.com\/wp-content\/uploads\/2020\/10\/lubel-joyeria-logo-1543825573-1.png","contentUrl":"https:\/\/lubeljoyeria.com\/wp-content\/uploads\/2020\/10\/lubel-joyeria-logo-1543825573-1.png","width":135,"height":31,"caption":"Lubel joyeria. Joyeria en Plata . Distribuidor oficial de Swarovski. - Lubel"},"image":{"@id":"https:\/\/lubeljoyeria.com\/#\/schema\/logo\/image\/"}}]}},"_links":{"self":[{"href":"https:\/\/lubeljoyeria.com\/index.php?rest_route=\/wp\/v2\/product\/26324","targetHints":{"allow":["GET"]}}],"collection":[{"href":"https:\/\/lubeljoyeria.com\/index.php?rest_route=\/wp\/v2\/product"}],"about":[{"href":"https:\/\/lubeljoyeria.com\/index.php?rest_route=\/wp\/v2\/types\/product"}],"wp:featuredmedia":[{"embeddable":true,"href":"https:\/\/lubeljoyeria.com\/index.php?rest_route=\/wp\/v2\/media\/26326"}],"wp:attachment":[{"href":"https:\/\/lubeljoyeria.com\/index.php?rest_route=%2Fwp%2Fv2%2Fmedia&parent=26324"}],"wp:term":[{"taxonomy":"product_brand","embeddable":true,"href":"https:\/\/lubeljoyeria.com\/index.php?rest_route=%2Fwp%2Fv2%2Fproduct_brand&post=26324"},{"taxonomy":"product_cat","embeddable":true,"href":"https:\/\/lubeljoyeria.com\/index.php?rest_route=%2Fwp%2Fv2%2Fproduct_cat&post=26324"},{"taxonomy":"product_tag","embeddable":true,"href":"https:\/\/lubeljoyeria.com\/index.php?rest_route=%2Fwp%2Fv2%2Fproduct_tag&post=26324"}],"curies":[{"name":"wp","href":"https:\/\/api.w.org\/{rel}","templated":true}]}}