{"id":26091,"date":"2024-06-14T11:04:32","date_gmt":"2024-06-14T11:04:32","guid":{"rendered":"https:\/\/lubeljoyeria.com\/?post_type=product&#038;p=26091"},"modified":"2024-06-14T11:04:33","modified_gmt":"2024-06-14T11:04:33","slug":"pendientes-marina-garcia-lio","status":"publish","type":"product","link":"https:\/\/lubeljoyeria.com\/?product=pendientes-marina-garcia-lio","title":{"rendered":"Pendientes Marina Garc\u00eda, Lio"},"content":{"rendered":"<p>Originales pendientes de novia Ava en plata de primera ley (925) ba\u00f1ados en oro amarillo de 18kt con circonita blanca.<\/p>\n<p>Un dise\u00f1o que no dejar\u00e1 indiferente a nadie, para novias arriesgadas como t\u00fa!<\/p>\n<p>Tama\u00f1o: 6 cm.<\/p>\n<p>Material: Plata de primera ley, ba\u00f1o de oro y circonitas.<\/p>\n<p>Ref. Marina Garc\u00eda: 90509PD<\/p>\n","protected":false},"excerpt":{"rendered":"<p>Originales pendientes de novia Ava en plata de primera ley (925) ba\u00f1ados en oro amarillo de 18kt con circonita blanca.<\/p>\n<p>Un dise\u00f1o que no dejar\u00e1 indiferente a nadie, para novias arriesgadas como t\u00fa!<\/p>\n<p>Tama\u00f1o: 6 cm.<\/p>\n<p>Material: Plata de primera ley, ba\u00f1o de oro y circonitas.<\/p>\n<p>Ref. Marina Garc\u00eda: 90509PD<\/p>\n","protected":false},"featured_media":26095,"template":"","meta":{"_joinchat":[]},"product_brand":[1641],"product_cat":[1638,1640,1463,1464,1477,1494],"product_tag":[],"class_list":{"0":"post-26091","1":"product","2":"type-product","3":"status-publish","4":"has-post-thumbnail","6":"product_brand-marina-garcia","7":"product_cat-marina-garcia","8":"product_cat-pendientes-marina-garcia","9":"product_cat-inicio","10":"product_cat-principal","11":"product_cat-novias","12":"product_cat-pendientes-novias","13":"sales-flash-overlay","14":"woocommerce-text-align-center","15":"woocommerce-image-align-center","16":"do-quantity-buttons","17":"wc-has-gallery","19":"first","20":"instock","21":"taxable","22":"shipping-taxable","23":"purchasable","24":"product-type-simple"},"yoast_head":"<!-- This site is optimized with the Yoast SEO Premium plugin v22.5 (Yoast SEO v26.5) - https:\/\/yoast.com\/wordpress\/plugins\/seo\/ -->\n<title>Pendientes Marina Garc\u00eda, Lio - Distribuidor oficial Marina Garc\u00eda<\/title>\n<meta name=\"description\" content=\"Originales pendientes de novia Ava en plata de primera ley (925) ba\u00f1ados en oro amarillo de 18kt con circonita blanca. Ref. Marina Garc\u00eda: 90509PD\" \/>\n<meta name=\"robots\" content=\"index, follow, max-snippet:-1, max-image-preview:large, max-video-preview:-1\" \/>\n<link rel=\"canonical\" href=\"https:\/\/lubeljoyeria.com\/producto\/pendientes-marina-garcia-lio\" \/>\n<meta property=\"og:locale\" content=\"es_ES\" \/>\n<meta property=\"og:type\" content=\"article\" \/>\n<meta property=\"og:title\" content=\"Pendientes Marina Garc\u00eda, Lio\" \/>\n<meta property=\"og:description\" content=\"Originales pendientes de novia Ava en plata de primera ley (925) ba\u00f1ados en oro amarillo de 18kt con circonita blanca. Ref. Marina Garc\u00eda: 90509PD\" \/>\n<meta property=\"og:url\" content=\"https:\/\/lubeljoyeria.com\/producto\/pendientes-marina-garcia-lio\" \/>\n<meta property=\"og:site_name\" content=\"Lubel joyeria. Joyeria en Plata . Distribuidor oficial de Swarovski. - Lubel\" \/>\n<meta property=\"article:modified_time\" content=\"2024-06-14T11:04:33+00:00\" \/>\n<meta property=\"og:image\" content=\"https:\/\/lubeljoyeria.com\/wp-content\/uploads\/2024\/06\/Screenshot_1-8.png\" \/>\n\t<meta property=\"og:image:width\" content=\"755\" \/>\n\t<meta property=\"og:image:height\" content=\"569\" \/>\n\t<meta property=\"og:image:type\" content=\"image\/png\" \/>\n<meta name=\"twitter:card\" content=\"summary_large_image\" \/>\n<meta name=\"twitter:label1\" content=\"Tiempo de lectura\" \/>\n\t<meta name=\"twitter:data1\" content=\"1 minuto\" \/>\n<script type=\"application\/ld+json\" class=\"yoast-schema-graph\">{\"@context\":\"https:\/\/schema.org\",\"@graph\":[{\"@type\":\"WebPage\",\"@id\":\"https:\/\/lubeljoyeria.com\/producto\/pendientes-marina-garcia-lio\",\"url\":\"https:\/\/lubeljoyeria.com\/producto\/pendientes-marina-garcia-lio\",\"name\":\"Pendientes Marina Garc\u00eda, Lio - Distribuidor oficial Marina Garc\u00eda\",\"isPartOf\":{\"@id\":\"https:\/\/lubeljoyeria.com\/#website\"},\"primaryImageOfPage\":{\"@id\":\"https:\/\/lubeljoyeria.com\/producto\/pendientes-marina-garcia-lio#primaryimage\"},\"image\":{\"@id\":\"https:\/\/lubeljoyeria.com\/producto\/pendientes-marina-garcia-lio#primaryimage\"},\"thumbnailUrl\":\"https:\/\/lubeljoyeria.com\/wp-content\/uploads\/2024\/06\/Screenshot_1-8.png\",\"datePublished\":\"2024-06-14T11:04:32+00:00\",\"dateModified\":\"2024-06-14T11:04:33+00:00\",\"description\":\"Originales pendientes de novia Ava en plata de primera ley (925) ba\u00f1ados en oro amarillo de 18kt con circonita blanca. Ref. Marina Garc\u00eda: 90509PD\",\"breadcrumb\":{\"@id\":\"https:\/\/lubeljoyeria.com\/producto\/pendientes-marina-garcia-lio#breadcrumb\"},\"inLanguage\":\"es\",\"potentialAction\":[{\"@type\":\"ReadAction\",\"target\":[\"https:\/\/lubeljoyeria.com\/producto\/pendientes-marina-garcia-lio\"]}]},{\"@type\":\"ImageObject\",\"inLanguage\":\"es\",\"@id\":\"https:\/\/lubeljoyeria.com\/producto\/pendientes-marina-garcia-lio#primaryimage\",\"url\":\"https:\/\/lubeljoyeria.com\/wp-content\/uploads\/2024\/06\/Screenshot_1-8.png\",\"contentUrl\":\"https:\/\/lubeljoyeria.com\/wp-content\/uploads\/2024\/06\/Screenshot_1-8.png\",\"width\":755,\"height\":569,\"caption\":\"Originales pendientes de novia Ava en plata de primera ley (925) ba\u00f1ados en oro amarillo de 18kt con circonita blanca. Un dise\u00f1o que no dejar\u00e1 indiferente a nadie, para novias arriesgadas como t\u00fa! Tama\u00f1o: 6 cm. Material: Plata de primera ley, ba\u00f1o de oro y circonitas. Ref. Marina Garc\u00eda: 90509PD\"},{\"@type\":\"BreadcrumbList\",\"@id\":\"https:\/\/lubeljoyeria.com\/producto\/pendientes-marina-garcia-lio#breadcrumb\",\"itemListElement\":[{\"@type\":\"ListItem\",\"position\":1,\"name\":\"Home\",\"item\":\"https:\/\/lubeljoyeria.com\/\"},{\"@type\":\"ListItem\",\"position\":2,\"name\":\"Tienda\",\"item\":\"https:\/\/lubeljoyeria.com\/?page_id=6\"},{\"@type\":\"ListItem\",\"position\":3,\"name\":\"Pendientes Marina Garc\u00eda, Lio\"}]},{\"@type\":\"WebSite\",\"@id\":\"https:\/\/lubeljoyeria.com\/#website\",\"url\":\"https:\/\/lubeljoyeria.com\/\",\"name\":\"Lubel joyeria. Joyeria en Plata . Distribuidor oficial de Swarovski. - Lubel\",\"description\":\"Lubel joyeria. Joyeria en Plata . Distribuidor oficial de Swarovski. - Lubel\",\"publisher\":{\"@id\":\"https:\/\/lubeljoyeria.com\/#organization\"},\"potentialAction\":[{\"@type\":\"SearchAction\",\"target\":{\"@type\":\"EntryPoint\",\"urlTemplate\":\"https:\/\/lubeljoyeria.com\/?s={search_term_string}\"},\"query-input\":{\"@type\":\"PropertyValueSpecification\",\"valueRequired\":true,\"valueName\":\"search_term_string\"}}],\"inLanguage\":\"es\"},{\"@type\":\"Organization\",\"@id\":\"https:\/\/lubeljoyeria.com\/#organization\",\"name\":\"Lubel joyeria. Joyeria en Plata . Distribuidor oficial de Swarovski. - Lubel\",\"url\":\"https:\/\/lubeljoyeria.com\/\",\"logo\":{\"@type\":\"ImageObject\",\"inLanguage\":\"es\",\"@id\":\"https:\/\/lubeljoyeria.com\/#\/schema\/logo\/image\/\",\"url\":\"https:\/\/lubeljoyeria.com\/wp-content\/uploads\/2020\/10\/lubel-joyeria-logo-1543825573-1.png\",\"contentUrl\":\"https:\/\/lubeljoyeria.com\/wp-content\/uploads\/2020\/10\/lubel-joyeria-logo-1543825573-1.png\",\"width\":135,\"height\":31,\"caption\":\"Lubel joyeria. Joyeria en Plata . Distribuidor oficial de Swarovski. - Lubel\"},\"image\":{\"@id\":\"https:\/\/lubeljoyeria.com\/#\/schema\/logo\/image\/\"}}]}<\/script>\n<!-- \/ Yoast SEO Premium plugin. -->","yoast_head_json":{"title":"Pendientes Marina Garc\u00eda, Lio - Distribuidor oficial Marina Garc\u00eda","description":"Originales pendientes de novia Ava en plata de primera ley (925) ba\u00f1ados en oro amarillo de 18kt con circonita blanca. Ref. Marina Garc\u00eda: 90509PD","robots":{"index":"index","follow":"follow","max-snippet":"max-snippet:-1","max-image-preview":"max-image-preview:large","max-video-preview":"max-video-preview:-1"},"canonical":"https:\/\/lubeljoyeria.com\/producto\/pendientes-marina-garcia-lio","og_locale":"es_ES","og_type":"article","og_title":"Pendientes Marina Garc\u00eda, Lio","og_description":"Originales pendientes de novia Ava en plata de primera ley (925) ba\u00f1ados en oro amarillo de 18kt con circonita blanca. Ref. Marina Garc\u00eda: 90509PD","og_url":"https:\/\/lubeljoyeria.com\/producto\/pendientes-marina-garcia-lio","og_site_name":"Lubel joyeria. Joyeria en Plata . Distribuidor oficial de Swarovski. - Lubel","article_modified_time":"2024-06-14T11:04:33+00:00","og_image":[{"width":755,"height":569,"url":"https:\/\/lubeljoyeria.com\/wp-content\/uploads\/2024\/06\/Screenshot_1-8.png","type":"image\/png"}],"twitter_card":"summary_large_image","twitter_misc":{"Tiempo de lectura":"1 minuto"},"schema":{"@context":"https:\/\/schema.org","@graph":[{"@type":"WebPage","@id":"https:\/\/lubeljoyeria.com\/producto\/pendientes-marina-garcia-lio","url":"https:\/\/lubeljoyeria.com\/producto\/pendientes-marina-garcia-lio","name":"Pendientes Marina Garc\u00eda, Lio - Distribuidor oficial Marina Garc\u00eda","isPartOf":{"@id":"https:\/\/lubeljoyeria.com\/#website"},"primaryImageOfPage":{"@id":"https:\/\/lubeljoyeria.com\/producto\/pendientes-marina-garcia-lio#primaryimage"},"image":{"@id":"https:\/\/lubeljoyeria.com\/producto\/pendientes-marina-garcia-lio#primaryimage"},"thumbnailUrl":"https:\/\/lubeljoyeria.com\/wp-content\/uploads\/2024\/06\/Screenshot_1-8.png","datePublished":"2024-06-14T11:04:32+00:00","dateModified":"2024-06-14T11:04:33+00:00","description":"Originales pendientes de novia Ava en plata de primera ley (925) ba\u00f1ados en oro amarillo de 18kt con circonita blanca. Ref. Marina Garc\u00eda: 90509PD","breadcrumb":{"@id":"https:\/\/lubeljoyeria.com\/producto\/pendientes-marina-garcia-lio#breadcrumb"},"inLanguage":"es","potentialAction":[{"@type":"ReadAction","target":["https:\/\/lubeljoyeria.com\/producto\/pendientes-marina-garcia-lio"]}]},{"@type":"ImageObject","inLanguage":"es","@id":"https:\/\/lubeljoyeria.com\/producto\/pendientes-marina-garcia-lio#primaryimage","url":"https:\/\/lubeljoyeria.com\/wp-content\/uploads\/2024\/06\/Screenshot_1-8.png","contentUrl":"https:\/\/lubeljoyeria.com\/wp-content\/uploads\/2024\/06\/Screenshot_1-8.png","width":755,"height":569,"caption":"Originales pendientes de novia Ava en plata de primera ley (925) ba\u00f1ados en oro amarillo de 18kt con circonita blanca. Un dise\u00f1o que no dejar\u00e1 indiferente a nadie, para novias arriesgadas como t\u00fa! Tama\u00f1o: 6 cm. Material: Plata de primera ley, ba\u00f1o de oro y circonitas. Ref. Marina Garc\u00eda: 90509PD"},{"@type":"BreadcrumbList","@id":"https:\/\/lubeljoyeria.com\/producto\/pendientes-marina-garcia-lio#breadcrumb","itemListElement":[{"@type":"ListItem","position":1,"name":"Home","item":"https:\/\/lubeljoyeria.com\/"},{"@type":"ListItem","position":2,"name":"Tienda","item":"https:\/\/lubeljoyeria.com\/?page_id=6"},{"@type":"ListItem","position":3,"name":"Pendientes Marina Garc\u00eda, Lio"}]},{"@type":"WebSite","@id":"https:\/\/lubeljoyeria.com\/#website","url":"https:\/\/lubeljoyeria.com\/","name":"Lubel joyeria. Joyeria en Plata . Distribuidor oficial de Swarovski. - Lubel","description":"Lubel joyeria. Joyeria en Plata . Distribuidor oficial de Swarovski. - Lubel","publisher":{"@id":"https:\/\/lubeljoyeria.com\/#organization"},"potentialAction":[{"@type":"SearchAction","target":{"@type":"EntryPoint","urlTemplate":"https:\/\/lubeljoyeria.com\/?s={search_term_string}"},"query-input":{"@type":"PropertyValueSpecification","valueRequired":true,"valueName":"search_term_string"}}],"inLanguage":"es"},{"@type":"Organization","@id":"https:\/\/lubeljoyeria.com\/#organization","name":"Lubel joyeria. Joyeria en Plata . Distribuidor oficial de Swarovski. - Lubel","url":"https:\/\/lubeljoyeria.com\/","logo":{"@type":"ImageObject","inLanguage":"es","@id":"https:\/\/lubeljoyeria.com\/#\/schema\/logo\/image\/","url":"https:\/\/lubeljoyeria.com\/wp-content\/uploads\/2020\/10\/lubel-joyeria-logo-1543825573-1.png","contentUrl":"https:\/\/lubeljoyeria.com\/wp-content\/uploads\/2020\/10\/lubel-joyeria-logo-1543825573-1.png","width":135,"height":31,"caption":"Lubel joyeria. Joyeria en Plata . Distribuidor oficial de Swarovski. - Lubel"},"image":{"@id":"https:\/\/lubeljoyeria.com\/#\/schema\/logo\/image\/"}}]}},"_links":{"self":[{"href":"https:\/\/lubeljoyeria.com\/index.php?rest_route=\/wp\/v2\/product\/26091","targetHints":{"allow":["GET"]}}],"collection":[{"href":"https:\/\/lubeljoyeria.com\/index.php?rest_route=\/wp\/v2\/product"}],"about":[{"href":"https:\/\/lubeljoyeria.com\/index.php?rest_route=\/wp\/v2\/types\/product"}],"wp:featuredmedia":[{"embeddable":true,"href":"https:\/\/lubeljoyeria.com\/index.php?rest_route=\/wp\/v2\/media\/26095"}],"wp:attachment":[{"href":"https:\/\/lubeljoyeria.com\/index.php?rest_route=%2Fwp%2Fv2%2Fmedia&parent=26091"}],"wp:term":[{"taxonomy":"product_brand","embeddable":true,"href":"https:\/\/lubeljoyeria.com\/index.php?rest_route=%2Fwp%2Fv2%2Fproduct_brand&post=26091"},{"taxonomy":"product_cat","embeddable":true,"href":"https:\/\/lubeljoyeria.com\/index.php?rest_route=%2Fwp%2Fv2%2Fproduct_cat&post=26091"},{"taxonomy":"product_tag","embeddable":true,"href":"https:\/\/lubeljoyeria.com\/index.php?rest_route=%2Fwp%2Fv2%2Fproduct_tag&post=26091"}],"curies":[{"name":"wp","href":"https:\/\/api.w.org\/{rel}","templated":true}]}}