{"id":26043,"date":"2024-06-12T11:18:37","date_gmt":"2024-06-12T11:18:37","guid":{"rendered":"https:\/\/lubeljoyeria.com\/?post_type=product&#038;p=26043"},"modified":"2024-06-12T11:18:38","modified_gmt":"2024-06-12T11:18:38","slug":"pendientes-marina-garcia-rocio","status":"publish","type":"product","link":"https:\/\/lubeljoyeria.com\/?product=pendientes-marina-garcia-rocio","title":{"rendered":"Pendientes Marina Garc\u00eda, Roc\u00edo"},"content":{"rendered":"<p>Pendientes de plata de primera ley (925) chapados en oro amarillo de 18kt con perlas cultivadas. Si eres de las novias que les gusta arriesgar estos pendientes son los tuyos sin lugar a dudas!!!. Con su dise\u00f1o de trepador no dejar\u00e1 indiferente a nadie.<\/p>\n<p>Tama\u00f1o: 3 x 2,3 cm<\/p>\n<p>Material: Plata de primera ley, ba\u00f1o de oro y perlas cultivadas.<\/p>\n<p>Ref. Marina Garc\u00eda: 90860PD<\/p>\n","protected":false},"excerpt":{"rendered":"<p>Pendientes de plata de primera ley (925) chapados en oro amarillo de 18kt con perlas cultivadas. Si eres de las novias que les gusta arriesgar estos pendientes son los tuyos sin lugar a dudas!!!. Con su dise\u00f1o de trepador no dejar\u00e1 indiferente a nadie.<\/p>\n<p>Tama\u00f1o: 3 x 2,3 cm<\/p>\n<p>Material: Plata de primera ley, ba\u00f1o de oro y perlas cultivadas.<\/p>\n<p>Ref. Marina Garc\u00eda: 90860PD<\/p>\n","protected":false},"featured_media":26045,"template":"","meta":{"_joinchat":[]},"product_brand":[1641],"product_cat":[1638,1640,1463,1464,1477,1494],"product_tag":[],"class_list":{"0":"post-26043","1":"product","2":"type-product","3":"status-publish","4":"has-post-thumbnail","6":"product_brand-marina-garcia","7":"product_cat-marina-garcia","8":"product_cat-pendientes-marina-garcia","9":"product_cat-inicio","10":"product_cat-principal","11":"product_cat-novias","12":"product_cat-pendientes-novias","13":"sales-flash-overlay","14":"woocommerce-text-align-center","15":"woocommerce-image-align-center","16":"do-quantity-buttons","17":"wc-has-gallery","19":"first","20":"instock","21":"taxable","22":"shipping-taxable","23":"purchasable","24":"product-type-simple"},"yoast_head":"<!-- This site is optimized with the Yoast SEO Premium plugin v22.5 (Yoast SEO v26.5) - https:\/\/yoast.com\/wordpress\/plugins\/seo\/ -->\n<title>Pendientes Marina Garc\u00eda, Roc\u00edo - Distribuidor oficial Marina Garc\u00eda<\/title>\n<meta name=\"description\" content=\"Pendientes de plata de primera ley (925) chapados en oro amarillo de 18kt con perlas cultivadas.. Con su dise\u00f1o de trepador no dejar\u00e1 indiferente a nadie.\" \/>\n<meta name=\"robots\" content=\"index, follow, max-snippet:-1, max-image-preview:large, max-video-preview:-1\" \/>\n<link rel=\"canonical\" href=\"https:\/\/lubeljoyeria.com\/producto\/pendientes-marina-garcia-rocio\" \/>\n<meta property=\"og:locale\" content=\"es_ES\" \/>\n<meta property=\"og:type\" content=\"article\" \/>\n<meta property=\"og:title\" content=\"Pendientes Marina Garc\u00eda, Roc\u00edo\" \/>\n<meta property=\"og:description\" content=\"Pendientes de plata de primera ley (925) chapados en oro amarillo de 18kt con perlas cultivadas.. Con su dise\u00f1o de trepador no dejar\u00e1 indiferente a nadie.\" \/>\n<meta property=\"og:url\" content=\"https:\/\/lubeljoyeria.com\/producto\/pendientes-marina-garcia-rocio\" \/>\n<meta property=\"og:site_name\" content=\"Lubel joyeria. Joyeria en Plata . Distribuidor oficial de Swarovski. - Lubel\" \/>\n<meta property=\"article:modified_time\" content=\"2024-06-12T11:18:38+00:00\" \/>\n<meta property=\"og:image\" content=\"https:\/\/lubeljoyeria.com\/wp-content\/uploads\/2024\/06\/Screenshot_1-4.png\" \/>\n\t<meta property=\"og:image:width\" content=\"759\" \/>\n\t<meta property=\"og:image:height\" content=\"568\" \/>\n\t<meta property=\"og:image:type\" content=\"image\/png\" \/>\n<meta name=\"twitter:card\" content=\"summary_large_image\" \/>\n<meta name=\"twitter:label1\" content=\"Tiempo de lectura\" \/>\n\t<meta name=\"twitter:data1\" content=\"1 minuto\" \/>\n<script type=\"application\/ld+json\" class=\"yoast-schema-graph\">{\"@context\":\"https:\/\/schema.org\",\"@graph\":[{\"@type\":\"WebPage\",\"@id\":\"https:\/\/lubeljoyeria.com\/producto\/pendientes-marina-garcia-rocio\",\"url\":\"https:\/\/lubeljoyeria.com\/producto\/pendientes-marina-garcia-rocio\",\"name\":\"Pendientes Marina Garc\u00eda, Roc\u00edo - Distribuidor oficial Marina Garc\u00eda\",\"isPartOf\":{\"@id\":\"https:\/\/lubeljoyeria.com\/#website\"},\"primaryImageOfPage\":{\"@id\":\"https:\/\/lubeljoyeria.com\/producto\/pendientes-marina-garcia-rocio#primaryimage\"},\"image\":{\"@id\":\"https:\/\/lubeljoyeria.com\/producto\/pendientes-marina-garcia-rocio#primaryimage\"},\"thumbnailUrl\":\"https:\/\/lubeljoyeria.com\/wp-content\/uploads\/2024\/06\/Screenshot_1-4.png\",\"datePublished\":\"2024-06-12T11:18:37+00:00\",\"dateModified\":\"2024-06-12T11:18:38+00:00\",\"description\":\"Pendientes de plata de primera ley (925) chapados en oro amarillo de 18kt con perlas cultivadas.. Con su dise\u00f1o de trepador no dejar\u00e1 indiferente a nadie.\",\"breadcrumb\":{\"@id\":\"https:\/\/lubeljoyeria.com\/producto\/pendientes-marina-garcia-rocio#breadcrumb\"},\"inLanguage\":\"es\",\"potentialAction\":[{\"@type\":\"ReadAction\",\"target\":[\"https:\/\/lubeljoyeria.com\/producto\/pendientes-marina-garcia-rocio\"]}]},{\"@type\":\"ImageObject\",\"inLanguage\":\"es\",\"@id\":\"https:\/\/lubeljoyeria.com\/producto\/pendientes-marina-garcia-rocio#primaryimage\",\"url\":\"https:\/\/lubeljoyeria.com\/wp-content\/uploads\/2024\/06\/Screenshot_1-4.png\",\"contentUrl\":\"https:\/\/lubeljoyeria.com\/wp-content\/uploads\/2024\/06\/Screenshot_1-4.png\",\"width\":759,\"height\":568,\"caption\":\"Pendientes de plata de primera ley (925) chapados en oro amarillo de 18kt con perlas cultivadas. Si eres de las novias que les gusta arriesgar estos pendientes son los tuyos sin lugar a dudas!!!. Con su dise\u00f1o de trepador no dejar\u00e1 indiferente a nadie. Tama\u00f1o: 3 x 2,3 cm Material: Plata de primera ley, ba\u00f1o de oro y perlas cultivadas. Ref. Marina Garc\u00eda: 90860PD\"},{\"@type\":\"BreadcrumbList\",\"@id\":\"https:\/\/lubeljoyeria.com\/producto\/pendientes-marina-garcia-rocio#breadcrumb\",\"itemListElement\":[{\"@type\":\"ListItem\",\"position\":1,\"name\":\"Home\",\"item\":\"https:\/\/lubeljoyeria.com\/\"},{\"@type\":\"ListItem\",\"position\":2,\"name\":\"Tienda\",\"item\":\"https:\/\/lubeljoyeria.com\/?page_id=6\"},{\"@type\":\"ListItem\",\"position\":3,\"name\":\"Pendientes Marina Garc\u00eda, Roc\u00edo\"}]},{\"@type\":\"WebSite\",\"@id\":\"https:\/\/lubeljoyeria.com\/#website\",\"url\":\"https:\/\/lubeljoyeria.com\/\",\"name\":\"Lubel joyeria. Joyeria en Plata . Distribuidor oficial de Swarovski. - Lubel\",\"description\":\"Lubel joyeria. Joyeria en Plata . Distribuidor oficial de Swarovski. - Lubel\",\"publisher\":{\"@id\":\"https:\/\/lubeljoyeria.com\/#organization\"},\"potentialAction\":[{\"@type\":\"SearchAction\",\"target\":{\"@type\":\"EntryPoint\",\"urlTemplate\":\"https:\/\/lubeljoyeria.com\/?s={search_term_string}\"},\"query-input\":{\"@type\":\"PropertyValueSpecification\",\"valueRequired\":true,\"valueName\":\"search_term_string\"}}],\"inLanguage\":\"es\"},{\"@type\":\"Organization\",\"@id\":\"https:\/\/lubeljoyeria.com\/#organization\",\"name\":\"Lubel joyeria. Joyeria en Plata . Distribuidor oficial de Swarovski. - Lubel\",\"url\":\"https:\/\/lubeljoyeria.com\/\",\"logo\":{\"@type\":\"ImageObject\",\"inLanguage\":\"es\",\"@id\":\"https:\/\/lubeljoyeria.com\/#\/schema\/logo\/image\/\",\"url\":\"https:\/\/lubeljoyeria.com\/wp-content\/uploads\/2020\/10\/lubel-joyeria-logo-1543825573-1.png\",\"contentUrl\":\"https:\/\/lubeljoyeria.com\/wp-content\/uploads\/2020\/10\/lubel-joyeria-logo-1543825573-1.png\",\"width\":135,\"height\":31,\"caption\":\"Lubel joyeria. Joyeria en Plata . Distribuidor oficial de Swarovski. - Lubel\"},\"image\":{\"@id\":\"https:\/\/lubeljoyeria.com\/#\/schema\/logo\/image\/\"}}]}<\/script>\n<!-- \/ Yoast SEO Premium plugin. -->","yoast_head_json":{"title":"Pendientes Marina Garc\u00eda, Roc\u00edo - Distribuidor oficial Marina Garc\u00eda","description":"Pendientes de plata de primera ley (925) chapados en oro amarillo de 18kt con perlas cultivadas.. Con su dise\u00f1o de trepador no dejar\u00e1 indiferente a nadie.","robots":{"index":"index","follow":"follow","max-snippet":"max-snippet:-1","max-image-preview":"max-image-preview:large","max-video-preview":"max-video-preview:-1"},"canonical":"https:\/\/lubeljoyeria.com\/producto\/pendientes-marina-garcia-rocio","og_locale":"es_ES","og_type":"article","og_title":"Pendientes Marina Garc\u00eda, Roc\u00edo","og_description":"Pendientes de plata de primera ley (925) chapados en oro amarillo de 18kt con perlas cultivadas.. Con su dise\u00f1o de trepador no dejar\u00e1 indiferente a nadie.","og_url":"https:\/\/lubeljoyeria.com\/producto\/pendientes-marina-garcia-rocio","og_site_name":"Lubel joyeria. Joyeria en Plata . Distribuidor oficial de Swarovski. - Lubel","article_modified_time":"2024-06-12T11:18:38+00:00","og_image":[{"width":759,"height":568,"url":"https:\/\/lubeljoyeria.com\/wp-content\/uploads\/2024\/06\/Screenshot_1-4.png","type":"image\/png"}],"twitter_card":"summary_large_image","twitter_misc":{"Tiempo de lectura":"1 minuto"},"schema":{"@context":"https:\/\/schema.org","@graph":[{"@type":"WebPage","@id":"https:\/\/lubeljoyeria.com\/producto\/pendientes-marina-garcia-rocio","url":"https:\/\/lubeljoyeria.com\/producto\/pendientes-marina-garcia-rocio","name":"Pendientes Marina Garc\u00eda, Roc\u00edo - Distribuidor oficial Marina Garc\u00eda","isPartOf":{"@id":"https:\/\/lubeljoyeria.com\/#website"},"primaryImageOfPage":{"@id":"https:\/\/lubeljoyeria.com\/producto\/pendientes-marina-garcia-rocio#primaryimage"},"image":{"@id":"https:\/\/lubeljoyeria.com\/producto\/pendientes-marina-garcia-rocio#primaryimage"},"thumbnailUrl":"https:\/\/lubeljoyeria.com\/wp-content\/uploads\/2024\/06\/Screenshot_1-4.png","datePublished":"2024-06-12T11:18:37+00:00","dateModified":"2024-06-12T11:18:38+00:00","description":"Pendientes de plata de primera ley (925) chapados en oro amarillo de 18kt con perlas cultivadas.. Con su dise\u00f1o de trepador no dejar\u00e1 indiferente a nadie.","breadcrumb":{"@id":"https:\/\/lubeljoyeria.com\/producto\/pendientes-marina-garcia-rocio#breadcrumb"},"inLanguage":"es","potentialAction":[{"@type":"ReadAction","target":["https:\/\/lubeljoyeria.com\/producto\/pendientes-marina-garcia-rocio"]}]},{"@type":"ImageObject","inLanguage":"es","@id":"https:\/\/lubeljoyeria.com\/producto\/pendientes-marina-garcia-rocio#primaryimage","url":"https:\/\/lubeljoyeria.com\/wp-content\/uploads\/2024\/06\/Screenshot_1-4.png","contentUrl":"https:\/\/lubeljoyeria.com\/wp-content\/uploads\/2024\/06\/Screenshot_1-4.png","width":759,"height":568,"caption":"Pendientes de plata de primera ley (925) chapados en oro amarillo de 18kt con perlas cultivadas. Si eres de las novias que les gusta arriesgar estos pendientes son los tuyos sin lugar a dudas!!!. Con su dise\u00f1o de trepador no dejar\u00e1 indiferente a nadie. Tama\u00f1o: 3 x 2,3 cm Material: Plata de primera ley, ba\u00f1o de oro y perlas cultivadas. Ref. Marina Garc\u00eda: 90860PD"},{"@type":"BreadcrumbList","@id":"https:\/\/lubeljoyeria.com\/producto\/pendientes-marina-garcia-rocio#breadcrumb","itemListElement":[{"@type":"ListItem","position":1,"name":"Home","item":"https:\/\/lubeljoyeria.com\/"},{"@type":"ListItem","position":2,"name":"Tienda","item":"https:\/\/lubeljoyeria.com\/?page_id=6"},{"@type":"ListItem","position":3,"name":"Pendientes Marina Garc\u00eda, Roc\u00edo"}]},{"@type":"WebSite","@id":"https:\/\/lubeljoyeria.com\/#website","url":"https:\/\/lubeljoyeria.com\/","name":"Lubel joyeria. Joyeria en Plata . Distribuidor oficial de Swarovski. - Lubel","description":"Lubel joyeria. Joyeria en Plata . Distribuidor oficial de Swarovski. - Lubel","publisher":{"@id":"https:\/\/lubeljoyeria.com\/#organization"},"potentialAction":[{"@type":"SearchAction","target":{"@type":"EntryPoint","urlTemplate":"https:\/\/lubeljoyeria.com\/?s={search_term_string}"},"query-input":{"@type":"PropertyValueSpecification","valueRequired":true,"valueName":"search_term_string"}}],"inLanguage":"es"},{"@type":"Organization","@id":"https:\/\/lubeljoyeria.com\/#organization","name":"Lubel joyeria. Joyeria en Plata . Distribuidor oficial de Swarovski. - Lubel","url":"https:\/\/lubeljoyeria.com\/","logo":{"@type":"ImageObject","inLanguage":"es","@id":"https:\/\/lubeljoyeria.com\/#\/schema\/logo\/image\/","url":"https:\/\/lubeljoyeria.com\/wp-content\/uploads\/2020\/10\/lubel-joyeria-logo-1543825573-1.png","contentUrl":"https:\/\/lubeljoyeria.com\/wp-content\/uploads\/2020\/10\/lubel-joyeria-logo-1543825573-1.png","width":135,"height":31,"caption":"Lubel joyeria. Joyeria en Plata . Distribuidor oficial de Swarovski. - Lubel"},"image":{"@id":"https:\/\/lubeljoyeria.com\/#\/schema\/logo\/image\/"}}]}},"_links":{"self":[{"href":"https:\/\/lubeljoyeria.com\/index.php?rest_route=\/wp\/v2\/product\/26043","targetHints":{"allow":["GET"]}}],"collection":[{"href":"https:\/\/lubeljoyeria.com\/index.php?rest_route=\/wp\/v2\/product"}],"about":[{"href":"https:\/\/lubeljoyeria.com\/index.php?rest_route=\/wp\/v2\/types\/product"}],"wp:featuredmedia":[{"embeddable":true,"href":"https:\/\/lubeljoyeria.com\/index.php?rest_route=\/wp\/v2\/media\/26045"}],"wp:attachment":[{"href":"https:\/\/lubeljoyeria.com\/index.php?rest_route=%2Fwp%2Fv2%2Fmedia&parent=26043"}],"wp:term":[{"taxonomy":"product_brand","embeddable":true,"href":"https:\/\/lubeljoyeria.com\/index.php?rest_route=%2Fwp%2Fv2%2Fproduct_brand&post=26043"},{"taxonomy":"product_cat","embeddable":true,"href":"https:\/\/lubeljoyeria.com\/index.php?rest_route=%2Fwp%2Fv2%2Fproduct_cat&post=26043"},{"taxonomy":"product_tag","embeddable":true,"href":"https:\/\/lubeljoyeria.com\/index.php?rest_route=%2Fwp%2Fv2%2Fproduct_tag&post=26043"}],"curies":[{"name":"wp","href":"https:\/\/api.w.org\/{rel}","templated":true}]}}