{"id":25989,"date":"2024-06-08T17:19:55","date_gmt":"2024-06-08T17:19:55","guid":{"rendered":"https:\/\/lubeljoyeria.com\/?post_type=product&#038;p=25989"},"modified":"2024-12-28T10:43:48","modified_gmt":"2024-12-28T10:43:48","slug":"anillo-salvatore-helenica-2","status":"publish","type":"product","link":"https:\/\/lubeljoyeria.com\/?product=anillo-salvatore-helenica-2","title":{"rendered":"Anillo Salvatore, Hel\u00e9nica"},"content":{"rendered":"<p>Anillo de la colecci\u00f3n &#8220;Hel\u00e9nica&#8221; de Salvatore Plata. Una pieza sencilla y delicada que complementa a cualquier <em>look<\/em>.<\/p>\n<p>Fabricado en plata de 1\u00aa ley 925 con un ba\u00f1o de oro de 18k y perla natural de agua dulce.<\/p>\n<ul>\n<li>Ref. Salvatore: 164S0016<\/li>\n<\/ul>\n","protected":false},"excerpt":{"rendered":"<p>Anillo de la colecci\u00f3n &#8220;Hel\u00e9nica&#8221; de Salvatore Plata. Una pieza sencilla y delicada que complementa a cualquier <em>look<\/em>.<\/p>\n<p>Fabricado en plata de 1\u00aa ley 925 con un ba\u00f1o de oro de 18k y perla natural de agua dulce.<\/p>\n<ul>\n<li>Ref. Salvatore: 164S0016<\/li>\n<\/ul>\n","protected":false},"featured_media":25993,"template":"","meta":{"_joinchat":[]},"product_brand":[1439],"product_cat":[1463,1464,1485,1520],"product_tag":[],"class_list":{"0":"post-25989","1":"product","2":"type-product","3":"status-publish","4":"has-post-thumbnail","6":"product_brand-salvatore-plata","7":"product_cat-inicio","8":"product_cat-principal","9":"product_cat-salvatore-plata","10":"product_cat-anillos-salvatore-plata","11":"pa_tallaanillomedidortatum-1541","12":"pa_tallaanillomedidortatum-1545","13":"sales-flash-overlay","14":"woocommerce-text-align-center","15":"woocommerce-image-align-center","16":"do-quantity-buttons","17":"wc-has-gallery","19":"first","20":"instock","21":"taxable","22":"shipping-taxable","23":"purchasable","24":"product-type-variable"},"yoast_head":"<!-- This site is optimized with the Yoast SEO Premium plugin v22.5 (Yoast SEO v26.5) - https:\/\/yoast.com\/wordpress\/plugins\/seo\/ -->\n<title>Anillo Salvatore, Hel\u00e9nica - Distribuidor Oficial Salvatore Plata<\/title>\n<meta name=\"description\" content=\"Anillo de la colecci\u00f3n &quot;Hel\u00e9nica&quot; de Salvatore.Fabricado en plata de 1\u00aa ley 925 con un ba\u00f1o de oro de 18k y perla.Ref. Salvatore: 164S0016\" \/>\n<meta name=\"robots\" content=\"index, follow, max-snippet:-1, max-image-preview:large, max-video-preview:-1\" \/>\n<link rel=\"canonical\" href=\"https:\/\/lubeljoyeria.com\/producto\/anillo-salvatore-helenica-2\" \/>\n<meta property=\"og:locale\" content=\"es_ES\" \/>\n<meta property=\"og:type\" content=\"article\" \/>\n<meta property=\"og:title\" content=\"Anillo Salvatore, Hel\u00e9nica\" \/>\n<meta property=\"og:description\" content=\"Anillo de la colecci\u00f3n &quot;Hel\u00e9nica&quot; de Salvatore.Fabricado en plata de 1\u00aa ley 925 con un ba\u00f1o de oro de 18k y perla.Ref. Salvatore: 164S0016\" \/>\n<meta property=\"og:url\" content=\"https:\/\/lubeljoyeria.com\/producto\/anillo-salvatore-helenica-2\" \/>\n<meta property=\"og:site_name\" content=\"Lubel joyeria. Joyeria en Plata . Distribuidor oficial de Swarovski. - Lubel\" \/>\n<meta property=\"article:modified_time\" content=\"2024-12-28T10:43:48+00:00\" \/>\n<meta property=\"og:image\" content=\"https:\/\/lubeljoyeria.com\/wp-content\/uploads\/2024\/06\/164s0016.jpg\" \/>\n\t<meta property=\"og:image:width\" content=\"768\" \/>\n\t<meta property=\"og:image:height\" content=\"768\" \/>\n\t<meta property=\"og:image:type\" content=\"image\/jpeg\" \/>\n<meta name=\"twitter:card\" content=\"summary_large_image\" \/>\n<meta name=\"twitter:label1\" content=\"Tiempo de lectura\" \/>\n\t<meta name=\"twitter:data1\" content=\"1 minuto\" \/>\n<script type=\"application\/ld+json\" class=\"yoast-schema-graph\">{\"@context\":\"https:\/\/schema.org\",\"@graph\":[{\"@type\":\"WebPage\",\"@id\":\"https:\/\/lubeljoyeria.com\/producto\/anillo-salvatore-helenica-2\",\"url\":\"https:\/\/lubeljoyeria.com\/producto\/anillo-salvatore-helenica-2\",\"name\":\"Anillo Salvatore, Hel\u00e9nica - Distribuidor Oficial Salvatore Plata\",\"isPartOf\":{\"@id\":\"https:\/\/lubeljoyeria.com\/#website\"},\"primaryImageOfPage\":{\"@id\":\"https:\/\/lubeljoyeria.com\/producto\/anillo-salvatore-helenica-2#primaryimage\"},\"image\":{\"@id\":\"https:\/\/lubeljoyeria.com\/producto\/anillo-salvatore-helenica-2#primaryimage\"},\"thumbnailUrl\":\"https:\/\/lubeljoyeria.com\/wp-content\/uploads\/2024\/06\/164s0016.jpg\",\"datePublished\":\"2024-06-08T17:19:55+00:00\",\"dateModified\":\"2024-12-28T10:43:48+00:00\",\"description\":\"Anillo de la colecci\u00f3n \\\"Hel\u00e9nica\\\" de Salvatore.Fabricado en plata de 1\u00aa ley 925 con un ba\u00f1o de oro de 18k y perla.Ref. Salvatore: 164S0016\",\"breadcrumb\":{\"@id\":\"https:\/\/lubeljoyeria.com\/producto\/anillo-salvatore-helenica-2#breadcrumb\"},\"inLanguage\":\"es\",\"potentialAction\":[{\"@type\":\"ReadAction\",\"target\":[\"https:\/\/lubeljoyeria.com\/producto\/anillo-salvatore-helenica-2\"]}]},{\"@type\":\"ImageObject\",\"inLanguage\":\"es\",\"@id\":\"https:\/\/lubeljoyeria.com\/producto\/anillo-salvatore-helenica-2#primaryimage\",\"url\":\"https:\/\/lubeljoyeria.com\/wp-content\/uploads\/2024\/06\/164s0016.jpg\",\"contentUrl\":\"https:\/\/lubeljoyeria.com\/wp-content\/uploads\/2024\/06\/164s0016.jpg\",\"width\":768,\"height\":768,\"caption\":\"Anillo de la colecci\u00f3n \\\"Hel\u00e9nica\\\" de Salvatore Plata. Una pieza sencilla y delicada que complementa a cualquier look. Fabricado en plata de 1\u00aa ley 925 con un ba\u00f1o de oro de 18k y perla natural de agua dulce. Ref. Salvatore: 164S0016\"},{\"@type\":\"BreadcrumbList\",\"@id\":\"https:\/\/lubeljoyeria.com\/producto\/anillo-salvatore-helenica-2#breadcrumb\",\"itemListElement\":[{\"@type\":\"ListItem\",\"position\":1,\"name\":\"Home\",\"item\":\"https:\/\/lubeljoyeria.com\/\"},{\"@type\":\"ListItem\",\"position\":2,\"name\":\"Tienda\",\"item\":\"https:\/\/lubeljoyeria.com\/?page_id=6\"},{\"@type\":\"ListItem\",\"position\":3,\"name\":\"Anillo Salvatore, Hel\u00e9nica\"}]},{\"@type\":\"WebSite\",\"@id\":\"https:\/\/lubeljoyeria.com\/#website\",\"url\":\"https:\/\/lubeljoyeria.com\/\",\"name\":\"Lubel joyeria. Joyeria en Plata . Distribuidor oficial de Swarovski. - Lubel\",\"description\":\"Lubel joyeria. Joyeria en Plata . Distribuidor oficial de Swarovski. - Lubel\",\"publisher\":{\"@id\":\"https:\/\/lubeljoyeria.com\/#organization\"},\"potentialAction\":[{\"@type\":\"SearchAction\",\"target\":{\"@type\":\"EntryPoint\",\"urlTemplate\":\"https:\/\/lubeljoyeria.com\/?s={search_term_string}\"},\"query-input\":{\"@type\":\"PropertyValueSpecification\",\"valueRequired\":true,\"valueName\":\"search_term_string\"}}],\"inLanguage\":\"es\"},{\"@type\":\"Organization\",\"@id\":\"https:\/\/lubeljoyeria.com\/#organization\",\"name\":\"Lubel joyeria. Joyeria en Plata . Distribuidor oficial de Swarovski. - Lubel\",\"url\":\"https:\/\/lubeljoyeria.com\/\",\"logo\":{\"@type\":\"ImageObject\",\"inLanguage\":\"es\",\"@id\":\"https:\/\/lubeljoyeria.com\/#\/schema\/logo\/image\/\",\"url\":\"https:\/\/lubeljoyeria.com\/wp-content\/uploads\/2020\/10\/lubel-joyeria-logo-1543825573-1.png\",\"contentUrl\":\"https:\/\/lubeljoyeria.com\/wp-content\/uploads\/2020\/10\/lubel-joyeria-logo-1543825573-1.png\",\"width\":135,\"height\":31,\"caption\":\"Lubel joyeria. Joyeria en Plata . Distribuidor oficial de Swarovski. - Lubel\"},\"image\":{\"@id\":\"https:\/\/lubeljoyeria.com\/#\/schema\/logo\/image\/\"}}]}<\/script>\n<!-- \/ Yoast SEO Premium plugin. -->","yoast_head_json":{"title":"Anillo Salvatore, Hel\u00e9nica - Distribuidor Oficial Salvatore Plata","description":"Anillo de la colecci\u00f3n \"Hel\u00e9nica\" de Salvatore.Fabricado en plata de 1\u00aa ley 925 con un ba\u00f1o de oro de 18k y perla.Ref. Salvatore: 164S0016","robots":{"index":"index","follow":"follow","max-snippet":"max-snippet:-1","max-image-preview":"max-image-preview:large","max-video-preview":"max-video-preview:-1"},"canonical":"https:\/\/lubeljoyeria.com\/producto\/anillo-salvatore-helenica-2","og_locale":"es_ES","og_type":"article","og_title":"Anillo Salvatore, Hel\u00e9nica","og_description":"Anillo de la colecci\u00f3n \"Hel\u00e9nica\" de Salvatore.Fabricado en plata de 1\u00aa ley 925 con un ba\u00f1o de oro de 18k y perla.Ref. Salvatore: 164S0016","og_url":"https:\/\/lubeljoyeria.com\/producto\/anillo-salvatore-helenica-2","og_site_name":"Lubel joyeria. Joyeria en Plata . Distribuidor oficial de Swarovski. - Lubel","article_modified_time":"2024-12-28T10:43:48+00:00","og_image":[{"width":768,"height":768,"url":"https:\/\/lubeljoyeria.com\/wp-content\/uploads\/2024\/06\/164s0016.jpg","type":"image\/jpeg"}],"twitter_card":"summary_large_image","twitter_misc":{"Tiempo de lectura":"1 minuto"},"schema":{"@context":"https:\/\/schema.org","@graph":[{"@type":"WebPage","@id":"https:\/\/lubeljoyeria.com\/producto\/anillo-salvatore-helenica-2","url":"https:\/\/lubeljoyeria.com\/producto\/anillo-salvatore-helenica-2","name":"Anillo Salvatore, Hel\u00e9nica - Distribuidor Oficial Salvatore Plata","isPartOf":{"@id":"https:\/\/lubeljoyeria.com\/#website"},"primaryImageOfPage":{"@id":"https:\/\/lubeljoyeria.com\/producto\/anillo-salvatore-helenica-2#primaryimage"},"image":{"@id":"https:\/\/lubeljoyeria.com\/producto\/anillo-salvatore-helenica-2#primaryimage"},"thumbnailUrl":"https:\/\/lubeljoyeria.com\/wp-content\/uploads\/2024\/06\/164s0016.jpg","datePublished":"2024-06-08T17:19:55+00:00","dateModified":"2024-12-28T10:43:48+00:00","description":"Anillo de la colecci\u00f3n \"Hel\u00e9nica\" de Salvatore.Fabricado en plata de 1\u00aa ley 925 con un ba\u00f1o de oro de 18k y perla.Ref. Salvatore: 164S0016","breadcrumb":{"@id":"https:\/\/lubeljoyeria.com\/producto\/anillo-salvatore-helenica-2#breadcrumb"},"inLanguage":"es","potentialAction":[{"@type":"ReadAction","target":["https:\/\/lubeljoyeria.com\/producto\/anillo-salvatore-helenica-2"]}]},{"@type":"ImageObject","inLanguage":"es","@id":"https:\/\/lubeljoyeria.com\/producto\/anillo-salvatore-helenica-2#primaryimage","url":"https:\/\/lubeljoyeria.com\/wp-content\/uploads\/2024\/06\/164s0016.jpg","contentUrl":"https:\/\/lubeljoyeria.com\/wp-content\/uploads\/2024\/06\/164s0016.jpg","width":768,"height":768,"caption":"Anillo de la colecci\u00f3n \"Hel\u00e9nica\" de Salvatore Plata. Una pieza sencilla y delicada que complementa a cualquier look. Fabricado en plata de 1\u00aa ley 925 con un ba\u00f1o de oro de 18k y perla natural de agua dulce. Ref. Salvatore: 164S0016"},{"@type":"BreadcrumbList","@id":"https:\/\/lubeljoyeria.com\/producto\/anillo-salvatore-helenica-2#breadcrumb","itemListElement":[{"@type":"ListItem","position":1,"name":"Home","item":"https:\/\/lubeljoyeria.com\/"},{"@type":"ListItem","position":2,"name":"Tienda","item":"https:\/\/lubeljoyeria.com\/?page_id=6"},{"@type":"ListItem","position":3,"name":"Anillo Salvatore, Hel\u00e9nica"}]},{"@type":"WebSite","@id":"https:\/\/lubeljoyeria.com\/#website","url":"https:\/\/lubeljoyeria.com\/","name":"Lubel joyeria. Joyeria en Plata . Distribuidor oficial de Swarovski. - Lubel","description":"Lubel joyeria. Joyeria en Plata . Distribuidor oficial de Swarovski. - Lubel","publisher":{"@id":"https:\/\/lubeljoyeria.com\/#organization"},"potentialAction":[{"@type":"SearchAction","target":{"@type":"EntryPoint","urlTemplate":"https:\/\/lubeljoyeria.com\/?s={search_term_string}"},"query-input":{"@type":"PropertyValueSpecification","valueRequired":true,"valueName":"search_term_string"}}],"inLanguage":"es"},{"@type":"Organization","@id":"https:\/\/lubeljoyeria.com\/#organization","name":"Lubel joyeria. Joyeria en Plata . Distribuidor oficial de Swarovski. - Lubel","url":"https:\/\/lubeljoyeria.com\/","logo":{"@type":"ImageObject","inLanguage":"es","@id":"https:\/\/lubeljoyeria.com\/#\/schema\/logo\/image\/","url":"https:\/\/lubeljoyeria.com\/wp-content\/uploads\/2020\/10\/lubel-joyeria-logo-1543825573-1.png","contentUrl":"https:\/\/lubeljoyeria.com\/wp-content\/uploads\/2020\/10\/lubel-joyeria-logo-1543825573-1.png","width":135,"height":31,"caption":"Lubel joyeria. Joyeria en Plata . Distribuidor oficial de Swarovski. - Lubel"},"image":{"@id":"https:\/\/lubeljoyeria.com\/#\/schema\/logo\/image\/"}}]}},"_links":{"self":[{"href":"https:\/\/lubeljoyeria.com\/index.php?rest_route=\/wp\/v2\/product\/25989","targetHints":{"allow":["GET"]}}],"collection":[{"href":"https:\/\/lubeljoyeria.com\/index.php?rest_route=\/wp\/v2\/product"}],"about":[{"href":"https:\/\/lubeljoyeria.com\/index.php?rest_route=\/wp\/v2\/types\/product"}],"wp:featuredmedia":[{"embeddable":true,"href":"https:\/\/lubeljoyeria.com\/index.php?rest_route=\/wp\/v2\/media\/25993"}],"wp:attachment":[{"href":"https:\/\/lubeljoyeria.com\/index.php?rest_route=%2Fwp%2Fv2%2Fmedia&parent=25989"}],"wp:term":[{"taxonomy":"product_brand","embeddable":true,"href":"https:\/\/lubeljoyeria.com\/index.php?rest_route=%2Fwp%2Fv2%2Fproduct_brand&post=25989"},{"taxonomy":"product_cat","embeddable":true,"href":"https:\/\/lubeljoyeria.com\/index.php?rest_route=%2Fwp%2Fv2%2Fproduct_cat&post=25989"},{"taxonomy":"product_tag","embeddable":true,"href":"https:\/\/lubeljoyeria.com\/index.php?rest_route=%2Fwp%2Fv2%2Fproduct_tag&post=25989"}],"curies":[{"name":"wp","href":"https:\/\/api.w.org\/{rel}","templated":true}]}}