{"id":25816,"date":"2024-05-25T16:09:45","date_gmt":"2024-05-25T16:09:45","guid":{"rendered":"https:\/\/lubeljoyeria.com\/?post_type=product&#038;p=25816"},"modified":"2024-05-25T16:22:16","modified_gmt":"2024-05-25T16:22:16","slug":"pendientes-swarovski-gema","status":"publish","type":"product","link":"https:\/\/lubeljoyeria.com\/?product=pendientes-swarovski-gema","title":{"rendered":"Pendientes Swarovski, Gema"},"content":{"rendered":"<p>Dise\u00f1ado con dos delicadas flores, estos relucientes pendientes son un ejemplo caracter\u00edstico de la vitalidad y el estilo ecl\u00e9ctico de la familia Gema. Engastados en un c\u00e1lido ba\u00f1o de oro, la variedad de tonos verdes en una mezcla de extraordinarias tallas crea un look de lo m\u00e1s fascinante. Elige este estilo cuando quieras darle un toque especial de sofisticaci\u00f3n.<\/p>\n<ul id=\"product-details-classifications-ellipsis\" class=\"swa-product-details__drawer__specs swa-text-sans--small\">\n<li>Tama\u00f1o: 1.7 x 2 cm<\/li>\n<li>Material: Cristales y ba\u00f1o de oro.<\/li>\n<\/ul>\n<p>&nbsp;<\/p>\n","protected":false},"excerpt":{"rendered":"<p>Dise\u00f1ado con dos delicadas flores, estos relucientes pendientes son un ejemplo caracter\u00edstico de la vitalidad y el estilo ecl\u00e9ctico de la familia Gema. Engastados en un c\u00e1lido ba\u00f1o de oro, la variedad de tonos verdes en una mezcla de extraordinarias tallas crea un look de lo m\u00e1s fascinante. Elige este estilo cuando quieras darle un toque especial de sofisticaci\u00f3n.<\/p>\n<ul id=\"product-details-classifications-ellipsis\" class=\"swa-product-details__drawer__specs swa-text-sans--small\">\n<li>Tama\u00f1o: 1.7 x 2 cm<\/li>\n<li>Material: Cristales y ba\u00f1o de oro.<\/li>\n<\/ul>\n","protected":false},"featured_media":25818,"template":"","meta":{"_joinchat":[]},"product_brand":[1437],"product_cat":[1463,1464,1470,1623,1512,1468],"product_tag":[],"class_list":{"0":"post-25816","1":"product","2":"type-product","3":"status-publish","4":"has-post-thumbnail","6":"product_brand-swarovski","7":"product_cat-inicio","8":"product_cat-principal","9":"product_cat-swarovski","10":"product_cat-joyitas_","11":"product_cat-pendientes-swarovski","12":"product_cat-pendientes","13":"sales-flash-overlay","14":"woocommerce-text-align-center","15":"woocommerce-image-align-center","16":"do-quantity-buttons","17":"wc-has-gallery","19":"first","20":"instock","21":"taxable","22":"shipping-taxable","23":"purchasable","24":"product-type-simple"},"yoast_head":"<!-- This site is optimized with the Yoast SEO Premium plugin v22.5 (Yoast SEO v26.5) - https:\/\/yoast.com\/wordpress\/plugins\/seo\/ -->\n<title>Pendientes Swarovski, Gema - Distribuidor oficial Swarovski<\/title>\n<meta name=\"description\" content=\"Engastados en un c\u00e1lido ba\u00f1o de oro, la variedad de tonos verdes en una mezcla de extraordinarias tallas crea un look de lo m\u00e1s fascinante.\" \/>\n<meta name=\"robots\" content=\"index, follow, max-snippet:-1, max-image-preview:large, max-video-preview:-1\" \/>\n<link rel=\"canonical\" href=\"https:\/\/lubeljoyeria.com\/producto\/pendientes-swarovski-gema\" \/>\n<meta property=\"og:locale\" content=\"es_ES\" \/>\n<meta property=\"og:type\" content=\"article\" \/>\n<meta property=\"og:title\" content=\"Pendientes Swarovski, Gema\" \/>\n<meta property=\"og:description\" content=\"Engastados en un c\u00e1lido ba\u00f1o de oro, la variedad de tonos verdes en una mezcla de extraordinarias tallas crea un look de lo m\u00e1s fascinante.\" \/>\n<meta property=\"og:url\" content=\"https:\/\/lubeljoyeria.com\/producto\/pendientes-swarovski-gema\" \/>\n<meta property=\"og:site_name\" content=\"Lubel joyeria. Joyeria en Plata . Distribuidor oficial de Swarovski. - Lubel\" \/>\n<meta property=\"article:modified_time\" content=\"2024-05-25T16:22:16+00:00\" \/>\n<meta property=\"og:image\" content=\"https:\/\/lubeljoyeria.com\/wp-content\/uploads\/2024\/05\/Screenshot_2-6.png\" \/>\n\t<meta property=\"og:image:width\" content=\"566\" \/>\n\t<meta property=\"og:image:height\" content=\"567\" \/>\n\t<meta property=\"og:image:type\" content=\"image\/png\" \/>\n<meta name=\"twitter:card\" content=\"summary_large_image\" \/>\n<meta name=\"twitter:label1\" content=\"Tiempo de lectura\" \/>\n\t<meta name=\"twitter:data1\" content=\"1 minuto\" \/>\n<script type=\"application\/ld+json\" class=\"yoast-schema-graph\">{\"@context\":\"https:\/\/schema.org\",\"@graph\":[{\"@type\":\"WebPage\",\"@id\":\"https:\/\/lubeljoyeria.com\/producto\/pendientes-swarovski-gema\",\"url\":\"https:\/\/lubeljoyeria.com\/producto\/pendientes-swarovski-gema\",\"name\":\"Pendientes Swarovski, Gema - Distribuidor oficial Swarovski\",\"isPartOf\":{\"@id\":\"https:\/\/lubeljoyeria.com\/#website\"},\"primaryImageOfPage\":{\"@id\":\"https:\/\/lubeljoyeria.com\/producto\/pendientes-swarovski-gema#primaryimage\"},\"image\":{\"@id\":\"https:\/\/lubeljoyeria.com\/producto\/pendientes-swarovski-gema#primaryimage\"},\"thumbnailUrl\":\"https:\/\/lubeljoyeria.com\/wp-content\/uploads\/2024\/05\/Screenshot_2-6.png\",\"datePublished\":\"2024-05-25T16:09:45+00:00\",\"dateModified\":\"2024-05-25T16:22:16+00:00\",\"description\":\"Engastados en un c\u00e1lido ba\u00f1o de oro, la variedad de tonos verdes en una mezcla de extraordinarias tallas crea un look de lo m\u00e1s fascinante.\",\"breadcrumb\":{\"@id\":\"https:\/\/lubeljoyeria.com\/producto\/pendientes-swarovski-gema#breadcrumb\"},\"inLanguage\":\"es\",\"potentialAction\":[{\"@type\":\"ReadAction\",\"target\":[\"https:\/\/lubeljoyeria.com\/producto\/pendientes-swarovski-gema\"]}]},{\"@type\":\"ImageObject\",\"inLanguage\":\"es\",\"@id\":\"https:\/\/lubeljoyeria.com\/producto\/pendientes-swarovski-gema#primaryimage\",\"url\":\"https:\/\/lubeljoyeria.com\/wp-content\/uploads\/2024\/05\/Screenshot_2-6.png\",\"contentUrl\":\"https:\/\/lubeljoyeria.com\/wp-content\/uploads\/2024\/05\/Screenshot_2-6.png\",\"width\":566,\"height\":567,\"caption\":\"Dise\u00f1ado con dos delicadas flores, estos relucientes pendientes son un ejemplo caracter\u00edstico de la vitalidad y el estilo ecl\u00e9ctico de la familia Gema. Engastados en un c\u00e1lido ba\u00f1o de oro, la variedad de tonos verdes en una mezcla de extraordinarias tallas crea un look de lo m\u00e1s fascinante. Elige este estilo cuando quieras darle un toque especial de sofisticaci\u00f3n. Tama\u00f1o: 1.7 x 2 cm Material: Cristales y ba\u00f1o de oro.\"},{\"@type\":\"BreadcrumbList\",\"@id\":\"https:\/\/lubeljoyeria.com\/producto\/pendientes-swarovski-gema#breadcrumb\",\"itemListElement\":[{\"@type\":\"ListItem\",\"position\":1,\"name\":\"Home\",\"item\":\"https:\/\/lubeljoyeria.com\/\"},{\"@type\":\"ListItem\",\"position\":2,\"name\":\"Tienda\",\"item\":\"https:\/\/lubeljoyeria.com\/?page_id=6\"},{\"@type\":\"ListItem\",\"position\":3,\"name\":\"Pendientes Swarovski, Gema\"}]},{\"@type\":\"WebSite\",\"@id\":\"https:\/\/lubeljoyeria.com\/#website\",\"url\":\"https:\/\/lubeljoyeria.com\/\",\"name\":\"Lubel joyeria. Joyeria en Plata . Distribuidor oficial de Swarovski. - Lubel\",\"description\":\"Lubel joyeria. Joyeria en Plata . Distribuidor oficial de Swarovski. - Lubel\",\"publisher\":{\"@id\":\"https:\/\/lubeljoyeria.com\/#organization\"},\"potentialAction\":[{\"@type\":\"SearchAction\",\"target\":{\"@type\":\"EntryPoint\",\"urlTemplate\":\"https:\/\/lubeljoyeria.com\/?s={search_term_string}\"},\"query-input\":{\"@type\":\"PropertyValueSpecification\",\"valueRequired\":true,\"valueName\":\"search_term_string\"}}],\"inLanguage\":\"es\"},{\"@type\":\"Organization\",\"@id\":\"https:\/\/lubeljoyeria.com\/#organization\",\"name\":\"Lubel joyeria. Joyeria en Plata . Distribuidor oficial de Swarovski. - Lubel\",\"url\":\"https:\/\/lubeljoyeria.com\/\",\"logo\":{\"@type\":\"ImageObject\",\"inLanguage\":\"es\",\"@id\":\"https:\/\/lubeljoyeria.com\/#\/schema\/logo\/image\/\",\"url\":\"https:\/\/lubeljoyeria.com\/wp-content\/uploads\/2020\/10\/lubel-joyeria-logo-1543825573-1.png\",\"contentUrl\":\"https:\/\/lubeljoyeria.com\/wp-content\/uploads\/2020\/10\/lubel-joyeria-logo-1543825573-1.png\",\"width\":135,\"height\":31,\"caption\":\"Lubel joyeria. Joyeria en Plata . Distribuidor oficial de Swarovski. - Lubel\"},\"image\":{\"@id\":\"https:\/\/lubeljoyeria.com\/#\/schema\/logo\/image\/\"}}]}<\/script>\n<!-- \/ Yoast SEO Premium plugin. -->","yoast_head_json":{"title":"Pendientes Swarovski, Gema - Distribuidor oficial Swarovski","description":"Engastados en un c\u00e1lido ba\u00f1o de oro, la variedad de tonos verdes en una mezcla de extraordinarias tallas crea un look de lo m\u00e1s fascinante.","robots":{"index":"index","follow":"follow","max-snippet":"max-snippet:-1","max-image-preview":"max-image-preview:large","max-video-preview":"max-video-preview:-1"},"canonical":"https:\/\/lubeljoyeria.com\/producto\/pendientes-swarovski-gema","og_locale":"es_ES","og_type":"article","og_title":"Pendientes Swarovski, Gema","og_description":"Engastados en un c\u00e1lido ba\u00f1o de oro, la variedad de tonos verdes en una mezcla de extraordinarias tallas crea un look de lo m\u00e1s fascinante.","og_url":"https:\/\/lubeljoyeria.com\/producto\/pendientes-swarovski-gema","og_site_name":"Lubel joyeria. Joyeria en Plata . Distribuidor oficial de Swarovski. - Lubel","article_modified_time":"2024-05-25T16:22:16+00:00","og_image":[{"width":566,"height":567,"url":"https:\/\/lubeljoyeria.com\/wp-content\/uploads\/2024\/05\/Screenshot_2-6.png","type":"image\/png"}],"twitter_card":"summary_large_image","twitter_misc":{"Tiempo de lectura":"1 minuto"},"schema":{"@context":"https:\/\/schema.org","@graph":[{"@type":"WebPage","@id":"https:\/\/lubeljoyeria.com\/producto\/pendientes-swarovski-gema","url":"https:\/\/lubeljoyeria.com\/producto\/pendientes-swarovski-gema","name":"Pendientes Swarovski, Gema - Distribuidor oficial Swarovski","isPartOf":{"@id":"https:\/\/lubeljoyeria.com\/#website"},"primaryImageOfPage":{"@id":"https:\/\/lubeljoyeria.com\/producto\/pendientes-swarovski-gema#primaryimage"},"image":{"@id":"https:\/\/lubeljoyeria.com\/producto\/pendientes-swarovski-gema#primaryimage"},"thumbnailUrl":"https:\/\/lubeljoyeria.com\/wp-content\/uploads\/2024\/05\/Screenshot_2-6.png","datePublished":"2024-05-25T16:09:45+00:00","dateModified":"2024-05-25T16:22:16+00:00","description":"Engastados en un c\u00e1lido ba\u00f1o de oro, la variedad de tonos verdes en una mezcla de extraordinarias tallas crea un look de lo m\u00e1s fascinante.","breadcrumb":{"@id":"https:\/\/lubeljoyeria.com\/producto\/pendientes-swarovski-gema#breadcrumb"},"inLanguage":"es","potentialAction":[{"@type":"ReadAction","target":["https:\/\/lubeljoyeria.com\/producto\/pendientes-swarovski-gema"]}]},{"@type":"ImageObject","inLanguage":"es","@id":"https:\/\/lubeljoyeria.com\/producto\/pendientes-swarovski-gema#primaryimage","url":"https:\/\/lubeljoyeria.com\/wp-content\/uploads\/2024\/05\/Screenshot_2-6.png","contentUrl":"https:\/\/lubeljoyeria.com\/wp-content\/uploads\/2024\/05\/Screenshot_2-6.png","width":566,"height":567,"caption":"Dise\u00f1ado con dos delicadas flores, estos relucientes pendientes son un ejemplo caracter\u00edstico de la vitalidad y el estilo ecl\u00e9ctico de la familia Gema. Engastados en un c\u00e1lido ba\u00f1o de oro, la variedad de tonos verdes en una mezcla de extraordinarias tallas crea un look de lo m\u00e1s fascinante. Elige este estilo cuando quieras darle un toque especial de sofisticaci\u00f3n. Tama\u00f1o: 1.7 x 2 cm Material: Cristales y ba\u00f1o de oro."},{"@type":"BreadcrumbList","@id":"https:\/\/lubeljoyeria.com\/producto\/pendientes-swarovski-gema#breadcrumb","itemListElement":[{"@type":"ListItem","position":1,"name":"Home","item":"https:\/\/lubeljoyeria.com\/"},{"@type":"ListItem","position":2,"name":"Tienda","item":"https:\/\/lubeljoyeria.com\/?page_id=6"},{"@type":"ListItem","position":3,"name":"Pendientes Swarovski, Gema"}]},{"@type":"WebSite","@id":"https:\/\/lubeljoyeria.com\/#website","url":"https:\/\/lubeljoyeria.com\/","name":"Lubel joyeria. Joyeria en Plata . Distribuidor oficial de Swarovski. - Lubel","description":"Lubel joyeria. Joyeria en Plata . Distribuidor oficial de Swarovski. - Lubel","publisher":{"@id":"https:\/\/lubeljoyeria.com\/#organization"},"potentialAction":[{"@type":"SearchAction","target":{"@type":"EntryPoint","urlTemplate":"https:\/\/lubeljoyeria.com\/?s={search_term_string}"},"query-input":{"@type":"PropertyValueSpecification","valueRequired":true,"valueName":"search_term_string"}}],"inLanguage":"es"},{"@type":"Organization","@id":"https:\/\/lubeljoyeria.com\/#organization","name":"Lubel joyeria. Joyeria en Plata . Distribuidor oficial de Swarovski. - Lubel","url":"https:\/\/lubeljoyeria.com\/","logo":{"@type":"ImageObject","inLanguage":"es","@id":"https:\/\/lubeljoyeria.com\/#\/schema\/logo\/image\/","url":"https:\/\/lubeljoyeria.com\/wp-content\/uploads\/2020\/10\/lubel-joyeria-logo-1543825573-1.png","contentUrl":"https:\/\/lubeljoyeria.com\/wp-content\/uploads\/2020\/10\/lubel-joyeria-logo-1543825573-1.png","width":135,"height":31,"caption":"Lubel joyeria. Joyeria en Plata . Distribuidor oficial de Swarovski. - Lubel"},"image":{"@id":"https:\/\/lubeljoyeria.com\/#\/schema\/logo\/image\/"}}]}},"_links":{"self":[{"href":"https:\/\/lubeljoyeria.com\/index.php?rest_route=\/wp\/v2\/product\/25816","targetHints":{"allow":["GET"]}}],"collection":[{"href":"https:\/\/lubeljoyeria.com\/index.php?rest_route=\/wp\/v2\/product"}],"about":[{"href":"https:\/\/lubeljoyeria.com\/index.php?rest_route=\/wp\/v2\/types\/product"}],"wp:featuredmedia":[{"embeddable":true,"href":"https:\/\/lubeljoyeria.com\/index.php?rest_route=\/wp\/v2\/media\/25818"}],"wp:attachment":[{"href":"https:\/\/lubeljoyeria.com\/index.php?rest_route=%2Fwp%2Fv2%2Fmedia&parent=25816"}],"wp:term":[{"taxonomy":"product_brand","embeddable":true,"href":"https:\/\/lubeljoyeria.com\/index.php?rest_route=%2Fwp%2Fv2%2Fproduct_brand&post=25816"},{"taxonomy":"product_cat","embeddable":true,"href":"https:\/\/lubeljoyeria.com\/index.php?rest_route=%2Fwp%2Fv2%2Fproduct_cat&post=25816"},{"taxonomy":"product_tag","embeddable":true,"href":"https:\/\/lubeljoyeria.com\/index.php?rest_route=%2Fwp%2Fv2%2Fproduct_tag&post=25816"}],"curies":[{"name":"wp","href":"https:\/\/api.w.org\/{rel}","templated":true}]}}