{"id":25780,"date":"2024-05-18T15:47:23","date_gmt":"2024-05-18T15:47:23","guid":{"rendered":"https:\/\/lubeljoyeria.com\/?post_type=product&#038;p=25780"},"modified":"2024-05-18T15:47:24","modified_gmt":"2024-05-18T15:47:24","slug":"pulsera-brazalete-salvatore-marmara","status":"publish","type":"product","link":"https:\/\/lubeljoyeria.com\/?product=pulsera-brazalete-salvatore-marmara","title":{"rendered":"Pulsera Brazalete Salvatore, Marmara"},"content":{"rendered":"<p>Este brazalete de la colecci\u00f3n &#8220;Marmara&#8221; ser\u00e1 tu complemento perfecto para todos tus <em>looks<\/em>. Una pieza \u00fanica que dar\u00e1 un toque de luz y originalidad a cualquier <em>outfit<\/em>. El color turquesa del mar en contraste con el potente dorado y su matiz mediterr\u00e1neo-oriental son los protagonistas.<\/p>\n<p>Fabricado en plata de 1\u00aa ley 925 con un ba\u00f1o de oro de 18k.<\/p>\n<p>\u00a1Completa Marmara con el resto de joyas de la colecci\u00f3n!<\/p>\n<ul>\n<li>Tama\u00f1o: 6 x 5.50<\/li>\n<li>Ref. Salvatore: 269P0003<\/li>\n<\/ul>\n","protected":false},"excerpt":{"rendered":"<p>Este brazalete de la colecci\u00f3n &#8220;Marmara&#8221; ser\u00e1 tu complemento perfecto para todos tus <em>looks<\/em>. Una pieza \u00fanica que dar\u00e1 un toque de luz y originalidad a cualquier <em>outfit<\/em>. El color turquesa del mar en contraste con el potente dorado y su matiz mediterr\u00e1neo-oriental son los protagonistas.<\/p>\n<p>Fabricado en plata de 1\u00aa ley 925 con un ba\u00f1o de oro de 18k.<\/p>\n<p>\u00a1Completa Marmara con el resto de joyas de la colecci\u00f3n!<\/p>\n<ul>\n<li>Tama\u00f1o: 6 x 5.50<\/li>\n<li>Ref. Salvatore: 269P0003<\/li>\n<\/ul>\n","protected":false},"featured_media":25782,"template":"","meta":{"_joinchat":[]},"product_brand":[1439],"product_cat":[1463,1464,1485,1526],"product_tag":[],"class_list":{"0":"post-25780","1":"product","2":"type-product","3":"status-publish","4":"has-post-thumbnail","6":"product_brand-salvatore-plata","7":"product_cat-inicio","8":"product_cat-principal","9":"product_cat-salvatore-plata","10":"product_cat-pulseras-salvatore-plata","11":"sales-flash-overlay","12":"woocommerce-text-align-center","13":"woocommerce-image-align-center","14":"do-quantity-buttons","15":"wc-has-gallery","17":"first","18":"instock","19":"taxable","20":"shipping-taxable","21":"purchasable","22":"product-type-simple"},"yoast_head":"<!-- This site is optimized with the Yoast SEO Premium plugin v22.5 (Yoast SEO v26.5) - https:\/\/yoast.com\/wordpress\/plugins\/seo\/ -->\n<title>Pulsera Brazalete Salvatore, Marmara - Distribuidor oficial Salvatore<\/title>\n<meta name=\"description\" content=\"Este brazalete de la colecci\u00f3n &quot;Marmara&quot; est\u00e1 fabricado en plata de 1\u00aa ley 925 con un ba\u00f1o de oro de 18k Ref. Salvatore: 269P0003\" \/>\n<meta name=\"robots\" content=\"index, follow, max-snippet:-1, max-image-preview:large, max-video-preview:-1\" \/>\n<link rel=\"canonical\" href=\"https:\/\/lubeljoyeria.com\/producto\/pulsera-brazalete-salvatore-marmara\" \/>\n<meta property=\"og:locale\" content=\"es_ES\" \/>\n<meta property=\"og:type\" content=\"article\" \/>\n<meta property=\"og:title\" content=\"Pulsera Brazalete Salvatore, Marmara\" \/>\n<meta property=\"og:description\" content=\"Este brazalete de la colecci\u00f3n &quot;Marmara&quot; est\u00e1 fabricado en plata de 1\u00aa ley 925 con un ba\u00f1o de oro de 18k Ref. Salvatore: 269P0003\" \/>\n<meta property=\"og:url\" content=\"https:\/\/lubeljoyeria.com\/producto\/pulsera-brazalete-salvatore-marmara\" \/>\n<meta property=\"og:site_name\" content=\"Lubel joyeria. Joyeria en Plata . Distribuidor oficial de Swarovski. - Lubel\" \/>\n<meta property=\"article:modified_time\" content=\"2024-05-18T15:47:24+00:00\" \/>\n<meta property=\"og:image\" content=\"https:\/\/lubeljoyeria.com\/wp-content\/uploads\/2024\/05\/269p0003.jpg\" \/>\n\t<meta property=\"og:image:width\" content=\"768\" \/>\n\t<meta property=\"og:image:height\" content=\"768\" \/>\n\t<meta property=\"og:image:type\" content=\"image\/jpeg\" \/>\n<meta name=\"twitter:card\" content=\"summary_large_image\" \/>\n<meta name=\"twitter:label1\" content=\"Tiempo de lectura\" \/>\n\t<meta name=\"twitter:data1\" content=\"1 minuto\" \/>\n<script type=\"application\/ld+json\" class=\"yoast-schema-graph\">{\"@context\":\"https:\/\/schema.org\",\"@graph\":[{\"@type\":\"WebPage\",\"@id\":\"https:\/\/lubeljoyeria.com\/producto\/pulsera-brazalete-salvatore-marmara\",\"url\":\"https:\/\/lubeljoyeria.com\/producto\/pulsera-brazalete-salvatore-marmara\",\"name\":\"Pulsera Brazalete Salvatore, Marmara - Distribuidor oficial Salvatore\",\"isPartOf\":{\"@id\":\"https:\/\/lubeljoyeria.com\/#website\"},\"primaryImageOfPage\":{\"@id\":\"https:\/\/lubeljoyeria.com\/producto\/pulsera-brazalete-salvatore-marmara#primaryimage\"},\"image\":{\"@id\":\"https:\/\/lubeljoyeria.com\/producto\/pulsera-brazalete-salvatore-marmara#primaryimage\"},\"thumbnailUrl\":\"https:\/\/lubeljoyeria.com\/wp-content\/uploads\/2024\/05\/269p0003.jpg\",\"datePublished\":\"2024-05-18T15:47:23+00:00\",\"dateModified\":\"2024-05-18T15:47:24+00:00\",\"description\":\"Este brazalete de la colecci\u00f3n \\\"Marmara\\\" est\u00e1 fabricado en plata de 1\u00aa ley 925 con un ba\u00f1o de oro de 18k Ref. Salvatore: 269P0003\",\"breadcrumb\":{\"@id\":\"https:\/\/lubeljoyeria.com\/producto\/pulsera-brazalete-salvatore-marmara#breadcrumb\"},\"inLanguage\":\"es\",\"potentialAction\":[{\"@type\":\"ReadAction\",\"target\":[\"https:\/\/lubeljoyeria.com\/producto\/pulsera-brazalete-salvatore-marmara\"]}]},{\"@type\":\"ImageObject\",\"inLanguage\":\"es\",\"@id\":\"https:\/\/lubeljoyeria.com\/producto\/pulsera-brazalete-salvatore-marmara#primaryimage\",\"url\":\"https:\/\/lubeljoyeria.com\/wp-content\/uploads\/2024\/05\/269p0003.jpg\",\"contentUrl\":\"https:\/\/lubeljoyeria.com\/wp-content\/uploads\/2024\/05\/269p0003.jpg\",\"width\":768,\"height\":768,\"caption\":\"Este brazalete de la colecci\u00f3n \\\"Marmara\\\" ser\u00e1 tu complemento perfecto para todos tus looks. Una pieza \u00fanica que dar\u00e1 un toque de luz y originalidad a cualquier outfit. El color turquesa del mar en contraste con el potente dorado y su matiz mediterr\u00e1neo-oriental son los protagonistas. Fabricado en plata de 1\u00aa ley 925 con un ba\u00f1o de oro de 18k. \u00a1Completa Marmara con el resto de joyas de la colecci\u00f3n! Tama\u00f1o: 6 x 5.50 Ref. Salvatore: 269P0003\"},{\"@type\":\"BreadcrumbList\",\"@id\":\"https:\/\/lubeljoyeria.com\/producto\/pulsera-brazalete-salvatore-marmara#breadcrumb\",\"itemListElement\":[{\"@type\":\"ListItem\",\"position\":1,\"name\":\"Home\",\"item\":\"https:\/\/lubeljoyeria.com\/\"},{\"@type\":\"ListItem\",\"position\":2,\"name\":\"Tienda\",\"item\":\"https:\/\/lubeljoyeria.com\/?page_id=6\"},{\"@type\":\"ListItem\",\"position\":3,\"name\":\"Pulsera Brazalete Salvatore, Marmara\"}]},{\"@type\":\"WebSite\",\"@id\":\"https:\/\/lubeljoyeria.com\/#website\",\"url\":\"https:\/\/lubeljoyeria.com\/\",\"name\":\"Lubel joyeria. Joyeria en Plata . Distribuidor oficial de Swarovski. - Lubel\",\"description\":\"Lubel joyeria. Joyeria en Plata . Distribuidor oficial de Swarovski. - Lubel\",\"publisher\":{\"@id\":\"https:\/\/lubeljoyeria.com\/#organization\"},\"potentialAction\":[{\"@type\":\"SearchAction\",\"target\":{\"@type\":\"EntryPoint\",\"urlTemplate\":\"https:\/\/lubeljoyeria.com\/?s={search_term_string}\"},\"query-input\":{\"@type\":\"PropertyValueSpecification\",\"valueRequired\":true,\"valueName\":\"search_term_string\"}}],\"inLanguage\":\"es\"},{\"@type\":\"Organization\",\"@id\":\"https:\/\/lubeljoyeria.com\/#organization\",\"name\":\"Lubel joyeria. Joyeria en Plata . Distribuidor oficial de Swarovski. - Lubel\",\"url\":\"https:\/\/lubeljoyeria.com\/\",\"logo\":{\"@type\":\"ImageObject\",\"inLanguage\":\"es\",\"@id\":\"https:\/\/lubeljoyeria.com\/#\/schema\/logo\/image\/\",\"url\":\"https:\/\/lubeljoyeria.com\/wp-content\/uploads\/2020\/10\/lubel-joyeria-logo-1543825573-1.png\",\"contentUrl\":\"https:\/\/lubeljoyeria.com\/wp-content\/uploads\/2020\/10\/lubel-joyeria-logo-1543825573-1.png\",\"width\":135,\"height\":31,\"caption\":\"Lubel joyeria. Joyeria en Plata . Distribuidor oficial de Swarovski. - Lubel\"},\"image\":{\"@id\":\"https:\/\/lubeljoyeria.com\/#\/schema\/logo\/image\/\"}}]}<\/script>\n<!-- \/ Yoast SEO Premium plugin. -->","yoast_head_json":{"title":"Pulsera Brazalete Salvatore, Marmara - Distribuidor oficial Salvatore","description":"Este brazalete de la colecci\u00f3n \"Marmara\" est\u00e1 fabricado en plata de 1\u00aa ley 925 con un ba\u00f1o de oro de 18k Ref. Salvatore: 269P0003","robots":{"index":"index","follow":"follow","max-snippet":"max-snippet:-1","max-image-preview":"max-image-preview:large","max-video-preview":"max-video-preview:-1"},"canonical":"https:\/\/lubeljoyeria.com\/producto\/pulsera-brazalete-salvatore-marmara","og_locale":"es_ES","og_type":"article","og_title":"Pulsera Brazalete Salvatore, Marmara","og_description":"Este brazalete de la colecci\u00f3n \"Marmara\" est\u00e1 fabricado en plata de 1\u00aa ley 925 con un ba\u00f1o de oro de 18k Ref. Salvatore: 269P0003","og_url":"https:\/\/lubeljoyeria.com\/producto\/pulsera-brazalete-salvatore-marmara","og_site_name":"Lubel joyeria. Joyeria en Plata . Distribuidor oficial de Swarovski. - Lubel","article_modified_time":"2024-05-18T15:47:24+00:00","og_image":[{"width":768,"height":768,"url":"https:\/\/lubeljoyeria.com\/wp-content\/uploads\/2024\/05\/269p0003.jpg","type":"image\/jpeg"}],"twitter_card":"summary_large_image","twitter_misc":{"Tiempo de lectura":"1 minuto"},"schema":{"@context":"https:\/\/schema.org","@graph":[{"@type":"WebPage","@id":"https:\/\/lubeljoyeria.com\/producto\/pulsera-brazalete-salvatore-marmara","url":"https:\/\/lubeljoyeria.com\/producto\/pulsera-brazalete-salvatore-marmara","name":"Pulsera Brazalete Salvatore, Marmara - Distribuidor oficial Salvatore","isPartOf":{"@id":"https:\/\/lubeljoyeria.com\/#website"},"primaryImageOfPage":{"@id":"https:\/\/lubeljoyeria.com\/producto\/pulsera-brazalete-salvatore-marmara#primaryimage"},"image":{"@id":"https:\/\/lubeljoyeria.com\/producto\/pulsera-brazalete-salvatore-marmara#primaryimage"},"thumbnailUrl":"https:\/\/lubeljoyeria.com\/wp-content\/uploads\/2024\/05\/269p0003.jpg","datePublished":"2024-05-18T15:47:23+00:00","dateModified":"2024-05-18T15:47:24+00:00","description":"Este brazalete de la colecci\u00f3n \"Marmara\" est\u00e1 fabricado en plata de 1\u00aa ley 925 con un ba\u00f1o de oro de 18k Ref. Salvatore: 269P0003","breadcrumb":{"@id":"https:\/\/lubeljoyeria.com\/producto\/pulsera-brazalete-salvatore-marmara#breadcrumb"},"inLanguage":"es","potentialAction":[{"@type":"ReadAction","target":["https:\/\/lubeljoyeria.com\/producto\/pulsera-brazalete-salvatore-marmara"]}]},{"@type":"ImageObject","inLanguage":"es","@id":"https:\/\/lubeljoyeria.com\/producto\/pulsera-brazalete-salvatore-marmara#primaryimage","url":"https:\/\/lubeljoyeria.com\/wp-content\/uploads\/2024\/05\/269p0003.jpg","contentUrl":"https:\/\/lubeljoyeria.com\/wp-content\/uploads\/2024\/05\/269p0003.jpg","width":768,"height":768,"caption":"Este brazalete de la colecci\u00f3n \"Marmara\" ser\u00e1 tu complemento perfecto para todos tus looks. Una pieza \u00fanica que dar\u00e1 un toque de luz y originalidad a cualquier outfit. El color turquesa del mar en contraste con el potente dorado y su matiz mediterr\u00e1neo-oriental son los protagonistas. Fabricado en plata de 1\u00aa ley 925 con un ba\u00f1o de oro de 18k. \u00a1Completa Marmara con el resto de joyas de la colecci\u00f3n! Tama\u00f1o: 6 x 5.50 Ref. Salvatore: 269P0003"},{"@type":"BreadcrumbList","@id":"https:\/\/lubeljoyeria.com\/producto\/pulsera-brazalete-salvatore-marmara#breadcrumb","itemListElement":[{"@type":"ListItem","position":1,"name":"Home","item":"https:\/\/lubeljoyeria.com\/"},{"@type":"ListItem","position":2,"name":"Tienda","item":"https:\/\/lubeljoyeria.com\/?page_id=6"},{"@type":"ListItem","position":3,"name":"Pulsera Brazalete Salvatore, Marmara"}]},{"@type":"WebSite","@id":"https:\/\/lubeljoyeria.com\/#website","url":"https:\/\/lubeljoyeria.com\/","name":"Lubel joyeria. Joyeria en Plata . Distribuidor oficial de Swarovski. - Lubel","description":"Lubel joyeria. Joyeria en Plata . Distribuidor oficial de Swarovski. - Lubel","publisher":{"@id":"https:\/\/lubeljoyeria.com\/#organization"},"potentialAction":[{"@type":"SearchAction","target":{"@type":"EntryPoint","urlTemplate":"https:\/\/lubeljoyeria.com\/?s={search_term_string}"},"query-input":{"@type":"PropertyValueSpecification","valueRequired":true,"valueName":"search_term_string"}}],"inLanguage":"es"},{"@type":"Organization","@id":"https:\/\/lubeljoyeria.com\/#organization","name":"Lubel joyeria. Joyeria en Plata . Distribuidor oficial de Swarovski. - Lubel","url":"https:\/\/lubeljoyeria.com\/","logo":{"@type":"ImageObject","inLanguage":"es","@id":"https:\/\/lubeljoyeria.com\/#\/schema\/logo\/image\/","url":"https:\/\/lubeljoyeria.com\/wp-content\/uploads\/2020\/10\/lubel-joyeria-logo-1543825573-1.png","contentUrl":"https:\/\/lubeljoyeria.com\/wp-content\/uploads\/2020\/10\/lubel-joyeria-logo-1543825573-1.png","width":135,"height":31,"caption":"Lubel joyeria. Joyeria en Plata . Distribuidor oficial de Swarovski. - Lubel"},"image":{"@id":"https:\/\/lubeljoyeria.com\/#\/schema\/logo\/image\/"}}]}},"_links":{"self":[{"href":"https:\/\/lubeljoyeria.com\/index.php?rest_route=\/wp\/v2\/product\/25780","targetHints":{"allow":["GET"]}}],"collection":[{"href":"https:\/\/lubeljoyeria.com\/index.php?rest_route=\/wp\/v2\/product"}],"about":[{"href":"https:\/\/lubeljoyeria.com\/index.php?rest_route=\/wp\/v2\/types\/product"}],"wp:featuredmedia":[{"embeddable":true,"href":"https:\/\/lubeljoyeria.com\/index.php?rest_route=\/wp\/v2\/media\/25782"}],"wp:attachment":[{"href":"https:\/\/lubeljoyeria.com\/index.php?rest_route=%2Fwp%2Fv2%2Fmedia&parent=25780"}],"wp:term":[{"taxonomy":"product_brand","embeddable":true,"href":"https:\/\/lubeljoyeria.com\/index.php?rest_route=%2Fwp%2Fv2%2Fproduct_brand&post=25780"},{"taxonomy":"product_cat","embeddable":true,"href":"https:\/\/lubeljoyeria.com\/index.php?rest_route=%2Fwp%2Fv2%2Fproduct_cat&post=25780"},{"taxonomy":"product_tag","embeddable":true,"href":"https:\/\/lubeljoyeria.com\/index.php?rest_route=%2Fwp%2Fv2%2Fproduct_tag&post=25780"}],"curies":[{"name":"wp","href":"https:\/\/api.w.org\/{rel}","templated":true}]}}