{"id":25573,"date":"2024-04-18T09:53:38","date_gmt":"2024-04-18T09:53:38","guid":{"rendered":"https:\/\/lubeljoyeria.com\/?post_type=product&#038;p=25573"},"modified":"2024-04-19T09:27:54","modified_gmt":"2024-04-19T09:27:54","slug":"pendientes-salvatore-bamboo-15","status":"publish","type":"product","link":"https:\/\/lubeljoyeria.com\/?product=pendientes-salvatore-bamboo-15","title":{"rendered":"Pendientes Salvatore Bamboo"},"content":{"rendered":"<p>Originalidad y dise\u00f1o se unen en la colecci\u00f3n de pendientes Bamboo by Salvatore Plata\u00a0<span class=\"fe5nidar khvhiq1o r5qsrrlp i5tg98hk f9ovudaz przvwfww gx1rr48f gfz4du6o r7fjleex nz2484kf svot0ezm dcnh1tix sxl192xd t3g6t33p\"><span class=\"mpj7bzys xzlurrtv\"><img decoding=\"async\" class=\"emoji\" role=\"img\" draggable=\"false\" src=\"https:\/\/s.w.org\/images\/core\/emoji\/14.0.0\/svg\/1f60d.svg\" alt=\"\ud83d\ude0d\" \/><\/span><\/span>.<\/p>\n<p>Fabricados en Plata de 1\u00aa Ley 925, con un ba\u00f1o de oro y verde esmaltado, con barniz hipoalerg\u00e9nico. Un original\u00a0 dise\u00f1o que no pasar\u00e1 desapercibido.<\/p>\n<p>Tama\u00f1o: \u00a03 X 3.20 ml<\/p>\n<p>Ref. Salvatore: 203A0308<\/p>\n","protected":false},"excerpt":{"rendered":"<p>Originalidad y dise\u00f1o se unen en la colecci\u00f3n de pendientes Bamboo by Salvatore Plata\u00a0<span class=\"fe5nidar khvhiq1o r5qsrrlp i5tg98hk f9ovudaz przvwfww gx1rr48f gfz4du6o r7fjleex nz2484kf svot0ezm dcnh1tix sxl192xd t3g6t33p\"><span class=\"mpj7bzys xzlurrtv\"><img decoding=\"async\" class=\"emoji\" role=\"img\" draggable=\"false\" src=\"https:\/\/s.w.org\/images\/core\/emoji\/14.0.0\/svg\/1f60d.svg\" alt=\"\ud83d\ude0d\" \/><\/span><\/span>.<\/p>\n<p>Fabricados en Plata de 1\u00aa Ley 925, con un ba\u00f1o de oro y verde esmaltado, con barniz hipoalerg\u00e9nico. Un original\u00a0 dise\u00f1o que no pasar\u00e1 desapercibido.<\/p>\n<p>Tama\u00f1o: \u00a03 X 3.20 ml<\/p>\n<p>Ref. Salvatore: 203A0308<\/p>\n","protected":false},"featured_media":25577,"template":"","meta":{"_joinchat":[]},"product_brand":[1439],"product_cat":[1463,1464,1485,1490,1468],"product_tag":[],"class_list":{"0":"post-25573","1":"product","2":"type-product","3":"status-publish","4":"has-post-thumbnail","6":"product_brand-salvatore-plata","7":"product_cat-inicio","8":"product_cat-principal","9":"product_cat-salvatore-plata","10":"product_cat-pendientes-salvatore-plata","11":"product_cat-pendientes","12":"sales-flash-overlay","13":"woocommerce-text-align-center","14":"woocommerce-image-align-center","15":"do-quantity-buttons","16":"wc-has-gallery","18":"first","19":"instock","20":"taxable","21":"shipping-taxable","22":"purchasable","23":"product-type-simple"},"yoast_head":"<!-- This site is optimized with the Yoast SEO Premium plugin v22.5 (Yoast SEO v26.5) - https:\/\/yoast.com\/wordpress\/plugins\/seo\/ -->\n<title>Pendientes Salvatore Bamboo - Lubel joyeria. Joyeria en Plata . Distribuidor oficial de Swarovski. - Lubel<\/title>\n<meta name=\"robots\" content=\"index, follow, max-snippet:-1, max-image-preview:large, max-video-preview:-1\" \/>\n<link rel=\"canonical\" href=\"https:\/\/lubeljoyeria.com\/producto\/pendientes-salvatore-bamboo-15\" \/>\n<meta property=\"og:locale\" content=\"es_ES\" \/>\n<meta property=\"og:type\" content=\"article\" \/>\n<meta property=\"og:title\" content=\"Pendientes Salvatore Bamboo\" \/>\n<meta property=\"og:description\" content=\"Originalidad y dise\u00f1o se unen en la colecci\u00f3n de pendientes Bamboo by Salvatore Plata\u00a0.  Fabricados en Plata de 1\u00aa Ley 925, con un ba\u00f1o de oro y verde esmaltado, con barniz hipoalerg\u00e9nico. Un original\u00a0 dise\u00f1o que no pasar\u00e1 desapercibido.  Tama\u00f1o: \u00a03 X 3.20 ml  Ref. Salvatore: 203A0308\" \/>\n<meta property=\"og:url\" content=\"https:\/\/lubeljoyeria.com\/producto\/pendientes-salvatore-bamboo-15\" \/>\n<meta property=\"og:site_name\" content=\"Lubel joyeria. Joyeria en Plata . Distribuidor oficial de Swarovski. - Lubel\" \/>\n<meta property=\"article:modified_time\" content=\"2024-04-19T09:27:54+00:00\" \/>\n<meta property=\"og:image\" content=\"https:\/\/lubeljoyeria.com\/wp-content\/uploads\/2024\/04\/203A0308.jpg\" \/>\n\t<meta property=\"og:image:width\" content=\"942\" \/>\n\t<meta property=\"og:image:height\" content=\"766\" \/>\n\t<meta property=\"og:image:type\" content=\"image\/jpeg\" \/>\n<meta name=\"twitter:card\" content=\"summary_large_image\" \/>\n<meta name=\"twitter:label1\" content=\"Tiempo de lectura\" \/>\n\t<meta name=\"twitter:data1\" content=\"1 minuto\" \/>\n<script type=\"application\/ld+json\" class=\"yoast-schema-graph\">{\"@context\":\"https:\/\/schema.org\",\"@graph\":[{\"@type\":\"WebPage\",\"@id\":\"https:\/\/lubeljoyeria.com\/producto\/pendientes-salvatore-bamboo-15\",\"url\":\"https:\/\/lubeljoyeria.com\/producto\/pendientes-salvatore-bamboo-15\",\"name\":\"Pendientes Salvatore Bamboo - Lubel joyeria. Joyeria en Plata . Distribuidor oficial de Swarovski. - Lubel\",\"isPartOf\":{\"@id\":\"https:\/\/lubeljoyeria.com\/#website\"},\"primaryImageOfPage\":{\"@id\":\"https:\/\/lubeljoyeria.com\/producto\/pendientes-salvatore-bamboo-15#primaryimage\"},\"image\":{\"@id\":\"https:\/\/lubeljoyeria.com\/producto\/pendientes-salvatore-bamboo-15#primaryimage\"},\"thumbnailUrl\":\"https:\/\/lubeljoyeria.com\/wp-content\/uploads\/2024\/04\/203A0308.jpg\",\"datePublished\":\"2024-04-18T09:53:38+00:00\",\"dateModified\":\"2024-04-19T09:27:54+00:00\",\"breadcrumb\":{\"@id\":\"https:\/\/lubeljoyeria.com\/producto\/pendientes-salvatore-bamboo-15#breadcrumb\"},\"inLanguage\":\"es\",\"potentialAction\":[{\"@type\":\"ReadAction\",\"target\":[\"https:\/\/lubeljoyeria.com\/producto\/pendientes-salvatore-bamboo-15\"]}]},{\"@type\":\"ImageObject\",\"inLanguage\":\"es\",\"@id\":\"https:\/\/lubeljoyeria.com\/producto\/pendientes-salvatore-bamboo-15#primaryimage\",\"url\":\"https:\/\/lubeljoyeria.com\/wp-content\/uploads\/2024\/04\/203A0308.jpg\",\"contentUrl\":\"https:\/\/lubeljoyeria.com\/wp-content\/uploads\/2024\/04\/203A0308.jpg\",\"width\":942,\"height\":766,\"caption\":\"Originalidad y dise\u00f1o se unen en la colecci\u00f3n de pendientes Bamboo by Salvatore Plata\u00a0. Fabricados en Plata de 1\u00aa Ley 925, con un ba\u00f1o de oro y verde esmaltado, con barniz hipoalerg\u00e9nico. Un original\u00a0 dise\u00f1o que no pasar\u00e1 desapercibido. Tama\u00f1o: \u00a03 X 3.20 ml Ref. Salvatore: 203A0308\"},{\"@type\":\"BreadcrumbList\",\"@id\":\"https:\/\/lubeljoyeria.com\/producto\/pendientes-salvatore-bamboo-15#breadcrumb\",\"itemListElement\":[{\"@type\":\"ListItem\",\"position\":1,\"name\":\"Home\",\"item\":\"https:\/\/lubeljoyeria.com\/\"},{\"@type\":\"ListItem\",\"position\":2,\"name\":\"Tienda\",\"item\":\"https:\/\/lubeljoyeria.com\/?page_id=6\"},{\"@type\":\"ListItem\",\"position\":3,\"name\":\"Pendientes Salvatore Bamboo\"}]},{\"@type\":\"WebSite\",\"@id\":\"https:\/\/lubeljoyeria.com\/#website\",\"url\":\"https:\/\/lubeljoyeria.com\/\",\"name\":\"Lubel joyeria. Joyeria en Plata . Distribuidor oficial de Swarovski. - Lubel\",\"description\":\"Lubel joyeria. Joyeria en Plata . Distribuidor oficial de Swarovski. - Lubel\",\"publisher\":{\"@id\":\"https:\/\/lubeljoyeria.com\/#organization\"},\"potentialAction\":[{\"@type\":\"SearchAction\",\"target\":{\"@type\":\"EntryPoint\",\"urlTemplate\":\"https:\/\/lubeljoyeria.com\/?s={search_term_string}\"},\"query-input\":{\"@type\":\"PropertyValueSpecification\",\"valueRequired\":true,\"valueName\":\"search_term_string\"}}],\"inLanguage\":\"es\"},{\"@type\":\"Organization\",\"@id\":\"https:\/\/lubeljoyeria.com\/#organization\",\"name\":\"Lubel joyeria. Joyeria en Plata . Distribuidor oficial de Swarovski. - Lubel\",\"url\":\"https:\/\/lubeljoyeria.com\/\",\"logo\":{\"@type\":\"ImageObject\",\"inLanguage\":\"es\",\"@id\":\"https:\/\/lubeljoyeria.com\/#\/schema\/logo\/image\/\",\"url\":\"https:\/\/lubeljoyeria.com\/wp-content\/uploads\/2020\/10\/lubel-joyeria-logo-1543825573-1.png\",\"contentUrl\":\"https:\/\/lubeljoyeria.com\/wp-content\/uploads\/2020\/10\/lubel-joyeria-logo-1543825573-1.png\",\"width\":135,\"height\":31,\"caption\":\"Lubel joyeria. Joyeria en Plata . Distribuidor oficial de Swarovski. - Lubel\"},\"image\":{\"@id\":\"https:\/\/lubeljoyeria.com\/#\/schema\/logo\/image\/\"}}]}<\/script>\n<!-- \/ Yoast SEO Premium plugin. -->","yoast_head_json":{"title":"Pendientes Salvatore Bamboo - Lubel joyeria. Joyeria en Plata . Distribuidor oficial de Swarovski. - Lubel","robots":{"index":"index","follow":"follow","max-snippet":"max-snippet:-1","max-image-preview":"max-image-preview:large","max-video-preview":"max-video-preview:-1"},"canonical":"https:\/\/lubeljoyeria.com\/producto\/pendientes-salvatore-bamboo-15","og_locale":"es_ES","og_type":"article","og_title":"Pendientes Salvatore Bamboo","og_description":"Originalidad y dise\u00f1o se unen en la colecci\u00f3n de pendientes Bamboo by Salvatore Plata\u00a0.  Fabricados en Plata de 1\u00aa Ley 925, con un ba\u00f1o de oro y verde esmaltado, con barniz hipoalerg\u00e9nico. Un original\u00a0 dise\u00f1o que no pasar\u00e1 desapercibido.  Tama\u00f1o: \u00a03 X 3.20 ml  Ref. Salvatore: 203A0308","og_url":"https:\/\/lubeljoyeria.com\/producto\/pendientes-salvatore-bamboo-15","og_site_name":"Lubel joyeria. Joyeria en Plata . Distribuidor oficial de Swarovski. - Lubel","article_modified_time":"2024-04-19T09:27:54+00:00","og_image":[{"width":942,"height":766,"url":"https:\/\/lubeljoyeria.com\/wp-content\/uploads\/2024\/04\/203A0308.jpg","type":"image\/jpeg"}],"twitter_card":"summary_large_image","twitter_misc":{"Tiempo de lectura":"1 minuto"},"schema":{"@context":"https:\/\/schema.org","@graph":[{"@type":"WebPage","@id":"https:\/\/lubeljoyeria.com\/producto\/pendientes-salvatore-bamboo-15","url":"https:\/\/lubeljoyeria.com\/producto\/pendientes-salvatore-bamboo-15","name":"Pendientes Salvatore Bamboo - Lubel joyeria. Joyeria en Plata . Distribuidor oficial de Swarovski. - Lubel","isPartOf":{"@id":"https:\/\/lubeljoyeria.com\/#website"},"primaryImageOfPage":{"@id":"https:\/\/lubeljoyeria.com\/producto\/pendientes-salvatore-bamboo-15#primaryimage"},"image":{"@id":"https:\/\/lubeljoyeria.com\/producto\/pendientes-salvatore-bamboo-15#primaryimage"},"thumbnailUrl":"https:\/\/lubeljoyeria.com\/wp-content\/uploads\/2024\/04\/203A0308.jpg","datePublished":"2024-04-18T09:53:38+00:00","dateModified":"2024-04-19T09:27:54+00:00","breadcrumb":{"@id":"https:\/\/lubeljoyeria.com\/producto\/pendientes-salvatore-bamboo-15#breadcrumb"},"inLanguage":"es","potentialAction":[{"@type":"ReadAction","target":["https:\/\/lubeljoyeria.com\/producto\/pendientes-salvatore-bamboo-15"]}]},{"@type":"ImageObject","inLanguage":"es","@id":"https:\/\/lubeljoyeria.com\/producto\/pendientes-salvatore-bamboo-15#primaryimage","url":"https:\/\/lubeljoyeria.com\/wp-content\/uploads\/2024\/04\/203A0308.jpg","contentUrl":"https:\/\/lubeljoyeria.com\/wp-content\/uploads\/2024\/04\/203A0308.jpg","width":942,"height":766,"caption":"Originalidad y dise\u00f1o se unen en la colecci\u00f3n de pendientes Bamboo by Salvatore Plata\u00a0. Fabricados en Plata de 1\u00aa Ley 925, con un ba\u00f1o de oro y verde esmaltado, con barniz hipoalerg\u00e9nico. Un original\u00a0 dise\u00f1o que no pasar\u00e1 desapercibido. Tama\u00f1o: \u00a03 X 3.20 ml Ref. Salvatore: 203A0308"},{"@type":"BreadcrumbList","@id":"https:\/\/lubeljoyeria.com\/producto\/pendientes-salvatore-bamboo-15#breadcrumb","itemListElement":[{"@type":"ListItem","position":1,"name":"Home","item":"https:\/\/lubeljoyeria.com\/"},{"@type":"ListItem","position":2,"name":"Tienda","item":"https:\/\/lubeljoyeria.com\/?page_id=6"},{"@type":"ListItem","position":3,"name":"Pendientes Salvatore Bamboo"}]},{"@type":"WebSite","@id":"https:\/\/lubeljoyeria.com\/#website","url":"https:\/\/lubeljoyeria.com\/","name":"Lubel joyeria. Joyeria en Plata . Distribuidor oficial de Swarovski. - Lubel","description":"Lubel joyeria. Joyeria en Plata . Distribuidor oficial de Swarovski. - Lubel","publisher":{"@id":"https:\/\/lubeljoyeria.com\/#organization"},"potentialAction":[{"@type":"SearchAction","target":{"@type":"EntryPoint","urlTemplate":"https:\/\/lubeljoyeria.com\/?s={search_term_string}"},"query-input":{"@type":"PropertyValueSpecification","valueRequired":true,"valueName":"search_term_string"}}],"inLanguage":"es"},{"@type":"Organization","@id":"https:\/\/lubeljoyeria.com\/#organization","name":"Lubel joyeria. Joyeria en Plata . Distribuidor oficial de Swarovski. - Lubel","url":"https:\/\/lubeljoyeria.com\/","logo":{"@type":"ImageObject","inLanguage":"es","@id":"https:\/\/lubeljoyeria.com\/#\/schema\/logo\/image\/","url":"https:\/\/lubeljoyeria.com\/wp-content\/uploads\/2020\/10\/lubel-joyeria-logo-1543825573-1.png","contentUrl":"https:\/\/lubeljoyeria.com\/wp-content\/uploads\/2020\/10\/lubel-joyeria-logo-1543825573-1.png","width":135,"height":31,"caption":"Lubel joyeria. Joyeria en Plata . Distribuidor oficial de Swarovski. - Lubel"},"image":{"@id":"https:\/\/lubeljoyeria.com\/#\/schema\/logo\/image\/"}}]}},"_links":{"self":[{"href":"https:\/\/lubeljoyeria.com\/index.php?rest_route=\/wp\/v2\/product\/25573","targetHints":{"allow":["GET"]}}],"collection":[{"href":"https:\/\/lubeljoyeria.com\/index.php?rest_route=\/wp\/v2\/product"}],"about":[{"href":"https:\/\/lubeljoyeria.com\/index.php?rest_route=\/wp\/v2\/types\/product"}],"wp:featuredmedia":[{"embeddable":true,"href":"https:\/\/lubeljoyeria.com\/index.php?rest_route=\/wp\/v2\/media\/25577"}],"wp:attachment":[{"href":"https:\/\/lubeljoyeria.com\/index.php?rest_route=%2Fwp%2Fv2%2Fmedia&parent=25573"}],"wp:term":[{"taxonomy":"product_brand","embeddable":true,"href":"https:\/\/lubeljoyeria.com\/index.php?rest_route=%2Fwp%2Fv2%2Fproduct_brand&post=25573"},{"taxonomy":"product_cat","embeddable":true,"href":"https:\/\/lubeljoyeria.com\/index.php?rest_route=%2Fwp%2Fv2%2Fproduct_cat&post=25573"},{"taxonomy":"product_tag","embeddable":true,"href":"https:\/\/lubeljoyeria.com\/index.php?rest_route=%2Fwp%2Fv2%2Fproduct_tag&post=25573"}],"curies":[{"name":"wp","href":"https:\/\/api.w.org\/{rel}","templated":true}]}}