{"id":25279,"date":"2024-02-12T18:34:11","date_gmt":"2024-02-12T18:34:11","guid":{"rendered":"https:\/\/lubeljoyeria.com\/?post_type=product&#038;p=25279"},"modified":"2024-11-20T18:28:46","modified_gmt":"2024-11-20T18:28:46","slug":"collar-salvatore-minijewels-3","status":"publish","type":"product","link":"https:\/\/lubeljoyeria.com\/?product=collar-salvatore-minijewels-3","title":{"rendered":"Collar Salvatore, Minijewels"},"content":{"rendered":"<p>El collar Minijewels combina la delicadez con un toque de magia que la convierte en una pieza \u00fanica. Una cadena de la que cuelgan cinco peque\u00f1as circonitas en color fucsia, que caer\u00e1n por tu cuello con gracia y elegancia. Una joya discreta y fina que aportar\u00e1 un toque diferente a todos tus <em>looks<\/em>.<\/p>\n<ul>\n<li>Tama\u00f1o: 40cm + 3cm<\/li>\n<li>Ref. Salvatore: 213C0160<\/li>\n<\/ul>\n","protected":false},"excerpt":{"rendered":"<p>El collar Minijewels combina la delicadez con un toque de magia que la convierte en una pieza \u00fanica. Una cadena de la que cuelgan cinco peque\u00f1as circonitas en color fucsia, que caer\u00e1n por tu cuello con gracia y elegancia. Una joya discreta y fina que aportar\u00e1 un toque diferente a todos tus <em>looks<\/em>.<\/p>\n<ul>\n<li>Tama\u00f1o: 40cm + 3cm<\/li>\n<li>Ref. Salvatore: 213C0160<\/li>\n<\/ul>\n","protected":false},"featured_media":25281,"template":"","meta":{"_joinchat":[]},"product_brand":[1439],"product_cat":[1463,1485,1513],"product_tag":[],"class_list":{"0":"post-25279","1":"product","2":"type-product","3":"status-publish","4":"has-post-thumbnail","6":"product_brand-salvatore-plata","7":"product_cat-inicio","8":"product_cat-salvatore-plata","9":"product_cat-collares-salvatore-plata","10":"sales-flash-overlay","11":"woocommerce-text-align-center","12":"woocommerce-image-align-center","13":"do-quantity-buttons","14":"wc-has-gallery","16":"first","17":"instock","18":"taxable","19":"shipping-taxable","20":"purchasable","21":"product-type-simple"},"yoast_head":"<!-- This site is optimized with the Yoast SEO Premium plugin v22.5 (Yoast SEO v26.5) - https:\/\/yoast.com\/wordpress\/plugins\/seo\/ -->\n<title>Collar Salvatore, Minijewels - Distribuidor oficial Salvatore Plata<\/title>\n<meta name=\"description\" content=\"El collar Minijewels combina la delicadez con un toque de magia que la convierte en una pieza \u00fanica. 213C0160\" \/>\n<meta name=\"robots\" content=\"index, follow, max-snippet:-1, max-image-preview:large, max-video-preview:-1\" \/>\n<link rel=\"canonical\" href=\"https:\/\/lubeljoyeria.com\/producto\/collar-salvatore-minijewels-3\" \/>\n<meta property=\"og:locale\" content=\"es_ES\" \/>\n<meta property=\"og:type\" content=\"article\" \/>\n<meta property=\"og:title\" content=\"Collar Salvatore, Minijewels\" \/>\n<meta property=\"og:description\" content=\"El collar Minijewels combina la delicadez con un toque de magia que la convierte en una pieza \u00fanica. 213C0160\" \/>\n<meta property=\"og:url\" content=\"https:\/\/lubeljoyeria.com\/producto\/collar-salvatore-minijewels-3\" \/>\n<meta property=\"og:site_name\" content=\"Lubel joyeria. Joyeria en Plata . Distribuidor oficial de Swarovski. - Lubel\" \/>\n<meta property=\"article:modified_time\" content=\"2024-11-20T18:28:46+00:00\" \/>\n<meta property=\"og:image\" content=\"https:\/\/lubeljoyeria.com\/wp-content\/uploads\/2024\/02\/213c0160.jpg\" \/>\n\t<meta property=\"og:image:width\" content=\"768\" \/>\n\t<meta property=\"og:image:height\" content=\"768\" \/>\n\t<meta property=\"og:image:type\" content=\"image\/jpeg\" \/>\n<meta name=\"twitter:card\" content=\"summary_large_image\" \/>\n<meta name=\"twitter:label1\" content=\"Tiempo de lectura\" \/>\n\t<meta name=\"twitter:data1\" content=\"1 minuto\" \/>\n<script type=\"application\/ld+json\" class=\"yoast-schema-graph\">{\"@context\":\"https:\/\/schema.org\",\"@graph\":[{\"@type\":\"WebPage\",\"@id\":\"https:\/\/lubeljoyeria.com\/producto\/collar-salvatore-minijewels-3\",\"url\":\"https:\/\/lubeljoyeria.com\/producto\/collar-salvatore-minijewels-3\",\"name\":\"Collar Salvatore, Minijewels - Distribuidor oficial Salvatore Plata\",\"isPartOf\":{\"@id\":\"https:\/\/lubeljoyeria.com\/#website\"},\"primaryImageOfPage\":{\"@id\":\"https:\/\/lubeljoyeria.com\/producto\/collar-salvatore-minijewels-3#primaryimage\"},\"image\":{\"@id\":\"https:\/\/lubeljoyeria.com\/producto\/collar-salvatore-minijewels-3#primaryimage\"},\"thumbnailUrl\":\"https:\/\/lubeljoyeria.com\/wp-content\/uploads\/2024\/02\/213c0160.jpg\",\"datePublished\":\"2024-02-12T18:34:11+00:00\",\"dateModified\":\"2024-11-20T18:28:46+00:00\",\"description\":\"El collar Minijewels combina la delicadez con un toque de magia que la convierte en una pieza \u00fanica. 213C0160\",\"breadcrumb\":{\"@id\":\"https:\/\/lubeljoyeria.com\/producto\/collar-salvatore-minijewels-3#breadcrumb\"},\"inLanguage\":\"es\",\"potentialAction\":[{\"@type\":\"ReadAction\",\"target\":[\"https:\/\/lubeljoyeria.com\/producto\/collar-salvatore-minijewels-3\"]}]},{\"@type\":\"ImageObject\",\"inLanguage\":\"es\",\"@id\":\"https:\/\/lubeljoyeria.com\/producto\/collar-salvatore-minijewels-3#primaryimage\",\"url\":\"https:\/\/lubeljoyeria.com\/wp-content\/uploads\/2024\/02\/213c0160.jpg\",\"contentUrl\":\"https:\/\/lubeljoyeria.com\/wp-content\/uploads\/2024\/02\/213c0160.jpg\",\"width\":768,\"height\":768,\"caption\":\"El collar Minijewels combina la delicadez con un toque de magia que la convierte en una pieza \u00fanica. Una cadena de la que cuelgan cinco peque\u00f1as circonitas en color fucsia, que caer\u00e1n por tu cuello con gracia y elegancia. Una joya discreta y fina que aportar\u00e1 un toque diferente a todos tus looks. Tama\u00f1o: 40cm + 3cm Ref. Salvatore: 213C0160\"},{\"@type\":\"BreadcrumbList\",\"@id\":\"https:\/\/lubeljoyeria.com\/producto\/collar-salvatore-minijewels-3#breadcrumb\",\"itemListElement\":[{\"@type\":\"ListItem\",\"position\":1,\"name\":\"Home\",\"item\":\"https:\/\/lubeljoyeria.com\/\"},{\"@type\":\"ListItem\",\"position\":2,\"name\":\"Tienda\",\"item\":\"https:\/\/lubeljoyeria.com\/?page_id=6\"},{\"@type\":\"ListItem\",\"position\":3,\"name\":\"Collar Salvatore, Minijewels\"}]},{\"@type\":\"WebSite\",\"@id\":\"https:\/\/lubeljoyeria.com\/#website\",\"url\":\"https:\/\/lubeljoyeria.com\/\",\"name\":\"Lubel joyeria. Joyeria en Plata . Distribuidor oficial de Swarovski. - Lubel\",\"description\":\"Lubel joyeria. Joyeria en Plata . Distribuidor oficial de Swarovski. - Lubel\",\"publisher\":{\"@id\":\"https:\/\/lubeljoyeria.com\/#organization\"},\"potentialAction\":[{\"@type\":\"SearchAction\",\"target\":{\"@type\":\"EntryPoint\",\"urlTemplate\":\"https:\/\/lubeljoyeria.com\/?s={search_term_string}\"},\"query-input\":{\"@type\":\"PropertyValueSpecification\",\"valueRequired\":true,\"valueName\":\"search_term_string\"}}],\"inLanguage\":\"es\"},{\"@type\":\"Organization\",\"@id\":\"https:\/\/lubeljoyeria.com\/#organization\",\"name\":\"Lubel joyeria. Joyeria en Plata . Distribuidor oficial de Swarovski. - Lubel\",\"url\":\"https:\/\/lubeljoyeria.com\/\",\"logo\":{\"@type\":\"ImageObject\",\"inLanguage\":\"es\",\"@id\":\"https:\/\/lubeljoyeria.com\/#\/schema\/logo\/image\/\",\"url\":\"https:\/\/lubeljoyeria.com\/wp-content\/uploads\/2020\/10\/lubel-joyeria-logo-1543825573-1.png\",\"contentUrl\":\"https:\/\/lubeljoyeria.com\/wp-content\/uploads\/2020\/10\/lubel-joyeria-logo-1543825573-1.png\",\"width\":135,\"height\":31,\"caption\":\"Lubel joyeria. Joyeria en Plata . Distribuidor oficial de Swarovski. - Lubel\"},\"image\":{\"@id\":\"https:\/\/lubeljoyeria.com\/#\/schema\/logo\/image\/\"}}]}<\/script>\n<!-- \/ Yoast SEO Premium plugin. -->","yoast_head_json":{"title":"Collar Salvatore, Minijewels - Distribuidor oficial Salvatore Plata","description":"El collar Minijewels combina la delicadez con un toque de magia que la convierte en una pieza \u00fanica. 213C0160","robots":{"index":"index","follow":"follow","max-snippet":"max-snippet:-1","max-image-preview":"max-image-preview:large","max-video-preview":"max-video-preview:-1"},"canonical":"https:\/\/lubeljoyeria.com\/producto\/collar-salvatore-minijewels-3","og_locale":"es_ES","og_type":"article","og_title":"Collar Salvatore, Minijewels","og_description":"El collar Minijewels combina la delicadez con un toque de magia que la convierte en una pieza \u00fanica. 213C0160","og_url":"https:\/\/lubeljoyeria.com\/producto\/collar-salvatore-minijewels-3","og_site_name":"Lubel joyeria. Joyeria en Plata . Distribuidor oficial de Swarovski. - Lubel","article_modified_time":"2024-11-20T18:28:46+00:00","og_image":[{"width":768,"height":768,"url":"https:\/\/lubeljoyeria.com\/wp-content\/uploads\/2024\/02\/213c0160.jpg","type":"image\/jpeg"}],"twitter_card":"summary_large_image","twitter_misc":{"Tiempo de lectura":"1 minuto"},"schema":{"@context":"https:\/\/schema.org","@graph":[{"@type":"WebPage","@id":"https:\/\/lubeljoyeria.com\/producto\/collar-salvatore-minijewels-3","url":"https:\/\/lubeljoyeria.com\/producto\/collar-salvatore-minijewels-3","name":"Collar Salvatore, Minijewels - Distribuidor oficial Salvatore Plata","isPartOf":{"@id":"https:\/\/lubeljoyeria.com\/#website"},"primaryImageOfPage":{"@id":"https:\/\/lubeljoyeria.com\/producto\/collar-salvatore-minijewels-3#primaryimage"},"image":{"@id":"https:\/\/lubeljoyeria.com\/producto\/collar-salvatore-minijewels-3#primaryimage"},"thumbnailUrl":"https:\/\/lubeljoyeria.com\/wp-content\/uploads\/2024\/02\/213c0160.jpg","datePublished":"2024-02-12T18:34:11+00:00","dateModified":"2024-11-20T18:28:46+00:00","description":"El collar Minijewels combina la delicadez con un toque de magia que la convierte en una pieza \u00fanica. 213C0160","breadcrumb":{"@id":"https:\/\/lubeljoyeria.com\/producto\/collar-salvatore-minijewels-3#breadcrumb"},"inLanguage":"es","potentialAction":[{"@type":"ReadAction","target":["https:\/\/lubeljoyeria.com\/producto\/collar-salvatore-minijewels-3"]}]},{"@type":"ImageObject","inLanguage":"es","@id":"https:\/\/lubeljoyeria.com\/producto\/collar-salvatore-minijewels-3#primaryimage","url":"https:\/\/lubeljoyeria.com\/wp-content\/uploads\/2024\/02\/213c0160.jpg","contentUrl":"https:\/\/lubeljoyeria.com\/wp-content\/uploads\/2024\/02\/213c0160.jpg","width":768,"height":768,"caption":"El collar Minijewels combina la delicadez con un toque de magia que la convierte en una pieza \u00fanica. Una cadena de la que cuelgan cinco peque\u00f1as circonitas en color fucsia, que caer\u00e1n por tu cuello con gracia y elegancia. Una joya discreta y fina que aportar\u00e1 un toque diferente a todos tus looks. Tama\u00f1o: 40cm + 3cm Ref. Salvatore: 213C0160"},{"@type":"BreadcrumbList","@id":"https:\/\/lubeljoyeria.com\/producto\/collar-salvatore-minijewels-3#breadcrumb","itemListElement":[{"@type":"ListItem","position":1,"name":"Home","item":"https:\/\/lubeljoyeria.com\/"},{"@type":"ListItem","position":2,"name":"Tienda","item":"https:\/\/lubeljoyeria.com\/?page_id=6"},{"@type":"ListItem","position":3,"name":"Collar Salvatore, Minijewels"}]},{"@type":"WebSite","@id":"https:\/\/lubeljoyeria.com\/#website","url":"https:\/\/lubeljoyeria.com\/","name":"Lubel joyeria. Joyeria en Plata . Distribuidor oficial de Swarovski. - Lubel","description":"Lubel joyeria. Joyeria en Plata . Distribuidor oficial de Swarovski. - Lubel","publisher":{"@id":"https:\/\/lubeljoyeria.com\/#organization"},"potentialAction":[{"@type":"SearchAction","target":{"@type":"EntryPoint","urlTemplate":"https:\/\/lubeljoyeria.com\/?s={search_term_string}"},"query-input":{"@type":"PropertyValueSpecification","valueRequired":true,"valueName":"search_term_string"}}],"inLanguage":"es"},{"@type":"Organization","@id":"https:\/\/lubeljoyeria.com\/#organization","name":"Lubel joyeria. Joyeria en Plata . Distribuidor oficial de Swarovski. - Lubel","url":"https:\/\/lubeljoyeria.com\/","logo":{"@type":"ImageObject","inLanguage":"es","@id":"https:\/\/lubeljoyeria.com\/#\/schema\/logo\/image\/","url":"https:\/\/lubeljoyeria.com\/wp-content\/uploads\/2020\/10\/lubel-joyeria-logo-1543825573-1.png","contentUrl":"https:\/\/lubeljoyeria.com\/wp-content\/uploads\/2020\/10\/lubel-joyeria-logo-1543825573-1.png","width":135,"height":31,"caption":"Lubel joyeria. Joyeria en Plata . Distribuidor oficial de Swarovski. - Lubel"},"image":{"@id":"https:\/\/lubeljoyeria.com\/#\/schema\/logo\/image\/"}}]}},"_links":{"self":[{"href":"https:\/\/lubeljoyeria.com\/index.php?rest_route=\/wp\/v2\/product\/25279","targetHints":{"allow":["GET"]}}],"collection":[{"href":"https:\/\/lubeljoyeria.com\/index.php?rest_route=\/wp\/v2\/product"}],"about":[{"href":"https:\/\/lubeljoyeria.com\/index.php?rest_route=\/wp\/v2\/types\/product"}],"wp:featuredmedia":[{"embeddable":true,"href":"https:\/\/lubeljoyeria.com\/index.php?rest_route=\/wp\/v2\/media\/25281"}],"wp:attachment":[{"href":"https:\/\/lubeljoyeria.com\/index.php?rest_route=%2Fwp%2Fv2%2Fmedia&parent=25279"}],"wp:term":[{"taxonomy":"product_brand","embeddable":true,"href":"https:\/\/lubeljoyeria.com\/index.php?rest_route=%2Fwp%2Fv2%2Fproduct_brand&post=25279"},{"taxonomy":"product_cat","embeddable":true,"href":"https:\/\/lubeljoyeria.com\/index.php?rest_route=%2Fwp%2Fv2%2Fproduct_cat&post=25279"},{"taxonomy":"product_tag","embeddable":true,"href":"https:\/\/lubeljoyeria.com\/index.php?rest_route=%2Fwp%2Fv2%2Fproduct_tag&post=25279"}],"curies":[{"name":"wp","href":"https:\/\/api.w.org\/{rel}","templated":true}]}}