{"id":25057,"date":"2023-12-18T12:24:49","date_gmt":"2023-12-18T12:24:49","guid":{"rendered":"https:\/\/lubeljoyeria.com\/?post_type=product&#038;p=25057"},"modified":"2026-02-27T12:04:22","modified_gmt":"2026-02-27T12:04:22","slug":"pendientes-gota-2","status":"publish","type":"product","link":"https:\/\/lubeljoyeria.com\/?product=pendientes-gota-2","title":{"rendered":"Pendientes Gota"},"content":{"rendered":"<p>El complemento perfecto para cualquier momento del d\u00eda <span class=\"fe5nidar khvhiq1o r5qsrrlp i5tg98hk f9ovudaz przvwfww gx1rr48f gfz4du6o r7fjleex nz2484kf svot0ezm dcnh1tix sxl192xd t3g6t33p\"><span class=\"mpj7bzys xzlurrtv\">\ud83d\udc95 Los pendientes Goccia, no pasar\u00e1n desapercibidos combinados con tu look m\u00e1s especial.<\/span><\/span><\/p>\n<p>Fabricados en Acero inoxidable con un ba\u00f1o de oro.<\/p>\n<ul>\n<li>Tama\u00f1o grande: 3 cm x 1,8cm.<\/li>\n<li>Tama\u00f1o mediano: 2,6 x 1, 5 cm<\/li>\n<li>Tama\u00f1o peque\u00f1o: 2,1 x 1,2 cm<\/li>\n<\/ul>\n","protected":false},"excerpt":{"rendered":"<p>El complemento perfecto para cualquier momento del d\u00eda <span class=\"fe5nidar khvhiq1o r5qsrrlp i5tg98hk f9ovudaz przvwfww gx1rr48f gfz4du6o r7fjleex nz2484kf svot0ezm dcnh1tix sxl192xd t3g6t33p\"><span class=\"mpj7bzys xzlurrtv\">\ud83d\udc95 Los pendientes Goccia, no pasar\u00e1n desapercibidos combinados con tu look m\u00e1s especial.<\/span><\/span><\/p>\n<p>Fabricados en Acero inoxidable con un ba\u00f1o de oro.<\/p>\n<ul>\n<li>Tama\u00f1o grande: 3 cm x 1,8cm.<\/li>\n<li>Tama\u00f1o mediano: 2,6 x 1, 5 cm<\/li>\n<li>Tama\u00f1o peque\u00f1o: 2,1 x 1,2 cm<\/li>\n<\/ul>\n","protected":false},"featured_media":25055,"template":"","meta":{"_joinchat":[]},"product_brand":[1438],"product_cat":[1463,1464,1473,1489],"product_tag":[],"class_list":{"0":"post-25057","1":"product","2":"type-product","3":"status-publish","4":"has-post-thumbnail","6":"product_brand-joyeria-en-plata","7":"product_cat-inicio","8":"product_cat-principal","9":"product_cat-joyeria-en-plata","10":"product_cat-pendientes-joyeria-en-plata","11":"sales-flash-overlay","12":"woocommerce-text-align-center","13":"woocommerce-image-align-center","14":"do-quantity-buttons","15":"wc-has-gallery","17":"first","18":"outofstock","19":"taxable","20":"shipping-taxable","21":"purchasable","22":"product-type-variable"},"yoast_head":"<!-- This site is optimized with the Yoast SEO Premium plugin v22.5 (Yoast SEO v26.5) - https:\/\/yoast.com\/wordpress\/plugins\/seo\/ -->\n<title>Pendientes Gota - Los pendientes tendencia de esta temporada.<\/title>\n<meta name=\"description\" content=\"El complemento perfecto para cualquier momento del d\u00eda \ud83d\udc95 Los pendientes Goccia, no pasar\u00e1n desapercibidos combinados con tu look.\" \/>\n<meta name=\"robots\" content=\"index, follow, max-snippet:-1, max-image-preview:large, max-video-preview:-1\" \/>\n<link rel=\"canonical\" href=\"https:\/\/lubeljoyeria.com\/?product=pendientes-gota-2\" \/>\n<meta property=\"og:locale\" content=\"es_ES\" \/>\n<meta property=\"og:type\" content=\"article\" \/>\n<meta property=\"og:title\" content=\"Pendientes Gota\" \/>\n<meta property=\"og:description\" content=\"El complemento perfecto para cualquier momento del d\u00eda \ud83d\udc95 Los pendientes Goccia, no pasar\u00e1n desapercibidos combinados con tu look.\" \/>\n<meta property=\"og:url\" content=\"https:\/\/lubeljoyeria.com\/?product=pendientes-gota-2\" \/>\n<meta property=\"og:site_name\" content=\"Lubel joyeria. Joyeria en Plata . Distribuidor oficial de Swarovski. - Lubel\" \/>\n<meta property=\"article:modified_time\" content=\"2026-02-27T12:04:22+00:00\" \/>\n<meta property=\"og:image\" content=\"https:\/\/lubeljoyeria.com\/wp-content\/uploads\/2023\/12\/PAL0130DO27.jpg\" \/>\n\t<meta property=\"og:image:width\" content=\"1000\" \/>\n\t<meta property=\"og:image:height\" content=\"1000\" \/>\n\t<meta property=\"og:image:type\" content=\"image\/jpeg\" \/>\n<meta name=\"twitter:card\" content=\"summary_large_image\" \/>\n<meta name=\"twitter:label1\" content=\"Tiempo de lectura\" \/>\n\t<meta name=\"twitter:data1\" content=\"1 minuto\" \/>\n<script type=\"application\/ld+json\" class=\"yoast-schema-graph\">{\"@context\":\"https:\/\/schema.org\",\"@graph\":[{\"@type\":\"WebPage\",\"@id\":\"https:\/\/lubeljoyeria.com\/?product=pendientes-gota-2\",\"url\":\"https:\/\/lubeljoyeria.com\/?product=pendientes-gota-2\",\"name\":\"Pendientes Gota - Los pendientes tendencia de esta temporada.\",\"isPartOf\":{\"@id\":\"https:\/\/lubeljoyeria.com\/#website\"},\"primaryImageOfPage\":{\"@id\":\"https:\/\/lubeljoyeria.com\/?product=pendientes-gota-2#primaryimage\"},\"image\":{\"@id\":\"https:\/\/lubeljoyeria.com\/?product=pendientes-gota-2#primaryimage\"},\"thumbnailUrl\":\"https:\/\/lubeljoyeria.com\/wp-content\/uploads\/2023\/12\/PAL0130DO27.jpg\",\"datePublished\":\"2023-12-18T12:24:49+00:00\",\"dateModified\":\"2026-02-27T12:04:22+00:00\",\"description\":\"El complemento perfecto para cualquier momento del d\u00eda \ud83d\udc95 Los pendientes Goccia, no pasar\u00e1n desapercibidos combinados con tu look.\",\"breadcrumb\":{\"@id\":\"https:\/\/lubeljoyeria.com\/?product=pendientes-gota-2#breadcrumb\"},\"inLanguage\":\"es\",\"potentialAction\":[{\"@type\":\"ReadAction\",\"target\":[\"https:\/\/lubeljoyeria.com\/?product=pendientes-gota-2\"]}]},{\"@type\":\"ImageObject\",\"inLanguage\":\"es\",\"@id\":\"https:\/\/lubeljoyeria.com\/?product=pendientes-gota-2#primaryimage\",\"url\":\"https:\/\/lubeljoyeria.com\/wp-content\/uploads\/2023\/12\/PAL0130DO27.jpg\",\"contentUrl\":\"https:\/\/lubeljoyeria.com\/wp-content\/uploads\/2023\/12\/PAL0130DO27.jpg\",\"width\":1000,\"height\":1000,\"caption\":\"El complemento perfecto para cualquier momento del d\u00eda \ud83d\udc95 Los pendientes Goccia, no pasar\u00e1n desapercibidos combinados con tu look m\u00e1s especial. Fabricados en Acero inoxidable con un ba\u00f1o de oro. Tama\u00f1o grande: 3 cm x 1,8cm. Tama\u00f1o mediano: 2,6 x 1, 5 cm Tama\u00f1o peque\u00f1o: 2,1 x 1,2 cm\"},{\"@type\":\"BreadcrumbList\",\"@id\":\"https:\/\/lubeljoyeria.com\/?product=pendientes-gota-2#breadcrumb\",\"itemListElement\":[{\"@type\":\"ListItem\",\"position\":1,\"name\":\"Home\",\"item\":\"https:\/\/lubeljoyeria.com\/\"},{\"@type\":\"ListItem\",\"position\":2,\"name\":\"Tienda\",\"item\":\"https:\/\/lubeljoyeria.com\/?page_id=6\"},{\"@type\":\"ListItem\",\"position\":3,\"name\":\"Pendientes Gota\"}]},{\"@type\":\"WebSite\",\"@id\":\"https:\/\/lubeljoyeria.com\/#website\",\"url\":\"https:\/\/lubeljoyeria.com\/\",\"name\":\"Lubel joyeria. Joyeria en Plata . Distribuidor oficial de Swarovski. - Lubel\",\"description\":\"Lubel joyeria. Joyeria en Plata . Distribuidor oficial de Swarovski. - Lubel\",\"publisher\":{\"@id\":\"https:\/\/lubeljoyeria.com\/#organization\"},\"potentialAction\":[{\"@type\":\"SearchAction\",\"target\":{\"@type\":\"EntryPoint\",\"urlTemplate\":\"https:\/\/lubeljoyeria.com\/?s={search_term_string}\"},\"query-input\":{\"@type\":\"PropertyValueSpecification\",\"valueRequired\":true,\"valueName\":\"search_term_string\"}}],\"inLanguage\":\"es\"},{\"@type\":\"Organization\",\"@id\":\"https:\/\/lubeljoyeria.com\/#organization\",\"name\":\"Lubel joyeria. Joyeria en Plata . Distribuidor oficial de Swarovski. - Lubel\",\"url\":\"https:\/\/lubeljoyeria.com\/\",\"logo\":{\"@type\":\"ImageObject\",\"inLanguage\":\"es\",\"@id\":\"https:\/\/lubeljoyeria.com\/#\/schema\/logo\/image\/\",\"url\":\"https:\/\/lubeljoyeria.com\/wp-content\/uploads\/2020\/10\/lubel-joyeria-logo-1543825573-1.png\",\"contentUrl\":\"https:\/\/lubeljoyeria.com\/wp-content\/uploads\/2020\/10\/lubel-joyeria-logo-1543825573-1.png\",\"width\":135,\"height\":31,\"caption\":\"Lubel joyeria. Joyeria en Plata . Distribuidor oficial de Swarovski. - Lubel\"},\"image\":{\"@id\":\"https:\/\/lubeljoyeria.com\/#\/schema\/logo\/image\/\"}}]}<\/script>\n<!-- \/ Yoast SEO Premium plugin. -->","yoast_head_json":{"title":"Pendientes Gota - Los pendientes tendencia de esta temporada.","description":"El complemento perfecto para cualquier momento del d\u00eda \ud83d\udc95 Los pendientes Goccia, no pasar\u00e1n desapercibidos combinados con tu look.","robots":{"index":"index","follow":"follow","max-snippet":"max-snippet:-1","max-image-preview":"max-image-preview:large","max-video-preview":"max-video-preview:-1"},"canonical":"https:\/\/lubeljoyeria.com\/?product=pendientes-gota-2","og_locale":"es_ES","og_type":"article","og_title":"Pendientes Gota","og_description":"El complemento perfecto para cualquier momento del d\u00eda \ud83d\udc95 Los pendientes Goccia, no pasar\u00e1n desapercibidos combinados con tu look.","og_url":"https:\/\/lubeljoyeria.com\/?product=pendientes-gota-2","og_site_name":"Lubel joyeria. Joyeria en Plata . Distribuidor oficial de Swarovski. - Lubel","article_modified_time":"2026-02-27T12:04:22+00:00","og_image":[{"width":1000,"height":1000,"url":"https:\/\/lubeljoyeria.com\/wp-content\/uploads\/2023\/12\/PAL0130DO27.jpg","type":"image\/jpeg"}],"twitter_card":"summary_large_image","twitter_misc":{"Tiempo de lectura":"1 minuto"},"schema":{"@context":"https:\/\/schema.org","@graph":[{"@type":"WebPage","@id":"https:\/\/lubeljoyeria.com\/?product=pendientes-gota-2","url":"https:\/\/lubeljoyeria.com\/?product=pendientes-gota-2","name":"Pendientes Gota - Los pendientes tendencia de esta temporada.","isPartOf":{"@id":"https:\/\/lubeljoyeria.com\/#website"},"primaryImageOfPage":{"@id":"https:\/\/lubeljoyeria.com\/?product=pendientes-gota-2#primaryimage"},"image":{"@id":"https:\/\/lubeljoyeria.com\/?product=pendientes-gota-2#primaryimage"},"thumbnailUrl":"https:\/\/lubeljoyeria.com\/wp-content\/uploads\/2023\/12\/PAL0130DO27.jpg","datePublished":"2023-12-18T12:24:49+00:00","dateModified":"2026-02-27T12:04:22+00:00","description":"El complemento perfecto para cualquier momento del d\u00eda \ud83d\udc95 Los pendientes Goccia, no pasar\u00e1n desapercibidos combinados con tu look.","breadcrumb":{"@id":"https:\/\/lubeljoyeria.com\/?product=pendientes-gota-2#breadcrumb"},"inLanguage":"es","potentialAction":[{"@type":"ReadAction","target":["https:\/\/lubeljoyeria.com\/?product=pendientes-gota-2"]}]},{"@type":"ImageObject","inLanguage":"es","@id":"https:\/\/lubeljoyeria.com\/?product=pendientes-gota-2#primaryimage","url":"https:\/\/lubeljoyeria.com\/wp-content\/uploads\/2023\/12\/PAL0130DO27.jpg","contentUrl":"https:\/\/lubeljoyeria.com\/wp-content\/uploads\/2023\/12\/PAL0130DO27.jpg","width":1000,"height":1000,"caption":"El complemento perfecto para cualquier momento del d\u00eda \ud83d\udc95 Los pendientes Goccia, no pasar\u00e1n desapercibidos combinados con tu look m\u00e1s especial. Fabricados en Acero inoxidable con un ba\u00f1o de oro. Tama\u00f1o grande: 3 cm x 1,8cm. Tama\u00f1o mediano: 2,6 x 1, 5 cm Tama\u00f1o peque\u00f1o: 2,1 x 1,2 cm"},{"@type":"BreadcrumbList","@id":"https:\/\/lubeljoyeria.com\/?product=pendientes-gota-2#breadcrumb","itemListElement":[{"@type":"ListItem","position":1,"name":"Home","item":"https:\/\/lubeljoyeria.com\/"},{"@type":"ListItem","position":2,"name":"Tienda","item":"https:\/\/lubeljoyeria.com\/?page_id=6"},{"@type":"ListItem","position":3,"name":"Pendientes Gota"}]},{"@type":"WebSite","@id":"https:\/\/lubeljoyeria.com\/#website","url":"https:\/\/lubeljoyeria.com\/","name":"Lubel joyeria. Joyeria en Plata . Distribuidor oficial de Swarovski. - Lubel","description":"Lubel joyeria. Joyeria en Plata . Distribuidor oficial de Swarovski. - Lubel","publisher":{"@id":"https:\/\/lubeljoyeria.com\/#organization"},"potentialAction":[{"@type":"SearchAction","target":{"@type":"EntryPoint","urlTemplate":"https:\/\/lubeljoyeria.com\/?s={search_term_string}"},"query-input":{"@type":"PropertyValueSpecification","valueRequired":true,"valueName":"search_term_string"}}],"inLanguage":"es"},{"@type":"Organization","@id":"https:\/\/lubeljoyeria.com\/#organization","name":"Lubel joyeria. Joyeria en Plata . Distribuidor oficial de Swarovski. - Lubel","url":"https:\/\/lubeljoyeria.com\/","logo":{"@type":"ImageObject","inLanguage":"es","@id":"https:\/\/lubeljoyeria.com\/#\/schema\/logo\/image\/","url":"https:\/\/lubeljoyeria.com\/wp-content\/uploads\/2020\/10\/lubel-joyeria-logo-1543825573-1.png","contentUrl":"https:\/\/lubeljoyeria.com\/wp-content\/uploads\/2020\/10\/lubel-joyeria-logo-1543825573-1.png","width":135,"height":31,"caption":"Lubel joyeria. Joyeria en Plata . Distribuidor oficial de Swarovski. - Lubel"},"image":{"@id":"https:\/\/lubeljoyeria.com\/#\/schema\/logo\/image\/"}}]}},"_links":{"self":[{"href":"https:\/\/lubeljoyeria.com\/index.php?rest_route=\/wp\/v2\/product\/25057","targetHints":{"allow":["GET"]}}],"collection":[{"href":"https:\/\/lubeljoyeria.com\/index.php?rest_route=\/wp\/v2\/product"}],"about":[{"href":"https:\/\/lubeljoyeria.com\/index.php?rest_route=\/wp\/v2\/types\/product"}],"wp:featuredmedia":[{"embeddable":true,"href":"https:\/\/lubeljoyeria.com\/index.php?rest_route=\/wp\/v2\/media\/25055"}],"wp:attachment":[{"href":"https:\/\/lubeljoyeria.com\/index.php?rest_route=%2Fwp%2Fv2%2Fmedia&parent=25057"}],"wp:term":[{"taxonomy":"product_brand","embeddable":true,"href":"https:\/\/lubeljoyeria.com\/index.php?rest_route=%2Fwp%2Fv2%2Fproduct_brand&post=25057"},{"taxonomy":"product_cat","embeddable":true,"href":"https:\/\/lubeljoyeria.com\/index.php?rest_route=%2Fwp%2Fv2%2Fproduct_cat&post=25057"},{"taxonomy":"product_tag","embeddable":true,"href":"https:\/\/lubeljoyeria.com\/index.php?rest_route=%2Fwp%2Fv2%2Fproduct_tag&post=25057"}],"curies":[{"name":"wp","href":"https:\/\/api.w.org\/{rel}","templated":true}]}}