{"id":24890,"date":"2023-10-31T18:24:26","date_gmt":"2023-10-31T18:24:26","guid":{"rendered":"https:\/\/lubeljoyeria.com\/?post_type=product&#038;p=24890"},"modified":"2025-10-03T09:40:28","modified_gmt":"2025-10-03T09:40:28","slug":"pulsera-swarovski-dextera-2","status":"publish","type":"product","link":"https:\/\/lubeljoyeria.com\/?product=pulsera-swarovski-dextera-2","title":{"rendered":"Pulsera Swarovski, Dextera"},"content":{"rendered":"<div class=\"swa-accessible-tab__description-first\">Gracias a su elegante bucle alrededor de la mu\u00f1eca, esta pulsera cruzada causa la m\u00e1xima sensaci\u00f3n. El dise\u00f1o tubular combina a la perfecci\u00f3n los estilos cl\u00e1sico y moderno con una banda ba\u00f1ada de rodio, y solo la mitad de la pieza est\u00e1 adornada con pav\u00e9 transparente <span class=\"fe5nidar khvhiq1o r5qsrrlp i5tg98hk f9ovudaz przvwfww gx1rr48f gfz4du6o r7fjleex nz2484kf svot0ezm dcnh1tix sxl192xd t3g6t33p\"><span class=\"mpj7bzys xzlurrtv\">\ud83d\ude0d.<\/span><\/span> Para conseguir un acabado impecable, la pulsera incorpora un cierre magn\u00e9tico oculto. Una lujosa pieza que realzar\u00e1 cualquier atuendo que te pongas <span class=\"fe5nidar khvhiq1o r5qsrrlp i5tg98hk f9ovudaz przvwfww gx1rr48f gfz4du6o r7fjleex nz2484kf svot0ezm dcnh1tix sxl192xd t3g6t33p\"><span class=\"mpj7bzys xzlurrtv\">\ud83d\udc93.<\/span><\/span><\/div>\n<div>\n<ul id=\"product-details-classifications-ellipsis\" class=\"swa-product-details__drawer__specs swa-text-sans--small\">\n<li>Material: Ba\u00f1o de rodio y cristales Swarovski.<\/li>\n<li>Tipo de cierre:\u00a0 Cierre magn\u00e9tico.<\/li>\n<\/ul>\n<\/div>\n<div class=\"swa-accessible-tab__description-sec\">\n<p><strong>TALLA S<\/strong><\/p>\n<ul id=\"product-details-classifications-ellipsis\" class=\"swa-product-details__drawer__specs swa-text-sans--small\">\n<li>Largo: 16 cm<\/li>\n<li>Di\u00e1metros interiores: 5.6 x 4.6 cm<\/li>\n<li>Tama\u00f1o del motivo: 1 x 5.6 cm<\/li>\n<\/ul>\n<p><strong>TALLA M<\/strong><\/p>\n<ul id=\"product-details-classifications-ellipsis\" class=\"swa-product-details__drawer__specs swa-text-sans--small\">\n<li>Largo: 17.3 cm<\/li>\n<li>Di\u00e1metros interiores: 6 x 5 cm<\/li>\n<li>Tama\u00f1o del motivo: 1 x 6 cm<\/li>\n<\/ul>\n<ul id=\"product-details-classifications-ellipsis\" class=\"swa-product-details__drawer__specs swa-text-sans--small\"><\/ul>\n<\/div>\n","protected":false},"excerpt":{"rendered":"<div class=\"swa-accessible-tab__description-first\">Gracias a su elegante bucle alrededor de la mu\u00f1eca, esta pulsera cruzada causa la m\u00e1xima sensaci\u00f3n. El dise\u00f1o tubular combina a la perfecci\u00f3n los estilos cl\u00e1sico y moderno con una banda ba\u00f1ada de rodio, y solo la mitad de la pieza est\u00e1 adornada con pav\u00e9 transparente <span class=\"fe5nidar khvhiq1o r5qsrrlp i5tg98hk f9ovudaz przvwfww gx1rr48f gfz4du6o r7fjleex nz2484kf svot0ezm dcnh1tix sxl192xd t3g6t33p\"><span class=\"mpj7bzys xzlurrtv\">\ud83d\ude0d.<\/span><\/span> Para conseguir un acabado impecable, la pulsera incorpora un cierre magn\u00e9tico oculto. Una lujosa pieza que realzar\u00e1 cualquier atuendo que te pongas <span class=\"fe5nidar khvhiq1o r5qsrrlp i5tg98hk f9ovudaz przvwfww gx1rr48f gfz4du6o r7fjleex nz2484kf svot0ezm dcnh1tix sxl192xd t3g6t33p\"><span class=\"mpj7bzys xzlurrtv\">\ud83d\udc93.<\/span><\/span><\/div>\n<div>\n<ul id=\"product-details-classifications-ellipsis\" class=\"swa-product-details__drawer__specs swa-text-sans--small\">\n<li>Material: Ba\u00f1o de rodio y cristales Swarovski.<\/li>\n<li>Tipo de cierre:\u00a0 Cierre magn\u00e9tico.<\/li>\n<\/ul>\n<\/div>\n<div class=\"swa-accessible-tab__description-sec\">\n<p><strong>TALLA S<\/strong><\/p>\n<ul id=\"product-details-classifications-ellipsis\" class=\"swa-product-details__drawer__specs swa-text-sans--small\">\n<li>Largo: 16 cm<\/li>\n<li>Di\u00e1metros interiores: 5.6 x 4.6 cm<\/li>\n<li>Tama\u00f1o del motivo: 1 x 5.6 cm<\/li>\n<\/ul>\n<p><strong>TALLA M<\/strong><\/p>\n<ul id=\"product-details-classifications-ellipsis\" class=\"swa-product-details__drawer__specs swa-text-sans--small\">\n<li>Largo: 17.3 cm<\/li>\n<li>Di\u00e1metros interiores: 6 x 5 cm<\/li>\n<li>Tama\u00f1o del motivo: 1 x 6 cm<\/li>\n<\/ul>\n<\/div>\n","protected":false},"featured_media":24893,"template":"","meta":{"_joinchat":[]},"product_brand":[1437],"product_cat":[1463,1464,1470,1530],"product_tag":[],"class_list":{"0":"post-24890","1":"product","2":"type-product","3":"status-publish","4":"has-post-thumbnail","6":"product_brand-swarovski","7":"product_cat-inicio","8":"product_cat-principal","9":"product_cat-swarovski","10":"product_cat-pulseras-swarovski","11":"pa_tallapulseraswarovski-s","12":"pa_tallapulseraswarovski-m","13":"sales-flash-overlay","14":"woocommerce-text-align-center","15":"woocommerce-image-align-center","16":"do-quantity-buttons","17":"wc-has-gallery","19":"first","20":"outofstock","21":"taxable","22":"shipping-taxable","23":"purchasable","24":"product-type-variable"},"yoast_head":"<!-- This site is optimized with the Yoast SEO Premium plugin v22.5 (Yoast SEO v26.5) - https:\/\/yoast.com\/wordpress\/plugins\/seo\/ -->\n<title>Pulsera Swarovski, Dextera - Distribuidor oficial Swarovski<\/title>\n<meta name=\"description\" content=\"Gracias a su elegante bucle alrededor de la mu\u00f1eca, esta pulsera cruzada causa la m\u00e1xima sensaci\u00f3n. El dise\u00f1o tubular combina a la perfecci\u00f3n\" \/>\n<meta name=\"robots\" content=\"index, follow, max-snippet:-1, max-image-preview:large, max-video-preview:-1\" \/>\n<link rel=\"canonical\" href=\"https:\/\/lubeljoyeria.com\/producto\/pulsera-swarovski-dextera-2\" \/>\n<meta property=\"og:locale\" content=\"es_ES\" \/>\n<meta property=\"og:type\" content=\"article\" \/>\n<meta property=\"og:title\" content=\"Pulsera Swarovski, Dextera\" \/>\n<meta property=\"og:description\" content=\"Gracias a su elegante bucle alrededor de la mu\u00f1eca, esta pulsera cruzada causa la m\u00e1xima sensaci\u00f3n. El dise\u00f1o tubular combina a la perfecci\u00f3n\" \/>\n<meta property=\"og:url\" content=\"https:\/\/lubeljoyeria.com\/producto\/pulsera-swarovski-dextera-2\" \/>\n<meta property=\"og:site_name\" content=\"Lubel joyeria. Joyeria en Plata . Distribuidor oficial de Swarovski. - Lubel\" \/>\n<meta property=\"article:modified_time\" content=\"2025-10-03T09:40:28+00:00\" \/>\n<meta property=\"og:image\" content=\"https:\/\/lubeljoyeria.com\/wp-content\/uploads\/2023\/10\/5674982-1.png\" \/>\n\t<meta property=\"og:image:width\" content=\"667\" \/>\n\t<meta property=\"og:image:height\" content=\"576\" \/>\n\t<meta property=\"og:image:type\" content=\"image\/png\" \/>\n<meta name=\"twitter:card\" content=\"summary_large_image\" \/>\n<meta name=\"twitter:label1\" content=\"Tiempo de lectura\" \/>\n\t<meta name=\"twitter:data1\" content=\"1 minuto\" \/>\n<script type=\"application\/ld+json\" class=\"yoast-schema-graph\">{\"@context\":\"https:\/\/schema.org\",\"@graph\":[{\"@type\":\"WebPage\",\"@id\":\"https:\/\/lubeljoyeria.com\/producto\/pulsera-swarovski-dextera-2\",\"url\":\"https:\/\/lubeljoyeria.com\/producto\/pulsera-swarovski-dextera-2\",\"name\":\"Pulsera Swarovski, Dextera - Distribuidor oficial Swarovski\",\"isPartOf\":{\"@id\":\"https:\/\/lubeljoyeria.com\/#website\"},\"primaryImageOfPage\":{\"@id\":\"https:\/\/lubeljoyeria.com\/producto\/pulsera-swarovski-dextera-2#primaryimage\"},\"image\":{\"@id\":\"https:\/\/lubeljoyeria.com\/producto\/pulsera-swarovski-dextera-2#primaryimage\"},\"thumbnailUrl\":\"https:\/\/lubeljoyeria.com\/wp-content\/uploads\/2023\/10\/5674982-1.png\",\"datePublished\":\"2023-10-31T18:24:26+00:00\",\"dateModified\":\"2025-10-03T09:40:28+00:00\",\"description\":\"Gracias a su elegante bucle alrededor de la mu\u00f1eca, esta pulsera cruzada causa la m\u00e1xima sensaci\u00f3n. El dise\u00f1o tubular combina a la perfecci\u00f3n\",\"breadcrumb\":{\"@id\":\"https:\/\/lubeljoyeria.com\/producto\/pulsera-swarovski-dextera-2#breadcrumb\"},\"inLanguage\":\"es\",\"potentialAction\":[{\"@type\":\"ReadAction\",\"target\":[\"https:\/\/lubeljoyeria.com\/producto\/pulsera-swarovski-dextera-2\"]}]},{\"@type\":\"ImageObject\",\"inLanguage\":\"es\",\"@id\":\"https:\/\/lubeljoyeria.com\/producto\/pulsera-swarovski-dextera-2#primaryimage\",\"url\":\"https:\/\/lubeljoyeria.com\/wp-content\/uploads\/2023\/10\/5674982-1.png\",\"contentUrl\":\"https:\/\/lubeljoyeria.com\/wp-content\/uploads\/2023\/10\/5674982-1.png\",\"width\":667,\"height\":576,\"caption\":\"Gracias a su elegante bucle alrededor de la mu\u00f1eca, esta pulsera cruzada causa la m\u00e1xima sensaci\u00f3n. El dise\u00f1o tubular combina a la perfecci\u00f3n los estilos cl\u00e1sico y moderno con una banda ba\u00f1ada de rodio, y solo la mitad de la pieza est\u00e1 adornada con pav\u00e9 transparente \ud83d\ude0d. Para conseguir un acabado impecable, la pulsera incorpora un cierre magn\u00e9tico oculto. Una lujosa pieza que realzar\u00e1 cualquier atuendo que te pongas \ud83d\udc93. Material: Ba\u00f1o de rodio y cristales Swarovski. Tipo de cierre:\u00a0 Cierre magn\u00e9tico.\"},{\"@type\":\"BreadcrumbList\",\"@id\":\"https:\/\/lubeljoyeria.com\/producto\/pulsera-swarovski-dextera-2#breadcrumb\",\"itemListElement\":[{\"@type\":\"ListItem\",\"position\":1,\"name\":\"Home\",\"item\":\"https:\/\/lubeljoyeria.com\/\"},{\"@type\":\"ListItem\",\"position\":2,\"name\":\"Tienda\",\"item\":\"https:\/\/lubeljoyeria.com\/?page_id=6\"},{\"@type\":\"ListItem\",\"position\":3,\"name\":\"Pulsera Swarovski, Dextera\"}]},{\"@type\":\"WebSite\",\"@id\":\"https:\/\/lubeljoyeria.com\/#website\",\"url\":\"https:\/\/lubeljoyeria.com\/\",\"name\":\"Lubel joyeria. Joyeria en Plata . Distribuidor oficial de Swarovski. - Lubel\",\"description\":\"Lubel joyeria. Joyeria en Plata . Distribuidor oficial de Swarovski. - Lubel\",\"publisher\":{\"@id\":\"https:\/\/lubeljoyeria.com\/#organization\"},\"potentialAction\":[{\"@type\":\"SearchAction\",\"target\":{\"@type\":\"EntryPoint\",\"urlTemplate\":\"https:\/\/lubeljoyeria.com\/?s={search_term_string}\"},\"query-input\":{\"@type\":\"PropertyValueSpecification\",\"valueRequired\":true,\"valueName\":\"search_term_string\"}}],\"inLanguage\":\"es\"},{\"@type\":\"Organization\",\"@id\":\"https:\/\/lubeljoyeria.com\/#organization\",\"name\":\"Lubel joyeria. Joyeria en Plata . Distribuidor oficial de Swarovski. - Lubel\",\"url\":\"https:\/\/lubeljoyeria.com\/\",\"logo\":{\"@type\":\"ImageObject\",\"inLanguage\":\"es\",\"@id\":\"https:\/\/lubeljoyeria.com\/#\/schema\/logo\/image\/\",\"url\":\"https:\/\/lubeljoyeria.com\/wp-content\/uploads\/2020\/10\/lubel-joyeria-logo-1543825573-1.png\",\"contentUrl\":\"https:\/\/lubeljoyeria.com\/wp-content\/uploads\/2020\/10\/lubel-joyeria-logo-1543825573-1.png\",\"width\":135,\"height\":31,\"caption\":\"Lubel joyeria. Joyeria en Plata . Distribuidor oficial de Swarovski. - Lubel\"},\"image\":{\"@id\":\"https:\/\/lubeljoyeria.com\/#\/schema\/logo\/image\/\"}}]}<\/script>\n<!-- \/ Yoast SEO Premium plugin. -->","yoast_head_json":{"title":"Pulsera Swarovski, Dextera - Distribuidor oficial Swarovski","description":"Gracias a su elegante bucle alrededor de la mu\u00f1eca, esta pulsera cruzada causa la m\u00e1xima sensaci\u00f3n. El dise\u00f1o tubular combina a la perfecci\u00f3n","robots":{"index":"index","follow":"follow","max-snippet":"max-snippet:-1","max-image-preview":"max-image-preview:large","max-video-preview":"max-video-preview:-1"},"canonical":"https:\/\/lubeljoyeria.com\/producto\/pulsera-swarovski-dextera-2","og_locale":"es_ES","og_type":"article","og_title":"Pulsera Swarovski, Dextera","og_description":"Gracias a su elegante bucle alrededor de la mu\u00f1eca, esta pulsera cruzada causa la m\u00e1xima sensaci\u00f3n. El dise\u00f1o tubular combina a la perfecci\u00f3n","og_url":"https:\/\/lubeljoyeria.com\/producto\/pulsera-swarovski-dextera-2","og_site_name":"Lubel joyeria. Joyeria en Plata . Distribuidor oficial de Swarovski. - Lubel","article_modified_time":"2025-10-03T09:40:28+00:00","og_image":[{"width":667,"height":576,"url":"https:\/\/lubeljoyeria.com\/wp-content\/uploads\/2023\/10\/5674982-1.png","type":"image\/png"}],"twitter_card":"summary_large_image","twitter_misc":{"Tiempo de lectura":"1 minuto"},"schema":{"@context":"https:\/\/schema.org","@graph":[{"@type":"WebPage","@id":"https:\/\/lubeljoyeria.com\/producto\/pulsera-swarovski-dextera-2","url":"https:\/\/lubeljoyeria.com\/producto\/pulsera-swarovski-dextera-2","name":"Pulsera Swarovski, Dextera - Distribuidor oficial Swarovski","isPartOf":{"@id":"https:\/\/lubeljoyeria.com\/#website"},"primaryImageOfPage":{"@id":"https:\/\/lubeljoyeria.com\/producto\/pulsera-swarovski-dextera-2#primaryimage"},"image":{"@id":"https:\/\/lubeljoyeria.com\/producto\/pulsera-swarovski-dextera-2#primaryimage"},"thumbnailUrl":"https:\/\/lubeljoyeria.com\/wp-content\/uploads\/2023\/10\/5674982-1.png","datePublished":"2023-10-31T18:24:26+00:00","dateModified":"2025-10-03T09:40:28+00:00","description":"Gracias a su elegante bucle alrededor de la mu\u00f1eca, esta pulsera cruzada causa la m\u00e1xima sensaci\u00f3n. El dise\u00f1o tubular combina a la perfecci\u00f3n","breadcrumb":{"@id":"https:\/\/lubeljoyeria.com\/producto\/pulsera-swarovski-dextera-2#breadcrumb"},"inLanguage":"es","potentialAction":[{"@type":"ReadAction","target":["https:\/\/lubeljoyeria.com\/producto\/pulsera-swarovski-dextera-2"]}]},{"@type":"ImageObject","inLanguage":"es","@id":"https:\/\/lubeljoyeria.com\/producto\/pulsera-swarovski-dextera-2#primaryimage","url":"https:\/\/lubeljoyeria.com\/wp-content\/uploads\/2023\/10\/5674982-1.png","contentUrl":"https:\/\/lubeljoyeria.com\/wp-content\/uploads\/2023\/10\/5674982-1.png","width":667,"height":576,"caption":"Gracias a su elegante bucle alrededor de la mu\u00f1eca, esta pulsera cruzada causa la m\u00e1xima sensaci\u00f3n. El dise\u00f1o tubular combina a la perfecci\u00f3n los estilos cl\u00e1sico y moderno con una banda ba\u00f1ada de rodio, y solo la mitad de la pieza est\u00e1 adornada con pav\u00e9 transparente \ud83d\ude0d. Para conseguir un acabado impecable, la pulsera incorpora un cierre magn\u00e9tico oculto. Una lujosa pieza que realzar\u00e1 cualquier atuendo que te pongas \ud83d\udc93. Material: Ba\u00f1o de rodio y cristales Swarovski. Tipo de cierre:\u00a0 Cierre magn\u00e9tico."},{"@type":"BreadcrumbList","@id":"https:\/\/lubeljoyeria.com\/producto\/pulsera-swarovski-dextera-2#breadcrumb","itemListElement":[{"@type":"ListItem","position":1,"name":"Home","item":"https:\/\/lubeljoyeria.com\/"},{"@type":"ListItem","position":2,"name":"Tienda","item":"https:\/\/lubeljoyeria.com\/?page_id=6"},{"@type":"ListItem","position":3,"name":"Pulsera Swarovski, Dextera"}]},{"@type":"WebSite","@id":"https:\/\/lubeljoyeria.com\/#website","url":"https:\/\/lubeljoyeria.com\/","name":"Lubel joyeria. Joyeria en Plata . Distribuidor oficial de Swarovski. - Lubel","description":"Lubel joyeria. Joyeria en Plata . Distribuidor oficial de Swarovski. - Lubel","publisher":{"@id":"https:\/\/lubeljoyeria.com\/#organization"},"potentialAction":[{"@type":"SearchAction","target":{"@type":"EntryPoint","urlTemplate":"https:\/\/lubeljoyeria.com\/?s={search_term_string}"},"query-input":{"@type":"PropertyValueSpecification","valueRequired":true,"valueName":"search_term_string"}}],"inLanguage":"es"},{"@type":"Organization","@id":"https:\/\/lubeljoyeria.com\/#organization","name":"Lubel joyeria. Joyeria en Plata . Distribuidor oficial de Swarovski. - Lubel","url":"https:\/\/lubeljoyeria.com\/","logo":{"@type":"ImageObject","inLanguage":"es","@id":"https:\/\/lubeljoyeria.com\/#\/schema\/logo\/image\/","url":"https:\/\/lubeljoyeria.com\/wp-content\/uploads\/2020\/10\/lubel-joyeria-logo-1543825573-1.png","contentUrl":"https:\/\/lubeljoyeria.com\/wp-content\/uploads\/2020\/10\/lubel-joyeria-logo-1543825573-1.png","width":135,"height":31,"caption":"Lubel joyeria. Joyeria en Plata . Distribuidor oficial de Swarovski. - Lubel"},"image":{"@id":"https:\/\/lubeljoyeria.com\/#\/schema\/logo\/image\/"}}]}},"_links":{"self":[{"href":"https:\/\/lubeljoyeria.com\/index.php?rest_route=\/wp\/v2\/product\/24890","targetHints":{"allow":["GET"]}}],"collection":[{"href":"https:\/\/lubeljoyeria.com\/index.php?rest_route=\/wp\/v2\/product"}],"about":[{"href":"https:\/\/lubeljoyeria.com\/index.php?rest_route=\/wp\/v2\/types\/product"}],"wp:featuredmedia":[{"embeddable":true,"href":"https:\/\/lubeljoyeria.com\/index.php?rest_route=\/wp\/v2\/media\/24893"}],"wp:attachment":[{"href":"https:\/\/lubeljoyeria.com\/index.php?rest_route=%2Fwp%2Fv2%2Fmedia&parent=24890"}],"wp:term":[{"taxonomy":"product_brand","embeddable":true,"href":"https:\/\/lubeljoyeria.com\/index.php?rest_route=%2Fwp%2Fv2%2Fproduct_brand&post=24890"},{"taxonomy":"product_cat","embeddable":true,"href":"https:\/\/lubeljoyeria.com\/index.php?rest_route=%2Fwp%2Fv2%2Fproduct_cat&post=24890"},{"taxonomy":"product_tag","embeddable":true,"href":"https:\/\/lubeljoyeria.com\/index.php?rest_route=%2Fwp%2Fv2%2Fproduct_tag&post=24890"}],"curies":[{"name":"wp","href":"https:\/\/api.w.org\/{rel}","templated":true}]}}