{"id":24548,"date":"2023-04-18T17:16:05","date_gmt":"2023-04-18T17:16:05","guid":{"rendered":"https:\/\/lubeljoyeria.com\/?post_type=product&#038;p=24548"},"modified":"2024-05-14T17:03:21","modified_gmt":"2024-05-14T17:03:21","slug":"pulsera-salvatore-ovalos-morganita","status":"publish","type":"product","link":"https:\/\/lubeljoyeria.com\/?product=pulsera-salvatore-ovalos-morganita","title":{"rendered":"Pulsera Salvatore, \u00d3valos morganita"},"content":{"rendered":"<p>Elegante y sofisticada, as\u00ed es esta espectacular pulsera de <em>Salvatore Plata,\u00a0<\/em>peque\u00f1os \u00f3valos con Morganitas y dos circonitas blancas a cada lado de los \u00f3valos. No pasar\u00e1 desapercibida. <span class=\"fe5nidar khvhiq1o r5qsrrlp i5tg98hk f9ovudaz przvwfww gx1rr48f gfz4du6o r7fjleex nz2484kf svot0ezm dcnh1tix sxl192xd t3g6t33p\"><span class=\"mpj7bzys xzlurrtv\">\ud83d\udcab<\/span><\/span><\/p>\n<p>Fabricada en Plata de 1\u00aa Ley 925 con un ba\u00f1o de rodio.<\/p>\n<ul>\n<li>Tama\u00f1o: 17cm x 0,40cm.<\/li>\n<li>Referencia Salvatore: 112p0096.<\/li>\n<\/ul>\n","protected":false},"excerpt":{"rendered":"<p>Elegante y sofisticada, as\u00ed es esta espectacular pulsera de <em>Salvatore Plata,\u00a0<\/em>peque\u00f1os \u00f3valos con Morganitas y dos circonitas blancas a cada lado de los \u00f3valos. No pasar\u00e1 desapercibida. <span class=\"fe5nidar khvhiq1o r5qsrrlp i5tg98hk f9ovudaz przvwfww gx1rr48f gfz4du6o r7fjleex nz2484kf svot0ezm dcnh1tix sxl192xd t3g6t33p\"><span class=\"mpj7bzys xzlurrtv\">\ud83d\udcab<\/span><\/span><\/p>\n<p>Fabricada en Plata de 1\u00aa Ley 925 con un ba\u00f1o de rodio.<\/p>\n<ul>\n<li>Tama\u00f1o: 17cm x 0,40cm.<\/li>\n<li>Referencia Salvatore: 112p0096.<\/li>\n<\/ul>\n","protected":false},"featured_media":24550,"template":"","meta":{"_joinchat":[]},"product_brand":[1439],"product_cat":[1463,1464,1477,1522,1485,1526],"product_tag":[],"class_list":{"0":"post-24548","1":"product","2":"type-product","3":"status-publish","4":"has-post-thumbnail","6":"product_brand-salvatore-plata","7":"product_cat-inicio","8":"product_cat-principal","9":"product_cat-novias","10":"product_cat-pulseras-novias","11":"product_cat-salvatore-plata","12":"product_cat-pulseras-salvatore-plata","13":"sales-flash-overlay","14":"woocommerce-text-align-center","15":"woocommerce-image-align-center","16":"do-quantity-buttons","17":"wc-has-gallery","19":"first","20":"instock","21":"taxable","22":"shipping-taxable","23":"purchasable","24":"product-type-simple"},"yoast_head":"<!-- This site is optimized with the Yoast SEO Premium plugin v22.5 (Yoast SEO v26.5) - https:\/\/yoast.com\/wordpress\/plugins\/seo\/ -->\n<title>Pulsera Salvatore, \u00d3valos morganita - Distribuidor oficial Salvatore Plata<\/title>\n<meta name=\"description\" content=\"Elegante y sofisticada, as\u00ed es esta espectacular pulsera de Salvatore Plata,\u00a0peque\u00f1os \u00f3valos con Morganitas 112p0096.\" \/>\n<meta name=\"robots\" content=\"index, follow, max-snippet:-1, max-image-preview:large, max-video-preview:-1\" \/>\n<link rel=\"canonical\" href=\"https:\/\/lubeljoyeria.com\/producto\/pulsera-salvatore-ovalos-morganita\" \/>\n<meta property=\"og:locale\" content=\"es_ES\" \/>\n<meta property=\"og:type\" content=\"article\" \/>\n<meta property=\"og:title\" content=\"Pulsera Salvatore, \u00d3valos morganita\" \/>\n<meta property=\"og:description\" content=\"Elegante y sofisticada, as\u00ed es esta espectacular pulsera de Salvatore Plata,\u00a0peque\u00f1os \u00f3valos con Morganitas 112p0096.\" \/>\n<meta property=\"og:url\" content=\"https:\/\/lubeljoyeria.com\/producto\/pulsera-salvatore-ovalos-morganita\" \/>\n<meta property=\"og:site_name\" content=\"Lubel joyeria. Joyeria en Plata . Distribuidor oficial de Swarovski. - Lubel\" \/>\n<meta property=\"article:modified_time\" content=\"2024-05-14T17:03:21+00:00\" \/>\n<meta property=\"og:image\" content=\"https:\/\/lubeljoyeria.com\/wp-content\/uploads\/2023\/04\/112p0096.jpg\" \/>\n\t<meta property=\"og:image:width\" content=\"768\" \/>\n\t<meta property=\"og:image:height\" content=\"768\" \/>\n\t<meta property=\"og:image:type\" content=\"image\/jpeg\" \/>\n<meta name=\"twitter:card\" content=\"summary_large_image\" \/>\n<meta name=\"twitter:label1\" content=\"Tiempo de lectura\" \/>\n\t<meta name=\"twitter:data1\" content=\"1 minuto\" \/>\n<script type=\"application\/ld+json\" class=\"yoast-schema-graph\">{\"@context\":\"https:\/\/schema.org\",\"@graph\":[{\"@type\":\"WebPage\",\"@id\":\"https:\/\/lubeljoyeria.com\/producto\/pulsera-salvatore-ovalos-morganita\",\"url\":\"https:\/\/lubeljoyeria.com\/producto\/pulsera-salvatore-ovalos-morganita\",\"name\":\"Pulsera Salvatore, \u00d3valos morganita - Distribuidor oficial Salvatore Plata\",\"isPartOf\":{\"@id\":\"https:\/\/lubeljoyeria.com\/#website\"},\"primaryImageOfPage\":{\"@id\":\"https:\/\/lubeljoyeria.com\/producto\/pulsera-salvatore-ovalos-morganita#primaryimage\"},\"image\":{\"@id\":\"https:\/\/lubeljoyeria.com\/producto\/pulsera-salvatore-ovalos-morganita#primaryimage\"},\"thumbnailUrl\":\"https:\/\/lubeljoyeria.com\/wp-content\/uploads\/2023\/04\/112p0096.jpg\",\"datePublished\":\"2023-04-18T17:16:05+00:00\",\"dateModified\":\"2024-05-14T17:03:21+00:00\",\"description\":\"Elegante y sofisticada, as\u00ed es esta espectacular pulsera de Salvatore Plata,\u00a0peque\u00f1os \u00f3valos con Morganitas 112p0096.\",\"breadcrumb\":{\"@id\":\"https:\/\/lubeljoyeria.com\/producto\/pulsera-salvatore-ovalos-morganita#breadcrumb\"},\"inLanguage\":\"es\",\"potentialAction\":[{\"@type\":\"ReadAction\",\"target\":[\"https:\/\/lubeljoyeria.com\/producto\/pulsera-salvatore-ovalos-morganita\"]}]},{\"@type\":\"ImageObject\",\"inLanguage\":\"es\",\"@id\":\"https:\/\/lubeljoyeria.com\/producto\/pulsera-salvatore-ovalos-morganita#primaryimage\",\"url\":\"https:\/\/lubeljoyeria.com\/wp-content\/uploads\/2023\/04\/112p0096.jpg\",\"contentUrl\":\"https:\/\/lubeljoyeria.com\/wp-content\/uploads\/2023\/04\/112p0096.jpg\",\"width\":768,\"height\":768,\"caption\":\"Elegante y sofisticada, as\u00ed es esta espectacular pulsera de Salvatore Plata,\u00a0peque\u00f1os \u00f3valos con Morganitas y dos circonitas blancas a cada lado de los \u00f3valos. No pasar\u00e1 desapercibida. \ud83d\udcab Fabricada en Plata de 1\u00aa Ley 925 con un ba\u00f1o de rodio. Tama\u00f1o: 17cm x 0,40cm. Referencia Salvatore: 112p0096.\"},{\"@type\":\"BreadcrumbList\",\"@id\":\"https:\/\/lubeljoyeria.com\/producto\/pulsera-salvatore-ovalos-morganita#breadcrumb\",\"itemListElement\":[{\"@type\":\"ListItem\",\"position\":1,\"name\":\"Home\",\"item\":\"https:\/\/lubeljoyeria.com\/\"},{\"@type\":\"ListItem\",\"position\":2,\"name\":\"Tienda\",\"item\":\"https:\/\/lubeljoyeria.com\/?page_id=6\"},{\"@type\":\"ListItem\",\"position\":3,\"name\":\"Pulsera Salvatore, \u00d3valos morganita\"}]},{\"@type\":\"WebSite\",\"@id\":\"https:\/\/lubeljoyeria.com\/#website\",\"url\":\"https:\/\/lubeljoyeria.com\/\",\"name\":\"Lubel joyeria. Joyeria en Plata . Distribuidor oficial de Swarovski. - Lubel\",\"description\":\"Lubel joyeria. Joyeria en Plata . Distribuidor oficial de Swarovski. - Lubel\",\"publisher\":{\"@id\":\"https:\/\/lubeljoyeria.com\/#organization\"},\"potentialAction\":[{\"@type\":\"SearchAction\",\"target\":{\"@type\":\"EntryPoint\",\"urlTemplate\":\"https:\/\/lubeljoyeria.com\/?s={search_term_string}\"},\"query-input\":{\"@type\":\"PropertyValueSpecification\",\"valueRequired\":true,\"valueName\":\"search_term_string\"}}],\"inLanguage\":\"es\"},{\"@type\":\"Organization\",\"@id\":\"https:\/\/lubeljoyeria.com\/#organization\",\"name\":\"Lubel joyeria. Joyeria en Plata . Distribuidor oficial de Swarovski. - Lubel\",\"url\":\"https:\/\/lubeljoyeria.com\/\",\"logo\":{\"@type\":\"ImageObject\",\"inLanguage\":\"es\",\"@id\":\"https:\/\/lubeljoyeria.com\/#\/schema\/logo\/image\/\",\"url\":\"https:\/\/lubeljoyeria.com\/wp-content\/uploads\/2020\/10\/lubel-joyeria-logo-1543825573-1.png\",\"contentUrl\":\"https:\/\/lubeljoyeria.com\/wp-content\/uploads\/2020\/10\/lubel-joyeria-logo-1543825573-1.png\",\"width\":135,\"height\":31,\"caption\":\"Lubel joyeria. Joyeria en Plata . Distribuidor oficial de Swarovski. - Lubel\"},\"image\":{\"@id\":\"https:\/\/lubeljoyeria.com\/#\/schema\/logo\/image\/\"}}]}<\/script>\n<!-- \/ Yoast SEO Premium plugin. -->","yoast_head_json":{"title":"Pulsera Salvatore, \u00d3valos morganita - Distribuidor oficial Salvatore Plata","description":"Elegante y sofisticada, as\u00ed es esta espectacular pulsera de Salvatore Plata,\u00a0peque\u00f1os \u00f3valos con Morganitas 112p0096.","robots":{"index":"index","follow":"follow","max-snippet":"max-snippet:-1","max-image-preview":"max-image-preview:large","max-video-preview":"max-video-preview:-1"},"canonical":"https:\/\/lubeljoyeria.com\/producto\/pulsera-salvatore-ovalos-morganita","og_locale":"es_ES","og_type":"article","og_title":"Pulsera Salvatore, \u00d3valos morganita","og_description":"Elegante y sofisticada, as\u00ed es esta espectacular pulsera de Salvatore Plata,\u00a0peque\u00f1os \u00f3valos con Morganitas 112p0096.","og_url":"https:\/\/lubeljoyeria.com\/producto\/pulsera-salvatore-ovalos-morganita","og_site_name":"Lubel joyeria. Joyeria en Plata . Distribuidor oficial de Swarovski. - Lubel","article_modified_time":"2024-05-14T17:03:21+00:00","og_image":[{"width":768,"height":768,"url":"https:\/\/lubeljoyeria.com\/wp-content\/uploads\/2023\/04\/112p0096.jpg","type":"image\/jpeg"}],"twitter_card":"summary_large_image","twitter_misc":{"Tiempo de lectura":"1 minuto"},"schema":{"@context":"https:\/\/schema.org","@graph":[{"@type":"WebPage","@id":"https:\/\/lubeljoyeria.com\/producto\/pulsera-salvatore-ovalos-morganita","url":"https:\/\/lubeljoyeria.com\/producto\/pulsera-salvatore-ovalos-morganita","name":"Pulsera Salvatore, \u00d3valos morganita - Distribuidor oficial Salvatore Plata","isPartOf":{"@id":"https:\/\/lubeljoyeria.com\/#website"},"primaryImageOfPage":{"@id":"https:\/\/lubeljoyeria.com\/producto\/pulsera-salvatore-ovalos-morganita#primaryimage"},"image":{"@id":"https:\/\/lubeljoyeria.com\/producto\/pulsera-salvatore-ovalos-morganita#primaryimage"},"thumbnailUrl":"https:\/\/lubeljoyeria.com\/wp-content\/uploads\/2023\/04\/112p0096.jpg","datePublished":"2023-04-18T17:16:05+00:00","dateModified":"2024-05-14T17:03:21+00:00","description":"Elegante y sofisticada, as\u00ed es esta espectacular pulsera de Salvatore Plata,\u00a0peque\u00f1os \u00f3valos con Morganitas 112p0096.","breadcrumb":{"@id":"https:\/\/lubeljoyeria.com\/producto\/pulsera-salvatore-ovalos-morganita#breadcrumb"},"inLanguage":"es","potentialAction":[{"@type":"ReadAction","target":["https:\/\/lubeljoyeria.com\/producto\/pulsera-salvatore-ovalos-morganita"]}]},{"@type":"ImageObject","inLanguage":"es","@id":"https:\/\/lubeljoyeria.com\/producto\/pulsera-salvatore-ovalos-morganita#primaryimage","url":"https:\/\/lubeljoyeria.com\/wp-content\/uploads\/2023\/04\/112p0096.jpg","contentUrl":"https:\/\/lubeljoyeria.com\/wp-content\/uploads\/2023\/04\/112p0096.jpg","width":768,"height":768,"caption":"Elegante y sofisticada, as\u00ed es esta espectacular pulsera de Salvatore Plata,\u00a0peque\u00f1os \u00f3valos con Morganitas y dos circonitas blancas a cada lado de los \u00f3valos. No pasar\u00e1 desapercibida. \ud83d\udcab Fabricada en Plata de 1\u00aa Ley 925 con un ba\u00f1o de rodio. Tama\u00f1o: 17cm x 0,40cm. Referencia Salvatore: 112p0096."},{"@type":"BreadcrumbList","@id":"https:\/\/lubeljoyeria.com\/producto\/pulsera-salvatore-ovalos-morganita#breadcrumb","itemListElement":[{"@type":"ListItem","position":1,"name":"Home","item":"https:\/\/lubeljoyeria.com\/"},{"@type":"ListItem","position":2,"name":"Tienda","item":"https:\/\/lubeljoyeria.com\/?page_id=6"},{"@type":"ListItem","position":3,"name":"Pulsera Salvatore, \u00d3valos morganita"}]},{"@type":"WebSite","@id":"https:\/\/lubeljoyeria.com\/#website","url":"https:\/\/lubeljoyeria.com\/","name":"Lubel joyeria. Joyeria en Plata . Distribuidor oficial de Swarovski. - Lubel","description":"Lubel joyeria. Joyeria en Plata . Distribuidor oficial de Swarovski. - Lubel","publisher":{"@id":"https:\/\/lubeljoyeria.com\/#organization"},"potentialAction":[{"@type":"SearchAction","target":{"@type":"EntryPoint","urlTemplate":"https:\/\/lubeljoyeria.com\/?s={search_term_string}"},"query-input":{"@type":"PropertyValueSpecification","valueRequired":true,"valueName":"search_term_string"}}],"inLanguage":"es"},{"@type":"Organization","@id":"https:\/\/lubeljoyeria.com\/#organization","name":"Lubel joyeria. Joyeria en Plata . Distribuidor oficial de Swarovski. - Lubel","url":"https:\/\/lubeljoyeria.com\/","logo":{"@type":"ImageObject","inLanguage":"es","@id":"https:\/\/lubeljoyeria.com\/#\/schema\/logo\/image\/","url":"https:\/\/lubeljoyeria.com\/wp-content\/uploads\/2020\/10\/lubel-joyeria-logo-1543825573-1.png","contentUrl":"https:\/\/lubeljoyeria.com\/wp-content\/uploads\/2020\/10\/lubel-joyeria-logo-1543825573-1.png","width":135,"height":31,"caption":"Lubel joyeria. Joyeria en Plata . Distribuidor oficial de Swarovski. - Lubel"},"image":{"@id":"https:\/\/lubeljoyeria.com\/#\/schema\/logo\/image\/"}}]}},"_links":{"self":[{"href":"https:\/\/lubeljoyeria.com\/index.php?rest_route=\/wp\/v2\/product\/24548","targetHints":{"allow":["GET"]}}],"collection":[{"href":"https:\/\/lubeljoyeria.com\/index.php?rest_route=\/wp\/v2\/product"}],"about":[{"href":"https:\/\/lubeljoyeria.com\/index.php?rest_route=\/wp\/v2\/types\/product"}],"wp:featuredmedia":[{"embeddable":true,"href":"https:\/\/lubeljoyeria.com\/index.php?rest_route=\/wp\/v2\/media\/24550"}],"wp:attachment":[{"href":"https:\/\/lubeljoyeria.com\/index.php?rest_route=%2Fwp%2Fv2%2Fmedia&parent=24548"}],"wp:term":[{"taxonomy":"product_brand","embeddable":true,"href":"https:\/\/lubeljoyeria.com\/index.php?rest_route=%2Fwp%2Fv2%2Fproduct_brand&post=24548"},{"taxonomy":"product_cat","embeddable":true,"href":"https:\/\/lubeljoyeria.com\/index.php?rest_route=%2Fwp%2Fv2%2Fproduct_cat&post=24548"},{"taxonomy":"product_tag","embeddable":true,"href":"https:\/\/lubeljoyeria.com\/index.php?rest_route=%2Fwp%2Fv2%2Fproduct_tag&post=24548"}],"curies":[{"name":"wp","href":"https:\/\/api.w.org\/{rel}","templated":true}]}}