{"id":23665,"date":"2022-10-17T16:35:04","date_gmt":"2022-10-17T16:35:04","guid":{"rendered":"https:\/\/lubeljoyeria.com\/?post_type=product&#038;p=23665"},"modified":"2024-01-10T09:38:08","modified_gmt":"2024-01-10T09:38:08","slug":"pendientes-nael","status":"publish","type":"product","link":"https:\/\/lubeljoyeria.com\/?product=pendientes-nael","title":{"rendered":"Pendientes Nael"},"content":{"rendered":"<p>Originalidad y elegancia convergen en cada uno de los detalles del pendiente <em>Nael<\/em>. Un arito repleto de circonitas en talla baguette de colores que evocan la belleza del arco\u00edris \ud83c\udf08. Una pieza llena de luz y magia que se convertir\u00e1 en un indispensable para tu d\u00eda a d\u00eda.<\/p>\n<p>Fabricados en Plata de 1\u00aa Ley 925 con un ba\u00f1o de rodio o de oro 18k.<\/p>\n<ul>\n<li>Di\u00e1metro de aro: 16mm.<\/li>\n<\/ul>\n","protected":false},"excerpt":{"rendered":"<p>Originalidad y elegancia convergen en cada uno de los detalles del pendiente <em>Nael<\/em>. Un arito repleto de circonitas en talla baguette de colores que evocan la belleza del arco\u00edris \ud83c\udf08. Una pieza llena de luz y magia que se convertir\u00e1 en un indispensable para tu d\u00eda a d\u00eda.<\/p>\n<p>Fabricados en Plata de 1\u00aa Ley 925 con un ba\u00f1o de rodio o de oro 18k.<\/p>\n<ul>\n<li>Di\u00e1metro de aro: 16mm.<\/li>\n<\/ul>\n","protected":false},"featured_media":23656,"template":"","meta":{"_joinchat":[]},"product_brand":[1438],"product_cat":[1463,1464,1473,1489],"product_tag":[],"class_list":{"0":"post-23665","1":"product","2":"type-product","3":"status-publish","4":"has-post-thumbnail","6":"product_brand-joyeria-en-plata","7":"product_cat-inicio","8":"product_cat-principal","9":"product_cat-joyeria-en-plata","10":"product_cat-pendientes-joyeria-en-plata","11":"pa_acabadoscolganteharu-plata","12":"pa_acabadoscolganteharu-banooro","13":"sales-flash-overlay","14":"woocommerce-text-align-center","15":"woocommerce-image-align-center","16":"do-quantity-buttons","17":"wc-has-gallery","19":"first","20":"instock","21":"taxable","22":"shipping-taxable","23":"purchasable","24":"product-type-variable"},"yoast_head":"<!-- This site is optimized with the Yoast SEO Premium plugin v22.5 (Yoast SEO v26.5) - https:\/\/yoast.com\/wordpress\/plugins\/seo\/ -->\n<title>Pendientes Nael - Fabricados en Plata de 1\u00aa Ley 925 - Lubeljoyeria.com<\/title>\n<meta name=\"description\" content=\"Originalidad y elegancia convergen en el pendiente Nael. Un arito repleto de circonitas en talla baguette de colores. \ud83c\udf08\" \/>\n<meta name=\"robots\" content=\"index, follow, max-snippet:-1, max-image-preview:large, max-video-preview:-1\" \/>\n<link rel=\"canonical\" href=\"https:\/\/lubeljoyeria.com\/producto\/pendientes-nael\" \/>\n<meta property=\"og:locale\" content=\"es_ES\" \/>\n<meta property=\"og:type\" content=\"article\" \/>\n<meta property=\"og:title\" content=\"Pendientes Nael\" \/>\n<meta property=\"og:description\" content=\"Originalidad y elegancia convergen en el pendiente Nael. Un arito repleto de circonitas en talla baguette de colores. \ud83c\udf08\" \/>\n<meta property=\"og:url\" content=\"https:\/\/lubeljoyeria.com\/producto\/pendientes-nael\" \/>\n<meta property=\"og:site_name\" content=\"Lubel joyeria. Joyeria en Plata . Distribuidor oficial de Swarovski. - Lubel\" \/>\n<meta property=\"article:modified_time\" content=\"2024-01-10T09:38:08+00:00\" \/>\n<meta property=\"og:image\" content=\"https:\/\/lubeljoyeria.com\/wp-content\/uploads\/2022\/10\/0201258-1.jpg\" \/>\n\t<meta property=\"og:image:width\" content=\"1100\" \/>\n\t<meta property=\"og:image:height\" content=\"1100\" \/>\n\t<meta property=\"og:image:type\" content=\"image\/jpeg\" \/>\n<meta name=\"twitter:card\" content=\"summary_large_image\" \/>\n<script type=\"application\/ld+json\" class=\"yoast-schema-graph\">{\"@context\":\"https:\/\/schema.org\",\"@graph\":[{\"@type\":\"WebPage\",\"@id\":\"https:\/\/lubeljoyeria.com\/producto\/pendientes-nael\",\"url\":\"https:\/\/lubeljoyeria.com\/producto\/pendientes-nael\",\"name\":\"Pendientes Nael - Fabricados en Plata de 1\u00aa Ley 925 - Lubeljoyeria.com\",\"isPartOf\":{\"@id\":\"https:\/\/lubeljoyeria.com\/#website\"},\"primaryImageOfPage\":{\"@id\":\"https:\/\/lubeljoyeria.com\/producto\/pendientes-nael#primaryimage\"},\"image\":{\"@id\":\"https:\/\/lubeljoyeria.com\/producto\/pendientes-nael#primaryimage\"},\"thumbnailUrl\":\"https:\/\/lubeljoyeria.com\/wp-content\/uploads\/2022\/10\/0201258-1.jpg\",\"datePublished\":\"2022-10-17T16:35:04+00:00\",\"dateModified\":\"2024-01-10T09:38:08+00:00\",\"description\":\"Originalidad y elegancia convergen en el pendiente Nael. Un arito repleto de circonitas en talla baguette de colores. \ud83c\udf08\",\"breadcrumb\":{\"@id\":\"https:\/\/lubeljoyeria.com\/producto\/pendientes-nael#breadcrumb\"},\"inLanguage\":\"es\",\"potentialAction\":[{\"@type\":\"ReadAction\",\"target\":[\"https:\/\/lubeljoyeria.com\/producto\/pendientes-nael\"]}]},{\"@type\":\"ImageObject\",\"inLanguage\":\"es\",\"@id\":\"https:\/\/lubeljoyeria.com\/producto\/pendientes-nael#primaryimage\",\"url\":\"https:\/\/lubeljoyeria.com\/wp-content\/uploads\/2022\/10\/0201258-1.jpg\",\"contentUrl\":\"https:\/\/lubeljoyeria.com\/wp-content\/uploads\/2022\/10\/0201258-1.jpg\",\"width\":1100,\"height\":1100,\"caption\":\"Pendientes Nael, un arito repleto de circonitas de colores de talla baguette. Fabricados en Plata de 1\u00aa Ley 925 con un ba\u00f1o de rodio. www.lubeljoyeria.com\"},{\"@type\":\"BreadcrumbList\",\"@id\":\"https:\/\/lubeljoyeria.com\/producto\/pendientes-nael#breadcrumb\",\"itemListElement\":[{\"@type\":\"ListItem\",\"position\":1,\"name\":\"Home\",\"item\":\"https:\/\/lubeljoyeria.com\/\"},{\"@type\":\"ListItem\",\"position\":2,\"name\":\"Tienda\",\"item\":\"https:\/\/lubeljoyeria.com\/?page_id=6\"},{\"@type\":\"ListItem\",\"position\":3,\"name\":\"Pendientes Nael\"}]},{\"@type\":\"WebSite\",\"@id\":\"https:\/\/lubeljoyeria.com\/#website\",\"url\":\"https:\/\/lubeljoyeria.com\/\",\"name\":\"Lubel joyeria. Joyeria en Plata . Distribuidor oficial de Swarovski. - Lubel\",\"description\":\"Lubel joyeria. Joyeria en Plata . Distribuidor oficial de Swarovski. - Lubel\",\"publisher\":{\"@id\":\"https:\/\/lubeljoyeria.com\/#organization\"},\"potentialAction\":[{\"@type\":\"SearchAction\",\"target\":{\"@type\":\"EntryPoint\",\"urlTemplate\":\"https:\/\/lubeljoyeria.com\/?s={search_term_string}\"},\"query-input\":{\"@type\":\"PropertyValueSpecification\",\"valueRequired\":true,\"valueName\":\"search_term_string\"}}],\"inLanguage\":\"es\"},{\"@type\":\"Organization\",\"@id\":\"https:\/\/lubeljoyeria.com\/#organization\",\"name\":\"Lubel joyeria. Joyeria en Plata . Distribuidor oficial de Swarovski. - Lubel\",\"url\":\"https:\/\/lubeljoyeria.com\/\",\"logo\":{\"@type\":\"ImageObject\",\"inLanguage\":\"es\",\"@id\":\"https:\/\/lubeljoyeria.com\/#\/schema\/logo\/image\/\",\"url\":\"https:\/\/lubeljoyeria.com\/wp-content\/uploads\/2020\/10\/lubel-joyeria-logo-1543825573-1.png\",\"contentUrl\":\"https:\/\/lubeljoyeria.com\/wp-content\/uploads\/2020\/10\/lubel-joyeria-logo-1543825573-1.png\",\"width\":135,\"height\":31,\"caption\":\"Lubel joyeria. Joyeria en Plata . Distribuidor oficial de Swarovski. - Lubel\"},\"image\":{\"@id\":\"https:\/\/lubeljoyeria.com\/#\/schema\/logo\/image\/\"}}]}<\/script>\n<!-- \/ Yoast SEO Premium plugin. -->","yoast_head_json":{"title":"Pendientes Nael - Fabricados en Plata de 1\u00aa Ley 925 - Lubeljoyeria.com","description":"Originalidad y elegancia convergen en el pendiente Nael. Un arito repleto de circonitas en talla baguette de colores. \ud83c\udf08","robots":{"index":"index","follow":"follow","max-snippet":"max-snippet:-1","max-image-preview":"max-image-preview:large","max-video-preview":"max-video-preview:-1"},"canonical":"https:\/\/lubeljoyeria.com\/producto\/pendientes-nael","og_locale":"es_ES","og_type":"article","og_title":"Pendientes Nael","og_description":"Originalidad y elegancia convergen en el pendiente Nael. Un arito repleto de circonitas en talla baguette de colores. \ud83c\udf08","og_url":"https:\/\/lubeljoyeria.com\/producto\/pendientes-nael","og_site_name":"Lubel joyeria. Joyeria en Plata . Distribuidor oficial de Swarovski. - Lubel","article_modified_time":"2024-01-10T09:38:08+00:00","og_image":[{"width":1100,"height":1100,"url":"https:\/\/lubeljoyeria.com\/wp-content\/uploads\/2022\/10\/0201258-1.jpg","type":"image\/jpeg"}],"twitter_card":"summary_large_image","schema":{"@context":"https:\/\/schema.org","@graph":[{"@type":"WebPage","@id":"https:\/\/lubeljoyeria.com\/producto\/pendientes-nael","url":"https:\/\/lubeljoyeria.com\/producto\/pendientes-nael","name":"Pendientes Nael - Fabricados en Plata de 1\u00aa Ley 925 - Lubeljoyeria.com","isPartOf":{"@id":"https:\/\/lubeljoyeria.com\/#website"},"primaryImageOfPage":{"@id":"https:\/\/lubeljoyeria.com\/producto\/pendientes-nael#primaryimage"},"image":{"@id":"https:\/\/lubeljoyeria.com\/producto\/pendientes-nael#primaryimage"},"thumbnailUrl":"https:\/\/lubeljoyeria.com\/wp-content\/uploads\/2022\/10\/0201258-1.jpg","datePublished":"2022-10-17T16:35:04+00:00","dateModified":"2024-01-10T09:38:08+00:00","description":"Originalidad y elegancia convergen en el pendiente Nael. Un arito repleto de circonitas en talla baguette de colores. \ud83c\udf08","breadcrumb":{"@id":"https:\/\/lubeljoyeria.com\/producto\/pendientes-nael#breadcrumb"},"inLanguage":"es","potentialAction":[{"@type":"ReadAction","target":["https:\/\/lubeljoyeria.com\/producto\/pendientes-nael"]}]},{"@type":"ImageObject","inLanguage":"es","@id":"https:\/\/lubeljoyeria.com\/producto\/pendientes-nael#primaryimage","url":"https:\/\/lubeljoyeria.com\/wp-content\/uploads\/2022\/10\/0201258-1.jpg","contentUrl":"https:\/\/lubeljoyeria.com\/wp-content\/uploads\/2022\/10\/0201258-1.jpg","width":1100,"height":1100,"caption":"Pendientes Nael, un arito repleto de circonitas de colores de talla baguette. Fabricados en Plata de 1\u00aa Ley 925 con un ba\u00f1o de rodio. www.lubeljoyeria.com"},{"@type":"BreadcrumbList","@id":"https:\/\/lubeljoyeria.com\/producto\/pendientes-nael#breadcrumb","itemListElement":[{"@type":"ListItem","position":1,"name":"Home","item":"https:\/\/lubeljoyeria.com\/"},{"@type":"ListItem","position":2,"name":"Tienda","item":"https:\/\/lubeljoyeria.com\/?page_id=6"},{"@type":"ListItem","position":3,"name":"Pendientes Nael"}]},{"@type":"WebSite","@id":"https:\/\/lubeljoyeria.com\/#website","url":"https:\/\/lubeljoyeria.com\/","name":"Lubel joyeria. Joyeria en Plata . Distribuidor oficial de Swarovski. - Lubel","description":"Lubel joyeria. Joyeria en Plata . Distribuidor oficial de Swarovski. - Lubel","publisher":{"@id":"https:\/\/lubeljoyeria.com\/#organization"},"potentialAction":[{"@type":"SearchAction","target":{"@type":"EntryPoint","urlTemplate":"https:\/\/lubeljoyeria.com\/?s={search_term_string}"},"query-input":{"@type":"PropertyValueSpecification","valueRequired":true,"valueName":"search_term_string"}}],"inLanguage":"es"},{"@type":"Organization","@id":"https:\/\/lubeljoyeria.com\/#organization","name":"Lubel joyeria. Joyeria en Plata . Distribuidor oficial de Swarovski. - Lubel","url":"https:\/\/lubeljoyeria.com\/","logo":{"@type":"ImageObject","inLanguage":"es","@id":"https:\/\/lubeljoyeria.com\/#\/schema\/logo\/image\/","url":"https:\/\/lubeljoyeria.com\/wp-content\/uploads\/2020\/10\/lubel-joyeria-logo-1543825573-1.png","contentUrl":"https:\/\/lubeljoyeria.com\/wp-content\/uploads\/2020\/10\/lubel-joyeria-logo-1543825573-1.png","width":135,"height":31,"caption":"Lubel joyeria. Joyeria en Plata . Distribuidor oficial de Swarovski. - Lubel"},"image":{"@id":"https:\/\/lubeljoyeria.com\/#\/schema\/logo\/image\/"}}]}},"_links":{"self":[{"href":"https:\/\/lubeljoyeria.com\/index.php?rest_route=\/wp\/v2\/product\/23665","targetHints":{"allow":["GET"]}}],"collection":[{"href":"https:\/\/lubeljoyeria.com\/index.php?rest_route=\/wp\/v2\/product"}],"about":[{"href":"https:\/\/lubeljoyeria.com\/index.php?rest_route=\/wp\/v2\/types\/product"}],"wp:featuredmedia":[{"embeddable":true,"href":"https:\/\/lubeljoyeria.com\/index.php?rest_route=\/wp\/v2\/media\/23656"}],"wp:attachment":[{"href":"https:\/\/lubeljoyeria.com\/index.php?rest_route=%2Fwp%2Fv2%2Fmedia&parent=23665"}],"wp:term":[{"taxonomy":"product_brand","embeddable":true,"href":"https:\/\/lubeljoyeria.com\/index.php?rest_route=%2Fwp%2Fv2%2Fproduct_brand&post=23665"},{"taxonomy":"product_cat","embeddable":true,"href":"https:\/\/lubeljoyeria.com\/index.php?rest_route=%2Fwp%2Fv2%2Fproduct_cat&post=23665"},{"taxonomy":"product_tag","embeddable":true,"href":"https:\/\/lubeljoyeria.com\/index.php?rest_route=%2Fwp%2Fv2%2Fproduct_tag&post=23665"}],"curies":[{"name":"wp","href":"https:\/\/api.w.org\/{rel}","templated":true}]}}