{"id":23449,"date":"2022-09-20T16:29:06","date_gmt":"2022-09-20T16:29:06","guid":{"rendered":"https:\/\/lubeljoyeria.com\/?post_type=product&#038;p=23449"},"modified":"2024-09-26T10:24:11","modified_gmt":"2024-09-26T10:24:11","slug":"pendientes-de-boton-stilla-gos","status":"publish","type":"product","link":"https:\/\/lubeljoyeria.com\/?product=pendientes-de-boton-stilla-gos","title":{"rendered":"Pendientes Swarovski, Stilla"},"content":{"rendered":"<div class=\"swa-accessible-tab__description-first\">Date un capricho con este par de pendientes de lo m\u00e1s dulces, cortes\u00eda de la familia Stilla. Este vibrante par de pendientes cuenta con cristales engastados con un ba\u00f1o de oro.<\/div>\n<div class=\"swa-accessible-tab__description-sec\">\n<ul id=\"product-details-classifications-ellipsis\" class=\"swa-product-details__drawer__specs swa-text-sans--small\">\n<li>Color:\u00a0 Naranja<\/li>\n<li>Largo: 0.4 cm.<\/li>\n<li>Ancho: 0.5 cm.<\/li>\n<li>Material:\u00a0 Ba\u00f1o de oro y cristales de Swarovski<\/li>\n<\/ul>\n<\/div>\n","protected":false},"excerpt":{"rendered":"<div class=\"swa-accessible-tab__description-first\">\n<div class=\"swa-accessible-tab__description-first\">Date un capricho con este par de pendientes de lo m\u00e1s dulces, cortes\u00eda de la familia Stilla. Este vibrante par de pendientes cuenta con cristales engastados con un ba\u00f1o de oro.<\/div>\n<div class=\"swa-accessible-tab__description-sec\">\n<ul id=\"product-details-classifications-ellipsis\" class=\"swa-product-details__drawer__specs swa-text-sans--small\">\n<li>Color:\u00a0 Naranja<\/li>\n<li>Largo: 0.4 cm.<\/li>\n<li>Ancho: 0.5 cm.<\/li>\n<li>Material:\u00a0 Ba\u00f1o de oro y cristales de Swarovski<\/li>\n<\/ul>\n<\/div>\n<\/div>\n","protected":false},"featured_media":23450,"template":"","meta":{"_joinchat":[]},"product_brand":[1437],"product_cat":[1463,1464,1470,1512],"product_tag":[],"class_list":{"0":"post-23449","1":"product","2":"type-product","3":"status-publish","4":"has-post-thumbnail","6":"product_brand-swarovski","7":"product_cat-inicio","8":"product_cat-principal","9":"product_cat-swarovski","10":"product_cat-pendientes-swarovski","11":"sales-flash-overlay","12":"woocommerce-text-align-center","13":"woocommerce-image-align-center","14":"do-quantity-buttons","15":"wc-has-gallery","17":"first","18":"instock","19":"taxable","20":"shipping-taxable","21":"purchasable","22":"product-type-simple"},"yoast_head":"<!-- This site is optimized with the Yoast SEO Premium plugin v22.5 (Yoast SEO v26.5) - https:\/\/yoast.com\/wordpress\/plugins\/seo\/ -->\n<title>Pendientes Swarovski, Stilla - Pendientes de bot\u00f3n Stilla<\/title>\n<meta name=\"robots\" content=\"index, follow, max-snippet:-1, max-image-preview:large, max-video-preview:-1\" \/>\n<link rel=\"canonical\" href=\"https:\/\/lubeljoyeria.com\/producto\/pendientes-de-boton-stilla-gos\" \/>\n<meta property=\"og:locale\" content=\"es_ES\" \/>\n<meta property=\"og:type\" content=\"article\" \/>\n<meta property=\"og:title\" content=\"Pendientes Swarovski, Stilla\" \/>\n<meta property=\"og:description\" content=\"Date un capricho con este par de pendientes de lo m\u00e1s dulces, cortes\u00eda de la familia Stilla. Este vibrante par de pendientes cuenta con cristales engastados con un ba\u00f1o de oro.    Color:\u00a0 Naranja  Largo: 0.4 cm.  Ancho: 0.5 cm.  Material:\u00a0 Ba\u00f1o de oro y cristales de Swarovski\" \/>\n<meta property=\"og:url\" content=\"https:\/\/lubeljoyeria.com\/producto\/pendientes-de-boton-stilla-gos\" \/>\n<meta property=\"og:site_name\" content=\"Lubel joyeria. Joyeria en Plata . Distribuidor oficial de Swarovski. - Lubel\" \/>\n<meta property=\"article:modified_time\" content=\"2024-09-26T10:24:11+00:00\" \/>\n<meta property=\"og:image\" content=\"https:\/\/lubeljoyeria.com\/wp-content\/uploads\/2022\/09\/61a5e32c-9aa1-473c-82aa-1baa739861eb.jpg\" \/>\n\t<meta property=\"og:image:width\" content=\"1140\" \/>\n\t<meta property=\"og:image:height\" content=\"1140\" \/>\n\t<meta property=\"og:image:type\" content=\"image\/jpeg\" \/>\n<meta name=\"twitter:card\" content=\"summary_large_image\" \/>\n<meta name=\"twitter:label1\" content=\"Tiempo de lectura\" \/>\n\t<meta name=\"twitter:data1\" content=\"1 minuto\" \/>\n<script type=\"application\/ld+json\" class=\"yoast-schema-graph\">{\"@context\":\"https:\/\/schema.org\",\"@graph\":[{\"@type\":\"WebPage\",\"@id\":\"https:\/\/lubeljoyeria.com\/producto\/pendientes-de-boton-stilla-gos\",\"url\":\"https:\/\/lubeljoyeria.com\/producto\/pendientes-de-boton-stilla-gos\",\"name\":\"Pendientes Swarovski, Stilla - Pendientes de bot\u00f3n Stilla\",\"isPartOf\":{\"@id\":\"https:\/\/lubeljoyeria.com\/#website\"},\"primaryImageOfPage\":{\"@id\":\"https:\/\/lubeljoyeria.com\/producto\/pendientes-de-boton-stilla-gos#primaryimage\"},\"image\":{\"@id\":\"https:\/\/lubeljoyeria.com\/producto\/pendientes-de-boton-stilla-gos#primaryimage\"},\"thumbnailUrl\":\"https:\/\/lubeljoyeria.com\/wp-content\/uploads\/2022\/09\/61a5e32c-9aa1-473c-82aa-1baa739861eb.jpg\",\"datePublished\":\"2022-09-20T16:29:06+00:00\",\"dateModified\":\"2024-09-26T10:24:11+00:00\",\"breadcrumb\":{\"@id\":\"https:\/\/lubeljoyeria.com\/producto\/pendientes-de-boton-stilla-gos#breadcrumb\"},\"inLanguage\":\"es\",\"potentialAction\":[{\"@type\":\"ReadAction\",\"target\":[\"https:\/\/lubeljoyeria.com\/producto\/pendientes-de-boton-stilla-gos\"]}]},{\"@type\":\"ImageObject\",\"inLanguage\":\"es\",\"@id\":\"https:\/\/lubeljoyeria.com\/producto\/pendientes-de-boton-stilla-gos#primaryimage\",\"url\":\"https:\/\/lubeljoyeria.com\/wp-content\/uploads\/2022\/09\/61a5e32c-9aa1-473c-82aa-1baa739861eb.jpg\",\"contentUrl\":\"https:\/\/lubeljoyeria.com\/wp-content\/uploads\/2022\/09\/61a5e32c-9aa1-473c-82aa-1baa739861eb.jpg\",\"width\":1140,\"height\":1140,\"caption\":\"Date un capricho con este par de pendientes de lo m\u00e1s dulces, cortes\u00eda de la familia Stilla. Este vibrante par de pendientes cuenta con cristales engastados con un ba\u00f1o de oro. www.lubeljoyeria.com\"},{\"@type\":\"BreadcrumbList\",\"@id\":\"https:\/\/lubeljoyeria.com\/producto\/pendientes-de-boton-stilla-gos#breadcrumb\",\"itemListElement\":[{\"@type\":\"ListItem\",\"position\":1,\"name\":\"Home\",\"item\":\"https:\/\/lubeljoyeria.com\/\"},{\"@type\":\"ListItem\",\"position\":2,\"name\":\"Tienda\",\"item\":\"https:\/\/lubeljoyeria.com\/?page_id=6\"},{\"@type\":\"ListItem\",\"position\":3,\"name\":\"Pendientes Swarovski, Stilla\"}]},{\"@type\":\"WebSite\",\"@id\":\"https:\/\/lubeljoyeria.com\/#website\",\"url\":\"https:\/\/lubeljoyeria.com\/\",\"name\":\"Lubel joyeria. Joyeria en Plata . Distribuidor oficial de Swarovski. - Lubel\",\"description\":\"Lubel joyeria. Joyeria en Plata . Distribuidor oficial de Swarovski. - Lubel\",\"publisher\":{\"@id\":\"https:\/\/lubeljoyeria.com\/#organization\"},\"potentialAction\":[{\"@type\":\"SearchAction\",\"target\":{\"@type\":\"EntryPoint\",\"urlTemplate\":\"https:\/\/lubeljoyeria.com\/?s={search_term_string}\"},\"query-input\":{\"@type\":\"PropertyValueSpecification\",\"valueRequired\":true,\"valueName\":\"search_term_string\"}}],\"inLanguage\":\"es\"},{\"@type\":\"Organization\",\"@id\":\"https:\/\/lubeljoyeria.com\/#organization\",\"name\":\"Lubel joyeria. Joyeria en Plata . Distribuidor oficial de Swarovski. - Lubel\",\"url\":\"https:\/\/lubeljoyeria.com\/\",\"logo\":{\"@type\":\"ImageObject\",\"inLanguage\":\"es\",\"@id\":\"https:\/\/lubeljoyeria.com\/#\/schema\/logo\/image\/\",\"url\":\"https:\/\/lubeljoyeria.com\/wp-content\/uploads\/2020\/10\/lubel-joyeria-logo-1543825573-1.png\",\"contentUrl\":\"https:\/\/lubeljoyeria.com\/wp-content\/uploads\/2020\/10\/lubel-joyeria-logo-1543825573-1.png\",\"width\":135,\"height\":31,\"caption\":\"Lubel joyeria. Joyeria en Plata . Distribuidor oficial de Swarovski. - Lubel\"},\"image\":{\"@id\":\"https:\/\/lubeljoyeria.com\/#\/schema\/logo\/image\/\"}}]}<\/script>\n<!-- \/ Yoast SEO Premium plugin. -->","yoast_head_json":{"title":"Pendientes Swarovski, Stilla - Pendientes de bot\u00f3n Stilla","robots":{"index":"index","follow":"follow","max-snippet":"max-snippet:-1","max-image-preview":"max-image-preview:large","max-video-preview":"max-video-preview:-1"},"canonical":"https:\/\/lubeljoyeria.com\/producto\/pendientes-de-boton-stilla-gos","og_locale":"es_ES","og_type":"article","og_title":"Pendientes Swarovski, Stilla","og_description":"Date un capricho con este par de pendientes de lo m\u00e1s dulces, cortes\u00eda de la familia Stilla. Este vibrante par de pendientes cuenta con cristales engastados con un ba\u00f1o de oro.    Color:\u00a0 Naranja  Largo: 0.4 cm.  Ancho: 0.5 cm.  Material:\u00a0 Ba\u00f1o de oro y cristales de Swarovski","og_url":"https:\/\/lubeljoyeria.com\/producto\/pendientes-de-boton-stilla-gos","og_site_name":"Lubel joyeria. Joyeria en Plata . Distribuidor oficial de Swarovski. - Lubel","article_modified_time":"2024-09-26T10:24:11+00:00","og_image":[{"width":1140,"height":1140,"url":"https:\/\/lubeljoyeria.com\/wp-content\/uploads\/2022\/09\/61a5e32c-9aa1-473c-82aa-1baa739861eb.jpg","type":"image\/jpeg"}],"twitter_card":"summary_large_image","twitter_misc":{"Tiempo de lectura":"1 minuto"},"schema":{"@context":"https:\/\/schema.org","@graph":[{"@type":"WebPage","@id":"https:\/\/lubeljoyeria.com\/producto\/pendientes-de-boton-stilla-gos","url":"https:\/\/lubeljoyeria.com\/producto\/pendientes-de-boton-stilla-gos","name":"Pendientes Swarovski, Stilla - Pendientes de bot\u00f3n Stilla","isPartOf":{"@id":"https:\/\/lubeljoyeria.com\/#website"},"primaryImageOfPage":{"@id":"https:\/\/lubeljoyeria.com\/producto\/pendientes-de-boton-stilla-gos#primaryimage"},"image":{"@id":"https:\/\/lubeljoyeria.com\/producto\/pendientes-de-boton-stilla-gos#primaryimage"},"thumbnailUrl":"https:\/\/lubeljoyeria.com\/wp-content\/uploads\/2022\/09\/61a5e32c-9aa1-473c-82aa-1baa739861eb.jpg","datePublished":"2022-09-20T16:29:06+00:00","dateModified":"2024-09-26T10:24:11+00:00","breadcrumb":{"@id":"https:\/\/lubeljoyeria.com\/producto\/pendientes-de-boton-stilla-gos#breadcrumb"},"inLanguage":"es","potentialAction":[{"@type":"ReadAction","target":["https:\/\/lubeljoyeria.com\/producto\/pendientes-de-boton-stilla-gos"]}]},{"@type":"ImageObject","inLanguage":"es","@id":"https:\/\/lubeljoyeria.com\/producto\/pendientes-de-boton-stilla-gos#primaryimage","url":"https:\/\/lubeljoyeria.com\/wp-content\/uploads\/2022\/09\/61a5e32c-9aa1-473c-82aa-1baa739861eb.jpg","contentUrl":"https:\/\/lubeljoyeria.com\/wp-content\/uploads\/2022\/09\/61a5e32c-9aa1-473c-82aa-1baa739861eb.jpg","width":1140,"height":1140,"caption":"Date un capricho con este par de pendientes de lo m\u00e1s dulces, cortes\u00eda de la familia Stilla. Este vibrante par de pendientes cuenta con cristales engastados con un ba\u00f1o de oro. www.lubeljoyeria.com"},{"@type":"BreadcrumbList","@id":"https:\/\/lubeljoyeria.com\/producto\/pendientes-de-boton-stilla-gos#breadcrumb","itemListElement":[{"@type":"ListItem","position":1,"name":"Home","item":"https:\/\/lubeljoyeria.com\/"},{"@type":"ListItem","position":2,"name":"Tienda","item":"https:\/\/lubeljoyeria.com\/?page_id=6"},{"@type":"ListItem","position":3,"name":"Pendientes Swarovski, Stilla"}]},{"@type":"WebSite","@id":"https:\/\/lubeljoyeria.com\/#website","url":"https:\/\/lubeljoyeria.com\/","name":"Lubel joyeria. Joyeria en Plata . Distribuidor oficial de Swarovski. - Lubel","description":"Lubel joyeria. Joyeria en Plata . Distribuidor oficial de Swarovski. - Lubel","publisher":{"@id":"https:\/\/lubeljoyeria.com\/#organization"},"potentialAction":[{"@type":"SearchAction","target":{"@type":"EntryPoint","urlTemplate":"https:\/\/lubeljoyeria.com\/?s={search_term_string}"},"query-input":{"@type":"PropertyValueSpecification","valueRequired":true,"valueName":"search_term_string"}}],"inLanguage":"es"},{"@type":"Organization","@id":"https:\/\/lubeljoyeria.com\/#organization","name":"Lubel joyeria. Joyeria en Plata . Distribuidor oficial de Swarovski. - Lubel","url":"https:\/\/lubeljoyeria.com\/","logo":{"@type":"ImageObject","inLanguage":"es","@id":"https:\/\/lubeljoyeria.com\/#\/schema\/logo\/image\/","url":"https:\/\/lubeljoyeria.com\/wp-content\/uploads\/2020\/10\/lubel-joyeria-logo-1543825573-1.png","contentUrl":"https:\/\/lubeljoyeria.com\/wp-content\/uploads\/2020\/10\/lubel-joyeria-logo-1543825573-1.png","width":135,"height":31,"caption":"Lubel joyeria. Joyeria en Plata . Distribuidor oficial de Swarovski. - Lubel"},"image":{"@id":"https:\/\/lubeljoyeria.com\/#\/schema\/logo\/image\/"}}]}},"_links":{"self":[{"href":"https:\/\/lubeljoyeria.com\/index.php?rest_route=\/wp\/v2\/product\/23449","targetHints":{"allow":["GET"]}}],"collection":[{"href":"https:\/\/lubeljoyeria.com\/index.php?rest_route=\/wp\/v2\/product"}],"about":[{"href":"https:\/\/lubeljoyeria.com\/index.php?rest_route=\/wp\/v2\/types\/product"}],"wp:featuredmedia":[{"embeddable":true,"href":"https:\/\/lubeljoyeria.com\/index.php?rest_route=\/wp\/v2\/media\/23450"}],"wp:attachment":[{"href":"https:\/\/lubeljoyeria.com\/index.php?rest_route=%2Fwp%2Fv2%2Fmedia&parent=23449"}],"wp:term":[{"taxonomy":"product_brand","embeddable":true,"href":"https:\/\/lubeljoyeria.com\/index.php?rest_route=%2Fwp%2Fv2%2Fproduct_brand&post=23449"},{"taxonomy":"product_cat","embeddable":true,"href":"https:\/\/lubeljoyeria.com\/index.php?rest_route=%2Fwp%2Fv2%2Fproduct_cat&post=23449"},{"taxonomy":"product_tag","embeddable":true,"href":"https:\/\/lubeljoyeria.com\/index.php?rest_route=%2Fwp%2Fv2%2Fproduct_tag&post=23449"}],"curies":[{"name":"wp","href":"https:\/\/api.w.org\/{rel}","templated":true}]}}