{"id":23324,"date":"2022-08-24T16:37:45","date_gmt":"2022-08-24T16:37:45","guid":{"rendered":"https:\/\/lubeljoyeria.com\/?post_type=product&#038;p=23324"},"modified":"2024-10-02T15:58:54","modified_gmt":"2024-10-02T15:58:54","slug":"colgante-constella-ros-2","status":"publish","type":"product","link":"https:\/\/lubeljoyeria.com\/?product=colgante-constella-ros-2","title":{"rendered":"Colgante Swarovski, Constella"},"content":{"rendered":"<div class=\"swa-accessible-tab__description-first\">S\u00e9 el centro de atenci\u00f3n con este cautivador colgante de la familia Constella. Cuenta con un deslumbrante pav\u00e9 en el dise\u00f1o lateral y un exquisito cristal central que contrasta con una cadena ba\u00f1ada en oro rosa.<\/div>\n<div class=\"swa-accessible-tab__description-sec\">\n<ul id=\"product-details-classifications-ellipsis\" class=\"swa-product-details__drawer__specs swa-text-sans--small\">\n<li>Longitud m\u00ednima: 38 cm.<\/li>\n<li>Longitud m\u00e1xima: 42 cm.<\/li>\n<li>Anchura: 2.1 cm.<\/li>\n<li>Material:\u00a0 Cristales de Swarovski y ba\u00f1o de oro rosa.<\/li>\n<li>Tipo de cierre:\u00a0 Mosquet\u00f3n<\/li>\n<\/ul>\n<\/div>\n","protected":false},"excerpt":{"rendered":"<div class=\"swa-accessible-tab__description-first\">S\u00e9 el centro de atenci\u00f3n con este cautivador colgante de la familia Constella. Cuenta con un deslumbrante pav\u00e9 en el dise\u00f1o lateral y un exquisito cristal central que contrasta con una cadena ba\u00f1ada en oro rosa.<\/div>\n<div class=\"swa-accessible-tab__description-sec\">\n<ul id=\"product-details-classifications-ellipsis\" class=\"swa-product-details__drawer__specs swa-text-sans--small\">\n<li>Longitud m\u00ednima: 38 cm.<\/li>\n<li>Longitud m\u00e1xima: 42 cm.<\/li>\n<li>Anchura: 2.1 cm.<\/li>\n<li>Material:\u00a0 Cristales de Swarovski y ba\u00f1o de oro rosa.<\/li>\n<li>Tipo de cierre:\u00a0 Mosquet\u00f3n<\/li>\n<\/ul>\n<\/div>\n","protected":false},"featured_media":23325,"template":"","meta":{"_joinchat":[]},"product_brand":[1437],"product_cat":[1463,1467,1464,1470,1519],"product_tag":[],"class_list":{"0":"post-23324","1":"product","2":"type-product","3":"status-publish","4":"has-post-thumbnail","6":"product_brand-swarovski","7":"product_cat-inicio","8":"product_cat-colgantes","9":"product_cat-principal","10":"product_cat-swarovski","11":"product_cat-colgantes-swarovski","12":"sales-flash-overlay","13":"woocommerce-text-align-center","14":"woocommerce-image-align-center","15":"do-quantity-buttons","16":"wc-has-gallery","18":"first","19":"instock","20":"taxable","21":"shipping-taxable","22":"purchasable","23":"product-type-simple"},"yoast_head":"<!-- This site is optimized with the Yoast SEO Premium plugin v22.5 (Yoast SEO v26.5) - https:\/\/yoast.com\/wordpress\/plugins\/seo\/ -->\n<title>Colgante Swarovski, Constella - www.lubeljoyeria.com<\/title>\n<meta name=\"description\" content=\"S\u00e9 el centro de atenci\u00f3n con este colgante de la familia Constella. Cuenta con un deslumbrante pav\u00e9 en el lateral y un cristal central.\" \/>\n<meta name=\"robots\" content=\"index, follow, max-snippet:-1, max-image-preview:large, max-video-preview:-1\" \/>\n<link rel=\"canonical\" href=\"https:\/\/lubeljoyeria.com\/producto\/colgante-constella-ros-2\" \/>\n<meta property=\"og:locale\" content=\"es_ES\" \/>\n<meta property=\"og:type\" content=\"article\" \/>\n<meta property=\"og:title\" content=\"Colgante Swarovski, Constella\" \/>\n<meta property=\"og:description\" content=\"S\u00e9 el centro de atenci\u00f3n con este colgante de la familia Constella. Cuenta con un deslumbrante pav\u00e9 en el lateral y un cristal central.\" \/>\n<meta property=\"og:url\" content=\"https:\/\/lubeljoyeria.com\/producto\/colgante-constella-ros-2\" \/>\n<meta property=\"og:site_name\" content=\"Lubel joyeria. Joyeria en Plata . Distribuidor oficial de Swarovski. - Lubel\" \/>\n<meta property=\"article:modified_time\" content=\"2024-10-02T15:58:54+00:00\" \/>\n<meta property=\"og:image\" content=\"https:\/\/lubeljoyeria.com\/wp-content\/uploads\/2022\/08\/2d2841d4-8170-4698-bdf3-182d3c3d695c.jpg\" \/>\n\t<meta property=\"og:image:width\" content=\"1000\" \/>\n\t<meta property=\"og:image:height\" content=\"1000\" \/>\n\t<meta property=\"og:image:type\" content=\"image\/jpeg\" \/>\n<meta name=\"twitter:card\" content=\"summary_large_image\" \/>\n<meta name=\"twitter:label1\" content=\"Tiempo de lectura\" \/>\n\t<meta name=\"twitter:data1\" content=\"1 minuto\" \/>\n<script type=\"application\/ld+json\" class=\"yoast-schema-graph\">{\"@context\":\"https:\/\/schema.org\",\"@graph\":[{\"@type\":\"WebPage\",\"@id\":\"https:\/\/lubeljoyeria.com\/producto\/colgante-constella-ros-2\",\"url\":\"https:\/\/lubeljoyeria.com\/producto\/colgante-constella-ros-2\",\"name\":\"Colgante Swarovski, Constella - www.lubeljoyeria.com\",\"isPartOf\":{\"@id\":\"https:\/\/lubeljoyeria.com\/#website\"},\"primaryImageOfPage\":{\"@id\":\"https:\/\/lubeljoyeria.com\/producto\/colgante-constella-ros-2#primaryimage\"},\"image\":{\"@id\":\"https:\/\/lubeljoyeria.com\/producto\/colgante-constella-ros-2#primaryimage\"},\"thumbnailUrl\":\"https:\/\/lubeljoyeria.com\/wp-content\/uploads\/2022\/08\/2d2841d4-8170-4698-bdf3-182d3c3d695c.jpg\",\"datePublished\":\"2022-08-24T16:37:45+00:00\",\"dateModified\":\"2024-10-02T15:58:54+00:00\",\"description\":\"S\u00e9 el centro de atenci\u00f3n con este colgante de la familia Constella. Cuenta con un deslumbrante pav\u00e9 en el lateral y un cristal central.\",\"breadcrumb\":{\"@id\":\"https:\/\/lubeljoyeria.com\/producto\/colgante-constella-ros-2#breadcrumb\"},\"inLanguage\":\"es\",\"potentialAction\":[{\"@type\":\"ReadAction\",\"target\":[\"https:\/\/lubeljoyeria.com\/producto\/colgante-constella-ros-2\"]}]},{\"@type\":\"ImageObject\",\"inLanguage\":\"es\",\"@id\":\"https:\/\/lubeljoyeria.com\/producto\/colgante-constella-ros-2#primaryimage\",\"url\":\"https:\/\/lubeljoyeria.com\/wp-content\/uploads\/2022\/08\/2d2841d4-8170-4698-bdf3-182d3c3d695c.jpg\",\"contentUrl\":\"https:\/\/lubeljoyeria.com\/wp-content\/uploads\/2022\/08\/2d2841d4-8170-4698-bdf3-182d3c3d695c.jpg\",\"width\":1000,\"height\":1000,\"caption\":\"S\u00e9 el centro de atenci\u00f3n con este cautivador colgante de la familia Constella. Cuenta con un deslumbrante pav\u00e9 en el dise\u00f1o lateral y un exquisito cristal central que contrasta con una cadena ba\u00f1ada en oro rosa. www.lubeljoyeria.com\"},{\"@type\":\"BreadcrumbList\",\"@id\":\"https:\/\/lubeljoyeria.com\/producto\/colgante-constella-ros-2#breadcrumb\",\"itemListElement\":[{\"@type\":\"ListItem\",\"position\":1,\"name\":\"Home\",\"item\":\"https:\/\/lubeljoyeria.com\/\"},{\"@type\":\"ListItem\",\"position\":2,\"name\":\"Tienda\",\"item\":\"https:\/\/lubeljoyeria.com\/?page_id=6\"},{\"@type\":\"ListItem\",\"position\":3,\"name\":\"Colgante Swarovski, Constella\"}]},{\"@type\":\"WebSite\",\"@id\":\"https:\/\/lubeljoyeria.com\/#website\",\"url\":\"https:\/\/lubeljoyeria.com\/\",\"name\":\"Lubel joyeria. Joyeria en Plata . Distribuidor oficial de Swarovski. - Lubel\",\"description\":\"Lubel joyeria. Joyeria en Plata . Distribuidor oficial de Swarovski. - Lubel\",\"publisher\":{\"@id\":\"https:\/\/lubeljoyeria.com\/#organization\"},\"potentialAction\":[{\"@type\":\"SearchAction\",\"target\":{\"@type\":\"EntryPoint\",\"urlTemplate\":\"https:\/\/lubeljoyeria.com\/?s={search_term_string}\"},\"query-input\":{\"@type\":\"PropertyValueSpecification\",\"valueRequired\":true,\"valueName\":\"search_term_string\"}}],\"inLanguage\":\"es\"},{\"@type\":\"Organization\",\"@id\":\"https:\/\/lubeljoyeria.com\/#organization\",\"name\":\"Lubel joyeria. Joyeria en Plata . Distribuidor oficial de Swarovski. - Lubel\",\"url\":\"https:\/\/lubeljoyeria.com\/\",\"logo\":{\"@type\":\"ImageObject\",\"inLanguage\":\"es\",\"@id\":\"https:\/\/lubeljoyeria.com\/#\/schema\/logo\/image\/\",\"url\":\"https:\/\/lubeljoyeria.com\/wp-content\/uploads\/2020\/10\/lubel-joyeria-logo-1543825573-1.png\",\"contentUrl\":\"https:\/\/lubeljoyeria.com\/wp-content\/uploads\/2020\/10\/lubel-joyeria-logo-1543825573-1.png\",\"width\":135,\"height\":31,\"caption\":\"Lubel joyeria. Joyeria en Plata . Distribuidor oficial de Swarovski. - Lubel\"},\"image\":{\"@id\":\"https:\/\/lubeljoyeria.com\/#\/schema\/logo\/image\/\"}}]}<\/script>\n<!-- \/ Yoast SEO Premium plugin. -->","yoast_head_json":{"title":"Colgante Swarovski, Constella - www.lubeljoyeria.com","description":"S\u00e9 el centro de atenci\u00f3n con este colgante de la familia Constella. Cuenta con un deslumbrante pav\u00e9 en el lateral y un cristal central.","robots":{"index":"index","follow":"follow","max-snippet":"max-snippet:-1","max-image-preview":"max-image-preview:large","max-video-preview":"max-video-preview:-1"},"canonical":"https:\/\/lubeljoyeria.com\/producto\/colgante-constella-ros-2","og_locale":"es_ES","og_type":"article","og_title":"Colgante Swarovski, Constella","og_description":"S\u00e9 el centro de atenci\u00f3n con este colgante de la familia Constella. Cuenta con un deslumbrante pav\u00e9 en el lateral y un cristal central.","og_url":"https:\/\/lubeljoyeria.com\/producto\/colgante-constella-ros-2","og_site_name":"Lubel joyeria. Joyeria en Plata . Distribuidor oficial de Swarovski. - Lubel","article_modified_time":"2024-10-02T15:58:54+00:00","og_image":[{"width":1000,"height":1000,"url":"https:\/\/lubeljoyeria.com\/wp-content\/uploads\/2022\/08\/2d2841d4-8170-4698-bdf3-182d3c3d695c.jpg","type":"image\/jpeg"}],"twitter_card":"summary_large_image","twitter_misc":{"Tiempo de lectura":"1 minuto"},"schema":{"@context":"https:\/\/schema.org","@graph":[{"@type":"WebPage","@id":"https:\/\/lubeljoyeria.com\/producto\/colgante-constella-ros-2","url":"https:\/\/lubeljoyeria.com\/producto\/colgante-constella-ros-2","name":"Colgante Swarovski, Constella - www.lubeljoyeria.com","isPartOf":{"@id":"https:\/\/lubeljoyeria.com\/#website"},"primaryImageOfPage":{"@id":"https:\/\/lubeljoyeria.com\/producto\/colgante-constella-ros-2#primaryimage"},"image":{"@id":"https:\/\/lubeljoyeria.com\/producto\/colgante-constella-ros-2#primaryimage"},"thumbnailUrl":"https:\/\/lubeljoyeria.com\/wp-content\/uploads\/2022\/08\/2d2841d4-8170-4698-bdf3-182d3c3d695c.jpg","datePublished":"2022-08-24T16:37:45+00:00","dateModified":"2024-10-02T15:58:54+00:00","description":"S\u00e9 el centro de atenci\u00f3n con este colgante de la familia Constella. Cuenta con un deslumbrante pav\u00e9 en el lateral y un cristal central.","breadcrumb":{"@id":"https:\/\/lubeljoyeria.com\/producto\/colgante-constella-ros-2#breadcrumb"},"inLanguage":"es","potentialAction":[{"@type":"ReadAction","target":["https:\/\/lubeljoyeria.com\/producto\/colgante-constella-ros-2"]}]},{"@type":"ImageObject","inLanguage":"es","@id":"https:\/\/lubeljoyeria.com\/producto\/colgante-constella-ros-2#primaryimage","url":"https:\/\/lubeljoyeria.com\/wp-content\/uploads\/2022\/08\/2d2841d4-8170-4698-bdf3-182d3c3d695c.jpg","contentUrl":"https:\/\/lubeljoyeria.com\/wp-content\/uploads\/2022\/08\/2d2841d4-8170-4698-bdf3-182d3c3d695c.jpg","width":1000,"height":1000,"caption":"S\u00e9 el centro de atenci\u00f3n con este cautivador colgante de la familia Constella. Cuenta con un deslumbrante pav\u00e9 en el dise\u00f1o lateral y un exquisito cristal central que contrasta con una cadena ba\u00f1ada en oro rosa. www.lubeljoyeria.com"},{"@type":"BreadcrumbList","@id":"https:\/\/lubeljoyeria.com\/producto\/colgante-constella-ros-2#breadcrumb","itemListElement":[{"@type":"ListItem","position":1,"name":"Home","item":"https:\/\/lubeljoyeria.com\/"},{"@type":"ListItem","position":2,"name":"Tienda","item":"https:\/\/lubeljoyeria.com\/?page_id=6"},{"@type":"ListItem","position":3,"name":"Colgante Swarovski, Constella"}]},{"@type":"WebSite","@id":"https:\/\/lubeljoyeria.com\/#website","url":"https:\/\/lubeljoyeria.com\/","name":"Lubel joyeria. Joyeria en Plata . Distribuidor oficial de Swarovski. - Lubel","description":"Lubel joyeria. Joyeria en Plata . Distribuidor oficial de Swarovski. - Lubel","publisher":{"@id":"https:\/\/lubeljoyeria.com\/#organization"},"potentialAction":[{"@type":"SearchAction","target":{"@type":"EntryPoint","urlTemplate":"https:\/\/lubeljoyeria.com\/?s={search_term_string}"},"query-input":{"@type":"PropertyValueSpecification","valueRequired":true,"valueName":"search_term_string"}}],"inLanguage":"es"},{"@type":"Organization","@id":"https:\/\/lubeljoyeria.com\/#organization","name":"Lubel joyeria. Joyeria en Plata . Distribuidor oficial de Swarovski. - Lubel","url":"https:\/\/lubeljoyeria.com\/","logo":{"@type":"ImageObject","inLanguage":"es","@id":"https:\/\/lubeljoyeria.com\/#\/schema\/logo\/image\/","url":"https:\/\/lubeljoyeria.com\/wp-content\/uploads\/2020\/10\/lubel-joyeria-logo-1543825573-1.png","contentUrl":"https:\/\/lubeljoyeria.com\/wp-content\/uploads\/2020\/10\/lubel-joyeria-logo-1543825573-1.png","width":135,"height":31,"caption":"Lubel joyeria. Joyeria en Plata . Distribuidor oficial de Swarovski. - Lubel"},"image":{"@id":"https:\/\/lubeljoyeria.com\/#\/schema\/logo\/image\/"}}]}},"_links":{"self":[{"href":"https:\/\/lubeljoyeria.com\/index.php?rest_route=\/wp\/v2\/product\/23324","targetHints":{"allow":["GET"]}}],"collection":[{"href":"https:\/\/lubeljoyeria.com\/index.php?rest_route=\/wp\/v2\/product"}],"about":[{"href":"https:\/\/lubeljoyeria.com\/index.php?rest_route=\/wp\/v2\/types\/product"}],"wp:featuredmedia":[{"embeddable":true,"href":"https:\/\/lubeljoyeria.com\/index.php?rest_route=\/wp\/v2\/media\/23325"}],"wp:attachment":[{"href":"https:\/\/lubeljoyeria.com\/index.php?rest_route=%2Fwp%2Fv2%2Fmedia&parent=23324"}],"wp:term":[{"taxonomy":"product_brand","embeddable":true,"href":"https:\/\/lubeljoyeria.com\/index.php?rest_route=%2Fwp%2Fv2%2Fproduct_brand&post=23324"},{"taxonomy":"product_cat","embeddable":true,"href":"https:\/\/lubeljoyeria.com\/index.php?rest_route=%2Fwp%2Fv2%2Fproduct_cat&post=23324"},{"taxonomy":"product_tag","embeddable":true,"href":"https:\/\/lubeljoyeria.com\/index.php?rest_route=%2Fwp%2Fv2%2Fproduct_tag&post=23324"}],"curies":[{"name":"wp","href":"https:\/\/api.w.org\/{rel}","templated":true}]}}