{"id":23287,"date":"2022-08-24T10:55:12","date_gmt":"2022-08-24T10:55:12","guid":{"rendered":"https:\/\/lubeljoyeria.com\/?post_type=product&#038;p=23287"},"modified":"2025-12-23T16:57:18","modified_gmt":"2025-12-23T16:57:18","slug":"anillo-de-coctel-constella-2","status":"publish","type":"product","link":"https:\/\/lubeljoyeria.com\/?product=anillo-de-coctel-constella-2","title":{"rendered":"Anillo Swarovski, Constella"},"content":{"rendered":"<div class=\"swa-accessible-tab__description-first\">Para demostrar que hay poder en la simplicidad, este anillo Constella es un art\u00edculo b\u00e1sico para tu fondo de armario. Elaborada por expertos, el cristal central de talla princesa, que es el centro de atenci\u00f3n est\u00e1 ba\u00f1ado en rodio.<\/div>\n<div class=\"swa-accessible-tab__description-sec\">\n<ul id=\"product-details-classifications-ellipsis\" class=\"swa-product-details__drawer__specs swa-text-sans--small\">\n<li>Material:\u00a0 Cristales de Swarovski y ba\u00f1o de rodio.<\/li>\n<\/ul>\n<\/div>\n","protected":false},"excerpt":{"rendered":"<div class=\"swa-accessible-tab__description-first\">\n<div class=\"swa-accessible-tab__description-first\">Para demostrar que hay poder en la simplicidad, este anillo Constella es un art\u00edculo b\u00e1sico para tu fondo de armario. Elaborada por expertos, el cristal central de talla princesa, que es el centro de atenci\u00f3n est\u00e1 ba\u00f1ado en rodio.<\/div>\n<div class=\"swa-accessible-tab__description-sec\">\n<ul id=\"product-details-classifications-ellipsis\" class=\"swa-product-details__drawer__specs swa-text-sans--small\">\n<li>Material:\u00a0 Cristales de Swarovski y ba\u00f1o de rodio.<\/li>\n<\/ul>\n<\/div>\n<\/div>\n","protected":false},"featured_media":23288,"template":"","meta":{"_joinchat":[]},"product_brand":[1437],"product_cat":[1463,1465,1464,1470,1529],"product_tag":[],"class_list":{"0":"post-23287","1":"product","2":"type-product","3":"status-publish","4":"has-post-thumbnail","6":"product_brand-swarovski","7":"product_cat-inicio","8":"product_cat-anillos","9":"product_cat-principal","10":"product_cat-swarovski","11":"product_cat-anillos-swarovski","12":"pa_tallaanilloswarovski-1551","13":"pa_tallaanilloswarovski-1552","14":"pa_tallaanilloswarovski-1553","15":"pa_tallaanilloswarovski-1554","16":"pa_tallaanilloswarovski-1555","17":"sales-flash-overlay","18":"woocommerce-text-align-center","19":"woocommerce-image-align-center","20":"do-quantity-buttons","21":"wc-has-gallery","23":"first","24":"instock","25":"taxable","26":"shipping-taxable","27":"purchasable","28":"product-type-variable"},"yoast_head":"<!-- This site is optimized with the Yoast SEO Premium plugin v22.5 (Yoast SEO v26.5) - https:\/\/yoast.com\/wordpress\/plugins\/seo\/ -->\n<title>Anillo Swarovski, Constella - www.lubeljoyeria.com<\/title>\n<meta name=\"description\" content=\"Para demostrar que hay poder en la simplicidad, este anillo Constella es un art\u00edculo b\u00e1sico para tu fondo de armario.\" \/>\n<meta name=\"robots\" content=\"index, follow, max-snippet:-1, max-image-preview:large, max-video-preview:-1\" \/>\n<link rel=\"canonical\" href=\"https:\/\/lubeljoyeria.com\/?product=anillo-de-coctel-constella-2\" \/>\n<meta property=\"og:locale\" content=\"es_ES\" \/>\n<meta property=\"og:type\" content=\"article\" \/>\n<meta property=\"og:title\" content=\"Anillo Swarovski, Constella\" \/>\n<meta property=\"og:description\" content=\"Para demostrar que hay poder en la simplicidad, este anillo Constella es un art\u00edculo b\u00e1sico para tu fondo de armario.\" \/>\n<meta property=\"og:url\" content=\"https:\/\/lubeljoyeria.com\/?product=anillo-de-coctel-constella-2\" \/>\n<meta property=\"og:site_name\" content=\"Lubel joyeria. Joyeria en Plata . Distribuidor oficial de Swarovski. - Lubel\" \/>\n<meta property=\"article:modified_time\" content=\"2025-12-23T16:57:18+00:00\" \/>\n<meta property=\"og:image\" content=\"https:\/\/lubeljoyeria.com\/wp-content\/uploads\/2022\/08\/f988ac87-50ad-487f-aef5-90e9ad432bc9.jpg\" \/>\n\t<meta property=\"og:image:width\" content=\"1500\" \/>\n\t<meta property=\"og:image:height\" content=\"1500\" \/>\n\t<meta property=\"og:image:type\" content=\"image\/jpeg\" \/>\n<meta name=\"twitter:card\" content=\"summary_large_image\" \/>\n<meta name=\"twitter:label1\" content=\"Tiempo de lectura\" \/>\n\t<meta name=\"twitter:data1\" content=\"1 minuto\" \/>\n<script type=\"application\/ld+json\" class=\"yoast-schema-graph\">{\"@context\":\"https:\/\/schema.org\",\"@graph\":[{\"@type\":\"WebPage\",\"@id\":\"https:\/\/lubeljoyeria.com\/?product=anillo-de-coctel-constella-2\",\"url\":\"https:\/\/lubeljoyeria.com\/?product=anillo-de-coctel-constella-2\",\"name\":\"Anillo Swarovski, Constella - www.lubeljoyeria.com\",\"isPartOf\":{\"@id\":\"https:\/\/lubeljoyeria.com\/#website\"},\"primaryImageOfPage\":{\"@id\":\"https:\/\/lubeljoyeria.com\/?product=anillo-de-coctel-constella-2#primaryimage\"},\"image\":{\"@id\":\"https:\/\/lubeljoyeria.com\/?product=anillo-de-coctel-constella-2#primaryimage\"},\"thumbnailUrl\":\"https:\/\/lubeljoyeria.com\/wp-content\/uploads\/2022\/08\/f988ac87-50ad-487f-aef5-90e9ad432bc9.jpg\",\"datePublished\":\"2022-08-24T10:55:12+00:00\",\"dateModified\":\"2025-12-23T16:57:18+00:00\",\"description\":\"Para demostrar que hay poder en la simplicidad, este anillo Constella es un art\u00edculo b\u00e1sico para tu fondo de armario.\",\"breadcrumb\":{\"@id\":\"https:\/\/lubeljoyeria.com\/?product=anillo-de-coctel-constella-2#breadcrumb\"},\"inLanguage\":\"es\",\"potentialAction\":[{\"@type\":\"ReadAction\",\"target\":[\"https:\/\/lubeljoyeria.com\/?product=anillo-de-coctel-constella-2\"]}]},{\"@type\":\"ImageObject\",\"inLanguage\":\"es\",\"@id\":\"https:\/\/lubeljoyeria.com\/?product=anillo-de-coctel-constella-2#primaryimage\",\"url\":\"https:\/\/lubeljoyeria.com\/wp-content\/uploads\/2022\/08\/f988ac87-50ad-487f-aef5-90e9ad432bc9.jpg\",\"contentUrl\":\"https:\/\/lubeljoyeria.com\/wp-content\/uploads\/2022\/08\/f988ac87-50ad-487f-aef5-90e9ad432bc9.jpg\",\"width\":1500,\"height\":1500,\"caption\":\"Para demostrar que hay poder en la simplicidad, este anillo Constella es un art\u00edculo b\u00e1sico para tu fondo de armario. Elaborada por expertos, el cristal central de talla princesa, que es el centro de atenci\u00f3n est\u00e1 ba\u00f1ado en rodio. www.lubeljoyeria.com\"},{\"@type\":\"BreadcrumbList\",\"@id\":\"https:\/\/lubeljoyeria.com\/?product=anillo-de-coctel-constella-2#breadcrumb\",\"itemListElement\":[{\"@type\":\"ListItem\",\"position\":1,\"name\":\"Home\",\"item\":\"https:\/\/lubeljoyeria.com\/\"},{\"@type\":\"ListItem\",\"position\":2,\"name\":\"Tienda\",\"item\":\"https:\/\/lubeljoyeria.com\/?page_id=6\"},{\"@type\":\"ListItem\",\"position\":3,\"name\":\"Anillo Swarovski, Constella\"}]},{\"@type\":\"WebSite\",\"@id\":\"https:\/\/lubeljoyeria.com\/#website\",\"url\":\"https:\/\/lubeljoyeria.com\/\",\"name\":\"Lubel joyeria. Joyeria en Plata . Distribuidor oficial de Swarovski. - Lubel\",\"description\":\"Lubel joyeria. Joyeria en Plata . Distribuidor oficial de Swarovski. - Lubel\",\"publisher\":{\"@id\":\"https:\/\/lubeljoyeria.com\/#organization\"},\"potentialAction\":[{\"@type\":\"SearchAction\",\"target\":{\"@type\":\"EntryPoint\",\"urlTemplate\":\"https:\/\/lubeljoyeria.com\/?s={search_term_string}\"},\"query-input\":{\"@type\":\"PropertyValueSpecification\",\"valueRequired\":true,\"valueName\":\"search_term_string\"}}],\"inLanguage\":\"es\"},{\"@type\":\"Organization\",\"@id\":\"https:\/\/lubeljoyeria.com\/#organization\",\"name\":\"Lubel joyeria. Joyeria en Plata . Distribuidor oficial de Swarovski. - Lubel\",\"url\":\"https:\/\/lubeljoyeria.com\/\",\"logo\":{\"@type\":\"ImageObject\",\"inLanguage\":\"es\",\"@id\":\"https:\/\/lubeljoyeria.com\/#\/schema\/logo\/image\/\",\"url\":\"https:\/\/lubeljoyeria.com\/wp-content\/uploads\/2020\/10\/lubel-joyeria-logo-1543825573-1.png\",\"contentUrl\":\"https:\/\/lubeljoyeria.com\/wp-content\/uploads\/2020\/10\/lubel-joyeria-logo-1543825573-1.png\",\"width\":135,\"height\":31,\"caption\":\"Lubel joyeria. Joyeria en Plata . Distribuidor oficial de Swarovski. - Lubel\"},\"image\":{\"@id\":\"https:\/\/lubeljoyeria.com\/#\/schema\/logo\/image\/\"}}]}<\/script>\n<!-- \/ Yoast SEO Premium plugin. -->","yoast_head_json":{"title":"Anillo Swarovski, Constella - www.lubeljoyeria.com","description":"Para demostrar que hay poder en la simplicidad, este anillo Constella es un art\u00edculo b\u00e1sico para tu fondo de armario.","robots":{"index":"index","follow":"follow","max-snippet":"max-snippet:-1","max-image-preview":"max-image-preview:large","max-video-preview":"max-video-preview:-1"},"canonical":"https:\/\/lubeljoyeria.com\/?product=anillo-de-coctel-constella-2","og_locale":"es_ES","og_type":"article","og_title":"Anillo Swarovski, Constella","og_description":"Para demostrar que hay poder en la simplicidad, este anillo Constella es un art\u00edculo b\u00e1sico para tu fondo de armario.","og_url":"https:\/\/lubeljoyeria.com\/?product=anillo-de-coctel-constella-2","og_site_name":"Lubel joyeria. Joyeria en Plata . Distribuidor oficial de Swarovski. - Lubel","article_modified_time":"2025-12-23T16:57:18+00:00","og_image":[{"width":1500,"height":1500,"url":"https:\/\/lubeljoyeria.com\/wp-content\/uploads\/2022\/08\/f988ac87-50ad-487f-aef5-90e9ad432bc9.jpg","type":"image\/jpeg"}],"twitter_card":"summary_large_image","twitter_misc":{"Tiempo de lectura":"1 minuto"},"schema":{"@context":"https:\/\/schema.org","@graph":[{"@type":"WebPage","@id":"https:\/\/lubeljoyeria.com\/?product=anillo-de-coctel-constella-2","url":"https:\/\/lubeljoyeria.com\/?product=anillo-de-coctel-constella-2","name":"Anillo Swarovski, Constella - www.lubeljoyeria.com","isPartOf":{"@id":"https:\/\/lubeljoyeria.com\/#website"},"primaryImageOfPage":{"@id":"https:\/\/lubeljoyeria.com\/?product=anillo-de-coctel-constella-2#primaryimage"},"image":{"@id":"https:\/\/lubeljoyeria.com\/?product=anillo-de-coctel-constella-2#primaryimage"},"thumbnailUrl":"https:\/\/lubeljoyeria.com\/wp-content\/uploads\/2022\/08\/f988ac87-50ad-487f-aef5-90e9ad432bc9.jpg","datePublished":"2022-08-24T10:55:12+00:00","dateModified":"2025-12-23T16:57:18+00:00","description":"Para demostrar que hay poder en la simplicidad, este anillo Constella es un art\u00edculo b\u00e1sico para tu fondo de armario.","breadcrumb":{"@id":"https:\/\/lubeljoyeria.com\/?product=anillo-de-coctel-constella-2#breadcrumb"},"inLanguage":"es","potentialAction":[{"@type":"ReadAction","target":["https:\/\/lubeljoyeria.com\/?product=anillo-de-coctel-constella-2"]}]},{"@type":"ImageObject","inLanguage":"es","@id":"https:\/\/lubeljoyeria.com\/?product=anillo-de-coctel-constella-2#primaryimage","url":"https:\/\/lubeljoyeria.com\/wp-content\/uploads\/2022\/08\/f988ac87-50ad-487f-aef5-90e9ad432bc9.jpg","contentUrl":"https:\/\/lubeljoyeria.com\/wp-content\/uploads\/2022\/08\/f988ac87-50ad-487f-aef5-90e9ad432bc9.jpg","width":1500,"height":1500,"caption":"Para demostrar que hay poder en la simplicidad, este anillo Constella es un art\u00edculo b\u00e1sico para tu fondo de armario. Elaborada por expertos, el cristal central de talla princesa, que es el centro de atenci\u00f3n est\u00e1 ba\u00f1ado en rodio. www.lubeljoyeria.com"},{"@type":"BreadcrumbList","@id":"https:\/\/lubeljoyeria.com\/?product=anillo-de-coctel-constella-2#breadcrumb","itemListElement":[{"@type":"ListItem","position":1,"name":"Home","item":"https:\/\/lubeljoyeria.com\/"},{"@type":"ListItem","position":2,"name":"Tienda","item":"https:\/\/lubeljoyeria.com\/?page_id=6"},{"@type":"ListItem","position":3,"name":"Anillo Swarovski, Constella"}]},{"@type":"WebSite","@id":"https:\/\/lubeljoyeria.com\/#website","url":"https:\/\/lubeljoyeria.com\/","name":"Lubel joyeria. Joyeria en Plata . Distribuidor oficial de Swarovski. - Lubel","description":"Lubel joyeria. Joyeria en Plata . Distribuidor oficial de Swarovski. - Lubel","publisher":{"@id":"https:\/\/lubeljoyeria.com\/#organization"},"potentialAction":[{"@type":"SearchAction","target":{"@type":"EntryPoint","urlTemplate":"https:\/\/lubeljoyeria.com\/?s={search_term_string}"},"query-input":{"@type":"PropertyValueSpecification","valueRequired":true,"valueName":"search_term_string"}}],"inLanguage":"es"},{"@type":"Organization","@id":"https:\/\/lubeljoyeria.com\/#organization","name":"Lubel joyeria. Joyeria en Plata . Distribuidor oficial de Swarovski. - Lubel","url":"https:\/\/lubeljoyeria.com\/","logo":{"@type":"ImageObject","inLanguage":"es","@id":"https:\/\/lubeljoyeria.com\/#\/schema\/logo\/image\/","url":"https:\/\/lubeljoyeria.com\/wp-content\/uploads\/2020\/10\/lubel-joyeria-logo-1543825573-1.png","contentUrl":"https:\/\/lubeljoyeria.com\/wp-content\/uploads\/2020\/10\/lubel-joyeria-logo-1543825573-1.png","width":135,"height":31,"caption":"Lubel joyeria. Joyeria en Plata . Distribuidor oficial de Swarovski. - Lubel"},"image":{"@id":"https:\/\/lubeljoyeria.com\/#\/schema\/logo\/image\/"}}]}},"_links":{"self":[{"href":"https:\/\/lubeljoyeria.com\/index.php?rest_route=\/wp\/v2\/product\/23287","targetHints":{"allow":["GET"]}}],"collection":[{"href":"https:\/\/lubeljoyeria.com\/index.php?rest_route=\/wp\/v2\/product"}],"about":[{"href":"https:\/\/lubeljoyeria.com\/index.php?rest_route=\/wp\/v2\/types\/product"}],"wp:featuredmedia":[{"embeddable":true,"href":"https:\/\/lubeljoyeria.com\/index.php?rest_route=\/wp\/v2\/media\/23288"}],"wp:attachment":[{"href":"https:\/\/lubeljoyeria.com\/index.php?rest_route=%2Fwp%2Fv2%2Fmedia&parent=23287"}],"wp:term":[{"taxonomy":"product_brand","embeddable":true,"href":"https:\/\/lubeljoyeria.com\/index.php?rest_route=%2Fwp%2Fv2%2Fproduct_brand&post=23287"},{"taxonomy":"product_cat","embeddable":true,"href":"https:\/\/lubeljoyeria.com\/index.php?rest_route=%2Fwp%2Fv2%2Fproduct_cat&post=23287"},{"taxonomy":"product_tag","embeddable":true,"href":"https:\/\/lubeljoyeria.com\/index.php?rest_route=%2Fwp%2Fv2%2Fproduct_tag&post=23287"}],"curies":[{"name":"wp","href":"https:\/\/api.w.org\/{rel}","templated":true}]}}