{"id":23162,"date":"2022-08-17T17:47:10","date_gmt":"2022-08-17T17:47:10","guid":{"rendered":"https:\/\/lubeljoyeria.com\/?post_type=product&#038;p=23162"},"modified":"2026-03-09T16:46:08","modified_gmt":"2026-03-09T16:46:08","slug":"pulsera-manchega-perlas-11","status":"publish","type":"product","link":"https:\/\/lubeljoyeria.com\/?product=pulsera-manchega-perlas-11","title":{"rendered":"Pulsera Manchega, Perlas"},"content":{"rendered":"<p>Pulsera con nuestra ic\u00f3nica manchega, s\u00edmbolo de la ciudad de Albacete. Fabricada en Plata de Primera Ley, con un ba\u00f1o de oro,\u00a0 el refajo elaborado con esmalte en tonos rojos, verdes, azules y marrones, y perlas cultivadas, son la combinaci\u00f3n perfecta para darle un toque de color a nuestra feria.<\/p>\n<p>\u00a1Viva la Feria de Albacete!<\/p>\n","protected":false},"excerpt":{"rendered":"<p>Pulsera con nuestra ic\u00f3nica manchega, s\u00edmbolo de la ciudad de Albacete. Fabricada en Plata de Primera Ley, con un ba\u00f1o de oro,\u00a0 el refajo elaborado con esmalte en tonos rojos, verdes, azules y marrones, y perlas cultivadas, son la combinaci\u00f3n perfecta para darle un toque de color a nuestra feria.<\/p>\n<p>\u00a1Viva la Feria de Albacete!<\/p>\n","protected":false},"featured_media":23163,"template":"","meta":{"_joinchat":[]},"product_brand":[1438],"product_cat":[1463,1464,1480,1496,1471],"product_tag":[],"class_list":{"0":"post-23162","1":"product","2":"type-product","3":"status-publish","4":"has-post-thumbnail","6":"product_brand-joyeria-en-plata","7":"product_cat-inicio","8":"product_cat-principal","9":"product_cat-feria-de-albacete","10":"product_cat-manchega","11":"product_cat-manchegas","12":"sales-flash-overlay","13":"woocommerce-text-align-center","14":"woocommerce-image-align-center","15":"do-quantity-buttons","17":"first","18":"instock","19":"taxable","20":"shipping-taxable","21":"purchasable","22":"product-type-simple"},"yoast_head":"<!-- This site is optimized with the Yoast SEO Premium plugin v22.5 (Yoast SEO v26.5) - https:\/\/yoast.com\/wordpress\/plugins\/seo\/ -->\n<title>Pulsera Manchega, Perlas - Pulsera Manchega Perlas<\/title>\n<meta name=\"robots\" content=\"index, follow, max-snippet:-1, max-image-preview:large, max-video-preview:-1\" \/>\n<link rel=\"canonical\" href=\"https:\/\/lubeljoyeria.com\/?product=pulsera-manchega-perlas-11\" \/>\n<meta property=\"og:locale\" content=\"es_ES\" \/>\n<meta property=\"og:type\" content=\"article\" \/>\n<meta property=\"og:title\" content=\"Pulsera Manchega, Perlas\" \/>\n<meta property=\"og:description\" content=\"Pulsera con nuestra ic\u00f3nica manchega, s\u00edmbolo de la ciudad de Albacete. Fabricada en Plata de Primera Ley, con un ba\u00f1o de oro,\u00a0 el refajo elaborado con esmalte en tonos rojos, verdes, azules y marrones, y perlas cultivadas, son la combinaci\u00f3n perfecta para darle un toque de color a nuestra feria.  \u00a1Viva la Feria de Albacete!\" \/>\n<meta property=\"og:url\" content=\"https:\/\/lubeljoyeria.com\/?product=pulsera-manchega-perlas-11\" \/>\n<meta property=\"og:site_name\" content=\"Lubel joyeria. Joyeria en Plata . Distribuidor oficial de Swarovski. - Lubel\" \/>\n<meta property=\"article:modified_time\" content=\"2026-03-09T16:46:08+00:00\" \/>\n<meta property=\"og:image\" content=\"https:\/\/lubeljoyeria.com\/wp-content\/uploads\/2022\/08\/2405853-AO.jpg\" \/>\n\t<meta property=\"og:image:width\" content=\"2000\" \/>\n\t<meta property=\"og:image:height\" content=\"2000\" \/>\n\t<meta property=\"og:image:type\" content=\"image\/jpeg\" \/>\n<meta name=\"twitter:card\" content=\"summary_large_image\" \/>\n<meta name=\"twitter:label1\" content=\"Tiempo de lectura\" \/>\n\t<meta name=\"twitter:data1\" content=\"1 minuto\" \/>\n<script type=\"application\/ld+json\" class=\"yoast-schema-graph\">{\"@context\":\"https:\/\/schema.org\",\"@graph\":[{\"@type\":\"WebPage\",\"@id\":\"https:\/\/lubeljoyeria.com\/?product=pulsera-manchega-perlas-11\",\"url\":\"https:\/\/lubeljoyeria.com\/?product=pulsera-manchega-perlas-11\",\"name\":\"Pulsera Manchega, Perlas - Pulsera Manchega Perlas\",\"isPartOf\":{\"@id\":\"https:\/\/lubeljoyeria.com\/#website\"},\"primaryImageOfPage\":{\"@id\":\"https:\/\/lubeljoyeria.com\/?product=pulsera-manchega-perlas-11#primaryimage\"},\"image\":{\"@id\":\"https:\/\/lubeljoyeria.com\/?product=pulsera-manchega-perlas-11#primaryimage\"},\"thumbnailUrl\":\"https:\/\/lubeljoyeria.com\/wp-content\/uploads\/2022\/08\/2405853-AO.jpg\",\"datePublished\":\"2022-08-17T17:47:10+00:00\",\"dateModified\":\"2026-03-09T16:46:08+00:00\",\"breadcrumb\":{\"@id\":\"https:\/\/lubeljoyeria.com\/?product=pulsera-manchega-perlas-11#breadcrumb\"},\"inLanguage\":\"es\",\"potentialAction\":[{\"@type\":\"ReadAction\",\"target\":[\"https:\/\/lubeljoyeria.com\/?product=pulsera-manchega-perlas-11\"]}]},{\"@type\":\"ImageObject\",\"inLanguage\":\"es\",\"@id\":\"https:\/\/lubeljoyeria.com\/?product=pulsera-manchega-perlas-11#primaryimage\",\"url\":\"https:\/\/lubeljoyeria.com\/wp-content\/uploads\/2022\/08\/2405853-AO.jpg\",\"contentUrl\":\"https:\/\/lubeljoyeria.com\/wp-content\/uploads\/2022\/08\/2405853-AO.jpg\",\"width\":2000,\"height\":2000},{\"@type\":\"BreadcrumbList\",\"@id\":\"https:\/\/lubeljoyeria.com\/?product=pulsera-manchega-perlas-11#breadcrumb\",\"itemListElement\":[{\"@type\":\"ListItem\",\"position\":1,\"name\":\"Home\",\"item\":\"https:\/\/lubeljoyeria.com\/\"},{\"@type\":\"ListItem\",\"position\":2,\"name\":\"Tienda\",\"item\":\"https:\/\/lubeljoyeria.com\/?page_id=6\"},{\"@type\":\"ListItem\",\"position\":3,\"name\":\"Pulsera Manchega, Perlas\"}]},{\"@type\":\"WebSite\",\"@id\":\"https:\/\/lubeljoyeria.com\/#website\",\"url\":\"https:\/\/lubeljoyeria.com\/\",\"name\":\"Lubel joyeria. Joyeria en Plata . Distribuidor oficial de Swarovski. - Lubel\",\"description\":\"Lubel joyeria. Joyeria en Plata . Distribuidor oficial de Swarovski. - Lubel\",\"publisher\":{\"@id\":\"https:\/\/lubeljoyeria.com\/#organization\"},\"potentialAction\":[{\"@type\":\"SearchAction\",\"target\":{\"@type\":\"EntryPoint\",\"urlTemplate\":\"https:\/\/lubeljoyeria.com\/?s={search_term_string}\"},\"query-input\":{\"@type\":\"PropertyValueSpecification\",\"valueRequired\":true,\"valueName\":\"search_term_string\"}}],\"inLanguage\":\"es\"},{\"@type\":\"Organization\",\"@id\":\"https:\/\/lubeljoyeria.com\/#organization\",\"name\":\"Lubel joyeria. Joyeria en Plata . Distribuidor oficial de Swarovski. - Lubel\",\"url\":\"https:\/\/lubeljoyeria.com\/\",\"logo\":{\"@type\":\"ImageObject\",\"inLanguage\":\"es\",\"@id\":\"https:\/\/lubeljoyeria.com\/#\/schema\/logo\/image\/\",\"url\":\"https:\/\/lubeljoyeria.com\/wp-content\/uploads\/2020\/10\/lubel-joyeria-logo-1543825573-1.png\",\"contentUrl\":\"https:\/\/lubeljoyeria.com\/wp-content\/uploads\/2020\/10\/lubel-joyeria-logo-1543825573-1.png\",\"width\":135,\"height\":31,\"caption\":\"Lubel joyeria. Joyeria en Plata . Distribuidor oficial de Swarovski. - Lubel\"},\"image\":{\"@id\":\"https:\/\/lubeljoyeria.com\/#\/schema\/logo\/image\/\"}}]}<\/script>\n<!-- \/ Yoast SEO Premium plugin. -->","yoast_head_json":{"title":"Pulsera Manchega, Perlas - Pulsera Manchega Perlas","robots":{"index":"index","follow":"follow","max-snippet":"max-snippet:-1","max-image-preview":"max-image-preview:large","max-video-preview":"max-video-preview:-1"},"canonical":"https:\/\/lubeljoyeria.com\/?product=pulsera-manchega-perlas-11","og_locale":"es_ES","og_type":"article","og_title":"Pulsera Manchega, Perlas","og_description":"Pulsera con nuestra ic\u00f3nica manchega, s\u00edmbolo de la ciudad de Albacete. Fabricada en Plata de Primera Ley, con un ba\u00f1o de oro,\u00a0 el refajo elaborado con esmalte en tonos rojos, verdes, azules y marrones, y perlas cultivadas, son la combinaci\u00f3n perfecta para darle un toque de color a nuestra feria.  \u00a1Viva la Feria de Albacete!","og_url":"https:\/\/lubeljoyeria.com\/?product=pulsera-manchega-perlas-11","og_site_name":"Lubel joyeria. Joyeria en Plata . Distribuidor oficial de Swarovski. - Lubel","article_modified_time":"2026-03-09T16:46:08+00:00","og_image":[{"width":2000,"height":2000,"url":"https:\/\/lubeljoyeria.com\/wp-content\/uploads\/2022\/08\/2405853-AO.jpg","type":"image\/jpeg"}],"twitter_card":"summary_large_image","twitter_misc":{"Tiempo de lectura":"1 minuto"},"schema":{"@context":"https:\/\/schema.org","@graph":[{"@type":"WebPage","@id":"https:\/\/lubeljoyeria.com\/?product=pulsera-manchega-perlas-11","url":"https:\/\/lubeljoyeria.com\/?product=pulsera-manchega-perlas-11","name":"Pulsera Manchega, Perlas - Pulsera Manchega Perlas","isPartOf":{"@id":"https:\/\/lubeljoyeria.com\/#website"},"primaryImageOfPage":{"@id":"https:\/\/lubeljoyeria.com\/?product=pulsera-manchega-perlas-11#primaryimage"},"image":{"@id":"https:\/\/lubeljoyeria.com\/?product=pulsera-manchega-perlas-11#primaryimage"},"thumbnailUrl":"https:\/\/lubeljoyeria.com\/wp-content\/uploads\/2022\/08\/2405853-AO.jpg","datePublished":"2022-08-17T17:47:10+00:00","dateModified":"2026-03-09T16:46:08+00:00","breadcrumb":{"@id":"https:\/\/lubeljoyeria.com\/?product=pulsera-manchega-perlas-11#breadcrumb"},"inLanguage":"es","potentialAction":[{"@type":"ReadAction","target":["https:\/\/lubeljoyeria.com\/?product=pulsera-manchega-perlas-11"]}]},{"@type":"ImageObject","inLanguage":"es","@id":"https:\/\/lubeljoyeria.com\/?product=pulsera-manchega-perlas-11#primaryimage","url":"https:\/\/lubeljoyeria.com\/wp-content\/uploads\/2022\/08\/2405853-AO.jpg","contentUrl":"https:\/\/lubeljoyeria.com\/wp-content\/uploads\/2022\/08\/2405853-AO.jpg","width":2000,"height":2000},{"@type":"BreadcrumbList","@id":"https:\/\/lubeljoyeria.com\/?product=pulsera-manchega-perlas-11#breadcrumb","itemListElement":[{"@type":"ListItem","position":1,"name":"Home","item":"https:\/\/lubeljoyeria.com\/"},{"@type":"ListItem","position":2,"name":"Tienda","item":"https:\/\/lubeljoyeria.com\/?page_id=6"},{"@type":"ListItem","position":3,"name":"Pulsera Manchega, Perlas"}]},{"@type":"WebSite","@id":"https:\/\/lubeljoyeria.com\/#website","url":"https:\/\/lubeljoyeria.com\/","name":"Lubel joyeria. Joyeria en Plata . Distribuidor oficial de Swarovski. - Lubel","description":"Lubel joyeria. Joyeria en Plata . Distribuidor oficial de Swarovski. - Lubel","publisher":{"@id":"https:\/\/lubeljoyeria.com\/#organization"},"potentialAction":[{"@type":"SearchAction","target":{"@type":"EntryPoint","urlTemplate":"https:\/\/lubeljoyeria.com\/?s={search_term_string}"},"query-input":{"@type":"PropertyValueSpecification","valueRequired":true,"valueName":"search_term_string"}}],"inLanguage":"es"},{"@type":"Organization","@id":"https:\/\/lubeljoyeria.com\/#organization","name":"Lubel joyeria. Joyeria en Plata . Distribuidor oficial de Swarovski. - Lubel","url":"https:\/\/lubeljoyeria.com\/","logo":{"@type":"ImageObject","inLanguage":"es","@id":"https:\/\/lubeljoyeria.com\/#\/schema\/logo\/image\/","url":"https:\/\/lubeljoyeria.com\/wp-content\/uploads\/2020\/10\/lubel-joyeria-logo-1543825573-1.png","contentUrl":"https:\/\/lubeljoyeria.com\/wp-content\/uploads\/2020\/10\/lubel-joyeria-logo-1543825573-1.png","width":135,"height":31,"caption":"Lubel joyeria. Joyeria en Plata . Distribuidor oficial de Swarovski. - Lubel"},"image":{"@id":"https:\/\/lubeljoyeria.com\/#\/schema\/logo\/image\/"}}]}},"_links":{"self":[{"href":"https:\/\/lubeljoyeria.com\/index.php?rest_route=\/wp\/v2\/product\/23162","targetHints":{"allow":["GET"]}}],"collection":[{"href":"https:\/\/lubeljoyeria.com\/index.php?rest_route=\/wp\/v2\/product"}],"about":[{"href":"https:\/\/lubeljoyeria.com\/index.php?rest_route=\/wp\/v2\/types\/product"}],"wp:featuredmedia":[{"embeddable":true,"href":"https:\/\/lubeljoyeria.com\/index.php?rest_route=\/wp\/v2\/media\/23163"}],"wp:attachment":[{"href":"https:\/\/lubeljoyeria.com\/index.php?rest_route=%2Fwp%2Fv2%2Fmedia&parent=23162"}],"wp:term":[{"taxonomy":"product_brand","embeddable":true,"href":"https:\/\/lubeljoyeria.com\/index.php?rest_route=%2Fwp%2Fv2%2Fproduct_brand&post=23162"},{"taxonomy":"product_cat","embeddable":true,"href":"https:\/\/lubeljoyeria.com\/index.php?rest_route=%2Fwp%2Fv2%2Fproduct_cat&post=23162"},{"taxonomy":"product_tag","embeddable":true,"href":"https:\/\/lubeljoyeria.com\/index.php?rest_route=%2Fwp%2Fv2%2Fproduct_tag&post=23162"}],"curies":[{"name":"wp","href":"https:\/\/api.w.org\/{rel}","templated":true}]}}